{"id":6020,"date":"2023-02-01T13:55:01","date_gmt":"2023-02-01T13:55:01","guid":{"rendered":"https:\/\/moverdb.com\/?page_id=6020"},"modified":"2026-01-08T15:29:53","modified_gmt":"2026-01-08T15:29:53","slug":"tasinma-si%cc%87rketleri%cc%87-hirvati%cc%87stan","status":"publish","type":"page","link":"https:\/\/moverdb.com\/tr\/moving-companies\/moving-companies-croatia\/","title":{"rendered":"H\u0131rvatistan'daki En \u0130yi Uluslararas\u0131 Nakliye \u015eirketleri"},"content":{"rendered":"<p>E\u011fer evinizi veya i\u015f yerinizi ta\u015f\u0131yorsan\u0131z <a href=\"https:\/\/moverdb.com\/tr\/moving-to-croatia\/\" data-internallinksmanager029f6b8e52c=\"428\" title=\"H\u0131rvatistan&#039;a m\u0131 Ta\u015f\u0131n\u0131yorsunuz? 2026 Ya\u015fam Maliyetleri &amp; Yer De\u011fi\u015ftirme \u0130pu\u00e7lar\u0131\">H\u0131rvatistan<\/a>ya da H\u0131rvatistan'a veya H\u0131rvatistan'dan ta\u015f\u0131n\u0131yorsan\u0131z, ta\u015f\u0131nman\u0131zla ilgili yard\u0131m isteyebilirsiniz. Ta\u015f\u0131nanlara yard\u0131mc\u0131 olmak i\u00e7in H\u0131rvatistan'da bulunan <a href=\"https:\/\/moverdb.com\/tr\/international-removals\/\" data-internallinksmanager029f6b8e52c=\"27\" title=\"36 \u0130ngiltere&#039;deki En \u0130yi Uluslararas\u0131 Nakliye \u015eirketleri\">nakli\u0307ye \u015fi\u0307rketleri\u0307<\/a> \u00fcyeleri olan a\u015fa\u011f\u0131daki <a href=\"https:\/\/moverdb.com\/tr\/iam\/\" data-internallinksmanager029f6b8e52c=\"23\" title=\"Uluslararas\u0131 Ta\u015f\u0131mac\u0131lar Birli\u011fi (IAM) A\u00e7\u0131klamas\u0131\">Uluslararas\u0131 Ta\u015f\u0131mac\u0131lar Birli\u011fi<\/a> (IAM) ve\/veya <a href=\"https:\/\/moverdb.com\/tr\/fidi-faim\/\" data-internallinksmanager029f6b8e52c=\"16\" title=\"FIDI &amp; FAIM (FIDI Akredite Uluslararas\u0131 Ta\u015f\u0131mac\u0131) A\u00e7\u0131klamas\u0131\">FIDI<\/a> Akredite Uluslararas\u0131 Ta\u015f\u0131y\u0131c\u0131 (FAIM).<\/p>\n<h2><strong>Gosselin<\/strong><\/h2>\n<p><img loading=\"lazy\" decoding=\"async\" class=\"alignnone size-full wp-image-5953\" src=\"https:\/\/moverdb.com\/wp-content\/uploads\/Gosselin-Croatia-international-moving-company.png\" alt=\"Gosselin H\u0131rvatistan uluslararas\u0131 nakliye \u015firketi\" width=\"1440\" height=\"680\" data-wp-pid=\"5953\" srcset=\"https:\/\/moverdb.com\/wp-content\/uploads\/Gosselin-Croatia-international-moving-company.png 1440w, https:\/\/moverdb.com\/wp-content\/uploads\/Gosselin-Croatia-international-moving-company-300x142.png 300w, https:\/\/moverdb.com\/wp-content\/uploads\/Gosselin-Croatia-international-moving-company-1024x484.png 1024w, https:\/\/moverdb.com\/wp-content\/uploads\/Gosselin-Croatia-international-moving-company-18x9.png 18w, https:\/\/moverdb.com\/wp-content\/uploads\/Gosselin-Croatia-international-moving-company-600x283.png 600w\" sizes=\"auto, (max-width: 1440px) 100vw, 1440px\" \/><\/p>\n<ul>\n<li>Ulusal hamleler<\/li>\n<li>Uluslararas\u0131 ta\u015f\u0131nmalar<\/li>\n<li>Ev ta\u015f\u0131ma<\/li>\n<li>Ofis ve el\u00e7ilik ta\u015f\u0131nmalar\u0131<\/li>\n<li>E\u011fitimli nakliyeciler y\u00fcksek kalite standartlar\u0131 sa\u011flar<\/li>\n<li>Paketleme ve ambalaj a\u00e7ma hizmeti<\/li>\n<li>G\u00fczel sanatlar hareketli<\/li>\n<li>Evcil hayvan ta\u015f\u0131mac\u0131l\u0131\u011f\u0131<\/li>\n<li>Ara\u00e7 sevkiyat\u0131<\/li>\n<li>K\u0131sa ila uzun s\u00fcreli depolama<\/li>\n<\/ul>\n<p>Gosselin bir <a href=\"https:\/\/moverdb.com\/tr\/moving-companies\/\" data-internallinksmanager029f6b8e52c=\"79\" title=\"\u00c7evrimi\u00e7i En \u0130yi 25 Uluslararas\u0131 Nakliye \u015eirketi\">uluslararas\u0131 ta\u015f\u0131ma \u015firketi<\/a> d\u00fcnyan\u0131n d\u00f6rt bir yan\u0131nda ofisleri bulunan ve 1930'dan beri faaliyet g\u00f6steren bir \u015firkettir. Zagreb'deki \u00fcslerinden 20 y\u0131l\u0131 a\u015fk\u0131n s\u00fcredir H\u0131rvatistan'da ta\u015f\u0131ma hizmetleri sunmaktad\u0131rlar. IAM \u00fcyesidir ve 9 y\u0131ld\u0131r hizmet vermektedir.<\/p>\n<p>Gosselin, daha dikkatli kullan\u0131m gerektiren g\u00fczel sanatlar ile evcil hayvan ve ara\u00e7 ta\u015f\u0131mac\u0131l\u0131\u011f\u0131 gibi daha uzman hizmetleri de i\u00e7erebilen son derece b\u00fcy\u00fck veya k\u00fc\u00e7\u00fck ta\u015f\u0131nmalar i\u00e7in profesyonel bir ta\u015f\u0131ma hizmeti sunmaktad\u0131r. E\u015fyalar\u0131n\u0131z\u0131 ta\u015f\u0131ma s\u0131ras\u0131nda korumak i\u00e7in y\u00fcksek kalite standartlar\u0131nda \u00e7al\u0131\u015fan e\u011fitimli personel sa\u011flarlar ve var\u0131\u015fta e\u015fyalar\u0131n\u0131z\u0131 a\u00e7arlar.<\/p>\n<p>Web sitesi: <a href=\"https:\/\/gosselin-moving.com\/en\/southeast-europe\" target=\"_blank\" rel=\"noopener\">https:\/\/gosselin-moving.com\/en\/southeast-europe<\/a><\/p>\n<h2>H\u0131rvatistan \u0130\u00e7in Di\u011fer Faydal\u0131 K\u0131lavuzlar<\/h2>\n<ul>\n<li> <a href=\"https:\/\/moverdb.com\/tr\/konteyner-tasimaciligi\/hirvatistan\/\">2024 H\u0131rvatistan'a ve H\u0131rvatistan'dan Deniz Ta\u015f\u0131mac\u0131l\u0131\u011f\u0131 Konteyner Nakliye Fiyatlar\u0131<\/a><\/li>\n<li> <a href=\"https:\/\/moverdb.com\/tr\/moving-to-croatia\/\">H\u0131rvatistan'a m\u0131 Ta\u015f\u0131n\u0131yorsunuz? 2026 Ya\u015fam Maliyetleri &amp; Yer De\u011fi\u015ftirme \u0130pu\u00e7lar\u0131<\/a><\/li>\n<li> <a href=\"https:\/\/moverdb.com\/tr\/moving-to-croatia\/living-in-croatia\/\">Ta\u015f\u0131nmadan \u00d6nce H\u0131rvatistan'da Ya\u015famak Hakk\u0131nda Bilmeniz Gereken 21 S\u0131r<\/a><\/li>\n<\/ul>","protected":false},"excerpt":{"rendered":"<p>If you are moving home or business in Croatia, or to or from Croatia, you might want some help with your move. To assist those that are moving we have compiled a list of Croatian removal companies below that are members of the International Association of Movers (IAM) and\/or FIDI Accredited International Mover (FAIM). Gosselin [&hellip;]<\/p>\n","protected":false},"author":4,"featured_media":0,"parent":190,"menu_order":0,"comment_status":"closed","ping_status":"closed","template":"","meta":{"_genesis_hide_title":false,"_genesis_hide_breadcrumbs":false,"_genesis_hide_singular_image":false,"_genesis_hide_footer_widgets":false,"_genesis_custom_body_class":"","_genesis_custom_post_class":"","_genesis_layout":"","footnotes":""},"class_list":{"0":"post-6020","1":"page","2":"type-page","3":"status-publish","5":"entry","6":"has-post-thumbnail"},"_links":{"self":[{"href":"https:\/\/moverdb.com\/tr\/wp-json\/wp\/v2\/pages\/6020","targetHints":{"allow":["GET"]}}],"collection":[{"href":"https:\/\/moverdb.com\/tr\/wp-json\/wp\/v2\/pages"}],"about":[{"href":"https:\/\/moverdb.com\/tr\/wp-json\/wp\/v2\/types\/page"}],"author":[{"embeddable":true,"href":"https:\/\/moverdb.com\/tr\/wp-json\/wp\/v2\/users\/4"}],"replies":[{"embeddable":true,"href":"https:\/\/moverdb.com\/tr\/wp-json\/wp\/v2\/comments?post=6020"}],"version-history":[{"count":2,"href":"https:\/\/moverdb.com\/tr\/wp-json\/wp\/v2\/pages\/6020\/revisions"}],"predecessor-version":[{"id":18351,"href":"https:\/\/moverdb.com\/tr\/wp-json\/wp\/v2\/pages\/6020\/revisions\/18351"}],"up":[{"embeddable":true,"href":"https:\/\/moverdb.com\/tr\/wp-json\/wp\/v2\/pages\/190"}],"wp:attachment":[{"href":"https:\/\/moverdb.com\/tr\/wp-json\/wp\/v2\/media?parent=6020"}],"curies":[{"name":"wp","href":"https:\/\/api.w.org\/{rel}","templated":true}]}}