{"id":5520,"date":"2023-02-01T13:56:46","date_gmt":"2023-02-01T13:56:46","guid":{"rendered":"https:\/\/moverdb.com\/?page_id=5520"},"modified":"2026-01-08T15:29:45","modified_gmt":"2026-01-08T15:29:45","slug":"karayi%cc%87p-hollanda-tasinma-si%cc%87rketleri%cc%87","status":"publish","type":"page","link":"https:\/\/moverdb.com\/tr\/moving-companies\/caribbean-netherlands-moving-companies\/","title":{"rendered":"Karayipler Hollanda'daki En \u0130yi Uluslararas\u0131 Ta\u015f\u0131mac\u0131lar"},"content":{"rendered":"<p>Karayipler'e ta\u015f\u0131nmay\u0131 d\u00fc\u015f\u00fcn\u00fcyorsan\u0131z <a href=\"https:\/\/moverdb.com\/tr\/moving-to-the-netherlands\/\" data-internallinksmanager029f6b8e52c=\"328\" title=\"Hollanda&#039;ya m\u0131 ta\u015f\u0131n\u0131yorsunuz? 2026 Ya\u015fam Maliyetleri ve Yer De\u011fi\u015ftirme \u0130pu\u00e7lar\u0131\">Hollanda<\/a>veya Karayip Hollanda's\u0131na veya Karayip Hollanda's\u0131ndan destek almak isteyebilirsiniz. <a href=\"https:\/\/moverdb.com\/tr\/moving-companies\/\" data-internallinksmanager029f6b8e52c=\"79\" title=\"\u00c7evrimi\u00e7i En \u0130yi 25 Uluslararas\u0131 Nakliye \u015eirketi\">ta\u015finma \u015fi\u0307rketi\u0307<\/a> ta\u015f\u0131nma bask\u0131s\u0131n\u0131 azaltmak i\u00e7in. A\u015fa\u011f\u0131da Karayip Hollanda's\u0131n\u0131n bir listesini derledik <a href=\"https:\/\/moverdb.com\/tr\/international-removals\/\" data-internallinksmanager029f6b8e52c=\"27\" title=\"36 \u0130ngiltere&#039;deki En \u0130yi Uluslararas\u0131 Nakliye \u015eirketleri\">nakli\u0307ye \u015fi\u0307rketleri\u0307<\/a> \u00fcyesi olan <a href=\"https:\/\/moverdb.com\/tr\/iam\/\" data-internallinksmanager029f6b8e52c=\"23\" title=\"Uluslararas\u0131 Ta\u015f\u0131mac\u0131lar Birli\u011fi (IAM) A\u00e7\u0131klamas\u0131\">Uluslararas\u0131 Ta\u015f\u0131mac\u0131lar Birli\u011fi<\/a> (IAM) ve\/veya <a href=\"https:\/\/moverdb.com\/tr\/fidi-faim\/\" data-internallinksmanager029f6b8e52c=\"16\" title=\"FIDI &amp; FAIM (FIDI Akredite Uluslararas\u0131 Ta\u015f\u0131mac\u0131) A\u00e7\u0131klamas\u0131\">FIDI<\/a> Size yard\u0131mc\u0131 olabilecek Akredite Uluslararas\u0131 Ta\u015f\u0131mac\u0131 (FAIM).<\/p>\n<h2><strong>Meyer Ta\u015f\u0131mac\u0131l\u0131k<\/strong><\/h2>\n<p><img loading=\"lazy\" decoding=\"async\" class=\"alignnone size-full wp-image-5459\" src=\"https:\/\/moverdb.com\/wp-content\/uploads\/Meyer-Moving-international-moving-company.png\" alt=\"Meyer Moving uluslararas\u0131 ta\u015f\u0131ma \u015firketi\" width=\"1440\" height=\"682\" data-wp-pid=\"5459\" srcset=\"https:\/\/moverdb.com\/wp-content\/uploads\/Meyer-Moving-international-moving-company.png 1440w, https:\/\/moverdb.com\/wp-content\/uploads\/Meyer-Moving-international-moving-company-300x142.png 300w, https:\/\/moverdb.com\/wp-content\/uploads\/Meyer-Moving-international-moving-company-1024x485.png 1024w, https:\/\/moverdb.com\/wp-content\/uploads\/Meyer-Moving-international-moving-company-18x9.png 18w, https:\/\/moverdb.com\/wp-content\/uploads\/Meyer-Moving-international-moving-company-600x284.png 600w\" sizes=\"auto, (max-width: 1440px) 100vw, 1440px\" \/><\/p>\n<ul>\n<li>Yerel hamleler<\/li>\n<li>Uluslararas\u0131 ta\u015f\u0131nmalar<\/li>\n<li>Konut Ta\u015f\u0131malar\u0131<\/li>\n<li>\u015eirket hareketleri<\/li>\n<li>Kap\u0131dan kap\u0131ya hizmet<\/li>\n<li>Paketleme ve ambalaj a\u00e7ma hizmetleri<\/li>\n<li>Kara, deniz ve hava ta\u015f\u0131mac\u0131l\u0131\u011f\u0131<\/li>\n<li>Ta\u015f\u0131nma sonras\u0131 destek<\/li>\n<li>Ara\u00e7 transferi<\/li>\n<li>Depolama tesisleri<\/li>\n<\/ul>\n<p>Meyer Moving, 1959 y\u0131l\u0131nda kurulmu\u015f, konut ve \u015firket m\u00fc\u015fterileri i\u00e7in yerel ve uluslararas\u0131 ta\u015f\u0131nmalarda uzmanla\u015fm\u0131\u015f bir ta\u015f\u0131ma \u015firketidir. Karayipler'de 7 \u015fubesi ve uluslararas\u0131 ta\u015f\u0131malar i\u00e7in ba\u011fl\u0131 \u015firketler ve ortak acentelerden olu\u015fan k\u00fcresel bir a\u011f\u0131 vard\u0131r. \u015eirket 63 y\u0131ll\u0131k hizmetiyle IAM \u00fcyesidir ve FIDI taraf\u0131ndan akredite edilmi\u015ftir.<\/p>\n<p>Meyer Moving, ta\u015f\u0131nma konusunda tavsiyelerde bulunmay\u0131 ve kap\u0131dan kap\u0131ya ta\u015f\u0131nman\u0131zda size yard\u0131mc\u0131 olmay\u0131 i\u00e7eren yer de\u011fi\u015ftirme, ta\u015f\u0131nma ve depolama hizmetleri sunar. E\u015fyalar\u0131n\u0131z\u0131 g\u00fcvenli bir \u015fekilde paketleyecek, kara, deniz veya hava yoluyla nakliyeyi, ambalaj a\u00e7ma hizmetini ve gerekirse depolama olanaklar\u0131n\u0131 ayarlayacaklard\u0131r.<\/p>\n<p>Web sitesi: <a href=\"http:\/\/www.meyermoving.com\/\" target=\"_blank\" rel=\"noopener\">http:\/\/www.meyermoving.com\/<\/a><\/p>","protected":false},"excerpt":{"rendered":"<p>If you are thinking of moving within the Caribbean Netherlands, or to or from the Caribbean Netherlands you may want support from a moving company to reduce the pressure of moving. Below we have compiled a list of Caribbean Netherlands removal companies that are members of the International Association of Movers (IAM) and\/or FIDI Accredited [&hellip;]<\/p>\n","protected":false},"author":4,"featured_media":0,"parent":190,"menu_order":0,"comment_status":"closed","ping_status":"closed","template":"","meta":{"_genesis_hide_title":false,"_genesis_hide_breadcrumbs":false,"_genesis_hide_singular_image":false,"_genesis_hide_footer_widgets":false,"_genesis_custom_body_class":"","_genesis_custom_post_class":"","_genesis_layout":"","footnotes":""},"class_list":{"0":"post-5520","1":"page","2":"type-page","3":"status-publish","5":"entry","6":"has-post-thumbnail"},"_links":{"self":[{"href":"https:\/\/moverdb.com\/tr\/wp-json\/wp\/v2\/pages\/5520","targetHints":{"allow":["GET"]}}],"collection":[{"href":"https:\/\/moverdb.com\/tr\/wp-json\/wp\/v2\/pages"}],"about":[{"href":"https:\/\/moverdb.com\/tr\/wp-json\/wp\/v2\/types\/page"}],"author":[{"embeddable":true,"href":"https:\/\/moverdb.com\/tr\/wp-json\/wp\/v2\/users\/4"}],"replies":[{"embeddable":true,"href":"https:\/\/moverdb.com\/tr\/wp-json\/wp\/v2\/comments?post=5520"}],"version-history":[{"count":4,"href":"https:\/\/moverdb.com\/tr\/wp-json\/wp\/v2\/pages\/5520\/revisions"}],"predecessor-version":[{"id":7597,"href":"https:\/\/moverdb.com\/tr\/wp-json\/wp\/v2\/pages\/5520\/revisions\/7597"}],"up":[{"embeddable":true,"href":"https:\/\/moverdb.com\/tr\/wp-json\/wp\/v2\/pages\/190"}],"wp:attachment":[{"href":"https:\/\/moverdb.com\/tr\/wp-json\/wp\/v2\/media?parent=5520"}],"curies":[{"name":"wp","href":"https:\/\/api.w.org\/{rel}","templated":true}]}}