{"id":5518,"date":"2023-02-01T13:53:00","date_gmt":"2023-02-01T13:53:00","guid":{"rendered":"https:\/\/moverdb.com\/?page_id=5518"},"modified":"2026-01-08T15:29:50","modified_gmt":"2026-01-08T15:29:50","slug":"burkina-faso-tasimacilik-si%cc%87rketleri%cc%87","status":"publish","type":"page","link":"https:\/\/moverdb.com\/tr\/moving-companies\/burkina-faso-moving-companies\/","title":{"rendered":"Burkina Faso'daki En \u0130yi Uluslararas\u0131 Nakliye \u015eirketleri"},"content":{"rendered":"<p>Burkina Faso'da bir ta\u015f\u0131nma planl\u0131yorsan\u0131z veya Burkina Faso'ya ya da Burkina Faso'dan ta\u015f\u0131n\u0131yorsan\u0131z, bir ta\u015f\u0131ma \u015firketinin yard\u0131m\u0131n\u0131 almak size yard\u0131mc\u0131 olabilir. Bir nakliye \u015firketi, \u00f6zellikle \u00fclke de\u011fi\u015ftiriyorsan\u0131z, fiziksel ve zihinsel olarak y\u00fck\u00fcn\u00fcz\u00fc hafifletebilir. A\u015fa\u011f\u0131da Burkina Faso'nun bir listesini derledik <a href=\"https:\/\/moverdb.com\/tr\/moving-companies\/\" data-internallinksmanager029f6b8e52c=\"79\" title=\"\u00c7evrimi\u00e7i En \u0130yi 25 Uluslararas\u0131 Nakliye \u015eirketi\">ta\u015finma \u015fi\u0307rketleri\u0307<\/a> \u00fcyesi olan <a href=\"https:\/\/moverdb.com\/tr\/iam\/\" data-internallinksmanager029f6b8e52c=\"23\" title=\"Uluslararas\u0131 Ta\u015f\u0131mac\u0131lar Birli\u011fi (IAM) A\u00e7\u0131klamas\u0131\">Uluslararas\u0131 Ta\u015f\u0131mac\u0131lar Birli\u011fi<\/a> (IAM) size yard\u0131mc\u0131 olabilir.<\/p>\n<p><strong>Birinci Hareket<\/strong><\/p>\n<p><img loading=\"lazy\" decoding=\"async\" class=\"alignnone size-full wp-image-5461\" src=\"https:\/\/moverdb.com\/wp-content\/uploads\/Move-One-international-moving-company.png\" alt=\"Move One uluslararas\u0131 ta\u015f\u0131ma \u015firketi\" width=\"1440\" height=\"680\" data-wp-pid=\"5461\" srcset=\"https:\/\/moverdb.com\/wp-content\/uploads\/Move-One-international-moving-company.png 1440w, https:\/\/moverdb.com\/wp-content\/uploads\/Move-One-international-moving-company-300x142.png 300w, https:\/\/moverdb.com\/wp-content\/uploads\/Move-One-international-moving-company-1024x484.png 1024w, https:\/\/moverdb.com\/wp-content\/uploads\/Move-One-international-moving-company-18x9.png 18w, https:\/\/moverdb.com\/wp-content\/uploads\/Move-One-international-moving-company-600x283.png 600w\" sizes=\"auto, (max-width: 1440px) 100vw, 1440px\" \/><\/p>\n<ul>\n<li>Uluslararas\u0131 ta\u015f\u0131nmalar<\/li>\n<li>Yer De\u011fi\u015ftirmeler<\/li>\n<li>Konut Ta\u015f\u0131malar\u0131<\/li>\n<li>Ofis ta\u015f\u0131nmalar\u0131<\/li>\n<li>G\u00f6\u00e7menlik deste\u011fi<\/li>\n<li>E\u011fitimli ve profesyonel personel<\/li>\n<li>Evcil hayvanlar\u0131n ta\u015f\u0131nmas\u0131<\/li>\n<li>Ev ve okul bulma konusunda yard\u0131m<\/li>\n<li>Yerle\u015ftirme hizmetleri<\/li>\n<li>Depolama tesisleri<\/li>\n<\/ul>\n<p>Move One, 1992 y\u0131l\u0131nda kurulan ve Oagadougou'da bir \u015fubesi bulunan, lojistik, ta\u015f\u0131ma ve k\u00fcresel mobilite \u00e7\u00f6z\u00fcmleri sunan bir ta\u015f\u0131ma \u015firketidir. Avrupa, Afrika, Orta Do\u011fu, Balkanlar ve BDT'de pazar lideri olduklar\u0131n\u0131 iddia etmektedirler. \u015eirket, 23 y\u0131ll\u0131k hizmetiyle IAM \u00fcyesidir. Uluslararas\u0131 ta\u015f\u0131nmalar sa\u011flamak i\u00e7in uluslararas\u0131 ta\u015f\u0131ma \u015firketleri a\u011f\u0131n\u0131n bir par\u00e7as\u0131d\u0131rlar.<\/p>\n<p>Move One, ta\u015f\u0131nman\u0131z\u0131 destekleyecek ve b\u00fcrokraside gezinmek i\u00e7in g\u00f6\u00e7menlik deste\u011fi verebilecek e\u011fitimli personelden profesyonel destek i\u00e7eren ta\u015f\u0131nma, ta\u015f\u0131nma hizmetleri ve yer de\u011fi\u015ftirme hizmetleri sunmaktad\u0131r. Evcil hayvanlar\u0131n ta\u015f\u0131nmas\u0131, ev ve okul bulma konular\u0131nda yard\u0131mc\u0131 olabilirler.<\/p>\n<p>Web sitesi: <a href=\"https:\/\/www.moveoneinc.com\/\" target=\"_blank\" rel=\"noopener\">https:\/\/www.moveoneinc.com\/<\/a><\/p>","protected":false},"excerpt":{"rendered":"<p>If you are planning a move in Burkina Faso, or moving to or from Burkina Faso then enlisting the assistance of a moving company can help. A moving company can lighten the load physical and mentally especially if you are moving countries. Below we have compiled a list of Burkina Faso moving companies that are [&hellip;]<\/p>\n","protected":false},"author":4,"featured_media":0,"parent":190,"menu_order":0,"comment_status":"closed","ping_status":"closed","template":"","meta":{"_genesis_hide_title":false,"_genesis_hide_breadcrumbs":false,"_genesis_hide_singular_image":false,"_genesis_hide_footer_widgets":false,"_genesis_custom_body_class":"","_genesis_custom_post_class":"","_genesis_layout":"","footnotes":""},"class_list":{"0":"post-5518","1":"page","2":"type-page","3":"status-publish","5":"entry"},"_links":{"self":[{"href":"https:\/\/moverdb.com\/tr\/wp-json\/wp\/v2\/pages\/5518","targetHints":{"allow":["GET"]}}],"collection":[{"href":"https:\/\/moverdb.com\/tr\/wp-json\/wp\/v2\/pages"}],"about":[{"href":"https:\/\/moverdb.com\/tr\/wp-json\/wp\/v2\/types\/page"}],"author":[{"embeddable":true,"href":"https:\/\/moverdb.com\/tr\/wp-json\/wp\/v2\/users\/4"}],"replies":[{"embeddable":true,"href":"https:\/\/moverdb.com\/tr\/wp-json\/wp\/v2\/comments?post=5518"}],"version-history":[{"count":1,"href":"https:\/\/moverdb.com\/tr\/wp-json\/wp\/v2\/pages\/5518\/revisions"}],"predecessor-version":[{"id":5519,"href":"https:\/\/moverdb.com\/tr\/wp-json\/wp\/v2\/pages\/5518\/revisions\/5519"}],"up":[{"embeddable":true,"href":"https:\/\/moverdb.com\/tr\/wp-json\/wp\/v2\/pages\/190"}],"wp:attachment":[{"href":"https:\/\/moverdb.com\/tr\/wp-json\/wp\/v2\/media?parent=5518"}],"curies":[{"name":"wp","href":"https:\/\/api.w.org\/{rel}","templated":true}]}}