{"id":5515,"date":"2023-02-01T13:53:52","date_gmt":"2023-02-01T13:53:52","guid":{"rendered":"https:\/\/moverdb.com\/?page_id=5515"},"modified":"2026-01-08T15:29:52","modified_gmt":"2026-01-08T15:29:52","slug":"kamerun-tasimacilik-si%cc%87rketleri%cc%87","status":"publish","type":"page","link":"https:\/\/moverdb.com\/tr\/moving-companies\/cameroon-moving-companies\/","title":{"rendered":"Kamerun'daki En \u0130yi Uluslararas\u0131 Nakliye \u015eirketleri"},"content":{"rendered":"<p>Evinizi veya i\u015f yerinizi mi ta\u015f\u0131yorsunuz? O zaman, \u00f6zellikle ba\u015fka bir \u00fclkeye ta\u015f\u0131n\u0131yorsan\u0131z, ta\u015f\u0131nmay\u0131 kolayla\u015ft\u0131rmak i\u00e7in yard\u0131m isteyebilirsiniz, bu nedenle sayg\u0131n bir <a href=\"https:\/\/moverdb.com\/tr\/moving-companies\/\" data-internallinksmanager029f6b8e52c=\"79\" title=\"\u00c7evrimi\u00e7i En \u0130yi 25 Uluslararas\u0131 Nakliye \u015eirketi\">ta\u015finma \u015fi\u0307rketi\u0307<\/a> yard\u0131mc\u0131 olabilir. A\u015fa\u011f\u0131da Kamerun'un bir listesini derledik <a href=\"https:\/\/moverdb.com\/tr\/international-removals\/\" data-internallinksmanager029f6b8e52c=\"27\" title=\"36 \u0130ngiltere&#039;deki En \u0130yi Uluslararas\u0131 Nakliye \u015eirketleri\">nakli\u0307ye \u015fi\u0307rketleri\u0307<\/a> \u00fcyesi olan <a href=\"https:\/\/moverdb.com\/tr\/iam\/\" data-internallinksmanager029f6b8e52c=\"23\" title=\"Uluslararas\u0131 Ta\u015f\u0131mac\u0131lar Birli\u011fi (IAM) A\u00e7\u0131klamas\u0131\">Uluslararas\u0131 Ta\u015f\u0131mac\u0131lar Birli\u011fi<\/a> (IAM) size yard\u0131mc\u0131 olabilir.<\/p>\n<h2><strong>Birinci Hareket<\/strong><\/h2>\n<p><img loading=\"lazy\" decoding=\"async\" class=\"alignnone size-full wp-image-5461\" src=\"https:\/\/moverdb.com\/wp-content\/uploads\/Move-One-international-moving-company.png\" alt=\"Move One uluslararas\u0131 ta\u015f\u0131ma \u015firketi\" width=\"1440\" height=\"680\" data-wp-pid=\"5461\" srcset=\"https:\/\/moverdb.com\/wp-content\/uploads\/Move-One-international-moving-company.png 1440w, https:\/\/moverdb.com\/wp-content\/uploads\/Move-One-international-moving-company-300x142.png 300w, https:\/\/moverdb.com\/wp-content\/uploads\/Move-One-international-moving-company-1024x484.png 1024w, https:\/\/moverdb.com\/wp-content\/uploads\/Move-One-international-moving-company-18x9.png 18w, https:\/\/moverdb.com\/wp-content\/uploads\/Move-One-international-moving-company-600x283.png 600w\" sizes=\"auto, (max-width: 1440px) 100vw, 1440px\" \/><\/p>\n<ul>\n<li>Uluslararas\u0131 Ta\u015f\u0131malar<\/li>\n<li>Yer De\u011fi\u015ftirmeler<\/li>\n<li>Ev ta\u015f\u0131ma<\/li>\n<li>Ofis Ta\u015f\u0131malar\u0131<\/li>\n<li>Size destek olacak profesyonel personel<\/li>\n<li>G\u00f6\u00e7menlik yard\u0131m\u0131<\/li>\n<li>Evcil hayvan ta\u015f\u0131mac\u0131l\u0131\u011f\u0131<\/li>\n<li>Yerle\u015fmek i\u00e7in yard\u0131m<\/li>\n<li>Ev ve okul aramalar\u0131<\/li>\n<li>Depolama \u00e7\u00f6z\u00fcmleri<\/li>\n<\/ul>\n<p>Move One, Kamerun da dahil olmak \u00fczere Avrupa, Afrika ve Orta Do\u011fu'da \u015fubeleri bulunan uluslararas\u0131 bir ta\u015f\u0131ma \u015firketidir. 1992'den beri lojistik, ta\u015f\u0131ma ve k\u00fcresel mobilite \u00e7\u00f6z\u00fcmleri sunmaktad\u0131rlar. Ayr\u0131ca m\u00fc\u015fterilerine uluslararas\u0131 alanda yard\u0131mc\u0131 olmak i\u00e7in uluslararas\u0131 bir ta\u015f\u0131ma \u015firketleri a\u011f\u0131na sahiptirler. Kamerun \u015fubesi 6 y\u0131ll\u0131k hizmetiyle IAM \u00fcyesidir.<\/p>\n<p>Move One, ta\u015f\u0131nman\u0131z\u0131 veya yer de\u011fi\u015ftirmenizi desteklemek i\u00e7in y\u00fcksek e\u011fitimli personeliyle profesyonel bir hizmet sunmaktad\u0131r. Evcil hayvanlar\u0131n\u0131z\u0131n ta\u015f\u0131nmas\u0131 gibi lojistik ve g\u00f6\u00e7menlik deste\u011finin organize edilmesi de dahil olmak \u00fczere ta\u015f\u0131nman\u0131z\u0131n t\u00fcm y\u00f6nlerini destekleyeceklerdir. Ta\u015f\u0131nma hizmetleri ayn\u0131 zamanda yerle\u015fme, ev ve okul bulma deste\u011fini de i\u00e7erir.<\/p>\n<p>Web sitesi: <a href=\"https:\/\/www.moveoneinc.com\/\" target=\"_blank\" rel=\"noopener\">https:\/\/www.moveoneinc.com\/<\/a><\/p>","protected":false},"excerpt":{"rendered":"<p>Are you moving home or your business? Then you may want help in making the move easier especially if you are relocating to another country, so a reputable moving company could help. Below we have compiled a list of Cameroon removal companies that are members of the International Association of Movers (IAM) that could help [&hellip;]<\/p>\n","protected":false},"author":4,"featured_media":0,"parent":190,"menu_order":0,"comment_status":"closed","ping_status":"closed","template":"","meta":{"_genesis_hide_title":false,"_genesis_hide_breadcrumbs":false,"_genesis_hide_singular_image":false,"_genesis_hide_footer_widgets":false,"_genesis_custom_body_class":"","_genesis_custom_post_class":"","_genesis_layout":"","footnotes":""},"class_list":{"0":"post-5515","1":"page","2":"type-page","3":"status-publish","5":"entry","6":"has-post-thumbnail"},"_links":{"self":[{"href":"https:\/\/moverdb.com\/tr\/wp-json\/wp\/v2\/pages\/5515","targetHints":{"allow":["GET"]}}],"collection":[{"href":"https:\/\/moverdb.com\/tr\/wp-json\/wp\/v2\/pages"}],"about":[{"href":"https:\/\/moverdb.com\/tr\/wp-json\/wp\/v2\/types\/page"}],"author":[{"embeddable":true,"href":"https:\/\/moverdb.com\/tr\/wp-json\/wp\/v2\/users\/4"}],"replies":[{"embeddable":true,"href":"https:\/\/moverdb.com\/tr\/wp-json\/wp\/v2\/comments?post=5515"}],"version-history":[{"count":2,"href":"https:\/\/moverdb.com\/tr\/wp-json\/wp\/v2\/pages\/5515\/revisions"}],"predecessor-version":[{"id":5517,"href":"https:\/\/moverdb.com\/tr\/wp-json\/wp\/v2\/pages\/5515\/revisions\/5517"}],"up":[{"embeddable":true,"href":"https:\/\/moverdb.com\/tr\/wp-json\/wp\/v2\/pages\/190"}],"wp:attachment":[{"href":"https:\/\/moverdb.com\/tr\/wp-json\/wp\/v2\/media?parent=5515"}],"curies":[{"name":"wp","href":"https:\/\/api.w.org\/{rel}","templated":true}]}}