{"id":5512,"date":"2023-02-01T13:54:26","date_gmt":"2023-02-01T13:54:26","guid":{"rendered":"https:\/\/moverdb.com\/?page_id=5512"},"modified":"2026-01-08T15:29:51","modified_gmt":"2026-01-08T15:29:51","slug":"burundi-tasimacilik-si%cc%87rketleri%cc%87","status":"publish","type":"page","link":"https:\/\/moverdb.com\/tr\/moving-companies\/burundi-moving-companies\/","title":{"rendered":"Burundi'deki En \u0130yi Uluslararas\u0131 Nakliye \u015eirketleri"},"content":{"rendered":"<p>Burundi'deki evinizi veya i\u015f yerinizi ta\u015f\u0131mak, Burundi'ye veya Burundi'den ta\u015f\u0131nmak istiyorsan\u0131z, bir <a href=\"https:\/\/moverdb.com\/tr\/moving-companies\/\" data-internallinksmanager029f6b8e52c=\"79\" title=\"\u00c7evrimi\u00e7i En \u0130yi 25 Uluslararas\u0131 Nakliye \u015eirketi\">ta\u015finma \u015fi\u0307rketi\u0307<\/a> sizin i\u00e7in ta\u015f\u0131nmay\u0131 kolayla\u015ft\u0131rabilir. A\u015fa\u011f\u0131da Burundi'nin bir listesini derledik <a href=\"https:\/\/moverdb.com\/tr\/international-removals\/\" data-internallinksmanager029f6b8e52c=\"27\" title=\"36 \u0130ngiltere&#039;deki En \u0130yi Uluslararas\u0131 Nakliye \u015eirketleri\">nakli\u0307ye \u015fi\u0307rketleri\u0307<\/a> \u00fcyesi olan <a href=\"https:\/\/moverdb.com\/tr\/iam\/\" data-internallinksmanager029f6b8e52c=\"23\" title=\"Uluslararas\u0131 Ta\u015f\u0131mac\u0131lar Birli\u011fi (IAM) A\u00e7\u0131klamas\u0131\">Uluslararas\u0131 Ta\u015f\u0131mac\u0131lar Birli\u011fi<\/a> (IAM) size yard\u0131mc\u0131 olabilir.<\/p>\n<h2><strong>B\u00fcy\u00fck G\u00f6ller Lojistik<\/strong><\/h2>\n<p><img loading=\"lazy\" decoding=\"async\" class=\"alignnone size-full wp-image-5444\" src=\"https:\/\/moverdb.com\/wp-content\/uploads\/Great-Lakes-Logistics-international-moving-company.png\" alt=\"Great Lakes Logistics uluslararas\u0131 nakliye \u015firketi\" width=\"1440\" height=\"679\" data-wp-pid=\"5444\" srcset=\"https:\/\/moverdb.com\/wp-content\/uploads\/Great-Lakes-Logistics-international-moving-company.png 1440w, https:\/\/moverdb.com\/wp-content\/uploads\/Great-Lakes-Logistics-international-moving-company-300x141.png 300w, https:\/\/moverdb.com\/wp-content\/uploads\/Great-Lakes-Logistics-international-moving-company-1024x483.png 1024w, https:\/\/moverdb.com\/wp-content\/uploads\/Great-Lakes-Logistics-international-moving-company-18x8.png 18w, https:\/\/moverdb.com\/wp-content\/uploads\/Great-Lakes-Logistics-international-moving-company-600x283.png 600w\" sizes=\"auto, (max-width: 1440px) 100vw, 1440px\" \/><\/p>\n<ul>\n<li>Ulusal hamleler<\/li>\n<li>Uluslararas\u0131 ta\u015f\u0131nmalar<\/li>\n<li>Konut ta\u015f\u0131malar\u0131<\/li>\n<li>K\u00fc\u00e7\u00fck ticari ta\u015f\u0131malar<\/li>\n<li>Karayolu, demiryolu, denizyolu ve havayolu ta\u015f\u0131mac\u0131l\u0131\u011f\u0131<\/li>\n<li>Paketleme, y\u00fckleme ve bo\u015faltma hizmetleri<\/li>\n<li>\u00c7evrimi\u00e7i envanter<\/li>\n<li>G\u00fcmr\u00fck i\u015flemleri<\/li>\n<li>Do\u011fu Afrika'y\u0131 kapsar<\/li>\n<li>Depolama tesisleri<\/li>\n<\/ul>\n<p>Great Lakes Logistics, 2015 y\u0131l\u0131nda Burundi'de b\u00fcy\u00fck bir Birle\u015fik Arap Emirli\u011fi \u015firketinin \u015fubesi olarak kurulmu\u015f bir takas, nakliye ve depolama i\u015fletmesidir. Burundi, Ruanda'da ta\u015f\u0131ma hizmetleri vermektedirler, <a href=\"https:\/\/moverdb.com\/tr\/moving-companies\/moving-companies-kenya\/\" data-internallinksmanager029f6b8e52c=\"305\" title=\"Kenya&#039;daki En \u0130yi 4 Uluslararas\u0131 Nakliye \u015eirketi\">Kenya<\/a>, Uganda, Tanzanya, G\u00fcney Soudan, <a href=\"https:\/\/moverdb.com\/tr\/moving-companies\/moving-companies-mozambique\/\" data-internallinksmanager029f6b8e52c=\"286\" title=\"Mozambik&#039;teki En \u0130yi 4 Uluslararas\u0131 Nakliye \u015eirketi\">Mozambik<\/a>, <a href=\"https:\/\/moverdb.com\/tr\/moving-companies\/moving-companies-malawi\/\" data-internallinksmanager029f6b8e52c=\"295\" title=\"Malavi&#039;deki En \u0130yi Uluslararas\u0131 Nakliye \u015eirketleri\">Malavi<\/a>, DRC, <a href=\"https:\/\/moverdb.com\/tr\/moving-companies\/botswana-moving-companies\/\" data-internallinksmanager029f6b8e52c=\"167\" title=\"Botsvana&#039;daki En \u0130yi Uluslararas\u0131 Nakliye \u015eirketleri\">Botsvana<\/a>, Angola ve Zimbabve'de \u00e7al\u0131\u015fmaktad\u0131r. IAM \u00fcyesi olup 6 y\u0131ld\u0131r hizmet vermektedirler.<\/p>\n<p>Great Lakes Logistics, karayolu, demiryolu, deniz ve hava ta\u015f\u0131mac\u0131l\u0131\u011f\u0131 ile ger\u00e7ekle\u015ftirebilecekleri konut ve k\u00fc\u00e7\u00fck ticari ta\u015f\u0131nmalar i\u00e7in hizmet vermektedir. Y\u00fckleme ve bo\u015faltma, e\u015fyalar\u0131n d\u00fczenlenmesi, paketleme hizmetleri ve g\u00fcmr\u00fck i\u015flemlerinin yan\u0131 s\u0131ra depolama da dahil olmak \u00fczere \u00e7e\u015fitli ta\u015f\u0131ma hizmetleri sunmaktad\u0131rlar.<\/p>\n<p>Web sitesi: <a href=\"https:\/\/www.greatlakeslogistics-bu.bi\" target=\"_blank\" rel=\"noopener\">https:\/\/www.greatlakeslogistics-bu.bi<\/a><\/p>","protected":false},"excerpt":{"rendered":"<p>If you are wanting to move home or business in Burundi, move to or from Burundi, you may be interested in the services of a moving company who could ease the move for you. Below we have compiled a list of Burundi removal companies that are members of the International Association of Movers (IAM) that [&hellip;]<\/p>\n","protected":false},"author":4,"featured_media":0,"parent":190,"menu_order":0,"comment_status":"closed","ping_status":"closed","template":"","meta":{"_genesis_hide_title":false,"_genesis_hide_breadcrumbs":false,"_genesis_hide_singular_image":false,"_genesis_hide_footer_widgets":false,"_genesis_custom_body_class":"","_genesis_custom_post_class":"","_genesis_layout":"","footnotes":""},"class_list":{"0":"post-5512","1":"page","2":"type-page","3":"status-publish","5":"entry","6":"has-post-thumbnail"},"_links":{"self":[{"href":"https:\/\/moverdb.com\/tr\/wp-json\/wp\/v2\/pages\/5512","targetHints":{"allow":["GET"]}}],"collection":[{"href":"https:\/\/moverdb.com\/tr\/wp-json\/wp\/v2\/pages"}],"about":[{"href":"https:\/\/moverdb.com\/tr\/wp-json\/wp\/v2\/types\/page"}],"author":[{"embeddable":true,"href":"https:\/\/moverdb.com\/tr\/wp-json\/wp\/v2\/users\/4"}],"replies":[{"embeddable":true,"href":"https:\/\/moverdb.com\/tr\/wp-json\/wp\/v2\/comments?post=5512"}],"version-history":[{"count":2,"href":"https:\/\/moverdb.com\/tr\/wp-json\/wp\/v2\/pages\/5512\/revisions"}],"predecessor-version":[{"id":5514,"href":"https:\/\/moverdb.com\/tr\/wp-json\/wp\/v2\/pages\/5512\/revisions\/5514"}],"up":[{"embeddable":true,"href":"https:\/\/moverdb.com\/tr\/wp-json\/wp\/v2\/pages\/190"}],"wp:attachment":[{"href":"https:\/\/moverdb.com\/tr\/wp-json\/wp\/v2\/media?parent=5512"}],"curies":[{"name":"wp","href":"https:\/\/api.w.org\/{rel}","templated":true}]}}