{"id":5510,"date":"2023-02-01T12:32:51","date_gmt":"2023-02-01T12:32:51","guid":{"rendered":"https:\/\/moverdb.com\/?page_id=5510"},"modified":"2026-01-08T15:23:39","modified_gmt":"2026-01-08T15:23:39","slug":"bulgaristan-tasinma-sirketleri","status":"publish","type":"page","link":"https:\/\/moverdb.com\/tr\/moving-companies\/bulgaria-moving-companies\/","title":{"rendered":"Bulgaristan'daki En \u0130yi 2 Uluslararas\u0131 Nakliye \u015eirketi"},"content":{"rendered":"<p>E\u011fer evinizi veya i\u015f yerinizi ta\u015f\u0131yorsan\u0131z <a href=\"https:\/\/moverdb.com\/tr\/moving-to-bulgaria\/\" data-internallinksmanager029f6b8e52c=\"322\" title=\"Bulgaristan&#039;a m\u0131 Ta\u015f\u0131n\u0131yorsunuz? 2026 Ya\u015fam Maliyetleri &amp; Yer De\u011fi\u015ftirme \u0130pu\u00e7lar\u0131\">Bulgaristan<\/a>veya Bulgaristan'a ya da Bulgaristan'dan ta\u015f\u0131n\u0131yorsan\u0131z, o zaman bir <a href=\"https:\/\/moverdb.com\/tr\/moving-companies\/\" data-internallinksmanager029f6b8e52c=\"79\" title=\"\u00c7evrimi\u00e7i En \u0130yi 25 Uluslararas\u0131 Nakliye \u015eirketi\">ta\u015finma \u015fi\u0307rketi\u0307<\/a> i\u015f y\u00fck\u00fcn\u00fc azaltmak i\u00e7in. A\u015fa\u011f\u0131da Bulgarca dilinde hizmet veren <a href=\"https:\/\/moverdb.com\/tr\/international-removals\/\" data-internallinksmanager029f6b8e52c=\"27\" title=\"36 \u0130ngiltere&#039;deki En \u0130yi Uluslararas\u0131 Nakliye \u015eirketleri\">nakli\u0307ye \u015fi\u0307rketleri\u0307<\/a> \u00fcyesi olan <a href=\"https:\/\/moverdb.com\/tr\/iam\/\" data-internallinksmanager029f6b8e52c=\"23\" title=\"Uluslararas\u0131 Ta\u015f\u0131mac\u0131lar Birli\u011fi (IAM) A\u00e7\u0131klamas\u0131\">Uluslararas\u0131 Ta\u015f\u0131mac\u0131lar Birli\u011fi<\/a> (IAM) ve\/veya <a href=\"https:\/\/moverdb.com\/tr\/fidi-faim\/\" data-internallinksmanager029f6b8e52c=\"16\" title=\"FIDI &amp; FAIM (FIDI Akredite Uluslararas\u0131 Ta\u015f\u0131mac\u0131) A\u00e7\u0131klamas\u0131\">FIDI<\/a> Size yard\u0131mc\u0131 olabilecek Akredite Uluslararas\u0131 Ta\u015f\u0131mac\u0131lar (FAIM).<\/p>\n<h2><strong>1. Movega<\/strong><\/h2>\n<p><img loading=\"lazy\" decoding=\"async\" class=\"alignnone size-full wp-image-5463\" src=\"https:\/\/moverdb.com\/wp-content\/uploads\/Movega-international-moving-company.png\" alt=\"Movega uluslararas\u0131 ta\u015f\u0131ma \u015firketi\" width=\"1440\" height=\"678\" data-wp-pid=\"5463\" srcset=\"https:\/\/moverdb.com\/wp-content\/uploads\/Movega-international-moving-company.png 1440w, https:\/\/moverdb.com\/wp-content\/uploads\/Movega-international-moving-company-300x141.png 300w, https:\/\/moverdb.com\/wp-content\/uploads\/Movega-international-moving-company-1024x482.png 1024w, https:\/\/moverdb.com\/wp-content\/uploads\/Movega-international-moving-company-18x8.png 18w, https:\/\/moverdb.com\/wp-content\/uploads\/Movega-international-moving-company-600x283.png 600w\" sizes=\"auto, (max-width: 1440px) 100vw, 1440px\" \/><\/p>\n<ul>\n<li>Ulusal hamleler<\/li>\n<li>Avrupa Ta\u015f\u0131malar\u0131<\/li>\n<li>Ev ta\u015f\u0131ma<\/li>\n<li>Ofis ta\u015f\u0131nmalar\u0131<\/li>\n<li>Tam ve k\u0131smi y\u00fck hizmetleri<\/li>\n<li>Birden fazla ara\u00e7 rezervasyonu i\u00e7in indirimler<\/li>\n<li>Paketleme ve ambalaj a\u00e7ma<\/li>\n<li>\u0130htiya\u00e7lar\u0131n\u0131z\u0131 de\u011ferlendirmek i\u00e7in \u00e7evrimi\u00e7i anket platformu<\/li>\n<li>Harici bir asans\u00f6r sa\u011flayabilir<\/li>\n<li>Depolama \u00e7\u00f6z\u00fcmleri<\/li>\n<\/ul>\n<p>Movega, Bulgaristan ve Avrupa'da ta\u015f\u0131nma hizmetleri sunan Varna merkezli bir nakliye \u015firketidir. Hizmetlerini uluslararas\u0131 olarak sunmak i\u00e7in hareketli ortaklarla \u00e7al\u0131\u015f\u0131rlar. Ev ve ofis ta\u015f\u0131nmalar\u0131 i\u00e7in hizmet vermektedirler ve 2 y\u0131ll\u0131k hizmet ile IAM \u00fcyesidirler.<\/p>\n<p>Movega, tam veya k\u0131smi y\u00fck kullanman\u0131za veya birden fazla ara\u00e7 i\u00e7in indirim alman\u0131za olanak tan\u0131yan \u00e7e\u015fitli ta\u015f\u0131ma hizmetleri sunar. \u00c7evrimi\u00e7i anket platformlar\u0131n\u0131 kullanarak ta\u015f\u0131nma gereksinimlerinizi de\u011ferlendirmenize yard\u0131mc\u0131 olurlar. Nakliye hizmetlerinin yan\u0131 s\u0131ra eksiksiz paketleme ve ambalaj a\u00e7ma hizmetleri de sunarlar. B\u00fcy\u00fck mobilyalar\u0131 pencerelerden ve balkonlardan ge\u00e7irmek i\u00e7in harici bir asans\u00f6r de dahil olmak \u00fczere \u00e7e\u015fitli bir filoya sahiptirler.<\/p>\n<p>Web sitesi: <a href=\"http:\/\/movega.co.uk\" target=\"_blank\" rel=\"noopener\">http:\/\/movega.co.uk<\/a><\/p>\n<h2><strong>2. Y\u00f6r\u00fcnge<\/strong><\/h2>\n<p><img loading=\"lazy\" decoding=\"async\" class=\"alignnone size-full wp-image-5470\" src=\"https:\/\/moverdb.com\/wp-content\/uploads\/Orbit-international-moving-company.png\" alt=\"Orbit uluslararas\u0131 nakliye \u015firketi\" width=\"1440\" height=\"684\" data-wp-pid=\"5470\" srcset=\"https:\/\/moverdb.com\/wp-content\/uploads\/Orbit-international-moving-company.png 1440w, https:\/\/moverdb.com\/wp-content\/uploads\/Orbit-international-moving-company-300x143.png 300w, https:\/\/moverdb.com\/wp-content\/uploads\/Orbit-international-moving-company-1024x486.png 1024w, https:\/\/moverdb.com\/wp-content\/uploads\/Orbit-international-moving-company-18x9.png 18w, https:\/\/moverdb.com\/wp-content\/uploads\/Orbit-international-moving-company-600x285.png 600w\" sizes=\"auto, (max-width: 1440px) 100vw, 1440px\" \/><\/p>\n<ul>\n<li>Ulusal hamleler<\/li>\n<li>Uluslararas\u0131 ta\u015f\u0131nmalar<\/li>\n<li>Ev ta\u015f\u0131ma<\/li>\n<li>Ticari lojistik<\/li>\n<li>Ki\u015fiselle\u015ftirilmi\u015f yakla\u015f\u0131m<\/li>\n<li>Kara, deniz ve hava ta\u015f\u0131mac\u0131l\u0131\u011f\u0131<\/li>\n<li>G\u00fcmr\u00fck ajans\u0131<\/li>\n<li>Paketleme ve ambalaj a\u00e7ma<\/li>\n<li>Sanat\u0131n ta\u015f\u0131nmas\u0131<\/li>\n<li>Nakliye takibi ve sigorta<\/li>\n<\/ul>\n<p>Orbit, 25 y\u0131l\u0131 a\u015fk\u0131n s\u00fcredir faaliyet g\u00f6steren ve insanlar\u0131n Bulgaristan'da ve uluslararas\u0131 alanda ta\u015f\u0131nmas\u0131na yard\u0131mc\u0131 olan Sofya merkezli bir nakliye ve ta\u015f\u0131mac\u0131l\u0131k \u015firketidir. Avrupa \u00e7ap\u0131nda \u015fubeleri bulunan Orphee Beinoglou grubunun bir par\u00e7as\u0131d\u0131r ve uluslararas\u0131 ta\u015f\u0131nma i\u015flemlerini ger\u00e7ekle\u015ftirmek i\u00e7in di\u011fer ta\u015f\u0131ma ortaklar\u0131yla birlikte \u00e7al\u0131\u015f\u0131rlar. IAM'nin 28 y\u0131ll\u0131k \u00fcyesidirler ve FIDI taraf\u0131ndan akredite edilmi\u015flerdir.<\/p>\n<p>Orbit, ilk inceleme, kara, deniz veya hava yoluyla ta\u015f\u0131nman\u0131z\u0131n planlanmas\u0131, e\u015fyalar\u0131n\u0131z\u0131n g\u00fcvenli bir \u015fekilde paketlenmesi ve a\u00e7\u0131lmas\u0131 ve g\u00fcmr\u00fck i\u015flemlerinin d\u00fczenlenmesi dahil olmak \u00fczere ki\u015fisel bir hizmet sunar. E\u015fyalar\u0131n\u0131z i\u00e7in transit sigortas\u0131 ve sevkiyat\u0131n\u0131z\u0131n takibi ile g\u00f6n\u00fcl rahatl\u0131\u011f\u0131 sa\u011flarlar.<\/p>\n<p>Web sitesi: <a href=\"http:\/\/www.orbit.bg\" target=\"_blank\" rel=\"noopener\">http:\/\/www.orbit.bg<\/a><\/p>\n<h2>Bulgaristan i\u00e7in Di\u011fer Faydal\u0131 Rehberler<\/h2>\n<ul>\n<li> <a href=\"https:\/\/moverdb.com\/tr\/moving-to-bulgaria\/\">Bulgaristan'a m\u0131 Ta\u015f\u0131n\u0131yorsunuz? 2026 Ya\u015fam Maliyetleri &amp; Yer De\u011fi\u015ftirme \u0130pu\u00e7lar\u0131<\/a><\/li>\n<li> <a href=\"https:\/\/moverdb.com\/tr\/moving-to-bulgaria\/best-places-to-live-bulgaria\/\">Bulgaristan'da Ya\u015famak \u0130\u00e7in En \u0130yi 13 Yer<\/a><\/li>\n<\/ul>","protected":false},"excerpt":{"rendered":"<p>If you are moving home or your business in Bulgaria, or moving to or from Bulgaria, then you may want to engage the services of a moving company to reduce the workload. Below we have compiled a list of Bulgarian removal companies that are members of the International Association of Movers (IAM) and\/or FIDI Accredited [&hellip;]<\/p>\n","protected":false},"author":4,"featured_media":0,"parent":190,"menu_order":0,"comment_status":"closed","ping_status":"closed","template":"","meta":{"_genesis_hide_title":false,"_genesis_hide_breadcrumbs":false,"_genesis_hide_singular_image":false,"_genesis_hide_footer_widgets":false,"_genesis_custom_body_class":"","_genesis_custom_post_class":"","_genesis_layout":"","footnotes":""},"class_list":{"0":"post-5510","1":"page","2":"type-page","3":"status-publish","5":"entry","6":"has-post-thumbnail"},"_links":{"self":[{"href":"https:\/\/moverdb.com\/tr\/wp-json\/wp\/v2\/pages\/5510","targetHints":{"allow":["GET"]}}],"collection":[{"href":"https:\/\/moverdb.com\/tr\/wp-json\/wp\/v2\/pages"}],"about":[{"href":"https:\/\/moverdb.com\/tr\/wp-json\/wp\/v2\/types\/page"}],"author":[{"embeddable":true,"href":"https:\/\/moverdb.com\/tr\/wp-json\/wp\/v2\/users\/4"}],"replies":[{"embeddable":true,"href":"https:\/\/moverdb.com\/tr\/wp-json\/wp\/v2\/comments?post=5510"}],"version-history":[{"count":3,"href":"https:\/\/moverdb.com\/tr\/wp-json\/wp\/v2\/pages\/5510\/revisions"}],"predecessor-version":[{"id":16292,"href":"https:\/\/moverdb.com\/tr\/wp-json\/wp\/v2\/pages\/5510\/revisions\/16292"}],"up":[{"embeddable":true,"href":"https:\/\/moverdb.com\/tr\/wp-json\/wp\/v2\/pages\/190"}],"wp:attachment":[{"href":"https:\/\/moverdb.com\/tr\/wp-json\/wp\/v2\/media?parent=5510"}],"curies":[{"name":"wp","href":"https:\/\/api.w.org\/{rel}","templated":true}]}}