{"id":5507,"date":"2023-02-01T13:55:39","date_gmt":"2023-02-01T13:55:39","guid":{"rendered":"https:\/\/moverdb.com\/?page_id=5507"},"modified":"2026-01-08T15:29:49","modified_gmt":"2026-01-08T15:29:49","slug":"brunei-moving-companies","status":"publish","type":"page","link":"https:\/\/moverdb.com\/tr\/moving-companies\/brunei-moving-companies\/","title":{"rendered":"Brunei Darussalam'daki En \u0130yi Uluslararas\u0131 Nakliye \u015eirketleri"},"content":{"rendered":"<p>Evinizi veya i\u015f yerinizi ta\u015f\u0131mak karma\u015f\u0131k ve zor bir i\u015f olabilir, bu nedenle y\u00fck\u00fc hafifletmek istiyorsan\u0131z bir <a href=\"https:\/\/moverdb.com\/tr\/moving-companies\/\" data-internallinksmanager029f6b8e52c=\"79\" title=\"\u00c7evrimi\u00e7i En \u0130yi 25 Uluslararas\u0131 Nakliye \u015eirketi\">ta\u015finma \u015fi\u0307rketi\u0307<\/a> size yard\u0131mc\u0131 olmak i\u00e7in. A\u015fa\u011f\u0131da bir liste derledik <a href=\"https:\/\/moverdb.com\/tr\/moving-to-brunei\/\" data-internallinksmanager029f6b8e52c=\"424\" title=\"Brunei&#039;ye mi Ta\u015f\u0131n\u0131yorsunuz? 2026 Ya\u015fam Maliyetleri &amp; Yer De\u011fi\u015ftirme \u0130pu\u00e7lar\u0131\">Brunei<\/a> Dar\u00fcsselam <a href=\"https:\/\/moverdb.com\/tr\/international-removals\/\" data-internallinksmanager029f6b8e52c=\"27\" title=\"36 \u0130ngiltere&#039;deki En \u0130yi Uluslararas\u0131 Nakliye \u015eirketleri\">nakli\u0307ye \u015fi\u0307rketleri\u0307<\/a> \u00fcyesi olan <a href=\"https:\/\/moverdb.com\/tr\/iam\/\" data-internallinksmanager029f6b8e52c=\"23\" title=\"Uluslararas\u0131 Ta\u015f\u0131mac\u0131lar Birli\u011fi (IAM) A\u00e7\u0131klamas\u0131\">Uluslararas\u0131 Ta\u015f\u0131mac\u0131lar Birli\u011fi<\/a> (IAM) size yard\u0131mc\u0131 olabilir.<\/p>\n<h2><strong>Brunei Ta\u015f\u0131mac\u0131l\u0131k \u015eirketi <\/strong><\/h2>\n<p><img loading=\"lazy\" decoding=\"async\" class=\"alignnone size-full wp-image-5508\" src=\"https:\/\/moverdb.com\/wp-content\/uploads\/Brunei-Transporting-Company-international-moving-company.png\" alt=\"Brunei Nakliyat \u015eirketi uluslararas\u0131 nakliye \u015firketi\" width=\"1440\" height=\"682\" data-wp-pid=\"5508\" srcset=\"https:\/\/moverdb.com\/wp-content\/uploads\/Brunei-Transporting-Company-international-moving-company.png 1440w, https:\/\/moverdb.com\/wp-content\/uploads\/Brunei-Transporting-Company-international-moving-company-300x142.png 300w, https:\/\/moverdb.com\/wp-content\/uploads\/Brunei-Transporting-Company-international-moving-company-1024x485.png 1024w, https:\/\/moverdb.com\/wp-content\/uploads\/Brunei-Transporting-Company-international-moving-company-18x9.png 18w, https:\/\/moverdb.com\/wp-content\/uploads\/Brunei-Transporting-Company-international-moving-company-600x284.png 600w\" sizes=\"auto, (max-width: 1440px) 100vw, 1440px\" \/><\/p>\n<ul>\n<li>Uluslararas\u0131 Ta\u015f\u0131malar<\/li>\n<li>Yerel ula\u015f\u0131m<\/li>\n<li>Ev ta\u015f\u0131ma<\/li>\n<li>Ticari hamleler<\/li>\n<li>Kap\u0131dan kap\u0131ya hizmetler<\/li>\n<li>Kara ve deniz ta\u015f\u0131mac\u0131l\u0131\u011f\u0131<\/li>\n<li>E\u011fitimli ve deneyimli personel<\/li>\n<li>Kapsaml\u0131 ara\u00e7 filosu<\/li>\n<li>G\u00fcmr\u00fck arac\u0131l\u0131k hizmetleri<\/li>\n<li>Depolama \u00e7\u00f6z\u00fcmleri se\u00e7imi<\/li>\n<\/ul>\n<p>Brunei Nakliye \u015eirketi, Brunei Darussalam'da yerel ve uluslararas\u0131 ta\u015f\u0131ma hizmetleri sunan \u00f6nde gelen lojistik \u015firketlerinden biridir. G\u00fcvenli ve h\u0131zl\u0131 ge\u00e7i\u015fi sa\u011flamak i\u00e7in s\u00fcrekli ileti\u015fim halinde olduklar\u0131 uluslararas\u0131 hizmetleri sa\u011flamak i\u00e7in ortak ta\u015f\u0131ma \u015firketleriyle ortakla\u015fa \u00e7al\u0131\u015f\u0131rlar. IAM \u00fcyesidirler.<\/p>\n<p>Brunei Nakliye \u015eirketi, kamyonlar, araba ta\u015f\u0131y\u0131c\u0131lar\u0131, ana ta\u015f\u0131y\u0131c\u0131lar, r\u00f6morklar ve vin\u00e7ler dahil olmak \u00fczere kapsaml\u0131 bir ara\u00e7 filosuna sahiptir. Diplomatlara, ulusal ve \u00e7ok uluslu \u015firketlere ve bireylere ta\u015f\u0131ma ve lojistik hizmetleri sunmaktad\u0131r. G\u00fcmr\u00fck komisyonculu\u011fu hizmetleri ve bir dizi depolama se\u00e7ene\u011fi ile kara ve deniz yoluyla kargo tesliminde kap\u0131dan kap\u0131ya hizmet vermektedirler.<\/p>\n<p>Web sitesi: <a href=\"http:\/\/www.bruneitransporting.com\" target=\"_blank\" rel=\"noopener\">http:\/\/www.bruneitransporting.com<\/a><\/p>","protected":false},"excerpt":{"rendered":"<p>Moving home or your business can be complex and hard work so if you are looking to lighten the load then you might want to employ a moving company to help you. Below we have compiled a list of Brunei Darussalam removal companies that are members of the International Association of Movers (IAM) that could [&hellip;]<\/p>\n","protected":false},"author":4,"featured_media":0,"parent":190,"menu_order":0,"comment_status":"closed","ping_status":"closed","template":"","meta":{"_genesis_hide_title":false,"_genesis_hide_breadcrumbs":false,"_genesis_hide_singular_image":false,"_genesis_hide_footer_widgets":false,"_genesis_custom_body_class":"","_genesis_custom_post_class":"","_genesis_layout":"","footnotes":""},"class_list":{"0":"post-5507","1":"page","2":"type-page","3":"status-publish","5":"entry","6":"has-post-thumbnail"},"_links":{"self":[{"href":"https:\/\/moverdb.com\/tr\/wp-json\/wp\/v2\/pages\/5507","targetHints":{"allow":["GET"]}}],"collection":[{"href":"https:\/\/moverdb.com\/tr\/wp-json\/wp\/v2\/pages"}],"about":[{"href":"https:\/\/moverdb.com\/tr\/wp-json\/wp\/v2\/types\/page"}],"author":[{"embeddable":true,"href":"https:\/\/moverdb.com\/tr\/wp-json\/wp\/v2\/users\/4"}],"replies":[{"embeddable":true,"href":"https:\/\/moverdb.com\/tr\/wp-json\/wp\/v2\/comments?post=5507"}],"version-history":[{"count":1,"href":"https:\/\/moverdb.com\/tr\/wp-json\/wp\/v2\/pages\/5507\/revisions"}],"predecessor-version":[{"id":5509,"href":"https:\/\/moverdb.com\/tr\/wp-json\/wp\/v2\/pages\/5507\/revisions\/5509"}],"up":[{"embeddable":true,"href":"https:\/\/moverdb.com\/tr\/wp-json\/wp\/v2\/pages\/190"}],"wp:attachment":[{"href":"https:\/\/moverdb.com\/tr\/wp-json\/wp\/v2\/media?parent=5507"}],"curies":[{"name":"wp","href":"https:\/\/api.w.org\/{rel}","templated":true}]}}