{"id":5374,"date":"2022-11-12T18:07:51","date_gmt":"2022-11-12T18:07:51","guid":{"rendered":"https:\/\/moverdb.com\/?page_id=5374"},"modified":"2026-01-08T14:38:42","modified_gmt":"2026-01-08T14:38:42","slug":"trinidad-ve-tobago","status":"publish","type":"page","link":"https:\/\/moverdb.com\/tr\/container-shipping\/trinidad-and-tobago\/","title":{"rendered":"2023 Trinidad ve Tobago'ya ve Trinidad ve Tobago'dan Deniz Ta\u015f\u0131mac\u0131l\u0131\u011f\u0131 Konteyner Nakliye Fiyatlar\u0131"},"content":{"rendered":"<div class=\"wp-block-image\">\n<figure class=\"aligncenter size-full\"><img loading=\"lazy\" decoding=\"async\" width=\"1000\" height=\"662\" src=\"https:\/\/moverdb.com\/wp-content\/uploads\/trinidad-and-tobago.jpg\" alt=\"Trinidad ve Tobago&#039;da palmiye a\u011fa\u00e7lar\u0131n\u0131n bulundu\u011fu bir kumsal\" class=\"wp-image-5361\" srcset=\"https:\/\/moverdb.com\/wp-content\/uploads\/trinidad-and-tobago.jpg 1000w, https:\/\/moverdb.com\/wp-content\/uploads\/trinidad-and-tobago-300x200.jpg 300w, https:\/\/moverdb.com\/wp-content\/uploads\/trinidad-and-tobago-18x12.jpg 18w, https:\/\/moverdb.com\/wp-content\/uploads\/trinidad-and-tobago-600x397.jpg 600w\" sizes=\"auto, (max-width: 1000px) 100vw, 1000px\" \/><\/figure>\n<\/div>\n\n\n<p><strong>Trinidad ve Tobago<\/strong> tropik plajlar\u0131 ve canl\u0131 k\u00fclt\u00fcrel noktalar\u0131yla dikkat \u00e7eken bir ba\u015fka Karayip m\u00fccevheridir. Bu \u00e7ift adal\u0131 \u00fclke hem Orta hem de G\u00fcney Amerika'ya yak\u0131n oldu\u011fundan seyahat olanaklar\u0131 \u00e7ok say\u0131da ve elveri\u015flidir.<\/p>\n\n\n\n<p>Bu pop\u00fcler ada, heyecan verici gece hayat\u0131 ve di\u011fer e\u011flenceli u\u011fra\u015flar\u0131n bollu\u011fu ile bilinir. Altyap\u0131s\u0131 iyi geli\u015fmi\u015ftir ve ya\u015fam maliyeti d\u00fc\u015f\u00fckt\u00fcr. Bu nedenle, \u00e7evre \u00fclkelerden ve \u00f6tesinden bir\u00e7ok gurbet\u00e7i Trinidad ve Tobago'ya bir \u015fans vermeye ve oraya ta\u015f\u0131nmaya karar verir.<\/p>\n\n\n\n<p>Ancak bunu yapmadan \u00f6nce, ev e\u015fyalar\u0131n\u0131z\u0131n Trinidad ve Tobago'ya veya Trinidad ve Tobago'dan ta\u015f\u0131nmas\u0131n\u0131n ne kadara mal oldu\u011funa bir g\u00f6z at\u0131n.<\/p>\n\n\n\n<p>En d\u00fc\u015f\u00fck Trinidad ve Tobago <a href=\"https:\/\/moverdb.com\/tr\/container-shipping\/\" data-internallinksmanager029f6b8e52c=\"3\" title=\"Uluslararas\u0131 Konteyner Nakliye Fiyatlar\u0131 Tablosu: Nisan 2026\">konteyner nakliye \u00fccretleri<\/a> \u00fclkeye veya \u00fclkeden 20' veya 40' konteyner nakliyesi i\u00e7in a\u015fa\u011f\u0131da yer almaktad\u0131r. Yine de, \u00fclke kargo gemileri taraf\u0131ndan \u00e7ok s\u0131k ziyaret edilmedi\u011fi i\u00e7in se\u00e7enekler olduk\u00e7a azd\u0131r.<\/p>\n\n\n\n<h2 class=\"wp-block-heading\">Trinidad ve Tobago'ya (Port of Spain) Konteyner Nakliye Maliyetleri<\/h2>\n\n\n<div class=\"wp-block-image\">\n<figure class=\"aligncenter size-large\"><img loading=\"lazy\" decoding=\"async\" width=\"1024\" height=\"539\" src=\"https:\/\/moverdb.com\/wp-content\/uploads\/Shipping-Container-Costs-to-Trinidad-and-Tobago-1024x539.png\" alt=\"Trinidad ve Tobago&#039;ya (Port of Spain) Konteyner Nakliye Maliyetleri\" class=\"wp-image-5364\" srcset=\"https:\/\/moverdb.com\/wp-content\/uploads\/Shipping-Container-Costs-to-Trinidad-and-Tobago-1024x539.png 1024w, https:\/\/moverdb.com\/wp-content\/uploads\/Shipping-Container-Costs-to-Trinidad-and-Tobago-300x158.png 300w, https:\/\/moverdb.com\/wp-content\/uploads\/Shipping-Container-Costs-to-Trinidad-and-Tobago-1536x809.png 1536w, https:\/\/moverdb.com\/wp-content\/uploads\/Shipping-Container-Costs-to-Trinidad-and-Tobago-18x9.png 18w, https:\/\/moverdb.com\/wp-content\/uploads\/Shipping-Container-Costs-to-Trinidad-and-Tobago-600x316.png 600w, https:\/\/moverdb.com\/wp-content\/uploads\/Shipping-Container-Costs-to-Trinidad-and-Tobago.png 2000w\" sizes=\"auto, (max-width: 1024px) 100vw, 1024px\" \/><\/figure>\n<\/div>\n\n\n<table id=\"tablepress-222\" class=\"tablepress tablepress-id-222\">\n<thead>\n<tr class=\"row-1\">\n\t<th class=\"column-1\">Hedef \u00dclke (<a href=\"https:\/\/moverdb.com\/tr\/top-49-container-ports\/\" data-internallinksmanager029f6b8e52c=\"80\" title=\"2025 Y\u0131l\u0131nda En B\u00fcy\u00fck ve En Yo\u011fun 49 Konteyner Liman\u0131\">Liman<\/a>\/\u015eehir)<\/th><th class=\"column-2\">20FT<\/th><th class=\"column-3\">40FT<\/th>\n<\/tr>\n<\/thead>\n<tbody class=\"row-striping row-hover\">\n<tr class=\"row-2\">\n\t<td class=\"column-1\"><a href=\"https:\/\/moverdb.com\/tr\/container-shipping\/andorra\/\" data-internallinksmanager029f6b8e52c=\"88\" title=\"2023 Andorra&#039;ya ve Andorra&#039;dan Deniz Ta\u015f\u0131mac\u0131l\u0131\u011f\u0131 Konteyner Nakliye Fiyatlar\u0131\">Andorra (Andorra la Vella)<\/a><\/td><td class=\"column-2\">$4,035<\/td><td class=\"column-3\">$5,908<\/td>\n<\/tr>\n<tr class=\"row-3\">\n\t<td class=\"column-1\"><a href=\"https:\/\/moverdb.com\/tr\/container-shipping\/argentina\/\" data-internallinksmanager029f6b8e52c=\"91\" title=\"2023 Arjantin&#039;e ve Arjantin&#039;den Deniz Ta\u015f\u0131mac\u0131l\u0131\u011f\u0131 Konteyner Nakliye Fiyatlar\u0131\">Arjantin (Buenos Aires)<\/a><\/td><td class=\"column-2\">$600<\/td><td class=\"column-3\">$801<\/td>\n<\/tr>\n<tr class=\"row-4\">\n\t<td class=\"column-1\"><a href=\"https:\/\/moverdb.com\/tr\/container-shipping\/aruba\/\" data-internallinksmanager029f6b8e52c=\"90\" title=\"2023 Aruba&#039;ya ve Aruba&#039;dan Deniz Ta\u015f\u0131mac\u0131l\u0131\u011f\u0131 Konteyner Nakliye Fiyatlar\u0131\">Aruba (Oranjestad)<\/a><\/td><td class=\"column-2\">$600<\/td><td class=\"column-3\">$801<\/td>\n<\/tr>\n<tr class=\"row-5\">\n\t<td class=\"column-1\"><a href=\"https:\/\/moverdb.com\/tr\/container-shipping\/australia\/\" data-internallinksmanager029f6b8e52c=\"89\" title=\"2026 Avustralya&#039;ya ve Avustralya&#039;dan Konteyner Nakliye Fiyatlar\u0131\">Avustralya (Sidney)<\/a><\/td><td class=\"column-2\">$10,171<\/td><td class=\"column-3\">N\/A<\/td>\n<\/tr>\n<tr class=\"row-6\">\n\t<td class=\"column-1\"><a href=\"https:\/\/moverdb.com\/tr\/container-shipping\/austria\/\" data-internallinksmanager029f6b8e52c=\"95\" title=\"2023 Avusturya&#039;ya ve Avusturya&#039;dan Deniz Ta\u015f\u0131mac\u0131l\u0131\u011f\u0131 Konteyner Nakliye Fiyatlar\u0131\">Avusturya (Viyana)<\/a><\/td><td class=\"column-2\">$4,022<\/td><td class=\"column-3\">N\/A<\/td>\n<\/tr>\n<tr class=\"row-7\">\n\t<td class=\"column-1\"><a href=\"https:\/\/moverdb.com\/tr\/container-shipping\/belize\/\" data-internallinksmanager029f6b8e52c=\"137\" title=\"2023 Belize&#039;ye ve Belize&#039;den Deniz Ta\u015f\u0131mac\u0131l\u0131\u011f\u0131 Konteyner Nakliye Fiyatlar\u0131\">Belize (Belize City)<\/a><\/td><td class=\"column-2\">$1,760<\/td><td class=\"column-3\">$1,806<\/td>\n<\/tr>\n<tr class=\"row-8\">\n\t<td class=\"column-1\"><a href=\"https:\/\/moverdb.com\/tr\/container-shipping\/brazil\/\" data-internallinksmanager029f6b8e52c=\"98\" title=\"2023 Brezilya&#039;ya ve Brezilya&#039;dan Deniz Ta\u015f\u0131mac\u0131l\u0131\u011f\u0131 Konteyner Nakliye Fiyatlar\u0131\">Brezilya (Santos)<\/a><\/td><td class=\"column-2\">$2,948<\/td><td class=\"column-3\">$3,161<\/td>\n<\/tr>\n<tr class=\"row-9\">\n\t<td class=\"column-1\"><a href=\"https:\/\/moverdb.com\/tr\/container-shipping\/brunei\/\" data-internallinksmanager029f6b8e52c=\"100\" title=\"2023 Brunei&#039;ye ve Brunei&#039;den Deniz Ta\u015f\u0131mac\u0131l\u0131\u011f\u0131 Konteyner Nakliye Fiyatlar\u0131\">Brunei (Muara)<\/a><\/td><td class=\"column-2\">$7,403<\/td><td class=\"column-3\">$7,801<\/td>\n<\/tr>\n<tr class=\"row-10\">\n\t<td class=\"column-1\"><a href=\"https:\/\/moverdb.com\/tr\/container-shipping\/chile\/\" data-internallinksmanager029f6b8e52c=\"104\" title=\"2023 \u015eili&#039;ye ve \u015eili&#039;den Deniz Ta\u015f\u0131mac\u0131l\u0131\u011f\u0131 Konteyner Nakliye Fiyatlar\u0131\">\u015eili (San Antonio)<\/a><\/td><td class=\"column-2\">$1,887<\/td><td class=\"column-3\">$2,709<\/td>\n<\/tr>\n<tr class=\"row-11\">\n\t<td class=\"column-1\"><a href=\"https:\/\/moverdb.com\/tr\/container-shipping\/china\/\" data-internallinksmanager029f6b8e52c=\"105\" title=\"2023 \u00c7in&#039;e ve \u00c7in&#039;den Deniz Ta\u015f\u0131mac\u0131l\u0131\u011f\u0131 Konteyner Nakliye Fiyatlar\u0131\">\u00c7in (Pekin)<\/a><\/td><td class=\"column-2\">$3,457<\/td><td class=\"column-3\">$3,026<\/td>\n<\/tr>\n<tr class=\"row-12\">\n\t<td class=\"column-1\">\u00c7in (\u015eanghay)<\/td><td class=\"column-2\">$4,895<\/td><td class=\"column-3\">$4,512<\/td>\n<\/tr>\n<tr class=\"row-13\">\n\t<td class=\"column-1\"><a href=\"https:\/\/moverdb.com\/tr\/container-shipping\/colombia\/\" data-internallinksmanager029f6b8e52c=\"106\" title=\"2023 Kolombiya&#039;ya ve Kolombiya&#039;dan Deniz Ta\u015f\u0131mac\u0131l\u0131\u011f\u0131 Konteyner Nakliye Fiyatlar\u0131\">Kolombiya (Barranquilla)<\/a><\/td><td class=\"column-2\">$1,117<\/td><td class=\"column-3\">$1,775<\/td>\n<\/tr>\n<tr class=\"row-14\">\n\t<td class=\"column-1\"><a href=\"https:\/\/moverdb.com\/tr\/container-shipping\/costa-rica\/\" data-internallinksmanager029f6b8e52c=\"138\" title=\"2023 Kosta Rika&#039;ya ve Kosta Rika&#039;dan Deniz Ta\u015f\u0131mac\u0131l\u0131\u011f\u0131 Konteyner Nakliye Fiyatlar\u0131\">Kosta Rika (Limon)<\/a><\/td><td class=\"column-2\">$1,540<\/td><td class=\"column-3\">$2,048<\/td>\n<\/tr>\n<tr class=\"row-15\">\n\t<td class=\"column-1\"><a href=\"https:\/\/moverdb.com\/tr\/container-shipping\/dominican-republic\/\" data-internallinksmanager029f6b8e52c=\"112\" title=\"2023 Dominik Cumhuriyeti&#039;ne ve Dominik Cumhuriyeti&#039;nden Deniz Ta\u015f\u0131mac\u0131l\u0131\u011f\u0131 Konteyner Nakliye Fiyatlar\u0131\">Dominik Cumhuriyeti (Santo Domingo)<\/a><\/td><td class=\"column-2\">$616<\/td><td class=\"column-3\">$1,360<\/td>\n<\/tr>\n<tr class=\"row-16\">\n\t<td class=\"column-1\"><a href=\"https:\/\/moverdb.com\/tr\/container-shipping\/germany\/\" data-internallinksmanager029f6b8e52c=\"118\" title=\"2023 Almanya&#039;ya ve Almanya&#039;dan Deniz Ta\u015f\u0131mac\u0131l\u0131\u011f\u0131 Konteyner Nakliye Fiyatlar\u0131\">Almanya (Hamburg)<\/a><\/td><td class=\"column-2\">$2,167<\/td><td class=\"column-3\">$2,982<\/td>\n<\/tr>\n<tr class=\"row-17\">\n\t<td class=\"column-1\"><a href=\"https:\/\/moverdb.com\/tr\/container-shipping\/greece\/\" data-internallinksmanager029f6b8e52c=\"120\" title=\"2023 Yunanistan&#039;a ve Yunanistan&#039;dan Deniz Ta\u015f\u0131mac\u0131l\u0131\u011f\u0131 Konteyner Nakliye Fiyatlar\u0131\">Yunanistan (Piraeus)<\/a><\/td><td class=\"column-2\">$2,306<\/td><td class=\"column-3\">$2,886<\/td>\n<\/tr>\n<tr class=\"row-18\">\n\t<td class=\"column-1\"><a href=\"https:\/\/moverdb.com\/tr\/container-shipping\/guernsey\/\" data-internallinksmanager029f6b8e52c=\"121\" title=\"2023 Guernsey&#039;e ve Guernsey&#039;den Deniz Ta\u015f\u0131mac\u0131l\u0131\u011f\u0131 Konteyner Nakliye Fiyatlar\u0131\">Guernsey (St Peter Port)<\/a><\/td><td class=\"column-2\">$2,499<\/td><td class=\"column-3\">$3,484<\/td>\n<\/tr>\n<tr class=\"row-19\">\n\t<td class=\"column-1\"><a href=\"https:\/\/moverdb.com\/tr\/container-shipping\/haiti\/\" data-internallinksmanager029f6b8e52c=\"122\" title=\"2023 Haiti&#039;ye ve Haiti&#039;den Deniz Ta\u015f\u0131mac\u0131l\u0131\u011f\u0131 Konteyner Nakliye Fiyatlar\u0131\">Haiti (Port-au-Prince)<\/a><\/td><td class=\"column-2\">$616<\/td><td class=\"column-3\">$1,360<\/td>\n<\/tr>\n<tr class=\"row-20\">\n\t<td class=\"column-1\"><a href=\"https:\/\/moverdb.com\/tr\/container-shipping\/hong-kong\/\" data-internallinksmanager029f6b8e52c=\"123\" title=\"2023 Hong Kong&#039;a ve Hong Kong&#039;dan Deniz Ta\u015f\u0131mac\u0131l\u0131\u011f\u0131 Konteyner Nakliye Fiyatlar\u0131\">Hong Kong (Hong Kong)<\/a><\/td><td class=\"column-2\">$11,550<\/td><td class=\"column-3\">$11,750<\/td>\n<\/tr>\n<tr class=\"row-21\">\n\t<td class=\"column-1\"><a href=\"https:\/\/moverdb.com\/tr\/container-shipping\/india\/\" data-internallinksmanager029f6b8e52c=\"125\" title=\"2023 Hindistan&#039;a ve Hindistan&#039;dan Deniz Ta\u015f\u0131mac\u0131l\u0131\u011f\u0131 Konteyner Nakliye Fiyatlar\u0131\">Hindistan (Mumbai)<\/a><\/td><td class=\"column-2\">$3,025<\/td><td class=\"column-3\">$3,833<\/td>\n<\/tr>\n<tr class=\"row-22\">\n\t<td class=\"column-1\"><a href=\"https:\/\/moverdb.com\/tr\/container-shipping\/indonesia\/\" data-internallinksmanager029f6b8e52c=\"126\" title=\"2023 Endonezya&#039;ya ve Endonezya&#039;dan Deniz Ta\u015f\u0131mac\u0131l\u0131\u011f\u0131 Konteyner Nakliye Fiyatlar\u0131\">Endonezya (Jakarta)<\/a><\/td><td class=\"column-2\">$3,827<\/td><td class=\"column-3\">$3,425<\/td>\n<\/tr>\n<tr class=\"row-23\">\n\t<td class=\"column-1\"><a href=\"https:\/\/moverdb.com\/tr\/container-shipping\/isle-of-man\/\" data-internallinksmanager029f6b8e52c=\"128\" title=\"2023 Man Adas\u0131&#039;na ve Man Adas\u0131&#039;ndan Deniz Ta\u015f\u0131mac\u0131l\u0131\u011f\u0131 Konteyner Nakliye Fiyatlar\u0131\">Man Adas\u0131 (Douglas)<\/a><\/td><td class=\"column-2\">$2,255<\/td><td class=\"column-3\">$3,119<\/td>\n<\/tr>\n<tr class=\"row-24\">\n\t<td class=\"column-1\"><a href=\"https:\/\/moverdb.com\/tr\/container-shipping\/italy\/\" data-internallinksmanager029f6b8e52c=\"130\" title=\"2023 \u0130talya&#039;ya ve \u0130talya&#039;dan Deniz Ta\u015f\u0131mac\u0131l\u0131\u011f\u0131 Konteyner Nakliye Fiyatlar\u0131\">\u0130talya (Trieste)<\/a><\/td><td class=\"column-2\">$1,672<\/td><td class=\"column-3\">$1,670<\/td>\n<\/tr>\n<tr class=\"row-25\">\n\t<td class=\"column-1\"><a href=\"https:\/\/moverdb.com\/tr\/container-shipping\/japan\/\" data-internallinksmanager029f6b8e52c=\"131\" title=\"2023 Japonya&#039;ya ve Japonya&#039;dan Deniz Ta\u015f\u0131mac\u0131l\u0131\u011f\u0131 Konteyner Nakliye Fiyatlar\u0131\">Japonya (Tokyo)<\/a><\/td><td class=\"column-2\">$7,222<\/td><td class=\"column-3\">$7,454<\/td>\n<\/tr>\n<tr class=\"row-26\">\n\t<td class=\"column-1\"><a href=\"https:\/\/moverdb.com\/tr\/container-shipping\/jersey\/\" data-internallinksmanager029f6b8e52c=\"132\" title=\"2023 Jersey&#039;e ve Jersey&#039;den Deniz Ta\u015f\u0131mac\u0131l\u0131\u011f\u0131 Konteyner Nakliye Fiyatlar\u0131\">Jersey (St Helier)<\/a><\/td><td class=\"column-2\">$2,499<\/td><td class=\"column-3\">$3,484<\/td>\n<\/tr>\n<tr class=\"row-27\">\n\t<td class=\"column-1\"><a href=\"https:\/\/moverdb.com\/tr\/moving-to-luxembourg\/\" data-internallinksmanager029f6b8e52c=\"349\" title=\"L\u00fcksemburg&#039;a m\u0131 Ta\u015f\u0131n\u0131yorsunuz? 2026 Ya\u015fam Maliyetleri &amp; Yer De\u011fi\u015ftirme \u0130pu\u00e7lar\u0131\">L\u00fcksemburg<\/a><\/td><td class=\"column-2\">$1,188<\/td><td class=\"column-3\">$1,845<\/td>\n<\/tr>\n<tr class=\"row-28\">\n\t<td class=\"column-1\"><a href=\"https:\/\/moverdb.com\/tr\/container-shipping\/pakistan\/\" data-internallinksmanager029f6b8e52c=\"155\" title=\"2023 Pakistan&#039;a ve Pakistan&#039;dan Deniz Ta\u015f\u0131mac\u0131l\u0131\u011f\u0131 Konteyner Nakliye Fiyatlar\u0131\">Pakistan (Kara\u00e7i)<\/a><\/td><td class=\"column-2\">$9,839<\/td><td class=\"column-3\">$10,678<\/td>\n<\/tr>\n<tr class=\"row-29\">\n\t<td class=\"column-1\"><a href=\"https:\/\/moverdb.com\/tr\/container-shipping\/spain\/\" data-internallinksmanager029f6b8e52c=\"182\" title=\"2023 \u0130spanya&#039;ya ve \u0130spanya&#039;dan Deniz Ta\u015f\u0131mac\u0131l\u0131\u011f\u0131 Konteyner Nakliye Fiyatlar\u0131\">\u0130spanya (Valensiya)<\/a><\/td><td class=\"column-2\">$7,997<\/td><td class=\"column-3\">$11,762<\/td>\n<\/tr>\n<tr class=\"row-30\">\n\t<td class=\"column-1\"><a href=\"https:\/\/moverdb.com\/tr\/container-shipping\/thailand\/\" data-internallinksmanager029f6b8e52c=\"189\" title=\"2023 Tayland&#039;a ve Tayland&#039;dan Deniz Ta\u015f\u0131mac\u0131l\u0131\u011f\u0131 Konteyner Nakliye Fiyatlar\u0131\">Tayland (Laem Chabang)<\/a><\/td><td class=\"column-2\">$8,550<\/td><td class=\"column-3\">N\/A<\/td>\n<\/tr>\n<tr class=\"row-31\">\n\t<td class=\"column-1\"><a href=\"https:\/\/moverdb.com\/tr\/moving-to-the-united-states\/\" data-internallinksmanager029f6b8e52c=\"94\" title=\"Amerika Birle\u015fik Devletleri&#039;ne mi ta\u015f\u0131n\u0131yorsunuz? 2026 Ya\u015fam Maliyetleri ve Yer De\u011fi\u015ftirme \u0130pu\u00e7lar\u0131\">ABD<\/a> (<a href=\"https:\/\/moverdb.com\/tr\/moving-to-los-angeles\/\" data-internallinksmanager029f6b8e52c=\"51\" title=\"Los Angeles&#039;a m\u0131 ta\u015f\u0131n\u0131yorsunuz? 2026 LA Ya\u015fam Maliyetleri ve Yer De\u011fi\u015ftirme \u0130pu\u00e7lar\u0131\">Los Angeles<\/a>)<\/td><td class=\"column-2\">$1,123<\/td><td class=\"column-3\">$1,336<\/td>\n<\/tr>\n<tr class=\"row-32\">\n\t<td class=\"column-1\"><a href=\"https:\/\/moverdb.com\/tr\/container-shipping\/united-states\/\" data-internallinksmanager029f6b8e52c=\"87\" title=\"2026 ABD&#039;ye ve ABD&#039;den Deniz Ta\u015f\u0131mac\u0131l\u0131\u011f\u0131 Konteyner Nakliye Fiyatlar\u0131\">ABD (New York)<\/a><\/td><td class=\"column-2\">$1,333<\/td><td class=\"column-3\">$1,679<\/td>\n<\/tr>\n<\/tbody>\n<\/table>\n<!-- #tablepress-222 from cache -->\n\n\n\n<h2 class=\"wp-block-heading\">Trinidad ve Tobago'dan (Port of Spain) Nakliye Konteyner Maliyetleri<\/h2>\n\n\n<div class=\"wp-block-image\">\n<figure class=\"aligncenter size-large\"><img loading=\"lazy\" decoding=\"async\" width=\"1024\" height=\"539\" src=\"https:\/\/moverdb.com\/wp-content\/uploads\/Shipping-Container-Costs-from-Trinidad-and-Tobago-1024x539.png\" alt=\"Trinidad ve Tobago&#039;dan (Port of Spain) Nakliye Konteyner Maliyetleri\" class=\"wp-image-5362\" srcset=\"https:\/\/moverdb.com\/wp-content\/uploads\/Shipping-Container-Costs-from-Trinidad-and-Tobago-1024x539.png 1024w, https:\/\/moverdb.com\/wp-content\/uploads\/Shipping-Container-Costs-from-Trinidad-and-Tobago-300x158.png 300w, https:\/\/moverdb.com\/wp-content\/uploads\/Shipping-Container-Costs-from-Trinidad-and-Tobago-1536x809.png 1536w, https:\/\/moverdb.com\/wp-content\/uploads\/Shipping-Container-Costs-from-Trinidad-and-Tobago-18x9.png 18w, https:\/\/moverdb.com\/wp-content\/uploads\/Shipping-Container-Costs-from-Trinidad-and-Tobago-600x316.png 600w, https:\/\/moverdb.com\/wp-content\/uploads\/Shipping-Container-Costs-from-Trinidad-and-Tobago.png 2000w\" sizes=\"auto, (max-width: 1024px) 100vw, 1024px\" \/><\/figure>\n<\/div>\n\n\n<table id=\"tablepress-219\" class=\"tablepress tablepress-id-219\">\n<thead>\n<tr class=\"row-1\">\n\t<th class=\"column-1\">Var\u0131\u015f \u00dclkesi (Liman\/\u015eehir)<\/th><th class=\"column-2\">20FT<\/th><th class=\"column-3\">40FT<\/th>\n<\/tr>\n<\/thead>\n<tbody class=\"row-striping row-hover\">\n<tr class=\"row-2\">\n\t<td class=\"column-1\">Avustralya (Sidney)<\/td><td class=\"column-2\">$1,825<\/td><td class=\"column-3\">N\/A<\/td>\n<\/tr>\n<tr class=\"row-3\">\n\t<td class=\"column-1\">Avusturya (Viyana)<\/td><td class=\"column-2\">$250<\/td><td class=\"column-3\">$250<\/td>\n<\/tr>\n<tr class=\"row-4\">\n\t<td class=\"column-1\">Brezilya (Santos)<\/td><td class=\"column-2\">$660<\/td><td class=\"column-3\">$1,082<\/td>\n<\/tr>\n<tr class=\"row-5\">\n\t<td class=\"column-1\"><a href=\"https:\/\/moverdb.com\/tr\/container-shipping\/british-virgin-islands\/\" data-internallinksmanager029f6b8e52c=\"99\" title=\"2023 \u0130ngiliz Virgin Adalar\u0131&#039;na ve \u0130ngiliz Virgin Adalar\u0131&#039;ndan Deniz Ta\u015f\u0131mac\u0131l\u0131\u011f\u0131 Konteyner Nakliye Fiyatlar\u0131\">Britanya Virjin Adalar\u0131 (Road Town)<\/a><\/td><td class=\"column-2\">$1,188<\/td><td class=\"column-3\">$1,418<\/td>\n<\/tr>\n<tr class=\"row-6\">\n\t<td class=\"column-1\">\u015eili (San Antonio)<\/td><td class=\"column-2\">$1,452<\/td><td class=\"column-3\">$1,722<\/td>\n<\/tr>\n<tr class=\"row-7\">\n\t<td class=\"column-1\">\u00c7in (\u015eanghay)<\/td><td class=\"column-2\">$950<\/td><td class=\"column-3\">$1,111<\/td>\n<\/tr>\n<tr class=\"row-8\">\n\t<td class=\"column-1\">Kolombiya (Barranquilla)<\/td><td class=\"column-2\">$979<\/td><td class=\"column-3\">$1,397<\/td>\n<\/tr>\n<tr class=\"row-9\">\n\t<td class=\"column-1\">Kosta Rika (Limon)<\/td><td class=\"column-2\">$1,617<\/td><td class=\"column-3\">$2,079<\/td>\n<\/tr>\n<tr class=\"row-10\">\n\t<td class=\"column-1\"><a href=\"https:\/\/moverdb.com\/tr\/container-shipping\/croatia\/\" data-internallinksmanager029f6b8e52c=\"107\" title=\"2023 H\u0131rvatistan&#039;a ve H\u0131rvatistan&#039;dan Deniz Ta\u015f\u0131mac\u0131l\u0131\u011f\u0131 Konteyner Nakliye Fiyatlar\u0131\">H\u0131rvatistan (Rijeka)<\/a><\/td><td class=\"column-2\">$1,672<\/td><td class=\"column-3\">$1,670<\/td>\n<\/tr>\n<tr class=\"row-11\">\n\t<td class=\"column-1\">Dominik Cumhuriyeti (Santo Domingo)<\/td><td class=\"column-2\">$913<\/td><td class=\"column-3\">$1,313<\/td>\n<\/tr>\n<tr class=\"row-12\">\n\t<td class=\"column-1\">Haiti (Port-au-Prince)<\/td><td class=\"column-2\">$913<\/td><td class=\"column-3\">$1,313<\/td>\n<\/tr>\n<tr class=\"row-13\">\n\t<td class=\"column-1\">Hong Kong (Hong Kong)<\/td><td class=\"column-2\">$886<\/td><td class=\"column-3\">$1,111<\/td>\n<\/tr>\n<tr class=\"row-14\">\n\t<td class=\"column-1\">Hindistan (Mumbai)<\/td><td class=\"column-2\">$1,606<\/td><td class=\"column-3\">$2,289<\/td>\n<\/tr>\n<tr class=\"row-15\">\n\t<td class=\"column-1\">Endonezya (Jakarta)<\/td><td class=\"column-2\">$1,012<\/td><td class=\"column-3\">$1,353<\/td>\n<\/tr>\n<tr class=\"row-16\">\n\t<td class=\"column-1\">Japonya (Tokyo)<\/td><td class=\"column-2\">$886<\/td><td class=\"column-3\">$1,353<\/td>\n<\/tr>\n<tr class=\"row-17\">\n\t<td class=\"column-1\">L\u00fcksemburg<\/td><td class=\"column-2\">$1,291<\/td><td class=\"column-3\">$1,588<\/td>\n<\/tr>\n<\/tbody>\n<\/table>\n<!-- #tablepress-219 from cache -->\n\n\n\n<h3 class=\"wp-block-heading\">Veriler hakk\u0131nda notlar:<\/h3>\n\n\n\n<ul class=\"wp-block-list\">\n<li>T\u00fcm $ rakamlar\u0131 Birle\u015fik Devletler Dolar\u0131 (USD) cinsindendir;<\/li>\n\n\n\n<li>Fiyatlar 2022 sonu itibar\u0131yla do\u011frudur;<\/li>\n\n\n\n<li>Bu makaledeki haritalar, a\u015fa\u011f\u0131daki haritalar kullan\u0131larak olu\u015fturulmu\u015ftur <a href=\"https:\/\/www.mapchart.net\" target=\"_blank\" rel=\"noreferrer noopener\">https:\/\/www.mapchart.net<\/a>. Geri at\u0131f ba\u011flant\u0131s\u0131 verdi\u011finiz s\u00fcrece haritalar\u0131 payla\u015fmakta \u00f6zg\u00fcrs\u00fcn\u00fcz. <a href=\"https:\/\/moverdb.com\/tr\/\" target=\"_blank\" rel=\"noreferrer noopener\">MoverDB<\/a>;<\/li>\n\n\n\n<li>Yukar\u0131daki oranlar yaln\u0131zca tahminidir ve bu makalenin yay\u0131nland\u0131\u011f\u0131 tarihten (Ekim 2022) bu yana de\u011fi\u015fmi\u015f olabilir. Bunlar, a\u015fa\u011f\u0131dakilerden en d\u00fc\u015f\u00fck tahmini orana dayanmaktad\u0131r <a href=\"https:\/\/www.searates.com\" target=\"_blank\" rel=\"noreferrer noopener\">https:\/\/www.searates.com<\/a> veya <a href=\"https:\/\/www.gocomet.com\/freight-shipping-rates-index-calculator\" target=\"_blank\" rel=\"noreferrer noopener\">https:\/\/www.gocomet.com<\/a>;<\/li>\n\n\n\n<li>Sizin i\u00e7in maliyet hakk\u0131nda daha do\u011fru bir fikir edinmek i\u00e7in l\u00fctfen bu sayfan\u0131n \u00fcst k\u0131sm\u0131ndaki teklif formunu kullan\u0131n;<\/li>\n\n\n\n<li>L\u00fctfen \u015fu konulardaki k\u0131lavuzumuza da bak\u0131n <a href=\"https:\/\/moverdb.com\/tr\/konteyner-tasimaciligi\/\" target=\"_blank\" rel=\"noreferrer noopener\">uluslararas\u0131 konteyner ta\u015f\u0131mac\u0131l\u0131\u011f\u0131<\/a>.<\/li>\n<\/ul>","protected":false},"excerpt":{"rendered":"<p>Trinidad and Tobago is another Caribbean jewel that attracts with its tropical beaches and vibrant cultural hotspots. This dual island country is close to both Central and South America so the travel opportunities are numerous and convenient. This popular island is known for its exciting nightlife and an abundance of other entertaining pursuits. Its infrastructure [&hellip;]<\/p>\n","protected":false},"author":2,"featured_media":5361,"parent":44,"menu_order":0,"comment_status":"closed","ping_status":"closed","template":"","meta":{"_genesis_hide_title":false,"_genesis_hide_breadcrumbs":false,"_genesis_hide_singular_image":false,"_genesis_hide_footer_widgets":false,"_genesis_custom_body_class":"","_genesis_custom_post_class":"","_genesis_layout":"","footnotes":""},"class_list":{"0":"post-5374","1":"page","2":"type-page","3":"status-publish","4":"has-post-thumbnail","6":"entry"},"_links":{"self":[{"href":"https:\/\/moverdb.com\/tr\/wp-json\/wp\/v2\/pages\/5374","targetHints":{"allow":["GET"]}}],"collection":[{"href":"https:\/\/moverdb.com\/tr\/wp-json\/wp\/v2\/pages"}],"about":[{"href":"https:\/\/moverdb.com\/tr\/wp-json\/wp\/v2\/types\/page"}],"author":[{"embeddable":true,"href":"https:\/\/moverdb.com\/tr\/wp-json\/wp\/v2\/users\/2"}],"replies":[{"embeddable":true,"href":"https:\/\/moverdb.com\/tr\/wp-json\/wp\/v2\/comments?post=5374"}],"version-history":[{"count":1,"href":"https:\/\/moverdb.com\/tr\/wp-json\/wp\/v2\/pages\/5374\/revisions"}],"predecessor-version":[{"id":5375,"href":"https:\/\/moverdb.com\/tr\/wp-json\/wp\/v2\/pages\/5374\/revisions\/5375"}],"up":[{"embeddable":true,"href":"https:\/\/moverdb.com\/tr\/wp-json\/wp\/v2\/pages\/44"}],"wp:featuredmedia":[{"embeddable":true,"href":"https:\/\/moverdb.com\/tr\/wp-json\/wp\/v2\/media\/5361"}],"wp:attachment":[{"href":"https:\/\/moverdb.com\/tr\/wp-json\/wp\/v2\/media?parent=5374"}],"curies":[{"name":"wp","href":"https:\/\/api.w.org\/{rel}","templated":true}]}}