{"id":5242,"date":"2022-10-24T11:48:27","date_gmt":"2022-10-24T11:48:27","guid":{"rendered":"https:\/\/moverdb.com\/?page_id=5242"},"modified":"2026-01-08T15:29:48","modified_gmt":"2026-01-08T15:29:48","slug":"botswana-tasimacilik-si%cc%87rketleri%cc%87","status":"publish","type":"page","link":"https:\/\/moverdb.com\/tr\/moving-companies\/botswana-moving-companies\/","title":{"rendered":"Botsvana'daki En \u0130yi Uluslararas\u0131 Nakliye \u015eirketleri"},"content":{"rendered":"<p>Botsvana i\u00e7inde veya Botsvana'ya ya da Botsvana'dan ta\u015f\u0131nmay\u0131 m\u0131 planl\u0131yorsunuz? \u0130ster evinizi ister i\u015f yerinizi ta\u015f\u0131yor olun, bir nakliye \u015firketinin hizmetlerinden yararlanmak <a href=\"https:\/\/moverdb.com\/tr\/moving-companies\/\" data-internallinksmanager029f6b8e52c=\"79\" title=\"\u00c7evrimi\u00e7i En \u0130yi 25 Uluslararas\u0131 Nakliye \u015eirketi\">ta\u015finma \u015fi\u0307rketi\u0307<\/a> y\u00fck\u00fcn\u00fcz\u00fc hafifletmeye yard\u0131mc\u0131 olabilir. Size yard\u0131mc\u0131 olmak i\u00e7in Botsvana'n\u0131n bir listesini derledik <a href=\"https:\/\/moverdb.com\/tr\/international-removals\/\" data-internallinksmanager029f6b8e52c=\"27\" title=\"36 \u0130ngiltere&#039;deki En \u0130yi Uluslararas\u0131 Nakliye \u015eirketleri\">nakli\u0307ye \u015fi\u0307rketleri\u0307<\/a> \u00fcyeleri olan a\u015fa\u011f\u0131daki <a href=\"https:\/\/moverdb.com\/tr\/iam\/\" data-internallinksmanager029f6b8e52c=\"23\" title=\"Uluslararas\u0131 Ta\u015f\u0131mac\u0131lar Birli\u011fi (IAM) A\u00e7\u0131klamas\u0131\">Uluslararas\u0131 Ta\u015f\u0131mac\u0131lar Birli\u011fi<\/a> (IAM) ve\/veya <a href=\"https:\/\/moverdb.com\/tr\/fidi-faim\/\" data-internallinksmanager029f6b8e52c=\"16\" title=\"FIDI &amp; FAIM (FIDI Akredite Uluslararas\u0131 Ta\u015f\u0131mac\u0131) A\u00e7\u0131klamas\u0131\">FIDI<\/a> Akredite Uluslararas\u0131 Ta\u015f\u0131y\u0131c\u0131 (FAIM).<\/p>\n<h2><strong>AGS Worldwide Movers<\/strong><\/h2>\n<p><em><img loading=\"lazy\" decoding=\"async\" class=\"alignnone size-full wp-image-5137\" src=\"https:\/\/moverdb.com\/wp-content\/uploads\/AGS-Wroldwide-Movers-international-moving-company.png\" alt=\"AGS Wroldwide Movers uluslararas\u0131 ta\u015f\u0131ma \u015firketi\" width=\"1440\" height=\"680\" data-wp-pid=\"5137\" srcset=\"https:\/\/moverdb.com\/wp-content\/uploads\/AGS-Wroldwide-Movers-international-moving-company.png 1440w, https:\/\/moverdb.com\/wp-content\/uploads\/AGS-Wroldwide-Movers-international-moving-company-300x142.png 300w, https:\/\/moverdb.com\/wp-content\/uploads\/AGS-Wroldwide-Movers-international-moving-company-1024x484.png 1024w, https:\/\/moverdb.com\/wp-content\/uploads\/AGS-Wroldwide-Movers-international-moving-company-18x9.png 18w, https:\/\/moverdb.com\/wp-content\/uploads\/AGS-Wroldwide-Movers-international-moving-company-600x283.png 600w\" sizes=\"auto, (max-width: 1440px) 100vw, 1440px\" \/><\/em><\/p>\n<ul>\n<li>Yerel ve ulusal hamleler<\/li>\n<li>Uluslararas\u0131 Ta\u015f\u0131malar<\/li>\n<li>Ofisler i\u00e7in ticari ta\u015f\u0131nmalar<\/li>\n<li>Evden eve nakliyat<\/li>\n<li>Ki\u015fiye \u00f6zel hizmet<\/li>\n<li>Kap\u0131dan kap\u0131ya hizmet sa\u011flar<\/li>\n<li>Uluslararas\u0131 standartlarda \u00e7al\u0131\u015fan e\u011fitimli paketleyiciler<\/li>\n<li>Yenilik\u00e7i ambalaj malzemeleri kullan\u0131n<\/li>\n<li>Ara\u00e7 yer de\u011fi\u015ftirme<\/li>\n<li>G\u00fcvenli depolama tesisleri<\/li>\n<\/ul>\n<p>AGS Worldwide Movers 1974 y\u0131l\u0131nda kurulmu\u015f uluslararas\u0131 bir \u015firkettir ve Botsvana da dahil olmak \u00fczere Avrupa, Asya ve Afrika'y\u0131 kapsayan 97 \u00fclkede 146 lokasyona sahiptir. Amerika ve Okyanusya'da bu \u00fclkelerde hizmet vermek \u00fczere bir ortak a\u011f\u0131na sahiptir. Botsvana \u015fubesi IAM \u00fcyesi olarak 41 y\u0131ld\u0131r hizmet vermektedir ve FIDI taraf\u0131ndan akredite edilmi\u015ftir.<\/p>\n<p>AGS Worldwide Movers, Botsvana'da ve d\u00fcnyan\u0131n d\u00f6rt bir yan\u0131nda fiyat teklifi, takip ve teslimatlara yard\u0131mc\u0131 olmak i\u00e7in en son teknolojiyi kullanarak ta\u015f\u0131ma hizmetleri sunmaktad\u0131r. Uluslararas\u0131 paketleme standartlar\u0131 ve tekniklerinin yan\u0131 s\u0131ra y\u00fcksek kaliteli paketleme malzemeleri kullanan e\u011fitimli paketleyiciler istihdam etmektedirler. Ayr\u0131ca ara\u00e7 ta\u015f\u0131ma hizmetleri ve g\u00fcvenli depolama olanaklar\u0131 da sunmaktad\u0131rlar.<\/p>\n<p>Web sitesi: <a href=\"https:\/\/www.agsmovers.com\" target=\"_blank\" rel=\"noopener\">https:\/\/www.agsmovers.com<\/a><\/p>","protected":false},"excerpt":{"rendered":"<p>Are you planning a move within Botswana, or to or from Botswana? Whether you are moving your home or your business, engaging the services of a moving company can help lighten the load. To assist you we have compiled a list of Botswana removal companies below that are members of the International Association of Movers [&hellip;]<\/p>\n","protected":false},"author":4,"featured_media":0,"parent":190,"menu_order":0,"comment_status":"closed","ping_status":"closed","template":"","meta":{"_genesis_hide_title":false,"_genesis_hide_breadcrumbs":false,"_genesis_hide_singular_image":false,"_genesis_hide_footer_widgets":false,"_genesis_custom_body_class":"","_genesis_custom_post_class":"","_genesis_layout":"","footnotes":""},"class_list":{"0":"post-5242","1":"page","2":"type-page","3":"status-publish","5":"entry"},"_links":{"self":[{"href":"https:\/\/moverdb.com\/tr\/wp-json\/wp\/v2\/pages\/5242","targetHints":{"allow":["GET"]}}],"collection":[{"href":"https:\/\/moverdb.com\/tr\/wp-json\/wp\/v2\/pages"}],"about":[{"href":"https:\/\/moverdb.com\/tr\/wp-json\/wp\/v2\/types\/page"}],"author":[{"embeddable":true,"href":"https:\/\/moverdb.com\/tr\/wp-json\/wp\/v2\/users\/4"}],"replies":[{"embeddable":true,"href":"https:\/\/moverdb.com\/tr\/wp-json\/wp\/v2\/comments?post=5242"}],"version-history":[{"count":1,"href":"https:\/\/moverdb.com\/tr\/wp-json\/wp\/v2\/pages\/5242\/revisions"}],"predecessor-version":[{"id":5243,"href":"https:\/\/moverdb.com\/tr\/wp-json\/wp\/v2\/pages\/5242\/revisions\/5243"}],"up":[{"embeddable":true,"href":"https:\/\/moverdb.com\/tr\/wp-json\/wp\/v2\/pages\/190"}],"wp:attachment":[{"href":"https:\/\/moverdb.com\/tr\/wp-json\/wp\/v2\/media?parent=5242"}],"curies":[{"name":"wp","href":"https:\/\/api.w.org\/{rel}","templated":true}]}}