{"id":5237,"date":"2022-10-24T11:50:03","date_gmt":"2022-10-24T11:50:03","guid":{"rendered":"https:\/\/moverdb.com\/?page_id=5237"},"modified":"2026-01-08T15:24:38","modified_gmt":"2026-01-08T15:24:38","slug":"bolivya-tasima-sirketleri","status":"publish","type":"page","link":"https:\/\/moverdb.com\/tr\/moving-companies\/bolivia-moving-companies\/","title":{"rendered":"Bolivya'daki En \u0130yi 4 Uluslararas\u0131 Nakliye \u015eirketi"},"content":{"rendered":"<p>Bolivya'daki evinizi ya da i\u015f yerinizi Bolivya'ya ya da Bolivya'dan ta\u015f\u0131mak istiyorsan\u0131z, ta\u015f\u0131nma i\u00e7in gereken stresi ve \u00e7al\u0131\u015fmay\u0131 azaltmak i\u00e7in biraz destek isteyebilirsiniz. A\u015fa\u011f\u0131da Bolivya'dan ta\u015f\u0131nmak isteyenlerin bir listesini derledik. <a href=\"https:\/\/moverdb.com\/tr\/international-removals\/\" data-internallinksmanager029f6b8e52c=\"27\" title=\"36 \u0130ngiltere&#039;deki En \u0130yi Uluslararas\u0131 Nakliye \u015eirketleri\">nakli\u0307ye \u015fi\u0307rketleri\u0307<\/a> \u00fcyesi olan <a href=\"https:\/\/moverdb.com\/tr\/iam\/\" data-internallinksmanager029f6b8e52c=\"23\" title=\"Uluslararas\u0131 Ta\u015f\u0131mac\u0131lar Birli\u011fi (IAM) A\u00e7\u0131klamas\u0131\">Uluslararas\u0131 Ta\u015f\u0131mac\u0131lar Birli\u011fi<\/a> (IAM) ve\/veya <a href=\"https:\/\/moverdb.com\/tr\/fidi-faim\/\" data-internallinksmanager029f6b8e52c=\"16\" title=\"FIDI &amp; FAIM (FIDI Akredite Uluslararas\u0131 Ta\u015f\u0131mac\u0131) A\u00e7\u0131klamas\u0131\">FIDI<\/a> Size yard\u0131mc\u0131 olabilecek Akredite Uluslararas\u0131 Ta\u015f\u0131mac\u0131lar (FAIM).<\/p>\n<div id=\"ez-toc-container\" class=\"ez-toc-v2_0_82_2 ez-toc-wrap-left counter-hierarchy ez-toc-counter ez-toc-transparent ez-toc-container-direction\">\n<div class=\"ez-toc-title-container\">\n<p class=\"ez-toc-title\" style=\"cursor:inherit\">B\u00f6l\u00fcmler<\/p>\n<span class=\"ez-toc-title-toggle\"><a href=\"#\" class=\"ez-toc-pull-right ez-toc-btn ez-toc-btn-xs ez-toc-btn-default ez-toc-toggle\" aria-label=\"\u0130\u00e7indekiler Tablosunu A\u00e7\/Kapat\"><span class=\"ez-toc-js-icon-con\"><span class=\"\"><span class=\"eztoc-hide\" style=\"display:none;\">Ge\u00e7i\u015f<\/span><span class=\"ez-toc-icon-toggle-span\"><svg style=\"fill: #999;color:#999\" xmlns=\"http:\/\/www.w3.org\/2000\/svg\" class=\"list-377408\" width=\"20px\" height=\"20px\" viewbox=\"0 0 24 24\" fill=\"none\"><path d=\"M6 6H4v2h2V6zm14 0H8v2h12V6zM4 11h2v2H4v-2zm16 0H8v2h12v-2zM4 16h2v2H4v-2zm16 0H8v2h12v-2z\" fill=\"currentColor\"><\/path><\/svg><svg style=\"fill: #999;color:#999\" class=\"arrow-unsorted-368013\" xmlns=\"http:\/\/www.w3.org\/2000\/svg\" width=\"10px\" height=\"10px\" viewbox=\"0 0 24 24\" version=\"1.2\" baseprofile=\"tiny\"><path d=\"M18.2 9.3l-6.2-6.3-6.2 6.3c-.2.2-.3.4-.3.7s.1.5.3.7c.2.2.4.3.7.3h11c.3 0 .5-.1.7-.3.2-.2.3-.5.3-.7s-.1-.5-.3-.7zM5.8 14.7l6.2 6.3 6.2-6.3c.2-.2.3-.5.3-.7s-.1-.5-.3-.7c-.2-.2-.4-.3-.7-.3h-11c-.3 0-.5.1-.7.3-.2.2-.3.5-.3.7s.1.5.3.7z\"\/><\/svg><\/span><\/span><\/span><\/a><\/span><\/div>\n<nav><ul class='ez-toc-list ez-toc-list-level-1 eztoc-toggle-hide-by-default' ><li class='ez-toc-page-1 ez-toc-heading-level-2'><a class=\"ez-toc-link ez-toc-heading-1\" href=\"https:\/\/moverdb.com\/tr\/moving-companies\/bolivia-moving-companies\/#1_Bolivian_Movers\" >1. Bolivya Ta\u015f\u0131mac\u0131lar\u0131<\/a><\/li><li class='ez-toc-page-1 ez-toc-heading-level-2'><a class=\"ez-toc-link ez-toc-heading-2\" href=\"https:\/\/moverdb.com\/tr\/moving-companies\/bolivia-moving-companies\/#2_Express_Cargo_Services\" >2. Ekspres Kargo Hizmetleri<\/a><\/li><li class='ez-toc-page-1 ez-toc-heading-level-2'><a class=\"ez-toc-link ez-toc-heading-3\" href=\"https:\/\/moverdb.com\/tr\/moving-companies\/bolivia-moving-companies\/#3_Total_Bolivian_Moving\" >3. Toplam Bolivya Ta\u015f\u0131nma<\/a><\/li><li class='ez-toc-page-1 ez-toc-heading-level-2'><a class=\"ez-toc-link ez-toc-heading-4\" href=\"https:\/\/moverdb.com\/tr\/moving-companies\/bolivia-moving-companies\/#4_Inbolpack\" >4. Inbolpack<\/a><\/li><\/ul><\/nav><\/div>\n<h2><span class=\"ez-toc-section\" id=\"1_Bolivian_Movers\"><\/span><strong>1. Bolivya Ta\u015f\u0131mac\u0131lar\u0131<\/strong><span class=\"ez-toc-section-end\"><\/span><\/h2>\n<p><em><img loading=\"lazy\" decoding=\"async\" class=\"alignnone size-full wp-image-5150\" src=\"https:\/\/moverdb.com\/wp-content\/uploads\/Bolivian-Movers-international-moving-company.png\" alt=\"Bolivian Movers uluslararas\u0131 nakliye \u015firketi\" width=\"1440\" height=\"671\" data-wp-pid=\"5150\" srcset=\"https:\/\/moverdb.com\/wp-content\/uploads\/Bolivian-Movers-international-moving-company.png 1440w, https:\/\/moverdb.com\/wp-content\/uploads\/Bolivian-Movers-international-moving-company-300x140.png 300w, https:\/\/moverdb.com\/wp-content\/uploads\/Bolivian-Movers-international-moving-company-1024x477.png 1024w, https:\/\/moverdb.com\/wp-content\/uploads\/Bolivian-Movers-international-moving-company-18x8.png 18w, https:\/\/moverdb.com\/wp-content\/uploads\/Bolivian-Movers-international-moving-company-600x280.png 600w\" sizes=\"auto, (max-width: 1440px) 100vw, 1440px\" \/><\/em><\/p>\n<ul>\n<li>Ulusal hamleler<\/li>\n<li>Uluslararas\u0131 Ta\u015f\u0131malar<\/li>\n<li>Ev hareketleri<\/li>\n<li>Ofis ta\u015f\u0131ma<\/li>\n<li>Ta\u015f\u0131nman\u0131zda tek irtibat noktas\u0131<\/li>\n<li>Modern filo ve ekipman<\/li>\n<li>Y\u00fcksek kaliteli malzemelerle profesyonel paketleme<\/li>\n<li>Sanat\u0131n ta\u015f\u0131nmas\u0131<\/li>\n<li>Evcil hayvanlar\u0131n ta\u015f\u0131nmas\u0131<\/li>\n<li>G\u00fcvenli depolama tesisleri<\/li>\n<\/ul>\n<p>Bolivian Movers 1974 y\u0131l\u0131nda Bolivya'da ve daha uzak b\u00f6lgelerde ta\u015f\u0131nma hizmetleri sunmak \u00fczere kurulmu\u015ftur. IAM \u00fcyesidirler ve 48 y\u0131ld\u0131r hizmet vermektedirler. D\u00fcnyan\u0131n herhangi bir yerindeki ta\u015f\u0131nman\u0131z\u0131 desteklemelerini sa\u011flamak i\u00e7in uluslararas\u0131 bir nakliyeci a\u011f\u0131n\u0131n par\u00e7as\u0131d\u0131rlar. Modern bir ara\u00e7 ve ekipman filosuna sahiptirler ve ta\u015f\u0131nman\u0131z\u0131 denetlemek i\u00e7in size bir irtibat ki\u015fisi verirler.<\/p>\n<p>Bolivian Movers, y\u00fcksek kaliteli malzemeler ve akredite paketleme tekniklerine sahip uzman paketleyiciler kullanan profesyonel bir paketleme hizmeti sunmaktad\u0131r. Ayr\u0131ca evcil hayvan ta\u015f\u0131ma hizmetleri de sunuyor ve mevcut d\u00fczenlemeler hakk\u0131nda tavsiyelerde bulunuyorlar. Ayr\u0131ca g\u00fcvenli depolama olanaklar\u0131 da sunarlar.<\/p>\n<p>Web sitesi: <a href=\"http:\/\/www.bolivianmovers.com\" target=\"_blank\" rel=\"noopener\">http:\/\/www.bolivianmovers.com<\/a><\/p>\n<h2><span class=\"ez-toc-section\" id=\"2_Express_Cargo_Services\"><\/span><strong>2. Ekspres Kargo Hizmetleri<\/strong><span class=\"ez-toc-section-end\"><\/span><\/h2>\n<p><em><img loading=\"lazy\" decoding=\"async\" class=\"alignnone size-full wp-image-5166\" src=\"https:\/\/moverdb.com\/wp-content\/uploads\/Express-Cargo-Services-international-moving-company.png\" alt=\"Express Kargo Hizmetleri uluslararas\u0131 ta\u015f\u0131ma \u015firketi\" width=\"1440\" height=\"680\" data-wp-pid=\"5166\" srcset=\"https:\/\/moverdb.com\/wp-content\/uploads\/Express-Cargo-Services-international-moving-company.png 1440w, https:\/\/moverdb.com\/wp-content\/uploads\/Express-Cargo-Services-international-moving-company-300x142.png 300w, https:\/\/moverdb.com\/wp-content\/uploads\/Express-Cargo-Services-international-moving-company-1024x484.png 1024w, https:\/\/moverdb.com\/wp-content\/uploads\/Express-Cargo-Services-international-moving-company-18x9.png 18w, https:\/\/moverdb.com\/wp-content\/uploads\/Express-Cargo-Services-international-moving-company-600x283.png 600w\" sizes=\"auto, (max-width: 1440px) 100vw, 1440px\" \/><\/em><\/p>\n<ul>\n<li>Ulusal hamleler<\/li>\n<li>Uluslararas\u0131 Ta\u015f\u0131malar<\/li>\n<li>Konut Ta\u015f\u0131malar\u0131<\/li>\n<li>Kamyonet ve kamyonlardan olu\u015fan bir filo<\/li>\n<li>Kara, deniz ve hava ta\u015f\u0131mac\u0131l\u0131\u011f\u0131<\/li>\n<li>Paketleme hizmetleri<\/li>\n<li>\u0130hracat ve ithalat g\u00fcmr\u00fck i\u015flemleri<\/li>\n<li>Sanat eserleri ta\u015f\u0131mac\u0131l\u0131\u011f\u0131<\/li>\n<li>Evcil hayvanlar\u0131n ta\u015f\u0131nmas\u0131<\/li>\n<li>G\u00fcvenli depolama<\/li>\n<\/ul>\n<p>Express Cargo Services 1989 y\u0131l\u0131nda Bolivya'da bir nakliye \u015firketi olarak kurulmu\u015ftur. Bolivya i\u00e7inde veya Bolivya'ya ya da d\u00fcnyan\u0131n herhangi bir yerine ta\u015f\u0131nmak isteyen konut m\u00fc\u015fterileri i\u00e7in bir dizi kald\u0131rma hizmeti sunarlar. Onlar 33 y\u0131ll\u0131k hizmet ile IAM \u00fcyeleridir.<\/p>\n<p>Express Kargo Hizmetleri, d\u00fcnyan\u0131n herhangi bir \u00fclkesine ve \u00fclkesinden kap\u0131dan kap\u0131ya hizmet sunmaktad\u0131r. Bolivya'daki ta\u015f\u0131nmalar\u0131 kolayla\u015ft\u0131rmak i\u00e7in kendi kamyonet ve kamyon filolar\u0131n\u0131 i\u015fletmekte ve kara, deniz ve hava ta\u015f\u0131mac\u0131l\u0131\u011f\u0131n\u0131 kullanarak uluslararas\u0131 ortaklarla ve nakliye acenteleriyle \u00e7al\u0131\u015fmaktad\u0131rlar. Paketleme hizmetleri, g\u00fcmr\u00fck deste\u011fi, sanat eserlerinin ta\u015f\u0131nmas\u0131, evcil hayvanlar\u0131n ta\u015f\u0131nmas\u0131 ve g\u00fcvenli depolama olanaklar\u0131 sa\u011flarlar.<\/p>\n<p>Web sitesi: <a href=\"http:\/\/www.expresscargobolivia.com\" target=\"_blank\" rel=\"noopener\">http:\/\/www.expresscargobolivia.com<\/a><\/p>\n<h2><span class=\"ez-toc-section\" id=\"3_Total_Bolivian_Moving\"><\/span><strong>3. Toplam Bolivya Ta\u015f\u0131nma<\/strong><span class=\"ez-toc-section-end\"><\/span><\/h2>\n<p><em><img loading=\"lazy\" decoding=\"async\" class=\"alignnone size-full wp-image-5210\" src=\"https:\/\/moverdb.com\/wp-content\/uploads\/Total-Bolivian-Moving-international-moving-company.png\" alt=\"Total Bolivian Moving uluslararas\u0131 nakliye \u015firketi\" width=\"1440\" height=\"636\" data-wp-pid=\"5210\" srcset=\"https:\/\/moverdb.com\/wp-content\/uploads\/Total-Bolivian-Moving-international-moving-company.png 1440w, https:\/\/moverdb.com\/wp-content\/uploads\/Total-Bolivian-Moving-international-moving-company-300x133.png 300w, https:\/\/moverdb.com\/wp-content\/uploads\/Total-Bolivian-Moving-international-moving-company-1024x452.png 1024w, https:\/\/moverdb.com\/wp-content\/uploads\/Total-Bolivian-Moving-international-moving-company-18x8.png 18w, https:\/\/moverdb.com\/wp-content\/uploads\/Total-Bolivian-Moving-international-moving-company-600x265.png 600w\" sizes=\"auto, (max-width: 1440px) 100vw, 1440px\" \/><\/em><\/p>\n<ul>\n<li>Ulusal hamleler<\/li>\n<li>Uluslararas\u0131 Ta\u015f\u0131malar<\/li>\n<li>Konut ve ticari ta\u015f\u0131nmalar<\/li>\n<li>Ta\u015f\u0131nman\u0131z\u0131n organizasyonu ve planlanmas\u0131<\/li>\n<li>E\u011fitimli ve deneyimli personel<\/li>\n<li>Y\u00fcksek kaliteli malzemeler kullanarak paketleme hizmeti<\/li>\n<li>Sigorta<\/li>\n<li>Sanat eserlerinin ta\u015f\u0131nmas\u0131<\/li>\n<li>Ara\u00e7 ta\u015f\u0131mac\u0131l\u0131\u011f\u0131<\/li>\n<li>G\u00fcvenli depolama<\/li>\n<\/ul>\n<p>Total Bolivian Moving, Bolivya'da ve Bolivya'ya ve Bolivya'dan ta\u015f\u0131nma hizmetleri sunan La Paz merkezli bir nakliye \u015firketidir. Hizmetlerini konut m\u00fc\u015fterilerinin yan\u0131 s\u0131ra kurulu\u015flar ve i\u015fletmeler dahil olmak \u00fczere ticari m\u00fc\u015fterilere de sunmaktad\u0131rlar. Sanat eserlerinin ta\u015f\u0131nmas\u0131 konusunda uzmanla\u015fm\u0131\u015flard\u0131r. IAM \u00fcyesidirler ve 7 y\u0131ld\u0131r hizmet vermektedirler.<\/p>\n<p>Total Bolivian Moving, ta\u015f\u0131nman\u0131z\u0131 organize etmenize ve planlaman\u0131za yard\u0131mc\u0131 olacakt\u0131r. Y\u00fcksek kaliteli paketleme malzemeleri kullanarak hasar g\u00f6rmesini \u00f6nlemek i\u00e7in e\u015fyalar\u0131n\u0131z\u0131 g\u00fcvenli ve emniyetli bir \u015fekilde paketlemek i\u00e7in e\u011fitimli ve deneyimli personel sa\u011flarlar. Gerekirse e\u015fyalar\u0131n\u0131z i\u00e7in sigorta ve depolama olanaklar\u0131 sa\u011flarlar.<\/p>\n<p>Web sitesi: <a href=\"http:\/\/www.tobolmoving.com\" target=\"_blank\" rel=\"noopener\">http:\/\/www.tobolmoving.com<\/a><\/p>\n<h2><span class=\"ez-toc-section\" id=\"4_Inbolpack\"><\/span><strong>4. Inbolpack<\/strong><span class=\"ez-toc-section-end\"><\/span><\/h2>\n<p>&nbsp;<img loading=\"lazy\" decoding=\"async\" class=\"alignnone size-full wp-image-5238\" src=\"https:\/\/moverdb.com\/wp-content\/uploads\/Inbolpack-international-moving-company.png\" alt=\"\" width=\"1440\" height=\"682\" data-wp-pid=\"5238\" srcset=\"https:\/\/moverdb.com\/wp-content\/uploads\/Inbolpack-international-moving-company.png 1440w, https:\/\/moverdb.com\/wp-content\/uploads\/Inbolpack-international-moving-company-300x142.png 300w, https:\/\/moverdb.com\/wp-content\/uploads\/Inbolpack-international-moving-company-1024x485.png 1024w, https:\/\/moverdb.com\/wp-content\/uploads\/Inbolpack-international-moving-company-18x9.png 18w, https:\/\/moverdb.com\/wp-content\/uploads\/Inbolpack-international-moving-company-600x284.png 600w\" sizes=\"auto, (max-width: 1440px) 100vw, 1440px\" \/><\/p>\n<ul>\n<li>Yerel ve ulusal hamleler<\/li>\n<li>Uluslararas\u0131 Ta\u015f\u0131malar<\/li>\n<li>Ev ta\u015f\u0131ma<\/li>\n<li>Ticari Ta\u015f\u0131malar<\/li>\n<li>\u00d6zel proje ta\u015f\u0131mac\u0131l\u0131\u011f\u0131<\/li>\n<li>Kap\u0131dan kap\u0131ya hizmet<\/li>\n<li>Profesyonel paketleyiciler<\/li>\n<li>Y\u00fcksek kaliteli ambalaj malzemeleri<\/li>\n<li>\u00c7e\u015fitli ara\u00e7lardan olu\u015fan kendi filosu<\/li>\n<li>Depolama \u00e7\u00f6z\u00fcmleri<\/li>\n<\/ul>\n<p>Inbolpack, 1978 y\u0131l\u0131nda Bolivya'ya ve \u00fclkedeki yabanc\u0131 personelin varl\u0131\u011f\u0131 nedeniyle uluslararas\u0131 alanda hizmet veren bir nakliye \u015firketi olarak kurulmu\u015ftur. \u0130nsanlar\u0131n ve i\u015fletmelerin Bolivya i\u00e7inde, Bolivya'ya ve Bolivya'dan ta\u015f\u0131nmalar\u0131na yard\u0131mc\u0131 olurlar. \u015eirket 44 y\u0131ll\u0131k hizmetiyle IAM \u00fcyesidir ve FIDI taraf\u0131ndan akredite edilmi\u015ftir.<\/p>\n<p>Inbolpack, uluslararas\u0131 standartlar\u0131 kar\u015f\u0131layan ve y\u00fcksek kaliteli ambalaj malzemeleri kullanan e\u011fitimli personeli ile profesyonel bir paketleme hizmeti sunan kap\u0131dan kap\u0131ya bir ta\u015f\u0131ma hizmeti sunmaktad\u0131r. Ayr\u0131ca kamyonlar ve vin\u00e7ler i\u00e7eren kendi ara\u00e7 filolar\u0131na da sahiptirler. Ayr\u0131ca yerel ve uluslararas\u0131 kargolar i\u00e7in depolama olanaklar\u0131 da sa\u011flamaktad\u0131rlar.<\/p>\n<p>Web sitesi: <a href=\"http:\/\/www.inbolpack.net\" target=\"_blank\" rel=\"noopener\">http:\/\/www.inbolpack.net<\/a><\/p>","protected":false},"excerpt":{"rendered":"<p>If you are wanting to move home or business in Bolivia, or to or from Bolivia then you might want some support to reduce the stress and work needed for the move. Below we have compiled a list of Bolivian removal companies that are members of the International Association of Movers (IAM) and\/or FIDI Accredited [&hellip;]<\/p>\n","protected":false},"author":4,"featured_media":0,"parent":190,"menu_order":0,"comment_status":"closed","ping_status":"closed","template":"","meta":{"_genesis_hide_title":false,"_genesis_hide_breadcrumbs":false,"_genesis_hide_singular_image":false,"_genesis_hide_footer_widgets":false,"_genesis_custom_body_class":"","_genesis_custom_post_class":"","_genesis_layout":"","footnotes":""},"class_list":{"0":"post-5237","1":"page","2":"type-page","3":"status-publish","5":"entry","6":"has-post-thumbnail"},"_links":{"self":[{"href":"https:\/\/moverdb.com\/tr\/wp-json\/wp\/v2\/pages\/5237","targetHints":{"allow":["GET"]}}],"collection":[{"href":"https:\/\/moverdb.com\/tr\/wp-json\/wp\/v2\/pages"}],"about":[{"href":"https:\/\/moverdb.com\/tr\/wp-json\/wp\/v2\/types\/page"}],"author":[{"embeddable":true,"href":"https:\/\/moverdb.com\/tr\/wp-json\/wp\/v2\/users\/4"}],"replies":[{"embeddable":true,"href":"https:\/\/moverdb.com\/tr\/wp-json\/wp\/v2\/comments?post=5237"}],"version-history":[{"count":1,"href":"https:\/\/moverdb.com\/tr\/wp-json\/wp\/v2\/pages\/5237\/revisions"}],"predecessor-version":[{"id":5239,"href":"https:\/\/moverdb.com\/tr\/wp-json\/wp\/v2\/pages\/5237\/revisions\/5239"}],"up":[{"embeddable":true,"href":"https:\/\/moverdb.com\/tr\/wp-json\/wp\/v2\/pages\/190"}],"wp:attachment":[{"href":"https:\/\/moverdb.com\/tr\/wp-json\/wp\/v2\/media?parent=5237"}],"curies":[{"name":"wp","href":"https:\/\/api.w.org\/{rel}","templated":true}]}}