{"id":5231,"date":"2022-10-24T11:51:35","date_gmt":"2022-10-24T11:51:35","guid":{"rendered":"https:\/\/moverdb.com\/?page_id=5231"},"modified":"2026-01-08T15:29:47","modified_gmt":"2026-01-08T15:29:47","slug":"barbados-tasimacilik-si%cc%87rketleri%cc%87","status":"publish","type":"page","link":"https:\/\/moverdb.com\/tr\/moving-companies\/barbados-moving-companies\/","title":{"rendered":"Barbados'taki En \u0130yi Uluslararas\u0131 Nakliye \u015eirketleri"},"content":{"rendered":"<p>\u015eu \u015fehre veya \u015fu \u015fehirden ta\u015f\u0131nmay\u0131 m\u0131 d\u00fc\u015f\u00fcn\u00fcyorsunuz? <a href=\"https:\/\/moverdb.com\/tr\/moving-to-barbados\/\" data-internallinksmanager029f6b8e52c=\"344\" title=\"Barbados&#039;a m\u0131 ta\u015f\u0131n\u0131yorsunuz? 2026 Ya\u015fam Maliyetleri &amp; Yer De\u011fi\u015ftirme \u0130pu\u00e7lar\u0131\">Barbados<\/a>veya Barbados i\u00e7inde mi? O zaman evinizi veya i\u015f yerinizi paketleme ve nakliyeyi organize etme d\u00fc\u015f\u00fcncesi biraz strese neden olabilir, ancak bir nakliye \u015firketi yard\u0131mc\u0131 olabilir. A\u015fa\u011f\u0131da <a href=\"https:\/\/moverdb.com\/tr\/international-removals\/\" data-internallinksmanager029f6b8e52c=\"27\" title=\"36 \u0130ngiltere&#039;deki En \u0130yi Uluslararas\u0131 Nakliye \u015eirketleri\">nakli\u0307ye \u015fi\u0307rketleri\u0307<\/a> \u00fcyesi olan <a href=\"https:\/\/moverdb.com\/tr\/iam\/\" data-internallinksmanager029f6b8e52c=\"23\" title=\"Uluslararas\u0131 Ta\u015f\u0131mac\u0131lar Birli\u011fi (IAM) A\u00e7\u0131klamas\u0131\">Uluslararas\u0131 Ta\u015f\u0131mac\u0131lar Birli\u011fi<\/a> (IAM) ve\/veya <a href=\"https:\/\/moverdb.com\/tr\/fidi-faim\/\" data-internallinksmanager029f6b8e52c=\"16\" title=\"FIDI &amp; FAIM (FIDI Akredite Uluslararas\u0131 Ta\u015f\u0131mac\u0131) A\u00e7\u0131klamas\u0131\">FIDI<\/a> Barbados'ta Akredite Uluslararas\u0131 Ta\u015f\u0131y\u0131c\u0131 (FAIM).<\/p>\n<h2><strong>1. Michael Greaves Ortaklar\u0131<\/strong><\/h2>\n<p><em><img loading=\"lazy\" decoding=\"async\" class=\"alignnone size-full wp-image-5186\" src=\"https:\/\/moverdb.com\/wp-content\/uploads\/Michael-Greaves-Associates-international-moving-company.png\" alt=\"Michael Greaves Associates uluslararas\u0131 ta\u015f\u0131ma \u015firketi\" width=\"1440\" height=\"681\" data-wp-pid=\"5186\" srcset=\"https:\/\/moverdb.com\/wp-content\/uploads\/Michael-Greaves-Associates-international-moving-company.png 1440w, https:\/\/moverdb.com\/wp-content\/uploads\/Michael-Greaves-Associates-international-moving-company-300x142.png 300w, https:\/\/moverdb.com\/wp-content\/uploads\/Michael-Greaves-Associates-international-moving-company-1024x484.png 1024w, https:\/\/moverdb.com\/wp-content\/uploads\/Michael-Greaves-Associates-international-moving-company-18x9.png 18w, https:\/\/moverdb.com\/wp-content\/uploads\/Michael-Greaves-Associates-international-moving-company-600x284.png 600w\" sizes=\"auto, (max-width: 1440px) 100vw, 1440px\" \/><\/em><\/p>\n<ul>\n<li>Ulusal ta\u015f\u0131nmalar<\/li>\n<li>Uluslararas\u0131 ta\u015f\u0131nmalar<\/li>\n<li>Ticari ve konut ta\u015f\u0131malar\u0131<\/li>\n<li>Ki\u015fiye \u00f6zel hizmet<\/li>\n<li>Deneyimli profesyoneller<\/li>\n<li>G\u00fcmr\u00fck komisyonculu\u011fu ve g\u00fcmr\u00fckleme<\/li>\n<li>Kargo sigortas\u0131<\/li>\n<li>Evcil hayvan ta\u015f\u0131ma<\/li>\n<li>Ara\u00e7 ve tekne ta\u015f\u0131mac\u0131l\u0131\u011f\u0131<\/li>\n<li>Depolama tesisleri<\/li>\n<\/ul>\n<p>Michael Greaves Associates 1981 y\u0131l\u0131nda kurulmu\u015f Barbados merkezli bir yer de\u011fi\u015ftirme, ta\u015f\u0131nma, nakliye ve arac\u0131l\u0131k hizmetidir. IAM \u00fcyesidir ve 41 y\u0131ld\u0131r hizmet vermektedir. Barbados i\u00e7inde ve uluslararas\u0131 alanda yer de\u011fi\u015ftirme hizmetleri sunmaktad\u0131rlar.<\/p>\n<p>Michael Greaves Associates, planlamadan yeni evinize yerle\u015fmeye kadar ta\u015f\u0131nman\u0131z\u0131n her a\u015famas\u0131nda yard\u0131mc\u0131 olan \u00f6zel bir ta\u015f\u0131nma hizmeti sunmaktad\u0131r. Evinizi veya ofisinizi inceleyecek, tahmini bir fiyat sunacak ve \u00f6zel gereksinimlerinizi not edeceklerdir. E\u015fyalar\u0131n\u0131z\u0131 onayl\u0131 teknikler ve malzemeler kullanarak paketleyeceklerdir. Ayr\u0131ca kargo sigortas\u0131, g\u00fcmr\u00fck arac\u0131l\u0131\u011f\u0131 ve g\u00fcmr\u00fckleme hizmetlerinin yan\u0131 s\u0131ra evcil hayvanlar\u0131n, ara\u00e7lar\u0131n ve teknelerin ta\u015f\u0131nmas\u0131 i\u00e7in uzman hizmetler de sunarlar.<\/p>\n<p>Web sitesi: <a href=\"http:\/\/www.mgassociates.net\" target=\"_blank\" rel=\"noopener\">http:\/\/www.mgassociates.net<\/a><\/p>\n<h2>Barbados i\u00e7in Di\u011fer Faydal\u0131 K\u0131lavuzlar<\/h2>\n<ul>\n<li> <a href=\"https:\/\/moverdb.com\/tr\/konteyner-tasimaciligi\/barbados\/\">2024 Barbados'a ve Barbados'tan Deniz Ta\u015f\u0131mac\u0131l\u0131\u011f\u0131 Konteyner Nakliye Fiyatlar\u0131<\/a><\/li>\n<li> <a href=\"https:\/\/moverdb.com\/tr\/moving-to-barbados\/\">Barbados'a m\u0131 ta\u015f\u0131n\u0131yorsunuz? 2026 Ya\u015fam Maliyetleri &amp; Yer De\u011fi\u015ftirme \u0130pu\u00e7lar\u0131<\/a><\/li>\n<li> <a href=\"https:\/\/moverdb.com\/tr\/moving-to-barbados\/living-in-barbados\/\">21 Barbados'ta Ya\u015fam Hakk\u0131nda Ta\u015f\u0131nmadan \u00d6nce Bilmeniz Gereken S\u0131rlar<\/a><\/li>\n<\/ul>","protected":false},"excerpt":{"rendered":"<p>Are you thinking of moving to or from Barbados, or within Barbados? Then the thought of packing up your home or business and organising the shipping might be causing some stress, but a removal company could help. Below are the removal companies that are members of the International Association of Movers (IAM) and\/or FIDI Accredited [&hellip;]<\/p>\n","protected":false},"author":4,"featured_media":0,"parent":190,"menu_order":0,"comment_status":"closed","ping_status":"closed","template":"","meta":{"_genesis_hide_title":false,"_genesis_hide_breadcrumbs":false,"_genesis_hide_singular_image":false,"_genesis_hide_footer_widgets":false,"_genesis_custom_body_class":"","_genesis_custom_post_class":"","_genesis_layout":"","footnotes":""},"class_list":{"0":"post-5231","1":"page","2":"type-page","3":"status-publish","5":"entry","6":"has-post-thumbnail"},"_links":{"self":[{"href":"https:\/\/moverdb.com\/tr\/wp-json\/wp\/v2\/pages\/5231","targetHints":{"allow":["GET"]}}],"collection":[{"href":"https:\/\/moverdb.com\/tr\/wp-json\/wp\/v2\/pages"}],"about":[{"href":"https:\/\/moverdb.com\/tr\/wp-json\/wp\/v2\/types\/page"}],"author":[{"embeddable":true,"href":"https:\/\/moverdb.com\/tr\/wp-json\/wp\/v2\/users\/4"}],"replies":[{"embeddable":true,"href":"https:\/\/moverdb.com\/tr\/wp-json\/wp\/v2\/comments?post=5231"}],"version-history":[{"count":2,"href":"https:\/\/moverdb.com\/tr\/wp-json\/wp\/v2\/pages\/5231\/revisions"}],"predecessor-version":[{"id":18281,"href":"https:\/\/moverdb.com\/tr\/wp-json\/wp\/v2\/pages\/5231\/revisions\/18281"}],"up":[{"embeddable":true,"href":"https:\/\/moverdb.com\/tr\/wp-json\/wp\/v2\/pages\/190"}],"wp:attachment":[{"href":"https:\/\/moverdb.com\/tr\/wp-json\/wp\/v2\/media?parent=5231"}],"curies":[{"name":"wp","href":"https:\/\/api.w.org\/{rel}","templated":true}]}}