{"id":5228,"date":"2022-10-24T11:52:12","date_gmt":"2022-10-24T11:52:12","guid":{"rendered":"https:\/\/moverdb.com\/?page_id=5228"},"modified":"2026-01-08T15:25:04","modified_gmt":"2026-01-08T15:25:04","slug":"banglades-tasimacilik-si%cc%87rketleri%cc%87","status":"publish","type":"page","link":"https:\/\/moverdb.com\/tr\/moving-companies\/bangladesh-moving-companies\/","title":{"rendered":"Banglade\u015f'teki En \u0130yi 5 Uluslararas\u0131 Nakliye \u015eirketi"},"content":{"rendered":"<p>E\u011fer bir eve ta\u015f\u0131n\u0131yorsan\u0131z <a href=\"https:\/\/moverdb.com\/tr\/moving-to-bangladesh\/\" data-internallinksmanager029f6b8e52c=\"419\" title=\"Banglade\u015f&#039;e mi Ta\u015f\u0131n\u0131yorsunuz? 2026 Ya\u015fam Maliyetleri &amp; Yer De\u011fi\u015ftirme \u0130pu\u00e7lar\u0131\">Banglade\u015f<\/a> Banglade\u015f'e veya Banglade\u015f'ten ta\u015f\u0131nmak \u00fczereyseniz, bir <a href=\"https:\/\/moverdb.com\/tr\/international-removals\/\" data-internallinksmanager029f6b8e52c=\"27\" title=\"36 \u0130ngiltere&#039;deki En \u0130yi Uluslararas\u0131 Nakliye \u015eirketleri\">nakli\u0307ye \u015fi\u0307rketi\u0307<\/a> ta\u015f\u0131nma s\u00fcrecini kolayla\u015ft\u0131rmaya yard\u0131mc\u0131 olmak i\u00e7in. Ta\u015f\u0131nmak stresli bir s\u00fcre\u00e7tir, bu nedenle a\u015fa\u011f\u0131da, T\u00fcrkiye'de faaliyet g\u00f6steren <a href=\"https:\/\/moverdb.com\/tr\/iam\/\" data-internallinksmanager029f6b8e52c=\"23\" title=\"Uluslararas\u0131 Ta\u015f\u0131mac\u0131lar Birli\u011fi (IAM) A\u00e7\u0131klamas\u0131\">Uluslararas\u0131 Ta\u015f\u0131mac\u0131lar Birli\u011fi<\/a> (IAM) ve\/veya <a href=\"https:\/\/moverdb.com\/tr\/fidi-faim\/\" data-internallinksmanager029f6b8e52c=\"16\" title=\"FIDI &amp; FAIM (FIDI Akredite Uluslararas\u0131 Ta\u015f\u0131mac\u0131) A\u00e7\u0131klamas\u0131\">FIDI<\/a> Size yard\u0131mc\u0131 olabilecek Akredite Uluslararas\u0131 Ta\u015f\u0131mac\u0131lar (FAIM).<\/p>\n<div id=\"ez-toc-container\" class=\"ez-toc-v2_0_82_2 ez-toc-wrap-left counter-hierarchy ez-toc-counter ez-toc-transparent ez-toc-container-direction\">\n<div class=\"ez-toc-title-container\">\n<p class=\"ez-toc-title\" style=\"cursor:inherit\">B\u00f6l\u00fcmler<\/p>\n<span class=\"ez-toc-title-toggle\"><a href=\"#\" class=\"ez-toc-pull-right ez-toc-btn ez-toc-btn-xs ez-toc-btn-default ez-toc-toggle\" aria-label=\"\u0130\u00e7indekiler Tablosunu A\u00e7\/Kapat\"><span class=\"ez-toc-js-icon-con\"><span class=\"\"><span class=\"eztoc-hide\" style=\"display:none;\">Ge\u00e7i\u015f<\/span><span class=\"ez-toc-icon-toggle-span\"><svg style=\"fill: #999;color:#999\" xmlns=\"http:\/\/www.w3.org\/2000\/svg\" class=\"list-377408\" width=\"20px\" height=\"20px\" viewbox=\"0 0 24 24\" fill=\"none\"><path d=\"M6 6H4v2h2V6zm14 0H8v2h12V6zM4 11h2v2H4v-2zm16 0H8v2h12v-2zM4 16h2v2H4v-2zm16 0H8v2h12v-2z\" fill=\"currentColor\"><\/path><\/svg><svg style=\"fill: #999;color:#999\" class=\"arrow-unsorted-368013\" xmlns=\"http:\/\/www.w3.org\/2000\/svg\" width=\"10px\" height=\"10px\" viewbox=\"0 0 24 24\" version=\"1.2\" baseprofile=\"tiny\"><path d=\"M18.2 9.3l-6.2-6.3-6.2 6.3c-.2.2-.3.4-.3.7s.1.5.3.7c.2.2.4.3.7.3h11c.3 0 .5-.1.7-.3.2-.2.3-.5.3-.7s-.1-.5-.3-.7zM5.8 14.7l6.2 6.3 6.2-6.3c.2-.2.3-.5.3-.7s-.1-.5-.3-.7c-.2-.2-.4-.3-.7-.3h-11c-.3 0-.5.1-.7.3-.2.2-.3.5-.3.7s.1.5.3.7z\"\/><\/svg><\/span><\/span><\/span><\/a><\/span><\/div>\n<nav><ul class='ez-toc-list ez-toc-list-level-1 eztoc-toggle-hide-by-default' ><li class='ez-toc-page-1 ez-toc-heading-level-2'><a class=\"ez-toc-link ez-toc-heading-1\" href=\"https:\/\/moverdb.com\/tr\/moving-companies\/bangladesh-moving-companies\/#1_A_I_Freight_Services\" >1. A I Nakliye Hizmetleri<\/a><\/li><li class='ez-toc-page-1 ez-toc-heading-level-2'><a class=\"ez-toc-link ez-toc-heading-2\" href=\"https:\/\/moverdb.com\/tr\/moving-companies\/bangladesh-moving-companies\/#2_Alpha_Logistics\" >2. Alfa Lojistik<\/a><\/li><li class='ez-toc-page-1 ez-toc-heading-level-2'><a class=\"ez-toc-link ez-toc-heading-3\" href=\"https:\/\/moverdb.com\/tr\/moving-companies\/bangladesh-moving-companies\/#3_Apolloline_Shipping_Service\" >3. Apolloline Nakliye Hizmeti<\/a><\/li><li class='ez-toc-page-1 ez-toc-heading-level-2'><a class=\"ez-toc-link ez-toc-heading-4\" href=\"https:\/\/moverdb.com\/tr\/moving-companies\/bangladesh-moving-companies\/#4_Carry_Link_Packers_Shippers\" >4. Carry Link Paketleyiciler &amp; Nakliyat\u00e7\u0131lar<\/a><\/li><li class='ez-toc-page-1 ez-toc-heading-level-2'><a class=\"ez-toc-link ez-toc-heading-5\" href=\"https:\/\/moverdb.com\/tr\/moving-companies\/bangladesh-moving-companies\/#5_Homebound\" >5. Eve ba\u011fl\u0131<\/a><\/li><\/ul><\/nav><\/div>\n<h2><span class=\"ez-toc-section\" id=\"1_A_I_Freight_Services\"><\/span><strong>1. A I Nakliye Hizmetleri<\/strong><span class=\"ez-toc-section-end\"><\/span><\/h2>\n<p><em><img loading=\"lazy\" decoding=\"async\" class=\"alignnone size-full wp-image-5135\" src=\"https:\/\/moverdb.com\/wp-content\/uploads\/A-I-Freight-Services-international-moving-company.png\" alt=\"A I Freight Services uluslararas\u0131 nakliye \u015firketi\" width=\"1440\" height=\"685\" data-wp-pid=\"5135\" srcset=\"https:\/\/moverdb.com\/wp-content\/uploads\/A-I-Freight-Services-international-moving-company.png 1440w, https:\/\/moverdb.com\/wp-content\/uploads\/A-I-Freight-Services-international-moving-company-300x143.png 300w, https:\/\/moverdb.com\/wp-content\/uploads\/A-I-Freight-Services-international-moving-company-1024x487.png 1024w, https:\/\/moverdb.com\/wp-content\/uploads\/A-I-Freight-Services-international-moving-company-18x9.png 18w, https:\/\/moverdb.com\/wp-content\/uploads\/A-I-Freight-Services-international-moving-company-600x285.png 600w\" sizes=\"auto, (max-width: 1440px) 100vw, 1440px\" \/><\/em><\/p>\n<ul>\n<li>Ulusal lojistik<\/li>\n<li>Uluslararas\u0131 lojistik<\/li>\n<li>Kap\u0131dan kap\u0131ya hizmet ve ev ta\u015f\u0131malar\u0131<\/li>\n<li>Ki\u015fisel e\u015fyalar\u0131n ta\u015f\u0131nmas\u0131<\/li>\n<li>\u0130\u015f ta\u015f\u0131malar\u0131 ve lojistik<\/li>\n<li>Karayolu, denizyolu ve havayolu ta\u015f\u0131mac\u0131l\u0131\u011f\u0131<\/li>\n<li>G\u00fcmr\u00fck komisyonculu\u011fu<\/li>\n<li>Hassas ve tehlikeli mallar\u0131n ta\u015f\u0131nmas\u0131<\/li>\n<li>Evcil hayvan ta\u015f\u0131mac\u0131l\u0131\u011f\u0131<\/li>\n<li>Depolama \u00e7\u00f6z\u00fcmleri<\/li>\n<\/ul>\n<p>A I Freight Services, Banglade\u015f'te y\u00fck ta\u015f\u0131mac\u0131l\u0131\u011f\u0131, i\u00e7 nakliye ve g\u00fcmr\u00fck komisyonculu\u011fu sa\u011flayan \u00f6nde gelen lojistik \u015firketlerinden biri oldu\u011funu iddia ediyor. \u015eirket, 23 y\u0131ll\u0131k hizmetiyle IAM \u00fcyesidir. Lojistik ve da\u011f\u0131t\u0131m\u0131n yan\u0131 s\u0131ra ta\u015f\u0131mac\u0131l\u0131k yapan i\u015fletmelere de hizmet veriyorlar, ayr\u0131ca ev ta\u015f\u0131ma hizmetleri de sunuyorlar.<\/p>\n<p>A I Freight Services, kara, deniz ve hava ta\u015f\u0131mac\u0131l\u0131\u011f\u0131n\u0131 kullanarak sizi ulusal ve uluslararas\u0131 alanda ta\u015f\u0131yabilecek kap\u0131dan kap\u0131ya ev ta\u015f\u0131ma hizmeti sunmaktad\u0131r. Ayr\u0131ca g\u00fcmr\u00fckleme ve arac\u0131l\u0131k konular\u0131nda da size destek olabilirler. Evcil hayvanlar\u0131n, hassas ve tehlikeli mallar\u0131n ta\u015f\u0131nmas\u0131 da dahil olmak \u00fczere uzman lojistik hizmetleri sa\u011flayabilirler. Ayr\u0131ca depo depolama \u00e7\u00f6z\u00fcmleri de sunarlar.<\/p>\n<p>Web sitesi: <a href=\"http:\/\/www.aifs-bd.com\" target=\"_blank\" rel=\"noopener\">http:\/\/www.aifs-bd.com<\/a><\/p>\n<h2><span class=\"ez-toc-section\" id=\"2_Alpha_Logistics\"><\/span><strong>2. Alfa Lojistik<\/strong><span class=\"ez-toc-section-end\"><\/span><\/h2>\n<p><em><img loading=\"lazy\" decoding=\"async\" class=\"alignnone size-full wp-image-5143\" src=\"https:\/\/moverdb.com\/wp-content\/uploads\/Alpha-Logistics-international-moving-company.png\" alt=\"Alpha Logistics uluslararas\u0131 ta\u015f\u0131ma \u015firketi\" width=\"1440\" height=\"677\" data-wp-pid=\"5143\" srcset=\"https:\/\/moverdb.com\/wp-content\/uploads\/Alpha-Logistics-international-moving-company.png 1440w, https:\/\/moverdb.com\/wp-content\/uploads\/Alpha-Logistics-international-moving-company-300x141.png 300w, https:\/\/moverdb.com\/wp-content\/uploads\/Alpha-Logistics-international-moving-company-1024x481.png 1024w, https:\/\/moverdb.com\/wp-content\/uploads\/Alpha-Logistics-international-moving-company-18x8.png 18w, https:\/\/moverdb.com\/wp-content\/uploads\/Alpha-Logistics-international-moving-company-600x282.png 600w\" sizes=\"auto, (max-width: 1440px) 100vw, 1440px\" \/><\/em><\/p>\n<ul>\n<li>Ulusal sevkiyatlar<\/li>\n<li>Uluslararas\u0131 g\u00f6nderiler<\/li>\n<li>Esnek hizmet<\/li>\n<li>Geni\u015f bir \u00fcr\u00fcn yelpazesine hitap eder<\/li>\n<li>Kap\u0131dan kap\u0131ya hizmet<\/li>\n<li>Kap\u0131dan havaliman\u0131na veya r\u0131ht\u0131ma hizmet<\/li>\n<li>Kara, deniz ve hava ta\u015f\u0131mac\u0131l\u0131\u011f\u0131<\/li>\n<li>\u00d6zel bo\u015fluk<\/li>\n<li>Bildirimler ve var\u0131\u015flar\u0131n kan\u0131tlanmas\u0131<\/li>\n<li>K\u0131sa ve uzun vadeli depolama tesisleri<\/li>\n<\/ul>\n<p>Alpha Logistics 1999 y\u0131l\u0131nda kurulmu\u015ftur ve Banglade\u015f'teki en iyi nakliye ve lojistik sa\u011flay\u0131c\u0131lar\u0131ndan biri oldu\u011funu iddia etmektedir. Ta\u015f\u0131mac\u0131l\u0131k ve lojistik \u015firketi olarak IAM \u00fcyesidirler. <a href=\"https:\/\/moverdb.com\/tr\/relocation-agents\/\" data-internallinksmanager029f6b8e52c=\"1\" title=\"7 Neden Bir Ta\u015f\u0131nma Acentesi Kullanmal\u0131s\u0131n\u0131z?\">yer de\u011fi\u0307\u015fti\u0307rme acentesi\u0307<\/a>. Hizmetlerini uluslararas\u0131 d\u00fczeyde sunmalar\u0131n\u0131 sa\u011flayan k\u00fcresel acentelerden olu\u015fan bir a\u011fa sahiptirler.<\/p>\n<p>Alpha Logistics, yaln\u0131zca kap\u0131dan kap\u0131ya hizmet, kap\u0131dan havaalan\u0131na\/r\u0131ht\u0131ma hizmet veya g\u00f6nderiniz i\u00e7in g\u00fcmr\u00fck i\u015flemlerini i\u00e7eren havaalan\u0131ndan\/r\u0131ht\u0131mdan kap\u0131ya hizmet sa\u011flad\u0131klar\u0131 bir nakliye hizmeti sunar. Ayr\u0131ca mallar\u0131n\u0131z\u0131 Banglade\u015f i\u00e7inde ta\u015f\u0131mak i\u00e7in bir dizi kamyon ve kamyonet sunarlar. Depolar\u0131nda k\u0131sa ve uzun s\u00fcreli depolama olanaklar\u0131 sunarlar.<\/p>\n<p>Web sitesi: <a href=\"http:\/\/www.alphagroupbd.com\" target=\"_blank\" rel=\"noopener\">http:\/\/www.alphagroupbd.com<\/a><\/p>\n<h2><span class=\"ez-toc-section\" id=\"3_Apolloline_Shipping_Service\"><\/span><strong>3. Apolloline Nakliye Hizmeti<\/strong><span class=\"ez-toc-section-end\"><\/span><\/h2>\n<p><img loading=\"lazy\" decoding=\"async\" class=\"alignnone size-full wp-image-5229\" src=\"https:\/\/moverdb.com\/wp-content\/uploads\/Apolloline-international-moving-company.png\" alt=\"Apolloline uluslararas\u0131 nakliye \u015firketi\" width=\"1440\" height=\"682\" data-wp-pid=\"5229\" srcset=\"https:\/\/moverdb.com\/wp-content\/uploads\/Apolloline-international-moving-company.png 1440w, https:\/\/moverdb.com\/wp-content\/uploads\/Apolloline-international-moving-company-300x142.png 300w, https:\/\/moverdb.com\/wp-content\/uploads\/Apolloline-international-moving-company-1024x485.png 1024w, https:\/\/moverdb.com\/wp-content\/uploads\/Apolloline-international-moving-company-18x9.png 18w, https:\/\/moverdb.com\/wp-content\/uploads\/Apolloline-international-moving-company-600x284.png 600w\" sizes=\"auto, (max-width: 1440px) 100vw, 1440px\" \/><\/p>\n<ul>\n<li>Ulusal Ta\u015f\u0131malar<\/li>\n<li>Uluslararas\u0131 Ta\u015f\u0131malar<\/li>\n<li>Ofis ve ev ta\u015f\u0131malar\u0131<\/li>\n<li>Kara, deniz ve hava ta\u015f\u0131mac\u0131l\u0131\u011f\u0131<\/li>\n<li>Profesyonel paketleyici ekibi<\/li>\n<li>Y\u00fcksek kaliteli ambalaj malzemeleri<\/li>\n<li>Antikalar ve g\u00fczel sanatlar<\/li>\n<li>G\u00fcmr\u00fck i\u015flemleri<\/li>\n<li><a href=\"https:\/\/moverdb.com\/tr\/car-transport-shipping\/\" data-internallinksmanager029f6b8e52c=\"2\" title=\"2026 Uluslararas\u0131 Ara\u00e7 Ta\u015f\u0131ma &amp; Ara\u00e7 Nakliye Fiyatlar\u0131\">Ara\u00e7 nakliyesi<\/a><\/li>\n<li>Depolama \u00e7\u00f6z\u00fcmleri<\/li>\n<\/ul>\n<p>Apolloline Shipping Service, uluslararas\u0131 bir nakliye ve ta\u015f\u0131mac\u0131l\u0131k \u015firketidir. <a href=\"https:\/\/moverdb.com\/tr\/moving-companies\/\" data-internallinksmanager029f6b8e52c=\"79\" title=\"\u00c7evrimi\u00e7i En \u0130yi 25 Uluslararas\u0131 Nakliye \u015eirketi\">ta\u015finma \u015fi\u0307rketi\u0307<\/a> Dakka merkezli ve Chottogram'da bir \u015fubesi var. Banglade\u015f'te lider bir sa\u011flay\u0131c\u0131 olduklar\u0131n\u0131 iddia ediyorlar ve 10 y\u0131ld\u0131r hizmet veren bir IAM \u00fcyesidirler. Banglade\u015f'te ve uluslararas\u0131 alanda ofis ve ev ta\u015f\u0131mac\u0131l\u0131\u011f\u0131 hizmeti vermektedirler.<\/p>\n<p>Apolloline Nakliye Hizmeti, e\u015fyalar\u0131n\u0131z\u0131 korumak i\u00e7in en iyi paketleme ve ta\u015f\u0131ma tekniklerini ve y\u00fcksek kaliteli paketleme malzemelerini kullanan profesyonel bir paketleyici ekibini i\u00e7eren ta\u015f\u0131ma hizmetleri sunar. Kara, deniz ve hava ta\u015f\u0131mac\u0131l\u0131\u011f\u0131 dahil olmak \u00fczere nakliye se\u00e7enekleri sunarlar ve g\u00fcmr\u00fck i\u015flemlerini y\u00f6netirler. Ayr\u0131ca ara depolama olanaklar\u0131 da sunarlar.<\/p>\n<p>Web sitesi: <a href=\"http:\/\/www.apolloline.com\" target=\"_blank\" rel=\"noopener\">http:\/\/www.apolloline. com<\/a><\/p>\n<h2><span class=\"ez-toc-section\" id=\"4_Carry_Link_Packers_Shippers\"><\/span><strong>4. Carry Link Paketleyiciler &amp; Nakliyat\u00e7\u0131lar<\/strong><span class=\"ez-toc-section-end\"><\/span><\/h2>\n<p><em><img loading=\"lazy\" decoding=\"async\" class=\"alignnone size-full wp-image-5153\" src=\"https:\/\/moverdb.com\/wp-content\/uploads\/Carry-Link-Packers-and-Shippers-international-moving-company.png\" alt=\"Carry Link Packers and Shippers uluslararas\u0131 nakliye \u015firketi\" width=\"1440\" height=\"677\" data-wp-pid=\"5153\" srcset=\"https:\/\/moverdb.com\/wp-content\/uploads\/Carry-Link-Packers-and-Shippers-international-moving-company.png 1440w, https:\/\/moverdb.com\/wp-content\/uploads\/Carry-Link-Packers-and-Shippers-international-moving-company-300x141.png 300w, https:\/\/moverdb.com\/wp-content\/uploads\/Carry-Link-Packers-and-Shippers-international-moving-company-1024x481.png 1024w, https:\/\/moverdb.com\/wp-content\/uploads\/Carry-Link-Packers-and-Shippers-international-moving-company-18x8.png 18w, https:\/\/moverdb.com\/wp-content\/uploads\/Carry-Link-Packers-and-Shippers-international-moving-company-600x282.png 600w\" sizes=\"auto, (max-width: 1440px) 100vw, 1440px\" \/><\/em><\/p>\n<ul>\n<li>Ulusal nakliye<\/li>\n<li><a href=\"https:\/\/moverdb.com\/tr\/container-shipping\/\" data-internallinksmanager029f6b8e52c=\"3\" title=\"Uluslararas\u0131 Konteyner Nakliye Fiyatlar\u0131 Tablosu: Nisan 2026\">Uluslararas\u0131 nakliye<\/a><\/li>\n<li>Evden eve nakliyat<\/li>\n<li>Ticari kargo hizmetleri<\/li>\n<li>Kap\u0131dan kap\u0131ya hizmetler<\/li>\n<li>Kara, hava ve deniz ta\u015f\u0131mac\u0131l\u0131\u011f\u0131<\/li>\n<li>G\u00fcmr\u00fck i\u015flemleri<\/li>\n<li>Sigorta<\/li>\n<li>Depolama tesisleri<\/li>\n<li>D\u00fcnya \u00e7ap\u0131nda ili\u015fkili acenteler a\u011f\u0131<\/li>\n<\/ul>\n<p>Carry Link Packers &amp; Shippers, 1999 y\u0131l\u0131nda kurulmu\u015f bir ta\u015f\u0131ma ve nakliye acentesidir, merkezi Dakka, Banglade\u015f'tedir ve 20 y\u0131ld\u0131r hizmet veren IAM \u00fcyesidir. Nakliye hizmetleri, g\u00fcmr\u00fckleme hizmetleri ve paketleme deste\u011fi sa\u011flamaktad\u0131rlar. Kargo ihtiya\u00e7lar\u0131 olan i\u015fletmelere ve ta\u015f\u0131nma gereksinimleri olan hanelere hizmet vermektedirler.<\/p>\n<p>Carry Link Packers &amp; Shippers, evlerini ulusal ve uluslararas\u0131 alanda ta\u015f\u0131malar\u0131na yard\u0131mc\u0131 olmak i\u00e7in hanelere kap\u0131dan kap\u0131ya hizmetler ve paketleme hizmetleri sunmaktad\u0131r. Sigorta ve g\u00fcmr\u00fckleme dahil olmak \u00fczere kara, deniz ve hava yoluyla ta\u015f\u0131nma hizmetleri sunmaktad\u0131rlar. Uluslararas\u0131 hizmetlerini d\u00fcnyan\u0131n d\u00f6rt bir yan\u0131ndaki ili\u015fkili acenteler a\u011f\u0131 arac\u0131l\u0131\u011f\u0131yla sa\u011flarlar.<\/p>\n<p>Web sitesi: <a href=\"http:\/\/www.carrylink.org\" target=\"_blank\" rel=\"noopener\">http:\/\/www.carrylink.org<\/a><\/p>\n<h2><span class=\"ez-toc-section\" id=\"5_Homebound\"><\/span><strong>5. Eve ba\u011fl\u0131<\/strong><span class=\"ez-toc-section-end\"><\/span><\/h2>\n<p><em><img loading=\"lazy\" decoding=\"async\" class=\"alignnone size-full wp-image-5174\" src=\"https:\/\/moverdb.com\/wp-content\/uploads\/Homebound-international-moving-company.png\" alt=\"Evden eve uluslararas\u0131 ta\u015f\u0131ma \u015firketi\" width=\"1440\" height=\"678\" data-wp-pid=\"5174\" srcset=\"https:\/\/moverdb.com\/wp-content\/uploads\/Homebound-international-moving-company.png 1440w, https:\/\/moverdb.com\/wp-content\/uploads\/Homebound-international-moving-company-300x141.png 300w, https:\/\/moverdb.com\/wp-content\/uploads\/Homebound-international-moving-company-1024x482.png 1024w, https:\/\/moverdb.com\/wp-content\/uploads\/Homebound-international-moving-company-18x8.png 18w, https:\/\/moverdb.com\/wp-content\/uploads\/Homebound-international-moving-company-600x283.png 600w\" sizes=\"auto, (max-width: 1440px) 100vw, 1440px\" \/><\/em><\/p>\n<ul>\n<li>Ulusal ta\u015f\u0131nmalar<\/li>\n<li>Uluslararas\u0131 ta\u015f\u0131nmalar<\/li>\n<li>Ofis ta\u015f\u0131ma<\/li>\n<li>Konutlar\u0131n ta\u015f\u0131nmas\u0131<\/li>\n<li>Kara, deniz ve hava ta\u015f\u0131mac\u0131l\u0131\u011f\u0131<\/li>\n<li>G\u00fcmr\u00fck komisyonculu\u011fu ve g\u00fcmr\u00fckleme<\/li>\n<li>D\u00fcnya standartlar\u0131nda malzemeler kullanarak paketleme hizmeti<\/li>\n<li>Transit sigortas\u0131<\/li>\n<li>Evcil hayvanlar\u0131n ta\u015f\u0131nmas\u0131<\/li>\n<li>K\u0131sa ve uzun vadeli depolama tesisleri<\/li>\n<\/ul>\n<p>Homebound 1972 y\u0131l\u0131nda kurulmu\u015f bir ta\u015f\u0131ma \u015firketidir, IAM \u00fcyesidir ve FIDI taraf\u0131ndan akredite edilmi\u015ftir. Banglade\u015f'in \u00f6nde gelen uluslararas\u0131 ta\u015f\u0131mac\u0131l\u0131k lojistik hizmet sa\u011flay\u0131c\u0131lar\u0131ndan biri olduklar\u0131n\u0131 iddia ediyorlar.  Ofis ve konut ta\u015f\u0131nmalar\u0131 i\u00e7in hizmet veriyorlar ve evcil hayvan ta\u015f\u0131nmalar\u0131 ve depolama olanaklar\u0131 sunabiliyorlar.<\/p>\n<p>Homebound, bir anketi tamamlayacak, bir tahmin sa\u011flayacak, ta\u015f\u0131nman\u0131z\u0131 koordine edecek ve yolun her ad\u0131m\u0131nda sizi destekleyecek bir dan\u0131\u015fmanla bir ta\u015f\u0131nma hizmeti sunar. Paketleme hizmetleri, e\u015fyalar\u0131n\u0131z\u0131 numaraland\u0131r\u0131r ve listelerken, onlar\u0131 d\u00fcnya standartlar\u0131nda paketleme malzemeleriyle g\u00fcvenli bir \u015fekilde paketler. Ayr\u0131ca ev bulma konusunda da yard\u0131m sunuyorlar.<\/p>\n<p>Web sitesi: <a href=\"http:\/\/www.homeboundbd.com\" target=\"_blank\" rel=\"noopener\">http:\/\/www.homeboundbd.com<\/a> &nbsp;<\/p>","protected":false},"excerpt":{"rendered":"<p>If you are moving home in Bangladesh or about to move to or from Bangladesh, you may want to use a removal company to help ease the moving process. Moving is a stressful time so below we have gathered a list of companies who are members of the International Association of Movers (IAM) and\/or FIDI [&hellip;]<\/p>\n","protected":false},"author":4,"featured_media":0,"parent":190,"menu_order":0,"comment_status":"closed","ping_status":"closed","template":"","meta":{"_genesis_hide_title":false,"_genesis_hide_breadcrumbs":false,"_genesis_hide_singular_image":false,"_genesis_hide_footer_widgets":false,"_genesis_custom_body_class":"","_genesis_custom_post_class":"","_genesis_layout":"","footnotes":""},"class_list":{"0":"post-5228","1":"page","2":"type-page","3":"status-publish","5":"entry","6":"has-post-thumbnail"},"_links":{"self":[{"href":"https:\/\/moverdb.com\/tr\/wp-json\/wp\/v2\/pages\/5228","targetHints":{"allow":["GET"]}}],"collection":[{"href":"https:\/\/moverdb.com\/tr\/wp-json\/wp\/v2\/pages"}],"about":[{"href":"https:\/\/moverdb.com\/tr\/wp-json\/wp\/v2\/types\/page"}],"author":[{"embeddable":true,"href":"https:\/\/moverdb.com\/tr\/wp-json\/wp\/v2\/users\/4"}],"replies":[{"embeddable":true,"href":"https:\/\/moverdb.com\/tr\/wp-json\/wp\/v2\/comments?post=5228"}],"version-history":[{"count":1,"href":"https:\/\/moverdb.com\/tr\/wp-json\/wp\/v2\/pages\/5228\/revisions"}],"predecessor-version":[{"id":5230,"href":"https:\/\/moverdb.com\/tr\/wp-json\/wp\/v2\/pages\/5228\/revisions\/5230"}],"up":[{"embeddable":true,"href":"https:\/\/moverdb.com\/tr\/wp-json\/wp\/v2\/pages\/190"}],"wp:attachment":[{"href":"https:\/\/moverdb.com\/tr\/wp-json\/wp\/v2\/media?parent=5228"}],"curies":[{"name":"wp","href":"https:\/\/api.w.org\/{rel}","templated":true}]}}