{"id":5224,"date":"2022-10-24T11:53:37","date_gmt":"2022-10-24T11:53:37","guid":{"rendered":"https:\/\/moverdb.com\/?page_id=5224"},"modified":"2026-01-08T15:25:03","modified_gmt":"2026-01-08T15:25:03","slug":"azerbaycan-tasimacilik-si%cc%87rketleri%cc%87","status":"publish","type":"page","link":"https:\/\/moverdb.com\/tr\/moving-companies\/azerbaijan-moving-companies\/","title":{"rendered":"Azerbaycan'daki En \u0130yi 5 Uluslararas\u0131 Nakliye \u015eirketi"},"content":{"rendered":"<p>Ev ta\u015f\u0131mak stresli olabilir, bu nedenle ta\u015f\u0131nman\u0131zda size yard\u0131mc\u0131 olacak birini bulmak bask\u0131y\u0131 azaltmaya yard\u0131mc\u0131 olabilir. \u0130ster Azerbaycan i\u00e7inde ta\u015f\u0131n\u0131yor olun, ister Azerbaycan'a veya Azerbaycan'dan ta\u015f\u0131n\u0131yor olun, size yard\u0131mc\u0131 olabilecek \u015firketler vard\u0131r. Sizin i\u00e7in derledi\u011fimiz liste <a href=\"https:\/\/moverdb.com\/tr\/international-removals\/\" data-internallinksmanager029f6b8e52c=\"27\" title=\"36 \u0130ngiltere&#039;deki En \u0130yi Uluslararas\u0131 Nakliye \u015eirketleri\">nakli\u0307ye \u015fi\u0307rketleri\u0307<\/a> \u00fcyeleri olan a\u015fa\u011f\u0131daki <a href=\"https:\/\/moverdb.com\/tr\/iam\/\" data-internallinksmanager029f6b8e52c=\"23\" title=\"Uluslararas\u0131 Ta\u015f\u0131mac\u0131lar Birli\u011fi (IAM) A\u00e7\u0131klamas\u0131\">Uluslararas\u0131 Ta\u015f\u0131mac\u0131lar Birli\u011fi<\/a> (IAM) ve\/veya <a href=\"https:\/\/moverdb.com\/tr\/fidi-faim\/\" data-internallinksmanager029f6b8e52c=\"16\" title=\"FIDI &amp; FAIM (FIDI Akredite Uluslararas\u0131 Ta\u015f\u0131mac\u0131) A\u00e7\u0131klamas\u0131\">FIDI<\/a> Size yard\u0131mc\u0131 olabilecek Akredite Uluslararas\u0131 Ta\u015f\u0131mac\u0131lar (FAIM).<\/p>\n<div id=\"ez-toc-container\" class=\"ez-toc-v2_0_82_2 ez-toc-wrap-left counter-hierarchy ez-toc-counter ez-toc-transparent ez-toc-container-direction\">\n<div class=\"ez-toc-title-container\">\n<p class=\"ez-toc-title\" style=\"cursor:inherit\">B\u00f6l\u00fcmler<\/p>\n<span class=\"ez-toc-title-toggle\"><a href=\"#\" class=\"ez-toc-pull-right ez-toc-btn ez-toc-btn-xs ez-toc-btn-default ez-toc-toggle\" aria-label=\"\u0130\u00e7indekiler Tablosunu A\u00e7\/Kapat\"><span class=\"ez-toc-js-icon-con\"><span class=\"\"><span class=\"eztoc-hide\" style=\"display:none;\">Ge\u00e7i\u015f<\/span><span class=\"ez-toc-icon-toggle-span\"><svg style=\"fill: #999;color:#999\" xmlns=\"http:\/\/www.w3.org\/2000\/svg\" class=\"list-377408\" width=\"20px\" height=\"20px\" viewbox=\"0 0 24 24\" fill=\"none\"><path d=\"M6 6H4v2h2V6zm14 0H8v2h12V6zM4 11h2v2H4v-2zm16 0H8v2h12v-2zM4 16h2v2H4v-2zm16 0H8v2h12v-2z\" fill=\"currentColor\"><\/path><\/svg><svg style=\"fill: #999;color:#999\" class=\"arrow-unsorted-368013\" xmlns=\"http:\/\/www.w3.org\/2000\/svg\" width=\"10px\" height=\"10px\" viewbox=\"0 0 24 24\" version=\"1.2\" baseprofile=\"tiny\"><path d=\"M18.2 9.3l-6.2-6.3-6.2 6.3c-.2.2-.3.4-.3.7s.1.5.3.7c.2.2.4.3.7.3h11c.3 0 .5-.1.7-.3.2-.2.3-.5.3-.7s-.1-.5-.3-.7zM5.8 14.7l6.2 6.3 6.2-6.3c.2-.2.3-.5.3-.7s-.1-.5-.3-.7c-.2-.2-.4-.3-.7-.3h-11c-.3 0-.5.1-.7.3-.2.2-.3.5-.3.7s.1.5.3.7z\"\/><\/svg><\/span><\/span><\/span><\/a><\/span><\/div>\n<nav><ul class='ez-toc-list ez-toc-list-level-1 eztoc-toggle-hide-by-default' ><li class='ez-toc-page-1 ez-toc-heading-level-2'><a class=\"ez-toc-link ez-toc-heading-1\" href=\"https:\/\/moverdb.com\/tr\/moving-companies\/azerbaijan-moving-companies\/#1_ACE_Forwarding\" >1. ACE Y\u00f6nlendirme<\/a><\/li><li class='ez-toc-page-1 ez-toc-heading-level-2'><a class=\"ez-toc-link ez-toc-heading-2\" href=\"https:\/\/moverdb.com\/tr\/moving-companies\/azerbaijan-moving-companies\/#2_Allright_Moving_Storage\" >2. Allright Ta\u015f\u0131nma &amp; Depolama<\/a><\/li><li class='ez-toc-page-1 ez-toc-heading-level-2'><a class=\"ez-toc-link ez-toc-heading-3\" href=\"https:\/\/moverdb.com\/tr\/moving-companies\/azerbaijan-moving-companies\/#3_Buddy-Mover\" >3. Buddy-Mover<\/a><\/li><li class='ez-toc-page-1 ez-toc-heading-level-2'><a class=\"ez-toc-link ez-toc-heading-4\" href=\"https:\/\/moverdb.com\/tr\/moving-companies\/azerbaijan-moving-companies\/#4_Gosselin\" >4. Gosselin<\/a><\/li><li class='ez-toc-page-1 ez-toc-heading-level-2'><a class=\"ez-toc-link ez-toc-heading-5\" href=\"https:\/\/moverdb.com\/tr\/moving-companies\/azerbaijan-moving-companies\/#5_Interdean_International_Relocations\" >5. Interdean Uluslararas\u0131 Ta\u015f\u0131malar<\/a><\/li><\/ul><\/nav><\/div>\n<h2><span class=\"ez-toc-section\" id=\"1_ACE_Forwarding\"><\/span><strong>1. ACE Y\u00f6nlendirme<\/strong><span class=\"ez-toc-section-end\"><\/span><\/h2>\n<p><em><img loading=\"lazy\" decoding=\"async\" class=\"alignnone size-full wp-image-5136\" src=\"https:\/\/moverdb.com\/wp-content\/uploads\/ACE-Forwarding-international-moving-company.png\" alt=\"ACE Forwarding uluslararas\u0131 ta\u015f\u0131ma \u015firketi\" width=\"1440\" height=\"685\" data-wp-pid=\"5136\" srcset=\"https:\/\/moverdb.com\/wp-content\/uploads\/ACE-Forwarding-international-moving-company.png 1440w, https:\/\/moverdb.com\/wp-content\/uploads\/ACE-Forwarding-international-moving-company-300x143.png 300w, https:\/\/moverdb.com\/wp-content\/uploads\/ACE-Forwarding-international-moving-company-1024x487.png 1024w, https:\/\/moverdb.com\/wp-content\/uploads\/ACE-Forwarding-international-moving-company-18x9.png 18w, https:\/\/moverdb.com\/wp-content\/uploads\/ACE-Forwarding-international-moving-company-600x285.png 600w\" sizes=\"auto, (max-width: 1440px) 100vw, 1440px\" \/><\/em><\/p>\n<ul>\n<li>Uluslararas\u0131 ta\u015f\u0131nmalar<\/li>\n<li>Yer de\u011fi\u015ftirme hizmetleri<\/li>\n<li>Ev ve kurumsal ta\u015f\u0131nmalar<\/li>\n<li>Hava, deniz, demiryolu ve karayolu ta\u015f\u0131mac\u0131l\u0131\u011f\u0131<\/li>\n<li>Breakbulk, grupaj ve konteyner ta\u015f\u0131mac\u0131l\u0131\u011f\u0131<\/li>\n<li>G\u00fczel sanatlar ta\u015f\u0131mac\u0131l\u0131\u011f\u0131<\/li>\n<li>G\u00fcmr\u00fck komisyonculu\u011fu<\/li>\n<li>Ara\u00e7 ve tekne ta\u015f\u0131mac\u0131l\u0131\u011f\u0131<\/li>\n<li>Evcil hayvan ta\u015f\u0131mac\u0131l\u0131\u011f\u0131<\/li>\n<li>Uzun ve k\u0131sa s\u00fcreli depolama \u00e7\u00f6z\u00fcmleri<\/li>\n<\/ul>\n<p>ACE Forwarding 1996 y\u0131l\u0131nda Azerbaycan'da kurulmu\u015f multimodal bir lojistik ve nakliye \u015firketidir. <a href=\"https:\/\/moverdb.com\/tr\/tasinma-si%cc%87rketleri%cc%87\/tasinma-si%cc%87rketleri%cc%87-gurci%cc%87stan\/\">G\u00fcrcistan<\/a>. Onlar 25 y\u0131ll\u0131k hizmet ile IAM \u00fcyesidir. Azerbaycan'a ta\u015f\u0131nma hizmetleri, uluslararas\u0131 ta\u015f\u0131nmalar ve evler ve i\u015fletmeler i\u00e7in yer de\u011fi\u015ftirme hizmetleri sunarlar.<\/p>\n<p>ACE Forwarding, ta\u015f\u0131nma \u00f6ncesi bir anket ve ihtiya\u00e7lar\u0131n\u0131za g\u00f6re uyarlanm\u0131\u015f fiyat teklifleri sunar. \u0130\u00e7erik i\u00e7in \u00f6zel olarak tasarlanm\u0131\u015f malzemeler ve profesyonel paketleme teknikleri kullanarak paketleme hizmetlerinin yan\u0131 s\u0131ra mobilyalar\u0131n s\u00f6k\u00fcl\u00fcp tak\u0131lmas\u0131n\u0131 da sa\u011flarlar. Ayr\u0131ca g\u00fcmr\u00fck komisyonculu\u011fu, evcil hayvan ve ara\u00e7 ta\u015f\u0131mac\u0131l\u0131\u011f\u0131, sigorta ve k\u0131sa veya uzun s\u00fcreli depolama konular\u0131nda da yard\u0131mc\u0131 olabilirler.<\/p>\n<p>Web sitesi: <a href=\"http:\/\/www.acecaspian.com\" target=\"_blank\" rel=\"noopener\">http:\/\/www.acecaspian.com<\/a><\/p>\n<h2><span class=\"ez-toc-section\" id=\"2_Allright_Moving_Storage\"><\/span><strong>2. Allright Ta\u015f\u0131nma &amp; Depolama<\/strong><span class=\"ez-toc-section-end\"><\/span><\/h2>\n<p><em><img loading=\"lazy\" decoding=\"async\" class=\"alignnone size-full wp-image-5141\" src=\"https:\/\/moverdb.com\/wp-content\/uploads\/Allright-Moving-and-Storage-international-moving-company.png\" alt=\"Allright Ta\u015f\u0131nma ve Depolama uluslararas\u0131 ta\u015f\u0131ma \u015firketi\" width=\"1440\" height=\"677\" data-wp-pid=\"5141\" srcset=\"https:\/\/moverdb.com\/wp-content\/uploads\/Allright-Moving-and-Storage-international-moving-company.png 1440w, https:\/\/moverdb.com\/wp-content\/uploads\/Allright-Moving-and-Storage-international-moving-company-300x141.png 300w, https:\/\/moverdb.com\/wp-content\/uploads\/Allright-Moving-and-Storage-international-moving-company-1024x481.png 1024w, https:\/\/moverdb.com\/wp-content\/uploads\/Allright-Moving-and-Storage-international-moving-company-18x8.png 18w, https:\/\/moverdb.com\/wp-content\/uploads\/Allright-Moving-and-Storage-international-moving-company-600x282.png 600w\" sizes=\"auto, (max-width: 1440px) 100vw, 1440px\" \/><\/em><\/p>\n<ul>\n<li>Yerel ve ulusal hamleler<\/li>\n<li>Uluslararas\u0131 ta\u015f\u0131nmalar<\/li>\n<li>Konut ta\u015f\u0131malar\u0131<\/li>\n<li>Ofis ve kurumsal ta\u015f\u0131nmalar<\/li>\n<li>Profesyonel ve nazik personel<\/li>\n<li>Mobilya demontaj\u0131 ve montaj\u0131<\/li>\n<li>Transit sigortas\u0131<\/li>\n<li>G\u00fcmr\u00fck i\u015flemleri<\/li>\n<li><a href=\"https:\/\/moverdb.com\/tr\/car-transport-shipping\/\" data-internallinksmanager029f6b8e52c=\"2\" title=\"2026 Uluslararas\u0131 Ara\u00e7 Ta\u015f\u0131ma &amp; Ara\u00e7 Nakliye Fiyatlar\u0131\">Araba nakliyesi<\/a><\/li>\n<li>Depolama \u00e7\u00f6z\u00fcmleri<\/li>\n<\/ul>\n<p>Allright Moving &amp; Storage, Azerbaycan'\u0131n \u00f6nde gelen nakliye ve yer de\u011fi\u015ftirme \u015firketlerinden biri oldu\u011funu iddia ediyor. Azerbaycan'da, Azerbaycan'dan veya Azerbaycan'a ev ve kurumsal ta\u015f\u0131ma hizmetleri sunmaktad\u0131rlar. Onlar 7 y\u0131ll\u0131k hizmet ile IAM \u00fcyesidir. Uluslararas\u0131 ta\u015f\u0131nmalarda onlara yard\u0131mc\u0131 olmak i\u00e7in uluslararas\u0131 ta\u015f\u0131ma ta\u015feronlar\u0131 ve ortaklar\u0131ndan olu\u015fan bir a\u011fa sahiptirler.<\/p>\n<p>Allright Moving &amp; Storage, ihtiya\u00e7lar\u0131n\u0131z\u0131 de\u011ferlendirmek ve tavsiyelerde bulunmak i\u00e7in deneyimli eksperler sa\u011flar. E\u015fyalar\u0131n\u0131z\u0131 paketleyecek, mobilyalar\u0131n\u0131z\u0131 s\u00f6k\u00fcp takacak, transit sigortas\u0131 ve g\u00fcmr\u00fckleme i\u015flemlerini yapacaklard\u0131r. Ayr\u0131ca araba nakliye hizmetleri de sunabilirler. K\u0131sa ve uzun s\u00fcreli, tamamen g\u00fcvenli ve iklim kontroll\u00fc depolama tesisleri sunarlar.<\/p>\n<p>Web sitesi: <a href=\"http:\/\/www.allrightmoving.com\" target=\"_blank\" rel=\"noopener\">http:\/\/www.allrightmoving.com<\/a><\/p>\n<h2><span class=\"ez-toc-section\" id=\"3_Buddy-Mover\"><\/span><strong>3. Buddy-Mover<\/strong><span class=\"ez-toc-section-end\"><\/span><\/h2>\n<p><em><img loading=\"lazy\" decoding=\"async\" class=\"alignnone size-full wp-image-5151\" src=\"https:\/\/moverdb.com\/wp-content\/uploads\/Buddy-Mover-international-moving-company.png\" alt=\"Buddy Mover uluslararas\u0131 ta\u015f\u0131ma \u015firketi\" width=\"1440\" height=\"680\" data-wp-pid=\"5151\" srcset=\"https:\/\/moverdb.com\/wp-content\/uploads\/Buddy-Mover-international-moving-company.png 1440w, https:\/\/moverdb.com\/wp-content\/uploads\/Buddy-Mover-international-moving-company-300x142.png 300w, https:\/\/moverdb.com\/wp-content\/uploads\/Buddy-Mover-international-moving-company-1024x484.png 1024w, https:\/\/moverdb.com\/wp-content\/uploads\/Buddy-Mover-international-moving-company-18x9.png 18w, https:\/\/moverdb.com\/wp-content\/uploads\/Buddy-Mover-international-moving-company-600x283.png 600w\" sizes=\"auto, (max-width: 1440px) 100vw, 1440px\" \/><\/em><\/p>\n<ul>\n<li>Yerel ve ulusal hamleler<\/li>\n<li>Uluslararas\u0131 Ta\u015f\u0131malar<\/li>\n<li>Konut ta\u015f\u0131malar\u0131<\/li>\n<li>\u0130\u015f hamleleri<\/li>\n<li>Profesyonel ve nitelikli personel<\/li>\n<li>Y\u00fcksek standartta paketleme<\/li>\n<li>E\u015fyalar\u0131n\u0131z\u0131 takip etmek i\u00e7in envanterler<\/li>\n<li>Karayolu, hava ve deniz ta\u015f\u0131mac\u0131l\u0131\u011f\u0131<\/li>\n<li>Transit sigortas\u0131<\/li>\n<li>K\u0131sa ila uzun s\u00fcreli depolama<\/li>\n<\/ul>\n<p>Buddy-Mover, Bak\u00fc, Azerbaycan'da bulunan ve 4 y\u0131ld\u0131r hizmet veren bir IAM \u00fcyesi olan bir nakliye \u015firketidir. Hem konut hem de ticari m\u00fc\u015fterilere hitap eden yerel, ulusal ve uluslararas\u0131 ta\u015f\u0131ma hizmetleri sunmaktad\u0131r. Ta\u015f\u0131nma teknikleri ve paketleme konusunda son derece e\u011fitimli profesyonel personel istihdam etmektedirler.<\/p>\n<p>Buddy-Mover, ihtiya\u00e7lar\u0131n\u0131z\u0131 ve g\u00fcmr\u00fck gereksinimlerinizi ve nakliye se\u00e7eneklerinizi de\u011ferlendirmek i\u00e7in ta\u015f\u0131nman\u0131zdan \u00f6nce y\u00fcz y\u00fcze bir anket sa\u011flar. Ta\u015f\u0131nma personeli e\u015fyalar\u0131n\u0131z\u0131 g\u00fcvenli bir \u015fekilde paketleyecek, bir envanter olu\u015fturacak ve kara, hava veya deniz yoluyla nakliyeyi ayarlayacakt\u0131r. Ayr\u0131ca tonozlu depolar\u0131nda k\u0131sa ve uzun vadeli g\u00fcvenli depolama se\u00e7enekleri de sunarlar.<\/p>\n<p>Web sitesi: <a href=\"http:\/\/www.buddy-mover.com\" target=\"_blank\" rel=\"noopener\">http:\/\/www.buddy-mover.com<\/a><\/p>\n<h2><span class=\"ez-toc-section\" id=\"4_Gosselin\"><\/span><strong>4. Gosselin<\/strong><span class=\"ez-toc-section-end\"><\/span><\/h2>\n<p><em><img loading=\"lazy\" decoding=\"async\" class=\"alignnone size-full wp-image-5170\" src=\"https:\/\/moverdb.com\/wp-content\/uploads\/Gosselin-Azerbaijan-international-moving-company.png\" alt=\"Gosselin Azerbaycan uluslararas\u0131 nakliye \u015firketi\" width=\"1440\" height=\"681\" data-wp-pid=\"5170\" srcset=\"https:\/\/moverdb.com\/wp-content\/uploads\/Gosselin-Azerbaijan-international-moving-company.png 1440w, https:\/\/moverdb.com\/wp-content\/uploads\/Gosselin-Azerbaijan-international-moving-company-300x142.png 300w, https:\/\/moverdb.com\/wp-content\/uploads\/Gosselin-Azerbaijan-international-moving-company-1024x484.png 1024w, https:\/\/moverdb.com\/wp-content\/uploads\/Gosselin-Azerbaijan-international-moving-company-18x9.png 18w, https:\/\/moverdb.com\/wp-content\/uploads\/Gosselin-Azerbaijan-international-moving-company-600x284.png 600w\" sizes=\"auto, (max-width: 1440px) 100vw, 1440px\" \/><\/em><\/p>\n<ul>\n<li>Uluslararas\u0131 ta\u015f\u0131nmalar<\/li>\n<li>Ev ta\u015f\u0131ma<\/li>\n<li>Ofis ta\u015f\u0131ma<\/li>\n<li>Paketleme, ta\u015f\u0131ma ve ambalajdan \u00e7\u0131karma<\/li>\n<li>G\u00fczel sanatlar hareketli<\/li>\n<li>Evcil hayvan ta\u015f\u0131ma<\/li>\n<li>Araba nakliyesi<\/li>\n<li>Depolama \u00e7\u00f6z\u00fcmleri<\/li>\n<li>Fazla bagaj<\/li>\n<li>Gezici sergi hizmetleri<\/li>\n<\/ul>\n<p>Gosselin, 1930 y\u0131l\u0131nda Gosselin'de kurulan Gosselin Group'un bir par\u00e7as\u0131 olan bir nakliye \u015firketidir. <a href=\"https:\/\/moverdb.com\/tr\/moving-to-belgium\/\" data-internallinksmanager029f6b8e52c=\"323\" title=\"Bel\u00e7ika&#039;ya m\u0131 Ta\u015f\u0131n\u0131yorsunuz? 2026 Ya\u015fam Maliyetleri &amp; Yer De\u011fi\u015ftirme \u0130pu\u00e7lar\u0131\">Bel\u00e7ika<\/a> ve 20 y\u0131l\u0131 a\u015fk\u0131n s\u00fcredir Azerbaycan'da faaliyet g\u00f6stermektedir. Diplomatlara, \u015firket \u00e7al\u0131\u015fanlar\u0131na ve uluslararas\u0131 ta\u015f\u0131mac\u0131l\u0131k yapan \u00f6zel hanelere hizmet vermektedir. IAM \u00fcyesidir ve 23 y\u0131ld\u0131r hizmet vermektedir.<\/p>\n<p>Gosselin, profesyonel paketleme hizmeti, birinci s\u0131n\u0131f paketleme malzemeleri ve ambalaj a\u00e7ma hizmeti ile ailenizin veya i\u015fletmenizin ihtiya\u00e7lar\u0131n\u0131 kar\u015f\u0131lamak i\u00e7in \u00f6zel bir hizmet sunar. Ipata sertifikal\u0131 sigorta, g\u00fczel sanatlar ta\u015f\u0131mac\u0131l\u0131\u011f\u0131, araba nakliyesi ve evcil hayvan ta\u015f\u0131mac\u0131l\u0131\u011f\u0131 hizmetleri sunarlar. Ayr\u0131ca depolama \u00e7\u00f6z\u00fcmleri ve fazla bagaj ve gezici sergiler dahil olmak \u00fczere nakliye hizmetleri de sa\u011flayabilirler.<\/p>\n<p>Web sitesi: <a href=\"https:\/\/gosselin-moving.com\/azerbaijan\" target=\"_blank\" rel=\"noopener\">https:\/\/gosselin-moving.com\/azerbaijan<\/a><\/p>\n<h2><span class=\"ez-toc-section\" id=\"5_Interdean_International_Relocations\"><\/span><strong>5. Interdean Uluslararas\u0131 Ta\u015f\u0131malar<\/strong><span class=\"ez-toc-section-end\"><\/span><\/h2>\n<p><em><img loading=\"lazy\" decoding=\"async\" class=\"alignnone size-full wp-image-5175\" src=\"https:\/\/moverdb.com\/wp-content\/uploads\/Interdean-International-Relocations-international-moving-company.png\" alt=\"Interdean International Relocations uluslararas\u0131 ta\u015f\u0131ma \u015firketi\" width=\"1440\" height=\"683\" data-wp-pid=\"5175\" srcset=\"https:\/\/moverdb.com\/wp-content\/uploads\/Interdean-International-Relocations-international-moving-company.png 1440w, https:\/\/moverdb.com\/wp-content\/uploads\/Interdean-International-Relocations-international-moving-company-300x142.png 300w, https:\/\/moverdb.com\/wp-content\/uploads\/Interdean-International-Relocations-international-moving-company-1024x486.png 1024w, https:\/\/moverdb.com\/wp-content\/uploads\/Interdean-International-Relocations-international-moving-company-18x9.png 18w, https:\/\/moverdb.com\/wp-content\/uploads\/Interdean-International-Relocations-international-moving-company-600x285.png 600w\" sizes=\"auto, (max-width: 1440px) 100vw, 1440px\" \/><\/em><\/p>\n<ul>\n<li>Uluslararas\u0131 ta\u015f\u0131nmalar<\/li>\n<li>Ev hareketleri<\/li>\n<li>Kurumsal hamleler<\/li>\n<li>Yer de\u011fi\u015ftirme hizmeti<\/li>\n<li>E\u015fyalar\u0131n\u0131z\u0131n haz\u0131rlanmas\u0131, paketlenmesi ve a\u00e7\u0131lmas\u0131<\/li>\n<li>Karayolu, denizyolu ve havayolu ta\u015f\u0131mac\u0131l\u0131\u011f\u0131 se\u00e7enekleri<\/li>\n<li>Transit sigortas\u0131<\/li>\n<li>G\u00fcmr\u00fck i\u015flemlerinde destek<\/li>\n<li>K\u0131sa ila uzun s\u00fcreli depolama<\/li>\n<li>Ev veya k\u0131sa s\u00fcreli kiral\u0131k ev bulma konusunda yard\u0131m<\/li>\n<\/ul>\n<p>Interdean International Relocations, merkezi Bak\u00fc, Azerbaycan'da bulunan uluslararas\u0131 bir ta\u015f\u0131ma y\u00f6netim \u015firketidir. IAM \u00fcyesidir ve FIDI taraf\u0131ndan akredite edilmesinin yan\u0131 s\u0131ra 24 y\u0131ld\u0131r hizmet vermektedir.<\/p>\n<p>Interdean International Relocations, i\u00e7eri\u011fin en iyi \u015fekilde korunmas\u0131 i\u00e7in tasarlanm\u0131\u015f \u00f6zel kutular ve de\u011ferli ya da k\u0131r\u0131lgan e\u015fyalar i\u00e7in \u00f6zel yap\u0131m kasalar sa\u011flar. E\u015fyalar\u0131n\u0131z\u0131 bir envanter \u00fczerinde tam olarak listeleyecek, ambalajlar\u0131n\u0131 a\u00e7acak ve t\u00fcm ambalaj malzemelerini \u00e7\u0131karacaklard\u0131r. Kara, hava ve deniz ta\u015f\u0131mac\u0131l\u0131\u011f\u0131 ile nakliye hizmeti sunarlar ve g\u00fcmr\u00fckleme konusunda size destek olurlar. Ayr\u0131ca k\u0131sa ve uzun vadede k\u00fc\u00e7\u00fck ve b\u00fcy\u00fck miktarlar i\u00e7in \u00e7e\u015fitli depolama \u00e7\u00f6z\u00fcmleri sunarlar.<\/p>\n<p>Web sitesi: <a href=\"http:\/\/www.interdean.com.az\" target=\"_blank\" rel=\"noopener\">http:\/\/www.interdean.com.az<\/a><\/p>","protected":false},"excerpt":{"rendered":"<p>Moving home can be stressful so getting someone to assist you in your move can help release the pressure. Whether you are moving within Azerbaijan, or moving to or from Azerbaijan, there are companies that can assist. We have compiled a list of removal companies below that are members of the International Association of Movers [&hellip;]<\/p>\n","protected":false},"author":4,"featured_media":0,"parent":190,"menu_order":0,"comment_status":"closed","ping_status":"closed","template":"","meta":{"_genesis_hide_title":false,"_genesis_hide_breadcrumbs":false,"_genesis_hide_singular_image":false,"_genesis_hide_footer_widgets":false,"_genesis_custom_body_class":"","_genesis_custom_post_class":"","_genesis_layout":"","footnotes":""},"class_list":{"0":"post-5224","1":"page","2":"type-page","3":"status-publish","5":"entry","6":"has-post-thumbnail"},"_links":{"self":[{"href":"https:\/\/moverdb.com\/tr\/wp-json\/wp\/v2\/pages\/5224","targetHints":{"allow":["GET"]}}],"collection":[{"href":"https:\/\/moverdb.com\/tr\/wp-json\/wp\/v2\/pages"}],"about":[{"href":"https:\/\/moverdb.com\/tr\/wp-json\/wp\/v2\/types\/page"}],"author":[{"embeddable":true,"href":"https:\/\/moverdb.com\/tr\/wp-json\/wp\/v2\/users\/4"}],"replies":[{"embeddable":true,"href":"https:\/\/moverdb.com\/tr\/wp-json\/wp\/v2\/comments?post=5224"}],"version-history":[{"count":2,"href":"https:\/\/moverdb.com\/tr\/wp-json\/wp\/v2\/pages\/5224\/revisions"}],"predecessor-version":[{"id":7595,"href":"https:\/\/moverdb.com\/tr\/wp-json\/wp\/v2\/pages\/5224\/revisions\/7595"}],"up":[{"embeddable":true,"href":"https:\/\/moverdb.com\/tr\/wp-json\/wp\/v2\/pages\/190"}],"wp:attachment":[{"href":"https:\/\/moverdb.com\/tr\/wp-json\/wp\/v2\/media?parent=5224"}],"curies":[{"name":"wp","href":"https:\/\/api.w.org\/{rel}","templated":true}]}}