{"id":4726,"date":"2022-09-30T19:17:44","date_gmt":"2022-09-30T19:17:44","guid":{"rendered":"https:\/\/moverdb.com\/?page_id=4726"},"modified":"2026-01-08T13:20:35","modified_gmt":"2026-01-08T13:20:35","slug":"papua-yeni%cc%87-gui%cc%87ne","status":"publish","type":"page","link":"https:\/\/moverdb.com\/tr\/container-shipping\/papua-new-guinea\/","title":{"rendered":"2023 Papua Yeni Gine'ye ve Papua Yeni Gine'den Deniz Ta\u015f\u0131mac\u0131l\u0131\u011f\u0131 Konteyner Nakliye Fiyatlar\u0131"},"content":{"rendered":"<figure class=\"wp-block-image size-full\"><img loading=\"lazy\" decoding=\"async\" width=\"1000\" height=\"562\" src=\"https:\/\/moverdb.com\/wp-content\/uploads\/papua-new-guinea.jpg\" alt=\"Papua Yeni Gine&#039;deki Port Moresby \u015fehrinde y\u00fczen bir mahalle\" class=\"wp-image-4708\" srcset=\"https:\/\/moverdb.com\/wp-content\/uploads\/papua-new-guinea.jpg 1000w, https:\/\/moverdb.com\/wp-content\/uploads\/papua-new-guinea-300x169.jpg 300w, https:\/\/moverdb.com\/wp-content\/uploads\/papua-new-guinea-18x10.jpg 18w, https:\/\/moverdb.com\/wp-content\/uploads\/papua-new-guinea-600x337.jpg 600w\" sizes=\"auto, (max-width: 1000px) 100vw, 1000px\" \/><\/figure>\n\n\n\n<p>Bir\u00e7ok gurbet\u00e7i \u015fu \u00fclkelere ta\u015f\u0131nmaya karar veriyor <strong>Papua Yeni <a href=\"https:\/\/moverdb.com\/tr\/moving-companies\/moving-companies-guinea\/\" data-internallinksmanager029f6b8e52c=\"231\" title=\"Gine&#039;deki En \u0130yi 2 Uluslararas\u0131 Nakliye \u015eirketi\">Gine<\/a> <\/strong>Okyanusya'daki bu ada \u00fclkesinin h\u00e2l\u00e2 b\u00fcy\u00fck \u00f6l\u00e7\u00fcde az geli\u015fmi\u015f olmas\u0131na ra\u011fmen.<\/p>\n\n\n\n<p>Papua Yeni Gine yak\u0131n gelecekte kaderi i\u00e7in \u00e7ok \u015fey vaat ediyor. Halk\u0131 yabanc\u0131lara kar\u015f\u0131 \u00e7ok s\u0131cak ve dost canl\u0131s\u0131d\u0131r ve ayn\u0131 zamanda toplumlar\u0131n\u0131 daha y\u00fcksek ekonomik seviyelere \u00e7\u0131karmak i\u00e7in \u00e7ok \u00e7al\u0131\u015fkan ve kararl\u0131d\u0131rlar.<\/p>\n\n\n\n<p>Bu b\u00fcy\u00fcleyici \u00fclkede bir i\u015f bulduysan\u0131z ya da sadece daha sakin, daha tenha bir yerde bir hayat kurmak istiyorsan\u0131z, ev e\u015fyalar\u0131n\u0131z\u0131 oraya ta\u015f\u0131man\u0131n maliyetlerini yine de \u00f6\u011frenmeniz gerekir.<\/p>\n\n\n\n<p>Bu makale en d\u00fc\u015f\u00fck Papua Yeni Gine'yi ke\u015ffetmenize yard\u0131mc\u0131 olacak <a href=\"https:\/\/moverdb.com\/tr\/container-shipping\/\" data-internallinksmanager029f6b8e52c=\"3\" title=\"Uluslararas\u0131 Konteyner Nakliye Fiyatlar\u0131 Tablosu: Nisan 2026\">konteyner nakliye \u00fccretleri<\/a>. A\u015fa\u011f\u0131daki tablolarda, d\u00fcnyan\u0131n d\u00f6rt bir yan\u0131ndan fiyat bulabildi\u011fimiz t\u00fcm destinasyonlar\u0131 dahil ettik.<\/p>\n\n\n\n<p>Ayr\u0131ca, tam konumunuza g\u00f6re do\u011fru bir fiyat almak i\u00e7in fiyat teklifi arac\u0131m\u0131z\u0131 kullanman\u0131z\u0131 \u00f6neririz.<\/p>\n\n\n\n<h2 class=\"wp-block-heading\">Papua Yeni Gine'ye (Port Moresby) Konteyner Nakliye Maliyetleri<\/h2>\n\n\n<div class=\"wp-block-image\">\n<figure class=\"aligncenter size-large\"><img loading=\"lazy\" decoding=\"async\" width=\"1024\" height=\"539\" src=\"https:\/\/moverdb.com\/wp-content\/uploads\/Shipping-Container-Costs-to-Papua-New-Guinea-1024x539.png\" alt=\"Papua Yeni Gine&#039;ye (Port Moresby) Konteyner Nakliye Maliyetleri\" class=\"wp-image-4711\" srcset=\"https:\/\/moverdb.com\/wp-content\/uploads\/Shipping-Container-Costs-to-Papua-New-Guinea-1024x539.png 1024w, https:\/\/moverdb.com\/wp-content\/uploads\/Shipping-Container-Costs-to-Papua-New-Guinea-300x158.png 300w, https:\/\/moverdb.com\/wp-content\/uploads\/Shipping-Container-Costs-to-Papua-New-Guinea-1536x809.png 1536w, https:\/\/moverdb.com\/wp-content\/uploads\/Shipping-Container-Costs-to-Papua-New-Guinea-18x9.png 18w, https:\/\/moverdb.com\/wp-content\/uploads\/Shipping-Container-Costs-to-Papua-New-Guinea-600x316.png 600w, https:\/\/moverdb.com\/wp-content\/uploads\/Shipping-Container-Costs-to-Papua-New-Guinea.png 2000w\" sizes=\"auto, (max-width: 1024px) 100vw, 1024px\" \/><\/figure>\n<\/div>\n\n\n<table id=\"tablepress-183\" class=\"tablepress tablepress-id-183\">\n<thead>\n<tr class=\"row-1\">\n\t<th class=\"column-1\">Hedef \u00dclke (<a href=\"https:\/\/moverdb.com\/tr\/top-49-container-ports\/\" data-internallinksmanager029f6b8e52c=\"80\" title=\"2025 Y\u0131l\u0131nda En B\u00fcy\u00fck ve En Yo\u011fun 49 Konteyner Liman\u0131\">Liman<\/a>\/\u015eehir)<\/th><th class=\"column-2\">20FT<\/th><th class=\"column-3\">40FT<\/th>\n<\/tr>\n<\/thead>\n<tbody class=\"row-striping row-hover\">\n<tr class=\"row-2\">\n\t<td class=\"column-1\"><a href=\"https:\/\/moverdb.com\/tr\/container-shipping\/andorra\/\" data-internallinksmanager029f6b8e52c=\"88\" title=\"2023 Andorra&#039;ya ve Andorra&#039;dan Deniz Ta\u015f\u0131mac\u0131l\u0131\u011f\u0131 Konteyner Nakliye Fiyatlar\u0131\">Andorra (Andorra la Vella)<\/a><\/td><td class=\"column-2\">$4,396<\/td><td class=\"column-3\">$8,053<\/td>\n<\/tr>\n<tr class=\"row-3\">\n\t<td class=\"column-1\"><a href=\"https:\/\/moverdb.com\/tr\/container-shipping\/antigua-and-barbuda\/\" data-internallinksmanager029f6b8e52c=\"92\" title=\"2023 Antigua ve Barbuda&#039;ya ve Antigua&#039;dan Deniz Ta\u015f\u0131mac\u0131l\u0131\u011f\u0131 Konteyner Nakliye Fiyatlar\u0131\">Antigua ve Barbuda (St John's)<\/a><\/td><td class=\"column-2\">$1,825<\/td><td class=\"column-3\">N\/A<\/td>\n<\/tr>\n<tr class=\"row-4\">\n\t<td class=\"column-1\"><a href=\"https:\/\/moverdb.com\/tr\/container-shipping\/argentina\/\" data-internallinksmanager029f6b8e52c=\"91\" title=\"2023 Arjantin&#039;e ve Arjantin&#039;den Deniz Ta\u015f\u0131mac\u0131l\u0131\u011f\u0131 Konteyner Nakliye Fiyatlar\u0131\">Arjantin (Buenos Aires)<\/a><\/td><td class=\"column-2\">$2,845<\/td><td class=\"column-3\">N\/A<\/td>\n<\/tr>\n<tr class=\"row-5\">\n\t<td class=\"column-1\"><a href=\"https:\/\/moverdb.com\/tr\/container-shipping\/aruba\/\" data-internallinksmanager029f6b8e52c=\"90\" title=\"2023 Aruba&#039;ya ve Aruba&#039;dan Deniz Ta\u015f\u0131mac\u0131l\u0131\u011f\u0131 Konteyner Nakliye Fiyatlar\u0131\">Aruba (Oranjestad)<\/a><\/td><td class=\"column-2\">$2,845<\/td><td class=\"column-3\">N\/A<\/td>\n<\/tr>\n<tr class=\"row-6\">\n\t<td class=\"column-1\"><a href=\"https:\/\/moverdb.com\/tr\/container-shipping\/australia\/\" data-internallinksmanager029f6b8e52c=\"89\" title=\"2026 Avustralya&#039;ya ve Avustralya&#039;dan Konteyner Nakliye Fiyatlar\u0131\">Avustralya (Sidney)<\/a><\/td><td class=\"column-2\">$1,561<\/td><td class=\"column-3\">$2,083<\/td>\n<\/tr>\n<tr class=\"row-7\">\n\t<td class=\"column-1\"><a href=\"https:\/\/moverdb.com\/tr\/container-shipping\/austria\/\" data-internallinksmanager029f6b8e52c=\"95\" title=\"2023 Avusturya&#039;ya ve Avusturya&#039;dan Deniz Ta\u015f\u0131mac\u0131l\u0131\u011f\u0131 Konteyner Nakliye Fiyatlar\u0131\">Avusturya (Viyana)<\/a><\/td><td class=\"column-2\">$4,641<\/td><td class=\"column-3\">N\/A<\/td>\n<\/tr>\n<tr class=\"row-8\">\n\t<td class=\"column-1\"><a href=\"https:\/\/moverdb.com\/tr\/container-shipping\/france\/\" data-internallinksmanager029f6b8e52c=\"116\" title=\"2023 Fransa&#039;ya ve Fransa&#039;dan Deniz Ta\u015f\u0131mac\u0131l\u0131\u011f\u0131 Konteyner Nakliye Fiyatlar\u0131\">Fransa (Marsilya)<\/a><\/td><td class=\"column-2\">$2,035<\/td><td class=\"column-3\">$3,465<\/td>\n<\/tr>\n<tr class=\"row-9\">\n\t<td class=\"column-1\"><a href=\"https:\/\/moverdb.com\/tr\/container-shipping\/germany\/\" data-internallinksmanager029f6b8e52c=\"118\" title=\"2023 Almanya&#039;ya ve Almanya&#039;dan Deniz Ta\u015f\u0131mac\u0131l\u0131\u011f\u0131 Konteyner Nakliye Fiyatlar\u0131\">Almanya (Hamburg)<\/a><\/td><td class=\"column-2\">$1,177<\/td><td class=\"column-3\">$2,037<\/td>\n<\/tr>\n<tr class=\"row-10\">\n\t<td class=\"column-1\"><a href=\"https:\/\/moverdb.com\/tr\/container-shipping\/india\/\" data-internallinksmanager029f6b8e52c=\"125\" title=\"2023 Hindistan&#039;a ve Hindistan&#039;dan Deniz Ta\u015f\u0131mac\u0131l\u0131\u011f\u0131 Konteyner Nakliye Fiyatlar\u0131\">Hindistan (Mumbai)<\/a><\/td><td class=\"column-2\">$3,614<\/td><td class=\"column-3\">$4,317<\/td>\n<\/tr>\n<tr class=\"row-11\">\n\t<td class=\"column-1\"><a href=\"https:\/\/moverdb.com\/tr\/container-shipping\/isle-of-man\/\" data-internallinksmanager029f6b8e52c=\"128\" title=\"2023 Man Adas\u0131&#039;na ve Man Adas\u0131&#039;ndan Deniz Ta\u015f\u0131mac\u0131l\u0131\u011f\u0131 Konteyner Nakliye Fiyatlar\u0131\">Man Adas\u0131 (Douglas)<\/a><\/td><td class=\"column-2\">$1,925<\/td><td class=\"column-3\">$3,255<\/td>\n<\/tr>\n<tr class=\"row-12\">\n\t<td class=\"column-1\"><a href=\"https:\/\/moverdb.com\/tr\/container-shipping\/lithuania\/\" data-internallinksmanager029f6b8e52c=\"145\" title=\"2023 Litvanya&#039;ya ve Litvanya&#039;dan Deniz Ta\u015f\u0131mac\u0131l\u0131\u011f\u0131 Konteyner Nakliye Fiyatlar\u0131\">Litvanya (Klaipeda)<\/a><\/td><td class=\"column-2\">$1,177<\/td><td class=\"column-3\">$2,096<\/td>\n<\/tr>\n<tr class=\"row-13\">\n\t<td class=\"column-1\"><a href=\"https:\/\/moverdb.com\/tr\/moving-to-luxembourg\/\" data-internallinksmanager029f6b8e52c=\"349\" title=\"L\u00fcksemburg&#039;a m\u0131 Ta\u015f\u0131n\u0131yorsunuz? 2026 Ya\u015fam Maliyetleri &amp; Yer De\u011fi\u015ftirme \u0130pu\u00e7lar\u0131\">L\u00fcksemburg<\/a><\/td><td class=\"column-2\">$1,786<\/td><td class=\"column-3\">$2,390<\/td>\n<\/tr>\n<tr class=\"row-14\">\n\t<td class=\"column-1\"><a href=\"https:\/\/moverdb.com\/tr\/container-shipping\/philippines\/\" data-internallinksmanager029f6b8e52c=\"156\" title=\"2023 Filipinler&#039;e ve Filipinler&#039;den Deniz Ta\u015f\u0131mac\u0131l\u0131\u011f\u0131 Konteyner Nakliye Fiyatlar\u0131\">Filipinler (Manila)<\/a><\/td><td class=\"column-2\">$3,754<\/td><td class=\"column-3\">N\/A<\/td>\n<\/tr>\n<tr class=\"row-15\">\n\t<td class=\"column-1\"><a href=\"https:\/\/moverdb.com\/tr\/container-shipping\/thailand\/\" data-internallinksmanager029f6b8e52c=\"189\" title=\"2023 Tayland&#039;a ve Tayland&#039;dan Deniz Ta\u015f\u0131mac\u0131l\u0131\u011f\u0131 Konteyner Nakliye Fiyatlar\u0131\">Tayland (Laem Chabang)<\/a><\/td><td class=\"column-2\">$3,200<\/td><td class=\"column-3\">$7,050<\/td>\n<\/tr>\n<tr class=\"row-16\">\n\t<td class=\"column-1\"><a href=\"https:\/\/moverdb.com\/tr\/moving-to-the-united-states\/\" data-internallinksmanager029f6b8e52c=\"94\" title=\"Amerika Birle\u015fik Devletleri&#039;ne mi ta\u015f\u0131n\u0131yorsunuz? 2026 Ya\u015fam Maliyetleri ve Yer De\u011fi\u015ftirme \u0130pu\u00e7lar\u0131\">ABD<\/a> (<a href=\"https:\/\/moverdb.com\/tr\/moving-to-los-angeles\/\" data-internallinksmanager029f6b8e52c=\"51\" title=\"Los Angeles&#039;a m\u0131 ta\u015f\u0131n\u0131yorsunuz? 2026 LA Ya\u015fam Maliyetleri ve Yer De\u011fi\u015ftirme \u0130pu\u00e7lar\u0131\">Los Angeles<\/a>)<\/td><td class=\"column-2\">$2,730<\/td><td class=\"column-3\">$3,666<\/td>\n<\/tr>\n<tr class=\"row-17\">\n\t<td class=\"column-1\"><a href=\"https:\/\/moverdb.com\/tr\/container-shipping\/united-states\/\" data-internallinksmanager029f6b8e52c=\"87\" title=\"2026 ABD&#039;ye ve ABD&#039;den Deniz Ta\u015f\u0131mac\u0131l\u0131\u011f\u0131 Konteyner Nakliye Fiyatlar\u0131\">ABD (New York)<\/a><\/td><td class=\"column-2\">$3,371<\/td><td class=\"column-3\">$4,658<\/td>\n<\/tr>\n<\/tbody>\n<\/table>\n<!-- #tablepress-183 from cache -->\n\n\n\n<h2 class=\"wp-block-heading\">Papua Yeni Gine'den (Port Moresby) Nakliye Konteyner Maliyetleri<\/h2>\n\n\n<div class=\"wp-block-image\">\n<figure class=\"aligncenter size-large\"><img loading=\"lazy\" decoding=\"async\" width=\"1024\" height=\"539\" src=\"https:\/\/moverdb.com\/wp-content\/uploads\/Shipping-Container-Costs-from-Papua-New-Guinea-1024x539.png\" alt=\"Papua Yeni Gine&#039;den (Port Moresby) Nakliye Konteyner Maliyetleri\" class=\"wp-image-4709\" srcset=\"https:\/\/moverdb.com\/wp-content\/uploads\/Shipping-Container-Costs-from-Papua-New-Guinea-1024x539.png 1024w, https:\/\/moverdb.com\/wp-content\/uploads\/Shipping-Container-Costs-from-Papua-New-Guinea-300x158.png 300w, https:\/\/moverdb.com\/wp-content\/uploads\/Shipping-Container-Costs-from-Papua-New-Guinea-1536x809.png 1536w, https:\/\/moverdb.com\/wp-content\/uploads\/Shipping-Container-Costs-from-Papua-New-Guinea-18x9.png 18w, https:\/\/moverdb.com\/wp-content\/uploads\/Shipping-Container-Costs-from-Papua-New-Guinea-600x316.png 600w, https:\/\/moverdb.com\/wp-content\/uploads\/Shipping-Container-Costs-from-Papua-New-Guinea.png 2000w\" sizes=\"auto, (max-width: 1024px) 100vw, 1024px\" \/><\/figure>\n<\/div>\n\n\n<table id=\"tablepress-179\" class=\"tablepress tablepress-id-179\">\n<thead>\n<tr class=\"row-1\">\n\t<th class=\"column-1\">Var\u0131\u015f \u00dclkesi (Liman\/\u015eehir)<\/th><th class=\"column-2\">20FT<\/th><th class=\"column-3\">40FT<\/th>\n<\/tr>\n<\/thead>\n<tbody class=\"row-striping row-hover\">\n<tr class=\"row-2\">\n\t<td class=\"column-1\">Andorra (Andorra la Vella)<\/td><td class=\"column-2\">N\/A<\/td><td class=\"column-3\">$12,406<\/td>\n<\/tr>\n<tr class=\"row-3\">\n\t<td class=\"column-1\">Arjantin (Buenos Aires)<\/td><td class=\"column-2\">$9,863<\/td><td class=\"column-3\">$13,934<\/td>\n<\/tr>\n<tr class=\"row-4\">\n\t<td class=\"column-1\">Aruba (Oranjestad)<\/td><td class=\"column-2\">$10,171<\/td><td class=\"column-3\">N\/A<\/td>\n<\/tr>\n<tr class=\"row-5\">\n\t<td class=\"column-1\">Avustralya (Sidney)<\/td><td class=\"column-2\">N\/A<\/td><td class=\"column-3\">$12,406<\/td>\n<\/tr>\n<tr class=\"row-6\">\n\t<td class=\"column-1\"><a href=\"https:\/\/moverdb.com\/tr\/container-shipping\/cambodia\/\" data-internallinksmanager029f6b8e52c=\"101\" title=\"2023 Kambo\u00e7ya&#039;ya ve Kambo\u00e7ya&#039;dan Deniz Ta\u015f\u0131mac\u0131l\u0131\u011f\u0131 Konteyner Nakliye Fiyatlar\u0131\">Kambo\u00e7ya (Sihanoukville)<\/a><\/td><td class=\"column-2\">$1,303<\/td><td class=\"column-3\">$2,886<\/td>\n<\/tr>\n<tr class=\"row-7\">\n\t<td class=\"column-1\"><a href=\"https:\/\/moverdb.com\/tr\/container-shipping\/croatia\/\" data-internallinksmanager029f6b8e52c=\"107\" title=\"2023 H\u0131rvatistan&#039;a ve H\u0131rvatistan&#039;dan Deniz Ta\u015f\u0131mac\u0131l\u0131\u011f\u0131 Konteyner Nakliye Fiyatlar\u0131\">H\u0131rvatistan (Rijeka)<\/a><\/td><td class=\"column-2\">$10,226<\/td><td class=\"column-3\">$8,025<\/td>\n<\/tr>\n<tr class=\"row-8\">\n\t<td class=\"column-1\"><a href=\"https:\/\/moverdb.com\/tr\/container-shipping\/finland\/\" data-internallinksmanager029f6b8e52c=\"115\" title=\"2023 Finlandiya&#039;ya ve Finlandiya&#039;dan Deniz Ta\u015f\u0131mac\u0131l\u0131\u011f\u0131 Konteyner Nakliye Fiyatlar\u0131\">Finlandiya (Helsinki)<\/a><\/td><td class=\"column-2\">$1,595<\/td><td class=\"column-3\">$3,045<\/td>\n<\/tr>\n<tr class=\"row-9\">\n\t<td class=\"column-1\">Guam<\/td><td class=\"column-2\">$10,226<\/td><td class=\"column-3\">$8,025<\/td>\n<\/tr>\n<tr class=\"row-10\">\n\t<td class=\"column-1\"><a href=\"https:\/\/moverdb.com\/tr\/container-shipping\/iceland\/\" data-internallinksmanager029f6b8e52c=\"124\" title=\"2023 \u0130zlanda&#039;ya ve \u0130zlanda&#039;dan Deniz Ta\u015f\u0131mac\u0131l\u0131\u011f\u0131 Konteyner Nakliye Fiyatlar\u0131\">\u0130zlanda (Reykjavik)<\/a><\/td><td class=\"column-2\">$1,567<\/td><td class=\"column-3\">$2,518<\/td>\n<\/tr>\n<tr class=\"row-11\">\n\t<td class=\"column-1\"><a href=\"https:\/\/moverdb.com\/tr\/container-shipping\/indonesia\/\" data-internallinksmanager029f6b8e52c=\"126\" title=\"2023 Endonezya&#039;ya ve Endonezya&#039;dan Deniz Ta\u015f\u0131mac\u0131l\u0131\u011f\u0131 Konteyner Nakliye Fiyatlar\u0131\">Endonezya (Jakarta)<\/a><\/td><td class=\"column-2\">$1,561<\/td><td class=\"column-3\">$2,083<\/td>\n<\/tr>\n<tr class=\"row-12\">\n\t<td class=\"column-1\">Litvanya (Klaipeda)<\/td><td class=\"column-2\">$1,397<\/td><td class=\"column-3\">$2,754<\/td>\n<\/tr>\n<tr class=\"row-13\">\n\t<td class=\"column-1\">L\u00fcksemburg<\/td><td class=\"column-2\">N\/A<\/td><td class=\"column-3\">$9,192<\/td>\n<\/tr>\n<\/tbody>\n<\/table>\n<!-- #tablepress-179 from cache -->\n\n\n\n<h3 class=\"wp-block-heading\">Veriler hakk\u0131nda notlar:<\/h3>\n\n\n\n<ul class=\"wp-block-list\"><li>T\u00fcm $ rakamlar\u0131 Birle\u015fik Devletler Dolar\u0131 (USD) cinsindendir;<\/li><li>Fiyatlar 2022 sonu itibar\u0131yla do\u011frudur;<\/li><li>Bu makaledeki haritalar, a\u015fa\u011f\u0131daki haritalar kullan\u0131larak olu\u015fturulmu\u015ftur <a href=\"https:\/\/www.mapchart.net\" target=\"_blank\" rel=\"noreferrer noopener\">https:\/\/www.mapchart.net<\/a>. Geri at\u0131f ba\u011flant\u0131s\u0131 verdi\u011finiz s\u00fcrece haritalar\u0131 payla\u015fmakta \u00f6zg\u00fcrs\u00fcn\u00fcz. <a href=\"https:\/\/moverdb.com\/tr\/\" target=\"_blank\" rel=\"noreferrer noopener\">MoverDB<\/a>;<\/li><li>Yukar\u0131daki oranlar yaln\u0131zca tahminidir ve bu makalenin yay\u0131nland\u0131\u011f\u0131 tarihten (Ekim 2022) bu yana de\u011fi\u015fmi\u015f olabilir. Bunlar, a\u015fa\u011f\u0131dakilerden en d\u00fc\u015f\u00fck tahmini orana dayanmaktad\u0131r <a href=\"https:\/\/www.searates.com\" target=\"_blank\" rel=\"noreferrer noopener\">https:\/\/www.searates.com<\/a> veya <a href=\"https:\/\/www.gocomet.com\/freight-shipping-rates-index-calculator\" target=\"_blank\" rel=\"noreferrer noopener\">https:\/\/www.gocomet.com<\/a>;<\/li><li>Sizin i\u00e7in maliyet hakk\u0131nda daha do\u011fru bir fikir edinmek i\u00e7in l\u00fctfen bu sayfan\u0131n \u00fcst k\u0131sm\u0131ndaki teklif formunu kullan\u0131n;<\/li><li>L\u00fctfen \u015fu konulardaki k\u0131lavuzumuza da bak\u0131n <a href=\"https:\/\/moverdb.com\/tr\/konteyner-tasimaciligi\/\" target=\"_blank\" rel=\"noreferrer noopener\">uluslararas\u0131 konteyner ta\u015f\u0131mac\u0131l\u0131\u011f\u0131<\/a>.<\/li><\/ul>","protected":false},"excerpt":{"rendered":"<p>Many expats decide to move to Papua New Guinea despite the fact that this Oceania island country is still underdeveloped at large. Papua New Guinea shows a lot of promise for its fate in the near future. Its people are very warm and friendly toward foreigners and they are also very hardworking and resolute to [&hellip;]<\/p>\n","protected":false},"author":2,"featured_media":4708,"parent":44,"menu_order":0,"comment_status":"closed","ping_status":"closed","template":"","meta":{"_genesis_hide_title":false,"_genesis_hide_breadcrumbs":false,"_genesis_hide_singular_image":false,"_genesis_hide_footer_widgets":false,"_genesis_custom_body_class":"","_genesis_custom_post_class":"","_genesis_layout":"","footnotes":""},"class_list":{"0":"post-4726","1":"page","2":"type-page","3":"status-publish","4":"has-post-thumbnail","6":"entry"},"_links":{"self":[{"href":"https:\/\/moverdb.com\/tr\/wp-json\/wp\/v2\/pages\/4726","targetHints":{"allow":["GET"]}}],"collection":[{"href":"https:\/\/moverdb.com\/tr\/wp-json\/wp\/v2\/pages"}],"about":[{"href":"https:\/\/moverdb.com\/tr\/wp-json\/wp\/v2\/types\/page"}],"author":[{"embeddable":true,"href":"https:\/\/moverdb.com\/tr\/wp-json\/wp\/v2\/users\/2"}],"replies":[{"embeddable":true,"href":"https:\/\/moverdb.com\/tr\/wp-json\/wp\/v2\/comments?post=4726"}],"version-history":[{"count":1,"href":"https:\/\/moverdb.com\/tr\/wp-json\/wp\/v2\/pages\/4726\/revisions"}],"predecessor-version":[{"id":4727,"href":"https:\/\/moverdb.com\/tr\/wp-json\/wp\/v2\/pages\/4726\/revisions\/4727"}],"up":[{"embeddable":true,"href":"https:\/\/moverdb.com\/tr\/wp-json\/wp\/v2\/pages\/44"}],"wp:featuredmedia":[{"embeddable":true,"href":"https:\/\/moverdb.com\/tr\/wp-json\/wp\/v2\/media\/4708"}],"wp:attachment":[{"href":"https:\/\/moverdb.com\/tr\/wp-json\/wp\/v2\/media?parent=4726"}],"curies":[{"name":"wp","href":"https:\/\/api.w.org\/{rel}","templated":true}]}}