{"id":4641,"date":"2022-09-20T19:45:42","date_gmt":"2022-09-20T19:45:42","guid":{"rendered":"https:\/\/moverdb.com\/?page_id=4641"},"modified":"2026-01-08T15:24:10","modified_gmt":"2026-01-08T15:24:10","slug":"cezayir","status":"publish","type":"page","link":"https:\/\/moverdb.com\/tr\/moving-companies\/algeria\/","title":{"rendered":"Cezayir'deki En \u0130yi 3 Uluslararas\u0131 Nakliye \u015eirketi"},"content":{"rendered":"<p>Cezayir'de ta\u015f\u0131n\u0131yorsan\u0131z veya Cezayir'e ya da Cezayir'den ta\u015f\u0131nmak istiyorsan\u0131z, bir <a href=\"https:\/\/moverdb.com\/tr\/moving-companies\/\" data-internallinksmanager029f6b8e52c=\"79\" title=\"\u00c7evrimi\u00e7i En \u0130yi 25 Uluslararas\u0131 Nakliye \u015eirketi\">ta\u015finma \u015fi\u0307rketi\u0307<\/a> size yard\u0131mc\u0131 olmak i\u00e7in. A\u015fa\u011f\u0131da, Dernek \u00fcyesi olanlar\u0131n bir listesi bulunmaktad\u0131r <a href=\"https:\/\/moverdb.com\/tr\/iam\/\" data-internallinksmanager029f6b8e52c=\"23\" title=\"Uluslararas\u0131 Ta\u015f\u0131mac\u0131lar Birli\u011fi (IAM) A\u00e7\u0131klamas\u0131\">Uluslararas\u0131 Ta\u015f\u0131mac\u0131lar Birli\u011fi<\/a> (IAM) ve\/veya <a href=\"https:\/\/moverdb.com\/tr\/fidi-faim\/\" data-internallinksmanager029f6b8e52c=\"16\" title=\"FIDI &amp; FAIM (FIDI Akredite Uluslararas\u0131 Ta\u015f\u0131mac\u0131) A\u00e7\u0131klamas\u0131\">FIDI<\/a> Akredite Uluslararas\u0131 Ta\u015f\u0131mac\u0131l\u0131k (FAIM), umar\u0131m size yard\u0131mc\u0131 olacakt\u0131r.<\/p>\n<h2><strong>1. Hedef Intermovers<\/strong><\/h2>\n<p><em><img loading=\"lazy\" decoding=\"async\" class=\"alignnone wp-image-4642 size-full\" src=\"https:\/\/moverdb.com\/wp-content\/uploads\/Aim-Intermovers-international-moving-company.png\" alt=\"Aim Intermovers uluslararas\u0131 ta\u015f\u0131ma \u015firketi\" width=\"1440\" height=\"677\" data-wp-pid=\"4642\" srcset=\"https:\/\/moverdb.com\/wp-content\/uploads\/Aim-Intermovers-international-moving-company.png 1440w, https:\/\/moverdb.com\/wp-content\/uploads\/Aim-Intermovers-international-moving-company-300x141.png 300w, https:\/\/moverdb.com\/wp-content\/uploads\/Aim-Intermovers-international-moving-company-1024x481.png 1024w, https:\/\/moverdb.com\/wp-content\/uploads\/Aim-Intermovers-international-moving-company-18x8.png 18w, https:\/\/moverdb.com\/wp-content\/uploads\/Aim-Intermovers-international-moving-company-600x282.png 600w\" sizes=\"auto, (max-width: 1440px) 100vw, 1440px\" \/><\/em><\/p>\n<ul>\n<li>Cezayir'in 48 vilayetinde ulusal ta\u015f\u0131malar ve uluslararas\u0131 ta\u015f\u0131malar sa\u011flar<\/li>\n<li>Ofis ta\u015f\u0131ma<\/li>\n<li>Ar\u015fivleme hizmeti<\/li>\n<li>E\u015fyalar\u0131n kara, deniz ve hava yolu ile ta\u015f\u0131nmas\u0131n\u0131 sa\u011flar<\/li>\n<li>Profesyonel nakliyeci ekibi<\/li>\n<li>Ambalaj malzemesi ve karton tedariki<\/li>\n<li>Mobilyalar\u0131n s\u00f6k\u00fclmesini ve paketlenmesini ve ard\u0131ndan yeniden monte edilmesini sa\u011flar<\/li>\n<li>Sanat eserleri gibi \u00fcr\u00fcnleri hassas bir \u015fekilde ele alacak<\/li>\n<li>Ayr\u0131ca ah\u015fap kasalar ve <a href=\"https:\/\/moverdb.com\/tr\/iata\/\" data-internallinksmanager029f6b8e52c=\"22\" title=\"Uluslararas\u0131 Hava Ta\u015f\u0131mac\u0131l\u0131\u011f\u0131 Birli\u011fi (IATA) A\u00e7\u0131klamas\u0131\">IATA<\/a> kartonlar<\/li>\n<li>Herhangi bir taahh\u00fct olmaks\u0131z\u0131n teknik bir ziyaret sunulmaktad\u0131r<\/li>\n<\/ul>\n<p>Aim Intermovers, Cezayir'in 48 vilayetinde \u00fclke genelinde ve uluslararas\u0131 ta\u015f\u0131nmalarda hizmet sunan Cezayirli bir ta\u015f\u0131ma \u015firketidir. Her t\u00fcrl\u00fc ithalat ve ihracat gereksinimleri de dahil olmak \u00fczere ta\u015f\u0131nman\u0131z i\u00e7in t\u00fcm d\u00fczenlemeleri y\u00f6netecek bir transit departman\u0131 sa\u011flarlar. \u015eirket 9 y\u0131ld\u0131r IAM \u00fcyesidir.<\/p>\n<p>Aim Intermovers'\u0131n m\u00fc\u015fterileri aras\u0131nda ulusal ve uluslararas\u0131 \u015firketlere, yabanc\u0131 \u015firketlere, petrol \u015firketlerine ve el\u00e7iliklere ta\u015f\u0131nma hizmetleri sunmak bulunmaktad\u0131r. Hi\u00e7bir y\u00fck\u00fcml\u00fcl\u00fc\u011f\u00fc olmayan teknik ziyaret ile \u00fccretsiz fiyat teklifi sunarlar. Ambalaj malzemeleri ve konteynerler sa\u011flaman\u0131n yan\u0131 s\u0131ra paketleme, demontaj ve yeniden montaj hizmetlerini de i\u00e7eren kapsaml\u0131 bir hizmet sunmaktad\u0131rlar.<\/p>\n<p>Web sitesi: <a href=\"http:\/\/www.aimintermovers.dz\" target=\"_blank\" rel=\"noopener\">http:\/\/www.aimintermovers.dz<\/a><\/p>\n<h2><strong>2. Cezayir Paketle ve Ta\u015f\u0131<\/strong><\/h2>\n<p><em><img loading=\"lazy\" decoding=\"async\" class=\"alignnone size-full wp-image-4643\" src=\"https:\/\/moverdb.com\/wp-content\/uploads\/Algeria-Pack-and-Move-international-moving-company.png\" alt=\"Cezayir Pack and Move uluslararas\u0131 nakliye \u015firketi\" width=\"1440\" height=\"629\" data-wp-pid=\"4643\" srcset=\"https:\/\/moverdb.com\/wp-content\/uploads\/Algeria-Pack-and-Move-international-moving-company.png 1440w, https:\/\/moverdb.com\/wp-content\/uploads\/Algeria-Pack-and-Move-international-moving-company-300x131.png 300w, https:\/\/moverdb.com\/wp-content\/uploads\/Algeria-Pack-and-Move-international-moving-company-1024x447.png 1024w, https:\/\/moverdb.com\/wp-content\/uploads\/Algeria-Pack-and-Move-international-moving-company-18x8.png 18w, https:\/\/moverdb.com\/wp-content\/uploads\/Algeria-Pack-and-Move-international-moving-company-600x262.png 600w\" sizes=\"auto, (max-width: 1440px) 100vw, 1440px\" \/><\/em><\/p>\n<ul>\n<li>Cezayir i\u00e7inde ulusal hareketler<\/li>\n<li>Cezayir'e ve Cezayir'den uluslararas\u0131 ta\u015f\u0131nmalar<\/li>\n<li>\u0130\u015fletmelere ve ev sahiplerine hitap eder<\/li>\n<li>Kademeli ta\u015f\u0131ma hizmeti paketleri sunar<\/li>\n<li>S\u00f6kme, ta\u015f\u0131ma ve teslimat<\/li>\n<li>Mobilyalar\u0131n paketlenmesi ve a\u00e7\u0131lmas\u0131<\/li>\n<li>T\u00fcm e\u015fyalar\u0131n paketlenmesi ve a\u00e7\u0131lmas\u0131<\/li>\n<li>Mobilyalar\u0131n s\u00f6k\u00fclmesi ve yeniden montaj\u0131<\/li>\n<li>T\u00fcm ihracat ve ithalat\u0131n idaresi<\/li>\n<li>Uluslararas\u0131 ta\u015f\u0131ma \u015firketleri a\u011f\u0131n\u0131n bir par\u00e7as\u0131d\u0131r<\/li>\n<\/ul>\n<p>APM olarak da bilinen Algeria Pack and Move, Cezayirli, gurbet\u00e7i veya diplomat olan i\u015fletmelere ve ev sahiplerine hizmet vermektedir. \u015eirket 2005 y\u0131l\u0131nda kurulmu\u015ftur ve 15 y\u0131ld\u0131r IAM \u00fcyesidir. Yedi k\u0131taya yay\u0131lm\u0131\u015f bir ortaklar a\u011f\u0131yla ortakla\u015fa uluslararas\u0131 ta\u015f\u0131nma hizmeti sunmakta ve nakliye, g\u00fcmr\u00fck dahil olmak \u00fczere ta\u015f\u0131nman\u0131z\u0131n y\u00f6netiminde idari destek sa\u011flamaktad\u0131rlar, <a href=\"https:\/\/moverdb.com\/tr\/top-49-container-ports\/\" data-internallinksmanager029f6b8e52c=\"80\" title=\"2025 Y\u0131l\u0131nda En B\u00fcy\u00fck ve En Yo\u011fun 49 Konteyner Liman\u0131\">Liman<\/a> ve havaalan\u0131 formaliteleri.<\/p>\n<p>APM \u00fc\u00e7 kademeli ta\u015f\u0131ma hizmeti sunmaktad\u0131r: 1. kademe ta\u015f\u0131ma ve nakliye, 2. kademe mobilyalar\u0131n paketlenmesini ve a\u00e7\u0131lmas\u0131n\u0131, 3. kademe ise t\u00fcm e\u015fyalar\u0131n paketlenmesini ve a\u00e7\u0131lmas\u0131n\u0131 i\u00e7ermektedir. Gerekirse depolama olanaklar\u0131 da sa\u011flarlar.<\/p>\n<p>Web sitesi: <a href=\"http:\/\/www.algeriapm.com\" target=\"_blank\" rel=\"noopener\">http:\/\/www.algeriapm.com<\/a><\/p>\n<h2><strong>3. One Champion Removals<\/strong><\/h2>\n<p><em><img loading=\"lazy\" decoding=\"async\" class=\"alignnone size-full wp-image-4644\" src=\"https:\/\/moverdb.com\/wp-content\/uploads\/One-Champion-Removals-international-moving-company.png\" alt=\"One Champion Removals uluslararas\u0131 ta\u015f\u0131ma \u015firketi\" width=\"1440\" height=\"683\" data-wp-pid=\"4644\" srcset=\"https:\/\/moverdb.com\/wp-content\/uploads\/One-Champion-Removals-international-moving-company.png 1440w, https:\/\/moverdb.com\/wp-content\/uploads\/One-Champion-Removals-international-moving-company-300x142.png 300w, https:\/\/moverdb.com\/wp-content\/uploads\/One-Champion-Removals-international-moving-company-1024x486.png 1024w, https:\/\/moverdb.com\/wp-content\/uploads\/One-Champion-Removals-international-moving-company-18x9.png 18w, https:\/\/moverdb.com\/wp-content\/uploads\/One-Champion-Removals-international-moving-company-600x285.png 600w\" sizes=\"auto, (max-width: 1440px) 100vw, 1440px\" \/><\/em><\/p>\n<ul>\n<li>Yerel ve evsel ta\u015f\u0131ma hizmetleri<\/li>\n<li>Uluslararas\u0131 hizmetler<\/li>\n<li>Kara, deniz ve hava ta\u015f\u0131mac\u0131l\u0131\u011f\u0131<\/li>\n<li>Paketleme ve ambalaj a\u00e7ma<\/li>\n<li>Mobilyalar\u0131n s\u00f6k\u00fclmesi ve yeniden montaj\u0131<\/li>\n<li>G\u00fcmr\u00fcklerin denetlenmesi<\/li>\n<li>Tam sigortal\u0131, g\u00fcvenli ve emniyetli hizmet<\/li>\n<li>Gizli maliyet yok<\/li>\n<li>Depolama olanaklar\u0131 sunar<\/li>\n<li>Ayr\u0131ca m\u00fclk bulmaya yard\u0131mc\u0131 olmak i\u00e7in bir yer de\u011fi\u015ftirme hizmeti de sunar<\/li>\n<\/ul>\n<p>One Champion Removals Cezayir merkezli bir <a href=\"https:\/\/moverdb.com\/tr\/international-removals\/\" data-internallinksmanager029f6b8e52c=\"27\" title=\"36 \u0130ngiltere&#039;deki En \u0130yi Uluslararas\u0131 Nakliye \u015eirketleri\">nakli\u0307ye \u015fi\u0307rketi\u0307<\/a> IAM'in 3 y\u0131ld\u0131r \u00fcyesidir. Yerel, ulusal ve uluslararas\u0131 ta\u015f\u0131nma konusunda size yard\u0131mc\u0131 olabilecek bilgili ve deneyimli bir ekip sa\u011flarlar.<\/p>\n<p>One Champion Removals, karayolu, denizyolu ve havayolu ile ger\u00e7ekle\u015ftirilebilen ta\u015f\u0131nma hizmetleri sunar ve ekipleri g\u00fcmr\u00fck gereklilikleri gibi t\u00fcm evrak i\u015flerini \u00fcstlenir. G\u00fcvenli ve emniyetli tam sigortal\u0131 bir hizmet sunarlar. Ayr\u0131ca e\u015fyalar\u0131n\u0131z i\u00e7in g\u00fcvenli depolama olanaklar\u0131 ve uygun bir m\u00fclk bulman\u0131za yard\u0131mc\u0131 olacak bir yer de\u011fi\u015ftirme hizmeti de sa\u011flarlar.<\/p>\n<p>Web sitesi: <a href=\"http:\/\/www.championinternationalmoving.com\" target=\"_blank\" rel=\"noopener\">http:\/\/www.championinternationalmoving.com<\/a><\/p>","protected":false},"excerpt":{"rendered":"<p>If you are moving in Algeria, or are wanting to move to or from Algeria, you may need a moving company to assist you. Below is a list of those that are members of the International Association of Movers (IAM) and\/or FIDI Accredited International Mover (FAIM) which will hopefully help you. 1. Aim Intermovers Provides [&hellip;]<\/p>\n","protected":false},"author":4,"featured_media":0,"parent":190,"menu_order":0,"comment_status":"closed","ping_status":"closed","template":"","meta":{"_genesis_hide_title":false,"_genesis_hide_breadcrumbs":false,"_genesis_hide_singular_image":false,"_genesis_hide_footer_widgets":false,"_genesis_custom_body_class":"","_genesis_custom_post_class":"","_genesis_layout":"","footnotes":""},"class_list":{"0":"post-4641","1":"page","2":"type-page","3":"status-publish","5":"entry","6":"has-post-thumbnail"},"_links":{"self":[{"href":"https:\/\/moverdb.com\/tr\/wp-json\/wp\/v2\/pages\/4641","targetHints":{"allow":["GET"]}}],"collection":[{"href":"https:\/\/moverdb.com\/tr\/wp-json\/wp\/v2\/pages"}],"about":[{"href":"https:\/\/moverdb.com\/tr\/wp-json\/wp\/v2\/types\/page"}],"author":[{"embeddable":true,"href":"https:\/\/moverdb.com\/tr\/wp-json\/wp\/v2\/users\/4"}],"replies":[{"embeddable":true,"href":"https:\/\/moverdb.com\/tr\/wp-json\/wp\/v2\/comments?post=4641"}],"version-history":[{"count":3,"href":"https:\/\/moverdb.com\/tr\/wp-json\/wp\/v2\/pages\/4641\/revisions"}],"predecessor-version":[{"id":4653,"href":"https:\/\/moverdb.com\/tr\/wp-json\/wp\/v2\/pages\/4641\/revisions\/4653"}],"up":[{"embeddable":true,"href":"https:\/\/moverdb.com\/tr\/wp-json\/wp\/v2\/pages\/190"}],"wp:attachment":[{"href":"https:\/\/moverdb.com\/tr\/wp-json\/wp\/v2\/media?parent=4641"}],"curies":[{"name":"wp","href":"https:\/\/api.w.org\/{rel}","templated":true}]}}