{"id":454,"date":"2016-07-03T20:25:43","date_gmt":"2016-07-03T20:25:43","guid":{"rendered":"http:\/\/moverdb.com\/?page_id=454"},"modified":"2026-01-08T15:30:41","modified_gmt":"2026-01-08T15:30:41","slug":"dunya-gumruk-organizasyonu","status":"publish","type":"page","link":"https:\/\/moverdb.com\/tr\/world-customs-organization\/","title":{"rendered":"D\u00fcnya G\u00fcmr\u00fck \u00d6rg\u00fct\u00fc (DG\u00d6) A\u00e7\u0131klamas\u0131"},"content":{"rendered":"<p>D\u00fcnya G\u00fcmr\u00fck \u00d6rg\u00fct\u00fc (DG\u00d6), g\u00fcmr\u00fck camias\u0131n\u0131n sesi olarak hizmet veren ba\u011f\u0131ms\u0131z bir h\u00fck\u00fcmetler aras\u0131 organd\u0131r. <\/p>\n<p>D\u00fcnya genelindeki g\u00fcmr\u00fck idarelerini daha verimli, koordineli ve etkili hale getirmek i\u00e7in kurulmu\u015ftur.<\/p>\n<p><strong>WCO hakk\u0131nda \u00f6nemli bilgiler:<\/strong><\/p>\n<ul>\n<li>  DG\u00d6'n\u00fcn 180 \u00fcyesi vard\u0131r ve bu \u00fcyeler d\u00fcnyan\u0131n her yerinden g\u00fcmr\u00fck idareleridir.<\/li>\n<li>  WCO \u00fcyelerinin d\u00f6rtte \u00fc\u00e7\u00fc geli\u015fmekte olan \u00fclkelerdir.<\/li>\n<li>  WCO \u00fcyeleri d\u00fcnya ticaretinin 98%'sinden fazlas\u0131n\u0131 y\u00f6netmekten sorumludur.<\/li>\n<li>  DG\u00d6, 1952 y\u0131l\u0131nda G\u00fcmr\u00fck \u0130\u015fbirli\u011fi Konseyi olarak faaliyetlerine ba\u015flam\u0131\u015ft\u0131r.<\/li>\n<li>  DG\u00d6, 100'den fazla uluslararas\u0131 yetkili, teknik uzman ve destek personelinden olu\u015fan bir Sekretaryaya dayanan bir Konsey taraf\u0131ndan y\u00f6netilmektedir.<\/li>\n<li>  WCO'nun merkezi Br\u00fcksel'de bulunmaktad\u0131r, <a href=\"https:\/\/moverdb.com\/tr\/moving-to-belgium\/\" data-internallinksmanager029f6b8e52c=\"323\" title=\"Bel\u00e7ika&#039;ya m\u0131 Ta\u015f\u0131n\u0131yorsunuz? 2026 Ya\u015fam Maliyetleri &amp; Yer De\u011fi\u015ftirme \u0130pu\u00e7lar\u0131\">Bel\u00e7ika<\/a>.<\/li>\n<li>  DG\u00d6, g\u00fcmr\u00fck vergileri gibi g\u00fcmr\u00fcklerle ilgili \u015fikayetlerle ilgilenmez - h\u00fck\u00fcmetler aras\u0131 bir kurulu\u015f olarak ulusal mevzuat\u0131n uygulanmas\u0131ndan sorumlu de\u011fildir ve bu konuda yetkisi olmad\u0131\u011f\u0131n\u0131 \u00f6zellikle belirtir.<\/li>\n<li>  WCO'nun resmi dilleri \u0130ngilizce ve Frans\u0131zcad\u0131r.<\/li>\n<li>  WCO, \u00fcyelerin y\u0131ll\u0131k katk\u0131lar\u0131n\u0131n yan\u0131 s\u0131ra g\u00f6n\u00fcll\u00fc katk\u0131lar ve ba\u011f\u0131\u015flarla finanse edilmektedir.<\/li>\n<li>  DG\u00d6, Armonize Mal Tan\u0131m\u0131 ve Kodlama Sistemine \u0130li\u015fkin Uluslararas\u0131 S\u00f6zle\u015fme gibi bir dizi g\u00fcmr\u00fck enstr\u00fcman\u0131ndan sorumludur.<\/li>\n<\/ul>\n<p><strong>D\u00fcnya G\u00fcmr\u00fck \u00d6rg\u00fct\u00fc profili:<\/strong><\/p>\n<p>DG\u00d6 kendisini g\u00fcmr\u00fck camias\u0131n\u0131n sesi olarak tan\u0131mlamaktad\u0131r ve g\u00fcmr\u00fck konular\u0131nda yetkinli\u011fe sahip tek uluslararas\u0131 kurulu\u015ftur. Bu da onu, me\u015fru uluslararas\u0131 ticaretin b\u00fcy\u00fcmesine yard\u0131mc\u0131 olman\u0131n yan\u0131 s\u0131ra doland\u0131r\u0131c\u0131l\u0131k ve h\u0131rs\u0131zl\u0131kla ba\u015fa \u00e7\u0131kmak i\u00e7in \u00f6nlemler geli\u015ftirmede kilit bir g\u00fc\u00e7 haline getirmektedir. <\/p>\n<p>DG\u00d6'n\u00fcn amac\u0131, g\u00fc\u00e7l\u00fc ve \u015feffaf bir g\u00fcmr\u00fck ortam\u0131 yaratmak i\u00e7in G\u00fcmr\u00fck idareleri ve ortaklar\u0131 aras\u0131ndaki ba\u011flar\u0131 g\u00fc\u00e7lendirmektir. <\/p>\n<p>Ayr\u0131ca, toplumun ve ulusal topraklar\u0131n korunmas\u0131na yard\u0131mc\u0131 olmay\u0131 ve \u00f6zellikle k\u00fcresel ter\u00f6rizmden kaynaklanan tehditler kar\u015f\u0131s\u0131nda uluslararas\u0131 ticareti g\u00fcvence alt\u0131na almay\u0131 ve kolayla\u015ft\u0131rmay\u0131 bir \u00f6ncelik haline getirmi\u015ftir. <\/p>\n<p>DG\u00d6, s\u0131n\u0131rlar\u0131n b\u00f6ld\u00fc\u011f\u00fcne ancak g\u00fcmr\u00fcklerin birle\u015ftirdi\u011fine inanmaktad\u0131r. Vizyonunu \"h\u0131zla de\u011fi\u015fen bir d\u00fcnyada modernizasyon ve ba\u011flanabilirli\u011fe dinamik bir \u015fekilde \u00f6nc\u00fcl\u00fck etmek\" olarak tan\u0131mlayan DG\u00d6, me\u015fru ticareti g\u00fcvence alt\u0131na almak ve kolayla\u015ft\u0131rmak, gelirleri ger\u00e7ekle\u015ftirmek, toplumu korumak ve kapasite olu\u015fturmak i\u00e7in G\u00fcmr\u00fck idarelerine liderlik, rehberlik ve destek sa\u011flamay\u0131 misyon edindi\u011fini belirtmektedir.<\/p>\n<p><strong>\u00dcyelik i\u00e7in kriterler:<\/strong><\/p>\n<p>WCO \u00fcyeleri g\u00fcmr\u00fck idareleridir, bu nedenle web sitesinde listelenen herhangi bir \u00fcyelik kriteri yoktur.<\/p>\n<p><strong>WCO hakk\u0131ndaki g\u00f6r\u00fc\u015fler:<\/strong><\/p>\n<p>DG\u00d6, a\u015fa\u011f\u0131daki \u00f6zelliklere sahip k\u00f6kl\u00fc bir k\u00fcresel g\u00fcmr\u00fck kurulu\u015fudur <a href=\"http:\/\/www.britannica.com\/topic\/World-Customs-Organization\" target=\"_blank\" rel=\"noopener\">Britannica Ansiklopedisi'nde bir giri\u015f<\/a>. Bu <a href=\"https:\/\/www.wto.org\/english\/thewto_e\/coher_e\/wto_wco_e.htm\" target=\"_blank\" rel=\"noopener\">D\u00fcnya Ticaret \u00d6rg\u00fct\u00fc a\u00e7\u0131kl\u0131yor<\/a> DG\u00d6, \u00f6zellikle mallar\u0131n s\u0131n\u0131fland\u0131r\u0131lmas\u0131 konusunda d\u00fczenli olarak i\u015fbirli\u011fi yapt\u0131\u011f\u0131 bir kurumdur. <\/p>\n<p>WCO'dan h\u00fck\u00fcmet web sitelerinde bahsedilmekte, \"uluslararas\u0131 ticaret ve g\u00fcvenlik yollar\u0131n\u0131n geni\u015fletilmesinde liderlik\" sa\u011flad\u0131\u011f\u0131 belirtilmekte ve a\u00e7\u0131k\u00e7a uluslararas\u0131 bir stat\u00fcye sahip oldu\u011fu ifade edilmektedir. \u00dcyeler a\u00e7\u0131s\u0131ndan bak\u0131ld\u0131\u011f\u0131nda, kat\u0131lanlar bunu duyurma e\u011filimindedir - \u00f6rne\u011fin Avrupa Birli\u011fi, DG\u00d6'n\u00fcn <a href=\"http:\/\/ec.europa.eu\/taxation_customs\/common\/international_affairs\/wco\/index_en.htm\" target=\"_blank\" rel=\"noopener\">DG\u00d6 kabul etmi\u015fti<\/a> \u00fcyelik ba\u015fvurusunu 1 Temmuz 2007 tarihi itibariyle yapm\u0131\u015ft\u0131r.<\/p>\n<blockquote><p>K\u00fcresel ara\u00e7lar\u0131n, standartlar\u0131n ve ara\u00e7lar\u0131n geli\u015ftirilmesi, G\u00fcmr\u00fck prosed\u00fcrlerinin basitle\u015ftirilmesi ve uyumla\u015ft\u0131r\u0131lmas\u0131, ekonomik rekabet\u00e7ili\u011fin te\u015fvik edilmesi, k\u00fcresel tedarik zincirinin g\u00fcvenli\u011fi ve kolayla\u015ft\u0131r\u0131lmas\u0131, G\u00fcmr\u00fck uygulama ve uyum faaliyetlerinin geli\u015ftirilmesi, kamu sa\u011fl\u0131\u011f\u0131 ve g\u00fcvenli\u011finin korunmas\u0131, uluslararas\u0131 Armonize Sistem e\u015fya nomenklat\u00fcr\u00fcn\u00fcn s\u00fcrd\u00fcr\u00fclmesi, gelir g\u00fcvencesi, s\u00fcrd\u00fcr\u00fclebilir G\u00fcmr\u00fck kapasitesi olu\u015fturma ve teknik yard\u0131m ve G\u00fcmr\u00fck K\u0131ymeti ve Men\u015fe Kurallar\u0131na ili\u015fkin DT\u00d6 Anla\u015fmalar\u0131n\u0131n yan\u0131 s\u0131ra 1972 tarihli Birle\u015fmi\u015f Milletler (BM) Konteynerler S\u00f6zle\u015fmesinin y\u00f6netimi de dahil olmak \u00fczere t\u00fcm G\u00fcmr\u00fck konular\u0131<\/p><\/blockquote>\n<p>- <a href=\"http:\/\/www.basel.int\/Default.aspx?tabid=2935\" target=\"_blank\" rel=\"noopener\">Basel S\u00f6zle\u015fmesi<\/a><\/p>\n<p><strong>Web sitesi:<\/strong> <a href=\"http:\/\/www.wcoomd.org\/\" target=\"_blank\" rel=\"noopener\">http:\/\/www.wcoomd.org\/<\/a><\/p>\n<p><strong>Nakliye hakk\u0131nda daha fazla bilgi i\u00e7in bkz:<\/strong> <a href=\"https:\/\/moverdb.com\/tr\/konteyner-tasimaciligi\/\">2018 Uluslararas\u0131 Konteyner Nakliye \u00dccretleri ve Maliyetleri<\/a> ve <a href=\"https:\/\/moverdb.com\/tr\/yuk-i%cc%87leti%cc%87ci%cc%87si%cc%87\/\">Freight Forwarder &amp; NVOCC Uluslararas\u0131 Maliyet ve \u015eirketler Rehberi<\/a><\/p>","protected":false},"excerpt":{"rendered":"<p>The World Customs Organisation (WCO) is an independent intergovernmental body that serves as the voice of the customs community. It was set up to make customs administrations around the world more efficient, coordinated and effective. Key facts about WCO: The WCO has 180 members and these members are customs administrations from all over the world. [&hellip;]<\/p>\n","protected":false},"author":1,"featured_media":0,"parent":0,"menu_order":0,"comment_status":"closed","ping_status":"closed","template":"","meta":{"_genesis_hide_title":false,"_genesis_hide_breadcrumbs":false,"_genesis_hide_singular_image":false,"_genesis_hide_footer_widgets":false,"_genesis_custom_body_class":"","_genesis_custom_post_class":"","_genesis_layout":"","footnotes":""},"class_list":{"0":"post-454","1":"page","2":"type-page","3":"status-publish","5":"entry"},"_links":{"self":[{"href":"https:\/\/moverdb.com\/tr\/wp-json\/wp\/v2\/pages\/454","targetHints":{"allow":["GET"]}}],"collection":[{"href":"https:\/\/moverdb.com\/tr\/wp-json\/wp\/v2\/pages"}],"about":[{"href":"https:\/\/moverdb.com\/tr\/wp-json\/wp\/v2\/types\/page"}],"author":[{"embeddable":true,"href":"https:\/\/moverdb.com\/tr\/wp-json\/wp\/v2\/users\/1"}],"replies":[{"embeddable":true,"href":"https:\/\/moverdb.com\/tr\/wp-json\/wp\/v2\/comments?post=454"}],"version-history":[{"count":7,"href":"https:\/\/moverdb.com\/tr\/wp-json\/wp\/v2\/pages\/454\/revisions"}],"predecessor-version":[{"id":6253,"href":"https:\/\/moverdb.com\/tr\/wp-json\/wp\/v2\/pages\/454\/revisions\/6253"}],"wp:attachment":[{"href":"https:\/\/moverdb.com\/tr\/wp-json\/wp\/v2\/media?parent=454"}],"curies":[{"name":"wp","href":"https:\/\/api.w.org\/{rel}","templated":true}]}}