{"id":451,"date":"2016-07-04T14:16:48","date_gmt":"2016-07-04T14:16:48","guid":{"rendered":"http:\/\/moverdb.com\/?page_id=451"},"modified":"2026-01-08T14:39:55","modified_gmt":"2026-01-08T14:39:55","slug":"uluslararasi-denizcilik-organizasyonu","status":"publish","type":"page","link":"https:\/\/moverdb.com\/tr\/international-maritime-organisation\/","title":{"rendered":"Uluslararas\u0131 Denizcilik \u00d6rg\u00fct\u00fc (IMO) A\u00e7\u0131klamas\u0131"},"content":{"rendered":"<p>Uluslararas\u0131 Denizcilik \u00d6rg\u00fct\u00fc (IMO) bir BM kurulu\u015fudur ve merkezi <a href=\"https:\/\/moverdb.com\/tr\/moving-to-the-uk\/\" data-internallinksmanager029f6b8e52c=\"93\" title=\"Birle\u015fik Krall\u0131k&#039;a m\u0131 ta\u015f\u0131n\u0131yorsunuz? 2026 Ya\u015fam Maliyetleri &amp; Yer De\u011fi\u015ftirme \u0130pu\u00e7lar\u0131\">BIRLE\u015eIK KRALLIK<\/a>Denizcili\u011fin d\u00fczenlenmesinden sorumludur. Kendisini, gemilerin emniyeti, g\u00fcvenli\u011fi ve \u00e7evresel performans\u0131 i\u00e7in k\u00fcresel standart belirleyici otorite olarak tan\u0131mlamaktad\u0131r. <a href=\"https:\/\/moverdb.com\/tr\/konteyner-tasimaciligi\/\">uluslararasi g\u00f6nderi\u0307m<\/a>.<\/p>\n<p><strong>Uluslararas\u0131 Denizcilik \u00d6rg\u00fct\u00fc hakk\u0131nda temel bilgiler<\/strong><\/p>\n<ul>\n<li>  IMO'nun 171 \u00dcye Devleti ve \u00fc\u00e7 Ortak \u00dcyesi bulunmaktad\u0131r.<\/li>\n<li>  IMO, 1948 y\u0131l\u0131nda kurulan ve on y\u0131l sonra faaliyete ge\u00e7en bir BM kurulu\u015fudur.<\/li>\n<li>  IMO \u00fcyeli\u011fi bulunmayan \u00fcye devletlerin \u00e7o\u011fu, denizcilikle hi\u00e7bir ilgisi veya alakas\u0131 olmayan, denize k\u0131y\u0131s\u0131 olmayan \u00fclkelerdir.<\/li>\n<li>  IMO'nun \u00fc\u00e7 Ortak \u00dcyesi Faroe Adalar\u0131'd\u0131r, <a href=\"https:\/\/moverdb.com\/tr\/moving-to-hong-kong\/\" data-internallinksmanager029f6b8e52c=\"350\" title=\"Hong Kong&#039;a m\u0131 ta\u015f\u0131n\u0131yorsunuz? 2026 Ya\u015fam Maliyetleri &amp; Yer De\u011fi\u015ftirme \u0130pu\u00e7lar\u0131\">Hong Kong<\/a> ve Macao.<\/li>\n<li>  Uluslararas\u0131 Denizde Can G\u00fcvenli\u011fi S\u00f6zle\u015fmesi, IMO'nun en iyi bilinen yasal belgelerinden biridir.<\/li>\n<li>  <a href=\"https:\/\/moverdb.com\/tr\/container-shipping\/\" data-internallinksmanager029f6b8e52c=\"3\" title=\"Uluslararas\u0131 Konteyner Nakliye Fiyatlar\u0131 Tablosu: Nisan 2026\">Uluslararas\u0131 nakliye<\/a> k\u00fcresel ticaretin 80%'sinden fazlas\u0131n\u0131 d\u00fcnyan\u0131n d\u00f6rt bir yan\u0131ndaki insanlara ve toplumlara ula\u015ft\u0131rmaktad\u0131r.<\/li>\n<li>  IMO'nun g\u00f6rev alan\u0131, gemi tasar\u0131m\u0131, in\u015fas\u0131, ekipman\u0131, personeli, i\u015fletimi ve bertaraf\u0131 dahil olmak \u00fczere uluslararas\u0131 denizcili\u011fin t\u00fcm y\u00f6nlerini kapsamaktad\u0131r.<\/li>\n<li>  IMO'nun \u00e7al\u0131\u015fmalar\u0131na \u00f6nemli bir katk\u0131da bulunma kapasitesine sahip h\u00fck\u00fcmet d\u0131\u015f\u0131 uluslararas\u0131 \u00f6rg\u00fctlere, Meclisin onay\u0131 ile Konsey taraf\u0131ndan isti\u015fari stat\u00fc verilebilir.<\/li>\n<\/ul>\n<p><strong>IMO profili<\/strong><\/p>\n<p>IMO, BM'nin yetki alan\u0131na giren k\u00fcresel bir kurumdur. Meclis, Konsey ve be\u015f ana Komiteden olu\u015fmaktad\u0131r: <\/p>\n<ol>\n<li> Deniz G\u00fcvenli\u011fi Komitesi<\/li>\n<li> Deniz \u00c7evresini Koruma Komitesi<\/li>\n<li> Hukuk Komitesi<\/li>\n<li> Teknik \u0130\u015fbirli\u011fi Komitesi<\/li>\n<li> Kolayla\u015ft\u0131rma Komitesi<\/li>\n<\/ol>\n<p>IMO, denizde g\u00fcvenlik konusunda iyile\u015ftirmeler yapmak, denizci devletler aras\u0131nda ticareti geli\u015ftirmek ve deniz \u00e7evresini korumak amac\u0131yla \u00e7ok say\u0131da yasal belgeden sorumludur. <\/p>\n<p>IMO, denizcilik sekt\u00f6r\u00fcn\u00fc \u015fu anki haliyle ele alman\u0131n yan\u0131 s\u0131ra, sekt\u00f6r\u00fcn gelece\u011fini g\u00fcvenli, \u00e7evreye duyarl\u0131 ve enerji verimli olarak g\u00fcvence alt\u0131na almakla da ilgilenmektedir. <\/p>\n<p>Denizcilik end\u00fcstrisinin insan unsuru, deniz g\u00fcvenli\u011fi ve bir denizcilik end\u00fcstrisini ba\u015far\u0131l\u0131 bir \u015fekilde i\u015fletmek i\u00e7in gereken teknik bilgi ve kaynaklardan yoksun olan H\u00fck\u00fcmetlere yard\u0131mc\u0131 olmak \u00fczere tasarlanan teknik i\u015fbirli\u011fi de dahil olmak \u00fczere IMO'nun kapsamad\u0131\u011f\u0131 \u00e7ok az \u015fey vard\u0131r.<\/p>\n<p><strong>\u00dcyelik i\u00e7in kriterler <\/strong><\/p>\n<p>\u00dcyelik devletler baz\u0131ndad\u0131r. IMO'ya \u00fcye olmak i\u00e7in bir devlet, Uluslararas\u0131 Denizcilik \u00d6rg\u00fct\u00fc S\u00f6zle\u015fmesi olarak bilinen \u00e7ok tarafl\u0131 bir anla\u015fmay\u0131 onaylar.<\/p>\n<p><strong>IMO hakk\u0131ndaki g\u00f6r\u00fc\u015fler:<\/strong><\/p>\n<p>IMO k\u00fcresel \u00f6l\u00e7ekte bir <a href=\"http:\/\/www.unsceb.org\/content\/imo\" target=\"_blank\" rel=\"noopener\">\u00fcnl\u00fc kurulu\u015f<\/a> tan\u0131nm\u0131\u015f bir stat\u00fcye sahiptir. \u00c7ok g\u00f6r\u00fcn\u00fcrd\u00fcr ve denizcilik sekt\u00f6r\u00fcnde g\u00fc\u00e7l\u00fc bir etkiye sahiptir. \u0130nternette IMO hakk\u0131ndaki bilgiler, h\u00fck\u00fcmetler aras\u0131 i\u015fbirli\u011fini te\u015fvik etmesinin yan\u0131 s\u0131ra denizcilik konular\u0131nda uluslararas\u0131 konferanslar d\u00fczenlemesi ve bu konuda uluslararas\u0131 s\u00f6zle\u015fmeler veya anla\u015fmalar haz\u0131rlamas\u0131ndaki rol\u00fcne odaklanmaktad\u0131r. <\/p>\n<p>G\u00fcvenlik konusundaki rol\u00fc de bahsedildi\u011fi yerlerde vurgulanmaktad\u0131r. IMO'ya \u00fcyelik devlet taraf\u0131ndan yap\u0131ld\u0131\u011f\u0131ndan, bireysel i\u015fletmelerin web sitelerinde bahsedilmemektedir ancak <a href=\"http:\/\/www.britannica.com\/topic\/International-Maritime-Organization\" target=\"_blank\" rel=\"noopener\">\u00e7evrimi\u00e7i ansiklopediler<\/a> ve BM yap\u0131s\u0131n\u0131 anlatan web siteleri.<\/p>\n<p><strong>Web sitesi:<\/strong> <a href=\"http:\/\/www.imo.org\/en\/Pages\/Default.aspx\" target=\"_blank\" rel=\"noopener\">http:\/\/www.imo.org\/<\/a><\/p>\n<p><strong>Nakliye hakk\u0131nda daha fazla bilgi i\u00e7in bkz:<\/strong> <a href=\"https:\/\/moverdb.com\/tr\/konteyner-tasimaciligi\/\">2018 Uluslararas\u0131 Konteyner Nakliye \u00dccretleri ve Maliyetleri<\/a> ve <a href=\"https:\/\/moverdb.com\/tr\/yuk-i%cc%87leti%cc%87ci%cc%87si%cc%87\/\">Freight Forwarder &amp; NVOCC Uluslararas\u0131 Maliyet ve \u015eirketler Rehberi<\/a><\/p>","protected":false},"excerpt":{"rendered":"<p>The International Maritime Organisation (IMO) is a UN agency, based in the UK, which is responsible for regulating shipping. It describes itself as the global standard-setting authority for the safety, security and environmental performance of international shipping. Key facts about the International Maritime Organisation The IMO has 171 Member States and three Associate Members. The [&hellip;]<\/p>\n","protected":false},"author":1,"featured_media":0,"parent":0,"menu_order":0,"comment_status":"closed","ping_status":"closed","template":"","meta":{"_genesis_hide_title":false,"_genesis_hide_breadcrumbs":false,"_genesis_hide_singular_image":false,"_genesis_hide_footer_widgets":false,"_genesis_custom_body_class":"","_genesis_custom_post_class":"","_genesis_layout":"","footnotes":""},"class_list":{"0":"post-451","1":"page","2":"type-page","3":"status-publish","5":"entry"},"_links":{"self":[{"href":"https:\/\/moverdb.com\/tr\/wp-json\/wp\/v2\/pages\/451","targetHints":{"allow":["GET"]}}],"collection":[{"href":"https:\/\/moverdb.com\/tr\/wp-json\/wp\/v2\/pages"}],"about":[{"href":"https:\/\/moverdb.com\/tr\/wp-json\/wp\/v2\/types\/page"}],"author":[{"embeddable":true,"href":"https:\/\/moverdb.com\/tr\/wp-json\/wp\/v2\/users\/1"}],"replies":[{"embeddable":true,"href":"https:\/\/moverdb.com\/tr\/wp-json\/wp\/v2\/comments?post=451"}],"version-history":[{"count":6,"href":"https:\/\/moverdb.com\/tr\/wp-json\/wp\/v2\/pages\/451\/revisions"}],"predecessor-version":[{"id":13163,"href":"https:\/\/moverdb.com\/tr\/wp-json\/wp\/v2\/pages\/451\/revisions\/13163"}],"wp:attachment":[{"href":"https:\/\/moverdb.com\/tr\/wp-json\/wp\/v2\/media?parent=451"}],"curies":[{"name":"wp","href":"https:\/\/api.w.org\/{rel}","templated":true}]}}