{"id":449,"date":"2016-07-04T14:35:22","date_gmt":"2016-07-04T14:35:22","guid":{"rendered":"http:\/\/moverdb.com\/?page_id=449"},"modified":"2026-01-08T14:48:17","modified_gmt":"2026-01-08T14:48:17","slug":"eurovan-movers","status":"publish","type":"page","link":"https:\/\/moverdb.com\/tr\/eurovan-movers\/","title":{"rendered":"Eurovan Uluslararas\u0131 Ta\u015f\u0131mac\u0131lar A\u011f\u0131 (EM) A\u00e7\u0131klamas\u0131"},"content":{"rendered":"<p>Eurovan Uluslararas\u0131 Ta\u015f\u0131mac\u0131lar A\u011f\u0131 (EM), T\u00fcrkiye merkezli ba\u011f\u0131ms\u0131z yerel ta\u015f\u0131mac\u0131lardan olu\u015fan bir a\u011fd\u0131r. <a href=\"https:\/\/moverdb.com\/tr\/moving-to-germany\/\" data-internallinksmanager029f6b8e52c=\"321\" title=\"Almanya&#039;ya m\u0131 ta\u015f\u0131n\u0131yorsunuz? 2026 Ya\u015fam Maliyetleri &amp; Yer De\u011fi\u015ftirme \u0130pu\u00e7lar\u0131\">Almanya<\/a>. Bu a\u011f, bir\u00e7ok \u00fclkeden ge\u00e7ebilecek uluslararas\u0131 ta\u015f\u0131malar i\u00e7in tutarl\u0131 seviyelerde hizmet sunma ihtiyac\u0131na yan\u0131t vermek \u00fczere tasarlanm\u0131\u015ft\u0131r.<\/p>\n<p><strong>Eurovan International Movers Network hakk\u0131nda \u00f6nemli bilgiler:<\/strong><\/p>\n<ul>\n<li>  Bir ta\u015f\u0131nman\u0131n tamamen Avrupa i\u00e7inde ger\u00e7ekle\u015fti\u011fi durumlarda, EM genel merkezi bir \u00fclkeden di\u011ferine yap\u0131lan t\u00fcm ta\u015f\u0131nmalar\u0131 izler, koordine eder ve kontrol eder.<\/li>\n<li>  EM, a\u011f\u0131 arac\u0131l\u0131\u011f\u0131yla koordinasyon ve operasyonlar, depolama ve antrepo, ambalajlama ve ambalaj a\u00e7ma ile \u00e7\u0131k\u0131\u015f ve var\u0131\u015f hizmetleri de dahil olmak \u00fczere bir dizi hizmet sunmaktad\u0131r.<\/li>\n<li>  EM'nin Afrika, Asya, Kuzey Amerika ve G\u00fcney Amerika'y\u0131 kapsayan d\u00fcnya \u00e7ap\u0131nda yedi orta\u011f\u0131 bulunmaktad\u0131r.<\/li>\n<li>  EM'nin sekizi Avrupa'da olmak \u00fczere yakla\u015f\u0131k 35 orta\u011f\u0131 bulunmaktad\u0131r <a href=\"https:\/\/moverdb.com\/tr\/uluslararasi-tasimalar\/\">BIRLE\u015eIK KRALLIK<\/a>.<\/li>\n<li>  EM merkezinin bir ta\u015f\u0131nmay\u0131 izledi\u011fi durumlarda, bu EM'nin bo\u015f kilometreyi azaltmas\u0131n\u0131 ve parasal tasarruf elde etmenin yollar\u0131n\u0131 bulmas\u0131n\u0131 sa\u011flar.<\/li>\n<li>  EM'nin eri\u015fimi k\u00fcreseldir.<\/li>\n<\/ul>\n<p><strong>Eurovan Movers profili:<\/strong><\/p>\n<p>EM, \u00fcyelerden ziyade \"ortaklar\" temelinde i\u015fleyen bir kurulu\u015ftur. Herhangi bir \u00fcyelik kriteri listelenmemi\u015f olsa da, ortak olma s\u00fcrecinin olduk\u00e7a kapsaml\u0131 oldu\u011fu ve EM ile potansiyel ortak aras\u0131nda iyi bir uyumun yan\u0131 s\u0131ra masaya yeni fikirler getirme becerisi gerektirdi\u011fi a\u00e7\u0131kt\u0131r. <\/p>\n<p>Hem Avrupa hem de D\u00fcnya orta\u011f\u0131 kategorilerindeki \u00e7o\u011fu destinasyonda yaln\u0131zca bir i\u015fletme listelenmi\u015ftir - Almanya d\u0131\u015f\u0131nda <a href=\"https:\/\/moverdb.com\/tr\/moving-to-the-uk\/\" data-internallinksmanager029f6b8e52c=\"93\" title=\"Birle\u015fik Krall\u0131k&#039;a m\u0131 ta\u015f\u0131n\u0131yorsunuz? 2026 Ya\u015fam Maliyetleri &amp; Yer De\u011fi\u015ftirme \u0130pu\u00e7lar\u0131\">BIRLE\u015eIK KRALLIK<\/a>, <a href=\"https:\/\/moverdb.com\/tr\/moving-to-switzerland\/\" data-internallinksmanager029f6b8e52c=\"327\" title=\"\u0130svi\u00e7re&#039;ye mi ta\u015f\u0131n\u0131yorsunuz? 2026 Ya\u015fam Maliyetleri &amp; Yer De\u011fi\u015ftirme \u0130pu\u00e7lar\u0131\">\u0130svi\u00e7re<\/a> ve <a href=\"https:\/\/moverdb.com\/tr\/moving-to-italy\/\" data-internallinksmanager029f6b8e52c=\"346\" title=\"\u0130talya&#039;ya m\u0131 Ta\u015f\u0131n\u0131yorsunuz? 2026 Ya\u015fam Maliyetleri &amp; Yer De\u011fi\u015ftirme \u0130pu\u00e7lar\u0131\">\u0130talya<\/a>4+ olan. <\/p>\n<p>EM'nin amac\u0131, ba\u011f\u0131ms\u0131z yerel nakliyecileri bir araya getirerek m\u00fc\u015fterilere uluslararas\u0131 bir ta\u015f\u0131nma i\u00e7in daha uyumlu bir yakla\u015f\u0131m sunmakt\u0131r. EM, ta\u015f\u0131nman\u0131n AB i\u00e7inde oldu\u011fu durumlarda s\u00fcreci kendisi koordine eder. <\/p>\n<p>EM'yi farkl\u0131 k\u0131lan \u015fey, merkezi bir komutaya sahip olmas\u0131 ancak yerel nakliyecilerle \u00e7al\u0131\u015fmas\u0131, yerel bilgi ve ba\u011flant\u0131lar\u0131 korumas\u0131n\u0131n yan\u0131 s\u0131ra merkezi kontrol sunabilmesidir.<\/p>\n<p><strong>\u00dcyelik i\u00e7in kriterler:<\/strong><\/p>\n<p>Web sitesinde herhangi bir \u00fcyelik kriteri listelenmemi\u015ftir - bunun yerine web sitesinde \u015f\u00f6yle yazmaktad\u0131r:<\/p>\n<blockquote><p>Ortak olabilmek i\u00e7in bir ya da iki ev ta\u015f\u0131ma i\u015flemini ger\u00e7ekle\u015ftirmi\u015f olmaktan daha fazlas\u0131 gerekir.<\/p>\n<p>Bir a\u011f\u0131n sa\u011flayabilece\u011fi sinerjiden yararlanabilece\u011finize inan\u0131yorsan\u0131z ve baz\u0131 taze ve al\u0131\u015f\u0131lmad\u0131k fikirlerinizin 30 y\u0131l\u0131 a\u015fk\u0131n ta\u015f\u0131nma deneyimiyle birle\u015ftirilmesi gerekti\u011fini d\u00fc\u015f\u00fcn\u00fcyorsan\u0131z, \u015fimdi do\u011fru kayna\u011f\u0131 buldunuz demektir. <\/p>\n<p>T\u00fcm Eurovan ortaklar\u0131n\u0131n eri\u015febildi\u011fi temel teknolojiler ve di\u011fer avantajlar hakk\u0131nda daha fazla bilgi edinmek i\u00e7in l\u00fctfen Tobia Crisostomo ile ileti\u015fime ge\u00e7in. Kendisi, Eurovan orta\u011f\u0131 olman\u0131n faydalar\u0131 hakk\u0131nda sorular\u0131n\u0131z\u0131 yan\u0131tlamaktan ve nakliye i\u015finde daha y\u00fcksek g\u00f6r\u00fcn\u00fcrl\u00fck ve esnekli\u011fe giden yolda size yard\u0131mc\u0131 olmaktan mutluluk duyacakt\u0131r.<\/p><\/blockquote>\n<p>EUROVAN - Uluslararas\u0131 Ta\u015f\u0131mac\u0131lar A\u011f\u0131<br \/>\nTobia Crisostomo<br \/>\nNeckarauer Stra\u00dfe 35\/41<br \/>\nD-68199 Mannheim, Almanya<br \/>\nTel: +49(0)621-3 97 40 93<br \/>\nFaks: +49(0)621-3 97 40 94<br \/>\nE-posta: crisostomo@eurovan.com<\/p>\n<p><strong>\u00d6rnek \u00dcye \u015eirketler<\/strong><\/p>\n<ul>\n<li> <a href=\"https:\/\/moverdb.com\/tr\/movecorp\/\">Movecorp<\/a><\/li>\n<\/ul>\n<p><strong>Eurovan International Movers Network hakk\u0131ndaki g\u00f6r\u00fc\u015fler<\/strong><\/p>\n<p>Eurovan Movers internette \u00e7ok s\u0131k g\u00f6r\u00fcnm\u00fcyor - s\u0131n\u0131rl\u0131 say\u0131da \"orta\u011f\u0131\" oldu\u011fu d\u00fc\u015f\u00fcn\u00fcld\u00fc\u011f\u00fcnde \u015fa\u015f\u0131rt\u0131c\u0131 de\u011fil - ancak <a href=\"http:\/\/www.centralmoves.co.uk\/removal-solutions\/uk-removals\/\" target=\"_blank\" rel=\"noopener\">bir \u00e7ift<\/a> i\u015fletmelerin <a href=\"http:\/\/pegasusmoving.fi\/cr3ativsponsor\/eurovan-the-european-movers-network\" target=\"_blank\" rel=\"noopener\">bundan bahset<\/a>. <\/p>\n<p>\u015eunlar var <a href=\"http:\/\/www.complaintsboard.com\/complaints\/eurovan-movers-c292449.html\" target=\"_blank\" rel=\"noopener\">bir dizi<\/a> <a href=\"http:\/\/panamainternationalmovers.blogspot.co.uk\" target=\"_blank\" rel=\"noopener\">k\u00f6t\u00fc yorumlar<\/a> i\u00e7in <a href=\"https:\/\/moverdb.com\/tr\/moving-to-panama\/\" data-internallinksmanager029f6b8e52c=\"432\" title=\"Panama&#039;ya m\u0131 Ta\u015f\u0131n\u0131yorsunuz? 2026 Ya\u015fam Maliyetleri &amp; Yer De\u011fi\u015ftirme \u0130pu\u00e7lar\u0131\">Panama<\/a> Grubun orta\u011f\u0131 - olumsuz bir deneyimden, \u00e7al\u0131nan e\u015fyalardan ve hasar g\u00f6ren e\u015fyalardan sorumludur. <\/p>\n<p>Eurovan Movers web sitesinde art\u0131k Panama orta\u011f\u0131 listelenmiyor, bu nedenle ortakl\u0131k \u015fikayetlerden sonra feshedilmi\u015f olabilir. <a href=\"https:\/\/moverdb.com\/tr\/kuruluslar-dernekler\/\">Eurovan bir olarak listelenmi\u015ftir<\/a> gibi kurulu\u015flar\u0131n yan\u0131 s\u0131ra \"en \u00f6nemli uluslararas\u0131 ta\u015f\u0131mac\u0131l\u0131k ve nakliye kurulu\u015flar\u0131, dernekler, planlar, loncalar, konseyler vb. <a href=\"https:\/\/moverdb.com\/tr\/british-association-of-removers\/\" data-internallinksmanager029f6b8e52c=\"9\" title=\"\u0130ngiliz S\u00f6k\u00fcmc\u00fcler Birli\u011fi (BAR) A\u00e7\u0131klamas\u0131\">\u0130ngiliz S\u00f6k\u00fcmc\u00fcler Birli\u011fi<\/a>.<\/p>\n<p><strong>Web sitesi:<\/strong> <a href=\"http:\/\/www.eurovan.com\/\" target=\"_blank\" rel=\"noopener\">http:\/\/www.eurovan.com\/<\/a><\/p>","protected":false},"excerpt":{"rendered":"<p>Eurovan International Movers Network (EM) is a network of independent local movers based in Germany. The network is designed to respond to the need to be able to provide consistent levels of service for international moves that may cross several countries. Key facts about Eurovan International Movers Network: Where a move is taking place entirely [&hellip;]<\/p>\n","protected":false},"author":1,"featured_media":0,"parent":0,"menu_order":0,"comment_status":"closed","ping_status":"closed","template":"","meta":{"_genesis_hide_title":false,"_genesis_hide_breadcrumbs":false,"_genesis_hide_singular_image":false,"_genesis_hide_footer_widgets":false,"_genesis_custom_body_class":"","_genesis_custom_post_class":"","_genesis_layout":"","footnotes":""},"class_list":{"0":"post-449","1":"page","2":"type-page","3":"status-publish","5":"entry"},"_links":{"self":[{"href":"https:\/\/moverdb.com\/tr\/wp-json\/wp\/v2\/pages\/449","targetHints":{"allow":["GET"]}}],"collection":[{"href":"https:\/\/moverdb.com\/tr\/wp-json\/wp\/v2\/pages"}],"about":[{"href":"https:\/\/moverdb.com\/tr\/wp-json\/wp\/v2\/types\/page"}],"author":[{"embeddable":true,"href":"https:\/\/moverdb.com\/tr\/wp-json\/wp\/v2\/users\/1"}],"replies":[{"embeddable":true,"href":"https:\/\/moverdb.com\/tr\/wp-json\/wp\/v2\/comments?post=449"}],"version-history":[{"count":7,"href":"https:\/\/moverdb.com\/tr\/wp-json\/wp\/v2\/pages\/449\/revisions"}],"predecessor-version":[{"id":6205,"href":"https:\/\/moverdb.com\/tr\/wp-json\/wp\/v2\/pages\/449\/revisions\/6205"}],"wp:attachment":[{"href":"https:\/\/moverdb.com\/tr\/wp-json\/wp\/v2\/media?parent=449"}],"curies":[{"name":"wp","href":"https:\/\/api.w.org\/{rel}","templated":true}]}}