{"id":448,"date":"2016-07-04T14:52:09","date_gmt":"2016-07-04T14:52:09","guid":{"rendered":"http:\/\/moverdb.com\/?page_id=448"},"modified":"2026-01-08T13:18:20","modified_gmt":"2026-01-08T13:18:20","slug":"navlun-tasimacilik-dernegi","status":"publish","type":"page","link":"https:\/\/moverdb.com\/tr\/freight-transport-association\/","title":{"rendered":"Y\u00fck Ta\u015f\u0131mac\u0131l\u0131\u011f\u0131 Birli\u011fi (FTA) A\u00e7\u0131klamas\u0131"},"content":{"rendered":"<p>Y\u00fck Ta\u015f\u0131mac\u0131l\u0131\u011f\u0131 Birli\u011fi (FTA), a\u015fa\u011f\u0131dakilerin \u00e7\u0131karlar\u0131n\u0131 temsil etmek \u00fczere kurulmu\u015ftur <a href=\"https:\/\/moverdb.com\/tr\/nakli%cc%87ye-si%cc%87rketleri%cc%87\/\">loji\u0307sti\u0307k \u015fi\u0307rketleri\u0307<\/a>Mallar\u0131n deniz, hava, karayolu veya demiryolu ile ta\u015f\u0131nmas\u0131 fark etmez. Yak\u0131t vergisi ve ruhsatland\u0131rma gibi konularda y\u00fcksek profilli kampanyalarda yer alm\u0131\u015ft\u0131r.<\/p>\n<p><strong>STA ile ilgili temel bilgiler:<\/strong><\/p>\n<ul>\n<li>  FTA'n\u0131n k\u00f6kleri 1889 y\u0131l\u0131na kadar uzanmaktad\u0131r.<\/li>\n<li>  FTA \u00fcyeleri 200.000'den fazla kamyon i\u015fletmektedir - neredeyse T\u00fcrkiye'nin yar\u0131s\u0131 <a href=\"https:\/\/moverdb.com\/tr\/moving-to-the-uk\/\" data-internallinksmanager029f6b8e52c=\"93\" title=\"Birle\u015fik Krall\u0131k&#039;a m\u0131 ta\u015f\u0131n\u0131yorsunuz? 2026 Ya\u015fam Maliyetleri &amp; Yer De\u011fi\u015ftirme \u0130pu\u00e7lar\u0131\">BIRLE\u015eIK KRALLIK<\/a> Filo.<\/li>\n<li>  \u00dcyeler, demiryolu ile ta\u015f\u0131nan 90%'nin \u00fczerinde y\u00fck\u00fc teslim etmektedir.<\/li>\n<li>  STA \u00fcyeleri, Birle\u015fik Krall\u0131k'\u0131n deniz ve hava yoluyla g\u00f6r\u00fcn\u00fcr ihracat\u0131n\u0131n 70%'sinden sorumludur.<\/li>\n<li>  FTA'n\u0131n 15.000'den fazla \u00fcyesi bulunmaktad\u0131r ve Birle\u015fik Krall\u0131k'taki en b\u00fcy\u00fck ta\u015f\u0131mac\u0131l\u0131k ticaret birli\u011fidir.<\/li>\n<li>  FTA'n\u0131n 360 personeli her y\u0131l \u00fcyelerden gelen 50.000'den fazla sorguyu ele almaktad\u0131r.<\/li>\n<li>  FTA'n\u0131n \u00fcyeli\u011fi a\u015fa\u011f\u0131dakilerle s\u0131n\u0131rl\u0131d\u0131r <a href=\"https:\/\/moverdb.com\/tr\/uluslararasi-tasimalar\/\">Birle\u015fik Krall\u0131k \u015firketleri<\/a>.<\/li>\n<\/ul>\n<p><strong>Y\u00fck Ta\u015f\u0131mac\u0131l\u0131\u011f\u0131 Derne\u011fi Profili:<\/strong><\/p>\n<p>FTA misyonunu \"g\u00fcvenli, s\u00fcrd\u00fcr\u00fclebilir ve verimli lojistik\" olarak tan\u0131mlamaktad\u0131r. \u00dcyelerini yerel, ulusal ve Avrupa d\u00fczeyinde temsil etmek ve lojistik sekt\u00f6r\u00fcne ili\u015fkin fark\u0131ndal\u0131\u011f\u0131 art\u0131rmak i\u00e7in kampanya y\u00fcr\u00fctmek de dahil olmak \u00fczere bir dizi farkl\u0131 rol\u00fc vard\u0131r. <\/p>\n<p>FTA ayr\u0131ca \u00fcyelerinin i\u015fletmeleri i\u00e7in en son uyum gereklilikleri konusunda g\u00fcncel olmalar\u0131n\u0131 sa\u011flar ve standartlar\u0131n y\u00fckseltilmesine ve \u00e7al\u0131\u015fma ko\u015fullar\u0131n\u0131n iyile\u015ftirilmesine yard\u0131mc\u0131 olmak \u00fczere tasarlanm\u0131\u015f geni\u015f bir e\u011fitim program\u0131 yelpazesi sunar. <\/p>\n<p>Ayr\u0131ca FTA, lojistik sekt\u00f6r\u00fcn\u00fcn nas\u0131l i\u015fledi\u011fi ve kar\u015f\u0131la\u015ft\u0131\u011f\u0131 zorluklar gibi konularda raporlar haz\u0131rlayarak temsil etti\u011fi sekt\u00f6r hakk\u0131nda bir bilgi kayna\u011f\u0131d\u0131r. <\/p>\n<p>\u00dcyelik avantajlar\u0131 aras\u0131nda brifingler ve uyum k\u0131lavuzlar\u0131, kulland\u0131k\u00e7a \u00f6de ara\u00e7 kurtarma hizmeti ve \u00e7evrimi\u00e7i bir tedarik\u00e7i rehberi yer almaktad\u0131r.<\/p>\n<p>\u00dcyelik kategorileri \u015funlard\u0131r:<\/p>\n<ul>\n<li> Ara\u00e7 Operat\u00f6r\u00fc \u00dcyeli\u011fi<\/li>\n<li> Ara\u00e7 D\u0131\u015f\u0131 Operat\u00f6r \u00dcyeli\u011fi<\/li>\n<li> Yolcu \u00dcyeli\u011fi<\/li>\n<li> Yerel Y\u00f6netim \u00dcyeli\u011fi<\/li>\n<li> Yasal Otorite \u00dcyeli\u011fi<\/li>\n<li> \u015eube \u00dcyeli\u011fi<\/li>\n<\/ul>\n<p><strong>\u00dcyelik i\u00e7in kriterler:<\/strong><\/p>\n<p>FTA a\u015fa\u011f\u0131da listelenen farkl\u0131 \u00fcyelik t\u00fcrlerini sunmaktad\u0131r. Kimlerin \u00fcye olabilece\u011fine dair herhangi bir kriter bulunmamaktad\u0131r, ancak \u015firketlerin a\u015fa\u011f\u0131daki i\u015fletmelerden birinin tan\u0131m\u0131na girmesi ve Freight Transport Association Ltd'nin Ana S\u00f6zle\u015fmesinin \u015fartlar\u0131n\u0131 kabul etmesi gerekmektedir. <\/p>\n<p>Ba\u015fvuruyu desteklemek i\u00e7in her \u00fcyelik kategorisi i\u00e7in a\u015fa\u011f\u0131da belirtildi\u011fi gibi baz\u0131 ek bilgiler gereklidir.<\/p>\n<ul>\n<li> Ara\u00e7 Operat\u00f6r\u00fc \u00dcyeli\u011fi - i\u015fletilen ara\u00e7 say\u0131s\u0131 ve i\u015fin niteli\u011fi.<\/li>\n<li> Ara\u00e7 D\u0131\u015f\u0131 Operat\u00f6r \u00dcyeli\u011fi - i\u015fin niteli\u011fi.<\/li>\n<li> Yolcu \u00dcyeli\u011fi - y\u0131ll\u0131k ciro, i\u015fin niteli\u011fi, i\u015fletilen ara\u00e7 say\u0131s\u0131.<\/li>\n<li> Yerel Otorite \u00dcyeli\u011fi - i\u015fletilen ara\u00e7 say\u0131s\u0131 ve yerel otorite taraf\u0131ndan hizmet verilen b\u00f6lgenin n\u00fcfusu.<\/li>\n<li> Yasal Otorite \u00dcyeli\u011fi - i\u015fletilen ara\u00e7 say\u0131s\u0131 ve otoritenin hizmet verdi\u011fi b\u00f6lgenin n\u00fcfusu.<\/li>\n<li> \u015eube \u00dcyeli\u011fi - i\u015fletilen ara\u00e7 say\u0131s\u0131, i\u015fin niteli\u011fi.<\/li>\n<\/ul>\n<p><strong>\u00d6rnek \u00dcye \u015eirketler<\/strong><\/p>\n<ul>\n<li> <a href=\"https:\/\/moverdb.com\/tr\/shore-porters-toplumu\/\">K\u0131y\u0131 Ta\u015f\u0131y\u0131c\u0131lar\u0131 Derne\u011fi<\/a><\/li>\n<li> <a href=\"https:\/\/moverdb.com\/tr\/movecorp\/\">Movecorp<\/a><\/li>\n<\/ul>\n<p><strong>STA hakk\u0131ndaki g\u00f6r\u00fc\u015fler:<\/strong><\/p>\n<p>FTA, sekt\u00f6r\u00fcn b\u00fcy\u00fck isimlerinden destek al\u0131yor - \u00f6rne\u011fin PWC, her y\u0131l d\u00fczenlenen <a href=\"http:\/\/www.pwc.co.uk\/industries\/transport-logistics\/fta-logistics-report-2014.html\" target=\"_blank\" rel=\"noopener\">Y\u00fck Ta\u015f\u0131mac\u0131l\u0131\u011f\u0131 Derne\u011fi'nin Lojistik Raporu<\/a> ve FTA'y\u0131 \"Birle\u015fik Krall\u0131k'\u0131n en b\u00fcy\u00fck ticaret birliklerinden biri\" olarak tan\u0131ml\u0131yor.<\/p>\n<p>STA'dan a\u015fa\u011f\u0131daki hususlarda ortak olarak bahsedilmektedir <a href=\"http:\/\/www.csrf.ac.uk\/partner\/freight-transport-association\/\" target=\"_blank\" rel=\"noopener\">S\u00fcrd\u00fcr\u00fclebilir Karayolu Ta\u015f\u0131mac\u0131l\u0131\u011f\u0131 Merkezi<\/a> ve i\u015fbirlikleri, ilgili konularda, \u00f6rne\u011fin k\u0131smi bir <a href=\"http:\/\/www.osapartnershipgroup.co.uk\/campaign2-fta.html\" target=\"_blank\" rel=\"noopener\">Mesleki Yeterlilik Belgesi<\/a> Obstr\u00fcktif Uyku Apnesi Grubu ile birlikte. FTA'dan \u015furada bahsedilmektedir <a href=\"http:\/\/www.lombard.co.uk\/our-expertise\/commercial-transportation\/industry-associations\/fta\" target=\"_blank\" rel=\"noopener\">bir dizi web sitesi<\/a> ve lojistik sekt\u00f6r\u00fcn\u00fc temsil eden bir konu oldu\u011funda s\u0131k s\u0131k al\u0131nt\u0131lan\u0131r.<\/p>\n<p><strong>Web sitesi:<\/strong> <a href=\"http:\/\/www.fta.co.uk\/\" target=\"_blank\" rel=\"noopener\">http:\/\/www.fta.co.uk\/<\/a><\/p>\n<p><strong>Nakliye hakk\u0131nda daha fazla bilgi i\u00e7in bkz:<\/strong> <a href=\"https:\/\/moverdb.com\/tr\/konteyner-tasimaciligi\/\">2018 Uluslararas\u0131 Konteyner Nakliye \u00dccretleri ve Maliyetleri<\/a> ve <a href=\"https:\/\/moverdb.com\/tr\/yuk-i%cc%87leti%cc%87ci%cc%87si%cc%87\/\">Freight Forwarder &amp; NVOCC Uluslararas\u0131 Maliyet ve \u015eirketler Rehberi<\/a><\/p>","protected":false},"excerpt":{"rendered":"<p>The Freight Transport Association (FTA) was set up to represent the interests of logistics companies, whether they are moving goods by sea, air, road or rail. It has been involved in high profile campaigns on issues such as fuel duty and licensing. Key facts about the FTA: The FTA can trace its roots back to [&hellip;]<\/p>\n","protected":false},"author":1,"featured_media":0,"parent":0,"menu_order":0,"comment_status":"closed","ping_status":"closed","template":"","meta":{"_genesis_hide_title":false,"_genesis_hide_breadcrumbs":false,"_genesis_hide_singular_image":false,"_genesis_hide_footer_widgets":false,"_genesis_custom_body_class":"","_genesis_custom_post_class":"","_genesis_layout":"","footnotes":""},"class_list":{"0":"post-448","1":"page","2":"type-page","3":"status-publish","5":"entry"},"_links":{"self":[{"href":"https:\/\/moverdb.com\/tr\/wp-json\/wp\/v2\/pages\/448","targetHints":{"allow":["GET"]}}],"collection":[{"href":"https:\/\/moverdb.com\/tr\/wp-json\/wp\/v2\/pages"}],"about":[{"href":"https:\/\/moverdb.com\/tr\/wp-json\/wp\/v2\/types\/page"}],"author":[{"embeddable":true,"href":"https:\/\/moverdb.com\/tr\/wp-json\/wp\/v2\/users\/1"}],"replies":[{"embeddable":true,"href":"https:\/\/moverdb.com\/tr\/wp-json\/wp\/v2\/comments?post=448"}],"version-history":[{"count":11,"href":"https:\/\/moverdb.com\/tr\/wp-json\/wp\/v2\/pages\/448\/revisions"}],"predecessor-version":[{"id":6213,"href":"https:\/\/moverdb.com\/tr\/wp-json\/wp\/v2\/pages\/448\/revisions\/6213"}],"wp:attachment":[{"href":"https:\/\/moverdb.com\/tr\/wp-json\/wp\/v2\/media?parent=448"}],"curies":[{"name":"wp","href":"https:\/\/api.w.org\/{rel}","templated":true}]}}