{"id":447,"date":"2016-07-05T14:22:52","date_gmt":"2016-07-05T14:22:52","guid":{"rendered":"http:\/\/moverdb.com\/?page_id=447"},"modified":"2026-01-08T14:48:21","modified_gmt":"2026-01-08T14:48:21","slug":"fedemac","status":"publish","type":"page","link":"https:\/\/moverdb.com\/tr\/fedemac\/","title":{"rendered":"Avrupa Ta\u015f\u0131mac\u0131lar Birli\u011fi Federasyonu (FEDEMAC) A\u00e7\u0131klamas\u0131"},"content":{"rendered":"<p>Avrupa Ta\u015f\u0131mac\u0131lar Birli\u011fi Federasyonu (FEDEMAC), ta\u015f\u0131mac\u0131l\u0131k sekt\u00f6r\u00fcn\u00fc Avrupa d\u00fczeyinde te\u015fvik etmek amac\u0131yla kurulmu\u015f bir Avrupa kurulu\u015fudur. \u00dcyeli\u011fi a\u011f\u0131rl\u0131kl\u0131 olarak ulusal ta\u015f\u0131ma derneklerinden olu\u015fmaktad\u0131r.<\/p>\n<p><strong>FEDEMAC hakk\u0131nda \u00f6nemli bilgiler<\/strong><\/p>\n<ul>\n<li>  FEDEMAC \u00fcyeli\u011fi, Avrupa'da bulunan Ulusal Ta\u015f\u0131ma Derneklerinden olu\u015fmaktad\u0131r.<\/li>\n<li>  FEDEMAC yakla\u015f\u0131k 3.000 profesyonelin \u00e7\u0131karlar\u0131n\u0131 temsil etmektedir <a href=\"https:\/\/moverdb.com\/tr\/moving-companies\/\" data-internallinksmanager029f6b8e52c=\"79\" title=\"\u00c7evrimi\u00e7i En \u0130yi 25 Uluslararas\u0131 Nakliye \u015eirketi\">ta\u015finma \u015fi\u0307rketleri\u0307<\/a>.<\/li>\n<li>  \u00dcyeler, 24'\u00fc AB \u00fcyesi olmak \u00fczere 26 Avrupa \u00fclkesinde yer almaktad\u0131r. <a href=\"https:\/\/moverdb.com\/tr\/moving-to-switzerland\/\" data-internallinksmanager029f6b8e52c=\"327\" title=\"\u0130svi\u00e7re&#039;ye mi ta\u015f\u0131n\u0131yorsunuz? 2026 Ya\u015fam Maliyetleri &amp; Yer De\u011fi\u015ftirme \u0130pu\u00e7lar\u0131\">\u0130svi\u00e7re<\/a> ve <a href=\"https:\/\/moverdb.com\/tr\/moving-to-norway\/\" data-internallinksmanager029f6b8e52c=\"325\" title=\"Norve\u00e7&#039;e mi Ta\u015f\u0131n\u0131yorsunuz? 2026 Ya\u015fam Maliyetleri &amp; Yer De\u011fi\u015ftirme \u0130pu\u00e7lar\u0131\">Norve\u00e7<\/a> FEDEMAC taraf\u0131ndan da temsil edilmektedir.<\/li>\n<li>  FEDEMAC, y\u0131lda bir kez toplanan ve FEDEMAC \u00dcyelerinin (\u00dcye Dernekler ve Do\u011frudan Ba\u011fl\u0131 \u00dcye \u015eirketler) temsilcilerinden olu\u015fan bir genel kurul taraf\u0131ndan y\u00f6netilir.<\/li>\n<li>  FEDEMAC'\u0131n \u00e7al\u0131\u015fmalar\u0131n\u0131n b\u00fcy\u00fck bir k\u0131sm\u0131, \u00fcyelerinin \u00e7\u0131karlar\u0131n\u0131 AB Parlamentosu ve Komisyonu nezdinde desteklemektir.<\/li>\n<\/ul>\n<p><strong>Avrupa Ta\u015f\u0131mac\u0131lar Birli\u011fi Federasyonu profili:<\/strong><\/p>\n<p>FEDEMAC'\u0131n amac\u0131 Avrupa'daki ta\u015f\u0131ma sekt\u00f6r\u00fcn\u00fc, sekt\u00f6r\u00fcn endi\u015felerini, ihtiya\u00e7lar\u0131n\u0131 ve amac\u0131n\u0131 temsil etmektir. Ayr\u0131ca, Avrupa'da maksimum etki yaratmak i\u00e7in \u00fcyelerinin faaliyetlerini koordine etmeye yard\u0131mc\u0131 olmak \u00fczere tasarlanm\u0131\u015ft\u0131r. <\/p>\n<p>\u00c7al\u0131\u015fmalar\u0131n b\u00fcy\u00fck bir k\u0131sm\u0131, \u00fcyelerin \u00e7\u0131karlar\u0131n\u0131 AB Parlamentosu ve Komisyonuna sunman\u0131n yan\u0131 s\u0131ra ulusal ta\u015f\u0131ma birlikleri ve di\u011fer ticaret \u00f6rg\u00fctleri aras\u0131nda irtibat sa\u011flamakla ilgilidir. <\/p>\n<p>FEDEMAC \u00fcyeleri \u00e7o\u011funlukla ulusal ta\u015f\u0131ma birlikleridir (\u00f6rne\u011fin <a href=\"https:\/\/moverdb.com\/tr\/uluslararasi-tasimalar\/\" target=\"_blank\" rel=\"noopener\">Birle\u015fik Krall\u0131k'ta<\/a>\u00fcye ise <a href=\"https:\/\/moverdb.com\/tr\/british-association-of-removers\/\" target=\"_blank\" rel=\"noopener\">\u0130ngiliz S\u00f6k\u00fcmc\u00fcler Birli\u011fi<\/a>), ancak birli\u011fin bulunmad\u0131\u011f\u0131 veya birli\u011fin mevcut oldu\u011fu ancak FEDEMAC \u00fcyeli\u011fiyle ilgilenmedi\u011fi durumlarda, tek nitelikli nakliye \u015firketlerinin FEDEMAC'\u0131n Do\u011frudan Ba\u011fl\u0131 Kurulu\u015flar\u0131 olmas\u0131 da m\u00fcmk\u00fcnd\u00fcr. <\/p>\n<p>FEDEMAC'\u0131n rol\u00fcn\u00fcn bir par\u00e7as\u0131 da \u00fcyelerini Avrupa politikas\u0131 konusunda g\u00fcncel tutmakt\u0131r ve bunu yapmak i\u00e7in web sitesi arac\u0131l\u0131\u011f\u0131yla bir dizi kayna\u011f\u0131n yan\u0131 s\u0131ra \u00fcyeler i\u00e7in bir dizi yay\u0131n, bir rehber ve y\u0131ll\u0131k bir konferans sunmaktad\u0131r.<\/p>\n<p><strong>\u00dcyelik i\u00e7in kriterler:<\/strong><\/p>\n<p>\u00dcyelik ulusal bir dernek arac\u0131l\u0131\u011f\u0131yla ger\u00e7ekle\u015fmektedir. <a href=\"https:\/\/moverdb.com\/tr\/moving-to-the-uk\/\" data-internallinksmanager029f6b8e52c=\"93\" title=\"Birle\u015fik Krall\u0131k&#039;a m\u0131 ta\u015f\u0131n\u0131yorsunuz? 2026 Ya\u015fam Maliyetleri &amp; Yer De\u011fi\u015ftirme \u0130pu\u00e7lar\u0131\">BIRLE\u015eIK KRALLIK<\/a> FEDEMAC'\u0131n bir par\u00e7as\u0131 olmak isteyenlerin \u0130ngiliz Ta\u015f\u0131mac\u0131lar Birli\u011fi'ne kat\u0131lmalar\u0131 gerekmektedir.<br \/>\n\u00c7o\u011fu \u00fclke i\u00e7in \u00fcyelik, ulusal bir ta\u015f\u0131ma birli\u011fi arac\u0131l\u0131\u011f\u0131yla ger\u00e7ekle\u015fmektedir.<\/p>\n<p><strong>\u00d6rnek \u00dcye \u015eirketler<\/strong><\/p>\n<ul>\n<li> <a href=\"https:\/\/moverdb.com\/tr\/matthew-james\/\">Matthew James Global Relocations<\/a><\/li>\n<li> <a href=\"https:\/\/moverdb.com\/tr\/movecorp\/\">Movecorp<\/a><\/li>\n<li> <a href=\"https:\/\/moverdb.com\/tr\/pearson\/\">Pearson Ev Ta\u015f\u0131ma<\/a><\/li>\n<li> <a href=\"https:\/\/moverdb.com\/tr\/simpsons-removals\/\">Simpsons Nakliyat ve Depolama<\/a><\/li>\n<li> <a href=\"https:\/\/moverdb.com\/tr\/abels-removals\/\">Abels Ta\u015f\u0131nma Hizmetleri<\/a><\/li>\n<li> <a href=\"https:\/\/moverdb.com\/tr\/eagle-relocations\/\">Eagle Relocations<\/a><\/li>\n<li> <a href=\"https:\/\/moverdb.com\/tr\/btr-uluslararasi\/\">BTR Uluslararas\u0131<\/a><\/li>\n<li> <a href=\"https:\/\/moverdb.com\/tr\/fn-removals\/\">F&amp;N Worldwide Removals<\/a><\/li>\n<li> <a href=\"https:\/\/moverdb.com\/tr\/bolliger\/\">Bolliger<\/a><\/li>\n<li> <a href=\"https:\/\/moverdb.com\/tr\/gil-stauffer\/\">Gil Stauffer<\/a><\/li>\n<li> <a href=\"https:\/\/moverdb.com\/tr\/teletrans\/\">Teletrans<\/a><\/li>\n<\/ul>\n<p><strong>FEDEMAC hakk\u0131ndaki g\u00f6r\u00fc\u015fler<\/strong><\/p>\n<p>FEDEMAC'\u0131n bu ki\u015filer taraf\u0131ndan \u00e7ok takdir edildi\u011fi a\u00e7\u0131kt\u0131r. <a href=\"http:\/\/www.abels.co.uk\/articles\/fedemac-federation-of-european-movers-associations-what-does-this-mean\/\" target=\"_blank\" rel=\"noopener\">bundan bahseden<\/a> ve Avrupa'daki nakliyecilerin \u00e7\u0131karlar\u0131n\u0131 temsil etmede \u00f6nemli bir rol oynad\u0131\u011f\u0131 d\u00fc\u015f\u00fcn\u00fclmektedir. Baz\u0131 nakliyeciler, \u0130ngiliz Nakliyeciler Birli\u011fi arac\u0131l\u0131\u011f\u0131yla \u00fcye olmak yerine bireysel \u00fcye olduklar\u0131n\u0131 belirtmektedir. Di\u011ferleri ise kendilerini FEDEMAC taraf\u0131ndan akredite edilmi\u015f olarak g\u00f6steriyor ki bu kurulu\u015fun yapmad\u0131\u011f\u0131 bir \u015fey.<\/p>\n<p><strong>Web sitesi:<\/strong> <a href=\"https:\/\/www.fedemac.eu\" target=\"_blank\" rel=\"noopener\">https:\/\/www.fedemac.eu<\/a><\/p>","protected":false},"excerpt":{"rendered":"<p>The Federation of European Movers Association (FEDEMAC) is a European body that has been established to promote the moving industry on a European level. Its membership is predominantly made up of national moving associations. Key facts about FEDEMAC FEDEMAC membership is made up of National Moving Associations located in Europe. FEDEMAC represents the interests of [&hellip;]<\/p>\n","protected":false},"author":1,"featured_media":0,"parent":0,"menu_order":0,"comment_status":"closed","ping_status":"closed","template":"","meta":{"_genesis_hide_title":false,"_genesis_hide_breadcrumbs":false,"_genesis_hide_singular_image":false,"_genesis_hide_footer_widgets":false,"_genesis_custom_body_class":"","_genesis_custom_post_class":"","_genesis_layout":"","footnotes":""},"class_list":{"0":"post-447","1":"page","2":"type-page","3":"status-publish","5":"entry"},"_links":{"self":[{"href":"https:\/\/moverdb.com\/tr\/wp-json\/wp\/v2\/pages\/447","targetHints":{"allow":["GET"]}}],"collection":[{"href":"https:\/\/moverdb.com\/tr\/wp-json\/wp\/v2\/pages"}],"about":[{"href":"https:\/\/moverdb.com\/tr\/wp-json\/wp\/v2\/types\/page"}],"author":[{"embeddable":true,"href":"https:\/\/moverdb.com\/tr\/wp-json\/wp\/v2\/users\/1"}],"replies":[{"embeddable":true,"href":"https:\/\/moverdb.com\/tr\/wp-json\/wp\/v2\/comments?post=447"}],"version-history":[{"count":21,"href":"https:\/\/moverdb.com\/tr\/wp-json\/wp\/v2\/pages\/447\/revisions"}],"predecessor-version":[{"id":6209,"href":"https:\/\/moverdb.com\/tr\/wp-json\/wp\/v2\/pages\/447\/revisions\/6209"}],"wp:attachment":[{"href":"https:\/\/moverdb.com\/tr\/wp-json\/wp\/v2\/media?parent=447"}],"curies":[{"name":"wp","href":"https:\/\/api.w.org\/{rel}","templated":true}]}}