{"id":445,"date":"2016-06-21T20:35:30","date_gmt":"2016-06-21T20:35:30","guid":{"rendered":"http:\/\/moverdb.com\/?page_id=445"},"modified":"2026-01-08T14:47:36","modified_gmt":"2026-01-08T14:47:36","slug":"association-relocation-professionals","status":"publish","type":"page","link":"https:\/\/moverdb.com\/tr\/association-relocation-professionals\/","title":{"rendered":"Association of Relocation Professionals (ARP) A\u00e7\u0131klamas\u0131"},"content":{"rendered":"<p>Association of Relocation Professionals (ARP), Avrupa'da yer de\u011fi\u015ftirme end\u00fcstrisi i\u00e7in profesyonel bir kurulu\u015ftur. <a href=\"https:\/\/moverdb.com\/tr\/moving-to-the-uk\/\" data-internallinksmanager029f6b8e52c=\"93\" title=\"Birle\u015fik Krall\u0131k&#039;a m\u0131 ta\u015f\u0131n\u0131yorsunuz? 2026 Ya\u015fam Maliyetleri &amp; Yer De\u011fi\u015ftirme \u0130pu\u00e7lar\u0131\">BIRLE\u015eIK KRALLIK<\/a>. Misyonu sadece \u00fcyelerini temsil etmek de\u011fil, ayn\u0131 zamanda kendilerini pazarlamalar\u0131na ve b\u00fcy\u00fcmelerine de yard\u0131mc\u0131 olmakt\u0131r.<\/p>\n<p><strong>ARP hakk\u0131nda temel bilgiler:<\/strong><\/p>\n<ul>\n<li>  ARP, Birle\u015fik Krall\u0131k'taki yer de\u011fi\u015ftirme profesyonellerinin organ\u0131d\u0131r.<\/li>\n<li>  Yer De\u011fi\u015ftirme Profesyonelleri Derne\u011fi 1986 y\u0131l\u0131nda kurulmu\u015ftur.<\/li>\n<li>  ARP \u00fcyeleri, m\u00fc\u015fterileri ve sa\u011flay\u0131c\u0131lar\u0131 korumak i\u00e7in tam mesleki Tazminat, Kamu ve \u0130\u015fveren Sorumluluk Sigortas\u0131 ta\u015f\u0131rlar.<\/li>\n<li>  ARP, \u00fcyelerin uymas\u0131 gereken bir dizi davran\u0131\u015f kural\u0131na sahiptir ve bu kurallar, m\u00fc\u015fteri paras\u0131n\u0131n nas\u0131l ele al\u0131naca\u011f\u0131 ve yanl\u0131\u015f beyandan ka\u00e7\u0131n\u0131lmas\u0131yla ilgili kurallar\u0131 i\u00e7erir.<\/li>\n<li>  Ta\u015f\u0131nma hizmetleri sunan t\u00fcm \u00dcyeler, bir M\u00fclkiyet Tazminat Program\u0131na kat\u0131ld\u0131klar\u0131n\u0131 ve m\u00fclk sat\u0131n al\u0131m\u0131yla ilgileniyorlarsa HMRC Kara Para Aklamay\u0131 \u00d6nleme Kayd\u0131na kaydolmu\u015f olduklar\u0131n\u0131 g\u00f6stermelidir.<\/li>\n<li>  ARP, Avrupa'da yer de\u011fi\u015ftirme alan\u0131nda e\u011fitim yeterlilikleri sunan ilk kurulu\u015f olan Avrupa Yer De\u011fi\u015ftirme Profesyonelleri Akademisi'nin (EARP) kurucu \u00fcyesi ve sponsorudur.<\/li>\n<\/ul>\n<p><strong>Yer De\u011fi\u015ftirme Profesyonelleri Derne\u011fi profili:<\/strong><\/p>\n<p>ARP, Birle\u015fik Krall\u0131k'taki yer de\u011fi\u015ftirme i\u015fletmelerinin profesyonel kurulu\u015fu olarak tan\u0131mlanmakta ve Kurumsal Yer De\u011fi\u015ftirme Uzmanlar\u0131ndan M\u00fclk Buluculara ve uzman yer de\u011fi\u015ftirme hizmetleri sa\u011flayan di\u011ferlerine kadar bir dizi \u00fcyeyi temsil etmektedir. <\/p>\n<p>ARP, \u00fcyeleri i\u00e7in akredite e\u011fitimler d\u00fczenlemektedir - Avrupa Yer De\u011fi\u015ftirme Profesyonelleri Akademisi'nin (EARP) bir par\u00e7as\u0131 olarak, Uluslararas\u0131 Hareketlili\u011fi Y\u00f6netme (MIM) yeterlili\u011finin yan\u0131 s\u0131ra Avrupa Yer De\u011fi\u015ftirme Yeterlili\u011fi (ERQ) sunmaktad\u0131r. <\/p>\n<p>ARP, \u00fcyelerini tan\u0131tmak ve kendilerini daha iyi pazarlamalar\u0131na yard\u0131mc\u0131 olmak amac\u0131yla Birle\u015fik Krall\u0131k genelindeki 6.000 \u0130K y\u00f6neticisi, direkt\u00f6r\u00fc ve HRO'suna g\u00f6nderilen bir \u00fcye rehberi haz\u0131rlamaktad\u0131r. <\/p>\n<p>ARP, hem en iyi uygulama, m\u00fc\u015fteri memnuniyeti ve profesyonellik i\u00e7in bir taahh\u00fct hem de sekt\u00f6r\u00fcn ilerlemesine yard\u0131mc\u0131 olmak i\u00e7in fikir al\u0131\u015fveri\u015finde bulunulacak bir forum olarak tasarlanm\u0131\u015ft\u0131r.<\/p>\n<p><strong>\u00dcyelik i\u00e7in kriterler:<\/strong><\/p>\n<p><u>Ortak \u00fcyelik<\/u><\/p>\n<p>ARP'nin Ortak \u00dcyeli\u011fi, Tam \u00dcyeli\u011fe hak kazanamayanlar i\u00e7in ge\u00e7erlidir ve ticari faaliyetleri ta\u015f\u0131nmayla ilgili hizmetlerin sa\u011flanmas\u0131yla ilgili olan ve gelirleri \u00f6zel \u015fah\u0131slardan veya t\u00fczel ki\u015filerden elde edilen \u015firketlere a\u00e7\u0131kt\u0131r.<\/p>\n<p>A <a href=\"https:\/\/moverdb.com\/tr\/tasinma-si%cc%87rketleri%cc%87\/\">yer de\u011fi\u0307\u015fti\u0307rme \u015fi\u0307rketi\u0307<\/a> bireylerin veya birey gruplar\u0131n\u0131n ve ailelerinin hareketlili\u011fini kolayla\u015ft\u0131rmak i\u00e7in tasarlanm\u0131\u015f bir dizi hizmet sunan herhangi bir kurulu\u015f olarak kabul edilir.<\/p>\n<p>Bu hizmetler kalk\u0131\u015f veya var\u0131\u015f b\u00f6lgesinde ya da her ikisinde birden sunulabilir. ARP'nin Ortak \u00dcyeli\u011fi, Tam \u00dcyelik i\u00e7in bir basamak olarak tasarlanm\u0131\u015ft\u0131r ve bunu ba\u015farman\u0131z i\u00e7in size her t\u00fcrl\u00fc yard\u0131m sa\u011flanacakt\u0131r.<\/p>\n<p><u>Ortakl\u0131k \u00fcyeli\u011fi<\/u><\/p>\n<p>Ta\u015f\u0131nma uzmanlar\u0131 taraf\u0131ndan kullan\u0131lan hizmetleri sa\u011flayan, ancak birincil faaliyeti daha geni\u015f bir m\u00fc\u015fteri taban\u0131na sahip olan \u015firketler i\u00e7in.<\/p>\n<p><u>Tam \u00fcyelik<\/u><\/p>\n<p>\u0130ki y\u0131ldan uzun s\u00fcredir i\u015flem g\u00f6ren \u015firketler i\u00e7in.<\/p>\n<p>Ortak \u00dcyelerin, daha sonra kontrol edilen ve nihai inceleme i\u00e7in ARP \u00dcyelik Komitesine sunulan referanslar\u0131 sunmalar\u0131 gerekmektedir. Ortak \u00dcyelerin Tam \u00dcyelik ba\u015fvurusunda bulunabilmeleri i\u00e7in EARP m\u00fcfredat\u0131n\u0131n Birinci Seviyesinde e\u011fitim almalar\u0131 gerekmektedir.<\/p>\n<p>Tam \u00dcyeler iki y\u0131ldan uzun s\u00fcredir ticaret yap\u0131yor olmal\u0131 ve \u00fc\u00e7 m\u00fc\u015fteriden al\u0131nan referanslar\u0131 i\u00e7eren bir ba\u015fvuru sunmal\u0131d\u0131r.<\/p>\n<p><strong>\u00d6rnek \u00dcye \u015eirketler<\/strong><\/p>\n<ul>\n<li> <a href=\"https:\/\/moverdb.com\/tr\/sterling-relocation\/\">Sterling Ta\u015f\u0131nma<\/a><\/li>\n<li> <a href=\"https:\/\/moverdb.com\/tr\/dt-hareketli\/\">DT Ta\u015f\u0131nma<\/a><\/li>\n<li> <a href=\"https:\/\/moverdb.com\/tr\/btr-uluslararasi\/\">BTR Uluslararas\u0131<\/a><\/li>\n<\/ul>\n<p><strong>ARP hakk\u0131ndaki g\u00f6r\u00fc\u015fler:<\/strong><\/p>\n<p>ARP, \u00e7ok say\u0131da Birle\u015fik Krall\u0131k web sitesinde yer almakta ve Birle\u015fik Krall\u0131k'taki deniza\u015f\u0131r\u0131 yer de\u011fi\u015ftirme sa\u011flay\u0131c\u0131lar\u0131n\u0131n mesleki kurulu\u015fu olarak tan\u0131mlanmaktad\u0131r. <\/p>\n<p>ARP \u00fcyesi olmak, bir ta\u015f\u0131nma i\u015fletmesinin tan\u0131nm\u0131\u015f end\u00fcstri standartlar\u0131n\u0131 kar\u015f\u0131lad\u0131\u011f\u0131n\u0131 ve a\u015ft\u0131\u011f\u0131n\u0131 g\u00f6stermek olarak alg\u0131lanmaktad\u0131r. Buna g\u00f6re <a href=\"http:\/\/www.bloomberg.com\/profiles\/companies\/1519530Z:LN-association-of-relocation-professionals\/\" target=\"_blank\" rel=\"noopener\">Bloomberg<\/a> ARP'nin ana faaliyeti <em>\"Ta\u015f\u0131nma acentelerinin i\u015fini ve mesle\u011fini te\u015fvik etmek ve korumakt\u0131r.\"<\/em> Web sitelerinde ARP'den al\u0131nt\u0131 yapanlar\u0131n bir k\u0131sm\u0131, ARP'nin en iyi uygulama, m\u00fc\u015fteri hizmetleri ve profesyonellik a\u00e7\u0131s\u0131ndan sekt\u00f6r i\u00e7in standartlar belirledi\u011fine dikkat \u00e7ekmektedir.<\/p>\n<blockquote><p>Sekt\u00f6rdeki en iyi uygulamalar\u0131 te\u015fvik eden ve \u00fcyelerini kara para aklamadan \u00e7oklu kullan\u0131ml\u0131 evlere kadar en son yasal de\u011fi\u015fikliklerden haberdar etmekle g\u00f6revli olan \u00fcyeli\u011fimiz, 25 y\u0131l\u0131 a\u015fk\u0131n bir s\u00fcredir ta\u015f\u0131nma mesle\u011finin \u00f6nc\u00fcs\u00fc oldu\u011fumuzun bir taahh\u00fcd\u00fcd\u00fcr.<\/p><\/blockquote>\n<p>- <a href=\"http:\/\/scottsrelocation.co.uk\/association-of-relocation-professionals\" target=\"_blank\" rel=\"noopener\">Scott'\u0131n Ta\u015f\u0131nmas\u0131<\/a><\/p>\n<blockquote><p>Association of Relocation Professionals (ARP) \u00fcyesi olan Source m\u00fc\u015fterileri, sa\u011flanan hizmetin tan\u0131nm\u0131\u015f end\u00fcstri standartlar\u0131n\u0131 kar\u015f\u0131lad\u0131\u011f\u0131ndan ve a\u015ft\u0131\u011f\u0131ndan emin olabilirler.<\/p><\/blockquote>\n<p>-  <a href=\"http:\/\/www.source-relocation.co.uk\/index.aspx\" target=\"_blank\" rel=\"noopener\">Kaynak Yer De\u011fi\u015ftirme<\/a><\/p>\n<blockquote><p>Sekt\u00f6r\u00fcn t\u00fcm kesimlerinden temsilcilerden olu\u015fan konsey, Birli\u011fin \u00e7al\u0131\u015fmalar\u0131n\u0131 temelden y\u00f6nlendirerek Birli\u011fin yer de\u011fi\u015ftirme alan\u0131ndaki de\u011fi\u015fikliklerin oda\u011f\u0131nda kalmas\u0131n\u0131 sa\u011flamaktad\u0131r.<\/p>\n<p>ARP \u00fcyeleri, m\u00fc\u015fterileri ve sa\u011flay\u0131c\u0131lar\u0131 korumak i\u00e7in tam mesleki Tazminat, Kamu ve \u0130\u015fveren Sorumluluk Sigortas\u0131 ta\u015f\u0131rlar.<\/p>\n<p>ARP \u00fcyeli\u011fi, en iyi uygulama, m\u00fc\u015fteri memnuniyeti ve profesyonelli\u011fe ba\u011fl\u0131l\u0131\u011f\u0131n bir kan\u0131t\u0131d\u0131r.<\/p><\/blockquote>\n<p>- <a href=\"http:\/\/www.relocatecambridge.co.uk\/index.php\/arp\/\" target=\"_blank\" rel=\"noopener\">Cambridge'i Ta\u015f\u0131y\u0131n<\/a><\/p>\n<p><strong>Web sitesi:<\/strong> <a href=\"http:\/\/www.arp-relocation.com\/\" target=\"_blank\" rel=\"noopener\">http:\/\/www.arp-relocation.com\/<\/a><\/p>","protected":false},"excerpt":{"rendered":"<p>The Association of Relocation Professionals (ARP) is a professional body for the relocation industry in the UK. Its mission is not just to represent its members but to help them market themselves and grow too. Key facts about the ARP: The ARP is the body for relocation professionals in the UK. The Association of Relocation [&hellip;]<\/p>\n","protected":false},"author":1,"featured_media":0,"parent":0,"menu_order":0,"comment_status":"closed","ping_status":"closed","template":"","meta":{"_genesis_hide_title":false,"_genesis_hide_breadcrumbs":false,"_genesis_hide_singular_image":false,"_genesis_hide_footer_widgets":false,"_genesis_custom_body_class":"","_genesis_custom_post_class":"","_genesis_layout":"","footnotes":""},"class_list":{"0":"post-445","1":"page","2":"type-page","3":"status-publish","5":"entry"},"_links":{"self":[{"href":"https:\/\/moverdb.com\/tr\/wp-json\/wp\/v2\/pages\/445","targetHints":{"allow":["GET"]}}],"collection":[{"href":"https:\/\/moverdb.com\/tr\/wp-json\/wp\/v2\/pages"}],"about":[{"href":"https:\/\/moverdb.com\/tr\/wp-json\/wp\/v2\/types\/page"}],"author":[{"embeddable":true,"href":"https:\/\/moverdb.com\/tr\/wp-json\/wp\/v2\/users\/1"}],"replies":[{"embeddable":true,"href":"https:\/\/moverdb.com\/tr\/wp-json\/wp\/v2\/comments?post=445"}],"version-history":[{"count":7,"href":"https:\/\/moverdb.com\/tr\/wp-json\/wp\/v2\/pages\/445\/revisions"}],"predecessor-version":[{"id":6177,"href":"https:\/\/moverdb.com\/tr\/wp-json\/wp\/v2\/pages\/445\/revisions\/6177"}],"wp:attachment":[{"href":"https:\/\/moverdb.com\/tr\/wp-json\/wp\/v2\/media?parent=445"}],"curies":[{"name":"wp","href":"https:\/\/api.w.org\/{rel}","templated":true}]}}