{"id":444,"date":"2016-06-18T20:35:52","date_gmt":"2016-06-18T20:35:52","guid":{"rendered":"http:\/\/moverdb.com\/?page_id=444"},"modified":"2026-01-08T14:48:15","modified_gmt":"2026-01-08T14:48:15","slug":"eura","status":"publish","type":"page","link":"https:\/\/moverdb.com\/tr\/eura\/","title":{"rendered":"Avrupa Yer De\u011fi\u015ftirme Birli\u011fi (EuRA) A\u00e7\u0131klamas\u0131"},"content":{"rendered":"<p>Avrupa Yer De\u011fi\u015ftirme Birli\u011fi (EuRA), k\u00fcresel olarak mobil \u00e7al\u0131\u015fanlara sahip \u015firketlere profesyonel olarak y\u00f6netilen yer de\u011fi\u015ftirme ve mobilite hizmetlerinin faydalar\u0131n\u0131 tan\u0131tmaktad\u0131r. EuRA'n\u0131n ama\u00e7lar\u0131 aras\u0131nda Avrupa'n\u0131n \u00f6nde gelen yer de\u011fi\u015ftirme organizasyonu olarak kendini kabul ettirmek ve yenilik ve en iyi uygulamalar i\u00e7in \u00f6l\u00e7\u00fctler belirlemek yer almaktad\u0131r.<\/p>\n<p><strong>EuRA hakk\u0131nda \u00f6nemli bilgiler:<\/strong><\/p>\n<ol>\n<li>  EuRA \u00fcyeleri aras\u0131nda Ta\u015f\u0131nma Hizmeti Sa\u011flay\u0131c\u0131lar\u0131n\u0131n yan\u0131 s\u0131ra mobilya kiralama ve ev e\u015fyas\u0131 nakliyesi gibi ba\u011fl\u0131 hizmetler sunanlar da yer almaktad\u0131r.<\/li>\n<li>  EuRA K\u00fcresel Kalite M\u00fchr\u00fc, yer de\u011fi\u015ftirme sa\u011flay\u0131c\u0131lar\u0131 i\u00e7in d\u00fcnyan\u0131n ilk akreditasyon program\u0131d\u0131r.<\/li>\n<li>  EuRA 1998 y\u0131l\u0131nda kurulmu\u015ftur.<\/li>\n<li>  EuRA'n\u0131n amac\u0131 \u00f6ncelikle e\u011fitimdir - hem EuRA \u00fcyelerine hem de halka kurumsal hareketlilik ve bunu \u00e7evreleyen konular hakk\u0131nda bilgi sa\u011flamak.<\/li>\n<li>  EuRA'n\u0131n 350'den fazla \u00fcyesi bulunmaktad\u0131r.<\/li>\n<li>  EuRA \u00fcyeleri 50'den fazla \u00fclkeyi kapsamaktad\u0131r.<\/li>\n<\/ol>\n<p><strong>Avrupa Yer De\u011fi\u015ftirme Derne\u011fi profili:<\/strong><\/p>\n<p>EuRA, \u00fcyeleri i\u00e7in e\u011fitim ve tavsiye sunmak ve yer de\u011fi\u015ftirme profesyonellerine destek sa\u011flamak da dahil olmak \u00fczere bir dizi i\u015flevi yerine getirir. Dernek ayr\u0131ca \u00fcyeleri ad\u0131na lobi faaliyetlerinde bulunarak ta\u015f\u0131nma sekt\u00f6r\u00fcn\u00fcn b\u00fcy\u00fcmesine yard\u0131mc\u0131 olabilecek de\u011fi\u015fiklikler ve geli\u015fmeler i\u00e7in bask\u0131 yapmaktad\u0131r. <\/p>\n<p>D\u00fczenli olarak hem d\u0131\u015far\u0131ya hem de i\u00e7eriye yay\u0131n yapan bir bilgi kayna\u011f\u0131d\u0131r ve ayn\u0131 zamanda gelecekteki end\u00fcstri planlamas\u0131 ve geli\u015fimi i\u00e7in bir d\u00fc\u015f\u00fcnce kurulu\u015fu olarak kendini kurmu\u015ftur. <\/p>\n<p>En iyi uygulamalar i\u00e7in \u00f6l\u00e7\u00fctler sa\u011flamak EuRA'n\u0131n temel ama\u00e7lar\u0131ndan biridir ve ta\u015f\u0131nma i\u015finde olanlar i\u00e7in bir akreditasyon program\u0131 olan EuRA Quality Global Seal bu \u015fekilde geli\u015ftirilmi\u015ftir. <\/p>\n<p>Kalite K\u00fcresel M\u00fchr\u00fc, bu m\u00fchr\u00fc ta\u015f\u0131yanlar\u0131n hizmet sunumu ve s\u00fcre\u00e7 y\u00f6netiminde belirli standartlar\u0131 kar\u015f\u0131lamas\u0131n\u0131 sa\u011flamak \u00fczere tasarlanm\u0131\u015f bir denetim sistemidir. Tam, Ortak ve D\u00fcnya \u00c7ap\u0131ndaki EuRA \u00dcyelerine a\u00e7\u0131kt\u0131r. <\/p>\n<p>EuRA ba\u015flang\u0131\u00e7ta Avrupa'da s\u0131n\u0131r \u00f6tesi bir end\u00fcstri kurulu\u015funa y\u00f6nelik artan talebe bir yan\u0131t olarak ba\u015flat\u0131ld\u0131 ve \u015fu anda b\u00fcy\u00fck bir eri\u015fime sahip.<\/p>\n<p><strong>\u00dcyelik i\u00e7in kriterler <\/strong><\/p>\n<p><u>Tam \u00fcyelik<\/u><\/p>\n<p>Avrupa Yer De\u011fi\u015ftirme Birli\u011fi Tam \u00dcyeli\u011fi, ticari faaliyetleri yer de\u011fi\u015ftirme hizmetlerinin sa\u011flanmas\u0131yla ilgili olan ve gelirleri yer de\u011fi\u015ftirme hizmetlerinin sa\u011flanmas\u0131 i\u00e7in \u00f6zel \u015fah\u0131slar veya t\u00fczel ki\u015filerden elde edilen \u015firketlere a\u00e7\u0131kt\u0131r.<\/p>\n<p>Bir ta\u015f\u0131nma \u015firketi, bireylerin veya birey gruplar\u0131n\u0131n ve ailelerinin hareketlili\u011fini kolayla\u015ft\u0131rmak i\u00e7in tasarlanm\u0131\u015f bir dizi hizmet sunan herhangi bir kurulu\u015f olarak kabul edilir. Bu hizmetler kalk\u0131\u015f veya var\u0131\u015f b\u00f6lgesinde ya da her ikisinde birden sunulabilir.<\/p>\n<p>Kriterler:<\/p>\n<ul>\n<li> olarak ticaret yapm\u0131\u015f olmak <a href=\"https:\/\/moverdb.com\/tr\/relocation-agents\/\" data-internallinksmanager029f6b8e52c=\"1\" title=\"7 Neden Bir Ta\u015f\u0131nma Acentesi Kullanmal\u0131s\u0131n\u0131z?\">Yer De\u011fi\u015ftirme Temsilcisi<\/a> En az iki y\u0131l boyunca, \u015firket kayd\u0131n\u0131n kan\u0131t\u0131 sa\u011flanmal\u0131d\u0131r.<\/li>\n<li> Son 12 ay i\u00e7inde i\u015f yap\u0131lan \u00fc\u00e7 m\u00fc\u015fterinin isim ve adreslerini i\u00e7eren bir anket doldurmak. Bu m\u00fc\u015fterilerle referans i\u00e7in EuRA taraf\u0131ndan ileti\u015fime ge\u00e7ilecektir.<\/li>\n<li> Ba\u015fvurunuzu de\u011ferlendirirken \u00dcyelik Komitesine yard\u0131mc\u0131 olabilecek di\u011fer bilgilerin yan\u0131 s\u0131ra t\u00fcm bas\u0131l\u0131 materyallerin kopyalar\u0131n\u0131 sa\u011flamak.<\/li>\n<li> Sizin\/firman\u0131z\u0131n (kendi \u00fclkenizde) yeterince sigortal\u0131 oldu\u011funa dair kan\u0131t sa\u011flamak.<\/li>\n<li> Firman\u0131n t\u00fcm Y\u00f6neticilerinin veya Ortaklar\u0131n\u0131n kariyerleri hakk\u0131nda k\u0131sa bilgi vermek.<\/li>\n<li> M\u00fclakat i\u00e7in m\u00fcsait olmak (kendi \u00fclkenizde).<\/li>\n<\/ul>\n<p><u>Ortak \u00fcyelik<\/u><\/p>\n<p>Avrupa Yer De\u011fi\u015ftirme Birli\u011fi'nin Ortak \u00dcyeli\u011fi, iki y\u0131ldan daha az s\u00fcredir ticaret yapan \u015firketlere a\u00e7\u0131kt\u0131r. Avrupa Yer De\u011fi\u015ftirme Birli\u011fi'nin Ortak \u00dcyeli\u011fi, Tam \u00dcyelik i\u00e7in uygun olmayanlar i\u00e7in ge\u00e7erlidir ve ticari faaliyetleri yer de\u011fi\u015ftirme hizmetlerinin sa\u011flanmas\u0131yla ilgili olan ve gelirleri \u00f6zel \u015fah\u0131slardan veya t\u00fczel ki\u015filerden elde edilen \u015firketlere a\u00e7\u0131kt\u0131r.<\/p>\n<p>Kriterler:<\/p>\n<ul>\n<li> Yer De\u011fi\u015ftirme Acentesi olarak ticaret yap\u0131yor olmak veya ticaret yapma niyetinde olmak. L\u00fctfen ekteki kopyay\u0131 imzalay\u0131n ve ba\u015fvurunuzla birlikte iade edin.<\/li>\n<li> Belirtilen yerlerde iki hakemin (EuRA, SNPRM, ARA, ABRA'n\u0131n mevcut tam \u00fcyeleri veya yerel olarak tan\u0131nan profesyoneller veya ikisinin bir kombinasyonu) isim ve adreslerini vererek bir anket doldurmak.<\/li>\n<li> Ba\u015fvurunuzu de\u011ferlendirirken \u00dcyelik Komitesine yard\u0131mc\u0131 olabilecek di\u011fer bilgilerin yan\u0131 s\u0131ra t\u00fcm bas\u0131l\u0131 materyallerin kopyalar\u0131n\u0131 sa\u011flamak.<\/li>\n<li> Sizin\/firman\u0131z\u0131n (kendi \u00fclkenizde) yeterince sigortal\u0131 oldu\u011funa dair kan\u0131t sa\u011flamak.<\/li>\n<li> Firman\u0131n t\u00fcm Y\u00f6neticilerinin veya Ortaklar\u0131n\u0131n kariyerleri hakk\u0131nda k\u0131sa bilgi vermek<\/li>\n<\/ul>\n<p><u>Ortakl\u0131k \u00fcyeli\u011fi<\/u><\/p>\n<p>EuRA'n\u0131n Ba\u011fl\u0131 \u00dcyeli\u011fi, ticari faaliyetleri yer de\u011fi\u015ftirme hizmet sa\u011flay\u0131c\u0131lar\u0131yla ba\u011flant\u0131l\u0131 olan ve bunlar taraf\u0131ndan kullan\u0131lan \u015firketlere a\u00e7\u0131kt\u0131r.<\/p>\n<p>Kriterler:<\/p>\n<ul>\n<li> Avrupa Yer De\u011fi\u015ftirme Birli\u011fi'nin bir Tam \u00dcyesi taraf\u0131ndan Ba\u011fl\u0131 \u00dcye olarak aday g\u00f6sterilmek.<\/li>\n<li> Ba\u015fvuru sahibinin Derne\u011fin herhangi bir \u00fcyesini tan\u0131mamas\u0131 durumunda, yine de \u00fcyelik i\u00e7in ba\u015fvurabilir. Bu durumda, l\u00fctfen iki hakemin isim ve adreslerini bildiriniz. Ba\u015fvuru daha sonra Dernek Konseyi taraf\u0131ndan de\u011ferlendirilecektir.<\/li>\n<\/ul>\n<p><u>D\u00fcnya \u00c7ap\u0131nda \u00dcyelik<\/u><\/p>\n<p>EuRA'n\u0131n D\u00fcnya \u00c7ap\u0131ndaki \u00dcyeli\u011fi, K\u0131ta Avrupas\u0131 d\u0131\u015f\u0131ndaki herhangi bir b\u00f6lgede yer de\u011fi\u015ftirme hizmetleri sunan \u015firketlere a\u00e7\u0131kt\u0131r.<\/p>\n<p>Avrupa Yer De\u011fi\u015ftirme Birli\u011fi'nin d\u00fcnya \u00e7ap\u0131ndaki \u00fcyeli\u011fi, ticari faaliyetleri yer de\u011fi\u015ftirme hizmetlerinin sa\u011flanmas\u0131yla ilgili olan ve gelirleri \u00f6zel \u015fah\u0131slardan veya t\u00fczel ki\u015filerden elde edilen \u015firketlere a\u00e7\u0131kt\u0131r.<\/p>\n<p>Bir ta\u015f\u0131nma \u015firketi, bireylerin veya birey gruplar\u0131n\u0131n ve ailelerinin hareketlili\u011fini kolayla\u015ft\u0131rmak i\u00e7in tasarlanm\u0131\u015f bir dizi hizmet sunan herhangi bir kurulu\u015f olarak kabul edilir. Bu hizmetler kalk\u0131\u015f veya var\u0131\u015f b\u00f6lgesinde ya da her ikisinde birden sunulabilir.<\/p>\n<p>Kriterler:<\/p>\n<ul>\n<li> En az iki y\u0131l boyunca ticaret yapm\u0131\u015f olmak i\u00e7in, bir komisyonu tamamlad\u0131\u011f\u0131na dair kan\u0131t, yani kay\u0131t belgesi sa\u011flanmal\u0131d\u0131r.<\/li>\n<li> Bir EuRA \u00fcyesinin yan\u0131 s\u0131ra iki hakemin (son 12 ay i\u00e7inde i\u015f yap\u0131lan m\u00fc\u015fteriler) isim ve adreslerini i\u00e7eren bir anket doldurmak. Bu hakemlerle EuRA taraf\u0131ndan ileti\u015fime ge\u00e7ilecektir.<\/li>\n<li> Ba\u015fvurunuzu de\u011ferlendirirken \u00dcyelik Komitesine yard\u0131mc\u0131 olabilecek di\u011fer bilgilerin yan\u0131 s\u0131ra t\u00fcm bas\u0131l\u0131 materyallerin kopyalar\u0131n\u0131 sa\u011flamak.<\/li>\n<li> Sizin\/firman\u0131z\u0131n (kendi \u00fclkenizde) yeterince sigortal\u0131 oldu\u011funa dair kan\u0131t sa\u011flamak.<\/li>\n<li> Firman\u0131n t\u00fcm Y\u00f6neticilerinin veya Ortaklar\u0131n\u0131n kariyerleri hakk\u0131nda k\u0131sa bilgi vermek.<\/li>\n<li> M\u00fclakat i\u00e7in m\u00fcsait olmak (kendi \u00fclkenizde)<\/li>\n<\/ul>\n<p><strong>\u00d6rnek \u00fcye \u015firketler<\/strong><\/p>\n<ul>\n<li> <a href=\"https:\/\/moverdb.com\/tr\/santa-fe-relocation\/\">Santa Fe Ta\u015f\u0131nma Hizmetleri<\/a> <\/li>\n<li> <a href=\"https:\/\/moverdb.com\/tr\/aires\/\">Aires<\/a><\/li>\n<li> <a href=\"https:\/\/moverdb.com\/tr\/sterling-relocation\/\">Sterling Ta\u015f\u0131nma<\/a><\/li>\n<li> <a href=\"https:\/\/moverdb.com\/tr\/robinsons\/\">Robinsons Ta\u015f\u0131nma<\/a><\/li>\n<li> <a href=\"https:\/\/moverdb.com\/tr\/dt-hareketli\/\">DT Ta\u015f\u0131nma<\/a><\/li>\n<li> <a href=\"https:\/\/moverdb.com\/tr\/bournes\/\">Bournes<\/a><\/li>\n<li> <a href=\"https:\/\/moverdb.com\/tr\/btr-uluslararasi\/\">BTR Uluslararas\u0131<\/a><\/li>\n<li> <a href=\"https:\/\/moverdb.com\/tr\/packimpex\/\">Packimpex<\/a><\/li>\n<\/ul>\n<p><strong>EuRA hakk\u0131ndaki g\u00f6r\u00fc\u015fler<\/strong><\/p>\n<p>EuRA, \u00e7e\u015fitli i\u015fletmelerin (\u00f6rne\u011fin nakliyeciler ve hizmet verilen daireler dahil) web sitelerinde ve genellikle s\u00f6z konusu i\u015fletmenin ta\u015f\u0131nma s\u00fcrecine nas\u0131l ek faydalar sa\u011flayabilece\u011fini g\u00f6sterme ba\u011flam\u0131nda yer almaktad\u0131r. <\/p>\n<p>Birli\u011fin k\u00fcresel eri\u015fiminin yan\u0131 s\u0131ra sekt\u00f6r i\u00e7in kalite standartlar\u0131n\u0131n belirlenmesinde rol oynad\u0131\u011f\u0131 da s\u0131kl\u0131kla vurgulanan bir husustur. Web sitelerinde derne\u011fe at\u0131fta bulunuldu\u011funda, dernek, e\u011fitim kolu ve t\u00fcm \u00fcyelerin uymas\u0131 gereken davran\u0131\u015f kurallar\u0131 olan bir \"end\u00fcstri kurulu\u015fu\" olarak tan\u0131mlanmaktad\u0131r.<\/p>\n<blockquote><p>EURA, Haz\u0131r Dairelerin ta\u015f\u0131nma s\u00fcrecinde nas\u0131l ger\u00e7ek faydalar sa\u011flayabilece\u011fini g\u00f6stermek i\u00e7in pazar\u0131 e\u011fitme hedefimize ula\u015fmam\u0131za yard\u0131mc\u0131 olacak m\u00fckemmel bir ortakt\u0131r.<\/p><\/blockquote>\n<p>- <a href=\"http:\/\/www.chevalresidences.com\/partners-eura.html\" target=\"_blank\" rel=\"noopener\">Cheval Residences<\/a><\/p>\n<blockquote><p>\nEuRA'n\u0131n rol\u00fc ve temel hedefleri \u015funlard\u0131r: sekt\u00f6r i\u00e7in kalite standartlar\u0131n\u0131 geli\u015ftirmek ve s\u00fcrd\u00fcrmek, sekt\u00f6r\u00fc tan\u0131tmak ve \u00fcyelik i\u00e7inde s\u00fcrekli mesleki e\u011fitim sa\u011flamak. T\u00fcm bunlar mobil \u00e7al\u0131\u015fan ve ailesine fayda sa\u011flayacakt\u0131r ve bu ger\u00e7ekle\u015fti\u011finde, bir grup olarak biz de fayda sa\u011flayaca\u011f\u0131z.<\/p><\/blockquote>\n<p>- <a href=\"http:\/\/www.globalbusinessnews.net\/\" target=\"_blank\" rel=\"noopener\">K\u00fcresel \u0130\u015f D\u00fcnyas\u0131 Haberleri<\/a><\/p>\n<blockquote><p>\nEuRA, hem Avrupa'daki hem de D\u00fcnya \u00e7ap\u0131ndaki Yer De\u011fi\u015ftirme Profesyonelleri i\u00e7in bir end\u00fcstri kurulu\u015fudur. Yer De\u011fi\u015ftirme Hizmeti Sa\u011flay\u0131c\u0131lar\u0131n\u0131n EuRA'n\u0131n Davran\u0131\u015f Kurallar\u0131na uymalar\u0131 gerekmektedir. <\/p><\/blockquote>\n<p>-  <a href=\"http:\/\/info.bournesmoves.com\/relocation-solutions\/blog\/relocation-moves\/bournes-removals-uk-join-eura\" target=\"_blank\" rel=\"noopener\">Bournes Yeniden Se\u00e7imleri<\/a><\/p>\n<p><strong>Web sitesi:<\/strong> <a href=\"http:\/\/www.eura-relocation.com\/\" target=\"_blank\" rel=\"noopener\">http:\/\/www.eura-relocation.com\/<\/a><\/p>","protected":false},"excerpt":{"rendered":"<p>The European Relocation Association (EuRA) promotes the benefits of professionally managed relocation and mobility services to companies with globally mobile employees. Its aims include establishing itself as the premier relocation organisation in Europe and setting benchmarks for innovation and best practice. Key facts about EuRA: EuRA members include Relocation Service Providers, as well as those [&hellip;]<\/p>\n","protected":false},"author":1,"featured_media":0,"parent":0,"menu_order":0,"comment_status":"closed","ping_status":"closed","template":"","meta":{"_genesis_hide_title":false,"_genesis_hide_breadcrumbs":false,"_genesis_hide_singular_image":false,"_genesis_hide_footer_widgets":false,"_genesis_custom_body_class":"","_genesis_custom_post_class":"","_genesis_layout":"","footnotes":""},"class_list":{"0":"post-444","1":"page","2":"type-page","3":"status-publish","5":"entry"},"_links":{"self":[{"href":"https:\/\/moverdb.com\/tr\/wp-json\/wp\/v2\/pages\/444","targetHints":{"allow":["GET"]}}],"collection":[{"href":"https:\/\/moverdb.com\/tr\/wp-json\/wp\/v2\/pages"}],"about":[{"href":"https:\/\/moverdb.com\/tr\/wp-json\/wp\/v2\/types\/page"}],"author":[{"embeddable":true,"href":"https:\/\/moverdb.com\/tr\/wp-json\/wp\/v2\/users\/1"}],"replies":[{"embeddable":true,"href":"https:\/\/moverdb.com\/tr\/wp-json\/wp\/v2\/comments?post=444"}],"version-history":[{"count":17,"href":"https:\/\/moverdb.com\/tr\/wp-json\/wp\/v2\/pages\/444\/revisions"}],"predecessor-version":[{"id":6204,"href":"https:\/\/moverdb.com\/tr\/wp-json\/wp\/v2\/pages\/444\/revisions\/6204"}],"wp:attachment":[{"href":"https:\/\/moverdb.com\/tr\/wp-json\/wp\/v2\/media?parent=444"}],"curies":[{"name":"wp","href":"https:\/\/api.w.org\/{rel}","templated":true}]}}