{"id":443,"date":"2016-06-18T21:12:56","date_gmt":"2016-06-18T21:12:56","guid":{"rendered":"http:\/\/moverdb.com\/?page_id=443"},"modified":"2026-01-08T13:18:29","modified_gmt":"2026-01-08T13:18:29","slug":"harmony-relocation-network","status":"publish","type":"page","link":"https:\/\/moverdb.com\/tr\/harmony-relocation-network\/","title":{"rendered":"Harmony Relocation Network (HRN) A\u00e7\u0131klamas\u0131"},"content":{"rendered":"<p>Harmony Relocation Network (HRN), k\u00fcresel yer de\u011fi\u015ftirme i\u00e7in pan-Avrupa a\u011f\u0131 olu\u015fturmak \u00fczere kurulmu\u015f bir grup ortak \u015firkettir. Altyap\u0131, teknoloji, kalite ve s\u00fcrd\u00fcr\u00fclebilirli\u011fin entegrasyonu, s\u00fcrekli olarak y\u00fcksek kaliteli bir hizmet \u00fcretmek i\u00e7in tasarlanm\u0131\u015ft\u0131r.<\/p>\n<p><strong>HRH hakk\u0131nda \u00f6nemli bilgiler:<\/strong><\/p>\n<ol>\n<li>  \u00dcyelik 60 \u00fclkeden 140 \u00fcyeden olu\u015fmaktad\u0131r.<\/li>\n<li>  HRN, 6 k\u0131tada 180 \u00fclkeye hizmet vermektedir.<\/li>\n<li>  HRN 1992 y\u0131l\u0131nda kurulmu\u015ftur ve 140 \u00fcyesinin tamam\u0131 i\u015fletmenin ortak sahibidir.<\/li>\n<li>  HRN, Alman ve Hollandal\u0131 \u015firketler taraf\u0131ndan kurulduktan sonra <a href=\"https:\/\/moverdb.com\/tr\/moving-to-australia\/living-in-australia\/\" data-internallinksmanager029f6b8e52c=\"240\" title=\"Avustralya&#039;da Ya\u015famak Hakk\u0131nda Ta\u015f\u0131nmadan \u00d6nce Bilmeniz Gereken 21 S\u0131r\">Avustralya<\/a> ve Asya'ya, ard\u0131ndan Orta Do\u011fu, Latin Amerika ve Afrika'ya yay\u0131lm\u0131\u015ft\u0131r.<\/li>\n<li>  HRN, 2002-2015 y\u0131llar\u0131 aras\u0131nda UniGroup Worldwide UTS'nin bir par\u00e7as\u0131yd\u0131 ve <a href=\"https:\/\/moverdb.com\/tr\/moving-to-the-united-states\/\" data-internallinksmanager029f6b8e52c=\"94\" title=\"Amerika Birle\u015fik Devletleri&#039;ne mi ta\u015f\u0131n\u0131yorsunuz? 2026 Ya\u015fam Maliyetleri ve Yer De\u011fi\u015ftirme \u0130pu\u00e7lar\u0131\">ABD<\/a> merkezli Van Line.<\/li>\n<li>  HRN, ta\u015f\u0131nma \u015firketleri aras\u0131nda yayg\u0131n olarak markala\u015fm\u0131\u015f en b\u00fcy\u00fck k\u00fcresel a\u011fd\u0131r.<\/li>\n<\/ol>\n<p><strong>Harmony Relocation Network profili:<\/strong><\/p>\n<p>HRN'nin arkas\u0131ndaki fikir, yerel miras\u0131n en iyi y\u00f6nlerini k\u00fcresel \u00f6l\u00e7ekle birle\u015ftirerek kurumlara ve bireylere yerel hissi veren ancak d\u00fcnya \u00e7ap\u0131nda eri\u015fime sahip bir ta\u015f\u0131nma hizmeti sunmakt\u0131r. <\/p>\n<p>Sunulan hizmetler aras\u0131nda ta\u015f\u0131nma y\u00f6netimi hizmetleri, ta\u015f\u0131nma i\u015flemleri ve var\u0131\u015f yeri hizmetleri yer almaktad\u0131r. HRN, m\u00fc\u015fterileri bilgilendirmek ve s\u00fcrecin m\u00fcmk\u00fcn oldu\u011funca kapsaml\u0131 ve tutarl\u0131 olmas\u0131n\u0131 sa\u011flamak i\u00e7in tasarlanm\u0131\u015f kendi a\u011f web tabanl\u0131 BT sistemini geli\u015ftirmi\u015ftir - bu sistem raporlama ve izleme yeteneklerini de i\u00e7ermektedir. <\/p>\n<p>Ekonomik, \u00e7evresel ve sosyal s\u00fcrd\u00fcr\u00fclebilirli\u011fin entegrasyonu HRN i\u00e7in \u00f6nemlidir; HRN bunu insan, teknoloji ve \u00e7evre aras\u0131nda denge kurman\u0131n temel dayanaklar\u0131ndan biri olarak g\u00f6rmektedir.<\/p>\n<p><strong>\u00dcyelik i\u00e7in kriterler <\/strong><\/p>\n<p>Web sitesinde \u00fcyelik i\u00e7in herhangi bir kriter belirtilmemi\u015ftir - sadece bir ileti\u015fim sayfas\u0131 bulunmaktad\u0131r.<\/p>\n<p><strong>\u00d6rnek \u00dcye \u015eirketler<\/strong><\/p>\n<ul>\n<li> <a href=\"https:\/\/moverdb.com\/tr\/bournes\/\">Bournes<\/a><\/li>\n<li> <a href=\"https:\/\/moverdb.com\/tr\/cadogan-tate\/\">Cadogan Tate<\/a><\/li>\n<li> <a href=\"https:\/\/moverdb.com\/tr\/gerson-relocation\/\">Gerson Relocation<\/a><\/li>\n<li> <a href=\"https:\/\/moverdb.com\/tr\/pearson\/\">Pearson Ev Ta\u015f\u0131ma<\/a><\/li>\n<\/ul>\n<p><strong>HRN hakk\u0131ndaki g\u00f6r\u00fc\u015fler<\/strong><\/p>\n<p>HRN, \u00f6nemli say\u0131da nakliyeci web sitesinde yer almakta ve bu web sitelerinde \u015fu \u00f6zelliklere sahip bir kurulu\u015f olarak an\u0131lmaktad\u0131r <em>\"yeni bir isim ama kendini kan\u0131tlam\u0131\u015f bir sicil.\"<\/em> G\u00fc\u00e7l\u00fc aile de\u011ferleri ve i\u015fbirli\u011fine dayal\u0131 k\u00fcresel yakla\u015f\u0131m her zaman kendini g\u00f6stermektedir. <\/p>\n<p>Genel kan\u0131, HRN'nin bir par\u00e7as\u0131 olan bir ta\u015f\u0131nma i\u015fletmesi ile ta\u015f\u0131nman\u0131n m\u00fc\u015fteriye t\u00fcm a\u011f\u0131n avantajlar\u0131na eri\u015fim sa\u011flad\u0131\u011f\u0131 y\u00f6n\u00fcnde. \u00dcyelerin k\u00fcresel bir hizmet seviyesi anla\u015fmas\u0131na ba\u011fl\u0131 kalmas\u0131 gerekti\u011fi ve bunun sonucunun tutarl\u0131l\u0131k oldu\u011fu belirtiliyor - <em>\"Gelenekler ve k\u00fclt\u00fcr \u00fclkeden \u00fclkeye de\u011fi\u015fse de bekledi\u011finiz y\u00fcksek hizmet kalitesi de\u011fi\u015fmeyecektir. D\u00fcnya \u00e7ap\u0131nda ayn\u0131 prosed\u00fcrler, hizmet ve y\u00fcksek kalite.\"<\/em> <\/p>\n<p>Buna ek olarak, web sitelerinde \u00fcyelikten bahsedenlerin bir k\u0131sm\u0131 a\u011f\u0131n b\u00fcy\u00fckl\u00fc\u011f\u00fcne ve d\u00fcnyadaki t\u00fcr\u00fcn\u00fcn en b\u00fcy\u00fcklerinden biri oldu\u011funa odaklanmaktad\u0131r.<\/p>\n<blockquote><p>Harmony, yerel olarak sahip olunan ta\u015f\u0131nma \u015firketlerinden olu\u015fan k\u00fcresel bir a\u011fd\u0131r ve nesiller boyu miras yoluyla g\u00fc\u00e7l\u00fc aile de\u011ferlerini korur.<\/p><\/blockquote>\n<p>- <a href=\"http:\/\/www.abels.co.uk\/harmony-relocation-network\/\" target=\"_blank\" rel=\"noopener\">Abels<\/a><\/p>\n<blockquote><p>Harmony, yerel miraslar\u0131n en iyilerini k\u00fcresel \u00f6l\u00e7ekte birle\u015ftiriyor, fazladan yol kat ediyor ve vaatlerimizi yerine getiriyor. \u0130nsana ve yerelli\u011fe ger\u00e7ekten \u00f6nem veriyoruz.<\/p><\/blockquote>\n<p>- <a href=\"https:\/\/theresforum.com\/partners\/harmony\/\" target=\"_blank\" rel=\"noopener\">RES Forum<\/a><\/p>\n<blockquote><p>A\u011f, \u00f6zel ki\u015filere veya \u0130K y\u00f6neticilerine ve g\u00f6revlendirilen ki\u015filere yolculuklar\u0131 boyunca ba\u015f\u0131ndan sonuna kadar rehberlik etmeye yard\u0131mc\u0131 olmak i\u00e7in geni\u015f bir yelpazede g\u00f6revlendirme \u00f6ncesi, ula\u015f\u0131m ve var\u0131\u015f yeri hizmetleri sunmaktad\u0131r.<\/p><\/blockquote>\n<p>- <a href=\"http:\/\/bournesmoves.com\/relocation\/harmony-relocation-network.htm\" target=\"_blank\" rel=\"noopener\">Bournes<\/a> <\/p>\n<p><a href=\"http:\/\/www.harmonyrelo.com\/\" target=\"_blank\" rel=\"noopener\">http:\/\/www.harmonyrelo.com\/<\/a><\/p>","protected":false},"excerpt":{"rendered":"<p>The Harmony Relocation Network (HRN) is a group of partner companies that was created to build a pan-European network for global relocation. Integration of infrastructure, technology, quality and sustainability is designed to produce a consistently high quality service. Key facts about HRH: The membership is made up of 140 members in 60 countries. The HRN [&hellip;]<\/p>\n","protected":false},"author":1,"featured_media":0,"parent":0,"menu_order":0,"comment_status":"closed","ping_status":"closed","template":"","meta":{"_genesis_hide_title":false,"_genesis_hide_breadcrumbs":false,"_genesis_hide_singular_image":false,"_genesis_hide_footer_widgets":false,"_genesis_custom_body_class":"","_genesis_custom_post_class":"","_genesis_layout":"","footnotes":""},"class_list":{"0":"post-443","1":"page","2":"type-page","3":"status-publish","5":"entry"},"_links":{"self":[{"href":"https:\/\/moverdb.com\/tr\/wp-json\/wp\/v2\/pages\/443","targetHints":{"allow":["GET"]}}],"collection":[{"href":"https:\/\/moverdb.com\/tr\/wp-json\/wp\/v2\/pages"}],"about":[{"href":"https:\/\/moverdb.com\/tr\/wp-json\/wp\/v2\/types\/page"}],"author":[{"embeddable":true,"href":"https:\/\/moverdb.com\/tr\/wp-json\/wp\/v2\/users\/1"}],"replies":[{"embeddable":true,"href":"https:\/\/moverdb.com\/tr\/wp-json\/wp\/v2\/comments?post=443"}],"version-history":[{"count":6,"href":"https:\/\/moverdb.com\/tr\/wp-json\/wp\/v2\/pages\/443\/revisions"}],"predecessor-version":[{"id":6219,"href":"https:\/\/moverdb.com\/tr\/wp-json\/wp\/v2\/pages\/443\/revisions\/6219"}],"wp:attachment":[{"href":"https:\/\/moverdb.com\/tr\/wp-json\/wp\/v2\/media?parent=443"}],"curies":[{"name":"wp","href":"https:\/\/api.w.org\/{rel}","templated":true}]}}