{"id":442,"date":"2016-06-12T20:08:54","date_gmt":"2016-06-12T20:08:54","guid":{"rendered":"http:\/\/moverdb.com\/?page_id=442"},"modified":"2026-01-08T14:48:14","modified_gmt":"2026-01-08T14:48:14","slug":"euromovers","status":"publish","type":"page","link":"https:\/\/moverdb.com\/tr\/euromovers\/","title":{"rendered":"Avrupa Ta\u015f\u0131y\u0131c\u0131 Ortakl\u0131\u011f\u0131 (EUROMOVERS International) A\u00e7\u0131klamas\u0131"},"content":{"rendered":"<p>Euromovers'\u0131n merkezi <a href=\"https:\/\/moverdb.com\/tr\/moving-to-luxembourg\/\" data-internallinksmanager029f6b8e52c=\"349\" title=\"L\u00fcksemburg&#039;a m\u0131 Ta\u015f\u0131n\u0131yorsunuz? 2026 Ya\u015fam Maliyetleri &amp; Yer De\u011fi\u015ftirme \u0130pu\u00e7lar\u0131\">L\u00fcksemburg<\/a> ve bir dizi \u00f6nde gelen \u015firketten olu\u015fuyor <a href=\"https:\/\/moverdb.com\/tr\/tasinma-si%cc%87rketleri%cc%87\/\">uluslararas\u0131 ta\u015f\u0131ma \u015firketleri<\/a> Ortak standartlar, vizyon ve y\u00f6n temelinde bir a\u011f olu\u015fturmu\u015flard\u0131r. <\/p>\n<p>Grup, ba\u011fl\u0131 \u015firketler a\u011f\u0131 sayesinde daha iyi sa\u011flanan ta\u015f\u0131ma hizmetleri sunmaktad\u0131r.<\/p>\n<p><strong>Euromovers hakk\u0131nda \u00f6nemli bilgiler:<\/strong><\/p>\n<ol>\n<li>  Euromovers, 70'ten fazla ta\u015f\u0131ma i\u015fletmesinden olu\u015fan bir a\u011fd\u0131r.<\/li>\n<li>  \u00dcye kurulu\u015flar, a\u015fa\u011f\u0131dakiler de dahil olmak \u00fczere \u00e7e\u015fitli \u00fclkelerden gelmektedir <a href=\"https:\/\/moverdb.com\/tr\/moving-to-austria\/\" data-internallinksmanager029f6b8e52c=\"343\" title=\"Avusturya&#039;ya m\u0131 Ta\u015f\u0131n\u0131yorsunuz? 2026 Ya\u015fam Maliyetleri &amp; Yer De\u011fi\u015ftirme \u0130pu\u00e7lar\u0131\">Avusturya<\/a>, <a href=\"https:\/\/moverdb.com\/tr\/moving-to-belgium\/\" data-internallinksmanager029f6b8e52c=\"323\" title=\"Bel\u00e7ika&#039;ya m\u0131 Ta\u015f\u0131n\u0131yorsunuz? 2026 Ya\u015fam Maliyetleri &amp; Yer De\u011fi\u015ftirme \u0130pu\u00e7lar\u0131\">Bel\u00e7ika<\/a>, <a href=\"https:\/\/moverdb.com\/tr\/moving-to-the-czech-republic\/\" data-internallinksmanager029f6b8e52c=\"391\" title=\"\u00c7ek Cumhuriyeti&#039;ne mi ta\u015f\u0131n\u0131yorsunuz? 2024 Ya\u015fam Maliyetleri &amp; Yer De\u011fi\u015ftirme \u0130pu\u00e7lar\u0131\">\u00c7ek Cumhuriyeti<\/a>, <a href=\"https:\/\/moverdb.com\/tr\/moving-to-denmark\/\" data-internallinksmanager029f6b8e52c=\"335\" title=\"Danimarka&#039;ya m\u0131 Ta\u015f\u0131n\u0131yorsunuz? 2026 Ya\u015fam Maliyetleri &amp; Yer De\u011fi\u015ftirme \u0130pu\u00e7lar\u0131\">Danimarka<\/a>, <a href=\"https:\/\/moverdb.com\/tr\/moving-to-finland\/\" data-internallinksmanager029f6b8e52c=\"345\" title=\"Finlandiya&#039;ya m\u0131 Ta\u015f\u0131n\u0131yorsunuz? 2026 Ya\u015fam Maliyetleri &amp; Yer De\u011fi\u015ftirme \u0130pu\u00e7lar\u0131\">Finlandiya<\/a>, <a href=\"https:\/\/moverdb.com\/tr\/moving-to-france\/\" data-internallinksmanager029f6b8e52c=\"315\" title=\"Fransa&#039;ya m\u0131 ta\u015f\u0131n\u0131yorsunuz? 2026 Ya\u015fam Maliyetleri &amp; Yer De\u011fi\u015ftirme \u0130pu\u00e7lar\u0131\">Fransa<\/a>, <a href=\"https:\/\/moverdb.com\/tr\/moving-to-germany\/\" data-internallinksmanager029f6b8e52c=\"321\" title=\"Almanya&#039;ya m\u0131 ta\u015f\u0131n\u0131yorsunuz? 2026 Ya\u015fam Maliyetleri &amp; Yer De\u011fi\u015ftirme \u0130pu\u00e7lar\u0131\">Almanya<\/a>, <a href=\"https:\/\/moverdb.com\/tr\/moving-to-greece\/\" data-internallinksmanager029f6b8e52c=\"353\" title=\"Yunanistan&#039;a m\u0131 Ta\u015f\u0131n\u0131yorsunuz? 2026 Ya\u015fam Maliyetleri &amp; Yer De\u011fi\u015ftirme \u0130pu\u00e7lar\u0131\">Yunanistan<\/a>, <a href=\"https:\/\/moverdb.com\/tr\/moving-to-italy\/\" data-internallinksmanager029f6b8e52c=\"346\" title=\"\u0130talya&#039;ya m\u0131 Ta\u015f\u0131n\u0131yorsunuz? 2026 Ya\u015fam Maliyetleri &amp; Yer De\u011fi\u015ftirme \u0130pu\u00e7lar\u0131\">\u0130talya<\/a>, L\u00fcksemburg, <a href=\"https:\/\/moverdb.com\/tr\/moving-to-the-netherlands\/\" data-internallinksmanager029f6b8e52c=\"328\" title=\"Hollanda&#039;ya m\u0131 ta\u015f\u0131n\u0131yorsunuz? 2026 Ya\u015fam Maliyetleri ve Yer De\u011fi\u015ftirme \u0130pu\u00e7lar\u0131\">Hollanda<\/a>, <a href=\"https:\/\/moverdb.com\/tr\/moving-to-slovakia\/\" data-internallinksmanager029f6b8e52c=\"338\" title=\"Slovakya&#039;ya m\u0131 Ta\u015f\u0131n\u0131yorsunuz? 2026 Ya\u015fam Maliyetleri &amp; Yer De\u011fi\u015ftirme \u0130pu\u00e7lar\u0131\">Slovakya<\/a>, <a href=\"https:\/\/moverdb.com\/tr\/moving-to-spain\/\" data-internallinksmanager029f6b8e52c=\"266\" title=\"\u0130spanya&#039;ya m\u0131 ta\u015f\u0131n\u0131yorsunuz? 2026 Ya\u015fam Maliyetleri ve Yer De\u011fi\u015ftirme \u0130pu\u00e7lar\u0131\">\u0130spanya<\/a>, <a href=\"https:\/\/moverdb.com\/tr\/moving-to-switzerland\/\" data-internallinksmanager029f6b8e52c=\"327\" title=\"\u0130svi\u00e7re&#039;ye mi ta\u015f\u0131n\u0131yorsunuz? 2026 Ya\u015fam Maliyetleri &amp; Yer De\u011fi\u015ftirme \u0130pu\u00e7lar\u0131\">\u0130svi\u00e7re<\/a> ve <a href=\"https:\/\/moverdb.com\/tr\/uluslararasi-tasimalar\/\">Birle\u015fik Krall\u0131k<\/a>ve Avrupa'n\u0131n \u00f6tesinde <a href=\"https:\/\/moverdb.com\/tr\/moving-to-the-united-states\/\" data-internallinksmanager029f6b8e52c=\"94\" title=\"Amerika Birle\u015fik Devletleri&#039;ne mi ta\u015f\u0131n\u0131yorsunuz? 2026 Ya\u015fam Maliyetleri ve Yer De\u011fi\u015ftirme \u0130pu\u00e7lar\u0131\">Birle\u015fik Devletler<\/a>, <a href=\"https:\/\/moverdb.com\/tr\/moving-to-australia\/living-in-australia\/\" data-internallinksmanager029f6b8e52c=\"240\" title=\"Avustralya&#039;da Ya\u015famak Hakk\u0131nda Ta\u015f\u0131nmadan \u00d6nce Bilmeniz Gereken 21 S\u0131r\">Avustralya<\/a>Rusya Federasyonu ve <a href=\"https:\/\/moverdb.com\/tr\/moving-to-china\/\" data-internallinksmanager029f6b8e52c=\"357\" title=\"\u00c7in&#039;e mi Ta\u015f\u0131n\u0131yorsunuz? 2026 Ya\u015fam Maliyetleri ve Yer De\u011fi\u015ftirme \u0130pu\u00e7lar\u0131\">\u00c7in<\/a>.<\/li>\n<li>  Euromovers ta\u015f\u0131nma hizmetleri sunar, bir ticaret birli\u011fi de\u011fildir.<\/li>\n<li>  Euromovers A\u011f\u0131'n\u0131n her bir Orta\u011f\u0131, belirlenen standartlara uyumu sa\u011flamak i\u00e7in periyodik denetimlere ve incelemelere kat\u0131l\u0131r.<\/li>\n<li>  Euromovers, a\u015fa\u011f\u0131daki durumlarda \u00fcyedir <a href=\"https:\/\/moverdb.com\/tr\/iam\/\">Uluslararas\u0131 Ta\u015f\u0131mac\u0131lar Birli\u011fi<\/a> ve ISO 9001 (kalite y\u00f6netim hizmetleri), ISO 14001 (\u00e7evre y\u00f6netim sistemleri), ISO 27001 (bilgi g\u00fcvenli\u011fi sistemleri) kalite belgelerine sahiptir.<\/li>\n<\/ol>\n<p><strong>Avrupa Ta\u015f\u0131y\u0131c\u0131 Ortakl\u0131\u011f\u0131 profili:<\/strong><\/p>\n<p>Euromovers teklifleri <a href=\"https:\/\/moverdb.com\/tr\/uluslararasi-tasimalar\/\">Avrupa ta\u015f\u0131malar\u0131 ve deniza\u015f\u0131r\u0131 ta\u015f\u0131malar<\/a> Avrupa'daki \u00fclkelerin yan\u0131 s\u0131ra \u00c7in ve Rusya gibi daha geni\u015f co\u011frafyalara yay\u0131lm\u0131\u015f 70 \u00fcyesi arac\u0131l\u0131\u011f\u0131yla. <\/p>\n<p>\u0130\u015fletmeler ve bireyler i\u00e7in kap\u0131dan kap\u0131ya ta\u015f\u0131nma ve yer de\u011fi\u015ftirme hizmetleri, depolama \u00e7\u00f6z\u00fcmleri, \u015firket \u00e7\u00f6z\u00fcmleri ve g\u00fczel sanatlar\u0131n sevkiyat\u0131n\u0131 sa\u011flamaktad\u0131r. Euromovers'\u0131n dayand\u0131\u011f\u0131 kar\u015f\u0131l\u0131kl\u0131 ortakl\u0131k, i\u015fletmenin herhangi bir k\u00fcresel var\u0131\u015f noktas\u0131na entegre yer de\u011fi\u015ftirme vizyonuna ula\u015fmas\u0131na yard\u0131mc\u0131 olur.<\/p>\n<p><strong>\u00dcyelik i\u00e7in kriterler:<\/strong><\/p>\n<p>\u00dcyelik kriterleri hakk\u0131nda \u00e7evrimi\u00e7i olarak herhangi bir ayr\u0131nt\u0131 verilmemektedir.<\/p>\n<p><strong>\u00d6rnek \u00dcye \u015eirketler<\/strong><\/p>\n<ul>\n<li> <a href=\"https:\/\/moverdb.com\/tr\/atlas-van-lines-uluslararasi\/\">Atlas Van Lines<\/a><\/li>\n<\/ul>\n<p><strong>Avrupa Ta\u015f\u0131y\u0131c\u0131 Ortakl\u0131\u011f\u0131 hakk\u0131ndaki g\u00f6r\u00fc\u015fler<\/strong><\/p>\n<p>European Mover Partnership'in kendi web sitesi d\u0131\u015f\u0131nda internette ba\u015fka bir yerde ad\u0131 ge\u00e7memektedir. Benzer isimde ba\u015fka bir kurulu\u015f daha var - Euro Movers International LLC, merkezi <a href=\"https:\/\/moverdb.com\/tr\/moving-to-dubai\/\" data-internallinksmanager029f6b8e52c=\"246\" title=\"Dubai&#039;ye Ta\u015f\u0131nmak m\u0131? 2026 Ya\u015fam Maliyetleri ve Yer De\u011fi\u015ftirme \u0130pu\u00e7lar\u0131\">Dubai<\/a>ancak grubun bir par\u00e7as\u0131 de\u011fildir. <\/p>\n<p>Dubai Euromovers kabul edildi <a href=\"http:\/\/www.complaintsboard.com\/complaints\/euro-movers-dubai-c431198.html\" target=\"_blank\" rel=\"noopener\">\u00e7ok olumsuz yorumlar<\/a>.<\/p>\n<p><strong>Web sitesi:<\/strong> <a href=\"http:\/\/www.euromovers.com\/\" target=\"_blank\" rel=\"noopener\">http:\/\/www.euromovers.com\/<\/a><\/p>","protected":false},"excerpt":{"rendered":"<p>Euromovers is based in Luxembourg and is made up of a number of leading international moving companies who have formed a network on the basis of shared standards, vision and direction. The group offers moving services that are better provided because of its network of connected companies. Key facts about Euromovers: Euromovers is a network [&hellip;]<\/p>\n","protected":false},"author":1,"featured_media":0,"parent":0,"menu_order":0,"comment_status":"closed","ping_status":"closed","template":"","meta":{"_genesis_hide_title":false,"_genesis_hide_breadcrumbs":false,"_genesis_hide_singular_image":false,"_genesis_hide_footer_widgets":false,"_genesis_custom_body_class":"","_genesis_custom_post_class":"","_genesis_layout":"","footnotes":""},"class_list":{"0":"post-442","1":"page","2":"type-page","3":"status-publish","5":"entry"},"_links":{"self":[{"href":"https:\/\/moverdb.com\/tr\/wp-json\/wp\/v2\/pages\/442","targetHints":{"allow":["GET"]}}],"collection":[{"href":"https:\/\/moverdb.com\/tr\/wp-json\/wp\/v2\/pages"}],"about":[{"href":"https:\/\/moverdb.com\/tr\/wp-json\/wp\/v2\/types\/page"}],"author":[{"embeddable":true,"href":"https:\/\/moverdb.com\/tr\/wp-json\/wp\/v2\/users\/1"}],"replies":[{"embeddable":true,"href":"https:\/\/moverdb.com\/tr\/wp-json\/wp\/v2\/comments?post=442"}],"version-history":[{"count":5,"href":"https:\/\/moverdb.com\/tr\/wp-json\/wp\/v2\/pages\/442\/revisions"}],"predecessor-version":[{"id":6203,"href":"https:\/\/moverdb.com\/tr\/wp-json\/wp\/v2\/pages\/442\/revisions\/6203"}],"wp:attachment":[{"href":"https:\/\/moverdb.com\/tr\/wp-json\/wp\/v2\/media?parent=442"}],"curies":[{"name":"wp","href":"https:\/\/api.w.org\/{rel}","templated":true}]}}