{"id":439,"date":"2016-06-12T19:46:10","date_gmt":"2016-06-12T19:46:10","guid":{"rendered":"http:\/\/moverdb.com\/?page_id=439"},"modified":"2026-01-08T14:40:02","modified_gmt":"2026-01-08T14:40:02","slug":"lacma","status":"publish","type":"page","link":"https:\/\/moverdb.com\/tr\/lacma\/","title":{"rendered":"Latin Amerika ve Karayipler Uluslararas\u0131 Ta\u015f\u0131mac\u0131lar Birli\u011fi (LACMA)"},"content":{"rendered":"<p>Latin Amerika ve Karayipler Uluslararas\u0131 Ta\u015f\u0131mac\u0131lar Birli\u011fi (LACIMA), yerel i\u015fletmelerin yan\u0131 s\u0131ra d\u00fcnyan\u0131n d\u00f6rt bir yan\u0131ndaki di\u011fer i\u015fletmelerin entegrasyonunu te\u015fvik etmek amac\u0131yla bir ta\u015f\u0131nma ve yer de\u011fi\u015ftirme \u015firketleri toplulu\u011funu temsil etmektedir.<\/p>\n<p><strong>LACMA hakk\u0131nda \u00f6nemli bilgiler:<\/strong><\/p>\n<ol>a<\/p>\n<li>  LACMA \u00fcyeli\u011fi, Latin Amerika ve d\u00fcnyan\u0131n geri kalan\u0131ndan ta\u015f\u0131nma ve yer de\u011fi\u015ftirme \u015firketlerine a\u00e7\u0131kt\u0131r.<\/li>\n<li>  Latin Amerika'da temsil edilen dernektir. <a href=\"https:\/\/moverdb.com\/tr\/fidi-faim\/\">FIDI<\/a>.<\/li>\n<li>  Bu merkezde <a href=\"https:\/\/moverdb.com\/tr\/moving-to-panama\/\" data-internallinksmanager029f6b8e52c=\"432\" title=\"Panama&#039;ya m\u0131 Ta\u015f\u0131n\u0131yorsunuz? 2026 Ya\u015fam Maliyetleri &amp; Yer De\u011fi\u015ftirme \u0130pu\u00e7lar\u0131\">Panama<\/a>.<\/li>\n<li>  \u00dcyeleri aras\u0131nda veya bir \u00fcye ile dernekle ba\u011flant\u0131s\u0131 olmayan di\u011fer ki\u015filer aras\u0131nda ortaya \u00e7\u0131kabilecek anla\u015fmazl\u0131klar i\u00e7in arabuluculuk g\u00f6revi g\u00f6r\u00fcr.<\/li>\n<li>  \u00dcyelerinin \u015fu \u00f6zelliklere sahip olmas\u0131n\u0131 gerektirmez <a href=\"https:\/\/moverdb.com\/tr\/fidi-faim\/\" data-internallinksmanager029f6b8e52c=\"16\" title=\"FIDI &amp; FAIM (FIDI Akredite Uluslararas\u0131 Ta\u015f\u0131mac\u0131) A\u00e7\u0131klamas\u0131\">FIDI<\/a> LACMA ba\u011f\u0131ms\u0131z \u00fcyelik kriterlerini korudu\u011fu i\u00e7in ba\u011fl\u0131 kurulu\u015flar.<\/li>\n<li>  LACMA, Packers E\u011fitmenleri i\u00e7in bir e\u011fitim kursu da dahil olmak \u00fczere yerinde ve sanal seminerler veren kendi e\u011fitim enstit\u00fcs\u00fcne sahiptir.<\/li>\n<li>  Birlik i\u00e7indeki di\u011fer \u00fcyelerden gecikmi\u015f tutarlar\u0131 tahsil etmek isteyen \u00fcyeler i\u00e7in bir kaynak sa\u011flayan bir \u00f6deme garantisi program\u0131 sunmaktad\u0131r.<\/li>\n<li>  LACMA \u00fcyeli\u011fi Aktif (kendi personeli, nakliye ve depolama tesisleri ile aktif olarak uluslararas\u0131 ta\u015f\u0131ma ve paketleme yapan Latin Amerika veya Karayip i\u015fletmeleri), Ortak (uluslararas\u0131 ta\u015f\u0131ma ve paketleme yapan Latin Amerika ve Karayipler d\u0131\u015f\u0131ndaki i\u015fletmeler) veya Ek (\u00fcyelere yararl\u0131 mal ve hizmetler sa\u011flayan \u015firketler) olabilir.<\/li>\n<li>  Organizasyon \u015funlar\u0131 belirtmektedir: \"FIDI Latin Amerika b\u00f6lgemizdeki 53 \u015firketi (FIDI-LACMA ve FIDI-Non LACMA) temsil etmektedir.<\/li>\n<\/ol>\n<p><strong>Latin Amerika ve Karayipler Uluslararas\u0131 Ta\u015f\u0131mac\u0131lar Birli\u011fi profili<\/strong><\/p>\n<p>LACMA, \u00fcyelerinin \u00e7\u0131karlar\u0131n\u0131 temsil etmek ve sekt\u00f6rdeki hizmet standartlar\u0131n\u0131 belirlemek ve s\u00fcrd\u00fcrmek i\u00e7in kurulmu\u015ftur. <\/p>\n<p>Latin Amerika'daki FIDI kurulu\u015fudur ve FIDI taraf\u0131ndan b\u00f6lgedeki FIDI'ye ba\u011fl\u0131 \u015firketlerin \u00e7\u0131karlar\u0131n\u0131 temsil etti\u011fi kabul edildi\u011fi i\u00e7in bu ona belirli bir g\u00fcvenilirlik kazand\u0131rmaktad\u0131r. <\/p>\n<p>LACMA, Aktif ve Ortak olmak \u00fczere \u00e7e\u015fitli \u00fcyelik t\u00fcrleri sunmaktad\u0131r. Ayr\u0131ca \u00fcyelerine bilgi ve i\u015f verimlili\u011fini art\u0131rmaya yard\u0131mc\u0131 olmak i\u00e7in geni\u015f bir yelpazede e-\u00f6\u011frenme, bilgi ve seminerler sunmaktad\u0131r - LACMA E\u011fitim Enstit\u00fcs\u00fc 1992 y\u0131l\u0131nda \u00fcyeleri daha iyi e\u011fitmek amac\u0131yla kurulmu\u015ftur. <\/p>\n<p>\u00dcyeler ayr\u0131ca, di\u011fer \u00fcyelerin bor\u00e7lu oldu\u011fu tutarlar\u0131n takibine yard\u0131mc\u0131 olmak i\u00e7in tasarlanan \u00f6deme garantisi program\u0131 ve d\u00fcnyan\u0131n bu b\u00f6lgesini s\u0131k s\u0131k etkileyen do\u011fal afetlere yakalanan \u00fcyelere insani yard\u0131m sa\u011flayan LACMA S.O.S. Program\u0131 gibi belirli korumalardan da yararlanmaktad\u0131r.<\/p>\n<p><strong>\u00dcyelik i\u00e7in kriterler:<\/strong><\/p>\n<p><u>Aktif \u00fcyeler<\/u><\/p>\n<ul>\n<li> LACMA resmi formundaki \u00fcyelik ba\u015fvurusunu doldurun ve istenen bilgileri sa\u011flay\u0131n, LACMA T\u00fcz\u00fc\u011f\u00fc ve Y\u00f6netmeliklerine, Etik Kurallar\u0131na ve LACMA Y\u00f6netim Kurulu taraf\u0131ndan belirlenen kararlara uymay\u0131 kabul edin.<\/li>\n<li> Be\u015f (5) LACMA Aktif \u00dcyesinin sponsorlu\u011funu sa\u011flay\u0131n.<\/li>\n<li> Son iki y\u0131la ait Mali Tablolar\u0131, ilgili notlar\u0131yla birlikte sununuz.<\/li>\n<li> \u015eirketin Kurumsal T\u00fcz\u00fc\u011f\u00fcn\u00fc sa\u011flay\u0131n (T\u00fcrkiye'de en az d\u00f6rt y\u0131l faaliyet g\u00f6stermi\u015f olmas\u0131 gerekir) <a href=\"https:\/\/moverdb.com\/tr\/tasinma-si%cc%87rketleri%cc%87\/\">uluslararasi ta\u015finma<\/a> end\u00fcstrisi).<\/li>\n<li> Ba\u015fvuru s\u00fcreci tamamland\u0131ktan ve ba\u015fvuru onayland\u0131ktan sonra Kabul \u00fccretini, PGP ba\u015flang\u0131\u00e7 \u00fccretini, PGP ve LACMA \u00fcyelik y\u0131ll\u0131k \u00fccretlerini \u00f6deyin.<\/li>\n<\/ul>\n<p><u>Ortak \u00fcyeler<\/u><\/p>\n<ul>\n<li> LACMA resmi formundaki \u00fcyelik ba\u015fvurusunu doldurun ve istenen bilgileri sa\u011flay\u0131n, LACMA T\u00fcz\u00fc\u011f\u00fc ve Y\u00f6netmeliklerine, Etik Kurallar\u0131na ve LACMA Y\u00f6netim Kurulu taraf\u0131ndan belirlenen kararlara uymay\u0131 kabul edin.<\/li>\n<li> En az ikisi Ortak \u00dcyelerden olmak \u00fczere be\u015f (5) LACMA Aktif ve\/veya Ortak \u00dcyesinin sponsorlu\u011funu sa\u011flamak.<\/li>\n<li> Son iki y\u0131la ait Mali Tablolar\u0131, ilgili notlar\u0131yla birlikte sununuz.<\/li>\n<li> \u015eirketin Kurumsal T\u00fcz\u00fc\u011f\u00fcn\u00fc sa\u011flay\u0131n (uluslararas\u0131 ta\u015f\u0131mac\u0131l\u0131k sekt\u00f6r\u00fcnde en az d\u00f6rt y\u0131l faaliyet g\u00f6stermesi gerekir).<\/li>\n<li> Ba\u015fvuru s\u00fcreci tamamland\u0131ktan ve ba\u015fvuru onayland\u0131ktan sonra Kabul \u00fccretini, PGP ba\u015flang\u0131\u00e7 \u00fccretini, PGP ve LACMA \u00fcyelik y\u0131ll\u0131k \u00fccretini \u00f6demek<\/li>\n<\/ul>\n<p><u>Yard\u0131mc\u0131 \u00fcyeler<\/u><\/p>\n<ul>\n<li> LACMA resmi formundaki \u00fcyelik ba\u015fvurusunu doldurun ve istenen bilgileri sa\u011flay\u0131n, LACMA T\u00fcz\u00fc\u011f\u00fcne ve Y\u00f6netmeli\u011fine, Etik Kurallar\u0131na ve LACMA Y\u00f6netim Kurulu taraf\u0131ndan belirlenen kararlara uymay\u0131 kabul edin.<\/li>\n<li> (2) LACMA Aktif ve\/veya Ortak \u00dcyesinin sponsorlu\u011funu sa\u011flay\u0131n.<\/li>\n<li> Ba\u015fvuru s\u00fcreci tamamland\u0131ktan ve ba\u015fvuru onayland\u0131ktan sonra Kabul \u00fccretini ve LACMA \u00fcyeli\u011fi y\u0131ll\u0131k \u00fccretini \u00f6deyin. Belirtilen \u00fccretler i\u00e7in l\u00fctfen LACMA Sekretaryas\u0131 ile irtibata ge\u00e7iniz.<\/li>\n<li> Teklif edilen \u00fcr\u00fcn veya hizmetin en az bir y\u0131ld\u0131r ticarile\u015ftirilmi\u015f oldu\u011funu kan\u0131tlay\u0131n.<\/li>\n<\/ul>\n<p><strong>\u00d6rnek \u00dcye \u015eirketler<\/strong><\/p>\n<ul>\n<li> <a href=\"https:\/\/moverdb.com\/tr\/aires\/\">Aires<\/a><\/li>\n<li> <a href=\"https:\/\/moverdb.com\/tr\/arpin-uluslararasi\/\">Arpin Uluslararas\u0131<\/a><\/li>\n<li> <a href=\"https:\/\/moverdb.com\/tr\/atlas-van-lines-uluslararasi\/\">Atlas Van Lines<\/a><\/li>\n<li> <a href=\"https:\/\/moverdb.com\/tr\/santa-fe-relocation\/\">Santa Fe Ta\u015f\u0131nma Hizmetleri<\/a><\/li>\n<li> <a href=\"https:\/\/moverdb.com\/tr\/sterling-relocation\/\">Sterling Ta\u015f\u0131nma<\/a><\/li>\n<li> <a href=\"https:\/\/moverdb.com\/tr\/stevens-worldwide-van-lines\/\">Stevens Worldwide Van Lines<\/a><\/li>\n<li> <a href=\"https:\/\/moverdb.com\/tr\/amj-campbell-van-lines\/\">AMJ Campbell Van Lines<\/a><\/li>\n<li> <a href=\"https:\/\/moverdb.com\/tr\/suddath\/\">Suddath<\/a><\/li>\n<li> <a href=\"https:\/\/moverdb.com\/tr\/dt-hareketli\/\">DT Ta\u015f\u0131nma<\/a><\/li>\n<li> <a href=\"https:\/\/moverdb.com\/tr\/john-mason\/\">John Mason Uluslararas\u0131 Nakliyat<\/a><\/li>\n<li> <a href=\"https:\/\/moverdb.com\/tr\/mudanzas-gou\/\">Mudanzas Gou<\/a><\/li>\n<li> <a href=\"https:\/\/moverdb.com\/tr\/gil-stauffer\/\">Gil Stauffer<\/a><\/li>\n<\/ul>\n<p><strong>LACMA hakk\u0131ndaki g\u00f6r\u00fc\u015fler:<\/strong><\/p>\n<p>\u0130nternetteki bilgiler, LACMA \u00fcyelerinin Latin Amerika ve Karayipler b\u00f6lgesine ve bu b\u00f6lgeden yap\u0131lan ta\u015f\u0131malar\u0131n 90%'sini olu\u015fturdu\u011funu g\u00f6stermektedir. LACMA, Latin Amerika ve Karayipler'in en \u00f6nemli <a href=\"https:\/\/moverdb.com\/tr\/kuruluslar-dernekler\/\">uluslararasi ta\u015fima ve nakli\u0307ye organi\u0307zasyonlari<\/a>.<\/p>\n<p>Nakliyeciler, profesyonellik standartlar\u0131 ve co\u011frafi kapsam konusunda m\u00fc\u015fterilere g\u00fcven verme ba\u011flam\u0131nda LACMA'dan bahsetmektedir. \u00dcyeleri d\u00fcnyan\u0131n en iyi nakliyecilerinden baz\u0131lar\u0131 olarak g\u00f6steriliyor ve \u00e7evrimi\u00e7i bilgiler \u00fcyeli\u011fi a\u015fa\u011f\u0131daki alanlar\u0131 temsil edecek \u015fekilde ayr\u0131\u015ft\u0131r\u0131yor: <em>\"Avrupa 31%, The <a href=\"https:\/\/moverdb.com\/tr\/moving-to-the-united-states\/\" data-internallinksmanager029f6b8e52c=\"94\" title=\"Amerika Birle\u015fik Devletleri&#039;ne mi ta\u015f\u0131n\u0131yorsunuz? 2026 Ya\u015fam Maliyetleri ve Yer De\u011fi\u015ftirme \u0130pu\u00e7lar\u0131\">Birle\u015fik Devletler<\/a> &amp; <a href=\"https:\/\/moverdb.com\/tr\/moving-to-canada\/\" data-internallinksmanager029f6b8e52c=\"265\" title=\"Kanada&#039;ya Ta\u015f\u0131nmak m\u0131? 2026 Ya\u015fam Maliyetleri ve Yer De\u011fi\u015ftirme \u0130pu\u00e7lar\u0131\">Kanada<\/a> 26%, Latin Amerika ve Karayipler 28% ve <a href=\"https:\/\/moverdb.com\/tr\/moving-to-australia\/living-in-australia\/\" data-internallinksmanager029f6b8e52c=\"240\" title=\"Avustralya&#039;da Ya\u015famak Hakk\u0131nda Ta\u015f\u0131nmadan \u00d6nce Bilmeniz Gereken 21 S\u0131r\">Avustralya<\/a>, Orta Do\u011fu ve Uzak Do\u011fu 15%.\"<\/em> <\/p>\n<p>Web sitelerinde LACMA'ya yer veren nakliyeciler genellikle b\u00f6lge d\u0131\u015f\u0131ndan olmakla birlikte, kurulu\u015fa \u00fcyelikleriyle k\u00fcresel eri\u015fimlerini g\u00f6stermektedirler.<\/p>\n<blockquote><p>LACMA, Latin Amerika ve Karayipler'in en iyi uluslararas\u0131 nakliyecilerinden olu\u015fan ve bu b\u00f6lgeye yap\u0131lan nakliyelerin y\u00fczde 90'\u0131ndan fazlas\u0131n\u0131 ger\u00e7ekle\u015ftiren bir dernektir.<\/p><\/blockquote>\n<p>- <a href=\"http:\/\/www.brytor.ca\/memberships.php\" target=\"_blank\" rel=\"noopener\">Brytor Uluslararas\u0131 Ta\u015f\u0131mac\u0131l\u0131k<\/a><\/p>\n<blockquote><p>LACMA en iyi 260 \u00fcyeyi b\u00fcnyesinde bar\u0131nd\u0131ran bir dernektir. <a href=\"https:\/\/moverdb.com\/tr\/moving-companies\/\" data-internallinksmanager029f6b8e52c=\"79\" title=\"\u00c7evrimi\u00e7i En \u0130yi 25 Uluslararas\u0131 Nakliye \u015eirketi\">ta\u015finma \u015fi\u0307rketleri\u0307<\/a> ba\u015fta Latin Amerika ve Karayipler olmak \u00fczere d\u00fcnyan\u0131n d\u00f6rt bir yan\u0131ndan gelmektedir. Sahip olduklar\u0131 prestij nedeniyle Latin Amerika'da ger\u00e7ekle\u015ftirilen ithalat ve ihracat\u0131n 90%'sini olu\u015fturmaktad\u0131rlar.<\/p><\/blockquote>\n<p>- <a href=\"http:\/\/miglobal.com\/miglobal.com\/httpdocs\/affiliations.html\" target=\"_blank\" rel=\"noopener\">Mudanzas Internacionales Global<\/a><\/p>\n<p><strong>Web sitesi:<\/strong> <a href=\"http:\/\/www.lacmassoc.org\/\" target=\"_blank\" rel=\"noopener\">http:\/\/www.lacmassoc.org\/<\/a><\/p>","protected":false},"excerpt":{"rendered":"<p>The Latin American and Caribbean International Movers Association (LACIMA) represents a collection of moving and relocation companies with a view to encouraging integration of locally based businesses, as well as others across the world. Key facts about LACMA: a Membership of LACMA is open to moving and relocation companies from Latin America and the rest [&hellip;]<\/p>\n","protected":false},"author":1,"featured_media":0,"parent":0,"menu_order":0,"comment_status":"closed","ping_status":"closed","template":"","meta":{"_genesis_hide_title":false,"_genesis_hide_breadcrumbs":false,"_genesis_hide_singular_image":false,"_genesis_hide_footer_widgets":false,"_genesis_custom_body_class":"","_genesis_custom_post_class":"","_genesis_layout":"","footnotes":""},"class_list":{"0":"post-439","1":"page","2":"type-page","3":"status-publish","5":"entry"},"_links":{"self":[{"href":"https:\/\/moverdb.com\/tr\/wp-json\/wp\/v2\/pages\/439","targetHints":{"allow":["GET"]}}],"collection":[{"href":"https:\/\/moverdb.com\/tr\/wp-json\/wp\/v2\/pages"}],"about":[{"href":"https:\/\/moverdb.com\/tr\/wp-json\/wp\/v2\/types\/page"}],"author":[{"embeddable":true,"href":"https:\/\/moverdb.com\/tr\/wp-json\/wp\/v2\/users\/1"}],"replies":[{"embeddable":true,"href":"https:\/\/moverdb.com\/tr\/wp-json\/wp\/v2\/comments?post=439"}],"version-history":[{"count":21,"href":"https:\/\/moverdb.com\/tr\/wp-json\/wp\/v2\/pages\/439\/revisions"}],"predecessor-version":[{"id":13169,"href":"https:\/\/moverdb.com\/tr\/wp-json\/wp\/v2\/pages\/439\/revisions\/13169"}],"wp:attachment":[{"href":"https:\/\/moverdb.com\/tr\/wp-json\/wp\/v2\/media?parent=439"}],"curies":[{"name":"wp","href":"https:\/\/api.w.org\/{rel}","templated":true}]}}