{"id":437,"date":"2016-06-12T15:02:39","date_gmt":"2016-06-12T15:02:39","guid":{"rendered":"http:\/\/moverdb.com\/?page_id=437"},"modified":"2026-01-08T13:18:34","modified_gmt":"2026-01-08T13:18:34","slug":"hgfaa","status":"publish","type":"page","link":"https:\/\/moverdb.com\/tr\/hgfaa\/","title":{"rendered":"Amerika Ev E\u015fyas\u0131 Nakliyecileri Birli\u011fi (HGFAA) A\u00e7\u0131klamas\u0131"},"content":{"rendered":"<p>Amerika Ev E\u015fyas\u0131 Nakliyecileri Birli\u011fi (HGFAA) kendisini, m\u00fc\u015fterilerin ta\u015f\u0131nmalar\u0131 s\u0131ras\u0131nda m\u00fcmk\u00fcn olan en iyi hizmeti almalar\u0131n\u0131 sa\u011flamay\u0131 taahh\u00fct eden k\u00fcresel bir nakliyeciler birli\u011fi olarak tan\u0131mlamaktad\u0131r. \u015eimdi yerini <a href=\"https:\/\/moverdb.com\/tr\/iam\/\">Uluslararas\u0131 Ta\u015f\u0131mac\u0131lar Birli\u011fi<\/a> (<a href=\"https:\/\/moverdb.com\/tr\/iam\/\" data-internallinksmanager029f6b8e52c=\"23\" title=\"Uluslararas\u0131 Ta\u015f\u0131mac\u0131lar Birli\u011fi (IAM) A\u00e7\u0131klamas\u0131\">IAM<\/a>), ancak birka\u00e7 nakliyeci hala web sitelerinde listeliyor. <\/p>\n<p><strong>HGFAA hakk\u0131nda \u00f6nemli bilgiler:<\/strong><\/p>\n<ol>\n<li>  HGFAA, d\u00fcnya \u00e7ap\u0131nda 1800'den fazla \u015firketin \u00fcyeli\u011fine sahiptir.<\/li>\n<li>  HGFAA, 160'tan fazla \u00fclke ve b\u00f6lgeden \u00fcyesi bulunan k\u00fcresel bir kurulu\u015ftur.<\/li>\n<li>  Portal, derne\u011fin sekt\u00f6rel dergisidir.<\/li>\n<li>  Dernek, T\u00fcrkiye'de ta\u015f\u0131mac\u0131l\u0131k sekt\u00f6r\u00fcn\u00fc temsil etmektedir. <a href=\"https:\/\/moverdb.com\/tr\/moving-to-the-united-states\/\" data-internallinksmanager029f6b8e52c=\"94\" title=\"Amerika Birle\u015fik Devletleri&#039;ne mi ta\u015f\u0131n\u0131yorsunuz? 2026 Ya\u015fam Maliyetleri ve Yer De\u011fi\u015ftirme \u0130pu\u00e7lar\u0131\">Birle\u015fik Devletler<\/a>.<\/li>\n<li>  HGFAA, ileti\u015fim a\u011f\u0131 ve e\u011fitim tesisi ile tan\u0131nmaktad\u0131r.<\/li>\n<\/ol>\n<p><strong>Amerika Ev E\u015fyalar\u0131 Nakliyecileri Derne\u011fi profili:<\/strong><\/p>\n<p>HGFAA t\u00fcketici odakl\u0131d\u0131r ve d\u00fcnyan\u0131n herhangi bir yerinde ta\u015f\u0131nma konusunda yard\u0131mc\u0131 olabilecek g\u00fcvenilir nakliyecilerden olu\u015fan bir veri taban\u0131 sa\u011flar. Y\u00fcksek hizmet standartlar\u0131 sa\u011flamay\u0131 ve t\u00fcketicilerin ta\u015f\u0131nma g\u00fcn\u00fcn\u00fcn organize edilmesinden ta\u015f\u0131nma ve sa\u011fl\u0131k hizmetlerine kadar ta\u015f\u0131nmak i\u00e7in ihtiya\u00e7 duyduklar\u0131 t\u00fcm bilgilere sahip olmalar\u0131n\u0131 sa\u011flamay\u0131 taahh\u00fct eder. <\/p>\n<p>HGFAA, y\u0131lda alt\u0131 say\u0131 olmak \u00fczere Portal adl\u0131 kendi sekt\u00f6r dergisini \u00e7\u0131karmaktad\u0131r. Web sitesi, hem sekt\u00f6r hem de t\u00fcketiciler i\u00e7in harc\u0131rah, seyahat ve ula\u015f\u0131m ve evcil hayvanlarla ta\u015f\u0131nma gibi ilgi \u00e7ekici konularda \u00e7ok say\u0131da ba\u011flant\u0131 sa\u011flar.<\/p>\n<p><strong>\u00dcyelik i\u00e7in kriterler:<\/strong><\/p>\n<p>HGFAA indirilebilir bir \u00fcyelik formu sunmaktad\u0131r ancak bu forma \u015fu anda web sitesi \u00fczerinden eri\u015filememektedir. Web sitesinde herhangi bir \u00fcyelik ko\u015fulu listelenmemi\u015ftir.<\/p>\n<p><strong>\u00d6rnek \u00dcye \u015eirketler<\/strong><\/p>\n<ul>\n<li> <a href=\"https:\/\/moverdb.com\/tr\/atlas-van-lines-uluslararasi\/\">Atlas Van Lines<\/a><\/li>\n<li> <a href=\"https:\/\/moverdb.com\/tr\/eagle-relocations\/\">Eagle Relocations<\/a><\/li>\n<li> <a href=\"https:\/\/moverdb.com\/tr\/asiri-uluslararasi-tasimacilar\/\">Fazla Uluslararas\u0131 Ta\u015f\u0131mac\u0131lar<\/a><\/li>\n<li> <a href=\"https:\/\/moverdb.com\/tr\/fn-removals\/\">F&amp;N Worldwide Removals<\/a><\/li>\n<li> <a href=\"https:\/\/moverdb.com\/tr\/mudanzas-gou\/\">Mudanzas Gou<\/a><\/li>\n<\/ul>\n<p><strong>HGFAA hakk\u0131ndaki g\u00f6r\u00fc\u015fler:<\/strong><\/p>\n<p>HGFAA'n\u0131n internette b\u00fcy\u00fck bir profili yoktur ve pek \u00e7ok nakliyecinin web sitesinde ad\u0131 ge\u00e7mez. HGFAA'y\u0131 web sitelerinde listeleyen nakliyecilerin \u00e7evrimi\u00e7i g\u00f6r\u00fc\u015fleri, birli\u011fin k\u00fcresel niteli\u011fine ve y\u00fcksek hizmet standartlar\u0131na olan ba\u011fl\u0131l\u0131\u011f\u0131na odaklanmaktad\u0131r.<\/p>\n<p><a href=\"http:\/\/www.bloomberg.com\/profiles\/companies\/0774891D:US-household-goods-forwarders-association-of-america\" target=\"_blank\" rel=\"noopener\">Bloomberg odaklan\u0131yor<\/a> Sekt\u00f6r\u00fc temsil etmesi, bir ileti\u015fim a\u011f\u0131 ve e\u011fitim tesisi olarak hareket etmesi ve e\u011fitim, kaynak, yay\u0131n ve y\u00f6nlendirme hizmetlerinin zenginli\u011fi.<\/p>\n<blockquote><p>HHGFAA, m\u00fc\u015fterilerine en \u00fcst d\u00fczeyde hizmet sunmay\u0131 taahh\u00fct eden k\u00fcresel bir nakliyeciler ve ta\u015f\u0131mac\u0131lar birli\u011fidir.<\/p><\/blockquote>\n<p>- <a href=\"http:\/\/www.amjbc.ca\/international-moving-services\/\" target=\"_blank\" rel=\"noopener\">AMJ Campbell D\u00fcnya \u00c7ap\u0131nda Ta\u015f\u0131nmalar<\/a><\/p>\n<p><strong>Web sitesi:<\/strong> <a href=\"http:\/\/www.hhgfaa.org\/\" target=\"_blank\" rel=\"noopener\">http:\/\/www.hhgfaa.org\/<\/a><\/p>","protected":false},"excerpt":{"rendered":"<p>The Household Goods Forwarders Association of America (HGFAA) describes itself as a global association of movers who are committed to ensuring that customers receive the best possible service during their move. It has now been replaced by the International Association of Movers (IAM), although several movers still list it on their websites. Key facts about [&hellip;]<\/p>\n","protected":false},"author":1,"featured_media":0,"parent":0,"menu_order":0,"comment_status":"closed","ping_status":"closed","template":"","meta":{"_genesis_hide_title":false,"_genesis_hide_breadcrumbs":false,"_genesis_hide_singular_image":false,"_genesis_hide_footer_widgets":false,"_genesis_custom_body_class":"","_genesis_custom_post_class":"","_genesis_layout":"","footnotes":""},"class_list":{"0":"post-437","1":"page","2":"type-page","3":"status-publish","5":"entry"},"_links":{"self":[{"href":"https:\/\/moverdb.com\/tr\/wp-json\/wp\/v2\/pages\/437","targetHints":{"allow":["GET"]}}],"collection":[{"href":"https:\/\/moverdb.com\/tr\/wp-json\/wp\/v2\/pages"}],"about":[{"href":"https:\/\/moverdb.com\/tr\/wp-json\/wp\/v2\/types\/page"}],"author":[{"embeddable":true,"href":"https:\/\/moverdb.com\/tr\/wp-json\/wp\/v2\/users\/1"}],"replies":[{"embeddable":true,"href":"https:\/\/moverdb.com\/tr\/wp-json\/wp\/v2\/comments?post=437"}],"version-history":[{"count":12,"href":"https:\/\/moverdb.com\/tr\/wp-json\/wp\/v2\/pages\/437\/revisions"}],"predecessor-version":[{"id":6221,"href":"https:\/\/moverdb.com\/tr\/wp-json\/wp\/v2\/pages\/437\/revisions\/6221"}],"wp:attachment":[{"href":"https:\/\/moverdb.com\/tr\/wp-json\/wp\/v2\/media?parent=437"}],"curies":[{"name":"wp","href":"https:\/\/api.w.org\/{rel}","templated":true}]}}