{"id":436,"date":"2016-06-12T14:04:20","date_gmt":"2016-06-12T14:04:20","guid":{"rendered":"http:\/\/moverdb.com\/?page_id=436"},"modified":"2026-01-08T14:47:42","modified_gmt":"2026-01-08T14:47:42","slug":"aima","status":"publish","type":"page","link":"https:\/\/moverdb.com\/tr\/aima\/","title":{"rendered":"Avustralya Uluslararas\u0131 Ta\u015f\u0131mac\u0131lar Birli\u011fi (AIMA) A\u00e7\u0131klamas\u0131"},"content":{"rendered":"<p>Avustralya Uluslararas\u0131 Ta\u015f\u0131mac\u0131lar Birli\u011fi (AIMA), kendisini uluslararas\u0131 ta\u015f\u0131mac\u0131lar i\u00e7in profesyonel bir forum olarak tan\u0131mlamaktad\u0131r. <a href=\"https:\/\/moverdb.com\/tr\/international-removals\/\" data-internallinksmanager029f6b8e52c=\"27\" title=\"36 \u0130ngiltere&#039;deki En \u0130yi Uluslararas\u0131 Nakliye \u015eirketleri\">uluslararasi ta\u015fimacilik<\/a> end\u00fcstri. \u00dcyeler a\u015fa\u011f\u0131dakilere sahip olmal\u0131d\u0131r <a href=\"https:\/\/moverdb.com\/tr\/fidi-faim\/\">FIDI\/FAIM<\/a> veya mali b\u00fct\u00fcnl\u00fck gereklilikleri de dahil olmak \u00fczere kat\u0131 \u00fcyelik kriterlerini kar\u015f\u0131lamal\u0131d\u0131r.<\/p>\n<p><strong>AIMA hakk\u0131nda \u00f6nemli bilgiler:<\/strong><\/p>\n<ol>\n<li>  1975'te kurulmu\u015ftur.<\/li>\n<li>  Yakla\u015f\u0131k 60 \u00fcyesi bulunmaktad\u0131r. <a href=\"https:\/\/moverdb.com\/tr\/moving-to-australia\/living-in-australia\/\" data-internallinksmanager029f6b8e52c=\"240\" title=\"Avustralya&#039;da Ya\u015famak Hakk\u0131nda Ta\u015f\u0131nmadan \u00d6nce Bilmeniz Gereken 21 S\u0131r\">Avustralya<\/a>.<\/li>\n<li>  AIMA Avustralya'daki ta\u015f\u0131ma sekt\u00f6r\u00fcn\u00fc temsil eder ve \u00fclke d\u0131\u015f\u0131ndan \u00fcye \u00e7ekmez. Ancak, a\u015fa\u011f\u0131daki i\u015fleri yapan Avustralyal\u0131 \u015firketleri kapsar <a href=\"https:\/\/moverdb.com\/tr\/tasinma-si%cc%87rketleri%cc%87\/\">uluslararasi ta\u015finmalar<\/a>.<\/li>\n<li>  T\u00fcrkiye'nin en b\u00fcy\u00fck <a href=\"https:\/\/moverdb.com\/tr\/fidi-faim\/\" data-internallinksmanager029f6b8e52c=\"16\" title=\"FIDI &amp; FAIM (FIDI Akredite Uluslararas\u0131 Ta\u015f\u0131mac\u0131) A\u00e7\u0131klamas\u0131\">FIDI<\/a> Avustralya'da Dernek.<\/li>\n<li>  \u00dcyelerin kat\u0131lmak i\u00e7in FIDI\/FAIM sertifikalar\u0131na sahip olmalar\u0131 gerekmez.<\/li>\n<li>  AIMA, FIDI'ye ba\u011fl\u0131 kurulu\u015flar\u0131 temsil eder <a href=\"https:\/\/moverdb.com\/tr\/moving-companies\/australia-moving-companies\/\" data-internallinksmanager029f6b8e52c=\"176\" title=\"Avustralya&#039;daki En \u0130yi 17 Uluslararas\u0131 Nakliye \u015eirketi\">Avustralya'da nakliyeciler<\/a> 'FIDI Derne\u011fi' olarak her y\u0131l d\u00fczenlenen FIDI Kongresi ve Genel Kurulu'na delegeler g\u00f6nderir.<\/li>\n<\/ol>\n<p><strong>Avustralya Uluslararas\u0131 Ta\u015f\u0131mac\u0131lar Birli\u011fi profili:<\/strong><\/p>\n<p>AIMA'n\u0131n misyonu, Avustralya ta\u015f\u0131mac\u0131l\u0131k sekt\u00f6r\u00fcn\u00fcn kendi kendini y\u00f6netmesine, hizmetlerini geli\u015ftirmesine, m\u00fc\u015fterilerin daha iyi hizmet almas\u0131n\u0131 sa\u011flamas\u0131na, kamu \u00e7\u0131karlar\u0131n\u0131 korumas\u0131na ve sekt\u00f6re h\u00fck\u00fcmetle bir b\u00fct\u00fcn olarak hareket etme imkan\u0131 vermesine olanak tan\u0131makt\u0131r. <\/p>\n<p>AIMA ayr\u0131ca ba\u011f\u0131ms\u0131z bir ihtilaf mahkemesi de sa\u011flamaktad\u0131r. Avustralya'da tan\u0131nan FIDI derne\u011fidir, bu da FIDI\/FAIM'e sahip nakliyecilerin otomatik olarak AIMA'ya kat\u0131lmaya uygun oldu\u011fu anlam\u0131na gelir. Avustralya <a href=\"https:\/\/moverdb.com\/tr\/moving-companies\/\" data-internallinksmanager029f6b8e52c=\"79\" title=\"\u00c7evrimi\u00e7i En \u0130yi 25 Uluslararas\u0131 Nakliye \u015eirketi\">ta\u015finma \u015fi\u0307rketleri\u0307<\/a> FAIM'e sahip olmayanlar da AIMA \u00fcyeli\u011fi i\u00e7in uygundur, ancak uzmanl\u0131k bilgilerini, kaynaklar\u0131n\u0131, deneyimlerini ve mali durumlar\u0131n\u0131 \u00f6l\u00e7en kriterleri kar\u015f\u0131lamalar\u0131 gerekir. <\/p>\n<p>Sadece AIMA \u00fcyeleri AIMA ihtilaf mahkemesi s\u00fcrecine tabidir.<\/p>\n<p><strong>\u00dcyelik i\u00e7in kriterler:<\/strong><\/p>\n<p>AIMA'n\u0131n kat\u0131 \u00fcyelik kriterleri aras\u0131nda operasyonel kabiliyetlerin ve mali b\u00fct\u00fcnl\u00fc\u011f\u00fcn do\u011frulanmas\u0131 yer almaktad\u0131r. Bu kriterlerin detaylar\u0131 web sitesinde payla\u015f\u0131lmamaktad\u0131r.<\/p>\n<p>Halihaz\u0131rda FIDI\/FAIM \u00fcyesi olan \u015firketler otomatik olarak \u00fcyelik hakk\u0131na sahiptir.<\/p>\n<p><strong>\u00dcye \u015eirketler<\/strong><\/p>\n<ul>\n<li> <a href=\"https:\/\/moverdb.com\/tr\/conroy-removals\/\">Conroy Removals<\/a><\/li>\n<\/ul>\n<p><strong>AIMA hakk\u0131ndaki g\u00f6r\u00fc\u015fler:<\/strong><\/p>\n<p>AIMA, bir ta\u015f\u0131nma i\u015fleminin m\u00fcmk\u00fcn olan en y\u00fcksek standartlarda ger\u00e7ekle\u015ftirilece\u011fine dair g\u00fcvence sunan bir dizi uluslararas\u0131 nakliyeci kurulu\u015fundan biri olarak g\u00f6r\u00fclmektedir. Bu, bir nakliye \u015firketinin uygun niteliklere sahip oldu\u011funa ve yerel en iyi uygulama olarak g\u00f6r\u00fclen konularda g\u00fcncel oldu\u011funa dair bir g\u00fcvencedir. <\/p>\n<p>Baz\u0131 i\u015fletmeler web sitelerinde AIMA'y\u0131 FIDI gibi di\u011ferlerinin yan\u0131nda bir kalite i\u015fareti olan uluslararas\u0131 bir akreditasyon olarak listelemektedir. Ancak, di\u011fer \u00fclkelerdeki benzer kurulu\u015flar kadar \u00e7ok \u00fcyesi olmad\u0131\u011f\u0131 i\u00e7in AIMA'n\u0131n eri\u015fimi olduk\u00e7a s\u0131n\u0131rl\u0131d\u0131r.<\/p>\n<p>Burada <a href=\"http:\/\/vandijktrack.com\/mim\/\" target=\"_blank\" rel=\"noopener\">bir olumsuz web sitesi<\/a> bir m\u00fc\u015fterinin bir AIMA \u00fcyesiyle anla\u015fmazl\u0131k i\u00e7inde oldu\u011funu ve anla\u015fmazl\u0131kla ilgili bir sonu\u00e7 alman\u0131n \u00f6nemli bir zaman ald\u0131\u011f\u0131n\u0131 g\u00f6sterir. <\/p>\n<p>Bu ki\u015fi, AIMA akreditasyonunu bir kalite g\u00f6stergesi olarak \u00e7ok ciddiye almayacaklar\u0131n\u0131 belirtmektedir. Bununla birlikte, web sitesinde AIMA'n\u0131n kendilerine yard\u0131m sa\u011flad\u0131\u011f\u0131 ve anla\u015fmazl\u0131\u011f\u0131n 2010'dan beri g\u00fcncellenmedi\u011fi belirtilmektedir, bu da anla\u015fmazl\u0131\u011f\u0131n ele al\u0131nd\u0131\u011f\u0131n\u0131 g\u00f6stermektedir.<\/p>\n<blockquote><p>Bu nedenle, uluslararas\u0131 ta\u015f\u0131nma i\u015flemlerini ger\u00e7ekle\u015ftirmek i\u00e7in bir AIMA \u00fcyesini se\u00e7en kamu \u00fcyeleri bunu g\u00fcvenle yapabilirler.<\/p><\/blockquote>\n<p>- <a href=\"http:\/\/www.ossworldwidemovers.com\/australian-international-movers-association\" target=\"_blank\" rel=\"noopener\">OSS D\u00fcnya \u00c7ap\u0131nda Ta\u015f\u0131y\u0131c\u0131lar<\/a><\/p>\n<blockquote><p>Avustralya Uluslararas\u0131 Ta\u015f\u0131mac\u0131lar Birli\u011fi (AIMA) - \u00dcyelerin g\u00fcncel en iyi sekt\u00f6r uygulamalar\u0131 konusunda yeterli niteliklere sahip olmas\u0131n\u0131 sa\u011flar.<\/p><\/blockquote>\n<p>- <a href=\"http:\/\/www.internationalremovalsaustralia.com.au\/why-choose-us\" target=\"_blank\" rel=\"noopener\">KeysBros Ta\u015f\u0131nma \u00c7\u00f6z\u00fcmleri<\/a><\/p>\n<p><strong>Web sitesi:<\/strong> <a href=\"http:\/\/aima.com.au\/\" target=\"_blank\" rel=\"noopener\">http:\/\/aima.com.au\/<\/a><\/p>\n<h2>Avustralya i\u00e7in Di\u011fer Faydal\u0131 Rehberler<\/h2>\n<ul>\n<li> <a href=\"https:\/\/moverdb.com\/tr\/konteyner-tasimaciligi\/avustralya\/\">2024 Avustralya'ya ve Avustralya'dan Deniz Ta\u015f\u0131mac\u0131l\u0131\u011f\u0131 Konteyner Nakliye Fiyatlar\u0131<\/a><\/li>\n<li> <a href=\"https:\/\/moverdb.com\/tr\/tasinma-si%cc%87rketleri%cc%87\/avustralya-tasinma-sirketleri\/\">Avustralya'daki En \u0130yi 17 Uluslararas\u0131 Nakliye \u015eirketi<\/a><\/li>\n<li> <a href=\"https:\/\/moverdb.com\/tr\/uluslararasi-para-transfer-hizmetleri\/money-transfer-companies-australia\/\">Avustralya'daki En \u0130yi 10 Para Transferi \u015eirketi<\/a><\/li>\n<li> <a href=\"https:\/\/moverdb.com\/tr\/avustralyaya-tasinma\/\">Avustralya'ya Ta\u015f\u0131nmak m\u0131? 2024 Ya\u015fam Maliyetleri ve Yer De\u011fi\u015ftirme \u0130pu\u00e7lar\u0131<\/a><\/li>\n<li> <a href=\"https:\/\/moverdb.com\/tr\/avustralyaya-tasinma\/best-places-to-live-australia\/\">Avustralya'da Ya\u015fanacak En \u0130yi 13 Yer<\/a><\/li>\n<li> <a href=\"https:\/\/moverdb.com\/tr\/avustralyaya-tasinma\/avustralyada-yasamak\/\">Avustralya'da Ya\u015famak Hakk\u0131nda Ta\u015f\u0131nmadan \u00d6nce Bilmeniz Gereken 21 S\u0131r<\/a><\/li>\n<li> <a href=\"https:\/\/moverdb.com\/tr\/avustralyaya-tasinma\/moving-to-perth\/\">Perth'e mi ta\u015f\u0131n\u0131yorsunuz? 2024 Ya\u015fam Maliyetleri &amp; Yer De\u011fi\u015ftirme \u0130pu\u00e7lar\u0131<\/a><\/li>\n<li> <a href=\"https:\/\/moverdb.com\/tr\/avustralyaya-tasinma\/moving-to-australia-from-the-us\/\">Amerika Birle\u015fik Devletleri'nden Avustralya'ya Ta\u015f\u0131nma<\/a><\/li>\n<li> <a href=\"https:\/\/moverdb.com\/tr\/konteyner-tasimaciligi\/to-australia-from-the-united-states\/\">Amerika Birle\u015fik Devletleri'nden Avustralya'ya Konteyner Nakliyesi Maliyetleri<\/a><\/li>\n<li> <a href=\"https:\/\/moverdb.com\/tr\/avustralyaya-tasinma\/moving-to-australia-from-the-uk\/\">Birle\u015fik Krall\u0131k'tan Avustralya'ya ta\u015f\u0131nmak<\/a><\/li>\n<li> <a href=\"https:\/\/moverdb.com\/tr\/konteyner-tasimaciligi\/to-australia-from-the-uk\/\">\u0130ngiltere'den Avustralya'ya Konteyner Nakliyesi Maliyetleri ve S\u00fcreleri<\/a><\/li>\n<li> <a href=\"https:\/\/moverdb.com\/tr\/avustralyaya-tasinma\/moving-to-australia-from-bahrain\/\">Bahreyn'den Avustralya'ya Ta\u015f\u0131nma<\/a><\/li>\n<li> <a href=\"https:\/\/moverdb.com\/tr\/avustralyaya-tasinma\/moving-to-australia-from-the-uae\/\">Dubai ve BAE'den Avustralya'ya ta\u015f\u0131nmak<\/a><\/li>\n<li> <a href=\"https:\/\/moverdb.com\/tr\/konteyner-tasimaciligi\/to-australia-from-dubai\/\">Dubai'den Avustralya'ya Konteyner Nakliye Maliyetleri ve S\u00fcreleri<\/a><\/li>\n<li> <a href=\"https:\/\/moverdb.com\/tr\/konteyner-tasimaciligi\/to-australia-from-uae\/\">BAE'den Avustralya'ya Konteyner Nakliyesi Maliyetleri ve S\u00fcreleri<\/a><\/li>\n<li> <a href=\"https:\/\/moverdb.com\/tr\/avustralyaya-tasinma\/moving-to-australia-from-kuwait\/\">Kuveyt'ten Avustralya'ya Ta\u015f\u0131nma<\/a><\/li>\n<li> <a href=\"https:\/\/moverdb.com\/tr\/avustralyaya-tasinma\/moving-to-australia-from-qatar\/\">Katar'dan Avustralya'ya Ta\u015f\u0131nma<\/a><\/li>\n<li> <a href=\"https:\/\/moverdb.com\/tr\/konteyner-tasimaciligi\/to-australia-from-qatar\/\">Katar'dan Avustralya'ya Konteyner Nakliye Maliyetleri ve S\u00fcreleri<\/a><\/li>\n<li> <a href=\"https:\/\/moverdb.com\/tr\/avustralyaya-tasinma\/moving-to-australia-from-singapore\/\">Singapur'dan Avustralya'ya Ta\u015f\u0131nma<\/a><\/li>\n<li> <a href=\"https:\/\/moverdb.com\/tr\/konteyner-tasimaciligi\/to-australia-from-singapore\/\">Singapur'dan Avustralya'ya Konteyner Nakliye Maliyetleri ve S\u00fcreleri<\/a><\/li>\n<li> <a href=\"https:\/\/moverdb.com\/tr\/avustralyaya-tasinma\/moving-to-australia-from-south-africa\/\">G\u00fcney Afrika'dan Avustralya'ya Ta\u015f\u0131nma<\/a><\/li>\n<li> <a href=\"https:\/\/moverdb.com\/tr\/konteyner-tasimaciligi\/to-australia-from-canada\/\">Kanada'dan Avustralya'ya Konteyner Nakliye Maliyetleri<\/a><\/li>\n<li> <a href=\"https:\/\/moverdb.com\/tr\/konteyner-tasimaciligi\/to-australia-from-new-zealand\/\">Yeni Zelanda'dan Avustralya'ya Konteyner Nakliye Maliyetleri<\/a><\/li>\n<li> <a href=\"https:\/\/moverdb.com\/tr\/avustralyaya-tasinma\/moving-to-hobart\/\">Hobart'a m\u0131 ta\u015f\u0131n\u0131yorsunuz? 2024 Ya\u015fam Maliyetleri &amp; Yer De\u011fi\u015ftirme \u0130pu\u00e7lar\u0131<\/a><\/li>\n<li> <a href=\"https:\/\/moverdb.com\/tr\/avustralyaya-tasinma\/moving-to-gold-coast\/\">Gold Coast'a m\u0131 Ta\u015f\u0131n\u0131yorsunuz? 2024 Ya\u015fam Maliyetleri &amp; Yer De\u011fi\u015ftirme \u0130pu\u00e7lar\u0131<\/a><\/li>\n<li> <a href=\"https:\/\/moverdb.com\/tr\/avustralyaya-tasinma\/moving-to-melbourne\/\">Melbourne'e mi ta\u015f\u0131n\u0131yorsunuz? 2024 Ya\u015fam Maliyetleri &amp; Yer De\u011fi\u015ftirme \u0130pu\u00e7lar\u0131<\/a><\/li>\n<\/ul>","protected":false},"excerpt":{"rendered":"<p>The Australian International Movers Association (AIMA) describes itself as a professional forum for the international removals industry. Members must hold FIDI\/FAIM or meet strict membership criteria, including requirements for financial integrity. Key facts about AIMA: It was established in 1975. It has around 60 members in Australia. AIMA represents the moving industry in Australia and [&hellip;]<\/p>\n","protected":false},"author":1,"featured_media":0,"parent":0,"menu_order":0,"comment_status":"closed","ping_status":"closed","template":"","meta":{"_genesis_hide_title":false,"_genesis_hide_breadcrumbs":false,"_genesis_hide_singular_image":false,"_genesis_hide_footer_widgets":false,"_genesis_custom_body_class":"","_genesis_custom_post_class":"","_genesis_layout":"","footnotes":""},"class_list":{"0":"post-436","1":"page","2":"type-page","3":"status-publish","5":"entry"},"_links":{"self":[{"href":"https:\/\/moverdb.com\/tr\/wp-json\/wp\/v2\/pages\/436","targetHints":{"allow":["GET"]}}],"collection":[{"href":"https:\/\/moverdb.com\/tr\/wp-json\/wp\/v2\/pages"}],"about":[{"href":"https:\/\/moverdb.com\/tr\/wp-json\/wp\/v2\/types\/page"}],"author":[{"embeddable":true,"href":"https:\/\/moverdb.com\/tr\/wp-json\/wp\/v2\/users\/1"}],"replies":[{"embeddable":true,"href":"https:\/\/moverdb.com\/tr\/wp-json\/wp\/v2\/comments?post=436"}],"version-history":[{"count":9,"href":"https:\/\/moverdb.com\/tr\/wp-json\/wp\/v2\/pages\/436\/revisions"}],"predecessor-version":[{"id":17998,"href":"https:\/\/moverdb.com\/tr\/wp-json\/wp\/v2\/pages\/436\/revisions\/17998"}],"wp:attachment":[{"href":"https:\/\/moverdb.com\/tr\/wp-json\/wp\/v2\/media?parent=436"}],"curies":[{"name":"wp","href":"https:\/\/api.w.org\/{rel}","templated":true}]}}