{"id":435,"date":"2016-06-12T14:17:13","date_gmt":"2016-06-12T14:17:13","guid":{"rendered":"http:\/\/moverdb.com\/?page_id=435"},"modified":"2026-01-08T14:47:40","modified_gmt":"2026-01-08T14:47:40","slug":"afra","status":"publish","type":"page","link":"https:\/\/moverdb.com\/tr\/afra\/","title":{"rendered":"Avustralya Mobilya S\u00f6k\u00fcc\u00fcler Birli\u011fi (AFRA) A\u00e7\u0131klamas\u0131"},"content":{"rendered":"<p>Avustralya Mobilya Ta\u015f\u0131mac\u0131lar\u0131 Birli\u011fi (AFRA), kendisini Avustralya'daki ta\u015f\u0131mac\u0131l\u0131k sekt\u00f6r\u00fcn\u00fcn hem temsilcisi hem de d\u00fczenleyicisi olarak tan\u0131mlamaktad\u0131r. <a href=\"https:\/\/moverdb.com\/tr\/moving-to-australia\/living-in-australia\/\" data-internallinksmanager029f6b8e52c=\"240\" title=\"Avustralya&#039;da Ya\u015famak Hakk\u0131nda Ta\u015f\u0131nmadan \u00d6nce Bilmeniz Gereken 21 S\u0131r\">Avustralya<\/a>. <\/p>\n<p>Avustralya i\u00e7inde geni\u015f bir co\u011frafi eri\u015fime sahiptir ve genellikle bir kalite i\u015fareti olarak g\u00f6sterilir.<\/p>\n<p><strong>AFRA hakk\u0131nda \u00f6nemli bilgiler:<\/strong><\/p>\n<ol>\n<li>  Halihaz\u0131rda yakla\u015f\u0131k 350 mobilya s\u00f6k\u00fcm ve ili\u015fkili \u015firket AFRA \u00fcyesidir.<\/li>\n<li>  AFRA \u00fcyeli\u011fi Avustralya'n\u0131n hemen hemen her b\u00f6lgesini kapsar - ancak uluslararas\u0131 yerleri kapsamaz.<\/li>\n<li>  Denetim, AFRA \u00fcyelerinin d\u00fczenli olarak ge\u00e7mesi gereken bir s\u00fcre\u00e7tir. \u00dcyelik ba\u015fvurusuyla birlikte bir ilk denetim yap\u0131lmakta, bunu \u00fcyeli\u011fe kabul edildikten 12 ay sonra bir denetim ve daha sonra da her d\u00f6rt y\u0131lda bir denetim takip etmektedir. Denetimler, \u00fcyelerin temel gerekliliklere uymad\u0131\u011f\u0131n\u0131 ortaya \u00e7\u0131kar\u0131rsa, AFRA \u00fcyelerine kar\u015f\u0131 disiplin i\u015flemi ba\u015flatmadan \u00f6nce bunu d\u00fczeltmek i\u00e7in 21 g\u00fcnl\u00fck bir s\u00fcre vard\u0131r.<\/li>\n<li>  AFRA \u00fcyeli\u011fi, tek kamyon sahibi taraf\u0131ndan i\u015fletilen k\u00fc\u00e7\u00fck \u015firketlerden, hem Avustralya'da hem de Avustralya'da bir\u00e7ok \u015fubesi olan b\u00fcy\u00fck \u00e7ok uluslu \u015firketlere kadar \u00e7e\u015fitlilik g\u00f6stermektedir. <a href=\"https:\/\/moverdb.com\/tr\/tasinma-si%cc%87rketleri%cc%87\/\">deniza\u015f\u0131r\u0131<\/a>.<\/li>\n<li>  AFRA'n\u0131n \u00fcyelerin yerine getirmesi gereken baz\u0131 temel gereklilikleri vard\u0131r ve bunlar tesislerden personele, ara\u00e7lara, ekipmana ve sigortaya kadar her \u015feyle ilgili kapsaml\u0131 gerekliliklerdir.<\/li>\n<li>  \u015eikayetler veya talepler \u00fcyeler taraf\u0131ndan \u00e7\u00f6z\u00fclmezse, m\u00fc\u015fteri taraf\u0131ndan AFRA'ya y\u00f6nlendirilebilir.<\/li>\n<li>  T\u00fcm AFRA \u00fcyeleri Kamu Sorumluluk Sigortas\u0131 ta\u015f\u0131r ve ta\u015f\u0131nan t\u00fcm mal ve e\u015fyalar i\u00e7in Transit Sigortas\u0131 sa\u011flama yetkisine sahiptir.<\/li>\n<\/ol>\n<p><strong>Avustralya Mobilya S\u00f6k\u00fcc\u00fcler Derne\u011fi profili:<\/strong><\/p>\n<p>AFRA, t\u00fcketicilere g\u00f6stermek i\u00e7in g\u00fcvenilir bir kalite i\u015fareti arayan \u00fcyelere akreditasyon sa\u011flayan resmi bir nakliye uzmanlar\u0131 kurulu\u015fudur. <\/p>\n<p>Yaln\u0131zca profesyonel bir ta\u015f\u0131nmay\u0131 tamamlamak i\u00e7in do\u011fru ekipmana, ara\u00e7lara, tesislere ve personel e\u011fitimine sahip olan nakliyeciler AFRA \u00fcyelik akreditasyonu alacakt\u0131r. Akreditasyon al\u0131nd\u0131ktan sonra kurulu\u015f, standartlar\u0131n d\u00fc\u015fmedi\u011finden emin olmak i\u00e7in \u00fcyelerini de\u011ferlendirmeye devam eder. <\/p>\n<p>AFRA'n\u0131n \u00fcyelerinden talep etti\u011fi \u015fartlar, finansal koruma ve iyi hizmet gibi fakt\u00f6rler a\u00e7\u0131s\u0131ndan nakliye sekt\u00f6r\u00fcn\u00fc t\u00fcketiciler i\u00e7in daha iyi bir yer haline getirmeyi ama\u00e7lamaktad\u0131r. AFRA sadece Avustralyal\u0131 \u015firketlere \u00fcyelik sunmaktad\u0131r, ancak bu \u015firketler Avustralya i\u00e7inde veya d\u0131\u015f\u0131nda ta\u015f\u0131nan m\u00fc\u015fterilere hizmet veriyor olabilirler. <a href=\"https:\/\/moverdb.com\/tr\/uluslararasi-tasimalar\/\">deniza\u015f\u0131r\u0131<\/a>. <\/p>\n<p>\u00dcyelik avantajlar\u0131n\u0131n bir par\u00e7as\u0131 olarak AFRA, \u00fcyelerine e\u011fitim, bilgi ve rehberlik sunman\u0131n yan\u0131 s\u0131ra sekt\u00f6r\u00fc etkileyen en son haberler ve de\u011fi\u015fiklikler hakk\u0131nda bir kaynak sa\u011flar.<\/p>\n<p><strong>\u00dcyelik i\u00e7in kriterler:<\/strong><\/p>\n<p>\u00dcyelik kriterleri web sitesinde de\u011fil, (yine web sitesinde bulunmayan) ba\u015fvuru formunda yer almaktad\u0131r. \u00dcyelik paketi \u015fu adresten temin edilebilir <a href=\"mailto:admin@afra.com.au\">admin@afra.com.au<\/a>.<\/p>\n<p>Her \u015firket, \u00fcyelik verilmeden \u00f6nce bir denetime tabi tutulacakt\u0131r.<\/p>\n<p><strong>\u00dcye \u015firketler<\/strong><\/p>\n<ul>\n<li> <a href=\"https:\/\/moverdb.com\/tr\/conroy-removals\/\">Conroy Removals<\/a><\/li>\n<\/ul>\n<p><strong>AFRA hakk\u0131ndaki g\u00f6r\u00fc\u015fler:<\/strong><\/p>\n<p>AFRA, kaliteli bir i\u015fletmenin g\u00f6stergesi olarak g\u00f6r\u00fclmekte ve h\u00fck\u00fcmet web siteleri taraf\u0131ndan bir nakliyecinin bir ta\u015f\u0131nmay\u0131 ger\u00e7ekle\u015ftirmek i\u00e7in do\u011fru kaynaklara, standartlara ve becerilere sahip olmas\u0131n\u0131 sa\u011flaman\u0131n bir yolu olarak \u00f6nerilmektedir. <\/p>\n<p>AFRA'n\u0131n yaln\u0131zca profesyonel olarak ta\u015f\u0131nma i\u015flemini ger\u00e7ekle\u015ftirebilecek ki\u015fileri onaylamas\u0131n\u0131n yan\u0131 s\u0131ra AFRA \u00fcyelerinin \u00e7e\u015fitli sigortalar gibi korumalara sahip olmas\u0131 gereklili\u011fi de \u00f6nemli g\u00f6r\u00fcl\u00fcyor. <\/p>\n<p>Bir i\u015fletmenin AFRA \u00fcyesi olmas\u0131n\u0131n, m\u00fc\u015fterilerine AFRA bilgilerine eri\u015fme ve uyu\u015fmazl\u0131klar\u0131n \u00e7\u00f6z\u00fcm\u00fc hizmetinin g\u00fcvencesine sahip olma \u015fans\u0131 verdi\u011fi belirtilmektedir. \u00c7evrimi\u00e7i g\u00f6r\u00fc\u015f, \"t\u00fcm b\u00fcy\u00fck ulusal <a href=\"https:\/\/moverdb.com\/tr\/international-removals\/\" data-internallinksmanager029f6b8e52c=\"27\" title=\"36 \u0130ngiltere&#039;deki En \u0130yi Uluslararas\u0131 Nakliye \u015eirketleri\">nakli\u0307ye \u015fi\u0307rketleri\u0307<\/a> AFRA idealine ba\u011fl\u0131y\u0131z.\" <\/p>\n<p>Bir AFRA \u00fcyesi s\u00f6k\u00fcc\u00fc kullanmak, bir AFRA \u00fcyesi taraf\u0131ndan sa\u011flanan ta\u015f\u0131nma ipu\u00e7lar\u0131ndan biridir. <a href=\"https:\/\/www.allianz.com.au\/home-insurance\/news\/6-tips-on-how-to-hire-the-best-removalists\" target=\"_blank\" rel=\"noopener\">b\u00fcy\u00fck fi\u0307nansal hi\u0307zmetler \u015fi\u0307rketi\u0307<\/a>Bu da Avustralya yasalar\u0131n\u0131n nakliyecilerin sigorta yapt\u0131rmas\u0131n\u0131 zorunlu k\u0131lmad\u0131\u011f\u0131n\u0131 ancak AFRA'n\u0131n zorunlu k\u0131ld\u0131\u011f\u0131n\u0131 ortaya koyuyor. Ayr\u0131ca AFRA \u00fcyelerinin en son geli\u015fmelerden haberdar olmalar\u0131na ve asgari standartlara tabi tutulmalar\u0131na de\u011fer vermektedir.<\/p>\n<blockquote><p>AFRA taraf\u0131ndan akredite edilen nakliyeciler, profesyonel bir ta\u015f\u0131nmay\u0131 tamamlamak i\u00e7in gereken ekipman, ara\u00e7, tesis ve personel e\u011fitimi ile ilgili belirli standartlar\u0131 kar\u015f\u0131lamal\u0131d\u0131r.<\/p><\/blockquote>\n<p>- <a href=\"http:\/\/www.fairtrading.nsw.gov.au\/ftw\/Consumers\/Buying_services\/Hiring_a_removalist.page\" target=\"_blank\" rel=\"noopener\">NSW H\u00fck\u00fcmeti<\/a><\/p>\n<blockquote><p>AFRA, Avustralya'daki nakliyat uzmanlar\u0131ndan olu\u015fan ve nakliyat sekt\u00f6r\u00fcn\u00fcn d\u00fczenlenmesine yard\u0131mc\u0131 olan resmi bir kurumdur. AFRA, yaln\u0131zca profesyonel bir ta\u015f\u0131nmay\u0131 tamamlamak i\u00e7in gerekli ekipmana, ara\u00e7lara, tesislere ve personel e\u011fitimine sahip olan nakliyecileri akredite eder.<\/p><\/blockquote>\n<p>- <a href=\"http:\/\/www.ashtons.com.au\/afra-accreditation.html\" target=\"_blank\" rel=\"noopener\">Ashtons Nakliyat<\/a><\/p>\n<p><strong>Web sitesi:<\/strong> <a href=\"http:\/\/www.afra.com.au\/\" target=\"_blank\" rel=\"noopener\">http:\/\/www.afra.com.au\/<\/a><\/p>\n<h2>Avustralya i\u00e7in Di\u011fer Faydal\u0131 Rehberler<\/h2>\n<ul>\n<li> <a href=\"https:\/\/moverdb.com\/tr\/konteyner-tasimaciligi\/avustralya\/\">2024 Avustralya'ya ve Avustralya'dan Deniz Ta\u015f\u0131mac\u0131l\u0131\u011f\u0131 Konteyner Nakliye Fiyatlar\u0131<\/a><\/li>\n<li> <a href=\"https:\/\/moverdb.com\/tr\/tasinma-si%cc%87rketleri%cc%87\/avustralya-tasinma-sirketleri\/\">Avustralya'daki En \u0130yi 17 Uluslararas\u0131 Nakliye \u015eirketi<\/a><\/li>\n<li> <a href=\"https:\/\/moverdb.com\/tr\/uluslararasi-para-transfer-hizmetleri\/money-transfer-companies-australia\/\">Avustralya'daki En \u0130yi 10 Para Transferi \u015eirketi<\/a><\/li>\n<li> <a href=\"https:\/\/moverdb.com\/tr\/avustralyaya-tasinma\/\">Avustralya'ya Ta\u015f\u0131nmak m\u0131? 2024 Ya\u015fam Maliyetleri ve Yer De\u011fi\u015ftirme \u0130pu\u00e7lar\u0131<\/a><\/li>\n<li> <a href=\"https:\/\/moverdb.com\/tr\/avustralyaya-tasinma\/best-places-to-live-australia\/\">Avustralya'da Ya\u015fanacak En \u0130yi 13 Yer<\/a><\/li>\n<li> <a href=\"https:\/\/moverdb.com\/tr\/avustralyaya-tasinma\/avustralyada-yasamak\/\">Avustralya'da Ya\u015famak Hakk\u0131nda Ta\u015f\u0131nmadan \u00d6nce Bilmeniz Gereken 21 S\u0131r<\/a><\/li>\n<li> <a href=\"https:\/\/moverdb.com\/tr\/avustralyaya-tasinma\/moving-to-australia-from-the-us\/\">Amerika Birle\u015fik Devletleri'nden Avustralya'ya Ta\u015f\u0131nma<\/a><\/li>\n<li> <a href=\"https:\/\/moverdb.com\/tr\/konteyner-tasimaciligi\/to-australia-from-the-united-states\/\">Amerika Birle\u015fik Devletleri'nden Avustralya'ya Konteyner Nakliyesi Maliyetleri<\/a><\/li>\n<li> <a href=\"https:\/\/moverdb.com\/tr\/avustralyaya-tasinma\/moving-to-australia-from-the-uk\/\">Birle\u015fik Krall\u0131k'tan Avustralya'ya ta\u015f\u0131nmak<\/a><\/li>\n<li> <a href=\"https:\/\/moverdb.com\/tr\/konteyner-tasimaciligi\/to-australia-from-the-uk\/\">\u0130ngiltere'den Avustralya'ya Konteyner Nakliyesi Maliyetleri ve S\u00fcreleri<\/a><\/li>\n<li> <a href=\"https:\/\/moverdb.com\/tr\/avustralyaya-tasinma\/moving-to-australia-from-bahrain\/\">Bahreyn'den Avustralya'ya Ta\u015f\u0131nma<\/a><\/li>\n<li> <a href=\"https:\/\/moverdb.com\/tr\/avustralyaya-tasinma\/moving-to-australia-from-the-uae\/\">Dubai ve BAE'den Avustralya'ya ta\u015f\u0131nmak<\/a><\/li>\n<li> <a href=\"https:\/\/moverdb.com\/tr\/konteyner-tasimaciligi\/to-australia-from-dubai\/\">Dubai'den Avustralya'ya Konteyner Nakliye Maliyetleri ve S\u00fcreleri<\/a><\/li>\n<li> <a href=\"https:\/\/moverdb.com\/tr\/konteyner-tasimaciligi\/to-australia-from-uae\/\">BAE'den Avustralya'ya Konteyner Nakliyesi Maliyetleri ve S\u00fcreleri<\/a><\/li>\n<li> <a href=\"https:\/\/moverdb.com\/tr\/avustralyaya-tasinma\/moving-to-australia-from-kuwait\/\">Kuveyt'ten Avustralya'ya Ta\u015f\u0131nma<\/a><\/li>\n<li> <a href=\"https:\/\/moverdb.com\/tr\/avustralyaya-tasinma\/moving-to-australia-from-qatar\/\">Katar'dan Avustralya'ya Ta\u015f\u0131nma<\/a><\/li>\n<li> <a href=\"https:\/\/moverdb.com\/tr\/konteyner-tasimaciligi\/to-australia-from-qatar\/\">Katar'dan Avustralya'ya Konteyner Nakliye Maliyetleri ve S\u00fcreleri<\/a><\/li>\n<li> <a href=\"https:\/\/moverdb.com\/tr\/avustralyaya-tasinma\/moving-to-perth\/\">Perth'e mi ta\u015f\u0131n\u0131yorsunuz? 2024 Ya\u015fam Maliyetleri &amp; Yer De\u011fi\u015ftirme \u0130pu\u00e7lar\u0131<\/a><\/li>\n<li> <a href=\"https:\/\/moverdb.com\/tr\/avustralyaya-tasinma\/moving-to-australia-from-singapore\/\">Singapur'dan Avustralya'ya Ta\u015f\u0131nma<\/a><\/li>\n<li> <a href=\"https:\/\/moverdb.com\/tr\/konteyner-tasimaciligi\/to-australia-from-singapore\/\">Singapur'dan Avustralya'ya Konteyner Nakliye Maliyetleri ve S\u00fcreleri<\/a><\/li>\n<li> <a href=\"https:\/\/moverdb.com\/tr\/avustralyaya-tasinma\/moving-to-australia-from-south-africa\/\">G\u00fcney Afrika'dan Avustralya'ya Ta\u015f\u0131nma<\/a><\/li>\n<li> <a href=\"https:\/\/moverdb.com\/tr\/konteyner-tasimaciligi\/to-australia-from-canada\/\">Kanada'dan Avustralya'ya Konteyner Nakliye Maliyetleri<\/a><\/li>\n<li> <a href=\"https:\/\/moverdb.com\/tr\/konteyner-tasimaciligi\/to-australia-from-new-zealand\/\">Yeni Zelanda'dan Avustralya'ya Konteyner Nakliye Maliyetleri<\/a><\/li>\n<li> <a href=\"https:\/\/moverdb.com\/tr\/avustralyaya-tasinma\/moving-to-hobart\/\">Hobart'a m\u0131 ta\u015f\u0131n\u0131yorsunuz? 2024 Ya\u015fam Maliyetleri &amp; Yer De\u011fi\u015ftirme \u0130pu\u00e7lar\u0131<\/a><\/li>\n<li> <a href=\"https:\/\/moverdb.com\/tr\/avustralyaya-tasinma\/moving-to-gold-coast\/\">Gold Coast'a m\u0131 Ta\u015f\u0131n\u0131yorsunuz? 2024 Ya\u015fam Maliyetleri &amp; Yer De\u011fi\u015ftirme \u0130pu\u00e7lar\u0131<\/a><\/li>\n<li> <a href=\"https:\/\/moverdb.com\/tr\/avustralyaya-tasinma\/moving-to-melbourne\/\">Melbourne'e mi ta\u015f\u0131n\u0131yorsunuz? 2024 Ya\u015fam Maliyetleri &amp; Yer De\u011fi\u015ftirme \u0130pu\u00e7lar\u0131<\/a><\/li>\n<\/ul>","protected":false},"excerpt":{"rendered":"<p>The Australian Furniture Removers Association (AFRA) describes itself both as a representative of, and regulator of, the removals industry in Australia. It has broad geographic reach within Australia and is often cited as a mark of quality. Key facts about the AFRA: Currently, around 350 furniture removal and associated companies are members of AFRA. The [&hellip;]<\/p>\n","protected":false},"author":1,"featured_media":0,"parent":0,"menu_order":0,"comment_status":"closed","ping_status":"closed","template":"","meta":{"_genesis_hide_title":false,"_genesis_hide_breadcrumbs":false,"_genesis_hide_singular_image":false,"_genesis_hide_footer_widgets":false,"_genesis_custom_body_class":"","_genesis_custom_post_class":"","_genesis_layout":"","footnotes":""},"class_list":{"0":"post-435","1":"page","2":"type-page","3":"status-publish","5":"entry"},"_links":{"self":[{"href":"https:\/\/moverdb.com\/tr\/wp-json\/wp\/v2\/pages\/435","targetHints":{"allow":["GET"]}}],"collection":[{"href":"https:\/\/moverdb.com\/tr\/wp-json\/wp\/v2\/pages"}],"about":[{"href":"https:\/\/moverdb.com\/tr\/wp-json\/wp\/v2\/types\/page"}],"author":[{"embeddable":true,"href":"https:\/\/moverdb.com\/tr\/wp-json\/wp\/v2\/users\/1"}],"replies":[{"embeddable":true,"href":"https:\/\/moverdb.com\/tr\/wp-json\/wp\/v2\/comments?post=435"}],"version-history":[{"count":11,"href":"https:\/\/moverdb.com\/tr\/wp-json\/wp\/v2\/pages\/435\/revisions"}],"predecessor-version":[{"id":17997,"href":"https:\/\/moverdb.com\/tr\/wp-json\/wp\/v2\/pages\/435\/revisions\/17997"}],"wp:attachment":[{"href":"https:\/\/moverdb.com\/tr\/wp-json\/wp\/v2\/media?parent=435"}],"curies":[{"name":"wp","href":"https:\/\/api.w.org\/{rel}","templated":true}]}}