{"id":434,"date":"2016-06-05T06:20:47","date_gmt":"2016-06-05T06:20:47","guid":{"rendered":"http:\/\/moverdb.com\/?page_id=434"},"modified":"2026-01-08T14:48:22","modified_gmt":"2026-01-08T14:48:22","slug":"fidi-faim","status":"publish","type":"page","link":"https:\/\/moverdb.com\/tr\/fidi-faim\/","title":{"rendered":"FIDI &amp; FAIM (FIDI Akredite Uluslararas\u0131 Ta\u015f\u0131mac\u0131) A\u00e7\u0131klamas\u0131"},"content":{"rendered":"<p>FIDI (F\u00e9d\u00e9ration Internationale des D\u00e9m\u00e9nageurs Internationaux; The Federation of International Movers), uluslararas\u0131 ta\u015f\u0131nma ve yer de\u011fi\u015ftirme i\u015fletmelerinin k\u00fcresel bir \u015femsiye kurulu\u015fudur. <\/p>\n<p>Kendisini en kaliteli nakliyeciler i\u00e7in d\u00fcnya \u00e7ap\u0131nda bir end\u00fcstri standard\u0131 olarak tan\u0131mlayan FIDI, yaln\u0131zca uluslararas\u0131 nakliye sekt\u00f6r\u00fcne adanm\u0131\u015f bir kalite sertifikasyon program\u0131 olan FIDI Akredite Uluslararas\u0131 Nakliyeci (FAIM) Kalite Y\u00f6netim Program\u0131'na \u00f6nc\u00fcl\u00fck etmi\u015ftir.<\/p>\n<p><strong>Kurulu\u015f hakk\u0131nda \u00f6nemli bilgiler:<\/strong><\/p>\n<ol>\n<li>  FIDI a\u015fa\u011f\u0131dakileri temsil eder <strong>600 ba\u011f\u0131ms\u0131z <a href=\"https:\/\/moverdb.com\/tr\/tasinma-si%cc%87rketleri%cc%87\/\">\u015firketler<\/a><\/strong> daha fazla <strong>100 \u00fclke<\/strong>.<\/li>\n<li>  FIDI, T\u00fcrkiye'nin en b\u00fcy\u00fck \u015femsiye kurulu\u015fudur. <a href=\"https:\/\/moverdb.com\/tr\/uluslararasi-tasimalar\/\">uluslararasi ta\u015fimacilik<\/a> ve yer de\u011fi\u015ftirme \u015firketleri.<\/li>\n<li>  FIDI hem ki\u015fisel ta\u015f\u0131nma hem de ticari ta\u015f\u0131nma hizmetleri sunmaktad\u0131r.<\/li>\n<li>  T\u00fcm FIDI Ba\u011fl\u0131 Kurulu\u015flar\u0131 titiz bir FIDI-FAIM kalite standard\u0131na uymak zorundad\u0131r.<\/li>\n<li>  FIDI, sekt\u00f6rdeki en titiz standartlardan biri olarak kabul edilen FAIM Kalite Y\u00f6netim Program\u0131n\u0131 a\u015fa\u011f\u0131dakilerden daha fazlas\u0131yla sunmaktad\u0131r <strong>200 kalite gereksinimi<\/strong> hem operasyonlar hem de m\u00fc\u015fteri hizmetleri ile ilgili.<\/li>\n<li>  Her FIDI Ba\u011fl\u0131 Kurulu\u015fu, uluslararas\u0131 ta\u015f\u0131ma faaliyetlerine ili\u015fkin periyodik ba\u011f\u0131ms\u0131z bir de\u011ferlendirmeden ge\u00e7mek zorundad\u0131r. E\u011fer de\u011ferlendirmede ba\u015far\u0131s\u0131z olurlarsa, FIDI ile ili\u015fkileri kesilir.<\/li>\n<li>  T\u00fcm FIDI i\u015ftirakleri zorunlu bir R\u00fc\u015fvet ve Yolsuzlukla M\u00fccadele S\u00f6zle\u015fmesi imzalamak ve bu s\u00f6zle\u015fmeye uymak zorundad\u0131r.<\/li>\n<li>  T\u00fcm FIDI \u00fcyeleri ayn\u0131 zamanda FAIM sertifikas\u0131na da sahip olmal\u0131d\u0131r - bu sertifika i\u00e7in \u00fcyelik ile ayn\u0131 zamanda ba\u015fvurulur.<\/li>\n<li>  FAIM Plus, ISO 9001 sertifikas\u0131na sahip olanlar taraf\u0131ndan kullan\u0131labilir.<\/li>\n<\/ol>\n<p><strong>FIDI organizasyon profili<\/strong><\/p>\n<p>FIDI, i\u015ftirak\u00e7ilerine hizmetler i\u00e7in g\u00fc\u00e7l\u00fc, tan\u0131nm\u0131\u015f bir onay m\u00fchr\u00fc, artan a\u011f f\u0131rsatlar\u0131 ve bir i\u015fi b\u00fcy\u00fctme f\u0131rsat\u0131 sunan k\u00fcresel bir nakliyeciler birli\u011fidir. <\/p>\n<p>D\u00fcnyan\u0131n d\u00f6rt bir yan\u0131ndan gelen \u00fcyeleri i\u00e7in d\u00fczenli konferanslar ve e\u011fitim oturumlar\u0131 d\u00fczenlemekte ve \u00fcyelerine faturalar\u0131n\u0131n de\u011ferinin 90%'sine kadar\u0131n\u0131 korumalar\u0131na yard\u0131mc\u0131 olan bir \u00f6deme koruma plan\u0131 sunmaktad\u0131r. FIDI ayr\u0131ca \u00fcyelerini sekt\u00f6rdeki en son haberlerden haberdar edecek \u015fekilde konumlanm\u0131\u015f olup, uzman rehberli\u011fi sunan ve \u00fcyeler aras\u0131ndaki anla\u015fmazl\u0131klar\u0131 ele alan bir sekt\u00f6r paneline sahiptir. <\/p>\n<p>FIDI Akredite Uluslararas\u0131 Ta\u015f\u0131mac\u0131 (FAIM) Kalite Y\u00f6netim Program\u0131, b\u00fcy\u00fck, k\u00fc\u00e7\u00fck, \u00f6zel ve kamu sekt\u00f6rlerinin en iyileriyle isti\u015fare ve en iyi uygulamalar yoluyla geli\u015ftirilen ve ta\u015f\u0131mac\u0131l\u0131k sekt\u00f6r\u00fc i\u00e7in bir kalite sertifikas\u0131 olan FIDI teklifinin bir par\u00e7as\u0131d\u0131r. <a href=\"https:\/\/moverdb.com\/tr\/moving-companies\/\" data-internallinksmanager029f6b8e52c=\"79\" title=\"\u00c7evrimi\u00e7i En \u0130yi 25 Uluslararas\u0131 Nakliye \u015eirketi\">uluslararas\u0131 ta\u015f\u0131ma \u015firketleri<\/a> d\u00fcnyan\u0131n her yerinden.<\/p>\n<p><strong>\u00dcyelik i\u00e7in kriterler:<\/strong><\/p>\n<p>FIDI Global Alliance'a kat\u0131lmak i\u00e7in a\u015fa\u011f\u0131daki zorunlu \u015fartlar\u0131 yerine getirmelisiniz:<\/p>\n<ul>\n<li> FIDI'nin d\u00fczenlemelerine uymak<\/li>\n<li> Ba\u015fvurudan \u00f6nce en az 2 y\u0131l boyunca k\u0131talararas\u0131 ta\u015f\u0131ma hizmetlerinde faaliyet g\u00f6stermi\u015f olmak<\/li>\n<li> Y\u0131lda en az 10 k\u0131talararas\u0131 ta\u015f\u0131ma ger\u00e7ekle\u015ftirin*<\/li>\n<li> Uygun ve yeterli sigorta kapsam\u0131na sahip olmak<\/li>\n<li> FIDI R\u00fc\u015fvet ve Yolsuzlukla M\u00fccadele S\u00f6zle\u015fmesi'ni (FIDI ABC S\u00f6zle\u015fmesi) imzalay\u0131n<\/li>\n<li> Mali a\u00e7\u0131dan sa\u011fl\u0131kl\u0131 olmak (mali sa\u011fl\u0131\u011f\u0131n\u0131z ba\u015fvuru a\u015famas\u0131nda ba\u011f\u0131ms\u0131z bir denet\u00e7i taraf\u0131ndan kontrol edilecektir)<\/li>\n<li> FIDI-FAIM sertifikal\u0131 olmak (FIDI \u00fcyeli\u011fi i\u00e7in ba\u015fvurdu\u011funuzda ayn\u0131 zamanda FAIM sertifikas\u0131 i\u00e7in de ba\u015fvuracaks\u0131n\u0131z)<\/li>\n<\/ul>\n<p><strong>FAIM sertifikas\u0131:<\/strong><\/p>\n<p>FIDI-FAIM sertifikasyon program\u0131, uluslararas\u0131 nakliyecilerin her \u00fc\u00e7 y\u0131lda bir ger\u00e7ekle\u015ftirilen ba\u011f\u0131ms\u0131z bir denetim arac\u0131l\u0131\u011f\u0131yla k\u0131talar aras\u0131 ta\u015f\u0131ma faaliyetlerinin periyodik olarak ba\u011f\u0131ms\u0131z bir de\u011ferlendirmeye tabi tutulmas\u0131n\u0131 gerektirmektedir.<\/p>\n<p>Bu, FIDI \u015firketlerinin uluslararas\u0131 ta\u015f\u0131ma hizmetlerini tek tip, kalite odakl\u0131 ve etkili bir \u015fekilde y\u00f6netmek ve ger\u00e7ekle\u015ftirmek i\u00e7in d\u00fcnya \u00e7ap\u0131nda ortak bir standartta \u00e7al\u0131\u015fmas\u0131n\u0131 sa\u011flar. Ayr\u0131ca standartlar\u0131n y\u00fcksek kalmas\u0131n\u0131 sa\u011flayan \u015feffaf bir mekanizma sa\u011flar.<\/p>\n<p>Son m\u00fc\u015fterinin bak\u0131\u015f a\u00e7\u0131s\u0131ndan, FAIM sertifikal\u0131 bir \u015firket, ta\u015f\u0131nan ki\u015fiye ve ta\u015f\u0131nmas\u0131n\u0131 organize eden \u0130K departman\u0131na, \u015firketin i\u015fi bildi\u011fi ve i\u015fi d\u00fczg\u00fcn bir \u015fekilde yapmak i\u00e7in kaynaklara ve bilgi birikimine sahip oldu\u011fu konusunda g\u00fcven verir.<\/p>\n<p>Yerinde de\u011ferlendirme, uluslararas\u0131 de\u011ferlendiriciler Ernst &amp; Young taraf\u0131ndan ba\u011f\u0131ms\u0131z olarak ger\u00e7ekle\u015ftirilir.<\/p>\n<p><strong>Baz\u0131 \u00dcye \u015eirketler<\/strong><\/p>\n<ul>\n<li> <a href=\"https:\/\/moverdb.com\/tr\/aires\/\">Aires<\/a><\/li>\n<li> <a href=\"https:\/\/moverdb.com\/tr\/cadogan-tate\/\">Cadogan Tate<\/a><\/li>\n<li> <a href=\"https:\/\/moverdb.com\/tr\/harrow-green\/\">Harrow Green<\/a><\/li>\n<li> <a href=\"https:\/\/moverdb.com\/tr\/santa-fe-relocation\/\">Santa Fe Ta\u015f\u0131nma<\/a><\/li>\n<li> <a href=\"https:\/\/moverdb.com\/tr\/ekip-yerlesimleri\/\">Ekip Ta\u015f\u0131malar\u0131<\/a><\/li>\n<li> <a href=\"https:\/\/moverdb.com\/tr\/nippon-express\/\">Nippon Express<\/a><\/li>\n<li> <a href=\"https:\/\/moverdb.com\/tr\/settelen\/\">Settelen<\/a><\/li>\n<li> <a href=\"https:\/\/moverdb.com\/tr\/conroy-removals\/\">Conroy Removals<\/a><\/li>\n<li> <a href=\"https:\/\/moverdb.com\/tr\/bolliger\/\">Bolliger<\/a><\/li>\n<li> <a href=\"https:\/\/moverdb.com\/tr\/mudanzas-gou\/\">Mudanzas Gou<\/a><\/li>\n<li> <a href=\"https:\/\/moverdb.com\/tr\/gil-stauffer\/\">Gil Stauffer<\/a><\/li>\n<li> <a href=\"https:\/\/moverdb.com\/tr\/packimpex\/\">Packimpex<\/a><\/li>\n<\/ul>\n<p><strong>Kurum hakk\u0131ndaki g\u00f6r\u00fc\u015fler<\/strong><\/p>\n<p>FIDI, hem sahip oldu\u011fu \u00f6nemli kaynaklar hem de denetimin devam ediyor olmas\u0131 bak\u0131m\u0131ndan, web sitelerinde kendisinden bahseden nakliyeciler taraf\u0131ndan olduk\u00e7a sayg\u0131 g\u00f6rmektedir. <\/p>\n<p>Ba\u011f\u0131ms\u0131zl\u0131k, FIDI'nin in\u015fa etti\u011fi itibar\u0131n bir ba\u015fka kilit fakt\u00f6r\u00fcd\u00fcr - her ta\u015f\u0131nan \u015firket, \u00fclkesi d\u0131\u015f\u0131ndan bir dan\u0131\u015fman taraf\u0131ndan y\u00fcr\u00fct\u00fclen bir yerinde uyum prosed\u00fcr\u00fcne sahiptir. <\/p>\n<blockquote><p>Maksimum kalite seviyelerini hedefleyen nakliye \u015firketleri i\u00e7in FAIM\/ISO d\u00fcnyada mevcut olan en y\u00fcksek sertifikasyon standard\u0131n\u0131 sa\u011flamaktad\u0131r.<\/p><\/blockquote>\n<p> - <a href=\"http:\/\/www.ossworldwidemovers.com\/fidi-accredited-international-mover\" target=\"_blank\" rel=\"noopener\">OSS D\u00fcnya \u00c7ap\u0131nda Ta\u015f\u0131y\u0131c\u0131lar<\/a><\/p>\n<blockquote><p>D\u00fcnya \u00e7ap\u0131nda \u00e7ok say\u0131da ta\u015f\u0131ma \u015firketi var. \u0130yilerini k\u00f6t\u00fclerinden nas\u0131l ay\u0131r\u0131rs\u0131n\u0131z? Uluslararas\u0131 ta\u015f\u0131mac\u0131l\u0131kta alt\u0131n standart olan FIDI\/FAIM ile ba\u015flars\u0131n\u0131z.<\/p><\/blockquote>\n<p>- <a href=\"http:\/\/www.jkmoving.com\/International\/International_Network-_FIDI\/FAIM\/\" target=\"_blank\" rel=\"noopener\">JK Ta\u015f\u0131nma Hizmetleri<\/a><\/p>\n<p><a href=\"http:\/\/www.jkmoving.com\/International\/International_Network-_FIDI\/FAIM\/\" target=\"_blank\" rel=\"noopener\"><\/a><\/p>\n<blockquote><p>Bu, uluslararas\u0131 ta\u015f\u0131mac\u0131l\u0131k sekt\u00f6r\u00fc i\u00e7in en s\u0131k\u0131, her \u015feyi kapsayan kalite program\u0131d\u0131r ve bir kurulu\u015fun operasyonlar\u0131 ve m\u00fc\u015fterilere sundu\u011fu hizmetlerle ilgili 200'den fazla kalite gereksinimi vard\u0131r. FIDI \u015fimdi FAIM ad\u0131nda bir akreditasyon sunmaktad\u0131r.<\/p><\/blockquote>\n<p>- <a href=\"http:\/\/www.suddathinternational.com\/news\/2013\/8\/1\/faim-plus.aspx\" target=\"_blank\" rel=\"noopener\">Suddath<\/a><\/p>\n<p><strong>Web sitesi:<\/strong> <a href=\"https:\/\/www.fidi.org\" target=\"_blank\" rel=\"noopener\">https:\/\/www.fidi.org<\/a><\/p>","protected":false},"excerpt":{"rendered":"<p>FIDI (F\u00e9d\u00e9ration Internationale des D\u00e9m\u00e9nageurs Internationaux; The Federation of International Movers) is a global umbrella organisation of international moving and relocation businesses. It describes itself as a worldwide industry standard for top quality movers and has pioneered the FIDI Accredited International Mover (FAIM) Quality Management Programme, a quality certification programme dedicated exclusively to the international [&hellip;]<\/p>\n","protected":false},"author":1,"featured_media":0,"parent":0,"menu_order":0,"comment_status":"closed","ping_status":"closed","template":"","meta":{"_genesis_hide_title":false,"_genesis_hide_breadcrumbs":false,"_genesis_hide_singular_image":false,"_genesis_hide_footer_widgets":false,"_genesis_custom_body_class":"","_genesis_custom_post_class":"","_genesis_layout":"","footnotes":""},"class_list":{"0":"post-434","1":"page","2":"type-page","3":"status-publish","5":"entry"},"_links":{"self":[{"href":"https:\/\/moverdb.com\/tr\/wp-json\/wp\/v2\/pages\/434","targetHints":{"allow":["GET"]}}],"collection":[{"href":"https:\/\/moverdb.com\/tr\/wp-json\/wp\/v2\/pages"}],"about":[{"href":"https:\/\/moverdb.com\/tr\/wp-json\/wp\/v2\/types\/page"}],"author":[{"embeddable":true,"href":"https:\/\/moverdb.com\/tr\/wp-json\/wp\/v2\/users\/1"}],"replies":[{"embeddable":true,"href":"https:\/\/moverdb.com\/tr\/wp-json\/wp\/v2\/comments?post=434"}],"version-history":[{"count":28,"href":"https:\/\/moverdb.com\/tr\/wp-json\/wp\/v2\/pages\/434\/revisions"}],"predecessor-version":[{"id":6210,"href":"https:\/\/moverdb.com\/tr\/wp-json\/wp\/v2\/pages\/434\/revisions\/6210"}],"wp:attachment":[{"href":"https:\/\/moverdb.com\/tr\/wp-json\/wp\/v2\/media?parent=434"}],"curies":[{"name":"wp","href":"https:\/\/api.w.org\/{rel}","templated":true}]}}