{"id":433,"date":"2016-06-12T13:45:04","date_gmt":"2016-06-12T13:45:04","guid":{"rendered":"http:\/\/moverdb.com\/?page_id=433"},"modified":"2026-01-08T14:47:29","modified_gmt":"2026-01-08T14:47:29","slug":"amsa","status":"publish","type":"page","link":"https:\/\/moverdb.com\/tr\/amsa\/","title":{"rendered":"Amerikan Ta\u015f\u0131nma ve Depolama Birli\u011fi (AMSA) A\u00e7\u0131klamas\u0131"},"content":{"rendered":"<p>Amerikan Ta\u015f\u0131nma ve Depolama Derne\u011fi (AMSA), Amerikan ta\u015f\u0131nma end\u00fcstrisinin ulusal ticaret birli\u011fidir. <\/p>\n<p>Hem yurt i\u00e7inde hem de yurt d\u0131\u015f\u0131nda ta\u015f\u0131ma ve depolama sekt\u00f6r\u00fcnde faaliyet g\u00f6sterenlerin \u00e7\u0131karlar\u0131n\u0131 temsil etmeye yard\u0131mc\u0131 olmak ve ayr\u0131ca sekt\u00f6rdeki i\u015fletmeleri kullanan m\u00fc\u015fterilere bilgi ve yard\u0131m kayna\u011f\u0131 sa\u011flamak amac\u0131yla kurulmu\u015ftur.<\/p>\n<p><strong>AMSA hakk\u0131nda \u00f6nemli bilgiler:<\/strong><\/p>\n<ol>\n<li>  Yakla\u015f\u0131k 4.200 \u00fcyesi bulunmaktad\u0131r.<\/li>\n<li>  AMSA \u00fcyeleri, eyaletler aras\u0131 ta\u015f\u0131ma ve depolama \u015firketleri ile yerel nakliyecilerden olu\u015fmaktad\u0131r, <a href=\"https:\/\/moverdb.com\/tr\/tasinma-si%cc%87rketleri%cc%87\/\">uluslararas\u0131 nakliyeciler<\/a> art\u0131 sekt\u00f6r tedarik\u00e7ileri ve eyalet birli\u011fi \u00fcyeleri.<\/li>\n<li>  Ta\u015f\u0131nma ve depolama sekt\u00f6r\u00fcn\u00fcn t\u00fcm sekt\u00f6rlerini temsil eden tek ulusal birliktir.<\/li>\n<li>  AMSA'n\u0131n ba\u015flatt\u0131\u011f\u0131 <a href=\"https:\/\/moverdb.com\/tr\/rim-promover\/\" data-internallinksmanager029f6b8e52c=\"76\" title=\"RIM Uluslararas\u0131 ProMover Sertifikasyonu A\u00e7\u0131klamas\u0131\">ProMover<\/a> 2009'da, t\u00fcketicileri AMSA hedeflerini benimseyen kaliteli nakliyecilere y\u00f6nlendirmek i\u00e7in tasarlanan sertifika.<\/li>\n<li>  \u00dcyelik sadece nakliyecilere de\u011fil, ayn\u0131 zamanda ba\u011fl\u0131 kurulu\u015flara (nakliye sekt\u00f6r\u00fcyle ilgili \u00fcr\u00fcn veya hizmet sa\u011flayanlar), bireylere ve profesyonel ticaret birliklerine de a\u00e7\u0131kt\u0131r.<\/li>\n<li>  AMSA \u00fcyeli\u011fi, a\u015fa\u011f\u0131dakiler i\u00e7in ba\u015fvuru s\u00fcrecinin \u00f6nemli bir par\u00e7as\u0131d\u0131r <a href=\"https:\/\/moverdb.com\/tr\/rim-promover\/\">ProMover sertifikas\u0131<\/a> - bu 18 ay boyunca sorunsuz bir \u015fekilde tutulmu\u015f olmal\u0131.<\/li>\n<li>  Paketlemeden ta\u015f\u0131nma g\u00fcn\u00fcn\u00fcn nas\u0131l y\u00f6netilece\u011fine kadar her konuda bilgi sunan 'ta\u015f\u0131nma ipu\u00e7lar\u0131' veritaban\u0131 t\u00fcketiciler taraf\u0131ndan iyi bilinmektedir.<\/li>\n<li>  Bir uyu\u015fmazl\u0131k \u00e7\u00f6z\u00fcm program\u0131 sunar ve \u00fcyelerinin uymas\u0131 gereken bir etik kurallar\u0131 vard\u0131r.<\/li>\n<li>  \u00dcyeleri her y\u0131l 1,3 ila 1,5 milyon haneyi ta\u015f\u0131maktad\u0131r.<\/li>\n<\/ol>\n<p><strong>Amerikan Ta\u015f\u0131nma ve Depolama Birli\u011fi profili:<\/strong><\/p>\n<p>AMSA \u00fcyeleri, sekt\u00f6r\u00fc etkileyen konularla ilgili haber ve bilgilerden federal h\u00fck\u00fcmet temsilcili\u011fi, vergi yard\u0131m\u0131, mali ve istatistiki raporlama ve hukuki yard\u0131ma kadar geni\u015f bir hizmet yelpazesinden yararlanmaktad\u0131r. <\/p>\n<p>AMSA ayr\u0131ca kay\u0131p ve hasar anla\u015fmazl\u0131klar\u0131n\u0131n \u00e7\u00f6z\u00fcm\u00fc i\u00e7in bir tahkim hizmetinin yan\u0131 s\u0131ra ProMover gibi mesleki e\u011fitim ve sertifika programlar\u0131 da sunmaktad\u0131r. <\/p>\n<p>AMSA, 1920 y\u0131l\u0131nda kurulan Ulusal Mobilya Depocular\u0131 Birli\u011fi ile Amerika'daki en eski nakliyeciler ticaret birli\u011fi olarak hayata ba\u015flad\u0131. Ge\u00e7mi\u015fi, kapsama alan\u0131n\u0131n geni\u015fli\u011fi ve Etik Kurallar\u0131 onu son derece sayg\u0131n bir kurulu\u015f haline getirmektedir. <\/p>\n<p>G\u00fcvenilir bir nakliyecinin i\u015fareti olarak kabul edilen ProMover sertifikasyonundan sorumludur.<\/p>\n<p><strong>\u00dcyelik i\u00e7in kriterler:<\/strong><\/p>\n<p>AMSA'ya kat\u0131lma kriterleri \u00e7ok basit g\u00f6r\u00fcnmektedir - sadece formu doldurmak ve bir \u00fccret \u00f6demek. Ancak, a\u015fa\u011f\u0131dakileri elde etmek isteyen i\u015fletmeler i\u00e7in daha fazlas\u0131 gereklidir <a href=\"https:\/\/moverdb.com\/tr\/rim-promover\/\">ProMover sertifikas\u0131<\/a>.<\/p>\n<p><strong>En iyi \u00fcye \u015firketler<\/strong><\/p>\n<ol>\n<li> <a href=\"https:\/\/moverdb.com\/tr\/united-van-lines\/\">United Van Lines<\/a><\/li>\n<li> <a href=\"https:\/\/moverdb.com\/tr\/atlas-van-lines-uluslararasi\/\">Atlas Van Lines Uluslararas\u0131<\/a><\/li>\n<li> <a href=\"https:\/\/moverdb.com\/tr\/mayflower-transit\/\">Mayflower Transit<\/a><\/li>\n<li> <a href=\"https:\/\/moverdb.com\/tr\/allied-van-lines\/\">Allied Van Lines<\/a><\/li>\n<li> <a href=\"https:\/\/moverdb.com\/tr\/kuzey-amerikan-van-hatlari\/\">North American Van Lines<\/a><\/li>\n<li> <a href=\"https:\/\/moverdb.com\/tr\/wheaton\/\">Wheaton D\u00fcnya \u00c7ap\u0131nda Ta\u015f\u0131mac\u0131l\u0131k<\/a><\/li>\n<li> <a href=\"https:\/\/moverdb.com\/tr\/bekins-van-lines\/\">Bekins Van Lines<\/a><\/li>\n<li> <a href=\"https:\/\/moverdb.com\/tr\/graebel-van-lines\/\">Graebel Van Lines<\/a><\/li>\n<li> <a href=\"https:\/\/moverdb.com\/tr\/arpin-van-lines\/\">Arpin Van Lines<\/a><\/li>\n<li> <a href=\"https:\/\/moverdb.com\/tr\/stevens-worldwide-van-lines\/\">Stevens Worldwide Van Lines<\/a><\/li>\n<li> <a href=\"https:\/\/moverdb.com\/tr\/vip-transport\/\">VIP Ta\u015f\u0131mac\u0131l\u0131k<\/a><\/li>\n<li> <a href=\"https:\/\/moverdb.com\/tr\/ada-movers\/\">Ada Ta\u015f\u0131mac\u0131lar\u0131<\/a><\/li>\n<li> <a href=\"https:\/\/moverdb.com\/tr\/mudanzas-gou\/\">Mudanzas Gou<\/a><\/li>\n<li> <a href=\"https:\/\/moverdb.com\/tr\/gil-stauffer\/\">Gil Stauffer<\/a><\/li>\n<\/ol>\n<p><strong>Amerikan Ta\u015f\u0131nma ve Depolama Birli\u011fi hakk\u0131ndaki g\u00f6r\u00fc\u015fler<\/strong><\/p>\n<p>AMSA'dan internette bahsedildi\u011finde, bu genellikle kurulu\u015fun uluslararas\u0131 bir kalite i\u015fareti haline gelen ProMover sertifikas\u0131 ile ilgilidir. <\/p>\n<p>Sertifikasyon, etkili savunuculuk ve sayg\u0131n bir marka olu\u015fturma yoluyla sekt\u00f6rdekileri - ve sekt\u00f6rdeki i\u015fletmeleri kullananlar\u0131 - hem temsil etmek hem de iyile\u015ftirmek i\u00e7in AMSA platformunun bir par\u00e7as\u0131 olarak g\u00f6r\u00fcl\u00fcyor. <\/p>\n<p>\u00c7evrimi\u00e7i g\u00f6r\u00fc\u015fler hem AMSA'n\u0131n miras\u0131n\u0131n onu Amerika'daki en eski ticaret birliklerine ba\u011flad\u0131\u011f\u0131 ger\u00e7e\u011fine hem de t\u00fcketiciler i\u00e7in ta\u015f\u0131nmay\u0131 kolayla\u015ft\u0131rma misyonuna odaklanmaktad\u0131r. \u00c7evrimi\u00e7i g\u00f6r\u00fc\u015flerde AMSA taraf\u0131ndan d\u00fczenlenen etkinliklerden de bahsedilmektedir - ki bu etkinliklere kat\u0131l\u0131m\u0131n y\u00fcksek oldu\u011fu ve b\u00fcy\u00fck sayg\u0131 duyuldu\u011fu a\u00e7\u0131kt\u0131r, <em>\"Her zaman oldu\u011fu gibi bu y\u0131lki AMSA konferans\u0131 da ta\u015f\u0131mac\u0131l\u0131k sekt\u00f6r\u00fcn\u00fcn \u00f6nde gelen liderlerini bir araya getirdi.\"<\/em> <\/p>\n<p>AMSA \u00f6d\u00fcllerinden de bahsedilmekte ve bunlar\u0131n ba\u015far\u0131 ve kalitenin ger\u00e7ek bir g\u00f6stergesi olarak kabul edildi\u011fi g\u00f6r\u00fclmektedir.<\/p>\n<blockquote><p>AMSA'n\u0131n misyonu \"yurti\u00e7i ve uluslararas\u0131 ta\u015f\u0131ma ve depolama sekt\u00f6r\u00fcn\u00fcn \u00e7\u0131karlar\u0131n\u0131 temsil etmek ve hizmet verdi\u011fi m\u00fc\u015fterilere yard\u0131mc\u0131 olmakt\u0131r.\n<\/p><\/blockquote>\n<p>- <a href=\"http:\/\/www.atlasvanlines.com\/pro-mover\/\" target=\"_blank\" rel=\"noopener\">Atlas Van Lines<\/a><\/p>\n<blockquote><p>AMSA, her y\u0131l ta\u015f\u0131nan 40 milyon Amerikal\u0131n\u0131n profesyonel bir nakliyeci se\u00e7erken bilin\u00e7li kararlar vermesini sa\u011flamaya kendini adam\u0131\u015ft\u0131r.<\/p><\/blockquote>\n<p>- <a href=\"http:\/\/www.ossworldwidemovers.com\/american-moving-and-storage-association\" target=\"_blank\" rel=\"noopener\">OSS D\u00fcnya \u00c7ap\u0131nda Ta\u015f\u0131y\u0131c\u0131lar<\/a><\/p>\n<blockquote><p>AMSA, nakliyeci \u00fcyelerini dikkatli bir \u015fekilde tarayarak t\u00fcketicilerin t\u00fcm lisans ve sigorta gerekliliklerini kar\u015f\u0131layan nakliyecilerle e\u015fle\u015ftirilmesini sa\u011flar ve \"Ev E\u015fyalar\u0131 Anla\u015fmazl\u0131k \u00c7\u00f6z\u00fcm Program\u0131\" arac\u0131l\u0131\u011f\u0131yla t\u00fcketiciler ve nakliyeciler aras\u0131ndaki anla\u015fmazl\u0131klar\u0131n tahkim yoluyla \u00e7\u00f6z\u00fclmesini sa\u011flar. AMSA'n\u0131n hedeflerinden biri de profesyonel ta\u015f\u0131ma hizmetinin de\u011ferini daha iyi anlayan, iyi bilgilendirilmi\u015f bir halkt\u0131r.<\/p><\/blockquote>\n<p>- <a href=\"http:\/\/www.moving.com\/articles\/amsa\/who-is-amsa.asp\" target=\"_blank\" rel=\"noopener\">Moving.com<\/a><\/p>\n<p><strong>Web sitesi:<\/strong> <a href=\"http:\/\/www.moving.org\/\" target=\"_blank\" rel=\"noopener\">http:\/\/www.moving.org\/<\/a><\/p>","protected":false},"excerpt":{"rendered":"<p>The American Moving &#038; Storage Association (AMSA) is the national trade association for the American moving industry. It has been set up to help represent the interests of those in the moving and storage industry, both domestic and international, and also to provide a source of information and assistance to customers using businesses in the [&hellip;]<\/p>\n","protected":false},"author":1,"featured_media":0,"parent":0,"menu_order":0,"comment_status":"closed","ping_status":"closed","template":"","meta":{"_genesis_hide_title":false,"_genesis_hide_breadcrumbs":false,"_genesis_hide_singular_image":false,"_genesis_hide_footer_widgets":false,"_genesis_custom_body_class":"","_genesis_custom_post_class":"","_genesis_layout":"","footnotes":""},"class_list":{"0":"post-433","1":"page","2":"type-page","3":"status-publish","5":"entry"},"_links":{"self":[{"href":"https:\/\/moverdb.com\/tr\/wp-json\/wp\/v2\/pages\/433","targetHints":{"allow":["GET"]}}],"collection":[{"href":"https:\/\/moverdb.com\/tr\/wp-json\/wp\/v2\/pages"}],"about":[{"href":"https:\/\/moverdb.com\/tr\/wp-json\/wp\/v2\/types\/page"}],"author":[{"embeddable":true,"href":"https:\/\/moverdb.com\/tr\/wp-json\/wp\/v2\/users\/1"}],"replies":[{"embeddable":true,"href":"https:\/\/moverdb.com\/tr\/wp-json\/wp\/v2\/comments?post=433"}],"version-history":[{"count":25,"href":"https:\/\/moverdb.com\/tr\/wp-json\/wp\/v2\/pages\/433\/revisions"}],"predecessor-version":[{"id":6170,"href":"https:\/\/moverdb.com\/tr\/wp-json\/wp\/v2\/pages\/433\/revisions\/6170"}],"wp:attachment":[{"href":"https:\/\/moverdb.com\/tr\/wp-json\/wp\/v2\/media?parent=433"}],"curies":[{"name":"wp","href":"https:\/\/api.w.org\/{rel}","templated":true}]}}