{"id":432,"date":"2016-06-12T09:28:19","date_gmt":"2016-06-12T09:28:19","guid":{"rendered":"http:\/\/moverdb.com\/?page_id=432"},"modified":"2026-01-08T14:47:56","modified_gmt":"2026-01-08T14:47:56","slug":"kanada-nakliyeciler-dernegi","status":"publish","type":"page","link":"https:\/\/moverdb.com\/tr\/canadian-association-of-movers\/","title":{"rendered":"Kanada Ta\u015f\u0131mac\u0131lar Birli\u011fi (CAM) A\u00e7\u0131klamas\u0131"},"content":{"rendered":"<p>Kanada Ta\u015f\u0131mac\u0131lar Birli\u011fi <a href=\"https:\/\/moverdb.com\/tr\/moving-to-canada\/\" data-internallinksmanager029f6b8e52c=\"265\" title=\"Kanada&#039;ya Ta\u015f\u0131nmak m\u0131? 2026 Ya\u015fam Maliyetleri ve Yer De\u011fi\u015ftirme \u0130pu\u00e7lar\u0131\">Kanada<\/a>'nin ta\u015f\u0131nma ve depolama \u015firketlerini temsil eden ticaret birli\u011fidir. \u00dcye i\u015fletmelerinin korunmas\u0131na ve b\u00fcy\u00fcmesine yard\u0131mc\u0131 olmak ve ayr\u0131ca t\u00fcketicilere sayg\u0131n, profesyonel ve g\u00fcvenilir ta\u015f\u0131ma hizmetleri bulman\u0131n bir yolunu sunmak i\u00e7in kurulmu\u015ftur.<\/p>\n<p><strong>TAT hakk\u0131nda \u00f6nemli ger\u00e7ekler:<\/strong><\/p>\n<ol>\n<li>  \u00dcyelik, hem Kanada'daki hem de deniza\u015f\u0131r\u0131 \u00fclkelerdeki nakliyecileri kapsamaktad\u0131r.<\/li>\n<li>  \u00dcyelik, nakliyecileri ve ta\u015f\u0131nma \u015firketlerini, kamyonet hatlar\u0131n\u0131, sekt\u00f6rdeki tedarik\u00e7ileri, paketleme hizmetleri gibi ta\u015f\u0131nmayla ilgili hizmetler sa\u011flayan i\u015fletmeleri kapsar.<\/li>\n<li>  Etik kurallar, \u00fcyelerin m\u00fc\u015fterilere kar\u015f\u0131 adil ve d\u00fcr\u00fcst olma ve her zaman g\u00fcvenlik bilincine sahip bir yakla\u015f\u0131m sergileme gibi \u015fartlara uymalar\u0131n\u0131 gerektirmektedir.<\/li>\n<li>  Kanada Ta\u015f\u0131mac\u0131lar Birli\u011fi, t\u00fcketiciler i\u00e7in bir \u015fikayet \u00e7\u00f6z\u00fcm s\u00fcreci sunmaktad\u0131r.<\/li>\n<li>  CAM, t\u00fcketicilere etik davran\u0131\u015f, profesyonel yeterlilik ve etkili \u015fikayet y\u00f6netimi temelinde hizmet alma g\u00fcvencesi veren Sertifikal\u0131 Kanadal\u0131 Nakliyeci Program\u0131'n\u0131 sunmaktad\u0131r.<\/li>\n<li>  CAM, Kanada'da sayg\u0131n ve itibars\u0131z nakliyecileri d\u00fczenleyen ve kay\u0131tlar\u0131n\u0131 tutan tek nakliyeciler birli\u011fidir.<\/li>\n<\/ol>\n<p><strong>Kanada Ta\u015f\u0131mac\u0131lar Birli\u011fi profili:<\/strong><\/p>\n<p>Kanada Nakliyeciler Birli\u011fi, Kanada'n\u0131n nakliyeciler i\u00e7in ticaret birli\u011fidir. Kanadal\u0131 i\u015fletmelerin yan\u0131 s\u0131ra deniza\u015f\u0131r\u0131 kurulu\u015flardan da olu\u015fur. <\/p>\n<p>CAM'in mesleki uzmanl\u0131\u011f\u0131 ve operasyonel yetkinli\u011fi art\u0131rmak ve bilgi payla\u015fmak ve ev e\u015fyas\u0131 ta\u015f\u0131ma sekt\u00f6r\u00fcn\u00fc bir b\u00fct\u00fcn olarak geli\u015ftirmek i\u00e7in nakliyeciler ve kamyonet hatlar\u0131 aras\u0131nda ba\u011flant\u0131lar kurmak gibi bir dizi hedefi vard\u0131r.<\/p>\n<p>CAM'in \u00fcyeleri \u00fclkenin en iyi \u00fcyeleri olarak kabul edilmektedir. <a href=\"https:\/\/moverdb.com\/tr\/moving-companies\/\" data-internallinksmanager029f6b8e52c=\"79\" title=\"\u00c7evrimi\u00e7i En \u0130yi 25 Uluslararas\u0131 Nakliye \u015eirketi\">ta\u015finma \u015fi\u0307rketleri\u0307<\/a>. CAM \u00fcyeleri i\u00e7in iki sertifika mevcuttur: Sertifikal\u0131 Deniza\u015f\u0131r\u0131 Ta\u015f\u0131mac\u0131 ve Sertifikal\u0131 Kanadal\u0131 Ta\u015f\u0131mac\u0131. <\/p>\n<p>Bunlar\u0131n her ikisi de t\u00fcketicilere g\u00fcncel belgelere sahip, etik kurallara ba\u011fl\u0131, m\u00fc\u015fteri \u015fikayetleriyle nas\u0131l ba\u015fa \u00e7\u0131kaca\u011f\u0131n\u0131 bilen ve iyi uygulama k\u0131lavuzlar\u0131na abone olan sayg\u0131n nakliyecilerden olu\u015fan bir se\u00e7enek sunmak i\u00e7in tasarlanm\u0131\u015ft\u0131r.<\/p>\n<p><strong>\u00dcyelik i\u00e7in kriterler:<\/strong><\/p>\n<p>Ba\u015fvuru sahiplerinin \u00fcyelik onay s\u00fcrecini tamamlamak i\u00e7in \u00e7e\u015fitli belgeler sunmalar\u0131 gerekebilir. T\u00fcm \u00fcyelik ba\u015fvurular\u0131 Y\u00f6netim Kurulu'nun onay\u0131na tabidir.<\/p>\n<p><strong>Ta\u015f\u0131y\u0131c\u0131lar<\/strong><\/p>\n<p>CAM, ba\u015fvuru sahiplerinin en az iki y\u0131ld\u0131r nakliyeci olarak faaliyet g\u00f6stermesini \u015fart ko\u015fmaktad\u0131r.<\/p>\n<p>Nakliyeci \u00fcyeli\u011fi i\u00e7in ba\u015fvuranlar bir ba\u015fvuru formu doldurmal\u0131 ve CAM'e a\u015fa\u011f\u0131daki belgeleri (yaln\u0131zca fotokopiler) sa\u011flamal\u0131d\u0131r:<\/p>\n<ul>\n<li> \u0130\u015fletme ruhsat\u0131<\/li>\n<li> Tesis ve ara\u00e7lar\u0131n foto\u011fraflar\u0131<\/li>\n<li> GST\/HST kayd\u0131 ve numaras\u0131<\/li>\n<li> \u0130\u015f\u00e7i tazminat sertifikas\u0131<\/li>\n<li> En az $1 milyon sorumluluk ve en az $250,000 kargo limitini g\u00f6steren sigorta sertifikas\u0131<\/li>\n<li> Kurulu\u015f belgesi<\/li>\n<li> \u0130li\u015fki s\u00fcresi ile birlikte iki ticari referans (\u00f6rn. banka, ta\u015f\u0131ma ekipman\u0131 tedarik\u00e7isi, vb.)<\/li>\n<li> Sar\u0131 Sayfalar reklam\u0131 veya promosyon \u00fcr\u00fcnleri (iste\u011fe ba\u011fl\u0131)<\/li>\n<li> \u0130mzal\u0131 Etik Kurallar formu<\/li>\n<\/ul>\n<p><strong>\u0130\u015ftirakler<\/strong><\/p>\n<p>Ev e\u015fyalar\u0131n\u0131 kamyonla ta\u015f\u0131mayan ancak paketleme hizmetleri, k\u00fc\u00e7\u00fcltme hizmetleri, hurda \u00e7\u0131karma vb. gibi ta\u015f\u0131ma sekt\u00f6r\u00fcyle ilgili hizmetler sunan bir \u015firket, Ba\u011fl\u0131 kurulu\u015f \u00fcyesi olmaya hak kazanabilir. <\/p>\n<p>Ba\u011fl\u0131 kurulu\u015f \u00fcyeli\u011fi i\u00e7in ba\u015fvuranlar\u0131n bir ba\u015fvuru formu doldurmalar\u0131 gerekir ve CAM'e i\u015fleriyle ilgili a\u015fa\u011f\u0131daki belgeleri (yaln\u0131zca fotokopiler) sa\u011flamalar\u0131 istenebilir:<\/p>\n<ul>\n<li> \u0130\u015fletme ruhsat\u0131<\/li>\n<li> Tesis ve ara\u00e7lar\u0131n foto\u011fraflar\u0131<\/li>\n<li> GST\/HST kayd\u0131 ve numaras\u0131<\/li>\n<li> \u0130\u015f\u00e7i tazminat sertifikas\u0131<\/li>\n<li> En az $1 milyon sorumluluk g\u00f6steren sigorta sertifikas\u0131<\/li>\n<li> Kurulu\u015f belgesi<\/li>\n<li> \u0130li\u015fki s\u00fcresi ile birlikte iki ticari referans (\u00f6rn. banka, nakliye \u015firketi, vb.)<\/li>\n<li> Sar\u0131 Sayfalar reklam\u0131 veya promosyon \u00fcr\u00fcnleri (iste\u011fe ba\u011fl\u0131)<\/li>\n<li> \u0130mzal\u0131 Etik Kurallar formu<\/li>\n<\/ul>\n<p><strong>Uluslararas\u0131 Ta\u015f\u0131mac\u0131lar<\/strong><\/p>\n<ul>\n<li> CAM olan iki uluslararas\u0131 nakliyeciden tavsiye mektubu, <a href=\"https:\/\/moverdb.com\/tr\/fidi-faim\/\">FIDI<\/a> veya <a href=\"https:\/\/moverdb.com\/tr\/iam\/\">IAM<\/a> \u00fcyeler<\/li>\n<li> \u0130mzal\u0131 Uluslararas\u0131 Nakliyeciler i\u00e7in Kanada Etik Kurallar\u0131 formu<\/li>\n<\/ul>\n<p><strong>En iyi 10 \u00fcye ta\u015f\u0131ma \u015firketi<\/strong> (boyuta g\u00f6re)<\/p>\n<ol>\n<li> <a href=\"https:\/\/moverdb.com\/tr\/united-van-lines\/\">United Van Lines<\/a><\/li>\n<li> <a href=\"https:\/\/moverdb.com\/tr\/kuzey-amerikan-van-hatlari\/\">North American Van Lines<\/a><\/li>\n<li> <a href=\"https:\/\/moverdb.com\/tr\/amj-campbell-van-lines\/\">AMJ Campbell Van Lines<\/a><\/li>\n<\/ol>\n<p><strong>CAM hakk\u0131nda nakliyecilerin g\u00f6r\u00fc\u015fleri:<\/strong><\/p>\n<p>CAM, t\u00fcketicilerin doland\u0131r\u0131c\u0131l\u0131ktan ve ta\u015f\u0131nma g\u00fcn\u00fcnde \u015fi\u015firilen ger\u00e7ek\u00e7i olmayan indirimli fiyatlar sunan operat\u00f6rlerden ka\u00e7\u0131nmalar\u0131na yard\u0131mc\u0131 olmak i\u00e7in yararl\u0131 bir kaynak olarak kabul edilmektedir. <\/p>\n<p>CAM \u00fcyesi olanlar, sertifikas\u0131 olmayan di\u011fer nakliyecilerin sahip olmad\u0131\u011f\u0131 belirli bir d\u00fczeyde hizmet sunabildikleri kabul edilir. <\/p>\n<p>\u00c7evrimi\u00e7i g\u00f6r\u00fc\u015f, CAM'i bir ta\u015f\u0131ma \u015firketinin g\u00fcvenilirli\u011fini do\u011frulaman\u0131n bir yolu olarak g\u00f6rmektedir, \u00e7\u00fcnk\u00fc CAM \u00f6zellikle <em>\"iyiden, k\u00f6t\u00fcden, \u00e7irkinden.\"<\/em> Kurulu\u015f, y\u00fcksek etik davran\u0131\u015f standartlar\u0131n\u0131 te\u015fvik etme arzusu ve titiz bir ba\u015fvuru s\u00fcrecine sahip olmas\u0131 nedeniyle b\u00fcy\u00fck sayg\u0131 g\u00f6rmektedir. <\/p>\n<p>Organizasyondan \u00e7evrimi\u00e7i olarak bahsedenler, bunun nakliyecinin yeterli sigorta ve hizmet standartlar\u0131na sahip oldu\u011funa dair g\u00fcvence vermenin bir yolu oldu\u011funa i\u015faret ediyor. CAM'in sadece kendi \u00fcyelerinin de\u011fil, ayn\u0131 zamanda pek de itibarl\u0131 olmayan nakliye \u015firketlerinin de kayd\u0131n\u0131 tuttu\u011fu s\u0131k s\u0131k vurgulan\u0131yor. <\/p>\n<p>Bu, kurulu\u015fun ta\u015f\u0131mac\u0131l\u0131k sekt\u00f6r\u00fcne ili\u015fkin iyi bir bak\u0131\u015f a\u00e7\u0131s\u0131na sahip oldu\u011funun ve \u00fcyelerinin \u00e7izginin do\u011fru taraf\u0131nda yer ald\u0131\u011f\u0131n\u0131n bir g\u00f6stergesi olarak g\u00f6r\u00fcl\u00fcyor.<\/p>\n<blockquote><p>CAM, ta\u015f\u0131ma ve depolama \u015firketleri aras\u0131nda iyiyi k\u00f6t\u00fcden ve \u00e7irkinden ay\u0131r\u0131r. Hedefleri, ta\u015f\u0131ma sekt\u00f6r\u00fcnde y\u00fcksek etik davran\u0131\u015f standartlar\u0131n\u0131 te\u015fvik etmek, kalite giri\u015fimlerini desteklemek, personeli e\u011fitmek ve yeti\u015ftirmek ve \u00fcyelerinin performans\u0131n\u0131 izlemektir. <\/p>\n<p>T\u00fcketicilerin g\u00fcvenilir ve profesyonel ta\u015f\u0131ma hizmetlerine eri\u015fmelerine yard\u0131mc\u0131 olur. CAM, titiz ba\u015fvuru s\u00fcreci sayesinde \u00fcyelerinden kat\u0131 bir etik kurallar\u0131n\u0131 imzalamalar\u0131n\u0131, yeterli sigortaya sahip olmalar\u0131n\u0131 ve tesisleri i\u00e7in standartlar\u0131 korumalar\u0131n\u0131 talep etmektedir.<\/p><\/blockquote>\n<p>- <a href=\"http:\/\/www.uvl.ca\/Content\/Canadian+Association+of+Movers\" target=\"_blank\" rel=\"noopener noreferrer\">United Van Lines Kanada<\/a> <\/p>\n<blockquote><p>Kanada Nakliyeciler Birli\u011fi (CAM), Kanada'da sayg\u0131n ve itibars\u0131z nakliyecileri d\u00fczenleyen ve kay\u0131tlar\u0131n\u0131 tutan tek nakliyeciler birli\u011fidir. <\/p><\/blockquote>\n<p>- <a href=\"http:\/\/www.greatcanadianvanlines.com\/how-to-choose-a-moving-company\/\" target=\"_blank\" rel=\"noopener noreferrer\">Great Canadian Van Lines<\/a><\/p>\n<blockquote><p>Bir \u00f6m\u00fcrl\u00fck ev e\u015fyas\u0131n\u0131n ta\u015f\u0131nmas\u0131 i\u00e7in bir ta\u015f\u0131ma \u015firketi se\u00e7iminde yap\u0131lacak yanl\u0131\u015f bir tercih felaketle sonu\u00e7lanabilir. Doland\u0131r\u0131c\u0131 operat\u00f6rler, indirimli fiyatlar sunarak, ger\u00e7ek\u00e7i olmayan vaatlerde bulunarak, ta\u015f\u0131nma g\u00fcn\u00fcnde fiyat\u0131 \u015fi\u015firerek ve ev e\u015fyalar\u0131n\u0131 fidye i\u00e7in ellerinde tutarak t\u00fcketicilerden faydalanacakt\u0131r. <\/p>\n<p>Bu \u015firketler, sunulan hizmet d\u00fczeyi konusunda hi\u00e7bir sorumluluk kabul etmez. Bir nakliyecinin teklifi ger\u00e7ek olamayacak kadar iyi g\u00f6r\u00fcn\u00fcyorsa ve kula\u011fa ho\u015f geliyorsa, \u00f6yledir.<\/p>\n<p>Neden risk alas\u0131n\u0131z ki? CAM \u00fcyesi bir nakliyeci ile hareket edin. CAM, Kanada'n\u0131n ta\u015f\u0131ma ve depolama \u015firketlerini temsil eden ticaret birli\u011fidir.<\/p><\/blockquote>\n<p>- <a href=\"http:\/\/amjtorontomoving.com\/Partners\/ArticleID\/44\/Canadian-Association-of-Movers-CAM\" target=\"_blank\" rel=\"noopener noreferrer\">AMJ Campbell - Toronto<\/a><\/p>\n<p><strong>Web sitesi:<\/strong> <a href=\"http:\/\/www.mover.net\/\" target=\"_blank\" rel=\"noopener noreferrer\">http:\/\/www.mover.net\/<\/a><\/p>\n<p><strong>NOT! A\u015fa\u011f\u0131daki formda, formu g\u00f6nderdikten sonra sizinle ileti\u015fime ge\u00e7en baz\u0131 ta\u015f\u0131ma \u015firketleri CAM ortaklar\u0131 olmayabilir.<\/strong><\/p>","protected":false},"excerpt":{"rendered":"<p>The Canadian Association of Movers is Canada&#8217;s trade association representing moving and storage companies. It was established to help protect and grow its member businesses and also to offer consumers a way to find reputable, professional and reliable moving services. Key facts about CAM: Membership includes movers both in Canada and overseas. Membership covers movers [&hellip;]<\/p>\n","protected":false},"author":1,"featured_media":0,"parent":0,"menu_order":0,"comment_status":"closed","ping_status":"closed","template":"","meta":{"_genesis_hide_title":false,"_genesis_hide_breadcrumbs":false,"_genesis_hide_singular_image":false,"_genesis_hide_footer_widgets":false,"_genesis_custom_body_class":"","_genesis_custom_post_class":"","_genesis_layout":"","footnotes":""},"class_list":{"0":"post-432","1":"page","2":"type-page","3":"status-publish","5":"entry"},"_links":{"self":[{"href":"https:\/\/moverdb.com\/tr\/wp-json\/wp\/v2\/pages\/432","targetHints":{"allow":["GET"]}}],"collection":[{"href":"https:\/\/moverdb.com\/tr\/wp-json\/wp\/v2\/pages"}],"about":[{"href":"https:\/\/moverdb.com\/tr\/wp-json\/wp\/v2\/types\/page"}],"author":[{"embeddable":true,"href":"https:\/\/moverdb.com\/tr\/wp-json\/wp\/v2\/users\/1"}],"replies":[{"embeddable":true,"href":"https:\/\/moverdb.com\/tr\/wp-json\/wp\/v2\/comments?post=432"}],"version-history":[{"count":9,"href":"https:\/\/moverdb.com\/tr\/wp-json\/wp\/v2\/pages\/432\/revisions"}],"predecessor-version":[{"id":3502,"href":"https:\/\/moverdb.com\/tr\/wp-json\/wp\/v2\/pages\/432\/revisions\/3502"}],"wp:attachment":[{"href":"https:\/\/moverdb.com\/tr\/wp-json\/wp\/v2\/media?parent=432"}],"curies":[{"name":"wp","href":"https:\/\/api.w.org\/{rel}","templated":true}]}}