{"id":431,"date":"2016-06-05T20:02:57","date_gmt":"2016-06-05T20:02:57","guid":{"rendered":"http:\/\/moverdb.com\/?page_id=431"},"modified":"2026-01-08T13:19:02","modified_gmt":"2026-01-08T13:19:02","slug":"iam","status":"publish","type":"page","link":"https:\/\/moverdb.com\/tr\/iam\/","title":{"rendered":"Uluslararas\u0131 Ta\u015f\u0131mac\u0131lar Birli\u011fi (IAM) A\u00e7\u0131klamas\u0131"},"content":{"rendered":"<p>Uluslararas\u0131 Ta\u015f\u0131mac\u0131lar Birli\u011fi (IAM), ta\u015f\u0131ma, nakliye, nakliye, lojistik ve ilgili hizmetleri sa\u011flayan \u00fcyelerden olu\u015fan k\u00fcresel bir ticaret kurulu\u015fudur. <\/p>\n<p>Sekt\u00f6r\u00fcn en b\u00fcy\u00fck uluslararas\u0131 ticaret birli\u011fidir ve ba\u015flang\u0131\u00e7ta Avrupa Birli\u011fi ile i\u015f yapan charter i\u015fletmeleri taraf\u0131ndan kurulmu\u015ftur. <a href=\"https:\/\/moverdb.com\/tr\/moving-to-the-united-states\/\" data-internallinksmanager029f6b8e52c=\"94\" title=\"Amerika Birle\u015fik Devletleri&#039;ne mi ta\u015f\u0131n\u0131yorsunuz? 2026 Ya\u015fam Maliyetleri ve Yer De\u011fi\u015ftirme \u0130pu\u00e7lar\u0131\">ABD<\/a> H\u00fck\u00fcmet.<\/p>\n<p><strong>IAM hakk\u0131nda \u00f6nemli bilgiler:<\/strong><\/p>\n<ol>\n<li>  Daha fazlas\u0131n\u0131 temsil eder <strong>2,000 <a href=\"https:\/\/moverdb.com\/tr\/tasinma-si%cc%87rketleri%cc%87\/\" target=\"_blank\" rel=\"noopener\">\u015firketler<\/a><\/strong> \u00fczerinde <strong>170 \u00fclke<\/strong>.<\/li>\n<li>  IAM, di\u011fer hususlar\u0131n yan\u0131 s\u0131ra k\u00fclt\u00fcrel farkl\u0131l\u0131klara ho\u015fg\u00f6r\u00fc g\u00f6sterilmesini, profesyonel bir yakla\u015f\u0131m sergilenmesini ve di\u011fer \u00fcyelerle haks\u0131z rekabetten ka\u00e7\u0131n\u0131lmas\u0131n\u0131 gerektiren bir Etik Kurallara sahiptir.<\/li>\n<li>  IAM 1962 y\u0131l\u0131nda kurulmu\u015ftur ve o zamandan beri \u00fcyelerinin b\u00fcy\u00fcmesini te\u015fvik etmektedir.<\/li>\n<li>  Ta\u015f\u0131mac\u0131l\u0131k ve nakliye sekt\u00f6r\u00fcn\u00fcn en b\u00fcy\u00fck k\u00fcresel ticaret birli\u011fidir.<\/li>\n<li>  Sekt\u00f6rdeki ayr\u0131cal\u0131klar IAM Onur Listesi arac\u0131l\u0131\u011f\u0131yla tan\u0131nmaktad\u0131r. Onur Listesi i\u00e7in adaylar herhangi bir IAM \u00fcyesi, m\u00fc\u015fterisi veya m\u00fc\u015fterisi taraf\u0131ndan sunulabilir ve IAM \u00fcyeli\u011fi taraf\u0131ndan karar verilir.<\/li>\n<li>  Daha \u00f6nce Amerika Ev E\u015fyas\u0131 Nakliyecileri Birli\u011fi olarak biliniyordu - IAM 2009 y\u0131l\u0131nda ad\u0131n\u0131 de\u011fi\u015ftirdi.<\/li>\n<li>  IAM, \u00fcyeler aras\u0131ndaki sorunlar i\u00e7in bir uyu\u015fmazl\u0131k \u00e7\u00f6z\u00fcm s\u00fcreci sunmaktad\u0131r - bu s\u00fcre\u00e7 fatura uyu\u015fmazl\u0131klar\u0131n\u0131 kapsamaktad\u0131r.<\/li>\n<li>  IAM'nin Alacak Koruma Program\u0131, mali zorluk i\u00e7indeki IAM \u00fcyelerine kar\u015f\u0131 bir g\u00fcvence sunarak, bir \u00fcyenin iflas edecek gibi g\u00f6r\u00fcnmesi durumunda bir talepte bulunmas\u0131na ve \u00f6denmemi\u015f ticari faturalar i\u00e7in geri \u00f6deme almas\u0131na olanak tan\u0131r.<\/li>\n<\/ol>\n<p><strong>Uluslararas\u0131 Ta\u015f\u0131mac\u0131lar Birli\u011fi profili:<\/strong><\/p>\n<p>IAM 50 y\u0131ldan uzun bir s\u00fcre \u00f6nce kurulmu\u015ftur ve \u015fu anda t\u00fcm d\u00fcnyada yerle\u015fik 2.000'den fazla \u00fcyesi bulunmaktad\u0131r. IAM, \u00e7e\u015fitli programlar, kaynaklar ve \u00fcyelik korumalar\u0131n\u0131n yan\u0131 s\u0131ra IAM y\u0131ll\u0131k toplant\u0131lar\u0131 da dahil olmak \u00fczere a\u011f olu\u015fturma ve bilgi payla\u015f\u0131m\u0131n\u0131 te\u015fvik etmek i\u00e7in tasarlanm\u0131\u015f d\u00fczenli etkinlikler sunmaktad\u0131r. <\/p>\n<p>IAM'nin yapt\u0131\u011f\u0131 her \u015fey \u00fcyelerinin b\u00fcy\u00fcmesini ve ba\u015far\u0131s\u0131n\u0131 ilerletmeyi ama\u00e7lamaktad\u0131r. IAM'nin \u00fcyelik korumalar\u0131, IAM \u00fcyeli\u011finin de\u011ferini Sekt\u00f6r\u00fcn, m\u00fc\u015fterilerin ve meslekta\u015f Birliklerinin g\u00f6z\u00fcnde korumak i\u00e7in vard\u0131r - bunlar aras\u0131nda IAM \u00fcyesi olmak i\u00e7in s\u0131k\u0131 gereklilikler, etik kurallar\u0131n uygulanmas\u0131 ve ticari marka denetimi gibi konularda \u00e7al\u0131\u015fmak yer al\u0131r. <\/p>\n<p>IAM, m\u00fc\u015fterilerin kurulu\u015fa \u00fcye bir nakliyeci bulmak i\u00e7in kullanabilecekleri aranabilir bir \u00e7evrimi\u00e7i \u00fcye dizinine sahiptir.<\/p>\n<p><strong>\u00dcyelik i\u00e7in kriterler:<\/strong><\/p>\n<ul>\n<li> en az bir y\u0131ll\u0131k deneyim<\/li>\n<li> \u0130ki mevcut IAM \u00fcyesinden sizi \u00fcyelik i\u00e7in tavsiye ettiklerini belirten, sponsor \u015firketin antetli ka\u011f\u0131d\u0131na yaz\u0131lm\u0131\u015f ve bir \u015firket yetkilisi taraf\u0131ndan imzalanm\u0131\u015f sponsorluk mektuplar\u0131.<\/li>\n<li> Mevcut \u00fclke\/eyalet\/il i\u015fletme ruhsat\u0131n\u0131n veya kayd\u0131n\u0131n ve varsa vergi kimlik numaras\u0131n\u0131n PDF'si veya JPG'si.<\/li>\n<li> \u015eirketin 5% veya daha fazlas\u0131na sahip olan ve\/veya kontrol eden her bir \u015firket m\u00fcd\u00fcr\u00fc i\u00e7in devlet taraf\u0131ndan verilen foto\u011frafl\u0131 kimlik belgesinin (\u00f6rn. pasaport, ehliyet) PDF veya JPG'si<\/li>\n<li> Ba\u015flang\u0131\u00e7 \u00fccreti ve aidatlar\u0131n \u00f6denmesi<\/li>\n<\/ul>\n<p>Aday \u00fcyeler, mevcut IAM \u00fcyelerinin incelemesi i\u00e7in 30 g\u00fcn boyunca IAM web sitesinde yay\u0131nlan\u0131r ve bu s\u00fcrenin sonunda \u00fcyelik onaylan\u0131r.<\/p>\n<p><strong>Baz\u0131 \u00dcye \u015eirketler<\/strong><\/p>\n<ul>\n<li> <a href=\"https:\/\/moverdb.com\/tr\/aires\/\">Aires<\/a><\/li>\n<li> <a href=\"https:\/\/moverdb.com\/tr\/matthew-james\/\">Matthew James Global Relocations<\/a><\/li>\n<li> <a href=\"https:\/\/moverdb.com\/tr\/santa-fe-relocation\/\">Santa Fe Ta\u015f\u0131nma Hizmetleri<\/a><\/li>\n<li> <a href=\"https:\/\/moverdb.com\/tr\/sterling-relocation\/\">Sterling Ta\u015f\u0131nma<\/a><\/li>\n<li> <a href=\"https:\/\/moverdb.com\/tr\/cadogan-tate\/\">Cadogan Tate<\/a><\/li>\n<li> <a href=\"https:\/\/moverdb.com\/tr\/harrow-green\/\">Harrow Green<\/a><\/li>\n<li> <a href=\"https:\/\/moverdb.com\/tr\/ekip-yerlesimleri\/\">Ekip Ta\u015f\u0131malar\u0131<\/a><\/li>\n<li> <a href=\"https:\/\/moverdb.com\/tr\/mcgimpsey-brothers-removals\/\">McGimpsey Karde\u015fler Nakliyat<\/a><\/li>\n<li> <a href=\"https:\/\/moverdb.com\/tr\/shore-porters-toplumu\/\">K\u0131y\u0131 Hamallar\u0131 Derne\u011fi<\/a><\/li>\n<li> <a href=\"https:\/\/moverdb.com\/tr\/nippon-express\/\">Nippon Express<\/a><\/li>\n<li> <a href=\"https:\/\/moverdb.com\/tr\/sirva\/\">Sirva<\/a><\/li>\n<li> <a href=\"https:\/\/moverdb.com\/tr\/tac-yerlesi%cc%87mleri%cc%87\/\">Ta\u00e7 Ta\u015f\u0131malar\u0131<\/a><\/li>\n<li> <a href=\"https:\/\/moverdb.com\/tr\/shipco-transport\/\">Shipco Ta\u015f\u0131mac\u0131l\u0131k<\/a><\/li>\n<li> <a href=\"https:\/\/moverdb.com\/tr\/conroy-removals\/\">Conroy Removals<\/a><\/li>\n<li> <a href=\"https:\/\/moverdb.com\/tr\/bolliger\/\">Bolliger<\/a><\/li>\n<li> <a href=\"https:\/\/moverdb.com\/tr\/ada-movers\/\">Ada Ta\u015f\u0131mac\u0131lar\u0131<\/a><\/li>\n<li> <a href=\"https:\/\/moverdb.com\/tr\/gil-stauffer\/\">Gil Stauffer<\/a><\/li>\n<li> <a href=\"https:\/\/moverdb.com\/tr\/royal-hawaiian-movers\/\">Royal Hawaiian Nakliyat<\/a><\/li>\n<li> <a href=\"https:\/\/moverdb.com\/tr\/teletrans\/\">Teletrans<\/a><\/li>\n<\/ul>\n<p><strong>Ta\u015f\u0131mac\u0131lar\u0131n Uluslararas\u0131 Ta\u015f\u0131mac\u0131lar Birli\u011fi Hakk\u0131ndaki G\u00f6r\u00fc\u015fleri:<\/strong><\/p>\n<p>IAM, k\u00fcresel niteli\u011finden ve sahip oldu\u011fu \u00fcye say\u0131s\u0131ndan s\u0131kl\u0131kla bahseden \u00e7ok say\u0131da web sitesinde yer almaktad\u0131r. <\/p>\n<p>Bir\u00e7o\u011fu, sekt\u00f6r\u00fcn en b\u00fcy\u00fck ticaret birli\u011fi oldu\u011fu ger\u00e7e\u011fine ve eri\u015fim alan\u0131n\u0131n kapsam\u0131na - en uzak k\u00f6\u015felerdeki \u00fcyeleriyle bile ger\u00e7ekten k\u00fcresel oldu\u011fu ger\u00e7e\u011fine odaklanmaktad\u0131r. Bir web sitesi de IAM \u00fcyesi olman\u0131n a\u015fa\u011f\u0131dakilere yard\u0131mc\u0131 oldu\u011funu belirtiyor <a href=\"https:\/\/moverdb.com\/tr\/moving-companies\/\" data-internallinksmanager029f6b8e52c=\"79\" title=\"\u00c7evrimi\u00e7i En \u0130yi 25 Uluslararas\u0131 Nakliye \u015eirketi\">ta\u015finma \u015fi\u0307rketleri\u0307<\/a> M\u00fc\u015fteriler taraf\u0131ndan bulunabilmesi ve m\u00fckemmel hizmet sunabilen bir i\u015fletmenin g\u00f6stergesi olmas\u0131. <\/p>\n<p>Genel olarak Birlik, hem bir kalite i\u015fareti hem de i\u015f ve a\u011flar\u0131 geni\u015fletmek i\u00e7in yararl\u0131 bir ara\u00e7 olarak hizmet ediyor gibi g\u00f6r\u00fcn\u00fcyor.<\/p>\n<blockquote><p>Ev e\u015fyalar\u0131n\u0131n ve ki\u015fisel e\u015fyalar\u0131n g\u00fcnl\u00fck nakliyesinde yer alan d\u00fcnya \u00e7ap\u0131ndaki \u00fcyeler, uluslararas\u0131 bir ta\u015f\u0131nman\u0131n bile\u015fenleri kadar \u00e7e\u015fitlidir. Ta\u015f\u0131mac\u0131l\u0131k ile mal ve hizmet al\u0131\u015fveri\u015fi, g\u00fcn\u00fcm\u00fcz\u00fcn k\u00fcresel ekonomik b\u00fcy\u00fcmesini sa\u011flayan temel can damar\u0131d\u0131r.\n<\/p><\/blockquote>\n<p>- <a href=\"http:\/\/www.abels.co.uk\/articles\/international-association-of-movers-iam-what-is-this\/\" target=\"_blank\" rel=\"noopener\">Abels<\/a><\/p>\n<blockquote><p>IAM, m\u00fc\u015fterilerine en \u00fcst d\u00fczeyde hizmet sunmay\u0131 taahh\u00fct eden k\u00fcresel bir nakliyeciler ve forwarderlar birli\u011fidir.<\/p><\/blockquote>\n<p>- <a href=\"http:\/\/www.amjbc.ca\/international-moving-services\/\" target=\"_blank\" rel=\"noopener\">AMJ Campbell D\u00fcnya \u00c7ap\u0131nda<\/a><\/p>\n<blockquote><p>IAM \u00fcyeli\u011fi ger\u00e7ek anlamda k\u00fcreseldir D\u00fcnyan\u0131n her yerinde IAM nakliyecilerini bulabilirsiniz. Bu da m\u00fc\u015fterilerimize ger\u00e7ek anlamda kap\u0131dan kap\u0131ya hizmet vermemize yard\u0131mc\u0131 oluyor. Bizim deyimimizle evden eve.<\/p><\/blockquote>\n<p>- <a href=\"http:\/\/hometohome.nl\/2016\/02\/12\/iam-international-association-of-movers\/\" target=\"_blank\" rel=\"noopener\">Evden Eve<\/a><\/p>\n<p><strong>Web sitesi:<\/strong> <a href=\"http:\/\/www.iamovers.org\/\" target=\"_blank\" rel=\"noopener\">http:\/\/www.iamovers.org<\/a><\/p>","protected":false},"excerpt":{"rendered":"<p>The International Association of Movers (IAM) is a global trade body with members who provide moving, forwarding, shipping, logistics, and related services. It is the largest international trade association for the industry, originally founded by charter businesses that were doing business with the US government. Key facts about the IAM: Represents more than 2,000 companies [&hellip;]<\/p>\n","protected":false},"author":1,"featured_media":0,"parent":0,"menu_order":0,"comment_status":"closed","ping_status":"closed","template":"","meta":{"_genesis_hide_title":false,"_genesis_hide_breadcrumbs":false,"_genesis_hide_singular_image":false,"_genesis_hide_footer_widgets":false,"_genesis_custom_body_class":"","_genesis_custom_post_class":"","_genesis_layout":"","footnotes":""},"class_list":{"0":"post-431","1":"page","2":"type-page","3":"status-publish","5":"entry"},"_links":{"self":[{"href":"https:\/\/moverdb.com\/tr\/wp-json\/wp\/v2\/pages\/431","targetHints":{"allow":["GET"]}}],"collection":[{"href":"https:\/\/moverdb.com\/tr\/wp-json\/wp\/v2\/pages"}],"about":[{"href":"https:\/\/moverdb.com\/tr\/wp-json\/wp\/v2\/types\/page"}],"author":[{"embeddable":true,"href":"https:\/\/moverdb.com\/tr\/wp-json\/wp\/v2\/users\/1"}],"replies":[{"embeddable":true,"href":"https:\/\/moverdb.com\/tr\/wp-json\/wp\/v2\/comments?post=431"}],"version-history":[{"count":24,"href":"https:\/\/moverdb.com\/tr\/wp-json\/wp\/v2\/pages\/431\/revisions"}],"predecessor-version":[{"id":13162,"href":"https:\/\/moverdb.com\/tr\/wp-json\/wp\/v2\/pages\/431\/revisions\/13162"}],"wp:attachment":[{"href":"https:\/\/moverdb.com\/tr\/wp-json\/wp\/v2\/media?parent=431"}],"curies":[{"name":"wp","href":"https:\/\/api.w.org\/{rel}","templated":true}]}}