{"id":430,"date":"2016-06-08T14:50:20","date_gmt":"2016-06-08T14:50:20","guid":{"rendered":"http:\/\/moverdb.com\/?page_id=430"},"modified":"2026-01-08T14:47:52","modified_gmt":"2026-01-08T14:47:52","slug":"bar-overseas","status":"publish","type":"page","link":"https:\/\/moverdb.com\/tr\/bar-overseas\/","title":{"rendered":"British Association of Removers (BAR) Yurtd\u0131\u015f\u0131 Grubu A\u00e7\u0131klamas\u0131"},"content":{"rendered":"<p><a href=\"https:\/\/moverdb.com\/tr\/british-association-of-removers\/\" data-internallinksmanager029f6b8e52c=\"9\" title=\"\u0130ngiliz S\u00f6k\u00fcmc\u00fcler Birli\u011fi (BAR) A\u00e7\u0131klamas\u0131\">BAR<\/a> Overseas Group, T\u00fcrkiye'deki <a href=\"https:\/\/moverdb.com\/tr\/british-association-of-removers\/\">\u0130ngiliz S\u00f6k\u00fcmc\u00fcler Birli\u011fi<\/a> (BAR), bir Ticaret Birli\u011fi. <\/p>\n<p>T\u0131pk\u0131 ana kurulu\u015fu gibi, ta\u015f\u0131nma sekt\u00f6r\u00fcnde profesyonel m\u00fckemmelli\u011fi te\u015fvik etmeye kendini adam\u0131\u015ft\u0131r ve \u00f6zellikle <a href=\"https:\/\/moverdb.com\/tr\/konteyner-tasimaciligi\/\">tam konteyner y\u00fck\u00fc sevkiyatlar<\/a> d\u00fcnya \u00e7ap\u0131nda ve \u00fclkeye gelen mallar <a href=\"https:\/\/moverdb.com\/tr\/moving-to-the-uk\/\" data-internallinksmanager029f6b8e52c=\"93\" title=\"Birle\u015fik Krall\u0131k&#039;a m\u0131 ta\u015f\u0131n\u0131yorsunuz? 2026 Ya\u015fam Maliyetleri &amp; Yer De\u011fi\u015ftirme \u0130pu\u00e7lar\u0131\">BIRLE\u015eIK KRALLIK<\/a> Yurt d\u0131\u015f\u0131ndan.<\/p>\n<p><strong>BAR Overseas Group hakk\u0131nda \u00f6nemli bilgiler:<\/strong><\/p>\n<ol>\n<li>  BAR Overseas, Birle\u015fik Krall\u0131k'tan 50 ki\u015filik uzman bir gruptan olu\u015fmaktad\u0131r. <a href=\"https:\/\/moverdb.com\/tr\/tasinma-si%cc%87rketleri%cc%87\/\">\u015firketler<\/a> her alan\u0131nda uzmanla\u015fm\u0131\u015f <a href=\"https:\/\/moverdb.com\/tr\/uluslararasi-tasimalar\/\">yurtdi\u015fi ve uluslararasi ta\u015fimalar<\/a> ve yer de\u011fi\u015ftirmeler.<\/li>\n<li>  \u00dcyeler, t\u00fcm m\u00fc\u015fteri \u00f6n \u00f6demelerini korumak i\u00e7in tasarlanm\u0131\u015f bir \u0130leri \u00d6deme Garantisi program\u0131na abone olurlar.<\/li>\n<li>  \u00dcyeler, en y\u00fcksek hizmet standartlar\u0131n\u0131 taahh\u00fct eden ve deniza\u015f\u0131r\u0131 ta\u015f\u0131nmalarda uzmanla\u015fm\u0131\u015f profesyonel \u015firketlerdir.<\/li>\n<li>  BAR Overseas Group, personel e\u011fitimi, ara\u00e7 ve ekipman gibi unsurlar a\u00e7\u0131s\u0131ndan \u00fcyelerinden y\u00fcksek standartlar talep etmektedir ve saha ziyaretleri rastgele bir zamanda ger\u00e7ekle\u015ftirilebilir.<\/li>\n<li>  BS 8564 Kalite Standard\u0131, BAR Yurtd\u0131\u015f\u0131 Grubu taraf\u0131ndan BSI (British Standards Institution) ile i\u015fbirli\u011fi i\u00e7inde geli\u015ftirilmi\u015ftir. T\u00fcm \u00fcyeler buna sahip olmal\u0131d\u0131r.<\/li>\n<li>  BAR \u0130leri \u00d6deme Garantisi m\u00fc\u015fterileri korur - m\u00fc\u015fterinin rezervasyon yapt\u0131rd\u0131\u011f\u0131 nakliyecinin mali s\u0131k\u0131nt\u0131ya d\u00fc\u015fmesi durumunda, ba\u015fka bir nakliyeci hi\u00e7bir ekstra \u00fccret \u00f6demeden i\u015fin tamamlanmas\u0131n\u0131 sa\u011flamak i\u00e7in g\u00f6revi devral\u0131r <a href=\"https:\/\/moverdb.com\/tr\/tasinma-maliyetleri\/\">maliyet<\/a> m\u00fc\u015fteriye.<\/li>\n<\/ol>\n<p><strong>Organizasyon profili:<\/strong><\/p>\n<p>BAR, ta\u015f\u0131mac\u0131l\u0131k sekt\u00f6r\u00fcndeki en eski ticaret birli\u011fidir ve <strong>Deniza\u015f\u0131r\u0131 Grup<\/strong> Birle\u015fik Krall\u0131k'tan d\u00fcnyan\u0131n d\u00f6rt bir yan\u0131ndaki var\u0131\u015f noktalar\u0131na eri\u015fimini geni\u015fletmek \u00fczere tasarlanm\u0131\u015ft\u0131r. <\/p>\n<p>\u00dcyelik sadece halihaz\u0131rda BAR \u00fcyeli\u011fine sahip olan nakliyecilere a\u00e7\u0131kt\u0131r, ancak bu Deniza\u015f\u0131r\u0131 Grubun bir par\u00e7as\u0131 olarak kabul edilmeyi garanti etmez. Grubun vizyonu, \u00fcyelerini sekt\u00f6rde deniza\u015f\u0131r\u0131 i\u015fler i\u00e7in tercih edilen g\u00fcvenilir nakliyeci haline getirmek ve deniza\u015f\u0131r\u0131 ta\u015f\u0131malar i\u00e7in profesyonel en iyi ta\u015f\u0131ma uygulamalar\u0131n\u0131 te\u015fvik etmek ve geli\u015ftirmektir.<\/p>\n<p><strong>\u00dcyelik i\u00e7in kriterler:<\/strong><\/p>\n<ul>\n<li> \u00dcyeler halihaz\u0131rda BAR'a \u00fcye olmal\u0131d\u0131r.<\/li>\n<li> \u00dcyeler onayl\u0131 bir \u0130leri \u00d6deme Garantisi (APG) Program\u0131na \u00fcye olmal\u0131d\u0131r.<\/li>\n<li> \u00dcyeler ya \u015fu \u00f6zelliklere sahip olmal\u0131d\u0131r <a href=\"https:\/\/moverdb.com\/tr\/fidi-faim\/\">FIDI-FAIM<\/a>veya BS 8564 (The Overseas Moving Standard) veya e\u015fde\u011feri veya daha y\u00fcksek onayl\u0131 harici denetimli standart.<\/li>\n<\/ul>\n<p><strong>\u00d6rnek \u00dcye \u015eirketler:<\/strong><\/p>\n<ul>\n<li> <a href=\"https:\/\/moverdb.com\/tr\/harrow-green\/\">Harrow Green<\/a><\/li>\n<li> <a href=\"https:\/\/moverdb.com\/tr\/anglo-pasi%cc%87fi%cc%87k\/\">Anglo Pasifik<\/a><\/li>\n<li> <a href=\"https:\/\/moverdb.com\/tr\/matthew-james\/\">Matthew James<\/a><\/li>\n<li> <a href=\"https:\/\/moverdb.com\/tr\/shore-porters-toplumu\/\">K\u0131y\u0131 Hamallar\u0131 Derne\u011fi<\/a><\/li>\n<li> <a href=\"https:\/\/moverdb.com\/tr\/pss-removals\/\">PSS Uluslararas\u0131 Ta\u015f\u0131mac\u0131l\u0131k<\/a><\/li>\n<\/ul>\n<p><strong>BAR Yurtd\u0131\u015f\u0131 Grubu hakk\u0131ndaki g\u00f6r\u00fc\u015fler<\/strong><\/p>\n<p>BAR Overseas, standartlar\u0131n d\u00fc\u015fmedi\u011finden emin olmak i\u00e7in d\u00fczenli olarak denetlenen \u00fcyeleri ile s\u0131k\u0131 \u00fcyelik kriterlerine sahip olarak g\u00f6r\u00fclmektedir. Derne\u011fin itibar\u0131, operasyonlardan tesislere kadar her \u015feyi i\u00e7eren, \u00fcyelerine y\u00f6nelik kapsaml\u0131 incelemesine dayanmaktad\u0131r. <\/p>\n<p>Finansal koruma program\u0131, m\u00fc\u015fterilere ek finansal koruma sunabildikleri i\u00e7in \u00fcyeler i\u00e7in b\u00fcy\u00fck bir de\u011fer olarak g\u00f6r\u00fclmektedir. BAR Overseas, British Association of Removers'\u0131n mevcut itibar\u0131ndan yararlanmakta ve deniza\u015f\u0131r\u0131 ta\u015f\u0131malar i\u00e7in bir kalite standard\u0131 olarak kabul edilmektedir. <\/p>\n<p>Bir \u015firket, Birle\u015fik Krall\u0131k'ta BAR Overseas Group'a kat\u0131lma kriterlerini kar\u015f\u0131layan sadece 50-60 \u015firket oldu\u011funu ve \u00fcyeli\u011fe kabul edilmenin bu kadar b\u00fcy\u00fck bir ba\u015far\u0131 olmas\u0131n\u0131n bir nedeninin de bu oldu\u011funu vurguluyor.<\/p>\n<blockquote><p>\u00dcyeler kat\u0131 standartlara uymak zorundad\u0131r ve tesislerinin, ekipmanlar\u0131n\u0131n, personel e\u011fitimlerinin ve operasyonel prosed\u00fcrlerinin en \u00fcst d\u00fczeyde kalmas\u0131n\u0131 sa\u011flamak i\u00e7in d\u00fczenli olarak denetlenirler.<\/p><\/blockquote>\n<p>- <a href=\"http:\/\/www.abels.co.uk\/european-removals-moving-to-europe\/bar-overseas-group-what-is-this\/\" target=\"_blank\" rel=\"noopener\">Abels<\/a><\/p>\n<blockquote><p>BAR Overseas Group, m\u00fc\u015fterilerini korumak amac\u0131yla IMMI (International Movers Mutual Insurance) Pe\u015fin \u00d6deme Program\u0131n\u0131 olu\u015fturmu\u015ftur.<\/p><\/blockquote>\n<p>- <a href=\"http:\/\/www.johnmason.com\/about-us\/accreditations\/bar-overseas-group\/\" target=\"_blank\" rel=\"noopener\">JohnMason<\/a> <\/p>\n<blockquote><p>BAR Overseas Group, \u00fcyeleri deniza\u015f\u0131r\u0131 ta\u015f\u0131mac\u0131l\u0131\u011f\u0131n t\u00fcm alanlar\u0131nda uzman olan British Association of Removers'\u0131n uzman bir b\u00f6l\u00fcm\u00fcd\u00fcr. Birle\u015fik Krall\u0131k'ta 60'tan az \u015firket, s\u0131k\u0131 \u00fcyelik kriterlerini ve \u00fcyelerinden istenen titiz standartlar\u0131 kar\u015f\u0131lamaktad\u0131r.<\/p><\/blockquote>\n<p>- <a href=\"http:\/\/www.simpsons-uk.com\/removals_accreditations\/overseas_group\" target=\"_blank\" rel=\"noopener\">Simpsonlar<\/a><\/p>\n<p><strong>Web sitesi:<\/strong> <a href=\"http:\/\/www.baroverseas.co.uk\/\" target=\"_blank\" rel=\"noopener\">http:\/\/www.baroverseas.co.uk\/<\/a><\/p>","protected":false},"excerpt":{"rendered":"<p>BAR Overseas Group is part of the British Association of Removers (BAR), a Trade Association. Just like its parent organisation, it is dedicated to promoting professional excellence in the removals industry and has particular experience dealing with part and full container load shipments worldwide and goods coming into the UK from abroad. Key facts about [&hellip;]<\/p>\n","protected":false},"author":1,"featured_media":0,"parent":0,"menu_order":0,"comment_status":"closed","ping_status":"closed","template":"","meta":{"_genesis_hide_title":false,"_genesis_hide_breadcrumbs":false,"_genesis_hide_singular_image":false,"_genesis_hide_footer_widgets":false,"_genesis_custom_body_class":"","_genesis_custom_post_class":"","_genesis_layout":"","footnotes":""},"class_list":{"0":"post-430","1":"page","2":"type-page","3":"status-publish","5":"entry"},"_links":{"self":[{"href":"https:\/\/moverdb.com\/tr\/wp-json\/wp\/v2\/pages\/430","targetHints":{"allow":["GET"]}}],"collection":[{"href":"https:\/\/moverdb.com\/tr\/wp-json\/wp\/v2\/pages"}],"about":[{"href":"https:\/\/moverdb.com\/tr\/wp-json\/wp\/v2\/types\/page"}],"author":[{"embeddable":true,"href":"https:\/\/moverdb.com\/tr\/wp-json\/wp\/v2\/users\/1"}],"replies":[{"embeddable":true,"href":"https:\/\/moverdb.com\/tr\/wp-json\/wp\/v2\/comments?post=430"}],"version-history":[{"count":16,"href":"https:\/\/moverdb.com\/tr\/wp-json\/wp\/v2\/pages\/430\/revisions"}],"predecessor-version":[{"id":6187,"href":"https:\/\/moverdb.com\/tr\/wp-json\/wp\/v2\/pages\/430\/revisions\/6187"}],"wp:attachment":[{"href":"https:\/\/moverdb.com\/tr\/wp-json\/wp\/v2\/media?parent=430"}],"curies":[{"name":"wp","href":"https:\/\/api.w.org\/{rel}","templated":true}]}}