{"id":429,"date":"2016-06-06T14:44:52","date_gmt":"2016-06-06T14:44:52","guid":{"rendered":"http:\/\/moverdb.com\/?page_id=429"},"modified":"2026-01-08T14:47:51","modified_gmt":"2026-01-08T14:47:51","slug":"british-association-of-removers","status":"publish","type":"page","link":"https:\/\/moverdb.com\/tr\/british-association-of-removers\/","title":{"rendered":"\u0130ngiliz S\u00f6k\u00fcmc\u00fcler Birli\u011fi (BAR) A\u00e7\u0131klamas\u0131"},"content":{"rendered":"<p>\u0130ngiliz Nakliyeciler Derne\u011fi (BAR) kendisini \"profesyonel nakliyecilik sekt\u00f6r\u00fcn\u00fcn tan\u0131nm\u0131\u015f sesi\" olarak tan\u0131mlamaktad\u0131r ve <a href=\"https:\/\/moverdb.com\/tr\/moving-to-the-uk\/\" data-internallinksmanager029f6b8e52c=\"93\" title=\"Birle\u015fik Krall\u0131k&#039;a m\u0131 ta\u015f\u0131n\u0131yorsunuz? 2026 Ya\u015fam Maliyetleri &amp; Yer De\u011fi\u015ftirme \u0130pu\u00e7lar\u0131\">BIRLE\u015eIK KRALLIK<\/a> Ta\u015f\u0131nma end\u00fcstrisi. <\/p>\n<p>E\u011fitim, mesleki standartlar ve m\u00fc\u015fterilere bilgi ve tavsiye sunman\u0131n yan\u0131 s\u0131ra bir uyu\u015fmazl\u0131k \u00e7\u00f6z\u00fcm hizmeti de BAR'\u0131n g\u00f6rev alan\u0131na dahildir.<\/p>\n<p><strong>BAR hakk\u0131nda \u00f6nemli bilgiler:<\/strong><\/p>\n<ol>\n<li>  BAR'\u0131n birka\u00e7 farkl\u0131 \u00fcyelik t\u00fcr\u00fc vard\u0131r: Birle\u015fik Krall\u0131k \u00fcyeli\u011fi, <a href=\"https:\/\/moverdb.com\/tr\/bar-overseas\/\">Yurtd\u0131\u015f\u0131 Grup \u00dcyeli\u011fi<\/a>, Ticari Ta\u015f\u0131nma Grubu \u00dcyeli\u011fi, Ki\u015fisel Depolama \u0130lgi Grubu \u00dcyeli\u011fi. <a href=\"https:\/\/moverdb.com\/tr\/uluslararasi-tasimalar\/\">\u015eirketler<\/a> Uluslararas\u0131 \u0130\u015ftirakler (kald\u0131rma sekt\u00f6r\u00fcnde ticaret yapan Birle\u015fik Krall\u0131k d\u0131\u015f\u0131ndaki i\u015fletmeler) ve \u0130\u015ftirakler (kald\u0131rma ve depolama faaliyetlerinde bulunmayan ancak sekt\u00f6re mal ve hizmet sa\u011flayan \u015firketler) de olabilir.<\/li>\n<li>  BAR, ta\u015f\u0131nma sekt\u00f6r\u00fcnde Ticaret Standartlar\u0131 Enstit\u00fcs\u00fc taraf\u0131ndan onaylanan ve izlenen tek Uygulama Kurallar\u0131na sahiptir.<\/li>\n<li>  Ticaret Standartlar\u0131 Enstit\u00fcs\u00fc t\u00fcm BAR \u00fcyelerinin performans\u0131n\u0131 izler.<\/li>\n<li>  BAR hem Birle\u015fik Krall\u0131k'\u0131 hem de <a href=\"https:\/\/moverdb.com\/tr\/tasinma-si%cc%87rketleri%cc%87\/\">uluslararasi ta\u015finmalar<\/a>.<\/li>\n<li>  BAR'\u0131n kendi e\u011fitim b\u00f6l\u00fcm\u00fc olan BAR E\u011fitim Hizmetleri, sekt\u00f6re \u00f6zel e\u011fitimlerde standartlar\u0131 belirleyen profesyonel i\u015f e\u011fitimi kurslar\u0131 sunmaktad\u0131r.<\/li>\n<li>  BAR \u00fcyeleri \u00fcyelikleri s\u00fcresince s\u00fcrekli saha denetimlerine tabidir.<\/li>\n<li> BAR ayr\u0131ca <a href=\"https:\/\/www.trustedmover.org\" target=\"_blank\" rel=\"noopener\">G\u00fcvenilir Ta\u015f\u0131y\u0131c\u0131<\/a> BAR temizleyicileri bulman\u0131za yard\u0131mc\u0131 olmak i\u00e7in web sitesi.<\/li>\n<\/ol>\n<p><strong>Organizasyon profili:<\/strong><\/p>\n<p>BAR, \u00fcyelerinin ve m\u00fc\u015fterilerinin yarar\u0131 i\u00e7in ta\u015f\u0131ma sekt\u00f6r\u00fcnde profesyonel standartlar\u0131 koruma misyonuna sahip bir end\u00fcstri kurulu\u015fu olarak kendini kabul ettirmi\u015ftir. Hizmet, malzeme, ara\u00e7 ve depolama standartlar\u0131n\u0131, personel e\u011fitimini ve bir \u015feyler ters gitti\u011finde durumla nas\u0131l ba\u015fa \u00e7\u0131k\u0131laca\u011f\u0131n\u0131 belirleyen bir uygulama kurallar\u0131na sahiptir. <\/p>\n<p>Ayr\u0131ca, \u00f6rne\u011fin bir i\u015fin nakliyeci taraf\u0131ndan iptal edilmesi gibi durumlarda m\u00fc\u015fteriler i\u00e7in mali koruma sa\u011flar. M\u00fc\u015fteriler BAR'a bir \u00fcye hakk\u0131nda \u015fikayette bulunabilirler ve ayr\u0131ca alternatif bir uyu\u015fmazl\u0131k \u00e7\u00f6z\u00fcm hizmeti de mevcuttur. <\/p>\n<p>E\u011fitim, BAR \u00fcyelik program\u0131n\u0131n \u00f6nemli bir par\u00e7as\u0131d\u0131r ve \u00fcyeler liderlik, finans, sat\u0131\u015f ve sat\u0131\u015f, m\u00fc\u015fteri hizmetleri, pazarlama, ko\u00e7luk, y\u00f6netim ve denetleme becerilerinin geli\u015ftirilmesi gibi konularda ELearning mod\u00fcllerine eri\u015febilirler.<\/p>\n<p><strong>Baz\u0131 \u00dcye \u015eirketler<\/strong><\/p>\n<ul>\n<li> <a href=\"https:\/\/moverdb.com\/tr\/cadogan-tate\/\">Cadogan Tate<\/a><\/li>\n<li> <a href=\"https:\/\/moverdb.com\/tr\/anglo-pasi%cc%87fi%cc%87k\/\">Anglo Pasifik<\/a><\/li>\n<li> <a href=\"https:\/\/moverdb.com\/tr\/shore-porters-toplumu\/\">K\u0131y\u0131 Hamallar\u0131 Derne\u011fi<\/a><\/li>\n<li> <a href=\"https:\/\/moverdb.com\/tr\/matthew-james\/\">Matthew James<\/a><\/li>\n<li> <a href=\"https:\/\/moverdb.com\/tr\/robinsons\/\">Robinsons Ta\u015f\u0131nma<\/a><\/li>\n<li> <a href=\"https:\/\/moverdb.com\/tr\/conroy-removals\/\">Conroy Removals<\/a><\/li>\n<\/ul>\n<p><strong>\u00dcyelik i\u00e7in kriterler:<\/strong><\/p>\n<p>\u00dcyelik kriterlerinin yer almad\u0131\u011f\u0131 web sitesinde, \"BAR \u00dcyesi olmakla ilgileniyorsan\u0131z, \u00fcyelik kriterleri ve ba\u015fvuru formu i\u00e7in l\u00fctfen \u015firket bilgilerinizi ve ileti\u015fim bilgilerinizi vererek BAR ile ileti\u015fime ge\u00e7in\" deniliyor.<\/p>\n<p><strong>\u0130ngiliz S\u00f6k\u00fcmc\u00fcler Birli\u011fi hakk\u0131nda sekt\u00f6r g\u00f6r\u00fc\u015fleri:<\/strong><\/p>\n<p>BAR, \u0130ngiliz nakliyecilerin web sitelerinde s\u0131k\u00e7a yer almakta ve bu listede yer alanlar\u0131n bir\u00e7o\u011fu, nakliye sekt\u00f6r\u00fcndeki en eski ticaret birliklerinden biri olarak uzun \u00f6m\u00fcrl\u00fcl\u00fc\u011f\u00fcne ve y\u00fczy\u0131l\u0131 a\u015fk\u0131n ge\u00e7mi\u015fine odaklanmaktad\u0131r. <\/p>\n<p>Ticaret Standartlar\u0131n\u0131n Uygulama Kurallar\u0131n\u0131 onaylam\u0131\u015f olmas\u0131, t\u00fcketicilere \u00e7\u0131karlar\u0131n\u0131n yasan\u0131n temel gerekliliklerinin \u00f6tesinde korundu\u011funa dair g\u00fcvence sa\u011flad\u0131\u011f\u0131 i\u00e7in bir ba\u015fka \u00f6nemli art\u0131 olarak g\u00f6r\u00fclmektedir. <\/p>\n<p>Birli\u011fin s\u00fcrekli saha denetimleri ger\u00e7ekle\u015ftirmesi ve \u00fcyelerin s\u00fcrekli m\u00fc\u015fteri memnuniyetine dair kan\u0131t sunmas\u0131 \u00f6nemli g\u00f6r\u00fcl\u00fcyor. <\/p>\n<p>Genel g\u00f6r\u00fc\u015f \u015fudur <em>\"bir BAR \u00fcyesi se\u00e7erek ta\u015f\u0131nman\u0131z\u0131n m\u00fcmk\u00fcn oldu\u011funca sorunsuz ge\u00e7mesini sa\u011flayabilirsiniz.\"<\/em> BAR, bunu iyi bir nakliyeci i\u00e7in temel bir gereklilik olarak tan\u0131mlayan, asgari profesyonellik standartlar\u0131na sahip olacak ve baz\u0131 finansal koruma sa\u011flayacak emlak web siteleri taraf\u0131ndan bir nakliyeci standard\u0131 olarak kabul edilmektedir.<\/p>\n<blockquote><p>BAR \u00fcyeli\u011fini taahh\u00fct etmi\u015f bir evden eve nakliyat firmas\u0131 se\u00e7mek iyi bir ba\u015flang\u0131\u00e7 noktas\u0131d\u0131r \u00e7\u00fcnk\u00fc bu onlar\u0131n asgari bir standarda tabi tutulmaya istekli olduklar\u0131n\u0131 g\u00f6sterir. BAR \u00fcyeleri, \u00fcyelik i\u00e7in yasal, lisansl\u0131 ara\u00e7lar, depozitonuz i\u00e7in koruma ve tahkim veya \u00fccretsiz uzla\u015ft\u0131rma gibi sizin \u00e7\u0131kar\u0131n\u0131za olacak asgari davran\u0131\u015f standartlar\u0131na sahiptir ve beklenmedik bir durumda bir \u015feyler ters gider.<\/p><\/blockquote>\n<p>- <a href=\"http:\/\/www.rightmove.co.uk\/choosing-a-removal-company.html\" target=\"_blank\" rel=\"noopener\">rightmove<\/a><\/p>\n<blockquote><p>Her BAR \u00dcyesi, Ticaret Standartlar\u0131 taraf\u0131ndan onaylanan BAR Uygulama Kurallar\u0131na g\u00f6re \u00e7al\u0131\u015f\u0131r. Bu kat\u0131 kurallar, yasalar\u0131n temel gerekliliklerinin \u00f6tesinde t\u00fcketici \u00e7\u0131karlar\u0131n\u0131 korur ve te\u015fvik eder.<\/p><\/blockquote>\n<p>- <a href=\"http:\/\/www.pickfords.co.uk\/british-association-of-removers\" target=\"_blank\" rel=\"noopener\">Pickfords<\/a><\/p>\n<blockquote><p>T\u00fcketicilerin 97%'sinden fazlas\u0131 BAR temizleyicilerini tavsiye ediyor.<\/p><\/blockquote>\n<p>- <a href=\"http:\/\/www.comparemymove.com\/blog\/our-partners\/a-guide-to-joining-the-british-association-of-removers\/\" target=\"_blank\" rel=\"noopener\">Ta\u015f\u0131nma \u0130\u015flemimi Kar\u015f\u0131la\u015ft\u0131r<\/a><\/p>\n<p><strong>Web sitesi:<\/strong> <a href=\"http:\/\/www.bar.co.uk\/\" target=\"_blank\" rel=\"noopener\">http:\/\/www.bar.co.uk\/<\/a><\/p>","protected":false},"excerpt":{"rendered":"<p>The British Association of Removers (BAR) describes itself as the &#8220;recognised voice of the professional moving industry&#8221; and it is a key body in the UK moving industry. Training, professional standards and providing information and advice to customers are included in the BAR&#8217;s remit, as well as a dispute resolution service. Key facts about BAR: [&hellip;]<\/p>\n","protected":false},"author":1,"featured_media":0,"parent":0,"menu_order":0,"comment_status":"closed","ping_status":"closed","template":"","meta":{"_genesis_hide_title":false,"_genesis_hide_breadcrumbs":false,"_genesis_hide_singular_image":false,"_genesis_hide_footer_widgets":false,"_genesis_custom_body_class":"","_genesis_custom_post_class":"","_genesis_layout":"","footnotes":""},"class_list":{"0":"post-429","1":"page","2":"type-page","3":"status-publish","5":"entry"},"_links":{"self":[{"href":"https:\/\/moverdb.com\/tr\/wp-json\/wp\/v2\/pages\/429","targetHints":{"allow":["GET"]}}],"collection":[{"href":"https:\/\/moverdb.com\/tr\/wp-json\/wp\/v2\/pages"}],"about":[{"href":"https:\/\/moverdb.com\/tr\/wp-json\/wp\/v2\/types\/page"}],"author":[{"embeddable":true,"href":"https:\/\/moverdb.com\/tr\/wp-json\/wp\/v2\/users\/1"}],"replies":[{"embeddable":true,"href":"https:\/\/moverdb.com\/tr\/wp-json\/wp\/v2\/comments?post=429"}],"version-history":[{"count":18,"href":"https:\/\/moverdb.com\/tr\/wp-json\/wp\/v2\/pages\/429\/revisions"}],"predecessor-version":[{"id":6186,"href":"https:\/\/moverdb.com\/tr\/wp-json\/wp\/v2\/pages\/429\/revisions\/6186"}],"wp:attachment":[{"href":"https:\/\/moverdb.com\/tr\/wp-json\/wp\/v2\/media?parent=429"}],"curies":[{"name":"wp","href":"https:\/\/api.w.org\/{rel}","templated":true}]}}