{"id":42,"date":"2016-03-19T18:09:36","date_gmt":"2016-03-19T18:09:36","guid":{"rendered":"http:\/\/moverdb.com\/?page_id=42"},"modified":"2026-01-08T15:20:50","modified_gmt":"2026-01-08T15:20:50","slug":"kullanim-sartlari","status":"publish","type":"page","link":"https:\/\/moverdb.com\/tr\/terms-of-use\/","title":{"rendered":"Kullan\u0131m Ko\u015fullar\u0131"},"content":{"rendered":"<p><strong>BU WEB SI\u0307TESI\u0307NI\u0307 KULLANMADAN \u00d6NCE L\u00dcTFEN BUNLARI DI\u0307KKATLI\u0307CE OKUYUN.<\/strong><\/p>\n<p>MoverDB.com'a ho\u015f geldiniz. Bu web sitesine g\u00f6z atmaya ve kullanmaya devam ederseniz, a\u015fa\u011f\u0131daki kullan\u0131m h\u00fck\u00fcm ve ko\u015fullar\u0131na uymay\u0131 ve bunlara ba\u011fl\u0131 kalmay\u0131 kabul etmi\u015f olursunuz <a href=\"https:\/\/MoverDB.com\/privacy-policy\/\" target=\"_blank\" rel=\"noopener\">G\u0130ZL\u0130L\u0130K POL\u0130T\u0130KASI<\/a> MoverDB.com'un bu web sitesi ile ilgili olarak sizinle olan ili\u015fkisini y\u00f6netir. Bu h\u00fck\u00fcm ve ko\u015fullar\u0131n herhangi bir b\u00f6l\u00fcm\u00fcne kat\u0131lm\u0131yorsan\u0131z, l\u00fctfen web sitemizi kullanmay\u0131n.<\/p>\n<p>Bu Kullan\u0131m Ko\u015fullar\u0131, a\u015fa\u011f\u0131da at\u0131fta bulunulan di\u011fer belgelerle birlikte, https:\/\/MoverDB.com\/ (\"sitemiz\") adresinden yararlanabilece\u011finiz h\u00fck\u00fcm ve ko\u015fullar\u0131 belirlemektedir. <\/p>\n<p>Di\u011fer \u00d6nemli Belgeler <\/p>\n<p>Kullan\u0131m Ko\u015fullar\u0131 bizim <a href=\"https:\/\/MoverDB.com\/privacy-policy\/\" target=\"_blank\" rel=\"noopener\">Gizlilik Politikas\u0131<\/a>'ye sa\u011flad\u0131\u011f\u0131n\u0131z ki\u015fisel verileri hangi \u015fartlarda i\u015fledi\u011fimizi belirleyen <a href=\"https:\/\/moverdb.com\/tr\/moving-to-the-united-states\/\" data-internallinksmanager029f6b8e52c=\"94\" title=\"Amerika Birle\u015fik Devletleri&#039;ne mi ta\u015f\u0131n\u0131yorsunuz? 2026 Ya\u015fam Maliyetleri ve Yer De\u011fi\u015ftirme \u0130pu\u00e7lar\u0131\">Biz<\/a>veya sizden toplad\u0131\u011f\u0131m\u0131z bilgiler. Ayr\u0131ca tam metnimizi de okuyabilirsiniz <a href=\"https:\/\/moverdb.com\/tr\/veri-isleme-politikasi\/\">Veri \u0130\u015fleme Politikas\u0131<\/a>. Sitemizi kullanarak, bu t\u00fcr i\u015flemlere izin vermi\u015f olursunuz.<\/p>\n<p>Bu web sitesinin kullan\u0131m\u0131 a\u015fa\u011f\u0131daki kullan\u0131m ko\u015fullar\u0131na tabidir:<\/p>\n<ul>\n<li>Bu web sitesinin sayfalar\u0131n\u0131n i\u00e7eri\u011fi yaln\u0131zca genel bilgi ve kullan\u0131m\u0131n\u0131z i\u00e7indir. Haber verilmeksizin de\u011fi\u015ftirilebilir.<\/li>\n<li> Bir teklif formu doldurarak, uluslararas\u0131 ta\u015f\u0131nman\u0131z i\u00e7in en iyi fiyat kar\u015f\u0131la\u015ft\u0131rma teklifini alman\u0131za yard\u0131mc\u0131 olmak amac\u0131yla bu bilgileri \u00fc\u00e7\u00fcnc\u00fc taraflarla payla\u015fmam\u0131za izin vermi\u015f olursunuz.<\/li>\n<li>Bu web sitesi, tarama tercihlerini izlemek i\u00e7in \u00e7erezler kullanmaktad\u0131r. \u00c7erezlerin kullan\u0131lmas\u0131na izin verirseniz, ki\u015fisel bilgiler \u00fc\u00e7\u00fcnc\u00fc taraflarca kullan\u0131lmak \u00fczere taraf\u0131m\u0131zdan saklanabilir.<\/li>\n<li> Ne biz ne de herhangi bir \u00fc\u00e7\u00fcnc\u00fc taraf, bu web sitesinde bulunan veya sunulan bilgi ve materyallerin do\u011frulu\u011fu, g\u00fcncelli\u011fi, performans\u0131, eksiksizli\u011fi veya belirli bir amaca uygunlu\u011fu konusunda herhangi bir garanti veya teminat vermemektedir. Bu t\u00fcr bilgi ve materyallerin yanl\u0131\u015fl\u0131klar veya hatalar i\u00e7erebilece\u011fini ve yasalar\u0131n izin verdi\u011fi en geni\u015f \u00f6l\u00e7\u00fcde bu t\u00fcr yanl\u0131\u015fl\u0131klar veya hatalar i\u00e7in sorumlulu\u011fu a\u00e7\u0131k\u00e7a hari\u00e7 tuttu\u011fumuzu kabul edersiniz.<\/li>\n<li> Bu web sitesindeki herhangi bir bilgi veya materyali kullanman\u0131z tamamen sizin sorumlulu\u011funuzdad\u0131r ve bundan biz sorumlu olmayaca\u011f\u0131z. Bu web sitesi arac\u0131l\u0131\u011f\u0131yla sunulan herhangi bir \u00fcr\u00fcn, hizmet veya bilginin \u00f6zel gereksinimlerinizi kar\u015f\u0131lad\u0131\u011f\u0131ndan emin olmak sizin sorumlulu\u011funuzdad\u0131r.<\/li>\n<li> Bu web sitesi, bize ait veya lisansl\u0131 materyaller i\u00e7ermektedir. Bu materyal tasar\u0131m, d\u00fczen, g\u00f6r\u00fcn\u00fcm, g\u00f6r\u00fcn\u00fc\u015f ve grafikleri i\u00e7erir, ancak bunlarla s\u0131n\u0131rl\u0131 de\u011fildir. Bu h\u00fck\u00fcm ve ko\u015fullar\u0131n bir par\u00e7as\u0131n\u0131 olu\u015fturan telif hakk\u0131 bildirimi d\u0131\u015f\u0131nda \u00e7o\u011falt\u0131lmas\u0131 yasakt\u0131r.<\/li>\n<li> Bu web sitesinin izinsiz kullan\u0131m\u0131 tazminat talebine yol a\u00e7abilir ve\/veya cezai bir su\u00e7 te\u015fkil edebilir.<\/li>\n<li> Bu web sitesi zaman zaman ba\u015fka web sitelerine ba\u011flant\u0131lar da i\u00e7erebilir. Bu ba\u011flant\u0131lar, daha fazla bilgi sa\u011flamak amac\u0131yla size kolayl\u0131k sa\u011flamak i\u00e7in verilmi\u015ftir. Bu ba\u011flant\u0131lar, s\u00f6z konusu web sitelerini destekledi\u011fimiz anlam\u0131na gelmez. Ba\u011flant\u0131 verilen web sitelerinin i\u00e7eri\u011fi konusunda hi\u00e7bir sorumlulu\u011fumuz bulunmamaktad\u0131r.<\/li>\n<\/ul>","protected":false},"excerpt":{"rendered":"<p>PLEASE READ THESE CAREFULLY BEFORE USING THIS WEBSITE. Welcome to MoverDB.com. If you continue to browse and use this website, you are agreeing to comply with and be bound by the following terms and conditions of use, which together with our privacy policy govern MoverDB.com&#8217;s relationship with you in relation to this website. If you [&hellip;]<\/p>\n","protected":false},"author":1,"featured_media":0,"parent":0,"menu_order":0,"comment_status":"closed","ping_status":"closed","template":"","meta":{"_genesis_hide_title":false,"_genesis_hide_breadcrumbs":false,"_genesis_hide_singular_image":false,"_genesis_hide_footer_widgets":false,"_genesis_custom_body_class":"","_genesis_custom_post_class":"","_genesis_layout":"","footnotes":""},"class_list":{"0":"post-42","1":"page","2":"type-page","3":"status-publish","5":"entry"},"_links":{"self":[{"href":"https:\/\/moverdb.com\/tr\/wp-json\/wp\/v2\/pages\/42","targetHints":{"allow":["GET"]}}],"collection":[{"href":"https:\/\/moverdb.com\/tr\/wp-json\/wp\/v2\/pages"}],"about":[{"href":"https:\/\/moverdb.com\/tr\/wp-json\/wp\/v2\/types\/page"}],"author":[{"embeddable":true,"href":"https:\/\/moverdb.com\/tr\/wp-json\/wp\/v2\/users\/1"}],"replies":[{"embeddable":true,"href":"https:\/\/moverdb.com\/tr\/wp-json\/wp\/v2\/comments?post=42"}],"version-history":[{"count":5,"href":"https:\/\/moverdb.com\/tr\/wp-json\/wp\/v2\/pages\/42\/revisions"}],"predecessor-version":[{"id":3243,"href":"https:\/\/moverdb.com\/tr\/wp-json\/wp\/v2\/pages\/42\/revisions\/3243"}],"wp:attachment":[{"href":"https:\/\/moverdb.com\/tr\/wp-json\/wp\/v2\/media?parent=42"}],"curies":[{"name":"wp","href":"https:\/\/api.w.org\/{rel}","templated":true}]}}