{"id":414,"date":"2016-07-03T15:12:27","date_gmt":"2016-07-03T15:12:27","guid":{"rendered":"http:\/\/moverdb.com\/?page_id=414"},"modified":"2026-01-08T14:39:56","modified_gmt":"2026-01-08T14:39:56","slug":"tasinma-maliyetleri","status":"publish","type":"page","link":"https:\/\/moverdb.com\/tr\/moving-costs\/","title":{"rendered":"Uluslararas\u0131 Ta\u015f\u0131nma Maliyetleri: G\u00f6rmezden Gelemeyece\u011finiz 9 \u015eey"},"content":{"rendered":"<p><img loading=\"lazy\" decoding=\"async\" src=\"https:\/\/moverdb.com\/wp-content\/uploads\/International-Moving-Costs.jpg\" alt=\"Uluslararas\u0131 Ta\u015f\u0131nma Maliyetleri\" width=\"720\" height=\"477\" class=\"aligncenter size-full wp-image-780\" srcset=\"https:\/\/moverdb.com\/wp-content\/uploads\/International-Moving-Costs.jpg 720w, https:\/\/moverdb.com\/wp-content\/uploads\/International-Moving-Costs-300x200.jpg 300w, https:\/\/moverdb.com\/wp-content\/uploads\/International-Moving-Costs-600x398.jpg 600w\" sizes=\"auto, (max-width: 720px) 100vw, 720px\" \/><\/p>\n<p>Yurtd\u0131\u015f\u0131na ta\u015f\u0131nan pek \u00e7ok ki\u015fi uluslararas\u0131 ta\u015f\u0131nma masraflar\u0131n\u0131n ne kadar y\u00fcksek olabilece\u011fine \u015fa\u015f\u0131rmaktad\u0131r. A\u015fa\u011f\u0131da, kar\u015f\u0131la\u015fabilece\u011finiz beklenen ve beklenmeyen masraflar\u0131n \u00e7o\u011funa ve nas\u0131l tasarruf edebilece\u011finize bak\u0131yoruz. <\/p>\n<div id=\"ez-toc-container\" class=\"ez-toc-v2_0_82_2 ez-toc-wrap-left counter-hierarchy ez-toc-counter ez-toc-transparent ez-toc-container-direction\">\n<div class=\"ez-toc-title-container\">\n<p class=\"ez-toc-title\" style=\"cursor:inherit\">B\u00f6l\u00fcmler<\/p>\n<span class=\"ez-toc-title-toggle\"><a href=\"#\" class=\"ez-toc-pull-right ez-toc-btn ez-toc-btn-xs ez-toc-btn-default ez-toc-toggle\" aria-label=\"\u0130\u00e7indekiler Tablosunu A\u00e7\/Kapat\"><span class=\"ez-toc-js-icon-con\"><span class=\"\"><span class=\"eztoc-hide\" style=\"display:none;\">Ge\u00e7i\u015f<\/span><span class=\"ez-toc-icon-toggle-span\"><svg style=\"fill: #999;color:#999\" xmlns=\"http:\/\/www.w3.org\/2000\/svg\" class=\"list-377408\" width=\"20px\" height=\"20px\" viewbox=\"0 0 24 24\" fill=\"none\"><path d=\"M6 6H4v2h2V6zm14 0H8v2h12V6zM4 11h2v2H4v-2zm16 0H8v2h12v-2zM4 16h2v2H4v-2zm16 0H8v2h12v-2z\" fill=\"currentColor\"><\/path><\/svg><svg style=\"fill: #999;color:#999\" class=\"arrow-unsorted-368013\" xmlns=\"http:\/\/www.w3.org\/2000\/svg\" width=\"10px\" height=\"10px\" viewbox=\"0 0 24 24\" version=\"1.2\" baseprofile=\"tiny\"><path d=\"M18.2 9.3l-6.2-6.3-6.2 6.3c-.2.2-.3.4-.3.7s.1.5.3.7c.2.2.4.3.7.3h11c.3 0 .5-.1.7-.3.2-.2.3-.5.3-.7s-.1-.5-.3-.7zM5.8 14.7l6.2 6.3 6.2-6.3c.2-.2.3-.5.3-.7s-.1-.5-.3-.7c-.2-.2-.4-.3-.7-.3h-11c-.3 0-.5.1-.7.3-.2.2-.3.5-.3.7s.1.5.3.7z\"\/><\/svg><\/span><\/span><\/span><\/a><\/span><\/div>\n<nav><ul class='ez-toc-list ez-toc-list-level-1 eztoc-toggle-hide-by-default' ><li class='ez-toc-page-1 ez-toc-heading-level-2'><a class=\"ez-toc-link ez-toc-heading-1\" href=\"https:\/\/moverdb.com\/tr\/moving-costs\/#1_Moving_Transportation_Costs\" >1. Ta\u015f\u0131nma ve Nakliye Maliyetleri<\/a><\/li><li class='ez-toc-page-1 ez-toc-heading-level-2'><a class=\"ez-toc-link ez-toc-heading-2\" href=\"https:\/\/moverdb.com\/tr\/moving-costs\/#2_Packing_Unpacking_Costs\" >2. Paketleme ve Ambalaj A\u00e7ma Maliyetleri<\/a><\/li><li class='ez-toc-page-1 ez-toc-heading-level-2'><a class=\"ez-toc-link ez-toc-heading-3\" href=\"https:\/\/moverdb.com\/tr\/moving-costs\/#3_Moving_Insurance_Costs\" >3. Ta\u015f\u0131nma Sigorta Masraflar\u0131<\/a><\/li><li class='ez-toc-page-1 ez-toc-heading-level-2'><a class=\"ez-toc-link ez-toc-heading-4\" href=\"https:\/\/moverdb.com\/tr\/moving-costs\/#4_Storage_Costs\" >4. Depolama Maliyetleri<\/a><\/li><li class='ez-toc-page-1 ez-toc-heading-level-2'><a class=\"ez-toc-link ez-toc-heading-5\" href=\"https:\/\/moverdb.com\/tr\/moving-costs\/#5Customs_Duty_Charges_Taxes\" >5. G\u00fcmr\u00fck Vergisi \u00dccretleri ve Vergiler<\/a><\/li><li class='ez-toc-page-1 ez-toc-heading-level-2'><a class=\"ez-toc-link ez-toc-heading-6\" href=\"https:\/\/moverdb.com\/tr\/moving-costs\/#6_Visa_Fees\" >6. Vize \u00dccretleri<\/a><\/li><li class='ez-toc-page-1 ez-toc-heading-level-2'><a class=\"ez-toc-link ez-toc-heading-7\" href=\"https:\/\/moverdb.com\/tr\/moving-costs\/#7_Lawyer_Fees\" >7. Avukatl\u0131k \u00dccretleri<\/a><\/li><li class='ez-toc-page-1 ez-toc-heading-level-2'><a class=\"ez-toc-link ez-toc-heading-8\" href=\"https:\/\/moverdb.com\/tr\/moving-costs\/#8_Housing_Costs\" >8. Konut Maliyetleri<\/a><\/li><li class='ez-toc-page-1 ez-toc-heading-level-2'><a class=\"ez-toc-link ez-toc-heading-9\" href=\"https:\/\/moverdb.com\/tr\/moving-costs\/#9_Other_Costs\" >9. Di\u011fer Maliyetler<\/a><\/li><\/ul><\/nav><\/div>\n<h2><span class=\"ez-toc-section\" id=\"1_Moving_Transportation_Costs\"><\/span>1. Ta\u015f\u0131nma ve Nakliye Maliyetleri<span class=\"ez-toc-section-end\"><\/span><\/h2>\n<p>Kar\u015f\u0131la\u015faca\u011f\u0131n\u0131z en b\u00fcy\u00fck tek masraf, bir <a href=\"https:\/\/moverdb.com\/tr\/tasinma-si%cc%87rketleri%cc%87\/\">uluslararas\u0131 ta\u015f\u0131ma \u015firketi<\/a> E\u015fyalar\u0131n\u0131z\u0131 A \u00fclkesindeki evinizden B \u00fclkesindeki yeni evinize ta\u015f\u0131mak i\u00e7in yukar\u0131daki formu kullanarak \u015firketleri kar\u015f\u0131la\u015ft\u0131rabilirsiniz.<\/p>\n<p>Maliyet birka\u00e7 ana fakt\u00f6re ba\u011fl\u0131 olacakt\u0131r:<\/p>\n<ul>\n<li> <strong>Ta\u015f\u0131nman\u0131n boyutu:<\/strong> Ta\u015f\u0131nma ne kadar b\u00fcy\u00fck olursa, o kadar pahal\u0131 olacakt\u0131r. Bu hem a\u011f\u0131rl\u0131k hem de hacim a\u00e7\u0131s\u0131ndan ge\u00e7erlidir. Grupaj hizmetleri, tam y\u00fck i\u00e7in yeterli mal\u0131n\u0131z yoksa bu \u00fccreti azaltabilir.<\/li>\n<li> <strong>Mesafe:<\/strong> Ne kadar uza\u011fa ta\u015f\u0131nman\u0131z gerekirse o kadar pahal\u0131 olacakt\u0131r.<\/li>\n<li> <strong>Rota:<\/strong> Baz\u0131 var\u0131\u015f noktalar\u0131 olduk\u00e7a yayg\u0131n, baz\u0131lar\u0131 ise olduk\u00e7a nadirdir. \u00d6rne\u011fin, a\u015fa\u011f\u0131dakiler aras\u0131nda uluslararas\u0131 ta\u015f\u0131nmalar <a href=\"https:\/\/moverdb.com\/tr\/moving-to-canada\/\" data-internallinksmanager029f6b8e52c=\"265\" title=\"Kanada&#039;ya Ta\u015f\u0131nmak m\u0131? 2026 Ya\u015fam Maliyetleri ve Yer De\u011fi\u015ftirme \u0130pu\u00e7lar\u0131\">Kanada<\/a> ve <a href=\"https:\/\/moverdb.com\/tr\/moving-to-the-united-states\/\" data-internallinksmanager029f6b8e52c=\"94\" title=\"Amerika Birle\u015fik Devletleri&#039;ne mi ta\u015f\u0131n\u0131yorsunuz? 2026 Ya\u015fam Maliyetleri ve Yer De\u011fi\u015ftirme \u0130pu\u00e7lar\u0131\">Birle\u015fik Devletler<\/a> veya Avrupa i\u00e7inde yayg\u0131nd\u0131r ve bu rotalar rekabet nedeniyle genellikle daha az yayg\u0131n olanlara k\u0131yasla daha ucuz olacakt\u0131r.<\/li>\n<li> <strong>Ta\u015f\u0131ma y\u00f6ntemi:<\/strong> Mallar\u0131n\u0131z\u0131 ta\u015f\u0131mak i\u00e7in se\u00e7ti\u011finiz y\u00f6ntem, \u00f6deyece\u011finiz nihai fiyatta b\u00fcy\u00fck bir fakt\u00f6rd\u00fcr. Deniz yoluyla nakliye en ucuz se\u00e7enekken, hava yoluyla nakliye en pahal\u0131 se\u00e7enektir. Arada kullan\u0131lan y\u00f6ntem(ler)den ba\u011f\u0131ms\u0131z olarak, kamyonlar neredeyse her zaman herhangi bir ta\u015f\u0131nman\u0131n ilk ve son ayaklar\u0131n\u0131 ger\u00e7ekle\u015ftirecektir.<\/li>\n<\/ul>\n<p>Deniz ta\u015f\u0131mac\u0131l\u0131\u011f\u0131n\u0131n en ucuz se\u00e7enek oldu\u011fu d\u00fc\u015f\u00fcn\u00fcld\u00fc\u011f\u00fcnde, baz\u0131 insanlar do\u011frudan bir <a href=\"https:\/\/moverdb.com\/tr\/nakli%cc%87ye-si%cc%87rketleri%cc%87\/\">uluslararas\u0131 nakliye \u015firketi<\/a>. Bu bazen daha ucuz olsa da, bu \u015firketlerin \u00e7o\u011fu ger\u00e7ekten ev ta\u015f\u0131ma i\u00e7in kurulmam\u0131\u015ft\u0131r, bunun yerine \u00f6ncelikle a\u015fa\u011f\u0131dakilerle ilgilenirler <a href=\"https:\/\/moverdb.com\/tr\/yuk-i%cc%87leti%cc%87ci%cc%87si%cc%87\/\">navlun nakli\u0307yesi\u0307<\/a>.    <\/p>\n<p>Ta\u015f\u0131nma ve nakliye maliyetlerini daha iyi anlamak i\u00e7in \u015fu k\u0131lavuzumuzu da okumak isteyebilirsiniz <a href=\"https:\/\/moverdb.com\/tr\/konteyner-tasimaciligi\/\">Uluslararas\u0131 Konteyner Nakliye Maliyetleri<\/a> ya da do\u011frudan <a href=\"https:\/\/moverdb.com\/tr\/alintilar\/\">uluslararas\u0131 ta\u015f\u0131ma teklifleri<\/a>.<\/p>\n<p><strong>Tipik Maliyet:<\/strong> Ba\u015flang\u0131\u00e7 <strong>$1,000<\/strong> USD (750 \u00a3; 900 \u20ac) ve deniza\u015f\u0131r\u0131 uzun mesafeli ta\u015f\u0131nmalar i\u00e7in $10,000'i kolayca a\u015fabilir<\/p>\n<h2><span class=\"ez-toc-section\" id=\"2_Packing_Unpacking_Costs\"><\/span>2. Paketleme ve Ambalaj A\u00e7ma Maliyetleri<span class=\"ez-toc-section-end\"><\/span><\/h2>\n<p>Hepsi olmasa da <a href=\"https:\/\/moverdb.com\/tr\/moving-companies\/\" data-internallinksmanager029f6b8e52c=\"79\" title=\"\u00c7evrimi\u00e7i En \u0130yi 25 Uluslararas\u0131 Nakliye \u015eirketi\">ta\u015finma \u015fi\u0307rketleri\u0307<\/a> paketleme ve a\u00e7ma i\u00e7in ekstra \u00fccret talep etse de, \u00e7o\u011fu bunu yapar. Ta\u015f\u0131nd\u0131\u011f\u0131n\u0131z \u00fclkeye ba\u011fl\u0131 olarak, bu maliyete katlanma konusunda ba\u015fka se\u00e7ene\u011finiz olmayabilir. Bunun nedeni, baz\u0131 \u00fclkelerin g\u00fcmr\u00fck belgelerinin, nakliye \u015firketinin ithal edilen mallara kefil olmas\u0131n\u0131 ve yasad\u0131\u015f\u0131 hi\u00e7bir \u015feyin g\u00f6nderilmedi\u011finden emin olmas\u0131n\u0131 gerektirmesidir.<\/p>\n<p>Yasa d\u0131\u015f\u0131 maddeler aras\u0131nda uyu\u015fturucu ve silah gibi a\u015fik\u00e2r olanlar oldu\u011fu gibi, belirli bitkiler veya hayvanlar gibi fark\u0131nda olmad\u0131\u011f\u0131n\u0131z \u015feyler de olabilir. Yasalar\u0131 \u00e7i\u011fnerken yakalanan nakliye \u015firketleri para cezas\u0131na \u00e7arpt\u0131r\u0131labilir veya lisanslar\u0131n\u0131 ve dolay\u0131s\u0131yla o \u00fclkede i\u015f yapma kabiliyetlerini kaybedebilirler.<\/p>\n<p>Bu maliyetten ka\u00e7\u0131nmak veya azaltmak istiyorsan\u0131z, nakliyecinizle mutlaka konu\u015fun ve yapabilece\u011finiz bir \u015fey olup olmad\u0131\u011f\u0131n\u0131 \u00f6\u011frenin. Bazen e\u015fyalar\u0131 kendiniz paketleyerek, ancak kutular\u0131 incelemeleri i\u00e7in a\u00e7\u0131k b\u0131rakarak tasarruf edebilirsiniz. Yeni evinizde e\u015fyalar\u0131 kendiniz a\u00e7may\u0131 tercih ederseniz, di\u011fer taraftan da her zaman tasarruf edebilirsiniz. <\/p>\n<p>Son olarak, kutu, balonlu naylon ve bant gibi ambalaj malzemeleri i\u00e7in \u00f6deme yapman\u0131n ger\u00e7ekten bir yolu olmad\u0131\u011f\u0131n\u0131 unutmay\u0131n. <\/p>\n<p><strong>Tipik maliyet:<\/strong> Ba\u015flang\u0131\u00e7 <strong>$100<\/strong> USD (75 \u00a3, 90 \u20ac), ancak genellikle birka\u00e7 y\u00fcz dolar.    <\/p>\n<h2><span class=\"ez-toc-section\" id=\"3_Moving_Insurance_Costs\"><\/span>3. Ta\u015f\u0131nma Sigorta Masraflar\u0131<span class=\"ez-toc-section-end\"><\/span><\/h2>\n<p>Baz\u0131 ta\u015f\u0131ma \u015firketleri teklif ettikleri fiyata sigortay\u0131 da dahil eder, ancak hepsi etmez. Sigortan\u0131n tam olarak neleri kapsay\u0131p kapsamad\u0131\u011f\u0131n\u0131 kontrol etti\u011finizden emin olun. <\/p>\n<p>Mallar\u0131n\u0131z deniz yoluyla g\u00f6nderiliyorsa, bir t\u00fcr deniz sigortas\u0131 poli\u00e7esi oldu\u011fundan emin olmak isteyeceksiniz. Ne olursa olsun, mallar\u0131n\u0131zda meydana gelebilecek kay\u0131p, h\u0131rs\u0131zl\u0131k ve\/veya hasar\u0131n tam de\u011ferini kar\u015f\u0131layan bir poli\u00e7eye sahip olmak isteyeceksiniz.   <\/p>\n<p><strong>Tipik Maliyet:<\/strong> Ba\u015flang\u0131\u00e7 <strong>$100<\/strong> USD (75 \u00a3, 90 \u20ac), ancak y\u00fcksek de\u011ferli, ola\u011fand\u0131\u015f\u0131 ve\/veya nadir mallar\u0131n ta\u015f\u0131nmas\u0131 durumunda \u00e7ok daha y\u00fcksek olabilir.<\/p>\n<h2><span class=\"ez-toc-section\" id=\"4_Storage_Costs\"><\/span>4. Depolama Maliyetleri<span class=\"ez-toc-section-end\"><\/span><\/h2>\n<p>Yurtd\u0131\u015f\u0131na ta\u015f\u0131n\u0131rken normal ta\u015f\u0131nma masraflar\u0131n\u0131za ek olarak depolama i\u00e7in de \u00f6deme yapman\u0131z gerekebilir. Bunun nedeni, ta\u015f\u0131nma tarihinizi a\u015fa\u011f\u0131dakiler taraf\u0131ndan kullan\u0131lan nakliye tarihleriyle koordine etmenin zor olabilmesidir <a href=\"https:\/\/moverdb.com\/tr\/container-shipping\/\" data-internallinksmanager029f6b8e52c=\"3\" title=\"Uluslararas\u0131 Konteyner Nakliye Fiyatlar\u0131 Tablosu: Nisan 2026\">uluslararasi g\u00f6nderi\u0307m<\/a> \u015eirketler. <\/p>\n<p>Bu nedenle, mallar\u0131n\u0131z nakil halinde de\u011filken bir yerde depolanmalar\u0131 gerekecektir. Mallar\u0131n\u0131z\u0131n ne zaman ula\u015faca\u011f\u0131na dair beklentilerinizi belirlerken bunu akl\u0131n\u0131zda bulundurdu\u011funuzdan emin olun.<\/p>\n<p>Yeni \u00fclkenizde ya\u015fayacak bir yer ararken e\u015fyalar\u0131n\u0131z\u0131 depoda tutmak da isteyebilirsiniz. Ya da bunun ge\u00e7ici bir ta\u015f\u0131nma oldu\u011funu d\u00fc\u015f\u00fcn\u00fcyorsan\u0131z, geri d\u00f6nene kadar e\u015fyalar\u0131n\u0131z\u0131 saklamak i\u00e7in \u00f6deme yapmak isteyebilirsiniz.  <\/p>\n<p><strong>Tipik Maliyet:<\/strong> Ba\u015flang\u0131\u00e7 <strong>$100<\/strong> Bir veya iki yatakl\u0131 k\u00fc\u00e7\u00fck bir daire i\u00e7in ayl\u0131k 75 USD (\u00a390, \u20ac90) ve fiyatlar buradan yukar\u0131 \u00e7\u0131kabilir. Neyse ki, bu alanda fiyatlar\u0131 d\u00fc\u015f\u00fck tutmaya yard\u0131mc\u0131 olan olduk\u00e7a fazla rekabet var. <\/p>\n<h2><span class=\"ez-toc-section\" id=\"5Customs_Duty_Charges_Taxes\"><\/span>5. G\u00fcmr\u00fck Vergisi \u00dccretleri ve Vergiler<span class=\"ez-toc-section-end\"><\/span><\/h2>\n<p>Ta\u015f\u0131nmadan \u00f6nce incelenmesi gereken bir di\u011fer k\u00fc\u00e7\u00fck maliyet de ta\u015f\u0131naca\u011f\u0131n\u0131z \u00fclkedeki g\u00fcmr\u00fck vergileridir. Amerika Birle\u015fik Devletleri gibi baz\u0131 \u00fclkeler, ev kullan\u0131m\u0131na y\u00f6nelik \u00e7o\u011fu e\u015fyan\u0131n g\u00fcmr\u00fcks\u00fcz ta\u015f\u0131nmas\u0131na izin vermektedir. <\/p>\n<p>gibi \u00fclkeler ise <a href=\"https:\/\/moverdb.com\/tr\/moving-to-the-uk\/\" data-internallinksmanager029f6b8e52c=\"93\" title=\"Birle\u015fik Krall\u0131k&#039;a m\u0131 ta\u015f\u0131n\u0131yorsunuz? 2026 Ya\u015fam Maliyetleri &amp; Yer De\u011fi\u015ftirme \u0130pu\u00e7lar\u0131\">Birle\u015fik Krall\u0131k<\/a> nereden ta\u015f\u0131nd\u0131\u011f\u0131n\u0131za ba\u011fl\u0131 olan daha karma\u015f\u0131k kurallara sahiptir. \u00d6rne\u011fin, AB i\u00e7inden yap\u0131lan ta\u015f\u0131nmalar (bu yaz\u0131n\u0131n yaz\u0131ld\u0131\u011f\u0131 s\u0131rada) g\u00fcmr\u00fck vergisinden muafken, AB d\u0131\u015f\u0131ndan yap\u0131lan ta\u015f\u0131nmalarda g\u00fcmr\u00fck vergisi ve vergilerden muaf tutulma talebinde bulunabilirsiniz. <\/p>\n<p>\u00c7o\u011fu zaman g\u00fcmr\u00fck \u00fccretleri ve vergileri mallar\u0131n kendi de\u011ferine g\u00f6re tahsil edilir. <\/p>\n<p><strong>Tipik Maliyet:<\/strong> Yan\u0131n\u0131zda getirece\u011finiz mallar\u0131n de\u011ferine ve t\u00fcr\u00fcne ba\u011fl\u0131 olarak \u00fccretsizden neredeyse s\u0131n\u0131rs\u0131za kadar her yerde. <\/p>\n<h2><span class=\"ez-toc-section\" id=\"6_Visa_Fees\"><\/span>6. Vize \u00dccretleri<span class=\"ez-toc-section-end\"><\/span><\/h2>\n<p>\u00c7al\u0131\u015fmak veya e\u011fitim almak i\u00e7in ba\u015fka bir \u00fclkeye ta\u015f\u0131nd\u0131\u011f\u0131n\u0131zda, \u00fclkeler aras\u0131nda vizesiz ge\u00e7i\u015f yapman\u0131za olanak tan\u0131yan AB i\u00e7inde hareket etmiyorsan\u0131z, genellikle vize ba\u015fvurusunda bulunman\u0131z gerekir. \u00c7al\u0131\u015fma ve E\u011fitim vizeleri neredeyse her zaman \u00e7ok say\u0131da evrak i\u015fi ve bazen olduk\u00e7a y\u00fcksek \u00fccretlerin \u00f6denmesini i\u00e7erir. <\/p>\n<p>\u00d6rne\u011fin, Birle\u015fik Krall\u0131k'ta baz\u0131 vizeler 1.000 \u00a3'un ($1.300 USD; 1.200 \u20ac) \u00fczerindedir. Ve bu \u00fccretin vizenizi her yeniledi\u011finizde \u00f6denmesi gerekti\u011fini unutmay\u0131n. Bu, genel maliyetlerinize \u00f6nemli \u00f6l\u00e7\u00fcde katk\u0131da bulunabilir ve b\u00fct\u00e7enizde olmas\u0131 gereken bir \u015feydir.<\/p>\n<p><strong>Tipik Maliyet:<\/strong> AB i\u00e7inde \u00fccretsizdir ve \u00fclkeden \u00fclkeye de\u011fi\u015fir, ancak vize ba\u015f\u0131na birka\u00e7 bin dolara kadar \u00e7\u0131kabilir.<\/p>\n<h2><span class=\"ez-toc-section\" id=\"7_Lawyer_Fees\"><\/span>7. Avukatl\u0131k \u00dccretleri<span class=\"ez-toc-section-end\"><\/span><\/h2>\n<p>Genel olarak vizeler ve di\u011fer g\u00fcmr\u00fck belgeleri, kendi \u00fclkenizdeki ve ta\u015f\u0131nmay\u0131 planlad\u0131\u011f\u0131n\u0131z \u00fclkedeki h\u00fck\u00fcmet web sitesi kaynaklar\u0131n\u0131 kullanarak biraz internet ara\u015ft\u0131rmas\u0131 ile kendi ba\u015f\u0131n\u0131za doldurulabilir. <\/p>\n<p>Bununla birlikte, bir\u00e7ok ki\u015fi uluslararas\u0131 ta\u015f\u0131nmalar\u0131n bazen son derece karma\u015f\u0131k d\u00fcnyas\u0131n\u0131 \u00e7\u00f6zmek i\u00e7in bir avukat kullanarak daha rahat hissediyor. <\/p>\n<p>Bu nedenle, bir\u00e7ok ki\u015fi i\u015fleri kendileri yapmak yerine ihtiya\u00e7 duyduklar\u0131 t\u00fcm evraklar\u0131 doldurmas\u0131 i\u00e7in bir avukat tutmay\u0131 tercih ediyor. Bu durum g\u00f6n\u00fcl rahatl\u0131\u011f\u0131 sa\u011flasa da, olduk\u00e7a y\u00fcksek bir maliyet getirebilir. <\/p>\n<p><strong>Tipik Maliyet:<\/strong> \u00dclkeye g\u00f6re b\u00fcy\u00fck \u00f6l\u00e7\u00fcde de\u011fi\u015fir, tipik olarak fiyatlar en az <strong>$100USD\/saat<\/strong> (75 \u00a3, 90 \u20ac), ortak hizmetler i\u00e7in sabit \u00fccretler kolayca y\u00fckselebilir <strong>$1,000 USD<\/strong> En temel hizmetler i\u00e7in bile.  <\/p>\n<h2><span class=\"ez-toc-section\" id=\"8_Housing_Costs\"><\/span>8. Konut Maliyetleri<span class=\"ez-toc-section-end\"><\/span><\/h2>\n<p>Yeni \u00fclkenizde muhtemelen en b\u00fcy\u00fck masraf\u0131n\u0131z bar\u0131nma olacakt\u0131r. Ancak, bar\u0131nman\u0131n nas\u0131l i\u015fledi\u011finin ve hangi vergi ve har\u00e7lar\u0131n s\u00f6z konusu oldu\u011funun \u00fclkeden \u00fclkeye b\u00fcy\u00fck \u00f6l\u00e7\u00fcde de\u011fi\u015febilece\u011fini unutmay\u0131n. <\/p>\n<p>\u00d6rne\u011fin, Amerika Birle\u015fik Devletleri'nde b\u00fcy\u00fck k\u0131y\u0131 \u015fehirleri d\u0131\u015f\u0131ndaki emlak fiyatlar\u0131 son derece d\u00fc\u015f\u00fckt\u00fcr. Bununla birlikte, her y\u0131l m\u00fclk\u00fcn\u00fcz\u00fcn de\u011ferine g\u00f6re emlak vergisi \u00f6demeniz gerekecektir, ancak yaln\u0131zca m\u00fclk sahibiyseniz. Bunlar, ABD'de 0.28% ile <a href=\"https:\/\/moverdb.com\/tr\/moving-to-the-united-states\/moving-to-hawaii\/\" data-internallinksmanager029f6b8e52c=\"403\" title=\"Hawaii&#039;ye mi ta\u015f\u0131n\u0131yorsunuz? 2026 Ya\u015fam Maliyetleri ve Yer De\u011fi\u015ftirme \u0130pu\u00e7lar\u0131\">Hawaii<\/a> 2.29%'ye kadar <a href=\"https:\/\/moverdb.com\/tr\/moving-to-the-united-states\/moving-to-new-jersey\/\" data-internallinksmanager029f6b8e52c=\"417\" title=\"New Jersey&#039;e mi ta\u015f\u0131n\u0131yorsunuz? 2026 Ya\u015fam Maliyetleri &amp; Yer De\u011fi\u015ftirme \u0130pu\u00e7lar\u0131\">New Jersey<\/a>.<\/p>\n<p>\u00d6te yandan, Birle\u015fik Krall\u0131k gibi \u00fclkelerde do\u011frudan emlak vergisi yoktur. Bunun yerine \u00f6dersiniz <a href=\"https:\/\/www.gov.uk\/stamp-duty-land-tax\/residential-property-rates\" target=\"_blank\" rel=\"noopener\">damga vergisi<\/a> Bir m\u00fclk sat\u0131n al\u0131rken, sat\u0131n alma fiyat\u0131n\u0131n 12%'sine kadar \u00e7\u0131kabilir (al\u0131c\u0131 \u00fccretin tamam\u0131n\u0131 \u00f6der, sat\u0131c\u0131 \u00f6demez). Ayr\u0131ca, hem ev sahipleri hem de kirac\u0131lar <a href=\"https:\/\/www.gov.uk\/council-tax\/working-out-your-council-tax\" target=\"_blank\" rel=\"noopener\">belediye vergisi<\/a> M\u00fclk\u00fcn 1991 y\u0131l\u0131ndaki de\u011ferine g\u00f6re her y\u0131l. Ortalama olarak y\u0131lda yakla\u015f\u0131k 1,200 \u00a3 ($1,600 USD; 1,400 \u20ac) olarak hesaplanmaktad\u0131r.<\/p>\n<p>Bu nedenle, konut bakarken sadece m\u00fclk sat\u0131n alma ve\/veya kiralama fiyat\u0131na bakmay\u0131n. Kullanaca\u011f\u0131n\u0131z konutun t\u00fcr\u00fc, konumu ve kira s\u00fcresi g\u00f6z \u00f6n\u00fcne al\u0131nd\u0131\u011f\u0131nda sorumlu olaca\u011f\u0131n\u0131z t\u00fcm \u00fccretleri, masraflar\u0131 ve vergileri anlad\u0131\u011f\u0131n\u0131zdan emin olun. <\/p>\n<p><strong>Tipik Maliyet:<\/strong> Tamamen \u00fclkeye ba\u011fl\u0131d\u0131r, ancak vergiler genellikle y\u0131ll\u0131k $1,000 USD'den az de\u011fildir ve y\u00fczdeye dayal\u0131 emlak vergisi rejimine sahip \u00fclkelerde \u00f6nemli \u00f6l\u00e7\u00fcde daha y\u00fcksek olabilir.    <\/p>\n<h2><span class=\"ez-toc-section\" id=\"9_Other_Costs\"><\/span>9. Di\u011fer Maliyetler<span class=\"ez-toc-section-end\"><\/span><\/h2>\n<p>Son olarak, uluslararas\u0131 d\u00fczeyde ta\u015f\u0131n\u0131rken bir dizi ba\u015fka k\u00fc\u00e7\u00fck ve \u00e7ok k\u00fc\u00e7\u00fck olmayan \u00fccret ve masraf\u0131 da hesaba katman\u0131z gerekir. Bunlar aras\u0131nda, mobilyal\u0131 dairelerin yayg\u0131n oldu\u011fu bir \u00fclkeden ABD veya Kanada gibi mobilyal\u0131 dairelerin nadir oldu\u011fu bir \u00fclkeye ta\u015f\u0131n\u0131yorsan\u0131z yeni mobilya sat\u0131n almak gibi \u015feyler yer alabilir.<\/p>\n<p>Kendi mobilyalar\u0131n\u0131z olsa bile, farkl\u0131 \u00fclkelerde farkl\u0131 voltajlar kullan\u0131ld\u0131\u011f\u0131ndan ve\/veya farkl\u0131 fi\u015flere sahip olduklar\u0131ndan, yeni cihazlar sat\u0131n alman\u0131z gerekebilir. Yanl\u0131\u015f t\u00fcrde cihaz kullanmak elektrik sisteminize zarar verebilir, bu nedenle ta\u015f\u0131nmadan \u00f6nce mutlaka kontrol edin. <\/p>\n<p>So\u011fuk haval\u0131 bir b\u00f6lgeden s\u0131cak haval\u0131 bir b\u00f6lgeye veya tam tersi bir b\u00f6lgeye ta\u015f\u0131n\u0131yorsan\u0131z yeni k\u0131yafetlere de ihtiyac\u0131n\u0131z olabilir. Bu t\u00fcr masraflar hakk\u0131nda daha fazla bilgi edinmek i\u00e7in en iyisi ta\u015f\u0131naca\u011f\u0131n\u0131z \u00fclke hakk\u0131nda daha fazla bilgi edinmenizdir.<\/p>\n<p>Bu nedenle, ta\u015f\u0131naca\u011f\u0131n\u0131z \u00fclkedeki maliyetler hakk\u0131nda daha fazla bilgi edinmenize yard\u0131mc\u0131 olacak baz\u0131 \u00f6zel \u00fclke rehberleri olu\u015fturduk.   <\/p>","protected":false},"excerpt":{"rendered":"<p>Many people who move abroad are surprised a just how high international moving costs can be. Below we look at many of the expected and unexpected expenses you may face and how to save money. 1. Moving &#038; Transportation Costs The biggest single expense you&#8217;ll face is hiring an international moving company to move your [&hellip;]<\/p>\n","protected":false},"author":1,"featured_media":780,"parent":0,"menu_order":0,"comment_status":"closed","ping_status":"closed","template":"","meta":{"_genesis_hide_title":false,"_genesis_hide_breadcrumbs":false,"_genesis_hide_singular_image":false,"_genesis_hide_footer_widgets":false,"_genesis_custom_body_class":"","_genesis_custom_post_class":"","_genesis_layout":"","footnotes":""},"class_list":{"0":"post-414","1":"page","2":"type-page","3":"status-publish","4":"has-post-thumbnail","6":"entry"},"_links":{"self":[{"href":"https:\/\/moverdb.com\/tr\/wp-json\/wp\/v2\/pages\/414","targetHints":{"allow":["GET"]}}],"collection":[{"href":"https:\/\/moverdb.com\/tr\/wp-json\/wp\/v2\/pages"}],"about":[{"href":"https:\/\/moverdb.com\/tr\/wp-json\/wp\/v2\/types\/page"}],"author":[{"embeddable":true,"href":"https:\/\/moverdb.com\/tr\/wp-json\/wp\/v2\/users\/1"}],"replies":[{"embeddable":true,"href":"https:\/\/moverdb.com\/tr\/wp-json\/wp\/v2\/comments?post=414"}],"version-history":[{"count":15,"href":"https:\/\/moverdb.com\/tr\/wp-json\/wp\/v2\/pages\/414\/revisions"}],"predecessor-version":[{"id":13165,"href":"https:\/\/moverdb.com\/tr\/wp-json\/wp\/v2\/pages\/414\/revisions\/13165"}],"wp:featuredmedia":[{"embeddable":true,"href":"https:\/\/moverdb.com\/tr\/wp-json\/wp\/v2\/media\/780"}],"wp:attachment":[{"href":"https:\/\/moverdb.com\/tr\/wp-json\/wp\/v2\/media?parent=414"}],"curies":[{"name":"wp","href":"https:\/\/api.w.org\/{rel}","templated":true}]}}