{"id":384,"date":"2016-05-26T14:06:53","date_gmt":"2016-05-26T14:06:53","guid":{"rendered":"http:\/\/moverdb.com\/?page_id=384"},"modified":"2026-01-08T14:40:17","modified_gmt":"2026-01-08T14:40:17","slug":"yorumlar","status":"publish","type":"page","link":"https:\/\/moverdb.com\/tr\/reviews\/","title":{"rendered":"MoverDB Uluslararas\u0131 Ta\u015f\u0131mac\u0131l\u0131k \u015eirketi Yorumlar\u0131 ve Puanlar\u0131 A\u00e7\u0131kland\u0131"},"content":{"rendered":"<p>MoverDB.com'da amac\u0131m\u0131z size d\u00fcnyan\u0131n en b\u00fcy\u00fck ve en iyi nakliyecileri hakk\u0131nda tarafs\u0131z bilgi ve incelemeler sunmakt\u0131r. <a href=\"https:\/\/moverdb.com\/tr\/tasinma-si%cc%87rketleri%cc%87\/\">en i\u0307yi\u0307 uluslararasi ta\u015fima \u015fi\u0307rketleri\u0307<\/a>. Bunu yapmak i\u00e7in her bir nakliyeci i\u00e7in profiller olu\u015fturduk.<\/p>\n<p>Her profil a\u015fa\u011f\u0131daki bilgileri i\u00e7erir:<\/p>\n<ol>\n<li> \u015eirket taraf\u0131ndan sunulan ta\u015f\u0131ma hizmetleri.<\/li>\n<li> \u015eirket profili: tarih\u00e7e, itibar ve <a href=\"https:\/\/moverdb.com\/tr\/kuruluslar-dernekler\/\">kurulu\u015flar &amp; ba\u011fliliklar<\/a> di\u011fer ilgin\u00e7 ger\u00e7eklerle birlikte.<\/li>\n<li> Daha iyi bir nakliyeci se\u00e7menize yard\u0131mc\u0131 olmak i\u00e7in web'in d\u00f6rt bir yan\u0131ndan gelen yorumlar.<\/li>\n<\/ol>\n<p><strong>4. Web sitesi incelemesi a\u00e7\u0131kland\u0131<\/strong><\/p>\n<p>Son olarak, MoverDB.com her nakliyeci i\u00e7in bir web sitesi inceleme puan\u0131 da i\u00e7erir. Bu, web sitesinin kullan\u0131\u015fl\u0131l\u0131\u011f\u0131n\u0131n bir incelemesidir ve <strong>yans\u0131tm\u0131yor<\/strong> nakliyecinin kendi kalitesi. Bunun yerine a\u015fa\u011f\u0131daki hususlara bakar:<\/p>\n<ol>\n<li> A\u00e7\u0131k ileti\u015fim bilgileri<\/li>\n<li> Kolayca fiyat teklifi alabilme<\/li>\n<li> Web sitesinde a\u00e7\u0131k ve faydal\u0131 bilgiler<\/li>\n<li> Uluslararas\u0131 ta\u015f\u0131ma organizasyonlar\u0131na \u00fcyelik<\/li>\n<li> \u0130ncelemeler ve referanslar<\/li>\n<\/ol>\n<p><em>L\u00fctfen bunlar\u0131 kendi sorumlulu\u011funuzda kullan\u0131n. MoverDB.com sunulan bilgilerin do\u011frulu\u011fu konusunda hi\u00e7bir sorumluluk kabul etmez. Ayr\u0131ca, bir nakliyeci se\u00e7erken bu web sitesindeki bilgi ve incelemelerin kullan\u0131m\u0131 konusunda hi\u00e7bir sorumluluk kabul etmiyoruz. Biz sadece a\u015fa\u011f\u0131dakiler i\u00e7in bir yol sunuyoruz <a href=\"https:\/\/moverdb.com\/tr\/alintilar\/\">\u00fccretsiz tekliflerle nakliyecileri kar\u015f\u0131la\u015ft\u0131r\u0131n<\/a>.<\/em><\/p>","protected":false},"excerpt":{"rendered":"<p>At MoverDB.com our goal is to bring you unbiased information and reviews of the world&#8217;s biggest and best international moving companies. To do this we&#8217;ve created profiles for each and every mover. Each profile includes the following information: Moving services offered by the company. Company profile: including history, reputation and organizations &#038; affiliations along with [&hellip;]<\/p>\n","protected":false},"author":1,"featured_media":0,"parent":0,"menu_order":0,"comment_status":"closed","ping_status":"closed","template":"","meta":{"_genesis_hide_title":false,"_genesis_hide_breadcrumbs":false,"_genesis_hide_singular_image":false,"_genesis_hide_footer_widgets":false,"_genesis_custom_body_class":"","_genesis_custom_post_class":"","_genesis_layout":"","footnotes":""},"class_list":{"0":"post-384","1":"page","2":"type-page","3":"status-publish","5":"entry"},"_links":{"self":[{"href":"https:\/\/moverdb.com\/tr\/wp-json\/wp\/v2\/pages\/384","targetHints":{"allow":["GET"]}}],"collection":[{"href":"https:\/\/moverdb.com\/tr\/wp-json\/wp\/v2\/pages"}],"about":[{"href":"https:\/\/moverdb.com\/tr\/wp-json\/wp\/v2\/types\/page"}],"author":[{"embeddable":true,"href":"https:\/\/moverdb.com\/tr\/wp-json\/wp\/v2\/users\/1"}],"replies":[{"embeddable":true,"href":"https:\/\/moverdb.com\/tr\/wp-json\/wp\/v2\/comments?post=384"}],"version-history":[{"count":3,"href":"https:\/\/moverdb.com\/tr\/wp-json\/wp\/v2\/pages\/384\/revisions"}],"predecessor-version":[{"id":387,"href":"https:\/\/moverdb.com\/tr\/wp-json\/wp\/v2\/pages\/384\/revisions\/387"}],"wp:attachment":[{"href":"https:\/\/moverdb.com\/tr\/wp-json\/wp\/v2\/media?parent=384"}],"curies":[{"name":"wp","href":"https:\/\/api.w.org\/{rel}","templated":true}]}}