{"id":366,"date":"2016-05-22T20:25:26","date_gmt":"2016-05-22T20:25:26","guid":{"rendered":"http:\/\/moverdb.com\/?page_id=366"},"modified":"2026-01-08T14:47:18","modified_gmt":"2026-01-08T14:47:18","slug":"kuruluslar-dernekler","status":"publish","type":"page","link":"https:\/\/moverdb.com\/tr\/organizations-associations\/","title":{"rendered":"28 Uluslararas\u0131 Ta\u015f\u0131mac\u0131l\u0131k ve Nakliye Kurulu\u015flar\u0131 ve Dernekleri"},"content":{"rendered":"<p><img loading=\"lazy\" decoding=\"async\" width=\"720\" height=\"486\" src=\"https:\/\/moverdb.com\/wp-content\/uploads\/number-buttons.jpg\" alt=\"Uluslararas\u0131 Ta\u015f\u0131mac\u0131l\u0131k ve Nakliye Kurulu\u015flar\u0131 ve Dernekleri\" class=\"aligncenter size-full wp-image-367\" srcset=\"https:\/\/moverdb.com\/wp-content\/uploads\/number-buttons.jpg 720w, https:\/\/moverdb.com\/wp-content\/uploads\/number-buttons-300x203.jpg 300w, https:\/\/moverdb.com\/wp-content\/uploads\/number-buttons-600x405.jpg 600w\" sizes=\"auto, (max-width: 720px) 100vw, 720px\" \/><\/p>\n<p>A\u015fa\u011f\u0131da, en \u00f6nemli uluslararas\u0131 ta\u015f\u0131ma ve nakliye organizasyonlar\u0131n\u0131n, derneklerin, planlar\u0131n, loncalar\u0131n, konseylerin vb. kapsaml\u0131 olmayan bir listesi bulunmaktad\u0131r.   <\/p>\n<ol>\n<li> <a href=\"https:\/\/moverdb.com\/tr\/iam\/\">Uluslararas\u0131 Ta\u015f\u0131mac\u0131lar Birli\u011fi<\/a> (IAM) - T\u00fcrkiye'de <a href=\"https:\/\/moverdb.com\/tr\/iam\/\" data-internallinksmanager029f6b8e52c=\"23\" title=\"Uluslararas\u0131 Ta\u015f\u0131mac\u0131lar Birli\u011fi (IAM) A\u00e7\u0131klamas\u0131\">Uluslararas\u0131 Ta\u015f\u0131mac\u0131lar Birli\u011fi<\/a> (IAM), ta\u015f\u0131ma, nakliye, nakliye, lojistik ve ilgili hizmetleri sa\u011flayan \u00fcyelere sahip k\u00fcresel bir ticaret kurulu\u015fudur.<\/li>\n<li> <a href=\"https:\/\/moverdb.com\/tr\/fidi-faim\/\">FIDI &amp; FIDI Akredite Uluslararas\u0131 Ta\u015f\u0131mac\u0131l\u0131k<\/a> (<a href=\"https:\/\/moverdb.com\/tr\/fidi-faim\/\" data-internallinksmanager029f6b8e52c=\"16\" title=\"FIDI &amp; FAIM (FIDI Akredite Uluslararas\u0131 Ta\u015f\u0131mac\u0131) A\u00e7\u0131klamas\u0131\">FAIM<\/a>) - FIDI (F\u00e9d\u00e9ration Internationale des D\u00e9m\u00e9nageurs Internationaux; The Federation of International Movers), uluslararas\u0131 ta\u015f\u0131nma ve yer de\u011fi\u015ftirme i\u015fletmelerinin k\u00fcresel bir \u015femsiye kurulu\u015fudur.<\/li>\n<li> <a href=\"https:\/\/moverdb.com\/tr\/amsa\/\">Amerikan Ta\u015f\u0131nma ve Depolama Birli\u011fi<\/a> (AMSA) - T\u00fcrkiye'de <a href=\"https:\/\/moverdb.com\/tr\/amsa\/\" data-internallinksmanager029f6b8e52c=\"5\" title=\"Amerikan Ta\u015f\u0131nma ve Depolama Birli\u011fi (AMSA) A\u00e7\u0131klamas\u0131\">Amerikan Ta\u015f\u0131nma ve Depolama Birli\u011fi<\/a> (AMSA) Amerikan ta\u015f\u0131mac\u0131l\u0131k sekt\u00f6r\u00fcn\u00fcn ulusal ticaret birli\u011fidir.<\/li>\n<li> <a href=\"https:\/\/moverdb.com\/tr\/rim-promover\/\">Kay\u0131tl\u0131 Uluslararas\u0131 Ta\u015f\u0131mac\u0131 (RIM) \/ Uluslararas\u0131 ProMover<\/a> - Uluslararas\u0131 <a href=\"https:\/\/moverdb.com\/tr\/rim-promover\/\" data-internallinksmanager029f6b8e52c=\"76\" title=\"RIM Uluslararas\u0131 ProMover Sertifikasyonu A\u00e7\u0131klamas\u0131\">ProMover<\/a> Sertifikasyon, American Moving &amp; Storage Association (AMSA) taraf\u0131ndan olu\u015fturulan Registered International Mover (RIM) program\u0131n\u0131n bir par\u00e7as\u0131d\u0131r.<\/li>\n<li> <a href=\"https:\/\/moverdb.com\/tr\/british-association-of-removers\/\">\u0130ngiliz S\u00f6k\u00fcmc\u00fcler Birli\u011fi<\/a> (BAR) - The <a href=\"https:\/\/moverdb.com\/tr\/british-association-of-removers\/\" data-internallinksmanager029f6b8e52c=\"9\" title=\"\u0130ngiliz S\u00f6k\u00fcmc\u00fcler Birli\u011fi (BAR) A\u00e7\u0131klamas\u0131\">\u0130ngiliz S\u00f6k\u00fcmc\u00fcler Birli\u011fi<\/a> (BAR) kendisini \"profesyonel ta\u015f\u0131mac\u0131l\u0131k sekt\u00f6r\u00fcn\u00fcn tan\u0131nm\u0131\u015f sesi\" olarak tan\u0131mlamaktad\u0131r ve <a href=\"https:\/\/moverdb.com\/tr\/moving-to-the-uk\/\" data-internallinksmanager029f6b8e52c=\"93\" title=\"Birle\u015fik Krall\u0131k&#039;a m\u0131 ta\u015f\u0131n\u0131yorsunuz? 2026 Ya\u015fam Maliyetleri &amp; Yer De\u011fi\u015ftirme \u0130pu\u00e7lar\u0131\">BIRLE\u015eIK KRALLIK<\/a> Ta\u015f\u0131nma end\u00fcstrisi.<\/li>\n<li> <a href=\"https:\/\/moverdb.com\/tr\/bar-overseas\/\">BAR Yurtd\u0131\u015f\u0131 Grubu<\/a> - <a href=\"https:\/\/moverdb.com\/tr\/bar-overseas\/\" data-internallinksmanager029f6b8e52c=\"10\" title=\"British Association of Removers (BAR) Yurtd\u0131\u015f\u0131 Grubu A\u00e7\u0131klamas\u0131\">BAR Yurtd\u0131\u015f\u0131<\/a> Grup, \u0130ngiliz Ta\u015f\u0131mac\u0131lar Birli\u011fi'nin (BAR) bir par\u00e7as\u0131d\u0131r ve kendini ta\u015f\u0131mac\u0131l\u0131k sekt\u00f6r\u00fcnde profesyonel m\u00fckemmelli\u011fi te\u015fvik etmeye adam\u0131\u015ft\u0131r.<\/li>\n<li> <a href=\"https:\/\/moverdb.com\/tr\/mtc\/\">Movers Ticaret Kul\u00fcb\u00fc<\/a> (<a href=\"https:\/\/moverdb.com\/tr\/mtc\/\" data-internallinksmanager029f6b8e52c=\"30\" title=\"Movers Trading Club (MTC) A\u00e7\u0131klamas\u0131\">MTC<\/a>) - BAR Overseas Group \u00fcyesi \u015firketler i\u00e7in <a href=\"https:\/\/moverdb.com\/tr\/tasinma-maliyetleri\/\">ta\u015f\u0131nma masraflar\u0131<\/a> i\u00e7in <a href=\"https:\/\/moverdb.com\/tr\/moving-to-the-united-states\/\" data-internallinksmanager029f6b8e52c=\"94\" title=\"Amerika Birle\u015fik Devletleri&#039;ne mi ta\u015f\u0131n\u0131yorsunuz? 2026 Ya\u015fam Maliyetleri ve Yer De\u011fi\u015ftirme \u0130pu\u00e7lar\u0131\">ABD<\/a> \u0130ngiltere'den.<\/li>\n<li> <a href=\"https:\/\/moverdb.com\/tr\/kanada-nakliyeciler-dernegi\/\">Kanada Ta\u015f\u0131mac\u0131lar Birli\u011fi<\/a> (CAM) - T\u00fcrkiye'nin <a href=\"https:\/\/moverdb.com\/tr\/canadian-association-of-movers\/\" data-internallinksmanager029f6b8e52c=\"11\" title=\"Kanada Ta\u015f\u0131mac\u0131lar Birli\u011fi (CAM) A\u00e7\u0131klamas\u0131\">Kanada Ta\u015f\u0131mac\u0131lar Birli\u011fi<\/a> o <a href=\"https:\/\/moverdb.com\/tr\/moving-to-canada\/\" data-internallinksmanager029f6b8e52c=\"265\" title=\"Kanada&#039;ya Ta\u015f\u0131nmak m\u0131? 2026 Ya\u015fam Maliyetleri ve Yer De\u011fi\u015ftirme \u0130pu\u00e7lar\u0131\">Kanada<\/a>'nin ta\u015f\u0131ma ve depolama \u015firketlerini temsil eden ticaret birli\u011fi. <\/li>\n<li> <a href=\"https:\/\/moverdb.com\/tr\/aima\/\">Avustralya Uluslararas\u0131 Ta\u015f\u0131mac\u0131lar Birli\u011fi<\/a> (AIMA) - T\u00fcrkiye'nin <a href=\"https:\/\/moverdb.com\/tr\/aima\/\" data-internallinksmanager029f6b8e52c=\"8\" title=\"Avustralya Uluslararas\u0131 Ta\u015f\u0131mac\u0131lar Birli\u011fi (AIMA) A\u00e7\u0131klamas\u0131\">Avustralya Uluslararas\u0131 Ta\u015f\u0131mac\u0131lar Birli\u011fi<\/a> (AIMA), kendisini profesyonel bir forum olarak tan\u0131mlamaktad\u0131r. <a href=\"https:\/\/moverdb.com\/tr\/international-removals\/\" data-internallinksmanager029f6b8e52c=\"27\" title=\"36 \u0130ngiltere&#039;deki En \u0130yi Uluslararas\u0131 Nakliye \u015eirketleri\">uluslararasi ta\u015fimacilik<\/a> end\u00fcstri.<\/li>\n<li> <a href=\"https:\/\/moverdb.com\/tr\/afra\/\">Avustralya Mobilya S\u00f6k\u00fcc\u00fcler Derne\u011fi<\/a> (AFRA) - T\u00fcrkiye'nin <a href=\"https:\/\/moverdb.com\/tr\/afra\/\" data-internallinksmanager029f6b8e52c=\"7\" title=\"Avustralya Mobilya S\u00f6k\u00fcc\u00fcler Birli\u011fi (AFRA) A\u00e7\u0131klamas\u0131\">Avustralya Mobilya S\u00f6k\u00fcc\u00fcler Derne\u011fi<\/a> (AFRA) kendisini, T\u00fcrkiye'deki ta\u015f\u0131mac\u0131l\u0131k sekt\u00f6r\u00fcn\u00fcn hem temsilcisi hem de d\u00fczenleyicisi olarak tan\u0131mlamaktad\u0131r. <a href=\"https:\/\/moverdb.com\/tr\/moving-to-australia\/living-in-australia\/\" data-internallinksmanager029f6b8e52c=\"240\" title=\"Avustralya&#039;da Ya\u015famak Hakk\u0131nda Ta\u015f\u0131nmadan \u00d6nce Bilmeniz Gereken 21 S\u0131r\">Avustralya<\/a>.<\/li>\n<li> <a href=\"https:\/\/moverdb.com\/tr\/hgfaa\/\">Amerika Ev E\u015fyalar\u0131 Nakliyecileri Derne\u011fi<\/a> (HGFAA) <a href=\"https:\/\/moverdb.com\/tr\/hgfaa\/\" data-internallinksmanager029f6b8e52c=\"21\" title=\"Amerika Ev E\u015fyas\u0131 Nakliyecileri Birli\u011fi (HGFAA) A\u00e7\u0131klamas\u0131\">Amerika Ev E\u015fyalar\u0131 Nakliyecileri Derne\u011fi<\/a> (HGFAA) kendisini, m\u00fc\u015fterilerin ta\u015f\u0131nmalar\u0131 s\u0131ras\u0131nda m\u00fcmk\u00fcn olan en iyi hizmeti almalar\u0131n\u0131 sa\u011flamay\u0131 taahh\u00fct eden k\u00fcresel bir nakliyeciler birli\u011fi olarak tan\u0131mlamaktad\u0131r.<\/li>\n<li> <a href=\"https:\/\/moverdb.com\/tr\/ncbfaa\/\">Amerika Ulusal G\u00fcmr\u00fck Komisyoncular\u0131 ve Nakliyecileri Derne\u011fi<\/a> (NCBFAA) <a href=\"https:\/\/moverdb.com\/tr\/ncbfaa\/\" data-internallinksmanager029f6b8e52c=\"73\" title=\"Amerika Ulusal G\u00fcmr\u00fck Komisyoncular\u0131 ve Nakliyecileri Derne\u011fi (NCBFAA)\">Amerika Ulusal G\u00fcmr\u00fck Komisyoncular\u0131 ve Nakliyecileri Derne\u011fi<\/a> (NCBFAA), Amerika'da ta\u015f\u0131mac\u0131l\u0131k lojisti\u011fi sekt\u00f6r\u00fcn\u00fcn sesi olarak g\u00f6r\u00fclmektedir.<\/li>\n<li> <a href=\"https:\/\/moverdb.com\/tr\/lacma\/\">Latin Amerika ve Karayipler Uluslararas\u0131 Ta\u015f\u0131mac\u0131lar Birli\u011fi<\/a> (LACMA) - The <a href=\"https:\/\/moverdb.com\/tr\/lacma\/\" data-internallinksmanager029f6b8e52c=\"28\" title=\"Latin Amerika ve Karayipler Uluslararas\u0131 Ta\u015f\u0131mac\u0131lar Birli\u011fi (LACMA)\">Latin Amerika ve Karayipler Uluslararas\u0131 Ta\u015f\u0131mac\u0131lar Birli\u011fi<\/a> (LACIMA), yerelde yerle\u015fik i\u015fletmelerin yan\u0131 s\u0131ra d\u00fcnyan\u0131n d\u00f6rt bir yan\u0131ndaki di\u011fer i\u015fletmelerin entegrasyonunu te\u015fvik etmek amac\u0131yla bir ta\u015f\u0131nma ve yer de\u011fi\u015ftirme \u015firketleri toplulu\u011funu temsil etmektedir.<\/li>\n<li> <a href=\"https:\/\/moverdb.com\/tr\/iata\/\">Uluslararas\u0131 Hava Ta\u015f\u0131mac\u0131l\u0131\u011f\u0131 Birli\u011fi<\/a> (IATA) - T\u00fcrkiye'de <a href=\"https:\/\/moverdb.com\/tr\/iata\/\" data-internallinksmanager029f6b8e52c=\"22\" title=\"Uluslararas\u0131 Hava Ta\u015f\u0131mac\u0131l\u0131\u011f\u0131 Birli\u011fi (IATA) A\u00e7\u0131klamas\u0131\">Uluslararas\u0131 Hava Ta\u015f\u0131mac\u0131l\u0131\u011f\u0131 Birli\u011fi<\/a> (IATA) d\u00fcnya havayollar\u0131 i\u00e7in k\u00fcresel ticaret birli\u011fidir. Misyonu, \u00fcyelerine liderlik etmek ve hizmet etmenin yan\u0131 s\u0131ra onlar\u0131n \u00e7\u0131karlar\u0131n\u0131 havaliman\u0131 ta\u015f\u0131mac\u0131l\u0131\u011f\u0131 end\u00fcstrisini g\u00fc\u00e7lendirecek \u015fekilde temsil etmektir.<\/li>\n<li> <a href=\"https:\/\/moverdb.com\/tr\/euromovers\/\">Avrupa Ta\u015f\u0131y\u0131c\u0131 Ortakl\u0131\u011f\u0131 (EUROMOVERS International)<\/a> - <a href=\"https:\/\/moverdb.com\/tr\/euromovers\/\" data-internallinksmanager029f6b8e52c=\"12\" title=\"Avrupa Ta\u015f\u0131y\u0131c\u0131 Ortakl\u0131\u011f\u0131 (EUROMOVERS International) A\u00e7\u0131klamas\u0131\">Euromovers<\/a> merkezli <a href=\"https:\/\/moverdb.com\/tr\/moving-to-luxembourg\/\" data-internallinksmanager029f6b8e52c=\"349\" title=\"L\u00fcksemburg&#039;a m\u0131 Ta\u015f\u0131n\u0131yorsunuz? 2026 Ya\u015fam Maliyetleri &amp; Yer De\u011fi\u015ftirme \u0130pu\u00e7lar\u0131\">L\u00fcksemburg<\/a> ve bir dizi \u00f6nde gelen \u015firketten olu\u015fuyor <a href=\"https:\/\/moverdb.com\/tr\/moving-companies\/\" data-internallinksmanager029f6b8e52c=\"79\" title=\"\u00c7evrimi\u00e7i En \u0130yi 25 Uluslararas\u0131 Nakliye \u015eirketi\">uluslararas\u0131 ta\u015f\u0131ma \u015firketleri<\/a> Ortak standartlar, vizyon ve y\u00f6n temelinde bir a\u011f olu\u015fturmu\u015flard\u0131r.<\/li>\n<li> <a href=\"https:\/\/moverdb.com\/tr\/calisan-yer-degistirme-konseyi\/\">D\u00fcnya \u00c7ap\u0131nda ERC<\/a> (\u00c7al\u0131\u015fanlar\u0131n Yer De\u011fi\u015ftirme Konseyi) <a href=\"https:\/\/moverdb.com\/tr\/employee-relocation-council\/\" data-internallinksmanager029f6b8e52c=\"83\" title=\"D\u00fcnya \u00c7ap\u0131nda \u00c7al\u0131\u015fan Yer De\u011fi\u015ftirme Konseyi (ERC) A\u00e7\u0131klamas\u0131\">D\u00fcnya \u00c7ap\u0131nda \u00c7al\u0131\u015fan Yer De\u011fi\u015ftirme Konseyi<\/a> (ERC) kendisini, ABD'nin yurt i\u00e7i ve yurt d\u0131\u015f\u0131 \u00e7al\u0131\u015fan transferini denetleyen, y\u00f6neten veya destekleyen profesyoneller i\u00e7in i\u015fg\u00fcc\u00fc hareketlili\u011fi derne\u011fi olarak tan\u0131mlamaktad\u0131r.<\/li>\n<li> <a href=\"https:\/\/moverdb.com\/tr\/harmony-relocation-network\/\">Harmony Yer De\u011fi\u015ftirme A\u011f\u0131<\/a> - Bu <a href=\"https:\/\/moverdb.com\/tr\/harmony-relocation-network\/\" data-internallinksmanager029f6b8e52c=\"20\" title=\"Harmony Relocation Network (HRN) A\u00e7\u0131klamas\u0131\">Harmony Yer De\u011fi\u015ftirme A\u011f\u0131<\/a> (HRN), k\u00fcresel yer de\u011fi\u015ftirme i\u00e7in pan-Avrupa a\u011f\u0131 olu\u015fturmak \u00fczere kurulmu\u015f bir ortak \u015firketler grubudur.<\/li>\n<li> <a href=\"https:\/\/moverdb.com\/tr\/eura\/\">Avrupa Yer De\u011fi\u015ftirme Derne\u011fi<\/a> (EuRA) - Avrupa Komisyonu <a href=\"https:\/\/moverdb.com\/tr\/eura\/\" data-internallinksmanager029f6b8e52c=\"13\" title=\"Avrupa Yer De\u011fi\u015ftirme Birli\u011fi (EuRA) A\u00e7\u0131klamas\u0131\">Avrupa Yer De\u011fi\u015ftirme Derne\u011fi<\/a> (EuRA), k\u00fcresel olarak mobil \u00e7al\u0131\u015fanlara sahip \u015firketlere profesyonel olarak y\u00f6netilen yer de\u011fi\u015ftirme ve mobilite hizmetlerinin faydalar\u0131n\u0131 te\u015fvik etmektedir.<\/li>\n<li> <a href=\"https:\/\/moverdb.com\/tr\/association-relocation-professionals\/\">Yer De\u011fi\u015ftirme Profesyonelleri Derne\u011fi<\/a> (ARP) <a href=\"https:\/\/moverdb.com\/tr\/association-relocation-professionals\/\" data-internallinksmanager029f6b8e52c=\"6\" title=\"Association of Relocation Professionals (ARP) A\u00e7\u0131klamas\u0131\">Yer De\u011fi\u015ftirme Profesyonelleri Derne\u011fi<\/a> (ARP), Birle\u015fik Krall\u0131k'ta yer de\u011fi\u015ftirme end\u00fcstrisi i\u00e7in profesyonel bir kurulu\u015ftur.<\/li>\n<li> <a href=\"https:\/\/moverdb.com\/tr\/rios\/\">Ta\u015f\u0131mac\u0131l\u0131k Sekt\u00f6r\u00fc Ombudsmanl\u0131k Program\u0131<\/a> (<a href=\"https:\/\/moverdb.com\/tr\/rios\/\" data-internallinksmanager029f6b8e52c=\"75\" title=\"Ta\u015f\u0131mac\u0131l\u0131k Sekt\u00f6r\u00fc Ombudsmanl\u0131k Program\u0131 (RIOS) A\u00e7\u0131klamas\u0131\">RIOS<\/a>) - Ta\u015f\u0131mac\u0131l\u0131k Sekt\u00f6r\u00fc Ombudsmanl\u0131k Program\u0131 (RIOS) Birle\u015fik Krall\u0131k'taki ta\u015f\u0131mac\u0131l\u0131k sekt\u00f6r\u00fc i\u015fletmeleri hakk\u0131nda yap\u0131lan \u015fikayetlerle ilgilenir.<\/li>\n<li> <a href=\"https:\/\/moverdb.com\/tr\/fedemac\/\">Avrupa Ta\u015f\u0131mac\u0131lar Birli\u011fi Federasyonu<\/a> (FEDEMAC) - T\u00fcrkiye <a href=\"https:\/\/moverdb.com\/tr\/fedemac\/\" data-internallinksmanager029f6b8e52c=\"15\" title=\"Avrupa Ta\u015f\u0131mac\u0131lar Birli\u011fi Federasyonu (FEDEMAC) A\u00e7\u0131klamas\u0131\">Avrupa Ta\u015f\u0131mac\u0131lar Birli\u011fi Federasyonu<\/a> (FEDEMAC), ta\u015f\u0131ma sekt\u00f6r\u00fcn\u00fc Avrupa d\u00fczeyinde te\u015fvik etmek amac\u0131yla kurulmu\u015f bir Avrupa kurulu\u015fudur.<\/li>\n<li> <a href=\"https:\/\/moverdb.com\/tr\/navlun-tasimacilik-dernegi\/\">Y\u00fck Ta\u015f\u0131mac\u0131l\u0131\u011f\u0131 Derne\u011fi<\/a> (FTA) - T\u00fcrkiye <a href=\"https:\/\/moverdb.com\/tr\/freight-transport-association\/\" data-internallinksmanager029f6b8e52c=\"18\" title=\"Y\u00fck Ta\u015f\u0131mac\u0131l\u0131\u011f\u0131 Birli\u011fi (FTA) A\u00e7\u0131klamas\u0131\">Y\u00fck Ta\u015f\u0131mac\u0131l\u0131\u011f\u0131 Derne\u011fi<\/a> (FTA), mallar\u0131 deniz, hava, karayolu veya demiryolu ile ta\u015f\u0131yan lojistik \u015firketlerinin \u00e7\u0131karlar\u0131n\u0131 temsil etmek \u00fczere kurulmu\u015ftur.<\/li>\n<li> <a href=\"https:\/\/moverdb.com\/tr\/eurovan-movers\/\">Eurovan Uluslararas\u0131 Ta\u015f\u0131mac\u0131lar A\u011f\u0131<\/a> - <a href=\"https:\/\/moverdb.com\/tr\/eurovan-movers\/\" data-internallinksmanager029f6b8e52c=\"14\" title=\"Eurovan Uluslararas\u0131 Ta\u015f\u0131mac\u0131lar A\u011f\u0131 (EM) A\u00e7\u0131klamas\u0131\">Eurovan Uluslararas\u0131 Ta\u015f\u0131mac\u0131lar A\u011f\u0131<\/a> (EM), T\u00fcrkiye merkezli ba\u011f\u0131ms\u0131z yerel nakliyecilerden olu\u015fan bir a\u011fd\u0131r. <a href=\"https:\/\/moverdb.com\/tr\/moving-to-germany\/\" data-internallinksmanager029f6b8e52c=\"321\" title=\"Almanya&#039;ya m\u0131 ta\u015f\u0131n\u0131yorsunuz? 2026 Ya\u015fam Maliyetleri &amp; Yer De\u011fi\u015ftirme \u0130pu\u00e7lar\u0131\">Almanya<\/a>. Bu a\u011f, bir\u00e7ok \u00fclkeden ge\u00e7ebilecek uluslararas\u0131 ta\u015f\u0131malar i\u00e7in tutarl\u0131 seviyelerde hizmet sunma ihtiyac\u0131na yan\u0131t vermek \u00fczere tasarlanm\u0131\u015ft\u0131r.<\/li>\n<li> <a href=\"https:\/\/moverdb.com\/tr\/ngrs\/\">Ulusal S\u00f6k\u00fcmc\u00fcler ve Depocular Birli\u011fi<\/a> (NGRS) <a href=\"https:\/\/moverdb.com\/tr\/ngrs\/\" data-internallinksmanager029f6b8e52c=\"74\" title=\"Ulusal Nakliyeciler ve Depocular Birli\u011fi (NGRS) A\u00e7\u0131klamas\u0131\">Ulusal S\u00f6k\u00fcmc\u00fcler ve Depocular Birli\u011fi<\/a> (NGRS) Birle\u015fik Krall\u0131k'taki ta\u015f\u0131ma ve depolama sekt\u00f6r\u00fcne y\u00f6nelik baz\u0131 d\u00fczenlemeler sa\u011flamak amac\u0131yla kurulmu\u015ftur.<\/li>\n<li> <a href=\"https:\/\/moverdb.com\/tr\/uluslararasi-denizcilik-organizasyonu\/\">Uluslararas\u0131 Denizcilik \u00d6rg\u00fct\u00fc<\/a> (IMO) - The <a href=\"https:\/\/moverdb.com\/tr\/international-maritime-organisation\/\" data-internallinksmanager029f6b8e52c=\"24\" title=\"Uluslararas\u0131 Denizcilik \u00d6rg\u00fct\u00fc (IMO) A\u00e7\u0131klamas\u0131\">Uluslararas\u0131 Denizcilik \u00d6rg\u00fct\u00fc<\/a> (IMO), merkezi \u0130ngiltere'de bulunan ve denizcili\u011fin d\u00fczenlenmesinden sorumlu olan bir BM kurulu\u015fudur.<\/li>\n<li> <a href=\"https:\/\/moverdb.com\/tr\/dunya-gemi%cc%87ci%cc%87li%cc%87k-konseyi%cc%87\/\">D\u00fcnya Denizcilik Konseyi<\/a> (WSC) - T\u00fcrkiye <a href=\"https:\/\/moverdb.com\/tr\/world-shipping-council\/\" data-internallinksmanager029f6b8e52c=\"82\" title=\"D\u00fcnya Denizcilik Konseyi (WSC) A\u00e7\u0131klamas\u0131\">D\u00fcnya Denizcilik Konseyi<\/a> (WSC) astarl\u0131 gemicilik sekt\u00f6r\u00fcn\u00fcn sesini duyurmaktad\u0131r.<\/li>\n<li> <a href=\"https:\/\/moverdb.com\/tr\/dunya-gumruk-organizasyonu\/\">D\u00fcnya G\u00fcmr\u00fck \u00d6rg\u00fct\u00fc<\/a> (<a href=\"https:\/\/moverdb.com\/tr\/world-customs-organization\/\" data-internallinksmanager029f6b8e52c=\"81\" title=\"D\u00fcnya G\u00fcmr\u00fck \u00d6rg\u00fct\u00fc (DG\u00d6) A\u00e7\u0131klamas\u0131\">WCO<\/a>) - D\u00fcnya G\u00fcmr\u00fck \u00d6rg\u00fct\u00fc (DG\u00d6), g\u00fcmr\u00fck camias\u0131n\u0131n sesi olarak hizmet veren ba\u011f\u0131ms\u0131z bir h\u00fck\u00fcmetler aras\u0131 organd\u0131r. <\/li>\n<li> <a href=\"https:\/\/moverdb.com\/tr\/uluslararasi-oda-gemicilik\/\">Uluslararas\u0131 Deniz Ticaret Odas\u0131<\/a> (ICS) -  <a href=\"https:\/\/moverdb.com\/tr\/international-chamber-shipping\/\" data-internallinksmanager029f6b8e52c=\"78\" title=\"Uluslararas\u0131 Deniz Ticaret Odas\u0131 (ICS) A\u00e7\u0131klamas\u0131\">Uluslararas\u0131 Deniz Ticaret Odas\u0131<\/a> (ICS), ulusal armat\u00f6rler birlikleri arac\u0131l\u0131\u011f\u0131yla armat\u00f6rleri ve gemi i\u015fletmecilerini temsil eden bir ticaret birli\u011fidir. <\/li>\n<\/ol>","protected":false},"excerpt":{"rendered":"<p>Below is a non-exhaustive list of the most important international moving &#038; shipping organizations, associations, schemes, guilds, councils etc. International Association of Movers (IAM) &#8211; The International Association of Movers (IAM) is a global trade body with members who provide moving, forwarding, shipping, logistics, and related services. FIDI &#038; FIDI Accredited International Mover (FAIM) &#8211; [&hellip;]<\/p>\n","protected":false},"author":1,"featured_media":367,"parent":0,"menu_order":0,"comment_status":"closed","ping_status":"closed","template":"","meta":{"_genesis_hide_title":false,"_genesis_hide_breadcrumbs":false,"_genesis_hide_singular_image":false,"_genesis_hide_footer_widgets":false,"_genesis_custom_body_class":"","_genesis_custom_post_class":"","_genesis_layout":"","footnotes":""},"class_list":{"0":"post-366","1":"page","2":"type-page","3":"status-publish","4":"has-post-thumbnail","6":"entry"},"_links":{"self":[{"href":"https:\/\/moverdb.com\/tr\/wp-json\/wp\/v2\/pages\/366","targetHints":{"allow":["GET"]}}],"collection":[{"href":"https:\/\/moverdb.com\/tr\/wp-json\/wp\/v2\/pages"}],"about":[{"href":"https:\/\/moverdb.com\/tr\/wp-json\/wp\/v2\/types\/page"}],"author":[{"embeddable":true,"href":"https:\/\/moverdb.com\/tr\/wp-json\/wp\/v2\/users\/1"}],"replies":[{"embeddable":true,"href":"https:\/\/moverdb.com\/tr\/wp-json\/wp\/v2\/comments?post=366"}],"version-history":[{"count":29,"href":"https:\/\/moverdb.com\/tr\/wp-json\/wp\/v2\/pages\/366\/revisions"}],"predecessor-version":[{"id":1342,"href":"https:\/\/moverdb.com\/tr\/wp-json\/wp\/v2\/pages\/366\/revisions\/1342"}],"wp:featuredmedia":[{"embeddable":true,"href":"https:\/\/moverdb.com\/tr\/wp-json\/wp\/v2\/media\/367"}],"wp:attachment":[{"href":"https:\/\/moverdb.com\/tr\/wp-json\/wp\/v2\/media?parent=366"}],"curies":[{"name":"wp","href":"https:\/\/api.w.org\/{rel}","templated":true}]}}