{"id":353,"date":"2016-05-22T20:42:36","date_gmt":"2016-05-22T20:42:36","guid":{"rendered":"http:\/\/moverdb.com\/?page_id=353"},"modified":"2026-01-08T15:20:35","modified_gmt":"2026-01-08T15:20:35","slug":"rim-promover","status":"publish","type":"page","link":"https:\/\/moverdb.com\/tr\/rim-promover\/","title":{"rendered":"RIM Uluslararas\u0131 ProMover Sertifikasyonu A\u00e7\u0131klamas\u0131"},"content":{"rendered":"<p>Uluslararas\u0131 ProMover sertifikas\u0131, Avrupa Birli\u011fi taraf\u0131ndan olu\u015fturulan Kay\u0131tl\u0131 Uluslararas\u0131 Ta\u015f\u0131mac\u0131 (RIM) program\u0131n\u0131n bir par\u00e7as\u0131d\u0131r. <a href=\"https:\/\/moverdb.com\/tr\/amsa\/\">Amerikan Ta\u015f\u0131nma ve Depolama Birli\u011fi<\/a> (<a href=\"https:\/\/moverdb.com\/tr\/amsa\/\" data-internallinksmanager029f6b8e52c=\"5\" title=\"Amerikan Ta\u015f\u0131nma ve Depolama Birli\u011fi (AMSA) A\u00e7\u0131klamas\u0131\">AMSA<\/a>). <\/p>\n<p>Uluslararas\u0131 ev e\u015fyas\u0131 ta\u015f\u0131ma hizmetlerini kullanan m\u00fc\u015fterilere yard\u0131mc\u0131 olmay\u0131 ama\u00e7lamaktad\u0131r ve se\u00e7enekler aras\u0131nda ayr\u0131m yapmay\u0131 ve do\u011fru nakliyeciyi bulmay\u0131 kolayla\u015ft\u0131rarak daha kolay se\u00e7imler yapmay\u0131 ama\u00e7lamaktad\u0131r.<\/p>\n<p><strong>Kurulu\u015f hakk\u0131nda \u00f6nemli bilgiler:<\/strong><\/p>\n<ol>\n<li> \u015eu anda 200'den fazla \u015firket ve 1000'den fazla ki\u015fi kurumsal ya da bireysel RIM sertifikas\u0131na sahiptir.<\/li>\n<li> Kay\u0131tl\u0131 Uluslararas\u0131 Nakliyeci, AMSA taraf\u0131ndan uzmanlar i\u00e7in verilen bir dizi profesyonel sertifikadan biridir.<\/li>\n<li> AMSA, Amerikan ta\u015f\u0131ma ve depolama end\u00fcstrisi i\u00e7in ulusal ticaret birli\u011fidir. Ancak sertifikasyonun k\u00fcresel eri\u015fimi vard\u0131r ve d\u00fcnyan\u0131n her yerindeki \u015firketler bu sertifikaya ba\u015fvurabilir.<\/li>\n<li> Kay\u0131tl\u0131 Uluslararas\u0131 Ta\u015f\u0131mac\u0131 program\u0131, a\u015fa\u011f\u0131dakiler i\u00e7in evrensel standartlar belirlemek \u00fczere tasarlanm\u0131\u015ft\u0131r <a href=\"https:\/\/moverdb.com\/tr\/moving-companies\/\" data-internallinksmanager029f6b8e52c=\"79\" title=\"\u00c7evrimi\u00e7i En \u0130yi 25 Uluslararas\u0131 Nakliye \u015eirketi\">uluslararas\u0131 ta\u015f\u0131ma \u015firketleri<\/a> ve \u00e7al\u0131\u015fanlar\u0131.<\/li>\n<li> ProMover gerekliliklerini kar\u015f\u0131layan RIM sertifikal\u0131 \u015firketler \"Uluslararas\u0131 ProMovers\" olacakt\u0131r.<\/li>\n<li> RIM, 1994'te RIM'den temsilciler taraf\u0131ndan kurulmu\u015f olmas\u0131 bak\u0131m\u0131ndan olduk\u00e7a benzersizdir. <a href=\"https:\/\/moverdb.com\/tr\/hgfaa\/\">HHGFAA<\/a>NMSA (AMSA), <a href=\"https:\/\/moverdb.com\/tr\/employee-relocation-council\/\" data-internallinksmanager029f6b8e52c=\"83\" title=\"D\u00fcnya \u00c7ap\u0131nda \u00c7al\u0131\u015fan Yer De\u011fi\u015ftirme Konseyi (ERC) A\u00e7\u0131klamas\u0131\">ERC<\/a>, OMNI, <a href=\"https:\/\/moverdb.com\/tr\/fidi-faim\/\">FIDI<\/a> ve ilk 10 kamyonet hatt\u0131, al\u0131c\u0131lar ve rekabet\u00e7i sat\u0131c\u0131lar\u0131n bir kar\u0131\u015f\u0131m\u0131.<\/li>\n<p><strong>RIM kurulu\u015f profili<\/strong><\/p>\n<p>RIM \u00fcyesi olma s\u00fcreci, ekipman ta\u015f\u0131ma standartlar\u0131n\u0131n yerinde olup olmad\u0131\u011f\u0131na ve bir i\u015fletmenin uluslararas\u0131 bir ta\u015f\u0131may\u0131 y\u00fcksek standartlarda y\u00f6netecek kayna\u011fa sahip olup olmad\u0131\u011f\u0131na odaklanan titiz e\u011fitim, do\u011frulama ve testleri i\u00e7erir. <\/p>\n<p>ProMover sertifikas\u0131n\u0131n arkas\u0131ndaki fikir, yaln\u0131zca ta\u015f\u0131ma ve depolama end\u00fcstrisinin en y\u00fcksek etik ilkelerini ve uygulamalar\u0131n\u0131 kar\u015f\u0131lad\u0131klar\u0131n\u0131 kan\u0131tlayabilen i\u015fletmelere verilmesidir. <\/p>\n<p>ProMover sertifikasyonunu farkl\u0131 k\u0131lan \u015fey, m\u00fc\u015fterilerin se\u00e7enekler aras\u0131nda ayr\u0131m yapabilmeleri ve nerede olursa olsun uluslararas\u0131 bir ta\u015f\u0131nma i\u00e7in nitelikli bir \u015firket se\u00e7ebilmeleri i\u00e7in standartla\u015ft\u0131r\u0131lm\u0131\u015f, ba\u011f\u0131ms\u0131z bir yol sunmas\u0131d\u0131r.<\/p>\n<p><strong>\u00dcyelik i\u00e7in kriterler <\/strong><\/p>\n<ul>\n<li> Uluslararas\u0131 ev e\u015fyas\u0131 ta\u015f\u0131ma hizmetlerinde en az bir y\u0131ll\u0131k deneyim<\/li>\n<li> AMSA'ya en az 18 ay boyunca kusursuz \u00fcyelik<\/li>\n<li> \u0130\u015fi yasal olarak y\u00fcr\u00fctmek i\u00e7in gereken i\u015fletme yetkisine sahip olmak, ister <a href=\"https:\/\/moverdb.com\/tr\/moving-to-the-united-states\/\" data-internallinksmanager029f6b8e52c=\"94\" title=\"Amerika Birle\u015fik Devletleri&#039;ne mi ta\u015f\u0131n\u0131yorsunuz? 2026 Ya\u015fam Maliyetleri ve Yer De\u011fi\u015ftirme \u0130pu\u00e7lar\u0131\">ABD<\/a> ya da ba\u015fka bir yerde.<\/li>\n<li> Yaz\u0131l\u0131 bir s\u0131nav\u0131 ge\u00e7mek (\u015firket ad\u0131na bireysel)<\/li>\n<li> Ekipman, tesis ve g\u00fcvenlik belgeleri i\u00e7in RIM standartlar\u0131n\u0131 kar\u015f\u0131lay\u0131n - bunlar saha ziyaretlerinde s\u00fcrpriz bir \u015fekilde do\u011frulan\u0131r.<\/li>\n<li> Uluslararas\u0131 ProMover Etik Kurallar\u0131na abone olun<\/li>\n<li> Yeniden belgelendirme i\u00e7in en az \u00fc\u00e7 \u00e7al\u0131\u015fan belgelendirilmelidir (ofis personeli, paketleyiciler veya ekip \u00fcyeleri)<\/li>\n<li> BBB derecelendirmesinin mevcut oldu\u011fu \u00fclkelerde BBB taraf\u0131ndan derecelendirilen \u015firketler i\u00e7in \"C\" veya daha iyi BBB derecesi<\/li>\n<li> AMSA personelinin t\u00fcm \u015fikayetleri incelemesi<\/li>\n<li> \u0130\u015f ortaklar\u0131n\u0131n referanslar\u0131 \u00e7ok \u00f6nemlidir<\/li>\n<\/ul>\n<p><strong>\u0130lk 10 \u00fcye \u015firket<\/strong> (boyuta g\u00f6re)<\/p>\n<ol>\n<li> <a href=\"https:\/\/moverdb.com\/tr\/united-van-lines\/\">United Van Lines<\/a><\/li>\n<li> <a href=\"https:\/\/moverdb.com\/tr\/atlas-van-lines-uluslararasi\/\">Atlas Van Lines Uluslararas\u0131<\/a><\/li>\n<li> <a href=\"https:\/\/moverdb.com\/tr\/mayflower-transit\/\">Mayflower Transit<\/a><\/li>\n<li> <a href=\"https:\/\/moverdb.com\/tr\/kuzey-amerikan-van-hatlari\/\">North American Van Lines<\/a><\/li>\n<li> <a href=\"https:\/\/moverdb.com\/tr\/wheaton\/\">Wheaton D\u00fcnya \u00c7ap\u0131nda Ta\u015f\u0131mac\u0131l\u0131k<\/a><\/li>\n<li> <a href=\"https:\/\/moverdb.com\/tr\/bekins-van-lines\/\">Bekins Van Lines<\/a><\/li>\n<li> <a href=\"https:\/\/moverdb.com\/tr\/graebel-van-lines\/\">Graebel Van Lines<\/a><\/li>\n<li> <a href=\"https:\/\/moverdb.com\/tr\/arpin-van-lines\/\">Arpin Van Lines<\/a><\/li>\n<li> <a href=\"https:\/\/moverdb.com\/tr\/stevens-worldwide-van-lines\/\">Stevens Worldwide Van Lines<\/a><\/li>\n<li> <a href=\"https:\/\/moverdb.com\/tr\/suddath\/\">Suddath<\/a><\/li>\n<li> <a href=\"https:\/\/moverdb.com\/tr\/vip-transport\/\">VIP Ta\u015f\u0131mac\u0131l\u0131k<\/a><\/li>\n<li> <a href=\"https:\/\/moverdb.com\/tr\/royal-hawaiian-movers\/\">Royal Hawaiian Nakliyat<\/a><\/li>\n<\/ol>\n<p><strong>Kurum hakk\u0131ndaki g\u00f6r\u00fc\u015fler<\/strong><\/p>\n<p>Baz\u0131 nakliyeciler web sitelerinde RIM sertifikas\u0131na yer vermekte ve baz\u0131 tavsiye siteleri de bu sertifikay\u0131 profesyonel bir nakliye kurulu\u015funun i\u015fareti olarak g\u00f6rmektedir. Bu sertifikaya yer veren her site, sertifikay\u0131 almak ve korumak i\u00e7in gerekli olan s\u0131k\u0131 e\u011fitim ve do\u011frulamaya at\u0131fta bulunmaktad\u0131r. <\/p>\n<p>Finansal sa\u011flaml\u0131k ve y\u00fcksek kalitede hizmet sunma konusundaki itibar, web sitelerinde bahseden nakliyeciler taraf\u0131ndan RIM sertifikas\u0131na atfedilen di\u011fer niteliklerden ikisidir. \u00c7o\u011fu, sertifikasyonun nas\u0131l s\u00fcrekli eylem gerektirdi\u011fini vurgulamaktad\u0131r - s\u00fcrekli olarak e\u011fitim ve \u00f6\u011fretimin yan\u0131 s\u0131ra rastgele saha ziyaretlerini ge\u00e7ebilmek. <\/p>\n<p>S\u0131k\u0131 bir uygulama kural\u0131na ba\u011fl\u0131 kal\u0131nmas\u0131 gerekti\u011finden de bahsedilmektedir.<\/p>\n<p>Bir\u00e7ok nakliyeci ProMover yeterlili\u011finden de bahsetmektedir - bu \u00f6nemlidir \u00e7\u00fcnk\u00fc \"Bu ba\u015far\u0131, m\u00fc\u015fterilerimize kendilerini doland\u0131rmaya \u00e7al\u0131\u015fan bir doland\u0131r\u0131c\u0131yla de\u011fil, yasal ve profesyonel bir nakliyeciyle \u00e7al\u0131\u015ft\u0131klar\u0131na dair g\u00fcvence verecektir. ProMover olmak, \u015firketimizin m\u00fc\u015fterilerimize adil ve d\u00fcr\u00fcst davranma konusundaki uzun ge\u00e7mi\u015fiyle tutarl\u0131d\u0131r.\" <\/p>\n<p>Yeterlili\u011fin, bir ta\u015f\u0131ma \u015firketinin reklam ve pazarlama materyallerinin yan\u0131 s\u0131ra web sitesinde de ProMover'\u0131n i\u015fareti olan kal\u0131n b\u00fcy\u00fck \"M\" logosunu sergilemesine izin verdi\u011fi belirtilmektedir.<\/p>\n<p>Nakliyeciler taraf\u0131ndan nas\u0131l tasvir edildi\u011fi:<\/p>\n<blockquote><p>Acente sertifikas\u0131, bir acentenin asgari RIM\u00ae standartlar\u0131n\u0131 kar\u015f\u0131lamak i\u00e7in yeterli ekipmana, tesise ve RIM\u00ae sertifikal\u0131 personele sahip oldu\u011funu ortaya koyar. Ayr\u0131ca, bir m\u00fcd\u00fcr veya y\u00f6neticinin RIM\u00ae el kitab\u0131na dayal\u0131 bir s\u0131nav\u0131 ge\u00e7mesini ve uluslararas\u0131 i\u015f yapmak i\u00e7in gerekli bilgiye sahip olmas\u0131n\u0131 gerektirir. Ayr\u0131ca, RIM\u00ae sertifikal\u0131 bir acente, ilk sertifikasyondan itibaren \u00fc\u00e7 y\u0131l i\u00e7inde RIM\u00ae sertifikal\u0131 bir eksper, koordinat\u00f6r ve en az \u00fc\u00e7 sertifikal\u0131 uluslararas\u0131 paketleyici istihdam etmelidir.<\/p><\/blockquote>\n<p> - <a href=\"http:\/\/www.castinemovers.com\/category\/RIM\/c70\" target=\"_blank\" rel=\"noopener\">Castine Nakliyat<\/a><\/p>\n<blockquote><p>Kay\u0131tl\u0131 Uluslararas\u0131 Ta\u015f\u0131mac\u0131 (RIM) sertifikas\u0131 g\u00f6n\u00fcll\u00fcl\u00fck esas\u0131na dayan\u0131r. Bir nakliye \u015firketinin sertifika alabilmesi i\u00e7in s\u0131k\u0131 bir e\u011fitim ve testten ge\u00e7mesi gerekir. Sertifika, sahibinin uluslararas\u0131 bir ta\u015f\u0131nman\u0131n t\u00fcm y\u00f6nleri hakk\u0131nda bilgi sahibi olmas\u0131n\u0131 sa\u011flar.<\/p><\/blockquote>\n<p> - <a href=\"http:\/\/www.newworldvanlines.com\/international.html\" target=\"_blank\" rel=\"noopener\">New World Van Lines<\/a><\/p>\n<blockquote><p>Sertifikal\u0131 kalabilmek i\u00e7in y\u00f6netim ve personel \u00fc\u00e7 y\u0131l i\u00e7inde en az 15 saatlik RIM onayl\u0131 s\u00fcrekli e\u011fitim ve \u00f6\u011fretimi tamamlamal\u0131 ve \u015firketin tesisleri ve ekipmanlar\u0131 her \u00fc\u00e7 y\u0131lda bir yeniden denetime tabi tutulmal\u0131d\u0131r. Bug\u00fcne kadar RIM program\u0131n\u0131n ilk a\u015famas\u0131n\u0131 tamamlayan 142'den fazla ta\u015f\u0131ma ve depolama \u015firketi bulunmaktad\u0131r.<\/p><\/blockquote>\n<p> - <a href=\"http:\/\/www.movingscam.com\/articles\/planning-an-international-move\" target=\"_blank\" rel=\"noopener\">Ta\u015f\u0131nma Doland\u0131r\u0131c\u0131l\u0131\u011f\u0131<\/a><\/p>\n<blockquote><p>RIM (Registered International Mover) Program\u0131 kapsam\u0131nda sertifika alabilmek i\u00e7in bir nakliyecinin mali a\u00e7\u0131dan sa\u011flam olmas\u0131, kaliteli hizmet konusunda itibar sahibi olmas\u0131 ve toplam memnuniyetinizi sa\u011flamak \u00fczere tasarlanm\u0131\u015f kat\u0131 bir uygulama kural\u0131n\u0131 kabul etmesi gerekir.<\/p><\/blockquote>\n<p> - <a href=\"http:\/\/taylorinternational.ca\/international-moving-relocation\" target=\"_blank\" rel=\"noopener\">Taylor Uluslararas\u0131 Nakliyat<\/a><\/p>","protected":false},"excerpt":{"rendered":"<p>The International ProMover certification is part of the Registered International Mover (RIM) program created by the American Moving &#038; Storage Association (AMSA). It is aimed to assist customers using international household goods relocation services and is intended to facilitate easier choices, making it simpler to differentiate between the options and find the right mover. Key [&hellip;]<\/p>\n","protected":false},"author":1,"featured_media":0,"parent":0,"menu_order":0,"comment_status":"closed","ping_status":"closed","template":"","meta":{"_genesis_hide_title":false,"_genesis_hide_breadcrumbs":false,"_genesis_hide_singular_image":false,"_genesis_hide_footer_widgets":false,"_genesis_custom_body_class":"","_genesis_custom_post_class":"","_genesis_layout":"","footnotes":""},"class_list":{"0":"post-353","1":"page","2":"type-page","3":"status-publish","5":"entry"},"_links":{"self":[{"href":"https:\/\/moverdb.com\/tr\/wp-json\/wp\/v2\/pages\/353","targetHints":{"allow":["GET"]}}],"collection":[{"href":"https:\/\/moverdb.com\/tr\/wp-json\/wp\/v2\/pages"}],"about":[{"href":"https:\/\/moverdb.com\/tr\/wp-json\/wp\/v2\/types\/page"}],"author":[{"embeddable":true,"href":"https:\/\/moverdb.com\/tr\/wp-json\/wp\/v2\/users\/1"}],"replies":[{"embeddable":true,"href":"https:\/\/moverdb.com\/tr\/wp-json\/wp\/v2\/comments?post=353"}],"version-history":[{"count":22,"href":"https:\/\/moverdb.com\/tr\/wp-json\/wp\/v2\/pages\/353\/revisions"}],"predecessor-version":[{"id":6232,"href":"https:\/\/moverdb.com\/tr\/wp-json\/wp\/v2\/pages\/353\/revisions\/6232"}],"wp:attachment":[{"href":"https:\/\/moverdb.com\/tr\/wp-json\/wp\/v2\/media?parent=353"}],"curies":[{"name":"wp","href":"https:\/\/api.w.org\/{rel}","templated":true}]}}