{"id":351,"date":"2016-05-22T21:04:36","date_gmt":"2016-05-22T21:04:36","guid":{"rendered":"http:\/\/moverdb.com\/?page_id=351"},"modified":"2026-01-08T14:40:12","modified_gmt":"2026-01-08T14:40:12","slug":"mcgimpsey-brothers-removals","status":"publish","type":"page","link":"https:\/\/moverdb.com\/tr\/mcgimpsey-brothers-removals\/","title":{"rendered":"McGimpsey Karde\u015fler Nakliyat: Uluslararas\u0131 Ta\u015f\u0131nma Yorumlar\u0131"},"content":{"rendered":"<p>McGimpsey Brothers Removals, hem bireyler hem de i\u015fletmeler i\u00e7in yurtd\u0131\u015f\u0131na ve yerel olarak ta\u015f\u0131n\u0131rken m\u00fc\u015fterilerine a\u015fa\u011f\u0131daki hizmetleri sunmaktad\u0131r. \u015eirket profili ve yorumlar hizmetler b\u00f6l\u00fcm\u00fcn\u00fc takip etmektedir.<\/p>\n<p><strong>Yurtd\u0131\u015f\u0131na Ta\u015f\u0131nma<\/strong><\/p>\n<ul>\n<li> G\u00fcnl\u00fck hava ve deniz ta\u015f\u0131mac\u0131l\u0131\u011f\u0131<\/li>\n<li> Uzman ihracat paketleme, etiketleme ve y\u00fckleme<\/li>\n<li> Nakliye ve g\u00fcmr\u00fckleme<\/li>\n<li> Teslimat, ambalaj\u0131n a\u00e7\u0131lmas\u0131 ve kurulum, \u00e7\u00f6plerin kald\u0131r\u0131lmas\u0131<\/li>\n<li> Sigorta kapsam\u0131<\/li>\n<li> Ki\u015fisel \u00f6zel dan\u0131\u015fman<\/li>\n<\/ul>\n<p><strong>Avrupa \u0130\u00e7inde Ta\u015f\u0131nma<\/strong><\/p>\n<ul>\n<li> Kap\u0131dan kap\u0131ya<\/li>\n<li> Serinin en iyisi, amaca uygun \u00fcretilmi\u015f kald\u0131rma ara\u00e7lar\u0131<\/li>\n<li> Y\u00fcksek g\u00fcvenlikli takip cihazlar\u0131 ve uydu navigasyon sistemleri<\/li>\n<li> Paketleme ve ambalaj a\u00e7ma<\/li>\n<li> Sigorta Kapsam\u0131<\/li>\n<li> Ki\u015fisel \u00f6zel dan\u0131\u015fman<\/li>\n<\/ul>\n<p><strong>Kurumsal ve Ticari Ta\u015f\u0131nma<\/strong><\/p>\n<ul>\n<li> \u0130\u015fletmelerin d\u00fcnya \u00e7ap\u0131nda ta\u015f\u0131nmas\u0131<\/li>\n<li> \u00c7al\u0131\u015fanlar\u0131n d\u00fcnya \u00e7ap\u0131nda yer de\u011fi\u015ftirmesi<\/li>\n<li> Ki\u015fisel \u00f6zel dan\u0131\u015fman<\/li>\n<\/ul>\n<p><strong>\u0130\u00e7eride Hareket Etmek <a href=\"https:\/\/moverdb.com\/tr\/moving-to-ireland\/\" data-internallinksmanager029f6b8e52c=\"320\" title=\"\u0130rlanda&#039;ya m\u0131 ta\u015f\u0131n\u0131yorsunuz? 2026 Ya\u015fam Maliyetleri &amp; Yer De\u011fi\u015ftirme \u0130pu\u00e7lar\u0131\">\u0130rlanda<\/a><\/strong><\/p>\n<ul>\n<li> Kap\u0131dan kap\u0131ya<\/li>\n<li> Paketleme ve ambalaj a\u00e7ma<\/li>\n<li> Sigorta<\/li>\n<li> Ki\u015fisel \u00f6zel dan\u0131\u015fman<\/li>\n<\/ul>\n<p><strong>Ta\u015f\u0131nmak <a href=\"https:\/\/moverdb.com\/tr\/moving-to-isle-of-man\/\" data-internallinksmanager029f6b8e52c=\"339\" title=\"Man Adas\u0131&#039;na m\u0131 Ta\u015f\u0131n\u0131yorsunuz? 2026 Ya\u015fam Maliyetleri &amp; Yer De\u011fi\u015ftirme \u0130pu\u00e7lar\u0131\">Man Adas\u0131<\/a> ve Kanal Adalar\u0131<\/strong><\/p>\n<ul>\n<li> Kap\u0131dan kap\u0131ya<\/li>\n<li> Paketleme ve ambalaj a\u00e7ma<\/li>\n<li> G\u00fcmr\u00fck i\u015flemleri<\/li>\n<li> Sigorta<\/li>\n<li> Ki\u015fisel \u00f6zel dan\u0131\u015fman<\/li>\n<\/ul>\n<p><strong>Depolama<\/strong><\/p>\n<ul>\n<li> Belge ve ar\u015fiv depolama<\/li>\n<li> Kendi kendine depolama<\/li>\n<li> \u0130\u015f depolama<\/li>\n<li> Depo depolama<\/li>\n<\/ul>\n<h2>McGimpsey Removals \u015eirket Profili<\/h2>\n<p>McGimpsey Removals kendilerini be\u015f y\u0131ld\u0131zl\u0131 bir butik olarak tan\u0131ml\u0131yor <a href=\"https:\/\/moverdb.com\/tr\/moving-companies\/\" data-internallinksmanager029f6b8e52c=\"79\" title=\"\u00c7evrimi\u00e7i En \u0130yi 25 Uluslararas\u0131 Nakliye \u015eirketi\">ta\u015finma \u015fi\u0307rketi\u0307<\/a> m\u00fc\u015fterilerine birinci s\u0131n\u0131f hizmet vermektedir. \u015eirket 30 y\u0131ld\u0131r faaliyet g\u00f6stermektedir ve \u00fcst\u00fcn nakliye, paketleme ve iyi e\u011fitimli, ilgili personel kullanmaya inanmaktad\u0131r.<\/p>\n<p>McGimpsey Removals, yurtd\u0131\u015f\u0131na ve yerel olarak ta\u015f\u0131nan bireylere ve \u015firketlere m\u00fcmk\u00fcn olan en iyi hizmeti sunmay\u0131 taahh\u00fct etmekle kalmad\u0131klar\u0131n\u0131, ayn\u0131 zamanda karbon ayak izlerini de dikkatle izlediklerini s\u00f6yl\u00fcyor.<\/p>\n<p>McGimpsey Removals \u00fcyelikleri ve akreditasyonlar\u0131:<\/p>\n<ul>\n<li> <a href=\"https:\/\/moverdb.com\/tr\/british-association-of-removers\/\">\u0130ngiliz S\u00f6k\u00fcmc\u00fcler Birli\u011fi<\/a> (<a href=\"https:\/\/moverdb.com\/tr\/british-association-of-removers\/\" data-internallinksmanager029f6b8e52c=\"9\" title=\"\u0130ngiliz S\u00f6k\u00fcmc\u00fcler Birli\u011fi (BAR) A\u00e7\u0131klamas\u0131\">BAR<\/a>)<\/li>\n<li> <a href=\"https:\/\/moverdb.com\/tr\/fidi-faim\/\">FIDI<\/a><\/li>\n<li> <a href=\"https:\/\/moverdb.com\/tr\/iam\/\">Uluslararas\u0131 Ta\u015f\u0131mac\u0131lar Birli\u011fi (IAM)<\/a><\/li>\n<li> <a href=\"https:\/\/moverdb.com\/tr\/mtc\/\">The Movers Trading Club<\/a> (<a href=\"https:\/\/moverdb.com\/tr\/mtc\/\" data-internallinksmanager029f6b8e52c=\"30\" title=\"Movers Trading Club (MTC) A\u00e7\u0131klamas\u0131\">MTC<\/a>)<\/li>\n<li> \u0130\u015fg\u00fcc\u00fc Hareketlili\u011fi Derne\u011fi <\/li>\n<\/ul>\n<h2>McGimpsey Brothers Removals Yorumlar\u0131<\/h2>\n<p><strong>Pozitif<\/strong><\/p>\n<p><em>\"Bu \u015firket ba\u015ftan sona harikayd\u0131. Ta\u015f\u0131nma dan\u0131\u015fman\u0131 yard\u0131msever, bilgili ve her zaman h\u0131zl\u0131 cevap verip beni g\u00fcncel tuttu, her \u015fey teslim edildikten sonra bile mutlu olup olmad\u0131\u011f\u0131m\u0131 kontrol etmek i\u00e7in e-posta g\u00f6nderdi.\"<\/em> - Elizabeth Heib arac\u0131l\u0131\u011f\u0131yla <a href=\"https:\/\/plus.google.com\/111359327014801398449\/reviews\" target=\"_blank\" rel=\"noopener\">Google Yorumlar\u0131<\/a><\/p>\n<p><strong>Negatif<\/strong><\/p>\n<p><em>\"Bu \u015firketle korkun\u00e7 bir deneyim ya\u015fad\u0131m! Rezervasyonunuzu istediklerinde \u00e7ok yard\u0131mc\u0131 oluyorlar ve y\u00fcksek vaatlerde bulunuyorlar, ancak ne yaz\u0131k ki d\u00fc\u015f\u00fck teslimat yap\u0131yorlar. Onlar\u0131 baz\u0131 a\u011f\u0131r ticari egzersiz ekipmanlar\u0131n\u0131 \u0130rlanda'dan T\u00fcrkiye'ye ta\u015f\u0131mak i\u00e7in kulland\u0131m. <a href=\"https:\/\/moverdb.com\/tr\/moving-to-the-uk\/\" data-internallinksmanager029f6b8e52c=\"93\" title=\"Birle\u015fik Krall\u0131k&#039;a m\u0131 ta\u015f\u0131n\u0131yorsunuz? 2026 Ya\u015fam Maliyetleri &amp; Yer De\u011fi\u015ftirme \u0130pu\u00e7lar\u0131\">BIRLE\u015eIK KRALLIK<\/a> ve ...\"<\/em> - Chantelle Smith arac\u0131l\u0131\u011f\u0131yla <a href=\"https:\/\/plus.google.com\/100947701157660629611\/reviews\" target=\"_blank\" rel=\"noopener\">Google Yorumlar\u0131<\/a><\/p>\n<div itemprop=\"review\" itemscope itemtype=\"http:\/\/schema.org\/Review\">\n<span itemprop=\"author\" itemscope=\"\" itemtype=\"http:\/\/schema.org\/Organization\"><span itemprop=\"name\">MoverDB.com<\/span><\/span> \u00c7evrimi\u00e7i Web Sitesi \u0130ncelemesi i\u00e7in <span itemprop=\"itemreviewed\" itemscope=\"\" itemtype=\"http:\/\/schema.org\/Brand\"><span itemprop=\"name\">McGimpsey Karde\u015fler Nakliyat<\/span><\/span>:<\/p>\n<ol>\n<li> Web sitesinde a\u00e7\u0131k ileti\u015fim bilgileri (telefon numaras\u0131 dahil): <strong>Evet<\/strong><\/li>\n<li> Almas\u0131 kolay <a href=\"https:\/\/moverdb.com\/tr\/alintilar\/\">uluslararas\u0131 ta\u015f\u0131mac\u0131l\u0131k teklifleri<\/a>? (\u00c7evrimi\u00e7i tahmin talep formu): <strong>Evet<\/strong><\/li>\n<li> Web sitesinde net bilgiler: <strong>K\u0131smi<\/strong>. Bilgiler kabataslakt\u0131r ancak talep \u00fczerine daha fazla bilgi sa\u011flanacakt\u0131r.<\/li>\n<li> Uluslararas\u0131 tan\u0131nm\u0131\u015f ta\u015f\u0131ma organizasyonlar\u0131na \u00fcyelik: <strong>Evet<\/strong>, yukar\u0131ya bak\u0131n.<\/li>\n<li> M\u00fc\u015fterilerin listesi ve\/veya \u00f6nceki m\u00fc\u015fteri referanslar\u0131: <strong>Evet<\/strong> M\u00fc\u015fteri listesi yok ama \u00f6nceki m\u00fc\u015fteri referanslar\u0131 var.<\/li>\n<\/ol>\n<div itemprop=\"reviewRating\" itemscope itemtype=\"http:\/\/schema.org\/Rating\"><meta itemprop=\"worstRating\" content = \"0\" \/><meta itemprop=\"bestRating\" content=\"5\" \/><meta itemprop=\"ratingValue\" content=\"4\"><\/div>\n<p><strong>Genel puan: 4\/5<\/strong><br \/>\n<strong>\u0130nceleme Tarihi:<\/strong> <span itemprop=\"datePublished\" content=\"2016-05-22\">22\/05\/2016<\/span><\/p>\n<\/div>\n<p>Hakk\u0131nda daha fazla bilgi <a href=\"https:\/\/moverdb.com\/tr\/uluslararasi-tasimalar\/\">Birle\u015fik Krall\u0131k nakliye \u015firketleri<\/a> ve bizim <a href=\"https:\/\/moverdb.com\/tr\/yorumlar\/\">i\u0307nceleme s\u00fcreci\u0307 a\u00e7iklandi<\/a>.<\/p>\n<p><strong>Web sitesi:<\/strong> <a href=\"https:\/\/www.mcgimpseys.com\/\" target=\"_blank\" rel=\"noopener\">https:\/\/www.mcgimpseys.com\/<\/a><\/p>","protected":false},"excerpt":{"rendered":"<p>McGimpsey Brothers Removals offers clients the following services when relocating abroad and locally, for both individuals and businesses. A company profile and reviews follow the services section. Moving Overseas Daily air and sea freight Specialist export packing, labelling and loading Shipping and customs clearance Delivery, unpacking and setting up, removal of rubbish Insurance cover Personal [&hellip;]<\/p>\n","protected":false},"author":1,"featured_media":0,"parent":0,"menu_order":0,"comment_status":"closed","ping_status":"closed","template":"","meta":{"_genesis_hide_title":false,"_genesis_hide_breadcrumbs":false,"_genesis_hide_singular_image":false,"_genesis_hide_footer_widgets":false,"_genesis_custom_body_class":"","_genesis_custom_post_class":"","_genesis_layout":"","footnotes":""},"class_list":{"0":"post-351","1":"page","2":"type-page","3":"status-publish","5":"entry"},"_links":{"self":[{"href":"https:\/\/moverdb.com\/tr\/wp-json\/wp\/v2\/pages\/351","targetHints":{"allow":["GET"]}}],"collection":[{"href":"https:\/\/moverdb.com\/tr\/wp-json\/wp\/v2\/pages"}],"about":[{"href":"https:\/\/moverdb.com\/tr\/wp-json\/wp\/v2\/types\/page"}],"author":[{"embeddable":true,"href":"https:\/\/moverdb.com\/tr\/wp-json\/wp\/v2\/users\/1"}],"replies":[{"embeddable":true,"href":"https:\/\/moverdb.com\/tr\/wp-json\/wp\/v2\/comments?post=351"}],"version-history":[{"count":10,"href":"https:\/\/moverdb.com\/tr\/wp-json\/wp\/v2\/pages\/351\/revisions"}],"predecessor-version":[{"id":13176,"href":"https:\/\/moverdb.com\/tr\/wp-json\/wp\/v2\/pages\/351\/revisions\/13176"}],"wp:attachment":[{"href":"https:\/\/moverdb.com\/tr\/wp-json\/wp\/v2\/media?parent=351"}],"curies":[{"name":"wp","href":"https:\/\/api.w.org\/{rel}","templated":true}]}}