{"id":350,"date":"2016-05-22T20:57:46","date_gmt":"2016-05-22T20:57:46","guid":{"rendered":"http:\/\/moverdb.com\/?page_id=350"},"modified":"2026-01-08T15:20:55","modified_gmt":"2026-01-08T15:20:55","slug":"shore-porters-toplumu","status":"publish","type":"page","link":"https:\/\/moverdb.com\/tr\/shore-porters-society\/","title":{"rendered":"The Shore Porters Society Uluslararas\u0131 Ta\u015f\u0131mac\u0131l\u0131k ve Nakliye Yorumlar\u0131"},"content":{"rendered":"<p>Shore Porters Society, yurtd\u0131\u015f\u0131na, b\u00f6lgesel ve yerel olarak ta\u015f\u0131nan ki\u015filer i\u00e7in a\u015fa\u011f\u0131daki hizmetleri sunmaktad\u0131r. Ayr\u0131ca bir \u015firket profili ve hizmet incelemeleri de bulunmaktad\u0131r.<\/p>\n<p><strong>Yurtd\u0131\u015f\u0131na Kurumsal ve Ki\u015fisel Ta\u015f\u0131nma<\/strong><\/p>\n<ul>\n<li> Ta\u015f\u0131nma \u00f6ncesi anket<\/li>\n<li> Kap\u0131dan kap\u0131ya servis<\/li>\n<li> Okyanus veya Hava Ta\u015f\u0131mac\u0131l\u0131\u011f\u0131<\/li>\n<li> \u00c7e\u015fitli paketleme se\u00e7enekleri<\/li>\n<li> Depolama se\u00e7enekleri<\/li>\n<li> Hedef \u00fclke i\u00e7in dok\u00fcmantasyon konusunda yard\u0131m<\/li>\n<li> Hedef \u00fclke i\u00e7in kurallar ve d\u00fczenlemeler hakk\u0131nda derinlemesine bilgi<\/li>\n<li> BT ekipman\u0131n\u0131n ba\u011flant\u0131s\u0131n\u0131n kesilmesi ve var\u0131\u015f noktas\u0131nda yeniden ba\u011flanmas\u0131<\/li>\n<li> Sigorta<\/li>\n<\/ul>\n<p><strong>G\u00fczel Sanatlar ve Antikalar<\/strong><\/p>\n<ul>\n<li> Paketleme ve nakliye konusunda uzman bilgisi<\/li>\n<li> Do\u011fru paketlemeyi sa\u011flamak i\u00e7in m\u00fc\u015fterilere sat\u0131n alma gezilerinde e\u015flik edin<\/li>\n<li> Dok\u00fcmantasyon konusunda tavsiyeler<\/li>\n<li> Var\u0131\u015f \u00fclkesinde g\u00fcmr\u00fck i\u015flemleri<\/li>\n<\/ul>\n<p><strong>Depolama<\/strong><\/p>\n<ul>\n<li> Konteyner depolama<\/li>\n<li> Geleneksel depolama<\/li>\n<li> Ticari depolama<\/li>\n<li> Ar\u015fiv depolama<\/li>\n<li> Lock 'n' Leave - mesai saatleri i\u00e7inde \u00fccretsiz eri\u015fim<\/li>\n<li> Sand\u0131k kiralama<\/li>\n<li> Palet depolama<\/li>\n<\/ul>\n<p><strong>Yerel Ta\u015f\u0131malar<\/strong><\/p>\n<ul>\n<li> Kap\u0131dan kap\u0131ya servis<\/li>\n<li> \u00c7e\u015fitli paketleme se\u00e7enekleri<\/li>\n<li> Sigorta ayarland\u0131<\/li>\n<\/ul>\n<h2>The Shore Porters Society \u015eirket Profili<\/h2>\n<p>K\u0131y\u0131 Hamallar\u0131 Derne\u011fi 500 y\u0131l\u0131 a\u015fk\u0131n bir s\u00fcre \u00f6nce, 1498 y\u0131l\u0131nda kurulmu\u015ftur. D\u00fcnyan\u0131n en eski ta\u015f\u0131mac\u0131l\u0131k \u015firketi olmakla gurur duyan bu kurulu\u015fun k\u00f6keni, Aberdeen liman\u0131nda ticaret yapan hamallar\u0131n olu\u015fturdu\u011fu bir kooperatiftir. <\/p>\n<p>\u015eirket on dokuzuncu y\u00fczy\u0131l\u0131n ortalar\u0131na kadar Aberdeen Belediye Meclisi'nin himayesi alt\u0131ndayd\u0131. \u015eu anda hizmetleri aras\u0131nda nakliye, nakliyat, emlak ve depolama bulunan \u00f6zel bir ortakl\u0131kt\u0131r.<\/p>\n<p>\u015eirketin Aberdeen ve Richmond on Thames'de faaliyet g\u00f6steren 30 kamyon ve kamyonetten olu\u015fan bir filosu ve 11 deposu bulunmaktad\u0131r. <a href=\"https:\/\/moverdb.com\/tr\/moving-to-the-uk\/\" data-internallinksmanager029f6b8e52c=\"93\" title=\"Birle\u015fik Krall\u0131k&#039;a m\u0131 ta\u015f\u0131n\u0131yorsunuz? 2026 Ya\u015fam Maliyetleri &amp; Yer De\u011fi\u015ftirme \u0130pu\u00e7lar\u0131\">BIRLE\u015eIK KRALLIK<\/a>. <\/p>\n<p>\u015eirket, d\u00fcnya \u00e7ap\u0131nda b\u00fcy\u00fck m\u00fczayede evleriyle iyi ili\u015fkilere sahiptir ve g\u00fczel sanatlar ve antikalar\u0131n nakliyesi s\u00f6z konusu oldu\u011funda uzmanl\u0131\u011f\u0131yla gurur duymaktad\u0131r.<\/p>\n<p>A\u015fa\u011f\u0131da The Shore Porters Society akreditasyonlar\u0131 ve \u00fcyeliklerinin bir listesi bulunmaktad\u0131r:<\/p>\n<ul>\n<li> <a href=\"https:\/\/moverdb.com\/tr\/british-association-of-removers\/\">\u0130ngiliz S\u00f6k\u00fcmc\u00fcler Birli\u011fi (BAR)<\/a><\/li>\n<li> Finansal olarak ba\u011fl\u0131 <a href=\"https:\/\/moverdb.com\/tr\/bar-overseas\/\">BAR Yurtd\u0131\u015f\u0131 Grubu<\/a><\/li>\n<li> <a href=\"https:\/\/moverdb.com\/tr\/fidi-faim\/\">FIDI<\/a><\/li>\n<li> <a href=\"https:\/\/moverdb.com\/tr\/iam\/\">Uluslararas\u0131 Ta\u015f\u0131mac\u0131lar Birli\u011fi (IAM)<\/a><\/li>\n<li> Kalite Sistem Belgelendirmesi ISO9001<\/li>\n<li> <a href=\"https:\/\/moverdb.com\/tr\/navlun-tasimacilik-dernegi\/\">FTA \u00dcyesi<\/a><\/li>\n<\/ul>\n<h2>The Shore Porters Society Yorumlar\u0131<\/h2>\n<p>Son 12 ay i\u00e7inde The Shore Porters Society i\u00e7in internette yeni bir de\u011ferlendirme yay\u0131nlanmad\u0131\u011f\u0131n\u0131 l\u00fctfen unutmay\u0131n.<\/p>\n<div itemprop=\"review\" itemscope itemtype=\"http:\/\/schema.org\/Review\">\n<span itemprop=\"author\" itemscope=\"\" itemtype=\"http:\/\/schema.org\/Organization\"><span itemprop=\"name\">MoverDB.com<\/span><\/span> \u00c7evrimi\u00e7i Web Sitesi \u0130ncelemesi i\u00e7in <span itemprop=\"itemreviewed\" itemscope=\"\" itemtype=\"http:\/\/schema.org\/Brand\"><span itemprop=\"name\">K\u0131y\u0131 Hamallar\u0131 Derne\u011fi<\/span><\/span>:<\/p>\n<ol>\n<li> Web sitesinde a\u00e7\u0131k ileti\u015fim bilgileri (telefon numaras\u0131 dahil): <strong>Evet<\/strong><\/li>\n<li> Almas\u0131 kolay <a href=\"https:\/\/moverdb.com\/tr\/alintilar\/\">uluslararas\u0131 ta\u015f\u0131mac\u0131l\u0131k teklifleri<\/a>? (\u00c7evrimi\u00e7i tahmin talep formu): <strong>Evet<\/strong><\/li>\n<li> Web sitesinde net bilgiler: <strong>K\u0131smi<\/strong>. Web sitesi, daha fazla ayr\u0131nt\u0131 i\u00e7in \u015firketle ileti\u015fime ge\u00e7me talebinde bulunan belirsiz bilgiler i\u00e7ermektedir.<\/li>\n<li> Uluslararas\u0131 tan\u0131nm\u0131\u015f ta\u015f\u0131ma organizasyonlar\u0131na \u00fcyelik: <strong>Evet<\/strong>, yukar\u0131ya bak\u0131n.<\/li>\n<li> M\u00fc\u015fterilerin listesi ve\/veya \u00f6nceki m\u00fc\u015fteri referanslar\u0131: <strong>Hay\u0131r.<\/strong><\/li>\n<\/ol>\n<div itemprop=\"reviewRating\" itemscope itemtype=\"http:\/\/schema.org\/Rating\"><meta itemprop=\"worstRating\" content = \"0\" \/><meta itemprop=\"bestRating\" content=\"5\" \/><meta itemprop=\"ratingValue\" content=\"4\"><\/div>\n<p><strong>Genel puan: 4\/5<\/strong><br \/>\n<strong>\u0130nceleme Tarihi:<\/strong> <span itemprop=\"datePublished\" content=\"2016-05-22\">22\/05\/2016<\/span><\/p>\n<\/div>\n<p>Hakk\u0131nda daha fazla bilgi <a href=\"https:\/\/moverdb.com\/tr\/uluslararasi-tasimalar\/\">Birle\u015fik Krall\u0131k nakliye \u015firketleri<\/a> ve bizim <a href=\"https:\/\/moverdb.com\/tr\/yorumlar\/\">i\u0307nceleme s\u00fcreci\u0307 a\u00e7iklandi<\/a>.<\/p>\n<p><strong>Web sitesi:<\/strong> <a href=\"https:\/\/www.shoreporters.com\/\" target=\"_blank\" rel=\"noopener\">https:\/\/www.shoreporters.com<\/a><\/p>","protected":false},"excerpt":{"rendered":"<p>The Shore Porters Society offers the following services for people moving abroad, regionally and locally. There is also a company profile and service reviews to peruse. Corporate and Personal Moves Abroad Pre-Move survey Door to door service Ocean or Air Freight Various packing options Storage options Assistance with documentation for destination country In depth knowledge [&hellip;]<\/p>\n","protected":false},"author":1,"featured_media":0,"parent":0,"menu_order":0,"comment_status":"closed","ping_status":"closed","template":"","meta":{"_genesis_hide_title":false,"_genesis_hide_breadcrumbs":false,"_genesis_hide_singular_image":false,"_genesis_hide_footer_widgets":false,"_genesis_custom_body_class":"","_genesis_custom_post_class":"","_genesis_layout":"","footnotes":""},"class_list":{"0":"post-350","1":"page","2":"type-page","3":"status-publish","5":"entry"},"_links":{"self":[{"href":"https:\/\/moverdb.com\/tr\/wp-json\/wp\/v2\/pages\/350","targetHints":{"allow":["GET"]}}],"collection":[{"href":"https:\/\/moverdb.com\/tr\/wp-json\/wp\/v2\/pages"}],"about":[{"href":"https:\/\/moverdb.com\/tr\/wp-json\/wp\/v2\/types\/page"}],"author":[{"embeddable":true,"href":"https:\/\/moverdb.com\/tr\/wp-json\/wp\/v2\/users\/1"}],"replies":[{"embeddable":true,"href":"https:\/\/moverdb.com\/tr\/wp-json\/wp\/v2\/comments?post=350"}],"version-history":[{"count":12,"href":"https:\/\/moverdb.com\/tr\/wp-json\/wp\/v2\/pages\/350\/revisions"}],"predecessor-version":[{"id":6246,"href":"https:\/\/moverdb.com\/tr\/wp-json\/wp\/v2\/pages\/350\/revisions\/6246"}],"wp:attachment":[{"href":"https:\/\/moverdb.com\/tr\/wp-json\/wp\/v2\/media?parent=350"}],"curies":[{"name":"wp","href":"https:\/\/api.w.org\/{rel}","templated":true}]}}