{"id":349,"date":"2016-05-22T20:51:02","date_gmt":"2016-05-22T20:51:02","guid":{"rendered":"http:\/\/moverdb.com\/?page_id=349"},"modified":"2026-01-08T15:20:48","modified_gmt":"2026-01-08T15:20:48","slug":"ekip-yerlesimleri","status":"publish","type":"page","link":"https:\/\/moverdb.com\/tr\/team-relocations\/","title":{"rendered":"Team Relocations International Moving &amp; Removals Yorumlar\u0131"},"content":{"rendered":"<p>Team Relocations, yurtd\u0131\u015f\u0131na personel veya t\u00fcm ofislerini ta\u015f\u0131yan bireyler ve \u015firketler i\u00e7in a\u015fa\u011f\u0131daki ta\u015f\u0131nma hizmetlerini sunmaktad\u0131r. A\u015fa\u011f\u0131da Team Locations'\u0131n \u015firket profilini ve yorumlar\u0131n\u0131 okuyun.<\/p>\n<p><strong>Ki\u015fisel ve Kurumsal Ta\u015f\u0131nma<\/strong><\/p>\n<ul>\n<li> Ta\u015f\u0131nmaya y\u00f6nelik bireysel \u00e7\u00f6z\u00fcmler sunan dan\u0131\u015fmanl\u0131k hizmeti<\/li>\n<li> Stratejik yer de\u011fi\u015ftirme y\u00f6netimi<\/li>\n<li> Geli\u015fmi\u015f webZone teknolojisi<\/li>\n<li> Paketleme ve nakliye<\/li>\n<li> Sigorta ayarland\u0131<\/li>\n<\/ul>\n<p><strong>Emlak Hizmetleri<\/strong><\/p>\n<ul>\n<li> Ev Arama<\/li>\n<li> Kira G\u00f6r\u00fc\u015fmeleri ve Yenilemeleri<\/li>\n<li> Envanter Giri\u015f\/\u00c7\u0131k\u0131\u015f\u0131<\/li>\n<li> Mobilya ve Alet Kiralama<\/li>\n<li> Ge\u00e7ici Konaklama<\/li>\n<li> Kalk\u0131\u015f Programlar\u0131<\/li>\n<li> Ev Sat\u0131\u015f Y\u00f6netimi<\/li>\n<li> M\u00fclk Y\u00f6netimi <\/li>\n<li> Garantili Ev Sat\u0131\u015f Program\u0131<\/li>\n<\/ul>\n<p><strong>Yerle\u015fmek<\/strong><\/p>\n<ul>\n<li> Oryantasyon<\/li>\n<li> Destinasyon Bilgileri<\/li>\n<li> K\u00fclt\u00fcrel Brifingler<\/li>\n<li> Dil E\u011fitimi<\/li>\n<li> Hareket Y\u00f6netimi<\/li>\n<li> Tamirci\/Yard\u0131mc\u0131 Hizmetleri<\/li>\n<\/ul>\n<p><strong>Aile Programlar\u0131<\/strong><\/p>\n<ul>\n<li> E\u011fitim ara\u015ft\u0131rmas\u0131 ve kay\u0131t<\/li>\n<li> Evcil hayvanlar\u0131n ta\u015f\u0131nmas\u0131<\/li>\n<li> Ortak deste\u011fi<\/li>\n<\/ul>\n<p><strong>Depolama Hizmetleri<\/strong><\/p>\n<ul>\n<li> \u00d6zel depolama<\/li>\n<li> Ar\u015fiv ve belge depolama<\/li>\n<li> Geleneksel depolama<\/li>\n<\/ul>\n<p><strong>Uzmanl\u0131k Hizmetleri<\/strong><\/p>\n<ul>\n<li> \u00d6zel nakliyeciler i\u00e7in k\u00fcresel ta\u015f\u0131mac\u0131l\u0131k<\/li>\n<li> Ticari ve ofis ta\u015f\u0131malar\u0131 ve yer de\u011fi\u015ftirme<\/li>\n<li> Hastane ta\u015f\u0131nmas\u0131<\/li>\n<li> Evsel depolama<\/li>\n<li> Belge ve ar\u015fiv depolama<\/li>\n<\/ul>\n<p><strong>Ek Hizmetler<\/strong><\/p>\n<ul>\n<li> Zor eri\u015fim i\u00e7in merdiven asans\u00f6rleri<\/li>\n<li> G\u00fczel sanatlar ve antika ambalaj\u0131<\/li>\n<li> A\u015fa\u011f\u0131dakiler dahil elektrik\u00e7i hizmetleri<\/li>\n<li> Yerel prizlere uyum sa\u011flamak i\u00e7in fi\u015flerin de\u011fi\u015ftirilmesi<\/li>\n<li> Lambalar\u0131n ve cihazlar\u0131n yeniden kablolanmas\u0131<\/li>\n<li> Transformat\u00f6rlerin sa\u011flanmas\u0131<\/li>\n<li> Tamirci<\/li>\n<li> Hizmet\u00e7i servisi<\/li>\n<li> Piyano akordu<\/li>\n<li> Uydu anteni kurulumu\/kald\u0131r\u0131lmas\u0131<\/li>\n<li> Temizlik ekipleri<\/li>\n<li> Ofisten teslim alma<\/li>\n<li> Yard\u0131m kutular\u0131<\/li>\n<li> <a href=\"https:\/\/moverdb.com\/tr\/araba-tasima-nakliye\/\">Ara\u00e7 nakliyesi<\/a> ve depolama<\/li>\n<\/ul>\n<h2>Team Relocation \u015eirket Profili<\/h2>\n<p>Team Relocation 1977 y\u0131l\u0131nda kurulmu\u015ftur ve \u015fu anda en b\u00fcy\u00fck ta\u015f\u0131nma ve yer de\u011fi\u015ftirme \u015firketlerinden biridir. <a href=\"https:\/\/moverdb.com\/tr\/international-removals\/\" data-internallinksmanager029f6b8e52c=\"27\" title=\"36 \u0130ngiltere&#039;deki En \u0130yi Uluslararas\u0131 Nakliye \u015eirketleri\">nakli\u0307ye \u015fi\u0307rketleri\u0307<\/a> d\u00fcnyada. Team Location'\u0131n 13 \u00fclkede ofisi bulunmaktad\u0131r ve bir\u00e7ok tan\u0131nm\u0131\u015f ki\u015fi, \u00e7ok uluslu \u015firket ve devlet kurumu, yurtd\u0131\u015f\u0131nda ve b\u00f6lgesel olarak personel ve \u015firket ta\u015f\u0131nmalar\u0131 i\u00e7in \u015firketi kullanmaktad\u0131r. <\/p>\n<p>Team Relocation yaln\u0131zca kendileriyle ayn\u0131 temel de\u011ferleri payla\u015fan ortaklarla \u00e7al\u0131\u015facakt\u0131r; bunlar aras\u0131nda m\u00fckemmellik, d\u00fcr\u00fcstl\u00fck, sorumluluk ve g\u00fcvenlik yer almaktad\u0131r. \u015eirket yer de\u011fi\u015ftirme, ta\u015f\u0131nma ve uzmanl\u0131k hizmetlerine odaklanmaktad\u0131r. <\/p>\n<p>\u015eirket ayr\u0131ca uluslararas\u0131 insan haklar\u0131na g\u00fc\u00e7l\u00fc bir \u015fekilde inanmakta ve d\u00fcnya \u00e7ap\u0131nda bir\u00e7ok hay\u0131r kurumunu desteklemektedir.<\/p>\n<p>Ekip Lokasyonlar\u0131 akreditasyonlar\u0131 ve ba\u011flant\u0131lar\u0131 a\u015fa\u011f\u0131da listelenmi\u015ftir:<\/p>\n<ul>\n<li> <a href=\"https:\/\/moverdb.com\/tr\/british-association-of-removers\/\">\u0130ngiliz S\u00f6k\u00fcmc\u00fcler Birli\u011fi (BAR)<\/a><\/li>\n<li> DBA<\/li>\n<li> Bu <a href=\"https:\/\/moverdb.com\/tr\/mtc\/\">Movers Ticaret Kul\u00fcb\u00fc<\/a> (<a href=\"https:\/\/moverdb.com\/tr\/mtc\/\" data-internallinksmanager029f6b8e52c=\"30\" title=\"Movers Trading Club (MTC) A\u00e7\u0131klamas\u0131\">MTC<\/a>)<\/li>\n<li> <a href=\"https:\/\/moverdb.com\/tr\/fidi-faim\/\">FAIM<\/a><\/li>\n<li> <a href=\"https:\/\/moverdb.com\/tr\/fidi-faim\/\">FIDI<\/a><\/li>\n<li> D\u00fcnya \u00c7ap\u0131nda Mobilite Derne\u011fi <\/li>\n<li> <a href=\"https:\/\/moverdb.com\/tr\/iam\/\">Uluslararas\u0131 Ta\u015f\u0131mac\u0131lar Birli\u011fi (IAM)<\/a><\/li>\n<li> OMNI<\/li>\n<\/ul>\n<h2>Team Relocations Yorumlar\u0131<\/h2>\n<p><em>\u015eu anda Team Relocations i\u00e7in internette ba\u015fka bir yerde yay\u0131nlanm\u0131\u015f herhangi bir yorum bulamad\u0131k.<\/em><\/p>\n<div itemprop=\"review\" itemscope itemtype=\"http:\/\/schema.org\/Review\">\n<span itemprop=\"author\" itemscope=\"\" itemtype=\"http:\/\/schema.org\/Organization\"><span itemprop=\"name\">MoverDB.com<\/span><\/span> \u00c7evrimi\u00e7i Web Sitesi \u0130ncelemesi i\u00e7in <span itemprop=\"itemreviewed\" itemscope=\"\" itemtype=\"http:\/\/schema.org\/Brand\"><span itemprop=\"name\">Ekip Ta\u015f\u0131malar\u0131<\/span><\/span>:<\/p>\n<ol>\n<li> Web sitesinde a\u00e7\u0131k ileti\u015fim bilgileri (telefon numaras\u0131 dahil): <strong>Evet<\/strong><\/li>\n<li> Almas\u0131 kolay <a href=\"https:\/\/moverdb.com\/tr\/alintilar\/\">uluslararas\u0131 ta\u015f\u0131mac\u0131l\u0131k teklifleri<\/a>? (\u00c7evrimi\u00e7i tahmin talep formu): <strong>Evet<\/strong><\/li>\n<li> Web sitesinde net bilgiler: <strong>Evet<\/strong>. Bilgilendirici bir web sitesi ancak ayr\u0131nt\u0131l\u0131 bilginin do\u011frudan \u015firketten al\u0131nmas\u0131 gerekiyor.<\/li>\n<li> Uluslararas\u0131 tan\u0131nm\u0131\u015f ta\u015f\u0131ma organizasyonlar\u0131na \u00fcyelik: <strong>Evet<\/strong>, yukar\u0131ya bak\u0131n.<\/li>\n<li> M\u00fc\u015fterilerin listesi ve\/veya \u00f6nceki m\u00fc\u015fteri referanslar\u0131: <strong>Hay\u0131r.<\/strong><\/li>\n<\/ol>\n<div itemprop=\"reviewRating\" itemscope itemtype=\"http:\/\/schema.org\/Rating\"><meta itemprop=\"worstRating\" content = \"0\" \/><meta itemprop=\"bestRating\" content=\"5\" \/><meta itemprop=\"ratingValue\" content=\"4\"><\/div>\n<p><strong>Genel puan: 4\/5<\/strong><br \/>\n<strong>\u0130nceleme Tarihi:<\/strong> <span itemprop=\"datePublished\" content=\"2016-05-22\">22\/05\/2016<\/span><\/p>\n<\/div>\n<p>Hakk\u0131nda daha fazla bilgi <a href=\"https:\/\/moverdb.com\/tr\/tasinma-si%cc%87rketleri%cc%87\/\">uluslararas\u0131 ta\u015f\u0131ma \u015firketleri<\/a> ve bizim <a href=\"https:\/\/moverdb.com\/tr\/yorumlar\/\">i\u0307nceleme s\u00fcreci\u0307 a\u00e7iklandi<\/a>.<\/p>\n<p><strong>Web sitesi:<\/strong> <a href=\"http:\/\/www.teamrelocations.com\/\" target=\"_blank\" rel=\"noopener\">http:\/\/www.teamrelocations.com<\/a><\/p>","protected":false},"excerpt":{"rendered":"<p>Team Relocations offers the following moving services for individuals and corporates moving personnel or whole offices abroad. Read Team Locations&#8217; company profile and reviews below. Personal and Corporate Moves Consultancy service offering individual solutions to moving Strategic relocation management Advanced webZone technology Packing and shipping Insurance arranged Property Services Home Search Tenancy Negotiations &#038; Renewals [&hellip;]<\/p>\n","protected":false},"author":1,"featured_media":0,"parent":0,"menu_order":0,"comment_status":"closed","ping_status":"closed","template":"","meta":{"_genesis_hide_title":false,"_genesis_hide_breadcrumbs":false,"_genesis_hide_singular_image":false,"_genesis_hide_footer_widgets":false,"_genesis_custom_body_class":"","_genesis_custom_post_class":"","_genesis_layout":"","footnotes":""},"class_list":{"0":"post-349","1":"page","2":"type-page","3":"status-publish","5":"entry"},"_links":{"self":[{"href":"https:\/\/moverdb.com\/tr\/wp-json\/wp\/v2\/pages\/349","targetHints":{"allow":["GET"]}}],"collection":[{"href":"https:\/\/moverdb.com\/tr\/wp-json\/wp\/v2\/pages"}],"about":[{"href":"https:\/\/moverdb.com\/tr\/wp-json\/wp\/v2\/types\/page"}],"author":[{"embeddable":true,"href":"https:\/\/moverdb.com\/tr\/wp-json\/wp\/v2\/users\/1"}],"replies":[{"embeddable":true,"href":"https:\/\/moverdb.com\/tr\/wp-json\/wp\/v2\/comments?post=349"}],"version-history":[{"count":12,"href":"https:\/\/moverdb.com\/tr\/wp-json\/wp\/v2\/pages\/349\/revisions"}],"predecessor-version":[{"id":6243,"href":"https:\/\/moverdb.com\/tr\/wp-json\/wp\/v2\/pages\/349\/revisions\/6243"}],"wp:attachment":[{"href":"https:\/\/moverdb.com\/tr\/wp-json\/wp\/v2\/media?parent=349"}],"curies":[{"name":"wp","href":"https:\/\/api.w.org\/{rel}","templated":true}]}}