{"id":348,"date":"2016-05-22T19:54:24","date_gmt":"2016-05-22T19:54:24","guid":{"rendered":"http:\/\/moverdb.com\/?page_id=348"},"modified":"2026-01-08T15:20:45","modified_gmt":"2026-01-08T15:20:45","slug":"sterling-relocation","status":"publish","type":"page","link":"https:\/\/moverdb.com\/tr\/sterling-relocation\/","title":{"rendered":"Sterling Relocation International Moving &amp; Removals Yorumlar\u0131"},"content":{"rendered":"<p>Sterling, uluslararas\u0131 i\u015fverenlere personellerini d\u00fcnya \u00e7ap\u0131nda yeniden yerle\u015ftirmek i\u00e7in kolay bir yol sunar. Hizmetleri, m\u00fc\u015fteri yorumlar\u0131 ve \u015firket profili ile birlikte a\u015fa\u011f\u0131da listelenmi\u015ftir.<\/p>\n<p><strong>Yer De\u011fi\u015ftirme Hizmetleri<\/strong><\/p>\n<ul>\n<li> Atama Y\u00f6netimi<\/li>\n<li> K\u00fclt\u00fcrler Aras\u0131 E\u011fitim<\/li>\n<li> Kalk\u0131\u015f Hizmetleri<\/li>\n<li> E\u011fitim Yard\u0131m\u0131<\/li>\n<li> Gider Y\u00f6netimi<\/li>\n<li> Mobilya Kiralama<\/li>\n<li> Garantili Ev Sat\u0131\u015f\u0131<\/li>\n<li> Ev Bulma Hizmeti<\/li>\n<li> G\u00f6\u00e7menlik, Vize ve \u00c7al\u0131\u015fma \u0130zinleri<\/li>\n<li> Dil E\u011fitimi<\/li>\n<li> Hareket Y\u00f6netimi<\/li>\n<li> Ta\u015f\u0131nma Hizmetleri<\/li>\n<li> Oryantasyon<\/li>\n<li> Ortak Yard\u0131m\u0131<\/li>\n<li> Politika \u0130sti\u015faresi<\/li>\n<li> M\u00fclk Y\u00f6netimi<\/li>\n<li> Yerle\u015fim Hizmetleri<\/li>\n<li> K\u0131sa S\u00fcreli Konaklama<\/li>\n<li> Depolama<\/li>\n<li> Kirac\u0131l\u0131k Y\u00f6netimi<\/li>\n<li> Transit Kapak<\/li>\n<\/ul>\n<h2>Sterling Relocation \u015eirket Profili<\/h2>\n<p>Sterling Relocation, kurumsal d\u00fcnya i\u00e7in k\u00fcresel yer de\u011fi\u015ftirme hizmetlerinin en iyi sa\u011flay\u0131c\u0131s\u0131 olmak amac\u0131yla 1991 y\u0131l\u0131nda kurulmu\u015ftur. \u015eirket, 80 y\u0131l\u0131 a\u015fk\u0131n s\u00fcredir insanlar\u0131n yerlerini de\u011fi\u015ftiren $1.7 milyar dolarl\u0131k bir \u015firket olan UniGroup'a aittir. <\/p>\n<p>UniGroup Yer De\u011fi\u015ftirme A\u011f\u0131, 180'den fazla \u00fclkede 1200 hizmet merkezi arac\u0131l\u0131\u011f\u0131yla faaliyet g\u00f6stermektedir.<\/p>\n<p>Sterling Relocation \u00e7al\u0131\u015fanlar\u0131n\u0131n \u00e7o\u011fu yurtd\u0131\u015f\u0131nda ya\u015fam\u0131\u015ft\u0131r ve bu nedenle \u00e7al\u0131\u015fanlar\u0131n ve ailelerinin yurtd\u0131\u015f\u0131na ta\u015f\u0131n\u0131rken kar\u015f\u0131la\u015ft\u0131klar\u0131 zorluklar\u0131 anlarlar. Her m\u00fc\u015fteri, ta\u015f\u0131nman\u0131n t\u00fcm y\u00f6nlerinin sorunsuz bir \u015fekilde y\u00fcr\u00fct\u00fclmesini sa\u011flayan bir personel ile do\u011frudan ilgilenir. <\/p>\n<p>2015 y\u0131l\u0131nda Sterling Relocation'\u0131n m\u00fc\u015fterilerinin 99.63%'si ta\u015f\u0131nmalar\u0131ndan memnun kalm\u0131\u015ft\u0131r.<\/p>\n<p>Sterling Relocation, de\u011ferlerinin, misyonlar\u0131n\u0131n ve vizyonlar\u0131n\u0131n sekt\u00f6rlerine olan tutkular\u0131n\u0131, t\u00fcm cephelerde d\u00fcr\u00fcstl\u00fc\u011f\u00fc, m\u00fc\u015fterilere ve personele \u00f6zen g\u00f6stermeyi ve m\u00fcmk\u00fcn olan en iyi hizmeti sunmay\u0131 i\u00e7erdi\u011fini s\u00f6yl\u00fcyor.<\/p>\n<p>Sterling Relocation'\u0131n Akreditasyonlar ve \u0130\u015ftirakler Listesi:<\/p>\n<ul>\n<li> <a href=\"https:\/\/moverdb.com\/tr\/fidi-faim\/\">Uluslararas\u0131 Ta\u015f\u0131mac\u0131lar Federasyonu<\/a> (<a href=\"https:\/\/moverdb.com\/tr\/fidi-faim\/\" data-internallinksmanager029f6b8e52c=\"16\" title=\"FIDI &amp; FAIM (FIDI Akredite Uluslararas\u0131 Ta\u015f\u0131mac\u0131) A\u00e7\u0131klamas\u0131\">FIDI<\/a>)<\/li>\n<li> <a href=\"https:\/\/moverdb.com\/tr\/association-relocation-professionals\/\">Yer De\u011fi\u015ftirme Profesyonelleri Derne\u011fi<\/a> (<a href=\"https:\/\/moverdb.com\/tr\/association-relocation-professionals\/\" data-internallinksmanager029f6b8e52c=\"6\" title=\"Association of Relocation Professionals (ARP) A\u00e7\u0131klamas\u0131\">ARP<\/a>)<\/li>\n<li> <a href=\"https:\/\/moverdb.com\/tr\/calisan-yer-degistirme-konseyi\/\">\u00c7al\u0131\u015fanlar\u0131n Yer De\u011fi\u015ftirme Konseyi - D\u00fcnya \u00c7ap\u0131nda ERC<\/a><\/li>\n<li> <a href=\"https:\/\/moverdb.com\/tr\/eura\/\">Avrupa Yer De\u011fi\u015ftirme Derne\u011fi<\/a> (<a href=\"https:\/\/moverdb.com\/tr\/eura\/\" data-internallinksmanager029f6b8e52c=\"13\" title=\"Avrupa Yer De\u011fi\u015ftirme Birli\u011fi (EuRA) A\u00e7\u0131klamas\u0131\">EuRA<\/a>)<\/li>\n<li> Overseas Moving Network International (OMNI)<\/li>\n<li> <a href=\"https:\/\/moverdb.com\/tr\/iam\/\">Uluslararas\u0131 Ta\u015f\u0131mac\u0131lar Birli\u011fi (IAM)<\/a><\/li>\n<li> <a href=\"https:\/\/moverdb.com\/tr\/lacma\/\">Latin Amerika ve Karayipler Ta\u015f\u0131mac\u0131lar Birli\u011fi<\/a> (<a href=\"https:\/\/moverdb.com\/tr\/lacma\/\" data-internallinksmanager029f6b8e52c=\"28\" title=\"Latin Amerika ve Karayipler Uluslararas\u0131 Ta\u015f\u0131mac\u0131lar Birli\u011fi (LACMA)\">LACMA<\/a>)<\/li>\n<li> <a href=\"https:\/\/moverdb.com\/tr\/british-association-of-removers\/\">\u0130ngiliz S\u00f6k\u00fcmc\u00fcler Birli\u011fi (BAR)<\/a><\/li>\n<\/ul>\n<h2>Sterling Relocation Yorumlar\u0131<\/h2>\n<p><strong>Pozitif<\/strong><\/p>\n<p><em>\"Sterlin'den \u00e7ok etkilendim <a href=\"https:\/\/moverdb.com\/tr\/moving-to-london\/\">Londra<\/a> i\u00e7in <a href=\"https:\/\/moverdb.com\/tr\/moving-to-switzerland\/\" data-internallinksmanager029f6b8e52c=\"327\" title=\"\u0130svi\u00e7re&#039;ye mi ta\u015f\u0131n\u0131yorsunuz? 2026 Ya\u015fam Maliyetleri &amp; Yer De\u011fi\u015ftirme \u0130pu\u00e7lar\u0131\">\u0130svi\u00e7re<\/a> birka\u00e7 y\u0131l \u00f6nce kurumsal bir ta\u015f\u0131nma s\u0131ras\u0131nda. Ondan sonra birka\u00e7 ta\u015f\u0131nma ya\u015fad\u0131\u011f\u0131m i\u00e7in art\u0131k onlar\u0131 de\u011ferlendirebilecek bir konumda oldu\u011fumu hissediyorum. Ve s\u00f6ylemeliyim ki ya\u015fad\u0131\u011f\u0131m en iyi ta\u015f\u0131nmay\u0131 ger\u00e7ekle\u015ftirdiler.\"<\/em> - inceleme <a href=\"http:\/\/www.yelp.co.uk\/biz\/sterling-corporate-relocation-london\" target=\"_blank\" rel=\"noopener\">Yelp arac\u0131l\u0131\u011f\u0131yla<\/a><\/p>\n<p><strong>Negatif<\/strong><\/p>\n<p><em>Sterling Relocation i\u00e7in internette herhangi bir olumsuz yorum bulamad\u0131k<\/em><\/p>\n<div itemprop=\"review\" itemscope itemtype=\"http:\/\/schema.org\/Review\">\n<span itemprop=\"author\" itemscope=\"\" itemtype=\"http:\/\/schema.org\/Organization\"><span itemprop=\"name\">MoverDB.com<\/span><\/span> \u00c7evrimi\u00e7i Web Sitesi \u0130ncelemesi i\u00e7in <span itemprop=\"itemreviewed\" itemscope=\"\" itemtype=\"http:\/\/schema.org\/Brand\"><span itemprop=\"name\">Sterling Ta\u015f\u0131nma<\/span><\/span>:<\/p>\n<ol>\n<li> Web sitesinde a\u00e7\u0131k ileti\u015fim bilgileri (telefon numaras\u0131 dahil): <strong>Evet<\/strong><\/li>\n<li> Almas\u0131 kolay <a href=\"https:\/\/moverdb.com\/tr\/alintilar\/\">uluslararas\u0131 ta\u015f\u0131mac\u0131l\u0131k teklifleri<\/a>? (\u00c7evrimi\u00e7i tahmin talep formu): <strong>Evet<\/strong><\/li>\n<li> Web sitesinde net bilgiler: <strong>Evet<\/strong> Sterling Relocation'\u0131n web sitesi, i\u015flerinin t\u00fcm y\u00f6nleri hakk\u0131nda kapsaml\u0131 bilgiler i\u00e7ermektedir. Ayr\u0131ca, vize ihtiya\u00e7lar\u0131 ve d\u00fcnyan\u0131n \u00e7e\u015fitli \u00fclkelerinde ya\u015fam hakk\u0131nda g\u00fcncel bilgiler veren faydal\u0131 bir 'Haberler' b\u00f6l\u00fcm\u00fc de bulunmaktad\u0131r.<\/li>\n<li> Uluslararas\u0131 tan\u0131nm\u0131\u015f ta\u015f\u0131ma organizasyonlar\u0131na \u00fcyelik: <strong>Evet<\/strong>, yukar\u0131ya bak\u0131n.<\/li>\n<li> M\u00fc\u015fterilerin listesi ve\/veya \u00f6nceki m\u00fc\u015fteri referanslar\u0131: <strong>K\u0131smi<\/strong> M\u00fc\u015fteri listesi bulunmamakla birlikte, sitede \u00e7e\u015fitli m\u00fc\u015fteri referanslar\u0131 yer almaktad\u0131r.<\/li>\n<\/ol>\n<div itemprop=\"reviewRating\" itemscope itemtype=\"http:\/\/schema.org\/Rating\"><meta itemprop=\"worstRating\" content = \"0\" \/><meta itemprop=\"bestRating\" content=\"5\" \/><meta itemprop=\"ratingValue\" content=\"4.5\"><\/div>\n<p><strong>Genel puan: 4,5\/5<\/strong><br \/>\n<strong>\u0130nceleme Tarihi:<\/strong> <span itemprop=\"datePublished\" content=\"2016-05-22\">22\/05\/2016<\/span>\n<\/div>\n<p>Hakk\u0131nda daha fazla bilgi <a href=\"https:\/\/moverdb.com\/tr\/uluslararasi-tasimalar\/\">Birle\u015fik Krall\u0131k nakliye \u015firketleri<\/a> ve bizim <a href=\"https:\/\/moverdb.com\/tr\/yorumlar\/\">i\u0307nceleme s\u00fcreci\u0307 a\u00e7iklandi<\/a>.<\/p>\n<p><strong>Web sitesi:<\/strong> <a href=\"http:\/\/www.sterling.com\/\" target=\"_blank\" rel=\"noopener\">http:\/\/www.sterling.com\/<\/a><\/p>","protected":false},"excerpt":{"rendered":"<p>Sterling offers international employers an easy way to relocate their staff worldwide. Their services are listed below, together with customer reviews and a company profile. Relocation Services Assignment Management Cross Culture Training Departure Services Education Assistance Expense Management Furniture Rental Guaranteed Home Sale Home Finding Service Immigration, Visa and Work Permits Language Training Move Management [&hellip;]<\/p>\n","protected":false},"author":1,"featured_media":0,"parent":0,"menu_order":0,"comment_status":"closed","ping_status":"closed","template":"","meta":{"_genesis_hide_title":false,"_genesis_hide_breadcrumbs":false,"_genesis_hide_singular_image":false,"_genesis_hide_footer_widgets":false,"_genesis_custom_body_class":"","_genesis_custom_post_class":"","_genesis_layout":"","footnotes":""},"class_list":{"0":"post-348","1":"page","2":"type-page","3":"status-publish","5":"entry"},"_links":{"self":[{"href":"https:\/\/moverdb.com\/tr\/wp-json\/wp\/v2\/pages\/348","targetHints":{"allow":["GET"]}}],"collection":[{"href":"https:\/\/moverdb.com\/tr\/wp-json\/wp\/v2\/pages"}],"about":[{"href":"https:\/\/moverdb.com\/tr\/wp-json\/wp\/v2\/types\/page"}],"author":[{"embeddable":true,"href":"https:\/\/moverdb.com\/tr\/wp-json\/wp\/v2\/users\/1"}],"replies":[{"embeddable":true,"href":"https:\/\/moverdb.com\/tr\/wp-json\/wp\/v2\/comments?post=348"}],"version-history":[{"count":15,"href":"https:\/\/moverdb.com\/tr\/wp-json\/wp\/v2\/pages\/348\/revisions"}],"predecessor-version":[{"id":6240,"href":"https:\/\/moverdb.com\/tr\/wp-json\/wp\/v2\/pages\/348\/revisions\/6240"}],"wp:attachment":[{"href":"https:\/\/moverdb.com\/tr\/wp-json\/wp\/v2\/media?parent=348"}],"curies":[{"name":"wp","href":"https:\/\/api.w.org\/{rel}","templated":true}]}}