{"id":347,"date":"2016-05-22T19:43:53","date_gmt":"2016-05-22T19:43:53","guid":{"rendered":"http:\/\/moverdb.com\/?page_id=347"},"modified":"2026-01-08T15:20:38","modified_gmt":"2026-01-08T15:20:38","slug":"santa-fe-relocation","status":"publish","type":"page","link":"https:\/\/moverdb.com\/tr\/santa-fe-relocation\/","title":{"rendered":"Santa Fe Relocation Services International Moving &amp; Removals Yorumlar\u0131"},"content":{"rendered":"<p>Santa Fe Relocation Services \u00fcst d\u00fczey bir ta\u015f\u0131nma \u015firketidir. Bir\u00e7ok ta\u015f\u0131nma hizmeti, \u015firket profili ve m\u00fc\u015fteri yorumlar\u0131 ile birlikte a\u015fa\u011f\u0131da listelenmi\u015ftir.<\/p>\n<p><strong>K\u00fcresel Mobilite Hizmetleri<\/strong><\/p>\n<ul>\n<li> D\u00fcnya \u00e7ap\u0131nda k\u00fcresel yer de\u011fi\u015ftirme ve DSP y\u00f6netimi<\/li>\n<li> Vize ve g\u00f6\u00e7menlik y\u00f6netimi<\/li>\n<li> Bireysel ve kurumsal \u00e7al\u0131\u015fanlar i\u00e7in ta\u015f\u0131nma y\u00f6netimi<\/li>\n<\/ul>\n<p><strong>Ta\u015f\u0131nma ve Depolama Hizmetleri<\/strong><\/p>\n<ul>\n<li> Uluslararas\u0131 Ta\u015f\u0131nma<\/li>\n<li> Yurti\u00e7i ve Yerel Ta\u015f\u0131nma<\/li>\n<li> Depolama<\/li>\n<li> Evcil Hayvan Ta\u015f\u0131ma<\/li>\n<li> <a href=\"https:\/\/moverdb.com\/tr\/araba-tasima-nakliye\/\">Ara\u00e7 Nakliyesi<\/a><\/li>\n<li> Koruma Kapsam\u0131 Ba\u011flant\u0131lar\u0131<\/li>\n<li> Tamirci &amp; Vale Hizmetleri<\/li>\n<li> Mobilya Kiralama<\/li>\n<li> Nakliye ve Depolama Hizmetlerinde M\u00fckemmellik<\/li>\n<\/ul>\n<p><strong>Yer De\u011fi\u015ftirme Hizmetleri<\/strong><\/p>\n<ul>\n<li> G\u00f6t\u00fcr\u00fc bedel atama<\/li>\n<li> K\u0131sa s\u00fcreli g\u00f6revlendirmeler<\/li>\n<li> Ev arama<\/li>\n<li> Okul arama<\/li>\n<li> Yerle\u015ftirme hizmetleri<\/li>\n<li> Bir bak\u0131\u015fta kontrol listesi ve ta\u015f\u0131nma<\/li>\n<li> Vize ve g\u00f6\u00e7menlik<\/li>\n<li> Destinasyon rehberleri<\/li>\n<\/ul>\n<p><strong>Ticari Hizmetler<\/strong><\/p>\n<ul>\n<li> Ofis ta\u015f\u0131ma<\/li>\n<li> Otel kurulumlar\u0131<\/li>\n<li> D\u00fcnya \u00e7ap\u0131nda sergiler<\/li>\n<li> Sanat ve antika ta\u015f\u0131mac\u0131l\u0131\u011f\u0131<\/li>\n<li> Hastane ta\u015f\u0131nmalar\u0131, askeri tesisler, e\u011fitim tesisleri gibi \u00f6zel projeler<\/li>\n<\/ul>\n<h2>Santa Fe Relocation Services \u015eirket Profili<\/h2>\n<p>Santa Fe, gurbet\u00e7i \u015firket \u00e7al\u0131\u015fanlar\u0131na k\u00fcresel mobilite hizmetleri sunmaktad\u0131r. \u015eirket, \u00e7al\u0131\u015fanlar\u0131n ta\u015f\u0131nma stresini ortadan kald\u0131rmaktan gurur duymakta ve Fortune 500'deki m\u00fc\u015fterileriyle \u00f6v\u00fcnmektedir. \u015eirket y\u0131lda yakla\u015f\u0131k 60.000 uluslararas\u0131 ta\u015f\u0131nma ve 15.000 yurti\u00e7i ta\u015f\u0131nma i\u015flemi ger\u00e7ekle\u015ftirmektedir. <\/p>\n<p>Santa Fe hayat\u0131na <a href=\"https:\/\/moverdb.com\/tr\/moving-to-hong-kong\/\" data-internallinksmanager029f6b8e52c=\"350\" title=\"Hong Kong&#039;a m\u0131 ta\u015f\u0131n\u0131yorsunuz? 2026 Ya\u015fam Maliyetleri &amp; Yer De\u011fi\u015ftirme \u0130pu\u00e7lar\u0131\">Hong Kong<\/a> 1980 y\u0131l\u0131nda. Santa Fe Grubu d\u00fcnya \u00e7ap\u0131nda \u015firketler sat\u0131n alm\u0131\u015ft\u0131r, bunlar\u0131n en eskisi Wridgways of <a href=\"https:\/\/moverdb.com\/tr\/moving-to-australia\/living-in-australia\/\" data-internallinksmanager029f6b8e52c=\"240\" title=\"Avustralya&#039;da Ya\u015famak Hakk\u0131nda Ta\u015f\u0131nmadan \u00d6nce Bilmeniz Gereken 21 S\u0131r\">Avustralya<\/a> 1892'de kurulmu\u015ftur. Santa Fe'nin alt\u0131 k\u0131tada ofisi bulunmaktad\u0131r ve genel merkezi <a href=\"https:\/\/moverdb.com\/tr\/moving-to-london\/\">Londra<\/a> ve m\u00fc\u015fterilerine k\u00fcresel, b\u00f6lgesel ve yerel ta\u015f\u0131nma hizmetleri sunmaktad\u0131r. <\/p>\n<p>Santa Fe Relocation Services Dernekleri ve Akreditasyonlar\u0131:<\/p>\n<ul>\n<li> <a href=\"https:\/\/moverdb.com\/tr\/calisan-yer-degistirme-konseyi\/\">D\u00fcnya \u00c7ap\u0131nda ERC<\/a><\/li>\n<li> <a href=\"https:\/\/moverdb.com\/tr\/eura\/\">Avrupa Yer De\u011fi\u015ftirme Derne\u011fi<\/a> (<a href=\"https:\/\/moverdb.com\/tr\/eura\/\" data-internallinksmanager029f6b8e52c=\"13\" title=\"Avrupa Yer De\u011fi\u015ftirme Birli\u011fi (EuRA) A\u00e7\u0131klamas\u0131\">EuRA<\/a>)<\/li>\n<li> <a href=\"https:\/\/moverdb.com\/tr\/fidi-faim\/\">Uluslararas\u0131 Ta\u015f\u0131mac\u0131l\u0131k \u015eirketleri K\u00fcresel Federasyonu<\/a> (<a href=\"https:\/\/moverdb.com\/tr\/fidi-faim\/\" data-internallinksmanager029f6b8e52c=\"16\" title=\"FIDI &amp; FAIM (FIDI Akredite Uluslararas\u0131 Ta\u015f\u0131mac\u0131) A\u00e7\u0131klamas\u0131\">FIDI<\/a>)<\/li>\n<li> <a href=\"https:\/\/moverdb.com\/tr\/fidi-faim\/\">FIDI-FAIM ve FAIM Plus Akreditasyonlu<\/a><\/li>\n<li> <a href=\"https:\/\/moverdb.com\/tr\/iam\/\">Uluslararas\u0131 Ta\u015f\u0131mac\u0131lar Birli\u011fi (IAM)<\/a><\/li>\n<li> <a href=\"https:\/\/moverdb.com\/tr\/lacma\/\">LACMA<\/a><\/li>\n<li> ISO9001 Kalite Y\u00f6netimi<\/li>\n<li> ISO14001 \u00c7evre Y\u00f6netimi<\/li>\n<li> OHSAS18001 Sa\u011fl\u0131k ve G\u00fcvenlik Y\u00f6netimi<\/li>\n<li> ISO27001 Veri G\u00fcvenli\u011fi<\/li>\n<\/ul>\n<h2>Santa Fe Relocation Services Yorumlar\u0131<\/h2>\n<p><strong>Pozitif<\/strong><\/p>\n<p><em>\"Santa Fe'nin bir Berlin ekibi var (<a href=\"https:\/\/moverdb.com\/tr\/moving-to-germany\/\" data-internallinksmanager029f6b8e52c=\"321\" title=\"Almanya&#039;ya m\u0131 ta\u015f\u0131n\u0131yorsunuz? 2026 Ya\u015fam Maliyetleri &amp; Yer De\u011fi\u015ftirme \u0130pu\u00e7lar\u0131\">Almanya<\/a>) ve sa\u011flad\u0131klar\u0131 hizmetle ger\u00e7ekten akl\u0131m\u0131 ba\u015f\u0131mdan ald\u0131lar. Bay H. Schulz ve Bayan A. Hoenow ta\u015f\u0131nmam\u0131 sorunsuz, verimli ve her zaman dostane bir tav\u0131rla ger\u00e7ekle\u015ftirdiler.\"<\/em> Dot Stein arac\u0131l\u0131\u011f\u0131yla <a href=\"http:\/\/www.mymovingreviews.com\/movingreviews\/simply-the-best-51520\" target=\"_blank\" rel=\"noopener\">MyMovingReviews<\/a><\/p>\n<p><em>\"S\u00fcrecin ba\u015f\u0131ndan sonuna kadar verilen hizmet profesyonel ve yard\u0131mseverdi ve ekip ta\u015f\u0131nman\u0131n kaliteli bir \u015fekilde ger\u00e7ekle\u015fmesi i\u00e7in elinden geleni yapt\u0131.\"<\/em> Linda, Melbourne arac\u0131l\u0131\u011f\u0131yla <a href=\"http:\/\/www.productreview.com.au\/p\/santa-fe-wridgways.html\" target=\"_blank\" rel=\"noopener\">\u00dcr\u00fcn \u0130ncelemesi<\/a><\/p>\n<p><strong>Negatif<\/strong><\/p>\n<p><em>\"KULLANMAYIN. Anla\u015fmal\u0131 olduklar\u0131 \u015firket (Roy Trevor Removals) yepyeni ah\u015fap zeminlerimi tamamen tahrip etti ve asl\u0131nda su\u00e7u <a href=\"https:\/\/moverdb.com\/tr\/moving-to-the-united-states\/\" data-internallinksmanager029f6b8e52c=\"94\" title=\"Amerika Birle\u015fik Devletleri&#039;ne mi ta\u015f\u0131n\u0131yorsunuz? 2026 Ya\u015fam Maliyetleri ve Yer De\u011fi\u015ftirme \u0130pu\u00e7lar\u0131\">Biz<\/a> hasar i\u00e7in.\"<\/em> Pamela Rollins arac\u0131l\u0131\u011f\u0131yla <a href=\"http:\/\/www.mymovingreviews.com\/movingreviews\/horrible-damage-to-floors-51782\" target=\"_blank\" rel=\"noopener\">MyMovingReviews<\/a><\/p>\n<p><em>\"Bu, PNG'den Perth'e uluslararas\u0131 bir ta\u015f\u0131nmayd\u0131. Ekim 2015'e kadar toparland\u0131k, 5 aydan fazla oldu ve hala t\u00fcm e\u015fyalar\u0131m\u0131z\u0131 alamad\u0131k.\" <\/em>Liz arac\u0131l\u0131\u011f\u0131yla <a href=\"http:\/\/www.productreview.com.au\/p\/santa-fe-wridgways.html\" target=\"_blank\" rel=\"noopener\">\u00dcr\u00fcn \u0130ncelemesi<\/a><\/p>\n<div itemprop=\"review\" itemscope itemtype=\"http:\/\/schema.org\/Review\">\n<span itemprop=\"author\" itemscope=\"\" itemtype=\"http:\/\/schema.org\/Organization\"><span itemprop=\"name\">MoverDB.com<\/span><\/span> \u00c7evrimi\u00e7i Web Sitesi \u0130ncelemesi i\u00e7in <span itemprop=\"itemreviewed\" itemscope=\"\" itemtype=\"http:\/\/schema.org\/Brand\"><span itemprop=\"name\">Santa Fe Ta\u015f\u0131nma Hizmetleri<\/span><\/span>:<\/p>\n<ol>\n<li> Web sitesinde a\u00e7\u0131k ileti\u015fim bilgileri (telefon numaras\u0131 dahil): <strong>Evet<\/strong><\/li>\n<li> Almas\u0131 kolay <a href=\"https:\/\/moverdb.com\/tr\/alintilar\/\">uluslararas\u0131 ta\u015f\u0131mac\u0131l\u0131k teklifleri<\/a>? (\u00c7evrimi\u00e7i tahmin talep formu): <strong>Evet<\/strong><\/li>\n<li> Web sitesinde net bilgiler: <strong>Evet<\/strong>. Son derece bilgilendirici bir web sitesi.<\/li>\n<li> Uluslararas\u0131 tan\u0131nm\u0131\u015f ta\u015f\u0131ma organizasyonlar\u0131na \u00fcyelik: <strong>Evet<\/strong>, yukar\u0131ya bak\u0131n.<\/li>\n<li> M\u00fc\u015fterilerin listesi ve\/veya \u00f6nceki m\u00fc\u015fteri referanslar\u0131: <strong>Evet<\/strong>M\u00fc\u015fterilerin bir listesi olmasa da, bir\u00e7ok olumlu m\u00fc\u015fteri referans\u0131 var.<\/li>\n<\/ol>\n<div itemprop=\"reviewRating\" itemscope itemtype=\"http:\/\/schema.org\/Rating\"><meta itemprop=\"worstRating\" content = \"0\" \/><meta itemprop=\"bestRating\" content=\"5\" \/><meta itemprop=\"ratingValue\" content=\"5\"><\/div>\n<p><strong>Genel puan: 5\/5<\/strong><br \/>\n<strong>\u0130nceleme Tarihi:<\/strong> <span itemprop=\"datePublished\" content=\"2016-05-22\">22\/05\/2016<\/span>\n<\/div>\n<p>Hakk\u0131nda daha fazla bilgi <a href=\"https:\/\/moverdb.com\/tr\/uluslararasi-tasimalar\/\">Birle\u015fik Krall\u0131k nakliye \u015firketleri<\/a> ve bizim <a href=\"https:\/\/moverdb.com\/tr\/yorumlar\/\">i\u0307nceleme s\u00fcreci\u0307 a\u00e7iklandi<\/a>.<\/p>\n<p><strong>Web sitesi:<\/strong> <a href=\"http:\/\/www.santaferelo.com\/\" target=\"_blank\" rel=\"noopener\">http:\/\/www.santaferelo.com\/<\/a><\/p>","protected":false},"excerpt":{"rendered":"<p>Santa Fe Relocation Services is a high-end relocation company. It&#8217;s many removal services are listed below, together with a company profile and customer reviews. Global Mobility Services Global relocation and DSP management worldwide Visa and immigration management Move management for individuals and corporate employees Moving and Storage Services International Moving Domestic and Local Moving Storage [&hellip;]<\/p>\n","protected":false},"author":1,"featured_media":0,"parent":0,"menu_order":0,"comment_status":"closed","ping_status":"closed","template":"","meta":{"_genesis_hide_title":false,"_genesis_hide_breadcrumbs":false,"_genesis_hide_singular_image":false,"_genesis_hide_footer_widgets":false,"_genesis_custom_body_class":"","_genesis_custom_post_class":"","_genesis_layout":"","footnotes":""},"class_list":{"0":"post-347","1":"page","2":"type-page","3":"status-publish","5":"entry"},"_links":{"self":[{"href":"https:\/\/moverdb.com\/tr\/wp-json\/wp\/v2\/pages\/347","targetHints":{"allow":["GET"]}}],"collection":[{"href":"https:\/\/moverdb.com\/tr\/wp-json\/wp\/v2\/pages"}],"about":[{"href":"https:\/\/moverdb.com\/tr\/wp-json\/wp\/v2\/types\/page"}],"author":[{"embeddable":true,"href":"https:\/\/moverdb.com\/tr\/wp-json\/wp\/v2\/users\/1"}],"replies":[{"embeddable":true,"href":"https:\/\/moverdb.com\/tr\/wp-json\/wp\/v2\/comments?post=347"}],"version-history":[{"count":14,"href":"https:\/\/moverdb.com\/tr\/wp-json\/wp\/v2\/pages\/347\/revisions"}],"predecessor-version":[{"id":6235,"href":"https:\/\/moverdb.com\/tr\/wp-json\/wp\/v2\/pages\/347\/revisions\/6235"}],"wp:attachment":[{"href":"https:\/\/moverdb.com\/tr\/wp-json\/wp\/v2\/media?parent=347"}],"curies":[{"name":"wp","href":"https:\/\/api.w.org\/{rel}","templated":true}]}}