{"id":3392,"date":"2019-09-20T11:37:54","date_gmt":"2019-09-20T11:37:54","guid":{"rendered":"https:\/\/moverdb.com\/?page_id=3392"},"modified":"2026-01-08T14:39:59","modified_gmt":"2026-01-08T14:39:59","slug":"international-van-lines","status":"publish","type":"page","link":"https:\/\/moverdb.com\/tr\/international-van-lines\/","title":{"rendered":"Uluslararas\u0131 Van Lines (IVL): Yer De\u011fi\u015ftirme &amp; Ta\u015f\u0131nma Yorumlar\u0131"},"content":{"rendered":"<p><img loading=\"lazy\" decoding=\"async\" width=\"700\" height=\"158\" src=\"https:\/\/moverdb.com\/wp-content\/uploads\/International-Van-Lines-Logo.png\" alt=\"Uluslararas\u0131 Van Hatlar\u0131 Logosu\" class=\"aligncenter size-full wp-image-3389\" data-wp-pid=\"3389\" srcset=\"https:\/\/moverdb.com\/wp-content\/uploads\/International-Van-Lines-Logo.png 700w, https:\/\/moverdb.com\/wp-content\/uploads\/International-Van-Lines-Logo-300x68.png 300w, https:\/\/moverdb.com\/wp-content\/uploads\/International-Van-Lines-Logo-600x135.png 600w\" sizes=\"auto, (max-width: 700px) 100vw, 700px\" \/><\/p>\n<p>International Van Lines 2000 y\u0131l\u0131nda kurulmu\u015f Amerika merkezli bir nakliyecidir ve \u015fu anda d\u00fcnyan\u0131n en b\u00fcy\u00fck <a href=\"https:\/\/moverdb.com\/tr\/moving-companies\/\" data-internallinksmanager029f6b8e52c=\"79\" title=\"\u00c7evrimi\u00e7i En \u0130yi 25 Uluslararas\u0131 Nakliye \u015eirketi\">uluslararas\u0131 ta\u015f\u0131ma \u015firketleri<\/a> d\u00fcnyada. Consumer Advocate taraf\u0131ndan 2017, 2018 ve 2019 y\u0131llar\u0131nda En \u0130yi Ta\u015f\u0131nma \u015eirketi olarak derecelendirilmi\u015ftir.<\/p>\n<p>\u0130\u015fte sa\u011flad\u0131klar\u0131 hizmetlerden baz\u0131lar\u0131:<\/p>\n<p><a href=\"https:\/\/moverdb.com\/tr\/konteyner-tasimaciligi\/\"><strong>Tam Konteyner Y\u00fck\u00fc (FCL) Nakliye<\/strong><\/a><\/p>\n<ul>\n<li> Kuru Konteynerler<\/li>\n<li> 20\u2032 ve 40\u2032 se\u00e7enekleri mevcuttur<\/li>\n<li> Kap\u0131dan kap\u0131ya servis veya canl\u0131 y\u00fck (DIY)<\/li>\n<li> Federal Denizcilik Komisyonu taraf\u0131ndan <a href=\"https:\/\/moverdb.com\/tr\/freight-forwarder\/\" data-internallinksmanager029f6b8e52c=\"17\" title=\"Freight Forwarder &amp; NVOCC Uluslararas\u0131 Maliyet ve \u015eirketler Rehberi\">navlun nakli\u0307yeci\u0307si\u0307<\/a>.<\/li>\n<\/ul>\n<p><strong>Okyanus Ta\u015f\u0131mac\u0131l\u0131\u011f\u0131<\/strong><\/p>\n<ul>\n<li> Kap\u0131dan Kap\u0131ya<\/li>\n<li> Kap\u0131dan <a href=\"https:\/\/moverdb.com\/tr\/top-49-container-ports\/\" data-internallinksmanager029f6b8e52c=\"80\" title=\"2025 Y\u0131l\u0131nda En B\u00fcy\u00fck ve En Yo\u011fun 49 Konteyner Liman\u0131\">Liman<\/a><\/li>\n<li> Limandan Kap\u0131ya<\/li>\n<li> Limandan Limana<\/li>\n<\/ul>\n<p><strong>Hava Ta\u015f\u0131mac\u0131l\u0131\u011f\u0131 Hizmetleri<\/strong><\/p>\n<ul>\n<li> Hem hava ta\u015f\u0131mac\u0131l\u0131\u011f\u0131 hem de ekspres kargo ta\u015f\u0131mac\u0131l\u0131\u011f\u0131<\/li>\n<li> Birka\u00e7 gemi kutusu ya da b\u00fct\u00fcn bir ev<\/li>\n<li> Kap\u0131dan kap\u0131ya, kap\u0131dan terminale, terminalden kap\u0131ya veya terminalden terminale hizmetler sunun<\/li>\n<li> T\u00fcm ev e\u015fyalar\u0131 shrink ambalajl\u0131 olacak ve y\u00fcklenmeden \u00f6nce paletlere yerle\u015ftirilecektir<\/li>\n<li> G\u00fcmr\u00fckten ge\u00e7mek i\u00e7in gerekli t\u00fcm evrak i\u015flerini halledin<\/li>\n<\/ul>\n<p><a href=\"https:\/\/moverdb.com\/tr\/araba-tasima-nakliye\/\"><strong>Oto Nakliye<\/strong><\/a><\/p>\n<ul>\n<li> <a href=\"https:\/\/moverdb.com\/tr\/container-shipping\/\" data-internallinksmanager029f6b8e52c=\"3\" title=\"Uluslararas\u0131 Konteyner Nakliye Fiyatlar\u0131 Tablosu: Nisan 2026\">Konteyner Ta\u015f\u0131mac\u0131l\u0131\u011f\u0131<\/a><\/li>\n<li> Konsolidasyon Hizmeti<\/li>\n<li> Roll on Roll off (RO\/RO)<\/li>\n<li> G\u00fcmr\u00fckleme Belgeleri<\/li>\n<li> Sigorta se\u00e7enekleri<\/li>\n<\/ul>\n<p><strong>Uzun Mesafe Ta\u015f\u0131nma Hizmetleri<\/strong><\/p>\n<ul>\n<li> \u0130\u00e7erisindeki hareketler i\u00e7in <a href=\"https:\/\/moverdb.com\/tr\/moving-to-the-united-states\/\" data-internallinksmanager029f6b8e52c=\"94\" title=\"Amerika Birle\u015fik Devletleri&#039;ne mi ta\u015f\u0131n\u0131yorsunuz? 2026 Ya\u015fam Maliyetleri ve Yer De\u011fi\u015ftirme \u0130pu\u00e7lar\u0131\">Birle\u015fik Devletler<\/a><\/li>\n<li> Paketleme<\/li>\n<li> Depolama<\/li>\n<li> Sand\u0131klama<\/li>\n<li> Uzmanl\u0131k hizmetleri<\/li>\n<\/ul>\n<p><strong>Di\u011fer Hizmetler<\/strong><\/p>\n<ul>\n<li> Kurumsal Ta\u015f\u0131nma<\/li>\n<li> Ofis Ta\u015f\u0131malar\u0131<\/li>\n<li> H\u00fck\u00fcmet ve Askeri Hareketler<\/li>\n<li> Ta\u015f\u0131y\u0131c\u0131 ve broker hizmetleri<\/li>\n<\/ul>\n<h2>International Van Lines \u015eirket Profili<\/h2>\n<p>International Van Lines, 1%'den daha az bir \u015fikayet oran\u0131yla y\u0131lda 10.000'den fazla ta\u015f\u0131nma ger\u00e7ekle\u015ftirdi\u011fini iddia ediyor. Amerika Birle\u015fik Devletleri'nin tamam\u0131n\u0131 ve 180'den fazla \u00fclkeyi kapsamaktad\u0131rlar. 2000'den beri uluslararas\u0131 ta\u015f\u0131ma i\u015findeler ve 2004'te yurti\u00e7i uzun mesafe ta\u015f\u0131malar\u0131 sunmaya ba\u015flad\u0131lar. \u015eu anda 200'den fazla ki\u015fiyi istihdam etmektedirler ve 2012 y\u0131l\u0131nda ABD'de en h\u0131zl\u0131 b\u00fcy\u00fcyen \u015firketlerin yer ald\u0131\u011f\u0131 INC 5000 listesinde yer alm\u0131\u015flard\u0131r. <\/p>\n<p>International Van Lines'\u0131n da harika de\u011ferlendirmeleri var <a href=\"https:\/\/uk.trustpilot.com\/review\/www.internationalvanlines.com\" rel=\"noopener noreferrer\" target=\"_blank\">Trustpilot<\/a> (5 \u00fczerinden 4,3), <a href=\"https:\/\/www.move.org\/international-van-lines-review\/\" rel=\"noopener noreferrer\" target=\"_blank\">Move.org<\/a> (5 \u00fczerinden 4,7) ve <a href=\"https:\/\/www.consumeraffairs.com\/homeowners\/international-van-lines.html\" rel=\"noopener noreferrer\" target=\"_blank\">T\u00fcketici \u0130\u015fleri<\/a> (5 \u00fczerinden 4). Bu nedenle, ABD'ye veya ABD'den ta\u015f\u0131n\u0131yorsan\u0131z, fiyat teklifi almaya de\u011fer bir \u015firkettir.<\/p>\n<p>Akreditasyona sahiptirler:<\/p>\n<ul>\n<li> Lisansl\u0131 <a href=\"https:\/\/safer.fmcsa.dot.gov\/query.asp?searchtype=ANY&#038;query_type=queryCarrierSnapshot&#038;query_param=USDOT&#038;query_string=2293832\" rel=\"noopener noreferrer\" target=\"_blank\">DOT Ta\u015f\u0131y\u0131c\u0131<\/a><\/li>\n<li> <a href=\"https:\/\/moverdb.com\/tr\/yuk-i%cc%87leti%cc%87ci%cc%87si%cc%87\/\">NVOCC<\/a> (gemi i\u015fletmecili\u011fi yapmayan ortak ta\u015f\u0131y\u0131c\u0131) lisans\u0131<\/li>\n<li> FMC (Federal Denizcilik Komisyonu) <\/li>\n<li> <a href=\"https:\/\/moverdb.com\/tr\/rim-promover\/\">ProMover<\/a><\/li>\n<\/ul>\n<h2>Uluslararas\u0131 Van Lines Yorumlar\u0131<\/h2>\n<p><strong>Olumlu:<\/strong><\/p>\n<ul>\n<li> <em>\"IVL uzun mesafeli ta\u015f\u0131nmamda harika bir i\u015f \u00e7\u0131kard\u0131. Ekip zaman\u0131nda geldi, iyi paketledi ve yapacaklar\u0131n\u0131 s\u00f6yledikleri \u015feyi yapt\u0131lar. Gerekirse onlar\u0131 tekrar kullan\u0131r\u0131m.\"<\/em> - Martha B. \u015firket web sitesi arac\u0131l\u0131\u011f\u0131yla<\/li>\n<li> <em>\"International Van Lines k\u0131sa s\u00fcre \u00f6nce e\u015fyalar\u0131m\u0131 teslim etti. \u0130ncelemeden sonra hi\u00e7bir hasar veya kay\u0131p ya\u015famad\u0131m ki bu m\u00fckemmel bir \u015fey.\"<\/em> - Move.org arac\u0131l\u0131\u011f\u0131yla IVY Powers <\/li>\n<li> <em>\"IVL ile ya\u015fad\u0131\u011f\u0131m deneyimden memnun kald\u0131m ve deniza\u015f\u0131r\u0131 bir yere nakliyat yapmam ya da ta\u015f\u0131nmam gerekse yine onlar\u0131 tercih ederdim.\"<\/em> - Jeff T\u00fcketici \u0130\u015fleri arac\u0131l\u0131\u011f\u0131yla<\/li>\n<li> <em>\"Genel olarak deneyimim harikayd\u0131! Gerekirse onlarla tekrar \u00e7al\u0131\u015f\u0131r\u0131m.\"<\/em> - Trustpliot arac\u0131l\u0131\u011f\u0131yla Sade<\/li>\n<\/ul>\n<p><strong>Olumsuz:<\/strong><\/p>\n<ul>\n<li> <em>\"Hayal k\u0131r\u0131kl\u0131\u011f\u0131n\u0131n \u00f6tesindeyim ve International Van Lines'\u0131 asla kimseye tavsiye etmem.\"<\/em> - Trustpilot arac\u0131l\u0131\u011f\u0131yla Ezeibe<\/li>\n<li> <em>\"Bir kilim ve ba\u015fka \u015feyler kaybettiler.\"<\/em> - Move.org arac\u0131l\u0131\u011f\u0131yla Maritini Dog<\/li>\n<li> <em>\"E\u015fyalar\u0131m\u0131z\u0131 yeni evimize ne zaman ta\u015f\u0131yacaklar\u0131 konusunda \u00f6n tarafta k\u00f6t\u00fc bir ileti\u015fimsizlik vard\u0131\"<\/em> - T\u00fcketici \u0130\u015fleri arac\u0131l\u0131\u011f\u0131yla Erin<\/li>\n<\/ul>\n<div itemprop=\"review\" itemscope itemtype=\"http:\/\/schema.org\/Review\">\n<span itemprop=\"author\" itemscope=\"\" itemtype=\"http:\/\/schema.org\/Organization\"><span itemprop=\"name\">MoverDB.com<\/span><\/span> \u00c7evrimi\u00e7i Web Sitesi \u0130ncelemesi i\u00e7in <span itemprop=\"itemreviewed\" itemscope=\"\" itemtype=\"http:\/\/schema.org\/Brand\"><span itemprop=\"name\">Uluslararas\u0131 Van Hatlar\u0131<\/span><\/span>:<\/p>\n<ol>\n<li> Web sitesinde a\u00e7\u0131k ileti\u015fim bilgileri (telefon numaras\u0131 dahil): <strong>Evet<\/strong><\/li>\n<li> Almas\u0131 kolay <a href=\"https:\/\/moverdb.com\/tr\/alintilar\/\">uluslararas\u0131 ta\u015f\u0131ma teklifleri<\/a>? (\u00c7evrimi\u00e7i tahmin talep formu): <strong>Evet<\/strong><\/li>\n<li> Web sitesinde net bilgiler: <strong>Evet.<\/strong> Web sitesi, \u015firketin sundu\u011fu t\u00fcm hizmetleri a\u00e7\u0131k\u00e7a ortaya koyuyor.<\/li>\n<li> Uluslararas\u0131 tan\u0131nm\u0131\u015f ta\u015f\u0131ma organizasyonlar\u0131na \u00fcyelik: <strong>Evet<\/strong>, (yukar\u0131ya bak\u0131n)<\/li>\n<li> M\u00fc\u015fterilerin listesi ve\/veya \u00f6nceki m\u00fc\u015fteri referanslar\u0131. <strong>Evet,<\/strong> Sitelerinde \u00e7evrimi\u00e7i incelemeler bulundurun ve ayr\u0131ca \u00e7evrimi\u00e7i olarak bir\u00e7ok olumlu ele\u015ftiriye sahip olun.<\/li>\n<\/ol>\n<div itemprop=\"reviewRating\" itemscope itemtype=\"http:\/\/schema.org\/Rating\"><meta itemprop=\"worstRating\" content = \"0\" \/><meta itemprop=\"bestRating\" content=\"5\" \/><meta itemprop=\"ratingValue\" content=\"5\"><\/div>\n<p><strong>Genel puan: 5\/5<\/strong><br \/>\n<strong>\u0130nceleme Tarihi:<\/strong> <span itemprop=\"datePublished\" content=\"2019-09-20\">20\/09\/2019<\/span>\n<\/div>\n<p>Hakk\u0131nda daha fazlas\u0131n\u0131 okuyun <a href=\"https:\/\/moverdb.com\/tr\/tasinma-si%cc%87rketleri%cc%87\/\">uluslararas\u0131 ta\u015f\u0131ma \u015firketleri<\/a>, <a href=\"https:\/\/moverdb.com\/tr\/us-canada-movers\/\">ev ta\u015fima \u015fi\u0307rketleri\u0307<\/a> ve bizim <a href=\"https:\/\/moverdb.com\/tr\/yorumlar\/\">i\u0307nceleme s\u00fcreci\u0307 a\u00e7iklandi<\/a>.<\/p>\n<p><strong>Web sitesi:<\/strong> <a href=\"https:\/\/internationalvanlines.com\/\" target=\"_blank\" rel=\"noopener noreferrer\">https:\/\/internationalvanlines.com\/<\/a><\/p>","protected":false},"excerpt":{"rendered":"<p>International Van Lines is an American based mover founded in 2000 and is now one the largest international moving companies in the world. They have been rated as The Best Moving Company by Consumer Advocate in 2017, 2018 and 2019. Here are some of the services they provide: Full Container Load (FCL) Shipping Dry Containers [&hellip;]<\/p>\n","protected":false},"author":1,"featured_media":0,"parent":0,"menu_order":0,"comment_status":"closed","ping_status":"closed","template":"","meta":{"_genesis_hide_title":false,"_genesis_hide_breadcrumbs":false,"_genesis_hide_singular_image":false,"_genesis_hide_footer_widgets":false,"_genesis_custom_body_class":"","_genesis_custom_post_class":"","_genesis_layout":"","footnotes":""},"class_list":{"0":"post-3392","1":"page","2":"type-page","3":"status-publish","5":"entry","6":"has-post-thumbnail"},"_links":{"self":[{"href":"https:\/\/moverdb.com\/tr\/wp-json\/wp\/v2\/pages\/3392","targetHints":{"allow":["GET"]}}],"collection":[{"href":"https:\/\/moverdb.com\/tr\/wp-json\/wp\/v2\/pages"}],"about":[{"href":"https:\/\/moverdb.com\/tr\/wp-json\/wp\/v2\/types\/page"}],"author":[{"embeddable":true,"href":"https:\/\/moverdb.com\/tr\/wp-json\/wp\/v2\/users\/1"}],"replies":[{"embeddable":true,"href":"https:\/\/moverdb.com\/tr\/wp-json\/wp\/v2\/comments?post=3392"}],"version-history":[{"count":3,"href":"https:\/\/moverdb.com\/tr\/wp-json\/wp\/v2\/pages\/3392\/revisions"}],"predecessor-version":[{"id":3396,"href":"https:\/\/moverdb.com\/tr\/wp-json\/wp\/v2\/pages\/3392\/revisions\/3396"}],"wp:attachment":[{"href":"https:\/\/moverdb.com\/tr\/wp-json\/wp\/v2\/media?parent=3392"}],"curies":[{"name":"wp","href":"https:\/\/api.w.org\/{rel}","templated":true}]}}