{"id":320,"date":"2016-05-17T21:20:57","date_gmt":"2016-05-17T21:20:57","guid":{"rendered":"http:\/\/moverdb.com\/?page_id=320"},"modified":"2026-01-08T14:40:08","modified_gmt":"2026-01-08T14:40:08","slug":"matthew-james","status":"publish","type":"page","link":"https:\/\/moverdb.com\/tr\/matthew-james\/","title":{"rendered":"Matthew James Global Relocations"},"content":{"rendered":"<p>Matthew James Global Relocations, yurtd\u0131\u015f\u0131na ve yerel olarak ta\u015f\u0131nan bireyler ve \u015firketler i\u00e7in bir\u00e7ok hizmet sunan \u00f6zel bir \u015firkettir. Hizmetleri, bir \u015firket profili ve incelemelerle birlikte a\u015fa\u011f\u0131da listelenmi\u015ftir.<\/p>\n<p><strong>Uluslararas\u0131 Ta\u015f\u0131malar<\/strong><\/p>\n<ul>\n<li> Kap\u0131dan kap\u0131ya eksiksiz hizmet<\/li>\n<li> \u0130hracat paketleme ve ambalajlama hizmetleri<\/li>\n<li> Ambalaj a\u00e7ma ve yeniden montaj hizmetleri<\/li>\n<li> <a href=\"https:\/\/moverdb.com\/tr\/container-shipping\/\" data-internallinksmanager029f6b8e52c=\"3\" title=\"Uluslararas\u0131 Konteyner Nakliye Fiyatlar\u0131 Tablosu: Nisan 2026\">Uluslararas\u0131 nakliye<\/a> envanter<\/li>\n<li> Dedike ve Grupaj sevkiyatlar<\/li>\n<li> G\u00fcmr\u00fckleme yard\u0131m\u0131<\/li>\n<li> K\u0131r\u0131lgan ve hassas e\u015fyalar i\u00e7in \u0131smarlama sand\u0131klama<\/li>\n<li> Uluslararas\u0131 derin deniz sigorta teminat\u0131<\/li>\n<li> Genel sigorta kapsam\u0131<\/li>\n<\/ul>\n<p><strong>Avrupa Ta\u015f\u0131malar\u0131<\/strong><\/p>\n<ul>\n<li> Kap\u0131dan kap\u0131ya eksiksiz hizmet<\/li>\n<li> Paketleme, ambalajlama ve ambalajdan \u00e7\u0131karma<\/li>\n<li> <a href=\"https:\/\/moverdb.com\/tr\/araba-tasima-nakliye\/\">Ara\u00e7<\/a>, tekne ve bisikletle ula\u015f\u0131m<\/li>\n<li> Sigorta ayarland\u0131<\/li>\n<\/ul>\n<p><strong>Evden Eve Nakliyat<\/strong><\/p>\n<ul>\n<li> Kap\u0131dan kap\u0131ya eksiksiz hizmet<\/li>\n<li> Paketleme, ambalajlama ve ambalajdan \u00e7\u0131karma<\/li>\n<li> Otomatik olarak \u00a350,000'a kadar sigortalan\u0131r<\/li>\n<\/ul>\n<p><strong>Londra'da Depolama ve <a href=\"https:\/\/moverdb.com\/tr\/moving-to-spain\/\" data-internallinksmanager029f6b8e52c=\"266\" title=\"\u0130spanya&#039;ya m\u0131 ta\u015f\u0131n\u0131yorsunuz? 2026 Ya\u015fam Maliyetleri ve Yer De\u011fi\u015ftirme \u0130pu\u00e7lar\u0131\">\u0130spanya<\/a><\/strong><\/p>\n<ul>\n<li> Konteynerli depolama<\/li>\n<li> Kendi kendine depolama<\/li>\n<li> Ar\u015fiv depolama<\/li>\n<\/ul>\n<h2>Matthew James \u015eirket Profili<\/h2>\n<p>Matthew James Global Relocations \u00fc\u00e7 ku\u015fakt\u0131r insanlar\u0131 d\u00fcnyan\u0131n d\u00f6rt bir yan\u0131na ta\u015f\u0131yor. G\u00fcvenilir k\u00fcresel ortakl\u0131klar arac\u0131l\u0131\u011f\u0131yla 300'den fazla \u00fclkede 25.000'den fazla var\u0131\u015f noktas\u0131n\u0131 kapsamaktad\u0131r. \u015eirket \u0130spanya'ya ta\u015f\u0131nma konusunda uzmanla\u015fm\u0131\u015ft\u0131r ve \u00fclkede \u00fc\u00e7 ofisi bulunmaktad\u0131r.<\/p>\n<p>Bug\u00fcn\u00fcn genel m\u00fcd\u00fcr\u00fc Matthew De-Machen'in \u00e7ocuklu\u011fundan beri kamyonlara kar\u015f\u0131 bir tutkusu var ve bu tutkusu \u015firkete entegre edilmi\u015f durumda. <\/p>\n<p>\u015eirket, y\u00fcksek kaliteli \u00f6zelle\u015ftirilmi\u015f ara\u00e7lar\u0131yla \u00fcn kazanm\u0131\u015ft\u0131r ve sat\u0131n al\u0131nabilecek model ara\u00e7lar bile mevcuttur. Matthew De-Machen'in kamyonlardaki m\u00fckemmellik tutkusu Matthew James'e de s\u0131\u00e7ram\u0131\u015f ve \u015firket sadece m\u00fckemmelli\u011fin yeterli olaca\u011f\u0131n\u0131 iddia etmektedir.<\/p>\n<p>Matthew James Relocation Services ba\u011flant\u0131lar\u0131 ve akreditasyonlar\u0131:<\/p>\n<ul>\n<li> <a href=\"https:\/\/moverdb.com\/tr\/british-association-of-removers\/\">\u0130ngiliz S\u00f6k\u00fcmc\u00fcler Birli\u011fi (BAR)<\/a><\/li>\n<li> <a href=\"https:\/\/moverdb.com\/tr\/iam\/\">Uluslararas\u0131 Ta\u015f\u0131mac\u0131lar Birli\u011fi (IAM)<\/a><\/li>\n<li> <a href=\"https:\/\/moverdb.com\/tr\/bar-overseas\/\">British Association of Removers - Uluslararas\u0131 Ortak<\/a><\/li>\n<li> QAS Uluslararas\u0131<\/li>\n<li> <a href=\"https:\/\/moverdb.com\/tr\/fedemac\/\">Fedemac Avrupa Ta\u015f\u0131mac\u0131lar\u0131<\/a><\/li>\n<li> Filo Operat\u00f6rleri Tan\u0131ma Program\u0131 (FORS) - Alt\u0131n<\/li>\n<li> Kalite G\u00fcvenceli Hizmet Standard\u0131 - Mobilya Ta\u015f\u0131ma Faaliyetleri ve Yurtd\u0131\u015f\u0131 Ta\u015f\u0131nma Hizmetleri<\/li>\n<li> Ticaret Standartlar\u0131 Enstit\u00fcs\u00fc (TSI)<\/li>\n<\/ul>\n<h2>Matthew James Relocation Yorumlar\u0131<\/h2>\n<p><strong>Pozitif<\/strong><\/p>\n<ul>\n<li> <em>\"Ta\u015f\u0131nman\u0131n her iki ucunda da \u00e7ok kibar davrand\u0131lar. T\u00fcm e\u015fyalar\u0131m\u0131z bu yolculuktan sa\u011f salim \u00e7\u0131km\u0131\u015f gibi g\u00f6r\u00fcn\u00fcyor.\"<\/em> - \u00fczerinden <a href=\"http:\/\/www.referenceline.com\/removers_removals-in-dartford-matthewjamesremovalsstorageltd-14758\" target=\"_blank\" rel=\"noopener\">Referans Hatt\u0131<\/a>.<\/li>\n<li> <em>\"profesyonel, nazik, verimli, g\u00fcler y\u00fczl\u00fc\"<\/em> - \u00fczerinden <a href=\"https:\/\/www.trustedmover.org\/questionnaire\/7167\" target=\"_blank\" rel=\"noopener\">G\u00fcvenilir Ta\u015f\u0131y\u0131c\u0131<\/a><\/li>\n<li> <em>\"Mathew James \u00e7al\u0131\u015fanlar\u0131n\u0131n ilk g\u00f6r\u00fc\u015fmeden, fiyat teklifine, paketlemeden teslimata kadar ta\u015f\u0131nmam\u0131 harika bir \u015fekilde ger\u00e7ekle\u015ftirdikleri i\u00e7in \u00f6vg\u00fcden ba\u015fka bir \u015fey duymuyorum.\"<\/em> - \u00fczerinden <a href=\"http:\/\/www.reviews.co.uk\/company-reviews\/store\/matthew-james-removals\" target=\"_blank\" rel=\"noopener\">Reviews.co.uk<\/a><\/li>\n<\/ul>\n<p><strong>Negatif<\/strong><\/p>\n<ul>\n<li> <em>\"M\u00fc\u015fterileri tamamen g\u00f6z ard\u0131 etme ve mutlak umursamazl\u0131k.\"<\/em> - \u00fczerinden <a href=\"https:\/\/www.yell.com\/biz\/matthew-james-removals-and-storage-dartford-8459632\/\" target=\"_blank\" rel=\"noopener\">Ba\u011f\u0131r.<\/a><\/li>\n<\/ul>\n<div itemprop=\"review\" itemscope itemtype=\"http:\/\/schema.org\/Review\">\n<span itemprop=\"author\" itemscope=\"\" itemtype=\"http:\/\/schema.org\/Organization\"><span itemprop=\"name\">MoverDB.com<\/span><\/span> \u00c7evrimi\u00e7i Web Sitesi \u0130ncelemesi i\u00e7in <span itemprop=\"itemreviewed\" itemscope=\"\" itemtype=\"http:\/\/schema.org\/Brand\"><span itemprop=\"name\">Matthew James Ta\u015f\u0131mac\u0131l\u0131k<\/span><\/span>:<\/p>\n<ol>\n<li> Web sitesinde a\u00e7\u0131k ileti\u015fim bilgileri (telefon numaras\u0131 dahil): <strong>Evet<\/strong><\/li>\n<li> Almas\u0131 kolay <a href=\"https:\/\/moverdb.com\/tr\/alintilar\/\">uluslararas\u0131 ta\u015f\u0131mac\u0131l\u0131k teklifleri<\/a>? (\u00c7evrimi\u00e7i tahmin talep formu): <strong>Evet<\/strong><\/li>\n<li> Web sitesinde net bilgiler: <strong>K\u0131smi.<\/strong> Web sitesi \u00e7ok fazla yararl\u0131 bilgi i\u00e7ermiyor ve ayr\u0131nt\u0131lar i\u00e7in \u015firketle ileti\u015fime ge\u00e7menizi \u00f6neriyor.<\/li>\n<li> Uluslararas\u0131 tan\u0131nm\u0131\u015f ta\u015f\u0131ma organizasyonlar\u0131na \u00fcyelik: <strong>Evet<\/strong>, yukar\u0131ya bak\u0131n.<\/li>\n<li> M\u00fc\u015fterilerin listesi ve\/veya \u00f6nceki m\u00fc\u015fteri referanslar\u0131: <strong>K\u0131smi.<\/strong> Sitede m\u00fc\u015fterilerin bir listesi bulunmuyor, ancak referanslar\u0131 g\u00f6rmek i\u00e7in ReferenceLine'a y\u00f6nlendiriliyorsunuz.<\/li>\n<\/ol>\n<div itemprop=\"reviewRating\" itemscope itemtype=\"http:\/\/schema.org\/Rating\"><meta itemprop=\"worstRating\" content = \"0\" \/><meta itemprop=\"bestRating\" content=\"5\" \/><meta itemprop=\"ratingValue\" content=\"4.5\"><\/div>\n<p><strong>Genel puan: 4,5\/5<\/strong><br \/>\n<strong>\u0130nceleme Tarihi:<\/strong> <span itemprop=\"datePublished\" content=\"2016-05-017\">17\/05\/2016<\/span><\/p>\n<\/div>\n<p>Hakk\u0131nda daha fazla bilgi <a href=\"https:\/\/moverdb.com\/tr\/uluslararasi-tasimalar\/\">Birle\u015fik Krall\u0131k nakliye \u015firketleri<\/a> ve bizim <a href=\"https:\/\/moverdb.com\/tr\/yorumlar\/\">i\u0307nceleme s\u00fcreci\u0307 a\u00e7iklandi<\/a>.<\/p>\n<p><strong>Web sitesi:<\/strong> <a href=\"http:\/\/www.matthewjamesremovals.com\/\" target=\"_blank\" rel=\"noopener\">http:\/\/www.matthewjamesremovals.com\/<\/a><\/p>","protected":false},"excerpt":{"rendered":"<p>Matthew James Global Relocations is a privately owned company which offers many services for individuals and companies moving abroad and locally. Its services are listed below, together with a company profile and reviews. International Relocations Complete door to door service Export packing and wrapping services Unpacking and reassembly services International shipping inventory Dedicated and Groupage [&hellip;]<\/p>\n","protected":false},"author":1,"featured_media":0,"parent":0,"menu_order":0,"comment_status":"closed","ping_status":"closed","template":"","meta":{"_genesis_hide_title":false,"_genesis_hide_breadcrumbs":false,"_genesis_hide_singular_image":false,"_genesis_hide_footer_widgets":false,"_genesis_custom_body_class":"","_genesis_custom_post_class":"","_genesis_layout":"","footnotes":""},"class_list":{"0":"post-320","1":"page","2":"type-page","3":"status-publish","5":"entry"},"_links":{"self":[{"href":"https:\/\/moverdb.com\/tr\/wp-json\/wp\/v2\/pages\/320","targetHints":{"allow":["GET"]}}],"collection":[{"href":"https:\/\/moverdb.com\/tr\/wp-json\/wp\/v2\/pages"}],"about":[{"href":"https:\/\/moverdb.com\/tr\/wp-json\/wp\/v2\/types\/page"}],"author":[{"embeddable":true,"href":"https:\/\/moverdb.com\/tr\/wp-json\/wp\/v2\/users\/1"}],"replies":[{"embeddable":true,"href":"https:\/\/moverdb.com\/tr\/wp-json\/wp\/v2\/comments?post=320"}],"version-history":[{"count":12,"href":"https:\/\/moverdb.com\/tr\/wp-json\/wp\/v2\/pages\/320\/revisions"}],"predecessor-version":[{"id":13173,"href":"https:\/\/moverdb.com\/tr\/wp-json\/wp\/v2\/pages\/320\/revisions\/13173"}],"wp:attachment":[{"href":"https:\/\/moverdb.com\/tr\/wp-json\/wp\/v2\/media?parent=320"}],"curies":[{"name":"wp","href":"https:\/\/api.w.org\/{rel}","templated":true}]}}