{"id":303,"date":"2016-05-03T20:16:23","date_gmt":"2016-05-03T20:16:23","guid":{"rendered":"http:\/\/moverdb.com\/?page_id=303"},"modified":"2026-01-08T13:18:30","modified_gmt":"2026-01-08T13:18:30","slug":"harrow-green","status":"publish","type":"page","link":"https:\/\/moverdb.com\/tr\/harrow-green\/","title":{"rendered":"Harrow Green International Moving &amp; Removals Yorumlar\u0131"},"content":{"rendered":"<p>Harrow Green, \u00f6ncelikle hem yurti\u00e7i hem de uluslararas\u0131 i\u015f ta\u015f\u0131mac\u0131l\u0131\u011f\u0131 konusunda uzmanla\u015fm\u0131\u015ft\u0131r. A\u015fa\u011f\u0131da \u015firket hakk\u0131ndaki de\u011ferlendirmelerle birlikte temel hizmetleri yer almaktad\u0131r.<\/p>\n<h2>Harrow Green Nakliye Hizmetleri<\/h2>\n<p><strong>Uluslararas\u0131 ta\u015f\u0131nma<\/strong><\/p>\n<ul>\n<li> Paketleme hizmetleri<\/li>\n<li> Ula\u015f\u0131m<\/li>\n<li> Depolama hizmetleri<\/li>\n<li> Destinasyon paketi<\/li>\n<li> Sigorta<\/li>\n<li> Tamirci, ev arama ve evcil hayvan ta\u015f\u0131ma gibi hedef hizmetler<\/li>\n<\/ul>\n<p><strong>\u0130\u015f ta\u015f\u0131malar\u0131<\/strong><\/p>\n<ul>\n<li> Alan planlamas\u0131<\/li>\n<li> Yeni mobilya tedari\u011fi<\/li>\n<li> Mevcut mobilyalar\u0131n s\u00f6k\u00fclmesi ve yeniden montaj\u0131<\/li>\n<li> \u0130stenmeyen ekipmanlar\u0131n \u00e7evre dostu \u015fekilde imha edilmesi<\/li>\n<li> Geri d\u00f6n\u00fc\u015f\u00fcm ve yeniden kullan\u0131m programlar\u0131<\/li>\n<li> Tesis d\u0131\u015f\u0131 depolama \u00e7\u00f6z\u00fcmleri<\/li>\n<li> Sand\u0131k kiralama<\/li>\n<\/ul>\n<p><strong>Teknoloji ta\u015f\u0131nmas\u0131<\/strong><\/p>\n<ul>\n<li> Temel hizmet PC'ler, i\u015f istasyonlar\u0131 ve t\u00fcm \u00e7evre birimlerinin (yaz\u0131c\u0131lar ve taray\u0131c\u0131lar gibi) yan\u0131 s\u0131ra masa\u00fcst\u00fc ses ve veri ekipmanlar\u0131n\u0131 i\u00e7erir<\/li>\n<li> Detayl\u0131 ta\u015f\u0131nma \u00f6ncesi denetim<\/li>\n<li> Sistem y\u00fckseltmeleri<\/li>\n<\/ul>\n<p><strong>Geri d\u00f6n\u00fc\u015f\u00fcm ve yeniden kullan\u0131m<\/strong><\/p>\n<ul>\n<li> Hay\u0131rsever ba\u011f\u0131\u015f<\/li>\n<li> Yeniden Sat\u0131\u015f<\/li>\n<li> Yenileme<\/li>\n<li> Geri D\u00f6n\u00fc\u015f\u00fcm<\/li>\n<li> Ofis Temizli\u011fi<\/li>\n<\/ul>\n<p><strong>Depolama hizmetleri<\/strong><\/p>\n<ul>\n<li> Mobilya depolama<\/li>\n<li> Stok kontrol\u00fc ve y\u00f6netimi<\/li>\n<li> Miras ve \u00f6zel depolama<\/li>\n<\/ul>\n<p><strong>Kay\u0131t y\u00f6netimi<\/strong><\/p>\n<ul>\n<li> Belge depolama<\/li>\n<li> \u00c7evrimi\u00e7i belge takibi<\/li>\n<li> Talep \u00fczerine tarama<\/li>\n<li> Belge depolama g\u00fcvenli\u011fi<\/li>\n<li> Miras g\u00fcvenli\u011fi<\/li>\n<li> Bulut depolama<\/li>\n<li> Teyp depolama<\/li>\n<li> Ev ofis ve ki\u015fisel<\/li>\n<\/ul>\n<h2>Harrow Green \u015eirket Profili<\/h2>\n<p>Harrow Green, i\u015fletmelerin ta\u015f\u0131nmas\u0131 konusunda otuz y\u0131ll\u0131k bir deneyime sahiptir ve y\u0131llar i\u00e7inde m\u00fc\u015fterilerinin ve onlar\u0131n b\u00fcy\u00fcyen kurulu\u015flar\u0131n\u0131n ihtiya\u00e7lar\u0131n\u0131 kar\u015f\u0131lamak i\u00e7in hizmetlerini geni\u015fletmi\u015ftir. <\/p>\n<p>Kendilerini bir numaral\u0131 ticari nakliyeci olarak tan\u0131ml\u0131yorlar. Harrow Green, 20 y\u0131ld\u0131r UBS'in tamamen entegre bir hizmet sunum orta\u011f\u0131d\u0131r.<\/p>\n<p>\u0130\u015fletme 1980'lerde BT ta\u015f\u0131malar\u0131n\u0131 y\u00f6neterek ba\u015flam\u0131\u015f, 1990'larda bir kay\u0131t y\u00f6netimi b\u00f6l\u00fcm\u00fc ve uluslararas\u0131 ta\u015f\u0131ma eklemi\u015ftir. Harrow Green, a\u011f\u0131rl\u0131kl\u0131 olarak kurumsal, kamu ve KOB\u0130 kurulu\u015flar\u0131 olmak \u00fczere i\u015f ta\u015f\u0131malar\u0131na odaklanmaktad\u0131r. <\/p>\n<p>Bununla birlikte, s\u0131n\u0131rl\u0131 ki\u015fisel hizmetler sunmaktad\u0131r. <\/p>\n<p>Harrow Green, \u015eubat 2012'den beri Restore plc'nin bir par\u00e7as\u0131d\u0131r ve pazar lideri olmay\u0131 hedefleyen bir \u015firkettir. <a href=\"https:\/\/moverdb.com\/tr\/moving-to-the-uk\/\" data-internallinksmanager029f6b8e52c=\"93\" title=\"Birle\u015fik Krall\u0131k&#039;a m\u0131 ta\u015f\u0131n\u0131yorsunuz? 2026 Ya\u015fam Maliyetleri &amp; Yer De\u011fi\u015ftirme \u0130pu\u00e7lar\u0131\">BIRLE\u015eIK KRALLIK<\/a> ofi\u0307s hi\u0307zmetleri\u0307 grubu. Restore plc, 2004 y\u0131l\u0131nda halka a\u00e7\u0131lan AIM'de i\u015flem g\u00f6ren bir destek hizmetleri \u015firketidir.<\/p>\n<p><strong>\u00d6d\u00fcller<\/strong><\/p>\n<ul>\n<li> KMY Ortakl\u0131k \u00d6d\u00fclleri finalisti<\/li>\n<li> Y\u0131l\u0131n Ticari Ta\u015f\u0131y\u0131c\u0131s\u0131 2014<\/li>\n<li> FM Hizmetlerinde En \u0130yi \u0130novasyon \u00d6d\u00fcl\u00fc<\/li>\n<li> BIFM En \u0130yi Kurumsal Destek\u00e7i \u00d6d\u00fcl\u00fc<\/li>\n<li> Best Companies taraf\u0131ndan \"one to watch\" olarak adland\u0131r\u0131ld\u0131<\/li>\n<li> EMMA i\u00e7in k\u0131sa listeye al\u0131nd\u0131 <a href=\"https:\/\/moverdb.com\/tr\/moving-companies\/\" data-internallinksmanager029f6b8e52c=\"79\" title=\"\u00c7evrimi\u00e7i En \u0130yi 25 Uluslararas\u0131 Nakliye \u015eirketi\">Uluslararas\u0131 Ta\u015f\u0131mac\u0131l\u0131k \u015eirketi<\/a> Y\u0131l\u0131n Kategorisi<\/li>\n<li> BIFM \u00d6d\u00fclleri 2015 i\u00e7in \u00d6\u011frenme ve Kariyer Geli\u015fimi kategorisinde finalist<\/li>\n<li> Finalist Do\u011fu Londra Ticaret Odas\u0131\/Docklands \u0130\u015f \u00d6d\u00fclleri<\/li>\n<li> UBS Y\u0131l\u0131n Sat\u0131c\u0131s\u0131<\/li>\n<li> M\u00fc\u015fteri Hizmetlerinde M\u00fckemmellik Finalistleri <a href=\"\" data-internallinksmanager029f6b8e52c=\"34\" title=\"Birmingham\">Birmingham<\/a> Ticaret Odas\u0131 \u0130\u015f \u00d6d\u00fclleri.<\/li>\n<\/ul>\n<p><strong>\u00dcyelik &amp; Sertifikalar<\/strong> <\/p>\n<ul>\n<li> SGS M\u00fc\u015fteri Hizmetleri M\u00fckemmellik Standard\u0131<\/li>\n<li> BS 8522 sertifikal\u0131<\/li>\n<li> ISO 9001 Kalite Y\u00f6netim Sistemleri - Cert FS 34113<\/li>\n<li> <a href=\"https:\/\/moverdb.com\/tr\/fidi-faim\/\">FIDI FAIMPlus sertifikal\u0131<\/a><\/li>\n<li> JAUPT taraf\u0131ndan e\u011fitim vermek \u00fczere onaylanm\u0131\u015ft\u0131r<\/li>\n<li> Achilles\/UVDB (kategori B2) sertifikal\u0131<\/li>\n<li> G\u00fcvenli y\u00fcklenici sekt\u00f6r\u00fc uyum program\u0131 ile uyumlu olarak sertifikaland\u0131r\u0131lm\u0131\u015ft\u0131r<\/li>\n<li> CHAS sekt\u00f6r uyumluluk program\u0131 ile uyumlu olarak sertifikaland\u0131r\u0131lm\u0131\u015ft\u0131r<\/li>\n<li> \u0130n\u015faat hatt\u0131 sekt\u00f6r\u00fc uyumluluk program\u0131 ile uyumlu olarak sertifikaland\u0131r\u0131lm\u0131\u015ft\u0131r<\/li>\n<li> \u0130ngiliz Tesis Y\u00f6netimi Enstit\u00fcs\u00fc'n\u00fcn kurumsal \u00fcyesi<\/li>\n<li> Kay\u0131t y\u00f6netim sistemleri i\u00e7in O'Neil Stratejik Orta\u011f\u0131<\/li>\n<li> \u00dcyesi <a href=\"https:\/\/moverdb.com\/tr\/british-association-of-removers\/\">BAR, \u0130ngiliz S\u00f6k\u00fcmc\u00fcler Birli\u011fi<\/a><\/li>\n<li> <a href=\"https:\/\/moverdb.com\/tr\/bar-overseas\/\">BAR Yurtd\u0131\u015f\u0131 Grubu<\/a><\/li>\n<li> <a href=\"https:\/\/moverdb.com\/tr\/fidi-faim\/\">FIDI \u00dcyesi<\/a>d\u00fcnya \u00e7ap\u0131ndaki nakliyecileri temsil eden kurulu\u015f<\/li>\n<li> RoSPA - Kraliyet Kazalar\u0131 \u00d6nleme Derne\u011fi \u00dcyesi<\/li>\n<li> <a href=\"https:\/\/moverdb.com\/tr\/iam\/\">IAM - Uluslararas\u0131 Ta\u015f\u0131mac\u0131lar Birli\u011fi \u00dcyesi<\/a><\/li>\n<li> Yetkili \u00fcyesi ve temsilcisi <a href=\"https:\/\/moverdb.com\/tr\/british-association-of-removers\/\" data-internallinksmanager029f6b8e52c=\"9\" title=\"\u0130ngiliz S\u00f6k\u00fcmc\u00fcler Birli\u011fi (BAR) A\u00e7\u0131klamas\u0131\">\u0130ngiliz S\u00f6k\u00fcmc\u00fcler Birli\u011fi<\/a> DBA <a href=\"https:\/\/moverdb.com\/tr\/mtc\/\">Movers Ticaret Kul\u00fcb\u00fc<\/a> (<a href=\"https:\/\/moverdb.com\/tr\/mtc\/\" data-internallinksmanager029f6b8e52c=\"30\" title=\"Movers Trading Club (MTC) A\u00e7\u0131klamas\u0131\">MTC<\/a>)<\/li>\n<\/ul>\n<h2>Harrow Green Removals Yorumlar\u0131<\/h2>\n<div itemprop=\"review\" itemscope itemtype=\"http:\/\/schema.org\/Review\">\n<span itemprop=\"author\" itemscope=\"\" itemtype=\"http:\/\/schema.org\/Organization\"><span itemprop=\"name\">MoverDB.com<\/span><\/span> \u00c7evrimi\u00e7i Web Sitesi \u0130ncelemesi i\u00e7in <span itemprop=\"itemreviewed\" itemscope=\"\" itemtype=\"http:\/\/schema.org\/Brand\"><span itemprop=\"name\">Harrow Green<\/span><\/span>:<\/p>\n<ol>\n<li> Web sitesinde a\u00e7\u0131k ileti\u015fim bilgileri (telefon numaras\u0131 dahil)? <strong>Evet<\/strong><\/li>\n<li> Almas\u0131 kolay <a href=\"https:\/\/moverdb.com\/tr\/alintilar\/\">uluslararas\u0131 ta\u015f\u0131mac\u0131l\u0131k teklifleri<\/a>? (\u00c7evrimi\u00e7i tahmin talep formu): <strong>K\u0131smi<\/strong>bir e-posta formu var ancak uygun bir teklif formu yok.<\/li>\n<li> Web sitesinde net bilgiler: <strong>Evet<\/strong>, Web sitesi iyi d\u00fczenlenmi\u015f ve anla\u015f\u0131lmas\u0131 ve kullan\u0131lmas\u0131 kolay. Eksik olan tek \u015fey fiyatland\u0131rma \/ teklif formu.<\/li>\n<li> Uluslararas\u0131 tan\u0131nm\u0131\u015f ta\u015f\u0131ma organizasyonlar\u0131na \u00fcyelik: <strong>Evet<\/strong><\/li>\n<li> M\u00fc\u015fterilerin listesi ve\/veya \u00f6nceki m\u00fc\u015fteri referanslar\u0131: <strong>Evet<\/strong><\/li>\n<\/ol>\n<div itemprop=\"reviewRating\" itemscope itemtype=\"http:\/\/schema.org\/Rating\"><meta itemprop=\"worstRating\" content = \"0\" \/><meta itemprop=\"bestRating\" content=\"5\" \/><meta itemprop=\"ratingValue\" content=\"4.5\"><\/div>\n<p><strong>Genel puan: 4,5\/5<\/strong><br \/>\n<strong>\u0130nceleme Tarihi:<\/strong> <span itemprop=\"datePublished\" content=\"2018-01-15\">15\/01\/2018<\/span>\n<\/div>\n<p>Hakk\u0131nda daha fazla bilgi <a href=\"https:\/\/moverdb.com\/tr\/uluslararasi-tasimalar\/\">Birle\u015fik Krall\u0131k nakliye \u015firketleri<\/a> ve bizim <a href=\"https:\/\/moverdb.com\/tr\/yorumlar\/\">i\u0307nceleme s\u00fcreci\u0307 a\u00e7iklandi<\/a>.<\/p>\n<p><strong>Web sitesi:<\/strong> <a href=\"https:\/\/www.harrowgreeninternational.com\/\" target=\"_blank\" rel=\"noopener noreferrer\">https:\/\/www.harrowgreeninternational.com\/<\/a><\/p>","protected":false},"excerpt":{"rendered":"<p>Harrow Green specialise primarily in business removals, both domestic and international. Below are their core services along with reviews about the company. Harrow Green Removals Services International moving Packing services Transportation Storage services Destination package Insurance Destination services, such as handyman, home search and pet relocation Business removals Space planning New furniture supply Dismantling and [&hellip;]<\/p>\n","protected":false},"author":1,"featured_media":0,"parent":0,"menu_order":0,"comment_status":"closed","ping_status":"closed","template":"","meta":{"_genesis_hide_title":false,"_genesis_hide_breadcrumbs":false,"_genesis_hide_singular_image":false,"_genesis_hide_footer_widgets":false,"_genesis_custom_body_class":"","_genesis_custom_post_class":"","_genesis_layout":"","footnotes":""},"class_list":{"0":"post-303","1":"page","2":"type-page","3":"status-publish","5":"entry"},"_links":{"self":[{"href":"https:\/\/moverdb.com\/tr\/wp-json\/wp\/v2\/pages\/303","targetHints":{"allow":["GET"]}}],"collection":[{"href":"https:\/\/moverdb.com\/tr\/wp-json\/wp\/v2\/pages"}],"about":[{"href":"https:\/\/moverdb.com\/tr\/wp-json\/wp\/v2\/types\/page"}],"author":[{"embeddable":true,"href":"https:\/\/moverdb.com\/tr\/wp-json\/wp\/v2\/users\/1"}],"replies":[{"embeddable":true,"href":"https:\/\/moverdb.com\/tr\/wp-json\/wp\/v2\/comments?post=303"}],"version-history":[{"count":13,"href":"https:\/\/moverdb.com\/tr\/wp-json\/wp\/v2\/pages\/303\/revisions"}],"predecessor-version":[{"id":3300,"href":"https:\/\/moverdb.com\/tr\/wp-json\/wp\/v2\/pages\/303\/revisions\/3300"}],"wp:attachment":[{"href":"https:\/\/moverdb.com\/tr\/wp-json\/wp\/v2\/media?parent=303"}],"curies":[{"name":"wp","href":"https:\/\/api.w.org\/{rel}","templated":true}]}}