{"id":2752,"date":"2017-05-09T16:25:21","date_gmt":"2017-05-09T16:25:21","guid":{"rendered":"https:\/\/moverdb.com\/?page_id=2752"},"modified":"2026-01-08T14:47:12","modified_gmt":"2026-01-08T14:47:12","slug":"araba-tasima-nakliye","status":"publish","type":"page","link":"https:\/\/moverdb.com\/tr\/car-transport-shipping\/","title":{"rendered":"2026 Uluslararas\u0131 Ara\u00e7 Ta\u015f\u0131ma &amp; Ara\u00e7 Nakliye Fiyatlar\u0131"},"content":{"rendered":"<p>Uluslararas\u0131 araba nakliyesi veya ara\u00e7 nakliyesi ar\u0131yor ama nereden ba\u015flayaca\u011f\u0131n\u0131z\u0131 bilmiyor musunuz? \u015eirketlerden maliyetlere ve fiyat tekliflerine kadar her konuda size yard\u0131mc\u0131 olabiliriz. <\/p>\n<p>Yukar\u0131daki teklif formumuzu kullanarak hemen ba\u015flayabilir veya daha fazla bilgi i\u00e7in a\u015fa\u011f\u0131daki k\u0131lavuzumuzu okumaya devam edebilirsiniz.<\/p>\n<p><img loading=\"lazy\" decoding=\"async\" width=\"720\" height=\"480\" src=\"https:\/\/moverdb.com\/wp-content\/uploads\/car-transport-shipping.jpg\" alt=\"2019 Uluslararas\u0131 Ara\u00e7 Ta\u015f\u0131ma &amp; Ara\u00e7 Nakliye Fiyatlar\u0131\" class=\"aligncenter size-full wp-image-2753\" srcset=\"https:\/\/moverdb.com\/wp-content\/uploads\/car-transport-shipping.jpg 720w, https:\/\/moverdb.com\/wp-content\/uploads\/car-transport-shipping-300x200.jpg 300w, https:\/\/moverdb.com\/wp-content\/uploads\/car-transport-shipping-600x400.jpg 600w\" sizes=\"auto, (max-width: 720px) 100vw, 720px\" \/><\/p>\n<div id=\"ez-toc-container\" class=\"ez-toc-v2_0_82_2 ez-toc-wrap-left counter-hierarchy ez-toc-counter ez-toc-transparent ez-toc-container-direction\">\n<div class=\"ez-toc-title-container\">\n<p class=\"ez-toc-title\" style=\"cursor:inherit\">B\u00f6l\u00fcmler<\/p>\n<span class=\"ez-toc-title-toggle\"><a href=\"#\" class=\"ez-toc-pull-right ez-toc-btn ez-toc-btn-xs ez-toc-btn-default ez-toc-toggle\" aria-label=\"\u0130\u00e7indekiler Tablosunu A\u00e7\/Kapat\"><span class=\"ez-toc-js-icon-con\"><span class=\"\"><span class=\"eztoc-hide\" style=\"display:none;\">Ge\u00e7i\u015f<\/span><span class=\"ez-toc-icon-toggle-span\"><svg style=\"fill: #999;color:#999\" xmlns=\"http:\/\/www.w3.org\/2000\/svg\" class=\"list-377408\" width=\"20px\" height=\"20px\" viewbox=\"0 0 24 24\" fill=\"none\"><path d=\"M6 6H4v2h2V6zm14 0H8v2h12V6zM4 11h2v2H4v-2zm16 0H8v2h12v-2zM4 16h2v2H4v-2zm16 0H8v2h12v-2z\" fill=\"currentColor\"><\/path><\/svg><svg style=\"fill: #999;color:#999\" class=\"arrow-unsorted-368013\" xmlns=\"http:\/\/www.w3.org\/2000\/svg\" width=\"10px\" height=\"10px\" viewbox=\"0 0 24 24\" version=\"1.2\" baseprofile=\"tiny\"><path d=\"M18.2 9.3l-6.2-6.3-6.2 6.3c-.2.2-.3.4-.3.7s.1.5.3.7c.2.2.4.3.7.3h11c.3 0 .5-.1.7-.3.2-.2.3-.5.3-.7s-.1-.5-.3-.7zM5.8 14.7l6.2 6.3 6.2-6.3c.2-.2.3-.5.3-.7s-.1-.5-.3-.7c-.2-.2-.4-.3-.7-.3h-11c-.3 0-.5.1-.7.3-.2.2-.3.5-.3.7s.1.5.3.7z\"\/><\/svg><\/span><\/span><\/span><\/a><\/span><\/div>\n<nav><ul class='ez-toc-list ez-toc-list-level-1 eztoc-toggle-hide-by-default' ><li class='ez-toc-page-1 ez-toc-heading-level-2'><a class=\"ez-toc-link ez-toc-heading-1\" href=\"https:\/\/moverdb.com\/tr\/car-transport-shipping\/#Auto_Transport_Companies\" >Oto Ta\u015f\u0131ma \u015eirketleri<\/a><ul class='ez-toc-list-level-3' ><li class='ez-toc-heading-level-3'><a class=\"ez-toc-link ez-toc-heading-2\" href=\"https:\/\/moverdb.com\/tr\/car-transport-shipping\/#US_Canadian_Auto_Transport_Companies\" >ABD ve Kanada Oto Ta\u015f\u0131ma \u015eirketleri<\/a><\/li><li class='ez-toc-page-1 ez-toc-heading-level-3'><a class=\"ez-toc-link ez-toc-heading-3\" href=\"https:\/\/moverdb.com\/tr\/car-transport-shipping\/#UK_Car_Transport_Companies\" >\u0130ngiltere Ara\u00e7 Ta\u015f\u0131ma \u015eirketleri<\/a><\/li><li class='ez-toc-page-1 ez-toc-heading-level-3'><a class=\"ez-toc-link ez-toc-heading-4\" href=\"https:\/\/moverdb.com\/tr\/car-transport-shipping\/#Australian_Car_Transport_Companies\" >Avustralya Araba Ta\u015f\u0131ma \u015eirketleri<\/a><\/li><\/ul><\/li><li class='ez-toc-page-1 ez-toc-heading-level-2'><a class=\"ez-toc-link ez-toc-heading-5\" href=\"https:\/\/moverdb.com\/tr\/car-transport-shipping\/#International_Car_Transport_Costs\" >Uluslararas\u0131 Ara\u00e7 Ta\u015f\u0131ma Maliyetleri<\/a><ul class='ez-toc-list-level-3' ><li class='ez-toc-heading-level-3'><a class=\"ez-toc-link ez-toc-heading-6\" href=\"https:\/\/moverdb.com\/tr\/car-transport-shipping\/#Car_Transport_Taxes\" >Ara\u00e7 Ta\u015f\u0131ma Vergileri<\/a><\/li><\/ul><\/li><li class='ez-toc-page-1 ez-toc-heading-level-2'><a class=\"ez-toc-link ez-toc-heading-7\" href=\"https:\/\/moverdb.com\/tr\/car-transport-shipping\/#International_Vehicle_Shipping_Documentation\" >Uluslararas\u0131 Ara\u00e7 Nakliye Belgeleri<\/a><\/li><li class='ez-toc-page-1 ez-toc-heading-level-2'><a class=\"ez-toc-link ez-toc-heading-8\" href=\"https:\/\/moverdb.com\/tr\/car-transport-shipping\/#Other_Car_Transport_Tips\" >Di\u011fer Ara\u00e7 Ta\u015f\u0131ma \u0130pu\u00e7lar\u0131<\/a><\/li><li class='ez-toc-page-1 ez-toc-heading-level-2'><a class=\"ez-toc-link ez-toc-heading-9\" href=\"https:\/\/moverdb.com\/tr\/car-transport-shipping\/#Car_Transport_Quotes\" >Ara\u00e7 Ta\u015f\u0131ma Fiyatlar\u0131<\/a><\/li><\/ul><\/nav><\/div>\n<h2><span class=\"ez-toc-section\" id=\"Auto_Transport_Companies\"><\/span>Oto Ta\u015f\u0131ma \u015eirketleri<span class=\"ez-toc-section-end\"><\/span><\/h2>\n<p>Uluslararas\u0131 araba ve otomobil ta\u015f\u0131mac\u0131l\u0131\u011f\u0131 pazar\u0131, d\u00fcnya \u00e7ap\u0131nda faaliyet g\u00f6steren y\u00fczlerce veya belki de binlerce k\u00fc\u00e7\u00fck \u015firketle son derece par\u00e7al\u0131 bir yap\u0131ya sahiptir. A\u015fa\u011f\u0131da, araba ta\u015f\u0131mac\u0131l\u0131\u011f\u0131 konusunda uzmanla\u015fm\u0131\u015f daha pop\u00fcler \u015firketlerden birka\u00e7\u0131n\u0131 listeledik. <\/p>\n<p>Bununla birlikte, a\u015fa\u011f\u0131dakilerden de teklif ald\u0131\u011f\u0131n\u0131zdan emin olmal\u0131s\u0131n\u0131z <a href=\"https:\/\/moverdb.com\/tr\/tasinma-si%cc%87rketleri%cc%87\/\">en i\u0307yi\u0307 uluslararasi ta\u015fima \u015fi\u0307rketleri\u0307<\/a> ve <a href=\"https:\/\/moverdb.com\/tr\/yuk-i%cc%87leti%cc%87ci%cc%87si%cc%87\/\">navlun nakli\u0307yeci\u0307leri\u0307<\/a> adil bir anla\u015fma yapt\u0131\u011f\u0131n\u0131zdan emin olmak i\u00e7in.<\/p>\n<p>Alternatif olarak, \u015firketleri h\u0131zl\u0131 bir \u015fekilde bulmak i\u00e7in sayfan\u0131n en \u00fcst\u00fcne gidebilir ve teklif formumuzu doldurabilirsiniz. <\/p>\n<h3><span class=\"ez-toc-section\" id=\"US_Canadian_Auto_Transport_Companies\"><\/span>ABD ve Kanada Oto Ta\u015f\u0131ma \u015eirketleri<span class=\"ez-toc-section-end\"><\/span><\/h3>\n<ul>\n<li> A-1 Oto Ta\u015f\u0131mac\u0131l\u0131\u011f\u0131<\/li>\n<li> Amerikan Oto Nakliye<\/li>\n<li> AmeriFreight<\/li>\n<li> C.A.R. Ta\u015f\u0131mac\u0131l\u0131k<\/li>\n<li> G\u00fcvenilir Oto Nakliyecileri (DAS)<\/li>\n<li> eGemi<\/li>\n<li> Executive Oto Nakliyecileri<\/li>\n<li> Fisher Nakliye<\/li>\n<li> Karayolu Ta\u015f\u0131mac\u0131l\u0131\u011f\u0131n\u0131n Kral\u0131<\/li>\n<li> Montway Oto Ta\u015f\u0131ma<\/li>\n<li> Prostar Otomotiv Ta\u015f\u0131mac\u0131l\u0131k<\/li>\n<li> Ship a Car Direct<\/li>\n<li> Arac\u0131n\u0131z\u0131 \u015eimdi G\u00f6nderin<\/li>\n<li> Stateway Oto Ta\u015f\u0131mac\u0131l\u0131\u011f\u0131<\/li>\n<li> Thrifty Oto Nakliye<\/li>\n<li> Biz Ta\u015f\u0131yaca\u011f\u0131z<\/li>\n<\/ul>\n<h3><span class=\"ez-toc-section\" id=\"UK_Car_Transport_Companies\"><\/span>\u0130ngiltere Ara\u00e7 Ta\u015f\u0131ma \u015eirketleri<span class=\"ez-toc-section-end\"><\/span><\/h3>\n<ul>\n<li> Acumen Otomotiv Lojistik<\/li>\n<li> AutoShippers<\/li>\n<li> Araba Ta\u015f\u0131ma Kotas\u0131<\/li>\n<li> Klasik Otomotiv Ta\u015f\u0131nma Hizmetleri<\/li>\n<li> Quinns Araba Ta\u015f\u0131mac\u0131l\u0131\u011f\u0131<\/li>\n<li> Bir Araba De\u011fi\u015ftir<\/li>\n<li> White'\u0131n Ara\u00e7 Ta\u015f\u0131mac\u0131l\u0131\u011f\u0131<\/li>\n<li> Woodside Motorfreight<\/li>\n<\/ul>\n<p>Ayr\u0131ca bizim g\u00f6z at\u0131n <a href=\"https:\/\/moverdb.com\/tr\/uluslararasi-tasimalar\/\">uluslararasi ta\u015fimacilik<\/a> Sayfa.<\/p>\n<h3><span class=\"ez-toc-section\" id=\"Australian_Car_Transport_Companies\"><\/span>Avustralya Araba Ta\u015f\u0131ma \u015eirketleri<span class=\"ez-toc-section-end\"><\/span><\/h3>\n<ul>\n<li> ACR <a href=\"https:\/\/moverdb.com\/tr\/moving-to-australia\/living-in-australia\/\" data-internallinksmanager029f6b8e52c=\"240\" title=\"Avustralya&#039;da Ya\u015famak Hakk\u0131nda Ta\u015f\u0131nmadan \u00d6nce Bilmeniz Gereken 21 S\u0131r\">Avustralya<\/a><\/li>\n<li> Avustralya Araba Ta\u015f\u0131mac\u0131l\u0131\u011f\u0131<\/li>\n<li> Oto-Lojistik<\/li>\n<li> Araba Ta\u015f\u0131ma Ekspresi<\/li>\n<li> Kap\u0131dan Kap\u0131ya Ta\u015f\u0131ma<\/li>\n<li> CEVA Ta\u015f\u0131ma<\/li>\n<li> Hareketli Arabalar<\/li>\n<li> PrixCar Ta\u015f\u0131mac\u0131l\u0131k<\/li>\n<li> SMB Avustralya Araba Ta\u015f\u0131mac\u0131l\u0131\u011f\u0131<\/li>\n<li> \u00dccretli<\/li>\n<\/ul>\n<h2><span class=\"ez-toc-section\" id=\"International_Car_Transport_Costs\"><\/span>Uluslararas\u0131 Ara\u00e7 Ta\u015f\u0131ma Maliyetleri<span class=\"ez-toc-section-end\"><\/span><\/h2>\n<p>Ara\u00e7 ta\u015f\u0131ma ve nakliye maliyetleri, arac\u0131n\u0131za ne kadar h\u0131zl\u0131 ihtiya\u00e7 duydu\u011funuza ve nakliye y\u00f6nteminize ba\u011fl\u0131 olarak b\u00fcy\u00fck \u00f6l\u00e7\u00fcde de\u011fi\u015fir. Deniz yoluyla bir nakliye konteyneri ile nakliye yap\u0131yorsan\u0131z, maliyetleriniz birka\u00e7 y\u00fcz dolar kadar d\u00fc\u015f\u00fck olabilir, ancak 1 aydan fazla s\u00fcrebilir. <\/p>\n<p>Kap\u0131dan kap\u0131ya hizmete ihtiyac\u0131n\u0131z yoksa ve bunun yerine arac\u0131n\u0131z\u0131 en yak\u0131n yerden teslim almay\u0131 tercih ederseniz daha da fazla tasarruf edebilirsiniz <a href=\"https:\/\/moverdb.com\/tr\/top-49-container-ports\/\" data-internallinksmanager029f6b8e52c=\"80\" title=\"2025 Y\u0131l\u0131nda En B\u00fcy\u00fck ve En Yo\u011fun 49 Konteyner Liman\u0131\">Liman<\/a> RoRo (Roll on Roll off) sevkiyat\u0131 ile deniz yoluyla g\u00f6nderiliyorsa.<\/p>\n<p>Rehberimizi okuyarak daha fazla bilgi edinebilirsiniz: <a href=\"https:\/\/moverdb.com\/tr\/konteyner-tasimaciligi\/\">Uluslararas\u0131 Konteyner Nakliye \u00dccretleri ve Maliyetleri<\/a><\/p>\n<p>Bir k\u0131ta i\u00e7indeki hareketler i\u00e7in (\u00f6rn. <a href=\"https:\/\/moverdb.com\/tr\/moving-to-the-united-states\/\" data-internallinksmanager029f6b8e52c=\"94\" title=\"Amerika Birle\u015fik Devletleri&#039;ne mi ta\u015f\u0131n\u0131yorsunuz? 2026 Ya\u015fam Maliyetleri ve Yer De\u011fi\u015ftirme \u0130pu\u00e7lar\u0131\">ABD<\/a> i\u00e7in <a href=\"https:\/\/moverdb.com\/tr\/moving-to-canada\/\" data-internallinksmanager029f6b8e52c=\"265\" title=\"Kanada&#039;ya Ta\u015f\u0131nmak m\u0131? 2026 Ya\u015fam Maliyetleri ve Yer De\u011fi\u015ftirme \u0130pu\u00e7lar\u0131\">Kanada<\/a>, <a href=\"https:\/\/moverdb.com\/tr\/moving-to-the-uk\/\" data-internallinksmanager029f6b8e52c=\"93\" title=\"Birle\u015fik Krall\u0131k&#039;a m\u0131 ta\u015f\u0131n\u0131yorsunuz? 2026 Ya\u015fam Maliyetleri &amp; Yer De\u011fi\u015ftirme \u0130pu\u00e7lar\u0131\">BIRLE\u015eIK KRALLIK<\/a> i\u00e7in <a href=\"https:\/\/moverdb.com\/tr\/moving-to-spain\/\" data-internallinksmanager029f6b8e52c=\"266\" title=\"\u0130spanya&#039;ya m\u0131 ta\u015f\u0131n\u0131yorsunuz? 2026 Ya\u015fam Maliyetleri ve Yer De\u011fi\u015ftirme \u0130pu\u00e7lar\u0131\">\u0130spanya<\/a>vb.) arac\u0131n\u0131z\u0131n \u00e7al\u0131\u015f\u0131r durumda oldu\u011funu varsayarak, arac\u0131n\u0131z\u0131 sizin yerinize g\u00f6t\u00fcrmesi i\u00e7in bir ara\u00e7 nakliyecisi kiralayabilirsiniz. Bu genellikle \u00f6nemli \u00f6l\u00e7\u00fcde daha pahal\u0131ya mal olur (birka\u00e7 bin dolar, pound veya avroya kadar), ancak araban\u0131z\u0131 haftalar yerine birka\u00e7 g\u00fcn i\u00e7inde alabilece\u011finiz anlam\u0131na gelir. <\/p>\n<p>Arac\u0131n\u0131z \u00e7al\u0131\u015f\u0131r durumda de\u011filse, bir treyler veya ba\u015fka bir \u00f6zel ta\u015f\u0131ma kamyonu ile g\u00f6ndermeniz gerekecektir. <\/p>\n<p>En pahal\u0131 se\u00e7enek hava yoluyla g\u00f6ndermektir, ancak maliyetler \u00e7ok y\u00fcksek oldu\u011fu i\u00e7in bu genellikle tavsiye edilmez.<\/p>\n<p><strong>Maliyeti etkileyen di\u011fer \u015feyler:<\/strong><\/p>\n<ul>\n<li> <strong>Mesafe:<\/strong> Ne kadar uza\u011fa g\u00f6nderirseniz, mil ba\u015f\u0131na \u00f6nemli \u00f6l\u00e7\u00fcde daha az \u00f6demeniz gerekse de, toplamda daha pahal\u0131 olmas\u0131 muhtemeldir.<\/li>\n<li> <strong>Y\u0131l\u0131n bu zaman\u0131:<\/strong> Belirli rotalar i\u00e7in y\u0131l\u0131n belirli zamanlar\u0131 di\u011ferlerinden daha pahal\u0131d\u0131r.<\/li>\n<li> <strong>Teslim s\u00fcresi:<\/strong> Daha h\u0131zl\u0131 geri d\u00f6n\u00fc\u015fler i\u00e7in fiyatlar \u00f6nemli \u00f6l\u00e7\u00fcde artt\u0131\u011f\u0131ndan, teklif almaya ne kadar \u00f6nceden ba\u015flayabilirseniz o kadar iyi olur.<\/li>\n<li> <strong>A\u00e7\u0131k ve Kapal\u0131 Kamyon:<\/strong> A\u00e7\u0131k kamyonlar daha ucuzdur ancak genellikle kapal\u0131 kamyonlara k\u0131yasla daha y\u00fcksek hasar riskine sahiptir. <\/li>\n<\/ul>\n<h3><span class=\"ez-toc-section\" id=\"Car_Transport_Taxes\"><\/span>Ara\u00e7 Ta\u015f\u0131ma Vergileri<span class=\"ez-toc-section-end\"><\/span><\/h3>\n<p>Arac\u0131n\u0131z\u0131 nereye g\u00f6nderdi\u011finize ba\u011fl\u0131 olarak, \u00f6nemli miktarda vergi \u00f6demeniz gerekebilir. \u00d6rne\u011fin, arabalar <a href=\"https:\/\/moverdb.com\/tr\/si%cc%87ngapura-gonderi%cc%87m\/\">Singapur'a sevk edildi<\/a> arac\u0131n g\u00fcmr\u00fck de\u011feri \u00fczerinden 20% ithalat vergisine tabi olacakt\u0131r. <\/p>\n<p>Bir\u00e7ok Avrupa \u00fclkesi yakla\u015f\u0131k 10% tutar\u0131nda ithalat vergisi tahsil etmektedir, ancak bunun \u00fczerine arac\u0131n nas\u0131l kullan\u0131laca\u011f\u0131na ba\u011fl\u0131 olarak 20% daha ekleyebilen KDV de tahsil edebilmektedir. <\/p>\n<p>Bu nedenle, tekliflerinizi al\u0131rken ve arac\u0131n\u0131z\u0131 ger\u00e7ekten g\u00f6ndermeden \u00f6nce bunun i\u00e7in b\u00fct\u00e7e ay\u0131rd\u0131\u011f\u0131n\u0131zdan emin olun. Baz\u0131 durumlarda, eski arac\u0131n\u0131z\u0131 g\u00f6ndermek yerine yeni bir ara\u00e7 sat\u0131n almak daha ucuz ve kolay olabilir.  <\/p>\n<h2><span class=\"ez-toc-section\" id=\"International_Vehicle_Shipping_Documentation\"><\/span>Uluslararas\u0131 Ara\u00e7 Nakliye Belgeleri<span class=\"ez-toc-section-end\"><\/span><\/h2>\n<p>Araban\u0131z\u0131 veya di\u011fer ara\u00e7lar\u0131n\u0131z\u0131 uluslararas\u0131 olarak g\u00f6ndermek i\u00e7in yeterli miktarda belgeye sahip olman\u0131z gerekir. Gereklilikler \u00fclkeye g\u00f6re de\u011fi\u015fir, bu nedenle g\u00f6ndermeden \u00f6nce mutlaka kontrol edin. Yayg\u0131n olarak gerekli belgeler \u015funlard\u0131r:<\/p>\n<ul>\n<li> Orijinal ara\u00e7 unvan\u0131<\/li>\n<li> Men\u015fe belgesi<\/li>\n<li> Kon\u015fimento<\/li>\n<li> Sigorta belgeleri<\/li>\n<\/ul>\n<h2><span class=\"ez-toc-section\" id=\"Other_Car_Transport_Tips\"><\/span>Di\u011fer Ara\u00e7 Ta\u015f\u0131ma \u0130pu\u00e7lar\u0131<span class=\"ez-toc-section-end\"><\/span><\/h2>\n<ul>\n<li> <strong>Foto\u011fraf \u00e7ek:<\/strong> Herhangi bir hasar olmas\u0131 ihtimaline kar\u015f\u0131 arac\u0131n\u0131z\u0131n g\u00f6nderilmeden \u00f6nce zaman damgal\u0131 foto\u011fraflar\u0131n\u0131 \u00e7ekti\u011finizden emin olun. Herhangi bir hasar varsa, anla\u015fmazl\u0131klar\u0131 en aza indirmek i\u00e7in hemen foto\u011fraf \u00e7ekti\u011finizden emin olun.<\/li>\n<li> <strong>Sigorta:<\/strong> Sigortan\u0131z\u0131n arac\u0131n\u0131z\u0131n t\u00fcm yolculu\u011funu ve onu kullanabilecek ki\u015fileri kapsad\u0131\u011f\u0131ndan emin olun.<\/li>\n<li> <strong>Ki\u015fisel e\u015fyalar\u0131n\u0131z\u0131 \u00e7\u0131kar\u0131n:<\/strong> Kaybolmamalar\u0131 (veya \u00e7al\u0131nmamalar\u0131!) i\u00e7in nakliyeden \u00f6nce t\u00fcm ki\u015fisel e\u015fyalar\u0131n\u0131z\u0131n arac\u0131n\u0131zdan \u00e7\u0131kar\u0131ld\u0131\u011f\u0131ndan emin olun.<\/li>\n<li> <strong>Uzmanlara ba\u015fvurun:<\/strong> Nakliye ettirmek istedi\u011finiz klasik veya biraz s\u0131ra d\u0131\u015f\u0131 bir arac\u0131n\u0131z varsa, se\u00e7ti\u011finiz \u015firketin bu ara\u00e7lar\u0131 s\u00fcrme ve\/veya nakliye konusunda deneyimli oldu\u011fundan emin olun.<\/li>\n<li> <strong>Zaman \u00e7izelgeleri:<\/strong> Arac\u0131n\u0131z\u0131 A noktas\u0131ndan B noktas\u0131na g\u00f6t\u00fcrmenin ne kadar s\u00fcrece\u011fini bildi\u011finizden emin olun.<\/li>\n<li> <strong>\u00c7al\u0131\u015f\u0131r durumda:<\/strong> Ta\u015f\u0131ma i\u015flemine ba\u015flamadan \u00f6nce gaz (benzin) seviyeleri, s\u0131v\u0131lar, lastik bas\u0131nc\u0131, ak\u00fc vb. gibi konularda nakliye \u015firketinizle g\u00f6r\u00fc\u015ft\u00fc\u011f\u00fcn\u00fczden emin olun. \u00d6rne\u011fin, nakliye konteyneri ile uluslararas\u0131 nakliye yap\u0131yorsan\u0131z benzin deposunu tamamen bo\u015faltmak isteyebilirsiniz. \u00d6te yandan, araban\u0131z\u0131 kullanmas\u0131 i\u00e7in birini tutuyorsan\u0131z, benzin deposunun dolu oldu\u011fundan emin olmak isteyeceksiniz.<\/li>\n<\/ul>\n<h2><span class=\"ez-toc-section\" id=\"Car_Transport_Quotes\"><\/span>Ara\u00e7 Ta\u015f\u0131ma Fiyatlar\u0131<span class=\"ez-toc-section-end\"><\/span><\/h2>\n<p>Uluslararas\u0131 ara\u00e7 ta\u015f\u0131ma teklifleri almak i\u00e7in sayfan\u0131n \u00fcst k\u0131sm\u0131ndaki teklif formumuzu kullanabilirsiniz. Ancak, herhangi bir teklifi kabul etmeden \u00f6nce, arac\u0131n\u0131z\u0131 kimin kullanaca\u011f\u0131n\u0131 veya nakledece\u011fini (yolculu\u011fun her ad\u0131m\u0131nda), arac\u0131n\u0131z\u0131n nas\u0131l sigortalanaca\u011f\u0131n\u0131 tam olarak anlad\u0131\u011f\u0131n\u0131zdan ve \u015firket hakk\u0131ndaki yorumlar\u0131 okudu\u011funuzdan emin olun. <\/p>","protected":false},"excerpt":{"rendered":"<p>Looking for international car transport or vehicle shipping, but don&#8217;t know where to start? We can help you with everything from companies to costs to quotes. You can get started right away using our quote form above, or keep reading our guide below for more information. Auto Transport Companies The international car and auto transport [&hellip;]<\/p>\n","protected":false},"author":1,"featured_media":2753,"parent":0,"menu_order":0,"comment_status":"closed","ping_status":"closed","template":"","meta":{"_genesis_hide_title":false,"_genesis_hide_breadcrumbs":false,"_genesis_hide_singular_image":false,"_genesis_hide_footer_widgets":false,"_genesis_custom_body_class":"","_genesis_custom_post_class":"","_genesis_layout":"","footnotes":""},"class_list":{"0":"post-2752","1":"page","2":"type-page","3":"status-publish","4":"has-post-thumbnail","6":"entry"},"_links":{"self":[{"href":"https:\/\/moverdb.com\/tr\/wp-json\/wp\/v2\/pages\/2752","targetHints":{"allow":["GET"]}}],"collection":[{"href":"https:\/\/moverdb.com\/tr\/wp-json\/wp\/v2\/pages"}],"about":[{"href":"https:\/\/moverdb.com\/tr\/wp-json\/wp\/v2\/types\/page"}],"author":[{"embeddable":true,"href":"https:\/\/moverdb.com\/tr\/wp-json\/wp\/v2\/users\/1"}],"replies":[{"embeddable":true,"href":"https:\/\/moverdb.com\/tr\/wp-json\/wp\/v2\/comments?post=2752"}],"version-history":[{"count":18,"href":"https:\/\/moverdb.com\/tr\/wp-json\/wp\/v2\/pages\/2752\/revisions"}],"predecessor-version":[{"id":18593,"href":"https:\/\/moverdb.com\/tr\/wp-json\/wp\/v2\/pages\/2752\/revisions\/18593"}],"wp:featuredmedia":[{"embeddable":true,"href":"https:\/\/moverdb.com\/tr\/wp-json\/wp\/v2\/media\/2753"}],"wp:attachment":[{"href":"https:\/\/moverdb.com\/tr\/wp-json\/wp\/v2\/media?parent=2752"}],"curies":[{"name":"wp","href":"https:\/\/api.w.org\/{rel}","templated":true}]}}