{"id":270,"date":"2016-05-01T17:06:39","date_gmt":"2016-05-01T17:06:39","guid":{"rendered":"http:\/\/moverdb.com\/?page_id=270"},"modified":"2026-01-08T14:47:32","modified_gmt":"2026-01-08T14:47:32","slug":"anglo-pasi%cc%87fi%cc%87k","status":"publish","type":"page","link":"https:\/\/moverdb.com\/tr\/anglo-pacific\/","title":{"rendered":"Anglo Pacific: Uluslararas\u0131 Ta\u015f\u0131nma ve Nakliye Yorumlar\u0131"},"content":{"rendered":"<p>Anglo Pacific, insanlar\u0131n deniza\u015f\u0131r\u0131 \u00fclkelere ta\u015f\u0131nmas\u0131na yard\u0131mc\u0131 olmak i\u00e7in \u00e7e\u015fitli ta\u015f\u0131ma hizmetleri sunmaktad\u0131r. \u0130\u015fte \u015firket profili ve incelemeleri ile birlikte temel hizmet teklifleri.<\/p>\n<p><strong>Hizmetler<\/strong> <\/p>\n<p><strong>Kald\u0131rma Hizmetleri<\/strong> <\/p>\n<ul>\n<li> \u0130thalat<\/li>\n<li> Uluslararas\u0131 Ta\u015f\u0131nma<\/li>\n<li> Sa\u011flanmas\u0131 <a href=\"https:\/\/moverdb.com\/tr\/konteyner-tasimaciligi\/\">nakliye konteynerleri<\/a><\/li>\n<li> Tiyatro ta\u015f\u0131malar\u0131<\/li>\n<li> <a href=\"https:\/\/moverdb.com\/tr\/uk-removals\/man-and-van-cost\/\" data-internallinksmanager029f6b8e52c=\"380\" title=\"Birle\u015fik Krall\u0131k&#039;ta Bir Man &amp; Van&#039;\u0131n Maliyeti Ne Kadar? 2026 K\u0131lavuzu\">Man ve Van<\/a> kiralamak <a href=\"https:\/\/moverdb.com\/tr\/moving-to-london\/\">Londra<\/a><\/li>\n<\/ul>\n<p><strong>Nakliye Hizmetleri<\/strong><\/p>\n<ul>\n<li> Bagaj<\/li>\n<li> <a href=\"https:\/\/moverdb.com\/tr\/araba-tasima-nakliye\/\">Arabalar<\/a><\/li>\n<li> G\u00fczel Sanatlar<\/li>\n<li> Navlun<\/li>\n<li> \u0130thalat<\/li>\n<li> Motosiklet<\/li>\n<li> Bavul<\/li>\n<li> Ticaret<\/li>\n<li> \u00d6\u011frenci<\/li>\n<\/ul>\n<h2>Anglo Pacific \u015eirket Profili<\/h2>\n<p>30 y\u0131l\u0131 a\u015fk\u0131n bir s\u00fcre \u00f6nce kurulan Anglo Pacific, d\u00fcnyan\u0131n en b\u00fcy\u00fck nakliye ve ta\u015f\u0131mac\u0131l\u0131k \u015firketidir. <a href=\"https:\/\/moverdb.com\/tr\/moving-to-the-uk\/\" data-internallinksmanager029f6b8e52c=\"93\" title=\"Birle\u015fik Krall\u0131k&#039;a m\u0131 ta\u015f\u0131n\u0131yorsunuz? 2026 Ya\u015fam Maliyetleri &amp; Yer De\u011fi\u015ftirme \u0130pu\u00e7lar\u0131\">BIRLE\u015eIK KRALLIK<\/a>20.000'den fazla bireysel bagaj sevkiyat\u0131n\u0131n ve say\u0131s\u0131z <a href=\"https:\/\/moverdb.com\/tr\/international-removals\/\" data-internallinksmanager029f6b8e52c=\"27\" title=\"36 \u0130ngiltere&#039;deki En \u0130yi Uluslararas\u0131 Nakliye \u015eirketleri\">uluslararasi ta\u015fimacilik<\/a> her y\u0131l. <\/p>\n<p>\u015eirket, ister t\u00fcm bir m\u00fclk\u00fcn i\u00e7eri\u011fi olsun isterse de g\u00fczel sanatlar gibi hassas e\u015fyalar olsun, birinci s\u0131n\u0131f, samimi ve profesyonel bir kald\u0131rma hizmeti sunmaktan gurur duymaktad\u0131r. <\/p>\n<p>Anglo Pacific, ekibine kat\u0131lacak en y\u00fcksek kalibreli profesyonelleri se\u00e7erken b\u00fcy\u00fck \u00f6zen g\u00f6stermekte, yaln\u0131zca m\u00fc\u015fteriler i\u00e7in fazladan yol kat edecek personeli ve ki\u015fisel e\u015fyalar\u0131n g\u00fcvenli ve verimli bir \u015fekilde ta\u015f\u0131nmas\u0131n\u0131 ustal\u0131kla y\u00f6netebilecek personeli g\u00f6revlendirmektedir. <\/p>\n<p>Ayr\u0131ca, t\u00fcm g\u00f6nderilerdeki takip hizmeti, personelin g\u00f6nderinin tam yerini ve durumunu do\u011fru bir \u015fekilde belirlemesine olanak tan\u0131r; b\u00f6ylece m\u00fc\u015fteriler, \u00fcr\u00fcnlerinin hedeflenen yere do\u011fru yolda oldu\u011fundan emin olabilirler.<\/p>\n<p>Anglo Pacific son derece y\u00fcksek standartlar olu\u015fturmakta ve s\u00fcrd\u00fcrmektedir. <a href=\"https:\/\/moverdb.com\/tr\/bar-overseas\/\">Deniza\u015f\u0131r\u0131 Grup<\/a> .. <a href=\"https:\/\/moverdb.com\/tr\/british-association-of-removers\/\">\u0130ngiliz S\u00f6k\u00fcmc\u00fcler Birli\u011fi<\/a> (<a href=\"https:\/\/moverdb.com\/tr\/british-association-of-removers\/\" data-internallinksmanager029f6b8e52c=\"9\" title=\"\u0130ngiliz S\u00f6k\u00fcmc\u00fcler Birli\u011fi (BAR) A\u00e7\u0131klamas\u0131\">BAR<\/a>) en iyisinden ba\u015fka bir \u015fey sunmamay\u0131 ama\u00e7l\u0131yorlar. <\/p>\n<p>Ayr\u0131ca, International Movers Mutual Insurance Company Ltd'nin m\u00fc\u015fterilere daha fazla g\u00fcven sunan geli\u015fmi\u015f \u00f6deme garantisine de ba\u011fl\u0131d\u0131rlar. <\/p>\n<h2>Anglo Pacific Yorumlar\u0131<\/h2>\n<p><strong>Pozitif<\/strong><\/p>\n<ul>\n<li> <em>\"Anglo Pacific ve Keys Brothers'daki herkese \u00e7ok te\u015fekk\u00fcr ederim. Londra'dan Perth'e ta\u015f\u0131nmam\u0131z\u0131 \u00e7ok sorunsuz hale getirdiniz, t\u00fcm yard\u0131mlar\u0131n\u0131z i\u00e7in ger\u00e7ekten minnettar\u0131z. \u00c7ok profesyonel ve verimli ve hepsi harika bir fiyata yap\u0131ld\u0131!!!\"<\/em> - Via <a href=\"http:\/\/www.reviewcentre.com\/reviews252735.html?ratingfilter=5#refineYourSearch\" target=\"_blank\" rel=\"noopener\">\u0130nceleme Merkezi<\/a><\/li>\n<li> <em>\"Bir miktar fazla bagaj\u0131 <a href=\"https:\/\/moverdb.com\/tr\/moving-to-australia\/living-in-australia\/\" data-internallinksmanager029f6b8e52c=\"240\" title=\"Avustralya&#039;da Ya\u015famak Hakk\u0131nda Ta\u015f\u0131nmadan \u00d6nce Bilmeniz Gereken 21 S\u0131r\">Avustralya<\/a>. \u0130nternet \u00fczerinden bir\u00e7ok ki\u015fiyle ileti\u015fime ge\u00e7tim ve sonunda Anglo Pacific ile kar\u015f\u0131la\u015ft\u0131m. Bagaj\u0131m zaman\u0131nda teslim al\u0131nd\u0131 ve yol boyunca bana bilgi verildi.\"<\/em> - Via <a href=\"http:\/\/www.reviewcentre.com\/Removal-Companies\/Anglo-Pacific-Removals-Company-www-anglopacific-co-uk-review_1596555\" target=\"_blank\" rel=\"noopener\">\u0130nceleme Merkezi<\/a><\/li>\n<li> <em>\"Anglo Pacific'i e\u015fyalar\u0131n\u0131 g\u00fcvenli ve etkili bir \u015fekilde ta\u015f\u0131mak isteyen herkese tavsiye ederim.\"<\/em> - \u00fczerinden <a href=\"https:\/\/uk.trustpilot.com\/review\/anglopacific.co.uk\" target=\"_blank\" rel=\"noopener\">TrustPilot<\/a><\/li>\n<\/ul>\n<p><strong>Negatif<\/strong><\/p>\n<ul>\n<li> <em>\"Anglo Pacific'i bir daha d\u00fc\u015f\u00fcnmemeniz i\u00e7in size yalvar\u0131yorum!!! Kargom t\u00fcm tabak \u00e7ana\u011f\u0131m tamamen par\u00e7alanm\u0131\u015f ve elektrikli e\u015fya kutusu ba\u015f a\u015fa\u011f\u0131 teslim edilmi\u015f olarak geldi!\"<\/em> - \u00fczerinden <a href=\"http:\/\/www.reviewcentre.com\/Removal-Companies\/Anglo-Pacific-Removals-Company-www-anglopacific-co-uk-review_3741459\" target=\"_blank\" rel=\"noopener\">\u0130nceleme Merkezi<\/a><\/li>\n<li> <em>\"Son kutular\u0131m\u0131 a\u00e7t\u0131\u011f\u0131mda ya\u015fad\u0131\u011f\u0131m deh\u015feti ifade etmekte zorlan\u0131yorum. <a href=\"https:\/\/moverdb.com\/tr\/moving-to-nyc\/\" data-internallinksmanager029f6b8e52c=\"57\" title=\"New York&#039;a m\u0131 ta\u015f\u0131n\u0131yorsunuz? 2026 NYC Ya\u015fam Maliyetleri ve Yer De\u011fi\u015ftirme \u0130pu\u00e7lar\u0131\">NYC<\/a> Ancak en de\u011ferli e\u015fyalar\u0131m\u0131n ve pahal\u0131 mutfak e\u015fyalar\u0131m\u0131n \u00e7o\u011funun kay\u0131p oldu\u011funu fark ettim.\"<\/em> - \u00fczerinden <a href=\"http:\/\/www.mymovingreviews.com\/movers\/anglo-pacific-international-1790\" target=\"_blank\" rel=\"noopener\">Ta\u015f\u0131nma Yorumlar\u0131m<\/a><\/li>\n<li> <em>\"Ka\u00e7\u0131n\u0131n - toplam bak\u0131m eksikli\u011fi ve hizmetten sonra en k\u00f6t\u00fcs\u00fc ile korkun\u00e7 bir deneyim\"<\/em> - \u00fczerinden <a href=\"https:\/\/uk.trustpilot.com\/reviews\/56d595280000ff000940e229\" target=\"_blank\" rel=\"noopener\">Trustpilot<\/a><\/li>\n<\/ul>\n<div itemprop=\"review\" itemscope itemtype=\"http:\/\/schema.org\/Review\">\n<span itemprop=\"author\" itemscope=\"\" itemtype=\"http:\/\/schema.org\/Organization\"><span itemprop=\"name\">MoverDB.com<\/span><\/span> \u00c7evrimi\u00e7i Web Sitesi \u0130ncelemesi i\u00e7in <span itemprop=\"itemreviewed\" itemscope=\"\" itemtype=\"http:\/\/schema.org\/Brand\"><span itemprop=\"name\">Anglo Pasifik<\/span><\/span>:<\/p>\n<ol>\n<li> Web sitesinde a\u00e7\u0131k ileti\u015fim bilgileri (telefon numaras\u0131 dahil)? <strong>Evet<\/strong><\/li>\n<li> Almas\u0131 kolay <a href=\"https:\/\/moverdb.com\/tr\/alintilar\/\">uluslararas\u0131 ta\u015f\u0131mac\u0131l\u0131k teklifleri<\/a>? (\u00c7evrimi\u00e7i tahmin talep formu): <strong>Evet<\/strong><\/li>\n<li> Web sitesinde net bilgiler: <strong>Evet<\/strong>sayfalar\u0131nda gezinmek kolay ve hangi hizmetleri sunduklar\u0131 a\u00e7\u0131k\u00e7a g\u00f6r\u00fclebiliyor.<\/li>\n<li> Uluslararas\u0131 tan\u0131nm\u0131\u015f ta\u015f\u0131ma organizasyonlar\u0131na \u00fcyelik: <strong>Evet<\/strong><\/li>\n<li> M\u00fc\u015fterilerin listesi ve\/veya \u00f6nceki m\u00fc\u015fteri referanslar\u0131: <strong>Evet <\/strong><\/li>\n<\/ol>\n<div itemprop=\"reviewRating\" itemscope itemtype=\"http:\/\/schema.org\/Rating\"><meta itemprop=\"worstRating\" content = \"0\" \/><meta itemprop=\"bestRating\" content=\"5\" \/><meta itemprop=\"ratingValue\" content=\"5\"><\/div>\n<p><strong>Genel puan: 5\/5<\/strong><br \/>\n<strong>\u0130nceleme Tarihi:<\/strong> <span itemprop=\"datePublished\" content=\"2016-05-01\">01\/05\/2016<\/span>\n<\/div>\n<p>Hakk\u0131nda daha fazla bilgi <a href=\"https:\/\/moverdb.com\/tr\/uluslararasi-tasimalar\/\">Birle\u015fik Krall\u0131k nakliye \u015firketleri<\/a> ve bizim <a href=\"https:\/\/moverdb.com\/tr\/yorumlar\/\">i\u0307nceleme s\u00fcreci\u0307 a\u00e7iklandi<\/a>.<\/p>\n<p><strong>Web sitesi:<\/strong> <a href=\"http:\/\/www.anglopacific.co.uk\" target=\"_blank\" rel=\"noopener\">http:\/\/www.anglopacific.co.uk<\/a><\/p>","protected":false},"excerpt":{"rendered":"<p>Anglo Pacific offers a variety of removal services to help people move overseas. Here are their core service offerings along with company profile and reviews. Services Removal Services Imports International Relocation Provision of shipping containers Theatrical removals Man and Van hire in London Shipping Services Baggage Cars Fine Art Freight Imports Motorbike Luggage Trade Student [&hellip;]<\/p>\n","protected":false},"author":1,"featured_media":0,"parent":0,"menu_order":0,"comment_status":"closed","ping_status":"closed","template":"","meta":{"_genesis_hide_title":false,"_genesis_hide_breadcrumbs":false,"_genesis_hide_singular_image":false,"_genesis_hide_footer_widgets":false,"_genesis_custom_body_class":"","_genesis_custom_post_class":"","_genesis_layout":"","footnotes":""},"class_list":{"0":"post-270","1":"page","2":"type-page","3":"status-publish","5":"entry"},"_links":{"self":[{"href":"https:\/\/moverdb.com\/tr\/wp-json\/wp\/v2\/pages\/270","targetHints":{"allow":["GET"]}}],"collection":[{"href":"https:\/\/moverdb.com\/tr\/wp-json\/wp\/v2\/pages"}],"about":[{"href":"https:\/\/moverdb.com\/tr\/wp-json\/wp\/v2\/types\/page"}],"author":[{"embeddable":true,"href":"https:\/\/moverdb.com\/tr\/wp-json\/wp\/v2\/users\/1"}],"replies":[{"embeddable":true,"href":"https:\/\/moverdb.com\/tr\/wp-json\/wp\/v2\/comments?post=270"}],"version-history":[{"count":12,"href":"https:\/\/moverdb.com\/tr\/wp-json\/wp\/v2\/pages\/270\/revisions"}],"predecessor-version":[{"id":6173,"href":"https:\/\/moverdb.com\/tr\/wp-json\/wp\/v2\/pages\/270\/revisions\/6173"}],"wp:attachment":[{"href":"https:\/\/moverdb.com\/tr\/wp-json\/wp\/v2\/media?parent=270"}],"curies":[{"name":"wp","href":"https:\/\/api.w.org\/{rel}","templated":true}]}}