{"id":2675,"date":"2017-05-03T15:16:49","date_gmt":"2017-05-03T15:16:49","guid":{"rendered":"https:\/\/moverdb.com\/?page_id=2675"},"modified":"2026-01-08T15:20:41","modified_gmt":"2026-01-08T15:20:41","slug":"si%cc%87ngapura-gonderi%cc%87m","status":"publish","type":"page","link":"https:\/\/moverdb.com\/tr\/shipping-to-singapore\/","title":{"rendered":"Singapur'a Nakliye: Bilmeniz Gerekenler"},"content":{"rendered":"<p><img loading=\"lazy\" decoding=\"async\" width=\"720\" height=\"313\" src=\"https:\/\/moverdb.com\/wp-content\/uploads\/shipping-to-singapore.png\" alt=\"Singapur&#039;a Nakliye\" class=\"aligncenter size-full wp-image-2676\" srcset=\"https:\/\/moverdb.com\/wp-content\/uploads\/shipping-to-singapore.png 720w, https:\/\/moverdb.com\/wp-content\/uploads\/shipping-to-singapore-300x130.png 300w, https:\/\/moverdb.com\/wp-content\/uploads\/shipping-to-singapore-600x261.png 600w\" sizes=\"auto, (max-width: 720px) 100vw, 720px\" \/><\/p>\n<p>\u0130ster sen <a href=\"https:\/\/moverdb.com\/tr\/singapura-tasinmak\/\">Singapur'a ta\u015f\u0131nmak<\/a> veya sadece birka\u00e7 koli g\u00f6ndermek istiyorsan\u0131z, en iyi kargo f\u0131rsatlar\u0131n\u0131 bulman\u0131za yard\u0131mc\u0131 olabiliriz. <a href=\"https:\/\/moverdb.com\/tr\/moving-to-the-united-states\/\" data-internallinksmanager029f6b8e52c=\"94\" title=\"Amerika Birle\u015fik Devletleri&#039;ne mi ta\u015f\u0131n\u0131yorsunuz? 2026 Ya\u015fam Maliyetleri ve Yer De\u011fi\u015ftirme \u0130pu\u00e7lar\u0131\">ABD<\/a>, <a href=\"https:\/\/moverdb.com\/tr\/moving-to-the-uk\/\" data-internallinksmanager029f6b8e52c=\"93\" title=\"Birle\u015fik Krall\u0131k&#039;a m\u0131 ta\u015f\u0131n\u0131yorsunuz? 2026 Ya\u015fam Maliyetleri &amp; Yer De\u011fi\u015ftirme \u0130pu\u00e7lar\u0131\">BIRLE\u015eIK KRALLIK<\/a>, <a href=\"https:\/\/moverdb.com\/tr\/moving-to-australia\/living-in-australia\/\" data-internallinksmanager029f6b8e52c=\"240\" title=\"Avustralya&#039;da Ya\u015famak Hakk\u0131nda Ta\u015f\u0131nmadan \u00d6nce Bilmeniz Gereken 21 S\u0131r\">Avustralya<\/a>, <a href=\"https:\/\/moverdb.com\/tr\/moving-to-canada\/\" data-internallinksmanager029f6b8e52c=\"265\" title=\"Kanada&#039;ya Ta\u015f\u0131nmak m\u0131? 2026 Ya\u015fam Maliyetleri ve Yer De\u011fi\u015ftirme \u0130pu\u00e7lar\u0131\">Kanada<\/a>, <a href=\"https:\/\/moverdb.com\/tr\/moving-to-france\/\" data-internallinksmanager029f6b8e52c=\"315\" title=\"Fransa&#039;ya m\u0131 ta\u015f\u0131n\u0131yorsunuz? 2026 Ya\u015fam Maliyetleri &amp; Yer De\u011fi\u015ftirme \u0130pu\u00e7lar\u0131\">Fransa<\/a>, <a href=\"https:\/\/moverdb.com\/tr\/moving-to-hong-kong\/\" data-internallinksmanager029f6b8e52c=\"350\" title=\"Hong Kong&#039;a m\u0131 ta\u015f\u0131n\u0131yorsunuz? 2026 Ya\u015fam Maliyetleri &amp; Yer De\u011fi\u015ftirme \u0130pu\u00e7lar\u0131\">Hong Kong<\/a>, <a href=\"https:\/\/moverdb.com\/tr\/moving-to-new-zealand\/\" data-internallinksmanager029f6b8e52c=\"324\" title=\"Yeni Zelanda&#039;ya m\u0131 ta\u015f\u0131n\u0131yorsunuz? 2026 Ya\u015fam Maliyetleri &amp; Yer De\u011fi\u015ftirme \u0130pu\u00e7lar\u0131\">Yeni Zelanda<\/a>, <a href=\"https:\/\/moverdb.com\/tr\/moving-to-the-philippines\/\" data-internallinksmanager029f6b8e52c=\"376\" title=\"Filipinler&#039;e mi Ta\u015f\u0131n\u0131yorsunuz? 2026 Ya\u015fam Maliyetleri &amp; Yer De\u011fi\u015ftirme \u0130pu\u00e7lar\u0131\">Filipinler<\/a> ve d\u00fcnyadaki di\u011fer bir\u00e7ok \u00fclke. <\/p>\n<p>Yukar\u0131daki \u00fccretsiz fiyat teklifi formunu kullanarak ba\u015flayabilirsiniz. <\/p>\n<div id=\"ez-toc-container\" class=\"ez-toc-v2_0_82_2 ez-toc-wrap-left counter-hierarchy ez-toc-counter ez-toc-transparent ez-toc-container-direction\">\n<div class=\"ez-toc-title-container\">\n<p class=\"ez-toc-title\" style=\"cursor:inherit\">B\u00f6l\u00fcmler<\/p>\n<span class=\"ez-toc-title-toggle\"><a href=\"#\" class=\"ez-toc-pull-right ez-toc-btn ez-toc-btn-xs ez-toc-btn-default ez-toc-toggle\" aria-label=\"\u0130\u00e7indekiler Tablosunu A\u00e7\/Kapat\"><span class=\"ez-toc-js-icon-con\"><span class=\"\"><span class=\"eztoc-hide\" style=\"display:none;\">Ge\u00e7i\u015f<\/span><span class=\"ez-toc-icon-toggle-span\"><svg style=\"fill: #999;color:#999\" xmlns=\"http:\/\/www.w3.org\/2000\/svg\" class=\"list-377408\" width=\"20px\" height=\"20px\" viewbox=\"0 0 24 24\" fill=\"none\"><path d=\"M6 6H4v2h2V6zm14 0H8v2h12V6zM4 11h2v2H4v-2zm16 0H8v2h12v-2zM4 16h2v2H4v-2zm16 0H8v2h12v-2z\" fill=\"currentColor\"><\/path><\/svg><svg style=\"fill: #999;color:#999\" class=\"arrow-unsorted-368013\" xmlns=\"http:\/\/www.w3.org\/2000\/svg\" width=\"10px\" height=\"10px\" viewbox=\"0 0 24 24\" version=\"1.2\" baseprofile=\"tiny\"><path d=\"M18.2 9.3l-6.2-6.3-6.2 6.3c-.2.2-.3.4-.3.7s.1.5.3.7c.2.2.4.3.7.3h11c.3 0 .5-.1.7-.3.2-.2.3-.5.3-.7s-.1-.5-.3-.7zM5.8 14.7l6.2 6.3 6.2-6.3c.2-.2.3-.5.3-.7s-.1-.5-.3-.7c-.2-.2-.4-.3-.7-.3h-11c-.3 0-.5.1-.7.3-.2.2-.3.5-.3.7s.1.5.3.7z\"\/><\/svg><\/span><\/span><\/span><\/a><\/span><\/div>\n<nav><ul class='ez-toc-list ez-toc-list-level-1 eztoc-toggle-hide-by-default' ><li class='ez-toc-page-1 ez-toc-heading-level-2'><a class=\"ez-toc-link ez-toc-heading-1\" href=\"https:\/\/moverdb.com\/tr\/shipping-to-singapore\/#Shipping_to_Singapore_From_The_US\" >ABD'den Singapur'a Nakliye<\/a><\/li><li class='ez-toc-page-1 ez-toc-heading-level-2'><a class=\"ez-toc-link ez-toc-heading-2\" href=\"https:\/\/moverdb.com\/tr\/shipping-to-singapore\/#Shipping_to_Singapore_From_The_UK\" >Birle\u015fik Krall\u0131k'tan Singapur'a Nakliye<\/a><\/li><li class='ez-toc-page-1 ez-toc-heading-level-2'><a class=\"ez-toc-link ez-toc-heading-3\" href=\"https:\/\/moverdb.com\/tr\/shipping-to-singapore\/#Shipping_to_Singapore_From_Australia\" >Avustralya'dan Singapur'a Nakliye<\/a><\/li><li class='ez-toc-page-1 ez-toc-heading-level-2'><a class=\"ez-toc-link ez-toc-heading-4\" href=\"https:\/\/moverdb.com\/tr\/shipping-to-singapore\/#Shipping_to_Singapore_From_Canada\" >Kanada'dan Singapur'a Nakliye<\/a><\/li><li class='ez-toc-page-1 ez-toc-heading-level-2'><a class=\"ez-toc-link ez-toc-heading-5\" href=\"https:\/\/moverdb.com\/tr\/shipping-to-singapore\/#Shipping_to_Singapore_From_France\" >Fransa'dan Singapur'a Nakliye<\/a><\/li><li class='ez-toc-page-1 ez-toc-heading-level-2'><a class=\"ez-toc-link ez-toc-heading-6\" href=\"https:\/\/moverdb.com\/tr\/shipping-to-singapore\/#Shipping_to_Singapore_From_Hong_Kong\" >Hong Kong'dan Singapur'a Nakliye<\/a><\/li><li class='ez-toc-page-1 ez-toc-heading-level-2'><a class=\"ez-toc-link ez-toc-heading-7\" href=\"https:\/\/moverdb.com\/tr\/shipping-to-singapore\/#Shipping_to_Singapore_From_New_Zealand\" >Yeni Zelanda'dan Singapur'a Nakliye<\/a><\/li><li class='ez-toc-page-1 ez-toc-heading-level-2'><a class=\"ez-toc-link ez-toc-heading-8\" href=\"https:\/\/moverdb.com\/tr\/shipping-to-singapore\/#Shipping_to_Singapore_From_the_Philippines\" >Filipinler'den Singapur'a Nakliye<\/a><\/li><li class='ez-toc-page-1 ez-toc-heading-level-2'><a class=\"ez-toc-link ez-toc-heading-9\" href=\"https:\/\/moverdb.com\/tr\/shipping-to-singapore\/#Singapore_Import_Duties_Taxes\" >Singapur \u0130thalat Vergileri ve Har\u00e7lar\u0131<\/a><\/li><li class='ez-toc-page-1 ez-toc-heading-level-2'><a class=\"ez-toc-link ez-toc-heading-10\" href=\"https:\/\/moverdb.com\/tr\/shipping-to-singapore\/#Restricted_Items_in_Singapore\" >Singapur'da K\u0131s\u0131tl\u0131 \u00dcr\u00fcnler<\/a><\/li><li class='ez-toc-page-1 ez-toc-heading-level-2'><a class=\"ez-toc-link ez-toc-heading-11\" href=\"https:\/\/moverdb.com\/tr\/shipping-to-singapore\/#Other_Useful_Guides_to_Singapore\" >Singapur i\u00e7in Faydal\u0131 Di\u011fer Rehberler<\/a><\/li><\/ul><\/nav><\/div>\n<h2><span class=\"ez-toc-section\" id=\"Shipping_to_Singapore_From_The_US\"><\/span>ABD'den Singapur'a Nakliye<span class=\"ez-toc-section-end\"><\/span><\/h2>\n<p><strong><a href=\"https:\/\/moverdb.com\/tr\/container-shipping\/\" data-internallinksmanager029f6b8e52c=\"3\" title=\"Uluslararas\u0131 Konteyner Nakliye Fiyatlar\u0131 Tablosu: Nisan 2026\">Konteyner Nakliye Maliyetleri<\/a> Kimden <a href=\"https:\/\/moverdb.com\/tr\/los-angelese-tasinma\/\">Los Angeles<\/a><\/strong><\/p>\n<ul>\n<li> 20ft Konteyner: $750 - $830<\/li>\n<li> 40ft Konteyner: $1,120 - $1,235<\/li>\n<\/ul>\n<p><strong>Konteyner Nakliye Maliyetleri <a href=\"https:\/\/moverdb.com\/tr\/newce-tasinmak\/\">New York<\/a><\/strong><\/p>\n<ul>\n<li> 20ft Konteyner: $975 - $1,080<\/li>\n<li> 40ft Konteyner: $1,460 - $1,610<\/li>\n<\/ul>\n<p><strong>Koli G\u00f6nderim Maliyetleri<\/strong><\/p>\n<ul>\n<li> \u0130lk 0,5 kg: $11,80+<\/li>\n<li> Her ilave 0,5 kg: $3,25+<\/li>\n<\/ul>\n<p><em>Kaynak:<\/em> <a href=\"http:\/\/comgateway.com\/ship-to-Singapore\/\" target=\"_blank\" rel=\"noopener noreferrer\">comGateway<\/a><\/p>\n<p><strong>Nakliye S\u00fcreleri<\/strong><\/p>\n<ul>\n<li> <strong>Hava:<\/strong> 1-3 g\u00fcn<\/li>\n<li> <strong>Deniz:<\/strong> Yakla\u015f\u0131k 1 ay<\/li>\n<\/ul>\n<h2><span class=\"ez-toc-section\" id=\"Shipping_to_Singapore_From_The_UK\"><\/span>Birle\u015fik Krall\u0131k'tan Singapur'a Nakliye<span class=\"ez-toc-section-end\"><\/span><\/h2>\n<p><strong>Konteyner Nakliye Maliyetleri <a href=\"https:\/\/moverdb.com\/tr\/moving-to-london\/\">Londra<\/a><\/strong><\/p>\n<ul>\n<li> 20ft Konteyner: \u00a3895 - \u00a31,000<\/li>\n<li> 40ft Konteyner: \u00a31,340 - \u00a31,480<\/li>\n<\/ul>\n<p><strong>Koli G\u00f6nderim Maliyetleri<\/strong><\/p>\n<ul>\n<li> 1 kg'a kadar: \u00a320,12+<\/li>\n<li> 20 kg'a kadar: \u00a387,31+<\/li>\n<\/ul>\n<p><em>Kaynak:<\/em> <a href=\"https:\/\/www.transglobalexpress.co.uk\/parcel-to\/singapore\/\" target=\"_blank\" rel=\"noopener noreferrer\">Transglobal Express<\/a><\/p>\n<p><strong>Nakliye S\u00fcreleri<\/strong><\/p>\n<ul>\n<li> <strong>Hava:<\/strong> 1-3 g\u00fcn<\/li>\n<li> <strong>Deniz:<\/strong> Yakla\u015f\u0131k 1 ay<\/li>\n<\/ul>\n<h2><span class=\"ez-toc-section\" id=\"Shipping_to_Singapore_From_Australia\"><\/span>Avustralya'dan Singapur'a Nakliye<span class=\"ez-toc-section-end\"><\/span><\/h2>\n<p><strong>Konteyner Nakliye Maliyetleri <a href=\"https:\/\/moverdb.com\/tr\/sydneye-tasinmak\/\">Sidney<\/a><\/strong><\/p>\n<ul>\n<li> 20ft Konteyner: $980 - $1,080 AUD<\/li>\n<li> 40ft Konteyner: $1,470 - $1,620 AUD<\/li>\n<\/ul>\n<p><strong>Koli G\u00f6nderim Maliyetleri<\/strong><\/p>\n<ul>\n<li> K\u00fc\u00e7\u00fck el \u00e7antas\u0131 (500 g'a kadar): $22.26+<\/li>\n<li> Kutu (5 kg'a kadar): $81.73+<\/li>\n<\/ul>\n<p><em>Kaynak:<\/em> <a href=\"https:\/\/auspost.com.au\/parcels-mail\/calculate-postage-delivery-times\/#\/\" target=\"_blank\" rel=\"noopener noreferrer\">Avustralya Postas\u0131<\/a><\/p>\n<p><strong>Nakliye S\u00fcreleri<\/strong><\/p>\n<ul>\n<li> <strong>Hava:<\/strong> 1-3 g\u00fcn<\/li>\n<li> <strong>Deniz:<\/strong> Yakla\u015f\u0131k 20 g\u00fcn<\/li>\n<\/ul>\n<h2><span class=\"ez-toc-section\" id=\"Shipping_to_Singapore_From_Canada\"><\/span>Kanada'dan Singapur'a Nakliye<span class=\"ez-toc-section-end\"><\/span><\/h2>\n<p><strong>Konteyner Nakliye Maliyetleri <a href=\"https:\/\/moverdb.com\/tr\/moving-to-canada\/moving-to-montreal\/\" data-internallinksmanager029f6b8e52c=\"410\" title=\"Montreal&#039;e mi ta\u015f\u0131n\u0131yorsunuz? 2026 Ya\u015fam Maliyetleri &amp; Yer De\u011fi\u015ftirme \u0130pu\u00e7lar\u0131\">Montreal<\/a><\/strong><\/p>\n<ul>\n<li> 20ft Konteyner: $1,640 - $1,800 CAD<\/li>\n<li> 40ft Konteyner: $2,440 - $2,700 CAD<\/li>\n<\/ul>\n<p><strong>Konteyner Nakliye Maliyetleri <a href=\"https:\/\/moverdb.com\/tr\/moving-to-canada\/moving-to-vancouver\/\" data-internallinksmanager029f6b8e52c=\"438\" title=\"Vancouver&#039;a m\u0131 ta\u015f\u0131n\u0131yorsunuz? 2026 Ya\u015fam Maliyetleri ve Yer De\u011fi\u015ftirme \u0130pu\u00e7lar\u0131\">Vancouver<\/a><\/strong><\/p>\n<ul>\n<li> 20ft Konteyner: $990 - $1,100 CAD<\/li>\n<li> 40ft Konteyner: $1,480 - $1,630 CAD<\/li>\n<\/ul>\n<p><strong>Koli G\u00f6nderim Maliyetleri<\/strong><\/p>\n<ul>\n<li> 1kg: $20.29 - $105.44+<\/li>\n<li> 10kg: $139.85 - $412.93+<\/li>\n<\/ul>\n<p><em>Kaynak:<\/em> <a href=\"https:\/\/www.canadapost.ca\/cpotools\/apps\/far\/personal\/farInt\" target=\"_blank\" rel=\"noopener noreferrer\">Kanada Postas\u0131<\/a><\/p>\n<p><strong>Nakliye S\u00fcreleri<\/strong><\/p>\n<ul>\n<li> <strong>Hava:<\/strong> 1-3 g\u00fcn<\/li>\n<li> <strong>Deniz:<\/strong> Yakla\u015f\u0131k 1 ay<\/li>\n<\/ul>\n<h2><span class=\"ez-toc-section\" id=\"Shipping_to_Singapore_From_France\"><\/span>Fransa'dan Singapur'a Nakliye<span class=\"ez-toc-section-end\"><\/span><\/h2>\n<p><strong>Marsilya'dan Konteyner Nakliye Maliyetleri<\/strong><\/p>\n<ul>\n<li> 20ft Konteyner: \u20ac740 - \u20ac820<\/li>\n<li> 40ft Konteyner: \u20ac1,100 - \u20ac1,220<\/li>\n<\/ul>\n<p><strong>Nakliye S\u00fcreleri<\/strong><\/p>\n<ul>\n<li> <strong>Hava:<\/strong> 1-3 g\u00fcn<\/li>\n<li> <strong>Deniz:<\/strong> Yakla\u015f\u0131k 1 ay<\/li>\n<\/ul>\n<h2><span class=\"ez-toc-section\" id=\"Shipping_to_Singapore_From_Hong_Kong\"><\/span>Hong Kong'dan Singapur'a Nakliye<span class=\"ez-toc-section-end\"><\/span><\/h2>\n<p><strong>Konteyner Nakliye Maliyetleri<\/strong><\/p>\n<ul>\n<li> 20ft Konteyner: $1,820 - $2,010 HKD<\/li>\n<li> 40ft Konteyner: $1,860 - $2,060 HKD<\/li>\n<\/ul>\n<p><strong>Nakliye S\u00fcreleri<\/strong><\/p>\n<ul>\n<li> <strong>Hava:<\/strong> 1-2 g\u00fcn<\/li>\n<li> <strong>Deniz:<\/strong> Yakla\u015f\u0131k 12 g\u00fcn<\/li>\n<\/ul>\n<h2><span class=\"ez-toc-section\" id=\"Shipping_to_Singapore_From_New_Zealand\"><\/span>Yeni Zelanda'dan Singapur'a Nakliye<span class=\"ez-toc-section-end\"><\/span><\/h2>\n<p><strong>Auckland'dan Konteyner Nakliye Maliyetleri<\/strong><\/p>\n<ul>\n<li> 20ft Konteyner: $1,860 - $2,050 NZD<\/li>\n<li> 40ft Konteyner: $2,775 - $3,070 NZD<\/li>\n<\/ul>\n<p><strong>Nakliye S\u00fcreleri<\/strong><\/p>\n<ul>\n<li> <strong>Hava:<\/strong> 1-3 g\u00fcn<\/li>\n<li> <strong>Deniz:<\/strong> Yakla\u015f\u0131k 23 g\u00fcn<\/li>\n<\/ul>\n<h2><span class=\"ez-toc-section\" id=\"Shipping_to_Singapore_From_the_Philippines\"><\/span>Filipinler'den Singapur'a Nakliye<span class=\"ez-toc-section-end\"><\/span><\/h2>\n<p><strong>Manila'dan Konteyner Nakliye Maliyetleri<\/strong><\/p>\n<ul>\n<li> 20ft Konteyner: \u20b118,300 - \u20b120,255<\/li>\n<li> 40ft Konteyner: \u20b127,350 - \u20b130,230<\/li>\n<\/ul>\n<p><strong>Nakliye S\u00fcreleri<\/strong><\/p>\n<ul>\n<li> <strong>Hava:<\/strong> 1-3 g\u00fcn<\/li>\n<li> <strong>Deniz:<\/strong> Yakla\u015f\u0131k 12 g\u00fcn<\/li>\n<\/ul>\n<p>Konteyner nakliye maliyeti verileri, mallar\u0131n\u0131z\u0131n deniz yoluyla g\u00f6nderilmesine dayan\u0131r ve bizim <a href=\"https:\/\/moverdb.com\/tr\/konteyner-tasimaciligi\/\">uluslararas\u0131 konteyner nakliye \u00fccretleri<\/a> sayfa ve <a href=\"http:\/\/worldfreightrates.com\" target=\"_blank\" rel=\"noopener noreferrer\">WorldFreightRates.com<\/a>, Hava kargo s\u00fcreleri \u015furadan gelir <a href=\"https:\/\/wwwapps.ups.com\/fctc\/timeandcost\" target=\"_blank\" rel=\"noopener noreferrer\">UPS Zaman ve Maliyet Hesaplay\u0131c\u0131<\/a>ve Deniz nakliye s\u00fcreleri \u015furadan gelir <a href=\"https:\/\/www.searates.com\" target=\"_blank\" rel=\"noopener noreferrer\">SeaRates.com<\/a>.<\/p>\n<h2><span class=\"ez-toc-section\" id=\"Singapore_Import_Duties_Taxes\"><\/span>Singapur \u0130thalat Vergileri ve Har\u00e7lar\u0131<span class=\"ez-toc-section-end\"><\/span><\/h2>\n<p>Ev e\u015fyalar\u0131n\u0131 ve ki\u015fisel e\u015fyalar\u0131 \u015fu adrese g\u00f6nderiyorsan\u0131z <a href=\"https:\/\/moverdb.com\/tr\/moving-to-singapore\/\" data-internallinksmanager029f6b8e52c=\"68\" title=\"Singapur&#039;a m\u0131 Ta\u015f\u0131n\u0131yorsunuz? 2026 Ya\u015fam Maliyetleri &amp; Yer De\u011fi\u015ftirme \u0130pu\u00e7lar\u0131\">Singapur<\/a> de\u011feri 400 SGD'den fazla olan \u00fcr\u00fcnler i\u00e7in 7% Mal ve Hizmet Vergisine (GST) tabi olacaks\u0131n\u0131z. Ancak, a\u015fa\u011f\u0131dakiler ge\u00e7erli oldu\u011fu s\u00fcrece indirim i\u00e7in ba\u015fvurabilirsiniz:<\/p>\n<blockquote><p>Kullan\u0131lm\u0131\u015f ev e\u015fyalar\u0131 ve ki\u015fisel e\u015fyalar\u0131n ithalat\u0131nda GST indirimi sa\u011flanabilir:<\/p>\n<p>Yurtd\u0131\u015f\u0131nda ikamet eden ve Singapur'da ikamet etmeye devam etmek \u00fczere geri d\u00f6nen Singapurlular ve Singapur'da Daimi \u0130kamet Edenler (PR'ler)<br \/>\n\u0130kametini nakleden veya Singapur'a g\u00f6\u00e7 eden yabanc\u0131lar<\/p>\n<p>GST indirimi a\u015fa\u011f\u0131daki ko\u015fullara tabidir:<\/p>\n<p>S\u00f6z konusu ki\u015finin G\u00fcmr\u00fc\u011f\u00fc \u015fu konuda tatmin etmesi:<\/p>\n<ul>\n<li> \u0130kamet yerini Singapur olarak de\u011fi\u015ftiriyor;<\/li>\n<li> \u0130thal edilen e\u015fyalar\u0131n, ki\u015fisel e\u015fyalar\u0131n ve ki\u015fisel evcil hayvan\u0131n sahibidir;<\/li>\n<li> E\u015fyalar\u0131n ve ki\u015fisel e\u015fyalar\u0131n en az 3 ayd\u0131r kendi m\u00fclkiyetinde ve kullan\u0131m\u0131nda olmas\u0131; ve<\/li>\n<li> E\u015fyalar ve ki\u015fisel e\u015fyalar hava veya deniz yoluyla ithal edilmektedir.<\/li>\n<li> E\u015fyalar, ki\u015fisel e\u015fyalar ve ki\u015fisel evcil hayvanlar, Singapur'a ilk geli\u015finden itibaren 6 ay i\u00e7inde ithal edilir.<\/li>\n<li> \u0130thalat tarihinden itibaren 3 ay i\u00e7inde e\u015fyalar\u0131 ve ki\u015fisel e\u015fyalar\u0131 elden \u00e7\u0131karmayaca\u011f\u0131na dair bir taahh\u00fctname verilir.<\/li>\n<\/ul>\n<p>Geri d\u00f6nen Singapurlular ve PR'ler i\u00e7in, bu GST indirimine hak kazanmak i\u00e7in yabanc\u0131 bir \u00fclkede 6 aydan fazla ikamet etmi\u015f olmalar\u0131 gerekir.<\/p><\/blockquote>\n<p><strong>Kaynak:<\/strong> <a href=\"https:\/\/www.customs.gov.sg\/businesses\/importing-goods\/import-procedures\/importing-used-household-articles-and-personal-effects\" target=\"_blank\" rel=\"noopener noreferrer\">Singapur G\u00fcmr\u00fc\u011f\u00fc<\/a><\/p>\n<p>L\u00fctfen unutmay\u0131n ki <a href=\"https:\/\/www.customs.gov.sg\/businesses\/valuation-duties-taxes--fees\/duties-and-dutiable-goods\" target=\"_blank\" rel=\"noopener noreferrer\">g\u00fcmr\u00fc\u011fe tabi mallar\u0131n 4 kategorisi vard\u0131r<\/a> (GST indirimi i\u00e7in uygun de\u011fildir):<\/p>\n<ul>\n<li> Sarho\u015f edici lik\u00f6rler: \u0130ki form\u00fclden birine dayan\u0131r: <em>\u00d6denecek vergi = Litre cinsinden toplam miktar x G\u00fcmr\u00fck ve\/veya \u00f6zel t\u00fcketim vergisi oran\u0131 x Alkol derecesinin y\u00fczdesi<\/em> <strong>veya<\/strong><em> \u00d6denecek g\u00fcmr\u00fck vergisi = Kilogram cinsinden toplam g\u00fcmr\u00fcklenebilir miktar x G\u00fcmr\u00fck vergisi oran\u0131<\/em>.<\/li>\n<li> T\u00fct\u00fcn \u00fcr\u00fcnleri - <em>Sigara:<\/em> \u00d6denecek vergi = Toplam \u00e7ubuk say\u0131s\u0131 x Tek tek \u00e7ubuklar\u0131n a\u011f\u0131rl\u0131\u011f\u0131 (her gram veya bir k\u0131sm\u0131) x \u00d6zel T\u00fcketim Vergisi oran\u0131 - <em>di\u011fer t\u00fcm t\u00fct\u00fcn \u00fcr\u00fcnleri:<\/em> \u00d6denecek vergi = Toplam a\u011f\u0131rl\u0131k (kilogram olarak) x \u00d6zel t\u00fcketim vergisi oran\u0131<\/li>\n<li> Otomobiller ve Motorlu Ta\u015f\u0131tlar - <em>\u00d6denecek g\u00fcmr\u00fck vergisi = G\u00fcmr\u00fck de\u011feri x \u00d6zel t\u00fcketim vergisi oran\u0131<\/em>binek ve klasik otomobiller i\u00e7in \u00f6zel t\u00fcketim vergisi oran\u0131 <strong>20%<\/strong> motosikletler ve scooterlar i\u00e7in \u00f6zel t\u00fcketim vergisi oran\u0131 ise <strong>12%<\/strong>.<\/li>\n<li> Petrol \u00fcr\u00fcnleri ve biyodizel kar\u0131\u015f\u0131mlar\u0131 - Petrol \u00fcr\u00fcnleri: <em>\u00d6denecek vergi = Toplam hacim x \u00d6zel t\u00fcketim vergisi oran\u0131<\/em>, S\u0131k\u0131\u015ft\u0131r\u0131lm\u0131\u015f do\u011fal gaz (Cng): <em>\u00d6denecek vergi = Toplam a\u011f\u0131rl\u0131k x \u00d6zel t\u00fcketim vergisi oran\u0131<\/em>, Biyodizel kar\u0131\u015f\u0131m\u0131 \u00d6denecek vergiler = <em>Dizel hacmi x \u00d6zel t\u00fcketim vergisi oran\u0131<\/em>.<\/li>\n<\/ul>\n<p>T\u00fcm ayr\u0131nt\u0131lar i\u00e7in Singapur G\u00fcmr\u00fcklerine bak\u0131n\u0131z <a href=\"https:\/\/www.customs.gov.sg\/businesses\/importing-goods\/import-procedures\" target=\"_blank\" rel=\"noopener noreferrer\">\u0130thalat Prosed\u00fcrleri burada<\/a>.<\/p>\n<h2><span class=\"ez-toc-section\" id=\"Restricted_Items_in_Singapore\"><\/span>Singapur'da K\u0131s\u0131tl\u0131 \u00dcr\u00fcnler<span class=\"ez-toc-section-end\"><\/span><\/h2>\n<p>A\u015fa\u011f\u0131daki maddeler Singapur G\u00fcmr\u00fc\u011f\u00fc taraf\u0131ndan yasakl\u0131 ve\/veya kontroll\u00fc olarak listelenmi\u015ftir (<a href=\"https:\/\/www.customs.gov.sg\/individuals\/going-through-customs\/arrival\/prohibited-and-controlled-goods\" target=\"_blank\" rel=\"noopener noreferrer\">web sitesine bak\u0131n<\/a> t\u00fcm ayr\u0131nt\u0131lar i\u00e7in):<\/p>\n<ul>\n<li> Sak\u0131z (Sa\u011fl\u0131k Bilimleri Kurumu taraf\u0131ndan onaylanm\u0131\u015f a\u011f\u0131z di\u015f ve ila\u00e7l\u0131 sak\u0131zlar hari\u00e7)<\/li>\n<li> \u00c7i\u011fneme t\u00fct\u00fcn\u00fc ve taklit t\u00fct\u00fcn \u00fcr\u00fcnleri (\u00f6rne\u011fin, elektronik sigaralar)<\/li>\n<li> Nargile<\/li>\n<li> Dumans\u0131z purolar, dumans\u0131z sigarillolar veya dumans\u0131z sigaralar<\/li>\n<li> \u00c7\u00f6z\u00fcnebilir t\u00fct\u00fcn veya nikotin<\/li>\n<li> Nikotin veya t\u00fct\u00fcn i\u00e7eren ve topikal olarak, implant yoluyla veya v\u00fccudun herhangi bir yerine enjekte edilerek kullan\u0131labilen her t\u00fcrl\u00fc \u00fcr\u00fcn.<\/li>\n<li> Elektronik nikotin da\u011f\u0131t\u0131m sistemi veya buharla\u015ft\u0131r\u0131c\u0131larla kullan\u0131lmas\u0131 ama\u00e7lanan, t\u00fct\u00fcn veya nikotinin bir bile\u015fen oldu\u011fu herhangi bir \u00e7\u00f6zelti veya madde.<\/li>\n<li> Burun enfiyesi (1 A\u011fustos 2016 tarihinden itibaren ge\u00e7erli olmak \u00fczere)<\/li>\n<li> Oral enfiye (1 A\u011fustos 2016 tarihinden itibaren ge\u00e7erli olmak \u00fczere)<\/li>\n<li> Gutkha, khaini ve zarda (1 A\u011fustos 2016 tarihinden itibaren ge\u00e7erli olmak \u00fczere)<\/li>\n<li> Tabanca veya revolver \u015feklinde sigara \u00e7akmaklar\u0131<\/li>\n<p>Kontr<\/p>\n<li> uyu\u015fturucu ve psikotrop maddeler<\/li>\n<li> Nesli t\u00fckenmekte olan yaban hayat\u0131 t\u00fcrleri ve bunlar\u0131n yan \u00fcr\u00fcnleri<\/li>\n<li> Havai Fi\u015fekler<\/li>\n<li> M\u00fcstehcen makaleler, yay\u0131nlar ve video kasetler\/diskler<\/li>\n<li> Telif hakk\u0131 olan yay\u0131nlar\u0131n, yaz\u0131l\u0131mlar\u0131n, video kasetlerin, video kompakt disklerin, lazer disklerin, plaklar\u0131n veya kasetlerin \u00e7o\u011falt\u0131lmas\u0131<\/li>\n<li> K\u0131\u015fk\u0131rt\u0131c\u0131 ve haince materyaller<\/li>\n<\/ul>\n<p>Ba\u015fka herhangi bir \u00fcr\u00fcn hakk\u0131nda emin de\u011filseniz, l\u00fctfen \u00fcr\u00fcnlerinizi g\u00f6ndermeden \u00f6nce onlarla g\u00f6r\u00fc\u015f\u00fcn.<\/p>\n<h2><span class=\"ez-toc-section\" id=\"Other_Useful_Guides_to_Singapore\"><\/span>Singapur i\u00e7in Faydal\u0131 Di\u011fer Rehberler<span class=\"ez-toc-section-end\"><\/span><\/h2>\n<ul>\n<li> <a href=\"https:\/\/moverdb.com\/tr\/konteyner-tasimaciligi\/singapur\/\">2024 Singapur'a ve Singapur'dan Deniz Ta\u015f\u0131mac\u0131l\u0131\u011f\u0131 Konteyner Nakliye Fiyatlar\u0131<\/a><\/li>\n<li> <a href=\"https:\/\/moverdb.com\/tr\/tasinma-si%cc%87rketleri%cc%87\/moving-companies-singapore\/\">Singapur'daki En \u0130yi 22 Uluslararas\u0131 Nakliye \u015eirketi<\/a><\/li>\n<li> <a href=\"https:\/\/moverdb.com\/tr\/si%cc%87ngapura-gonderi%cc%87m\/\">Singapur'a Nakliye: Bilmeniz Gerekenler<\/a><\/li>\n<li> <a href=\"https:\/\/moverdb.com\/tr\/singapura-tasinmak\/\">Singapur'a m\u0131 ta\u015f\u0131n\u0131yorsunuz? 2024 Ya\u015fam Maliyetleri &amp; Yer De\u011fi\u015ftirme \u0130pu\u00e7lar\u0131<\/a><\/li>\n<li> <a href=\"https:\/\/moverdb.com\/tr\/singapura-tasinmak\/best-places-to-live-singapore\/\">Singapur'da Ya\u015fanacak En \u0130yi 12 Yer<\/a><\/li>\n<li> <a href=\"https:\/\/moverdb.com\/tr\/singapura-tasinmak\/living-in-singapore\/\">Ta\u015f\u0131nmadan \u00d6nce Singapur'da Ya\u015famak Hakk\u0131nda Bilmeniz Gereken 21 S\u0131r<\/a><\/li>\n<li> <a href=\"https:\/\/moverdb.com\/tr\/singapura-tasinmak\/moving-to-singapore-from-the-united-states\/\">Amerika Birle\u015fik Devletleri'nden Singapur'a Ta\u015f\u0131nma<\/a><\/li>\n<\/ul>","protected":false},"excerpt":{"rendered":"<p>Whether you&#8217;re moving to Singapore or just looking to ship a few parcels, we can help you find the best shipping deals from the US, UK, Australia, Canada, France, Hong Kong, New Zealand, Philippines and most other countries around the world. You can get started by using the free quote form above. Shipping to Singapore [&hellip;]<\/p>\n","protected":false},"author":1,"featured_media":2676,"parent":0,"menu_order":0,"comment_status":"closed","ping_status":"closed","template":"","meta":{"_genesis_hide_title":false,"_genesis_hide_breadcrumbs":false,"_genesis_hide_singular_image":false,"_genesis_hide_footer_widgets":false,"_genesis_custom_body_class":"","_genesis_custom_post_class":"","_genesis_layout":"","footnotes":""},"class_list":{"0":"post-2675","1":"page","2":"type-page","3":"status-publish","4":"has-post-thumbnail","6":"entry"},"_links":{"self":[{"href":"https:\/\/moverdb.com\/tr\/wp-json\/wp\/v2\/pages\/2675","targetHints":{"allow":["GET"]}}],"collection":[{"href":"https:\/\/moverdb.com\/tr\/wp-json\/wp\/v2\/pages"}],"about":[{"href":"https:\/\/moverdb.com\/tr\/wp-json\/wp\/v2\/types\/page"}],"author":[{"embeddable":true,"href":"https:\/\/moverdb.com\/tr\/wp-json\/wp\/v2\/users\/1"}],"replies":[{"embeddable":true,"href":"https:\/\/moverdb.com\/tr\/wp-json\/wp\/v2\/comments?post=2675"}],"version-history":[{"count":17,"href":"https:\/\/moverdb.com\/tr\/wp-json\/wp\/v2\/pages\/2675\/revisions"}],"predecessor-version":[{"id":16941,"href":"https:\/\/moverdb.com\/tr\/wp-json\/wp\/v2\/pages\/2675\/revisions\/16941"}],"wp:featuredmedia":[{"embeddable":true,"href":"https:\/\/moverdb.com\/tr\/wp-json\/wp\/v2\/media\/2676"}],"wp:attachment":[{"href":"https:\/\/moverdb.com\/tr\/wp-json\/wp\/v2\/media?parent=2675"}],"curies":[{"name":"wp","href":"https:\/\/api.w.org\/{rel}","templated":true}]}}